{"id":9406,"date":"2022-08-30T10:34:44","date_gmt":"2022-08-30T10:34:44","guid":{"rendered":"https:\/\/discotelsisal.com\/product\/discos-de-tela-mista\/"},"modified":"2023-12-05T15:22:26","modified_gmt":"2023-12-05T15:22:26","slug":"rodas-de-lamelas-de-lixa-mistas-nwf","status":"publish","type":"product","link":"https:\/\/discotelsisal.com\/pt-pt\/product\/rodas-de-lamelas-de-lixa-mistas-nwf\/","title":{"rendered":"RODAS DE LAMELAS DE LIXA MISTAS NWF"},"content":{"rendered":"<div class=\"wpb-content-wrapper\"><p>[vc_row disable_background_image=&#8221;&#8221;][vc_column]<div class=\"mkdf-accordion-holder mkdf-ac-default Ficha de dados mkdf-toggle mkdf-ac-boxed  clearfix\">\n\t<h5 class=\"mkdf-accordion-title\">\n    <span class=\"mkdf-accordion-mark\">\n\t\t<span class=\"mkdf_icon_plus icon_plus\"><\/span>\n\t\t<span class=\"mkdf_icon_minus icon_minus-06\"><\/span>\n\t<\/span>\n\t<span class=\"mkdf-tab-title\">Ficha de dados<\/span>\n<\/h5>\n<div class=\"mkdf-accordion-content\">\n\t<div class=\"mkdf-accordion-content-inner\">\n\t\t<div class=\"mkdf-elements-holder   mkdf-one-column  mkdf-responsive-mode-768 \" ><div class=\"mkdf-eh-item    \"  data-item-class=\"mkdf-eh-custom-3970\">\n\t<div class=\"mkdf-eh-item-inner\">\n\t\t<div class=\"mkdf-eh-item-content mkdf-eh-custom-3970\" >\n\t\t\t<a itemprop=\"url\" href=\"https:\/\/discotelsisal.com\/wp-content\/uploads\/2021\/07\/RUOTE-MISTE-TELA.jpg\" target=\"_blank\" style=\"color: #056133;border-color: #056133\" class=\"mkdf-btn mkdf-btn-medium mkdf-btn-outline\"  >\n            <span class=\"mkdf-btn-text\">Data Sheet EMERY CLOTH INTERLEAF FLAP WHEELS<\/span>\n        <i class=\"mkdf-icon-dripicons dripicon  \" ><\/i>    <\/a>\t\t<\/div>\n\t<\/div>\n<\/div><\/div>\t<\/div>\n<\/div><h5 class=\"mkdf-accordion-title\">\n    <span class=\"mkdf-accordion-mark\">\n\t\t<span class=\"mkdf_icon_plus icon_plus\"><\/span>\n\t\t<span class=\"mkdf_icon_minus icon_minus-06\"><\/span>\n\t<\/span>\n\t<span class=\"mkdf-tab-title\">Ficha de dados de seguran\u00e7a<\/span>\n<\/h5>\n<div class=\"mkdf-accordion-content\">\n\t<div class=\"mkdf-accordion-content-inner\">\n\t\t<div class=\"mkdf-elements-holder   mkdf-one-column  mkdf-responsive-mode-768 \" ><div class=\"mkdf-eh-item    \"  data-item-class=\"mkdf-eh-custom-1476\">\n\t<div class=\"mkdf-eh-item-inner\">\n\t\t<div class=\"mkdf-eh-item-content mkdf-eh-custom-1476\" >\n\t\t\t<a itemprop=\"url\" href=\"https:\/\/discotelsisal.com\/wp-content\/uploads\/2023\/10\/DISCOTELSISAL-MSDS-MW-TA-NWF-ENG.pdf\" target=\"_blank\" style=\"color: #056133;border-color: #056133\" class=\"mkdf-btn mkdf-btn-medium mkdf-btn-outline\"  >\n            <span class=\"mkdf-btn-text\">Safety Data Sheet MSDS - MW TA-TNT<\/span>\n        <i class=\"mkdf-icon-dripicons dripicon  \" ><\/i>    <\/a>\t\t<\/div>\n\t<\/div>\n<\/div><\/div>\t<\/div>\n<\/div><\/div>[\/vc_column][\/vc_row]<\/p>\n<\/div>","protected":false},"excerpt":{"rendered":"<p>Estas rodas s\u00e3o particularmente adequadas para trabalhos de remo\u00e7\u00e3o ou prepara\u00e7\u00e3o para o acabamento ou acetinado em qualquer tipo de \u2028metal.<br \/>\nEstas rodas s\u00e3o utilizadas principalmente para a lixagem de madeira em bruto ou de folheados onde h\u00e1 necessidade de aparar as fibras.<br \/>\nDevido \u00e0 dureza particular da tela, o tempo de moldagem \u00e9 maior que com as lamelas normais, por conseguinte, \u00e9 recomend\u00e1vel a sua utiliza\u00e7\u00e3o em pe\u00e7as planas ou ligeiramente moldadas.<\/p>\n<p><strong> VANTAGENS<\/strong><br \/>\n\u2022 Leve remo\u00e7\u00e3o em todos os tipos de metais<br \/>\n\u2022 Prepara\u00e7\u00e3o para as opera\u00e7\u00f5es subsequentes de acabamento de metais<br \/>\n\u2022 Remo\u00e7\u00e3o de soldaduras em metais<br \/>\n\u2022 Lixagem de madeira em bruto<br \/>\n\u2022 Lixagem de MDF<br \/>\n\u2022 Lixagem de prim\u00e1rio \u00e0 base de \u00e1gua<br \/>\n\u2022 Remo\u00e7\u00e3o de \u00f3xido de superf\u00edcie PCB<\/p>\n","protected":false},"featured_media":8433,"template":"","meta":[],"product_brand":[],"product_cat":[282,242],"product_tag":[244,239],"class_list":{"0":"post-9406","1":"product","2":"type-product","3":"status-publish","4":"has-post-thumbnail","6":"product_cat-rodas-de-lamelas-de-lixa-mistas-nwf","7":"product_cat-rodas-de-lamelas-mistas","8":"product_tag-combi-wheels-pt-pt","9":"product_tag-discotelsisal-pt-pt","11":"first","12":"instock","13":"shipping-taxable","14":"product-type-simple"},"yoast_head":"<!-- This site is optimized with the Yoast SEO plugin v27.3 - https:\/\/yoast.com\/product\/yoast-seo-wordpress\/ -->\n<title>RODAS DE LAMELAS DE LIXA MISTAS NWF - Discotelsisal<\/title>\n<meta name=\"robots\" content=\"index, follow, max-snippet:-1, max-image-preview:large, max-video-preview:-1\" \/>\n<link rel=\"canonical\" href=\"https:\/\/discotelsisal.com\/pt-pt\/product\/rodas-de-lamelas-de-lixa-mistas-nwf\/\" \/>\n<meta property=\"og:locale\" content=\"pt_PT\" \/>\n<meta property=\"og:type\" content=\"article\" \/>\n<meta property=\"og:title\" content=\"RODAS DE LAMELAS DE LIXA MISTAS NWF - Discotelsisal\" \/>\n<meta property=\"og:description\" content=\"Estas rodas s\u00e3o particularmente adequadas para trabalhos de remo\u00e7\u00e3o ou prepara\u00e7\u00e3o para o acabamento ou acetinado em qualquer tipo de \u2028metal. Estas rodas s\u00e3o utilizadas principalmente para a lixagem de madeira em bruto ou de folheados onde h\u00e1 necessidade de aparar as fibras. Devido \u00e0 dureza particular da tela, o tempo de moldagem \u00e9 maior que com as lamelas normais, por conseguinte, \u00e9 recomend\u00e1vel a sua utiliza\u00e7\u00e3o em pe\u00e7as planas ou ligeiramente moldadas.   VANTAGENS \u2022 Leve remo\u00e7\u00e3o em todos os tipos de metais \u2022 Prepara\u00e7\u00e3o para as opera\u00e7\u00f5es subsequentes de acabamento de metais \u2022 Remo\u00e7\u00e3o de soldaduras em metais \u2022 Lixagem de madeira em bruto \u2022 Lixagem de MDF \u2022 Lixagem de prim\u00e1rio \u00e0 base de \u00e1gua \u2022 Remo\u00e7\u00e3o de \u00f3xido de superf\u00edcie PCB\" \/>\n<meta property=\"og:url\" content=\"https:\/\/discotelsisal.com\/pt-pt\/product\/rodas-de-lamelas-de-lixa-mistas-nwf\/\" \/>\n<meta property=\"og:site_name\" content=\"Discotelsisal\" \/>\n<meta property=\"article:modified_time\" content=\"2023-12-05T15:22:26+00:00\" \/>\n<meta property=\"og:image\" content=\"https:\/\/discotelsisal.com\/wp-content\/uploads\/2021\/06\/EMERY-CLOTH-INTERLEAF-FLAP-WHEELS-.jpg\" \/>\n\t<meta property=\"og:image:width\" content=\"1000\" \/>\n\t<meta property=\"og:image:height\" content=\"1000\" \/>\n\t<meta property=\"og:image:type\" content=\"image\/jpeg\" \/>\n<meta name=\"twitter:card\" content=\"summary_large_image\" \/>\n<meta name=\"twitter:label1\" content=\"Tempo estimado de leitura\" \/>\n\t<meta name=\"twitter:data1\" content=\"1 minuto\" \/>\n<script type=\"application\/ld+json\" class=\"yoast-schema-graph\">{\"@context\":\"https:\\\/\\\/schema.org\",\"@graph\":[{\"@type\":\"WebPage\",\"@id\":\"https:\\\/\\\/discotelsisal.com\\\/pt-pt\\\/product\\\/rodas-de-lamelas-de-lixa-mistas-nwf\\\/\",\"url\":\"https:\\\/\\\/discotelsisal.com\\\/pt-pt\\\/product\\\/rodas-de-lamelas-de-lixa-mistas-nwf\\\/\",\"name\":\"RODAS DE LAMELAS DE LIXA MISTAS NWF - Discotelsisal\",\"isPartOf\":{\"@id\":\"https:\\\/\\\/discotelsisal.com\\\/pt-pt\\\/#website\"},\"primaryImageOfPage\":{\"@id\":\"https:\\\/\\\/discotelsisal.com\\\/pt-pt\\\/product\\\/rodas-de-lamelas-de-lixa-mistas-nwf\\\/#primaryimage\"},\"image\":{\"@id\":\"https:\\\/\\\/discotelsisal.com\\\/pt-pt\\\/product\\\/rodas-de-lamelas-de-lixa-mistas-nwf\\\/#primaryimage\"},\"thumbnailUrl\":\"https:\\\/\\\/discotelsisal.com\\\/wp-content\\\/uploads\\\/2021\\\/06\\\/EMERY-CLOTH-INTERLEAF-FLAP-WHEELS-.jpg\",\"datePublished\":\"2022-08-30T10:34:44+00:00\",\"dateModified\":\"2023-12-05T15:22:26+00:00\",\"breadcrumb\":{\"@id\":\"https:\\\/\\\/discotelsisal.com\\\/pt-pt\\\/product\\\/rodas-de-lamelas-de-lixa-mistas-nwf\\\/#breadcrumb\"},\"inLanguage\":\"pt-PT\",\"potentialAction\":[{\"@type\":\"ReadAction\",\"target\":[\"https:\\\/\\\/discotelsisal.com\\\/pt-pt\\\/product\\\/rodas-de-lamelas-de-lixa-mistas-nwf\\\/\"]}]},{\"@type\":\"ImageObject\",\"inLanguage\":\"pt-PT\",\"@id\":\"https:\\\/\\\/discotelsisal.com\\\/pt-pt\\\/product\\\/rodas-de-lamelas-de-lixa-mistas-nwf\\\/#primaryimage\",\"url\":\"https:\\\/\\\/discotelsisal.com\\\/wp-content\\\/uploads\\\/2021\\\/06\\\/EMERY-CLOTH-INTERLEAF-FLAP-WHEELS-.jpg\",\"contentUrl\":\"https:\\\/\\\/discotelsisal.com\\\/wp-content\\\/uploads\\\/2021\\\/06\\\/EMERY-CLOTH-INTERLEAF-FLAP-WHEELS-.jpg\",\"width\":1000,\"height\":1000},{\"@type\":\"BreadcrumbList\",\"@id\":\"https:\\\/\\\/discotelsisal.com\\\/pt-pt\\\/product\\\/rodas-de-lamelas-de-lixa-mistas-nwf\\\/#breadcrumb\",\"itemListElement\":[{\"@type\":\"ListItem\",\"position\":1,\"name\":\"Home\",\"item\":\"https:\\\/\\\/discotelsisal.com\\\/pt-pt\\\/\"},{\"@type\":\"ListItem\",\"position\":2,\"name\":\"Shop\",\"item\":\"https:\\\/\\\/discotelsisal.com\\\/?page_id=2671\"},{\"@type\":\"ListItem\",\"position\":3,\"name\":\"RODAS DE LAMELAS DE LIXA MISTAS NWF\"}]},{\"@type\":\"WebSite\",\"@id\":\"https:\\\/\\\/discotelsisal.com\\\/pt-pt\\\/#website\",\"url\":\"https:\\\/\\\/discotelsisal.com\\\/pt-pt\\\/\",\"name\":\"Discotelsisal\",\"description\":\"Sanding Solutions\",\"publisher\":{\"@id\":\"https:\\\/\\\/discotelsisal.com\\\/pt-pt\\\/#organization\"},\"potentialAction\":[{\"@type\":\"SearchAction\",\"target\":{\"@type\":\"EntryPoint\",\"urlTemplate\":\"https:\\\/\\\/discotelsisal.com\\\/pt-pt\\\/?s={search_term_string}\"},\"query-input\":{\"@type\":\"PropertyValueSpecification\",\"valueRequired\":true,\"valueName\":\"search_term_string\"}}],\"inLanguage\":\"pt-PT\"},{\"@type\":\"Organization\",\"@id\":\"https:\\\/\\\/discotelsisal.com\\\/pt-pt\\\/#organization\",\"name\":\"Discotelsisal\",\"url\":\"https:\\\/\\\/discotelsisal.com\\\/pt-pt\\\/\",\"logo\":{\"@type\":\"ImageObject\",\"inLanguage\":\"pt-PT\",\"@id\":\"https:\\\/\\\/discotelsisal.com\\\/pt-pt\\\/#\\\/schema\\\/logo\\\/image\\\/\",\"url\":\"https:\\\/\\\/discotelsisal.com\\\/wp-content\\\/uploads\\\/2021\\\/06\\\/logo-new-resize.png\",\"contentUrl\":\"https:\\\/\\\/discotelsisal.com\\\/wp-content\\\/uploads\\\/2021\\\/06\\\/logo-new-resize.png\",\"width\":644,\"height\":200,\"caption\":\"Discotelsisal\"},\"image\":{\"@id\":\"https:\\\/\\\/discotelsisal.com\\\/pt-pt\\\/#\\\/schema\\\/logo\\\/image\\\/\"}}]}<\/script>\n<!-- \/ Yoast SEO plugin. -->","yoast_head_json":{"title":"RODAS DE LAMELAS DE LIXA MISTAS NWF - Discotelsisal","robots":{"index":"index","follow":"follow","max-snippet":"max-snippet:-1","max-image-preview":"max-image-preview:large","max-video-preview":"max-video-preview:-1"},"canonical":"https:\/\/discotelsisal.com\/pt-pt\/product\/rodas-de-lamelas-de-lixa-mistas-nwf\/","og_locale":"pt_PT","og_type":"article","og_title":"RODAS DE LAMELAS DE LIXA MISTAS NWF - Discotelsisal","og_description":"Estas rodas s\u00e3o particularmente adequadas para trabalhos de remo\u00e7\u00e3o ou prepara\u00e7\u00e3o para o acabamento ou acetinado em qualquer tipo de \u2028metal. Estas rodas s\u00e3o utilizadas principalmente para a lixagem de madeira em bruto ou de folheados onde h\u00e1 necessidade de aparar as fibras. Devido \u00e0 dureza particular da tela, o tempo de moldagem \u00e9 maior que com as lamelas normais, por conseguinte, \u00e9 recomend\u00e1vel a sua utiliza\u00e7\u00e3o em pe\u00e7as planas ou ligeiramente moldadas.   VANTAGENS \u2022 Leve remo\u00e7\u00e3o em todos os tipos de metais \u2022 Prepara\u00e7\u00e3o para as opera\u00e7\u00f5es subsequentes de acabamento de metais \u2022 Remo\u00e7\u00e3o de soldaduras em metais \u2022 Lixagem de madeira em bruto \u2022 Lixagem de MDF \u2022 Lixagem de prim\u00e1rio \u00e0 base de \u00e1gua \u2022 Remo\u00e7\u00e3o de \u00f3xido de superf\u00edcie PCB","og_url":"https:\/\/discotelsisal.com\/pt-pt\/product\/rodas-de-lamelas-de-lixa-mistas-nwf\/","og_site_name":"Discotelsisal","article_modified_time":"2023-12-05T15:22:26+00:00","og_image":[{"width":1000,"height":1000,"url":"https:\/\/discotelsisal.com\/wp-content\/uploads\/2021\/06\/EMERY-CLOTH-INTERLEAF-FLAP-WHEELS-.jpg","type":"image\/jpeg"}],"twitter_card":"summary_large_image","twitter_misc":{"Tempo estimado de leitura":"1 minuto"},"schema":{"@context":"https:\/\/schema.org","@graph":[{"@type":"WebPage","@id":"https:\/\/discotelsisal.com\/pt-pt\/product\/rodas-de-lamelas-de-lixa-mistas-nwf\/","url":"https:\/\/discotelsisal.com\/pt-pt\/product\/rodas-de-lamelas-de-lixa-mistas-nwf\/","name":"RODAS DE LAMELAS DE LIXA MISTAS NWF - Discotelsisal","isPartOf":{"@id":"https:\/\/discotelsisal.com\/pt-pt\/#website"},"primaryImageOfPage":{"@id":"https:\/\/discotelsisal.com\/pt-pt\/product\/rodas-de-lamelas-de-lixa-mistas-nwf\/#primaryimage"},"image":{"@id":"https:\/\/discotelsisal.com\/pt-pt\/product\/rodas-de-lamelas-de-lixa-mistas-nwf\/#primaryimage"},"thumbnailUrl":"https:\/\/discotelsisal.com\/wp-content\/uploads\/2021\/06\/EMERY-CLOTH-INTERLEAF-FLAP-WHEELS-.jpg","datePublished":"2022-08-30T10:34:44+00:00","dateModified":"2023-12-05T15:22:26+00:00","breadcrumb":{"@id":"https:\/\/discotelsisal.com\/pt-pt\/product\/rodas-de-lamelas-de-lixa-mistas-nwf\/#breadcrumb"},"inLanguage":"pt-PT","potentialAction":[{"@type":"ReadAction","target":["https:\/\/discotelsisal.com\/pt-pt\/product\/rodas-de-lamelas-de-lixa-mistas-nwf\/"]}]},{"@type":"ImageObject","inLanguage":"pt-PT","@id":"https:\/\/discotelsisal.com\/pt-pt\/product\/rodas-de-lamelas-de-lixa-mistas-nwf\/#primaryimage","url":"https:\/\/discotelsisal.com\/wp-content\/uploads\/2021\/06\/EMERY-CLOTH-INTERLEAF-FLAP-WHEELS-.jpg","contentUrl":"https:\/\/discotelsisal.com\/wp-content\/uploads\/2021\/06\/EMERY-CLOTH-INTERLEAF-FLAP-WHEELS-.jpg","width":1000,"height":1000},{"@type":"BreadcrumbList","@id":"https:\/\/discotelsisal.com\/pt-pt\/product\/rodas-de-lamelas-de-lixa-mistas-nwf\/#breadcrumb","itemListElement":[{"@type":"ListItem","position":1,"name":"Home","item":"https:\/\/discotelsisal.com\/pt-pt\/"},{"@type":"ListItem","position":2,"name":"Shop","item":"https:\/\/discotelsisal.com\/?page_id=2671"},{"@type":"ListItem","position":3,"name":"RODAS DE LAMELAS DE LIXA MISTAS NWF"}]},{"@type":"WebSite","@id":"https:\/\/discotelsisal.com\/pt-pt\/#website","url":"https:\/\/discotelsisal.com\/pt-pt\/","name":"Discotelsisal","description":"Sanding Solutions","publisher":{"@id":"https:\/\/discotelsisal.com\/pt-pt\/#organization"},"potentialAction":[{"@type":"SearchAction","target":{"@type":"EntryPoint","urlTemplate":"https:\/\/discotelsisal.com\/pt-pt\/?s={search_term_string}"},"query-input":{"@type":"PropertyValueSpecification","valueRequired":true,"valueName":"search_term_string"}}],"inLanguage":"pt-PT"},{"@type":"Organization","@id":"https:\/\/discotelsisal.com\/pt-pt\/#organization","name":"Discotelsisal","url":"https:\/\/discotelsisal.com\/pt-pt\/","logo":{"@type":"ImageObject","inLanguage":"pt-PT","@id":"https:\/\/discotelsisal.com\/pt-pt\/#\/schema\/logo\/image\/","url":"https:\/\/discotelsisal.com\/wp-content\/uploads\/2021\/06\/logo-new-resize.png","contentUrl":"https:\/\/discotelsisal.com\/wp-content\/uploads\/2021\/06\/logo-new-resize.png","width":644,"height":200,"caption":"Discotelsisal"},"image":{"@id":"https:\/\/discotelsisal.com\/pt-pt\/#\/schema\/logo\/image\/"}}]}},"_links":{"self":[{"href":"https:\/\/discotelsisal.com\/pt-pt\/wp-json\/wp\/v2\/product\/9406","targetHints":{"allow":["GET"]}}],"collection":[{"href":"https:\/\/discotelsisal.com\/pt-pt\/wp-json\/wp\/v2\/product"}],"about":[{"href":"https:\/\/discotelsisal.com\/pt-pt\/wp-json\/wp\/v2\/types\/product"}],"wp:featuredmedia":[{"embeddable":true,"href":"https:\/\/discotelsisal.com\/pt-pt\/wp-json\/wp\/v2\/media\/8433"}],"wp:attachment":[{"href":"https:\/\/discotelsisal.com\/pt-pt\/wp-json\/wp\/v2\/media?parent=9406"}],"wp:term":[{"taxonomy":"product_brand","embeddable":true,"href":"https:\/\/discotelsisal.com\/pt-pt\/wp-json\/wp\/v2\/product_brand?post=9406"},{"taxonomy":"product_cat","embeddable":true,"href":"https:\/\/discotelsisal.com\/pt-pt\/wp-json\/wp\/v2\/product_cat?post=9406"},{"taxonomy":"product_tag","embeddable":true,"href":"https:\/\/discotelsisal.com\/pt-pt\/wp-json\/wp\/v2\/product_tag?post=9406"}],"curies":[{"name":"wp","href":"https:\/\/api.w.org\/{rel}","templated":true}]}}