{"id":9385,"date":"2022-08-30T08:38:08","date_gmt":"2022-08-30T08:38:08","guid":{"rendered":"https:\/\/discotelsisal.com\/product\/disco-ondulado-de-algodao-e-sisal-algodao\/"},"modified":"2023-11-16T16:17:26","modified_gmt":"2023-11-16T16:17:26","slug":"discos-ondulados-de-algodao-e-sisal-algodao","status":"publish","type":"product","link":"https:\/\/discotelsisal.com\/pt-pt\/product\/discos-ondulados-de-algodao-e-sisal-algodao\/","title":{"rendered":"DISCOS ONDULADOS DE ALGOD\u00c3O E SISAL\/ALGOD\u00c3O"},"content":{"rendered":"<div class=\"wpb-content-wrapper\"><p>[vc_row disable_background_image=&#8221;&#8221;][vc_column]<div class=\"mkdf-accordion-holder mkdf-ac-default  mkdf-toggle mkdf-ac-boxed  clearfix\">\n\t<h5 class=\"mkdf-accordion-title\">\n    <span class=\"mkdf-accordion-mark\">\n\t\t<span class=\"mkdf_icon_plus icon_plus\"><\/span>\n\t\t<span class=\"mkdf_icon_minus icon_minus-06\"><\/span>\n\t<\/span>\n\t<span class=\"mkdf-tab-title\">Ficha de dados<\/span>\n<\/h5>\n<div class=\"mkdf-accordion-content\">\n\t<div class=\"mkdf-accordion-content-inner\">\n\t\t<div class=\"mkdf-elements-holder   mkdf-one-column  mkdf-responsive-mode-768 \" ><div class=\"mkdf-eh-item    \"  data-item-class=\"mkdf-eh-custom-3226\">\n\t<div class=\"mkdf-eh-item-inner\">\n\t\t<div class=\"mkdf-eh-item-content mkdf-eh-custom-3226\" style=\"padding: 0px 0px 10px 0px\">\n\t\t\t<a itemprop=\"url\" href=\"https:\/\/discotelsisal.com\/wp-content\/uploads\/2021\/07\/DISCHI-PER-LUCIDATURA-3.jpg\" target=\"_blank\" style=\"color: #056133;border-color: #056133\" class=\"mkdf-btn mkdf-btn-medium mkdf-btn-outline\"  >\n            <span class=\"mkdf-btn-text\">Data Sheet COTTON AND SISAL\/COTTON WAVED DISCS<\/span>\n        <i class=\"mkdf-icon-dripicons dripicon  \" ><\/i>    <\/a>\t\t<\/div>\n\t<\/div>\n<\/div><\/div>\t<\/div>\n<\/div><h5 class=\"mkdf-accordion-title\">\n    <span class=\"mkdf-accordion-mark\">\n\t\t<span class=\"mkdf_icon_plus icon_plus\"><\/span>\n\t\t<span class=\"mkdf_icon_minus icon_minus-06\"><\/span>\n\t<\/span>\n\t<span class=\"mkdf-tab-title\">Ficha de dados de seguran\u00e7a<\/span>\n<\/h5>\n<div class=\"mkdf-accordion-content\">\n\t<div class=\"mkdf-accordion-content-inner\">\n\t\t<div class=\"mkdf-elements-holder   mkdf-one-column  mkdf-responsive-mode-768 \" ><div class=\"mkdf-eh-item    \"  data-item-class=\"mkdf-eh-custom-8114\">\n\t<div class=\"mkdf-eh-item-inner\">\n\t\t<div class=\"mkdf-eh-item-content mkdf-eh-custom-8114\" style=\"padding: 0px 0px 10px 0px\">\n\t\t\t<a itemprop=\"url\" href=\"https:\/\/discotelsisal.com\/wp-content\/uploads\/2023\/11\/DISCOTELSISAL-MSDS-COTTON-SISAL-POLISHING-DISC-ENG.pdf\" target=\"_blank\" style=\"color: #056133;border-color: #056133\" class=\"mkdf-btn mkdf-btn-medium mkdf-btn-outline\"  >\n            <span class=\"mkdf-btn-text\">Safety Data Sheet MSDS - DS-OND SIS &amp; DS-OND SIS+COT RESINATED<\/span>\n        <i class=\"mkdf-icon-dripicons dripicon  \" ><\/i>    <\/a>\t\t<\/div>\n\t<\/div>\n<\/div><\/div>\t<\/div>\n<\/div><\/div>[\/vc_column][\/vc_row]<\/p>\n<\/div>","protected":false},"excerpt":{"rendered":"<p>Os discos ondulados de algod\u00e3o e sisal\/algod\u00e3o s\u00e3o realizados com uma faixa de algod\u00e3o, ou de algod\u00e3o costurado com sisal criando uma dobra de onda, e fechada por um anel met\u00e1lico central.\u2028Podem ser tecidos naturais ou revestidos com resina.<\/p>\n<p><strong>APLICA\u00c7\u00d5ES<\/strong><br \/>\n\u2022 Desbaste em metais<br \/>\n\u2022 Adequado para usinagem intensiva<br \/>\n\u2022 Adequado para processar panelas, acess\u00f3rios de cozinha, tubos<br \/>\n\u2022 Podem ser utilizados em m\u00e1quinas autom\u00e1ticas<br \/>\n\u2022 \u00c9 necess\u00e1rio o uso combinado com pastas abrasivas<\/p>\n<p>Dispon\u00edveis em v\u00e1rios di\u00e2metros e furos.<\/p>\n","protected":false},"featured_media":8109,"template":"","meta":[],"product_brand":[],"product_cat":[275,277],"product_tag":[276,239],"class_list":{"0":"post-9385","1":"product","2":"type-product","3":"status-publish","4":"has-post-thumbnail","6":"product_cat-discos-para-polimento","7":"product_cat-discos-para-polimento-pt-pt","8":"product_tag-discos-para-polimento","9":"product_tag-discotelsisal-pt-pt","11":"first","12":"instock","13":"shipping-taxable","14":"product-type-simple"},"yoast_head":"<!-- This site is optimized with the Yoast SEO plugin v27.3 - https:\/\/yoast.com\/product\/yoast-seo-wordpress\/ -->\n<title>DISCOS ONDULADOS DE ALGOD\u00c3O E SISAL\/ALGOD\u00c3O - Discotelsisal<\/title>\n<meta name=\"robots\" content=\"index, follow, max-snippet:-1, max-image-preview:large, max-video-preview:-1\" \/>\n<link rel=\"canonical\" href=\"https:\/\/discotelsisal.com\/pt-pt\/product\/discos-ondulados-de-algodao-e-sisal-algodao\/\" \/>\n<meta property=\"og:locale\" content=\"pt_PT\" \/>\n<meta property=\"og:type\" content=\"article\" \/>\n<meta property=\"og:title\" content=\"DISCOS ONDULADOS DE ALGOD\u00c3O E SISAL\/ALGOD\u00c3O - Discotelsisal\" \/>\n<meta property=\"og:description\" content=\"Os discos ondulados de algod\u00e3o e sisal\/algod\u00e3o s\u00e3o realizados com uma faixa de algod\u00e3o, ou de algod\u00e3o costurado com sisal criando uma dobra de onda, e fechada por um anel met\u00e1lico central.\u2028Podem ser tecidos naturais ou revestidos com resina.  APLICA\u00c7\u00d5ES \u2022 Desbaste em metais \u2022 Adequado para usinagem intensiva \u2022 Adequado para processar panelas, acess\u00f3rios de cozinha, tubos \u2022 Podem ser utilizados em m\u00e1quinas autom\u00e1ticas \u2022 \u00c9 necess\u00e1rio o uso combinado com pastas abrasivas  Dispon\u00edveis em v\u00e1rios di\u00e2metros e furos.\" \/>\n<meta property=\"og:url\" content=\"https:\/\/discotelsisal.com\/pt-pt\/product\/discos-ondulados-de-algodao-e-sisal-algodao\/\" \/>\n<meta property=\"og:site_name\" content=\"Discotelsisal\" \/>\n<meta property=\"article:modified_time\" content=\"2023-11-16T16:17:26+00:00\" \/>\n<meta property=\"og:image\" content=\"https:\/\/discotelsisal.com\/wp-content\/uploads\/2021\/07\/07a-DISCO-ONDULATO-COTONE-e-SISAL-COTONE.jpg\" \/>\n\t<meta property=\"og:image:width\" content=\"1000\" \/>\n\t<meta property=\"og:image:height\" content=\"1000\" \/>\n\t<meta property=\"og:image:type\" content=\"image\/jpeg\" \/>\n<meta name=\"twitter:card\" content=\"summary_large_image\" \/>\n<meta name=\"twitter:label1\" content=\"Tempo estimado de leitura\" \/>\n\t<meta name=\"twitter:data1\" content=\"1 minuto\" \/>\n<script type=\"application\/ld+json\" class=\"yoast-schema-graph\">{\"@context\":\"https:\\\/\\\/schema.org\",\"@graph\":[{\"@type\":\"WebPage\",\"@id\":\"https:\\\/\\\/discotelsisal.com\\\/pt-pt\\\/product\\\/discos-ondulados-de-algodao-e-sisal-algodao\\\/\",\"url\":\"https:\\\/\\\/discotelsisal.com\\\/pt-pt\\\/product\\\/discos-ondulados-de-algodao-e-sisal-algodao\\\/\",\"name\":\"DISCOS ONDULADOS DE ALGOD\u00c3O E SISAL\\\/ALGOD\u00c3O - Discotelsisal\",\"isPartOf\":{\"@id\":\"https:\\\/\\\/discotelsisal.com\\\/pt-pt\\\/#website\"},\"primaryImageOfPage\":{\"@id\":\"https:\\\/\\\/discotelsisal.com\\\/pt-pt\\\/product\\\/discos-ondulados-de-algodao-e-sisal-algodao\\\/#primaryimage\"},\"image\":{\"@id\":\"https:\\\/\\\/discotelsisal.com\\\/pt-pt\\\/product\\\/discos-ondulados-de-algodao-e-sisal-algodao\\\/#primaryimage\"},\"thumbnailUrl\":\"https:\\\/\\\/discotelsisal.com\\\/wp-content\\\/uploads\\\/2021\\\/07\\\/07a-DISCO-ONDULATO-COTONE-e-SISAL-COTONE.jpg\",\"datePublished\":\"2022-08-30T08:38:08+00:00\",\"dateModified\":\"2023-11-16T16:17:26+00:00\",\"breadcrumb\":{\"@id\":\"https:\\\/\\\/discotelsisal.com\\\/pt-pt\\\/product\\\/discos-ondulados-de-algodao-e-sisal-algodao\\\/#breadcrumb\"},\"inLanguage\":\"pt-PT\",\"potentialAction\":[{\"@type\":\"ReadAction\",\"target\":[\"https:\\\/\\\/discotelsisal.com\\\/pt-pt\\\/product\\\/discos-ondulados-de-algodao-e-sisal-algodao\\\/\"]}]},{\"@type\":\"ImageObject\",\"inLanguage\":\"pt-PT\",\"@id\":\"https:\\\/\\\/discotelsisal.com\\\/pt-pt\\\/product\\\/discos-ondulados-de-algodao-e-sisal-algodao\\\/#primaryimage\",\"url\":\"https:\\\/\\\/discotelsisal.com\\\/wp-content\\\/uploads\\\/2021\\\/07\\\/07a-DISCO-ONDULATO-COTONE-e-SISAL-COTONE.jpg\",\"contentUrl\":\"https:\\\/\\\/discotelsisal.com\\\/wp-content\\\/uploads\\\/2021\\\/07\\\/07a-DISCO-ONDULATO-COTONE-e-SISAL-COTONE.jpg\",\"width\":1000,\"height\":1000},{\"@type\":\"BreadcrumbList\",\"@id\":\"https:\\\/\\\/discotelsisal.com\\\/pt-pt\\\/product\\\/discos-ondulados-de-algodao-e-sisal-algodao\\\/#breadcrumb\",\"itemListElement\":[{\"@type\":\"ListItem\",\"position\":1,\"name\":\"Home\",\"item\":\"https:\\\/\\\/discotelsisal.com\\\/pt-pt\\\/\"},{\"@type\":\"ListItem\",\"position\":2,\"name\":\"Shop\",\"item\":\"https:\\\/\\\/discotelsisal.com\\\/?page_id=2671\"},{\"@type\":\"ListItem\",\"position\":3,\"name\":\"DISCOS ONDULADOS DE ALGOD\u00c3O E SISAL\\\/ALGOD\u00c3O\"}]},{\"@type\":\"WebSite\",\"@id\":\"https:\\\/\\\/discotelsisal.com\\\/pt-pt\\\/#website\",\"url\":\"https:\\\/\\\/discotelsisal.com\\\/pt-pt\\\/\",\"name\":\"Discotelsisal\",\"description\":\"Sanding Solutions\",\"publisher\":{\"@id\":\"https:\\\/\\\/discotelsisal.com\\\/pt-pt\\\/#organization\"},\"potentialAction\":[{\"@type\":\"SearchAction\",\"target\":{\"@type\":\"EntryPoint\",\"urlTemplate\":\"https:\\\/\\\/discotelsisal.com\\\/pt-pt\\\/?s={search_term_string}\"},\"query-input\":{\"@type\":\"PropertyValueSpecification\",\"valueRequired\":true,\"valueName\":\"search_term_string\"}}],\"inLanguage\":\"pt-PT\"},{\"@type\":\"Organization\",\"@id\":\"https:\\\/\\\/discotelsisal.com\\\/pt-pt\\\/#organization\",\"name\":\"Discotelsisal\",\"url\":\"https:\\\/\\\/discotelsisal.com\\\/pt-pt\\\/\",\"logo\":{\"@type\":\"ImageObject\",\"inLanguage\":\"pt-PT\",\"@id\":\"https:\\\/\\\/discotelsisal.com\\\/pt-pt\\\/#\\\/schema\\\/logo\\\/image\\\/\",\"url\":\"https:\\\/\\\/discotelsisal.com\\\/wp-content\\\/uploads\\\/2021\\\/06\\\/logo-new-resize.png\",\"contentUrl\":\"https:\\\/\\\/discotelsisal.com\\\/wp-content\\\/uploads\\\/2021\\\/06\\\/logo-new-resize.png\",\"width\":644,\"height\":200,\"caption\":\"Discotelsisal\"},\"image\":{\"@id\":\"https:\\\/\\\/discotelsisal.com\\\/pt-pt\\\/#\\\/schema\\\/logo\\\/image\\\/\"}}]}<\/script>\n<!-- \/ Yoast SEO plugin. -->","yoast_head_json":{"title":"DISCOS ONDULADOS DE ALGOD\u00c3O E SISAL\/ALGOD\u00c3O - Discotelsisal","robots":{"index":"index","follow":"follow","max-snippet":"max-snippet:-1","max-image-preview":"max-image-preview:large","max-video-preview":"max-video-preview:-1"},"canonical":"https:\/\/discotelsisal.com\/pt-pt\/product\/discos-ondulados-de-algodao-e-sisal-algodao\/","og_locale":"pt_PT","og_type":"article","og_title":"DISCOS ONDULADOS DE ALGOD\u00c3O E SISAL\/ALGOD\u00c3O - Discotelsisal","og_description":"Os discos ondulados de algod\u00e3o e sisal\/algod\u00e3o s\u00e3o realizados com uma faixa de algod\u00e3o, ou de algod\u00e3o costurado com sisal criando uma dobra de onda, e fechada por um anel met\u00e1lico central.\u2028Podem ser tecidos naturais ou revestidos com resina.  APLICA\u00c7\u00d5ES \u2022 Desbaste em metais \u2022 Adequado para usinagem intensiva \u2022 Adequado para processar panelas, acess\u00f3rios de cozinha, tubos \u2022 Podem ser utilizados em m\u00e1quinas autom\u00e1ticas \u2022 \u00c9 necess\u00e1rio o uso combinado com pastas abrasivas  Dispon\u00edveis em v\u00e1rios di\u00e2metros e furos.","og_url":"https:\/\/discotelsisal.com\/pt-pt\/product\/discos-ondulados-de-algodao-e-sisal-algodao\/","og_site_name":"Discotelsisal","article_modified_time":"2023-11-16T16:17:26+00:00","og_image":[{"width":1000,"height":1000,"url":"https:\/\/discotelsisal.com\/wp-content\/uploads\/2021\/07\/07a-DISCO-ONDULATO-COTONE-e-SISAL-COTONE.jpg","type":"image\/jpeg"}],"twitter_card":"summary_large_image","twitter_misc":{"Tempo estimado de leitura":"1 minuto"},"schema":{"@context":"https:\/\/schema.org","@graph":[{"@type":"WebPage","@id":"https:\/\/discotelsisal.com\/pt-pt\/product\/discos-ondulados-de-algodao-e-sisal-algodao\/","url":"https:\/\/discotelsisal.com\/pt-pt\/product\/discos-ondulados-de-algodao-e-sisal-algodao\/","name":"DISCOS ONDULADOS DE ALGOD\u00c3O E SISAL\/ALGOD\u00c3O - Discotelsisal","isPartOf":{"@id":"https:\/\/discotelsisal.com\/pt-pt\/#website"},"primaryImageOfPage":{"@id":"https:\/\/discotelsisal.com\/pt-pt\/product\/discos-ondulados-de-algodao-e-sisal-algodao\/#primaryimage"},"image":{"@id":"https:\/\/discotelsisal.com\/pt-pt\/product\/discos-ondulados-de-algodao-e-sisal-algodao\/#primaryimage"},"thumbnailUrl":"https:\/\/discotelsisal.com\/wp-content\/uploads\/2021\/07\/07a-DISCO-ONDULATO-COTONE-e-SISAL-COTONE.jpg","datePublished":"2022-08-30T08:38:08+00:00","dateModified":"2023-11-16T16:17:26+00:00","breadcrumb":{"@id":"https:\/\/discotelsisal.com\/pt-pt\/product\/discos-ondulados-de-algodao-e-sisal-algodao\/#breadcrumb"},"inLanguage":"pt-PT","potentialAction":[{"@type":"ReadAction","target":["https:\/\/discotelsisal.com\/pt-pt\/product\/discos-ondulados-de-algodao-e-sisal-algodao\/"]}]},{"@type":"ImageObject","inLanguage":"pt-PT","@id":"https:\/\/discotelsisal.com\/pt-pt\/product\/discos-ondulados-de-algodao-e-sisal-algodao\/#primaryimage","url":"https:\/\/discotelsisal.com\/wp-content\/uploads\/2021\/07\/07a-DISCO-ONDULATO-COTONE-e-SISAL-COTONE.jpg","contentUrl":"https:\/\/discotelsisal.com\/wp-content\/uploads\/2021\/07\/07a-DISCO-ONDULATO-COTONE-e-SISAL-COTONE.jpg","width":1000,"height":1000},{"@type":"BreadcrumbList","@id":"https:\/\/discotelsisal.com\/pt-pt\/product\/discos-ondulados-de-algodao-e-sisal-algodao\/#breadcrumb","itemListElement":[{"@type":"ListItem","position":1,"name":"Home","item":"https:\/\/discotelsisal.com\/pt-pt\/"},{"@type":"ListItem","position":2,"name":"Shop","item":"https:\/\/discotelsisal.com\/?page_id=2671"},{"@type":"ListItem","position":3,"name":"DISCOS ONDULADOS DE ALGOD\u00c3O E SISAL\/ALGOD\u00c3O"}]},{"@type":"WebSite","@id":"https:\/\/discotelsisal.com\/pt-pt\/#website","url":"https:\/\/discotelsisal.com\/pt-pt\/","name":"Discotelsisal","description":"Sanding Solutions","publisher":{"@id":"https:\/\/discotelsisal.com\/pt-pt\/#organization"},"potentialAction":[{"@type":"SearchAction","target":{"@type":"EntryPoint","urlTemplate":"https:\/\/discotelsisal.com\/pt-pt\/?s={search_term_string}"},"query-input":{"@type":"PropertyValueSpecification","valueRequired":true,"valueName":"search_term_string"}}],"inLanguage":"pt-PT"},{"@type":"Organization","@id":"https:\/\/discotelsisal.com\/pt-pt\/#organization","name":"Discotelsisal","url":"https:\/\/discotelsisal.com\/pt-pt\/","logo":{"@type":"ImageObject","inLanguage":"pt-PT","@id":"https:\/\/discotelsisal.com\/pt-pt\/#\/schema\/logo\/image\/","url":"https:\/\/discotelsisal.com\/wp-content\/uploads\/2021\/06\/logo-new-resize.png","contentUrl":"https:\/\/discotelsisal.com\/wp-content\/uploads\/2021\/06\/logo-new-resize.png","width":644,"height":200,"caption":"Discotelsisal"},"image":{"@id":"https:\/\/discotelsisal.com\/pt-pt\/#\/schema\/logo\/image\/"}}]}},"_links":{"self":[{"href":"https:\/\/discotelsisal.com\/pt-pt\/wp-json\/wp\/v2\/product\/9385","targetHints":{"allow":["GET"]}}],"collection":[{"href":"https:\/\/discotelsisal.com\/pt-pt\/wp-json\/wp\/v2\/product"}],"about":[{"href":"https:\/\/discotelsisal.com\/pt-pt\/wp-json\/wp\/v2\/types\/product"}],"wp:featuredmedia":[{"embeddable":true,"href":"https:\/\/discotelsisal.com\/pt-pt\/wp-json\/wp\/v2\/media\/8109"}],"wp:attachment":[{"href":"https:\/\/discotelsisal.com\/pt-pt\/wp-json\/wp\/v2\/media?parent=9385"}],"wp:term":[{"taxonomy":"product_brand","embeddable":true,"href":"https:\/\/discotelsisal.com\/pt-pt\/wp-json\/wp\/v2\/product_brand?post=9385"},{"taxonomy":"product_cat","embeddable":true,"href":"https:\/\/discotelsisal.com\/pt-pt\/wp-json\/wp\/v2\/product_cat?post=9385"},{"taxonomy":"product_tag","embeddable":true,"href":"https:\/\/discotelsisal.com\/pt-pt\/wp-json\/wp\/v2\/product_tag?post=9385"}],"curies":[{"name":"wp","href":"https:\/\/api.w.org\/{rel}","templated":true}]}}