{"id":9304,"date":"2022-08-29T14:30:59","date_gmt":"2022-08-29T14:30:59","guid":{"rendered":"https:\/\/discotelsisal.com\/product\/mo-scl\/"},"modified":"2023-11-14T07:42:08","modified_gmt":"2023-11-14T07:42:08","slug":"rodas-de-poliuretano-scl","status":"publish","type":"product","link":"https:\/\/discotelsisal.com\/pt-pt\/product\/rodas-de-poliuretano-scl\/","title":{"rendered":"RODAS DE POLIURETANO SCL"},"content":{"rendered":"<div class=\"wpb-content-wrapper\"><p>[vc_row disable_background_image=&#8221;&#8221;][vc_column]<div class=\"mkdf-accordion-holder mkdf-ac-default  mkdf-toggle mkdf-ac-boxed  clearfix\">\n\t<h5 class=\"mkdf-accordion-title\">\n    <span class=\"mkdf-accordion-mark\">\n\t\t<span class=\"mkdf_icon_plus icon_plus\"><\/span>\n\t\t<span class=\"mkdf_icon_minus icon_minus-06\"><\/span>\n\t<\/span>\n\t<span class=\"mkdf-tab-title\">Ficha de dados<\/span>\n<\/h5>\n<div class=\"mkdf-accordion-content\">\n\t<div class=\"mkdf-accordion-content-inner\">\n\t\t<div class=\"mkdf-elements-holder   mkdf-one-column  mkdf-responsive-mode-768 \" ><div class=\"mkdf-eh-item    \"  data-item-class=\"mkdf-eh-custom-2991\">\n\t<div class=\"mkdf-eh-item-inner\">\n\t\t<div class=\"mkdf-eh-item-content mkdf-eh-custom-2991\" style=\"padding: 0px 0px 10px 0px\">\n\t\t\t<a itemprop=\"url\" href=\"https:\/\/discotelsisal.com\/wp-content\/uploads\/2021\/07\/MOLA-SCV-e-MOLA-SCL.jpg\" target=\"_blank\" style=\"color: #056133;border-color: #056133\" class=\"mkdf-btn mkdf-btn-medium mkdf-btn-outline\"  >\n            <span class=\"mkdf-btn-text\">Data Sheet POLYURETHANE WHEELS SCV AND SCL<\/span>\n        <i class=\"mkdf-icon-dripicons dripicon  \" ><\/i>    <\/a>\t\t<\/div>\n\t<\/div>\n<\/div><\/div>\t<\/div>\n<\/div><h5 class=\"mkdf-accordion-title\">\n    <span class=\"mkdf-accordion-mark\">\n\t\t<span class=\"mkdf_icon_plus icon_plus\"><\/span>\n\t\t<span class=\"mkdf_icon_minus icon_minus-06\"><\/span>\n\t<\/span>\n\t<span class=\"mkdf-tab-title\">Ficha de dados de seguran\u00e7a<\/span>\n<\/h5>\n<div class=\"mkdf-accordion-content\">\n\t<div class=\"mkdf-accordion-content-inner\">\n\t\t<div class=\"mkdf-elements-holder   mkdf-one-column  mkdf-responsive-mode-768 \" ><div class=\"mkdf-eh-item    \"  data-item-class=\"mkdf-eh-custom-9848\">\n\t<div class=\"mkdf-eh-item-inner\">\n\t\t<div class=\"mkdf-eh-item-content mkdf-eh-custom-9848\" >\n\t\t\t<a itemprop=\"url\" href=\"https:\/\/discotelsisal.com\/wp-content\/uploads\/2023\/11\/DISCOTELSISAL-MSDS-PW-SCV-SCL-ENG.pdf\" target=\"_blank\" style=\"color: #056133;border-color: #056133\" class=\"mkdf-btn mkdf-btn-medium mkdf-btn-outline\"  >\n            <span class=\"mkdf-btn-text\">Safety Data Sheet MSDS - PW-SCV-SCL<\/span>\n        <i class=\"mkdf-icon-dripicons dripicon  \" ><\/i>    <\/a>\t\t<\/div>\n\t<\/div>\n<\/div><\/div>\t<\/div>\n<\/div><\/div>[\/vc_column][\/vc_row]<\/p>\n<\/div>","protected":false},"excerpt":{"rendered":"<p>Roda de poliuretano de carboneto de sil\u00edcio para a lixagem de tintas em geral.<\/p>\n<p><strong>APLICA\u00c7\u00d5ES<\/strong><br \/>\n\u2022 Tintas de poliuretano<br \/>\n\u2022 Tintas de poli\u00e9ster<br \/>\n\u2022 Tintas acr\u00edlicas UV e n\u00e3o UV<br \/>\n\u2022 Todo o tipo de prim\u00e1rios<br \/>\n\u2022 Todo o tipo de m\u00e1stiques<br \/>\n\u2022 Gesso com cola animal<br \/>\n\u2022 Gesso com cola sint\u00e9tica<br \/>\n\u2022 Prim\u00e1rios para lacas coloridas<\/p>\n<p>Podem ser utilizados individualmente ou combinados entre si, ou com as lamelas de TNT.\u2028A utiliza\u00e7\u00e3o destas m\u00f3s s\u00f3 \u00e9 recomendada quando uma grande quantidade de tinta tem de ser removida.<\/p>\n","protected":false},"featured_media":7821,"template":"","meta":[],"product_brand":[],"product_cat":[253],"product_tag":[239,254],"class_list":{"0":"post-9304","1":"product","2":"type-product","3":"status-publish","4":"has-post-thumbnail","6":"product_cat-rodas-de-poliuretano","7":"product_tag-discotelsisal-pt-pt","8":"product_tag-mos-de-poliuretano","10":"first","11":"instock","12":"shipping-taxable","13":"product-type-simple"},"yoast_head":"<!-- This site is optimized with the Yoast SEO plugin v27.3 - https:\/\/yoast.com\/product\/yoast-seo-wordpress\/ -->\n<title>RODAS DE POLIURETANO SCL - Discotelsisal<\/title>\n<meta name=\"robots\" content=\"index, follow, max-snippet:-1, max-image-preview:large, max-video-preview:-1\" \/>\n<link rel=\"canonical\" href=\"https:\/\/discotelsisal.com\/pt-pt\/product\/rodas-de-poliuretano-scl\/\" \/>\n<meta property=\"og:locale\" content=\"pt_PT\" \/>\n<meta property=\"og:type\" content=\"article\" \/>\n<meta property=\"og:title\" content=\"RODAS DE POLIURETANO SCL - Discotelsisal\" \/>\n<meta property=\"og:description\" content=\"Roda de poliuretano de carboneto de sil\u00edcio para a lixagem de tintas em geral.  APLICA\u00c7\u00d5ES \u2022 Tintas de poliuretano \u2022 Tintas de poli\u00e9ster \u2022 Tintas acr\u00edlicas UV e n\u00e3o UV \u2022 Todo o tipo de prim\u00e1rios \u2022 Todo o tipo de m\u00e1stiques \u2022 Gesso com cola animal \u2022 Gesso com cola sint\u00e9tica \u2022 Prim\u00e1rios para lacas coloridas  Podem ser utilizados individualmente ou combinados entre si, ou com as lamelas de TNT.\u2028A utiliza\u00e7\u00e3o destas m\u00f3s s\u00f3 \u00e9 recomendada quando uma grande quantidade de tinta tem de ser removida.\" \/>\n<meta property=\"og:url\" content=\"https:\/\/discotelsisal.com\/pt-pt\/product\/rodas-de-poliuretano-scl\/\" \/>\n<meta property=\"og:site_name\" content=\"Discotelsisal\" \/>\n<meta property=\"article:modified_time\" content=\"2023-11-14T07:42:08+00:00\" \/>\n<meta property=\"og:image\" content=\"https:\/\/discotelsisal.com\/wp-content\/uploads\/2021\/07\/05-MOLA-SCL.jpg\" \/>\n\t<meta property=\"og:image:width\" content=\"1000\" \/>\n\t<meta property=\"og:image:height\" content=\"1000\" \/>\n\t<meta property=\"og:image:type\" content=\"image\/jpeg\" \/>\n<meta name=\"twitter:card\" content=\"summary_large_image\" \/>\n<meta name=\"twitter:label1\" content=\"Tempo estimado de leitura\" \/>\n\t<meta name=\"twitter:data1\" content=\"1 minuto\" \/>\n<script type=\"application\/ld+json\" class=\"yoast-schema-graph\">{\"@context\":\"https:\\\/\\\/schema.org\",\"@graph\":[{\"@type\":\"WebPage\",\"@id\":\"https:\\\/\\\/discotelsisal.com\\\/pt-pt\\\/product\\\/rodas-de-poliuretano-scl\\\/\",\"url\":\"https:\\\/\\\/discotelsisal.com\\\/pt-pt\\\/product\\\/rodas-de-poliuretano-scl\\\/\",\"name\":\"RODAS DE POLIURETANO SCL - Discotelsisal\",\"isPartOf\":{\"@id\":\"https:\\\/\\\/discotelsisal.com\\\/pt-pt\\\/#website\"},\"primaryImageOfPage\":{\"@id\":\"https:\\\/\\\/discotelsisal.com\\\/pt-pt\\\/product\\\/rodas-de-poliuretano-scl\\\/#primaryimage\"},\"image\":{\"@id\":\"https:\\\/\\\/discotelsisal.com\\\/pt-pt\\\/product\\\/rodas-de-poliuretano-scl\\\/#primaryimage\"},\"thumbnailUrl\":\"https:\\\/\\\/discotelsisal.com\\\/wp-content\\\/uploads\\\/2021\\\/07\\\/05-MOLA-SCL.jpg\",\"datePublished\":\"2022-08-29T14:30:59+00:00\",\"dateModified\":\"2023-11-14T07:42:08+00:00\",\"breadcrumb\":{\"@id\":\"https:\\\/\\\/discotelsisal.com\\\/pt-pt\\\/product\\\/rodas-de-poliuretano-scl\\\/#breadcrumb\"},\"inLanguage\":\"pt-PT\",\"potentialAction\":[{\"@type\":\"ReadAction\",\"target\":[\"https:\\\/\\\/discotelsisal.com\\\/pt-pt\\\/product\\\/rodas-de-poliuretano-scl\\\/\"]}]},{\"@type\":\"ImageObject\",\"inLanguage\":\"pt-PT\",\"@id\":\"https:\\\/\\\/discotelsisal.com\\\/pt-pt\\\/product\\\/rodas-de-poliuretano-scl\\\/#primaryimage\",\"url\":\"https:\\\/\\\/discotelsisal.com\\\/wp-content\\\/uploads\\\/2021\\\/07\\\/05-MOLA-SCL.jpg\",\"contentUrl\":\"https:\\\/\\\/discotelsisal.com\\\/wp-content\\\/uploads\\\/2021\\\/07\\\/05-MOLA-SCL.jpg\",\"width\":1000,\"height\":1000},{\"@type\":\"BreadcrumbList\",\"@id\":\"https:\\\/\\\/discotelsisal.com\\\/pt-pt\\\/product\\\/rodas-de-poliuretano-scl\\\/#breadcrumb\",\"itemListElement\":[{\"@type\":\"ListItem\",\"position\":1,\"name\":\"Home\",\"item\":\"https:\\\/\\\/discotelsisal.com\\\/pt-pt\\\/\"},{\"@type\":\"ListItem\",\"position\":2,\"name\":\"Shop\",\"item\":\"https:\\\/\\\/discotelsisal.com\\\/?page_id=2671\"},{\"@type\":\"ListItem\",\"position\":3,\"name\":\"RODAS DE POLIURETANO SCL\"}]},{\"@type\":\"WebSite\",\"@id\":\"https:\\\/\\\/discotelsisal.com\\\/pt-pt\\\/#website\",\"url\":\"https:\\\/\\\/discotelsisal.com\\\/pt-pt\\\/\",\"name\":\"Discotelsisal\",\"description\":\"Sanding Solutions\",\"publisher\":{\"@id\":\"https:\\\/\\\/discotelsisal.com\\\/pt-pt\\\/#organization\"},\"potentialAction\":[{\"@type\":\"SearchAction\",\"target\":{\"@type\":\"EntryPoint\",\"urlTemplate\":\"https:\\\/\\\/discotelsisal.com\\\/pt-pt\\\/?s={search_term_string}\"},\"query-input\":{\"@type\":\"PropertyValueSpecification\",\"valueRequired\":true,\"valueName\":\"search_term_string\"}}],\"inLanguage\":\"pt-PT\"},{\"@type\":\"Organization\",\"@id\":\"https:\\\/\\\/discotelsisal.com\\\/pt-pt\\\/#organization\",\"name\":\"Discotelsisal\",\"url\":\"https:\\\/\\\/discotelsisal.com\\\/pt-pt\\\/\",\"logo\":{\"@type\":\"ImageObject\",\"inLanguage\":\"pt-PT\",\"@id\":\"https:\\\/\\\/discotelsisal.com\\\/pt-pt\\\/#\\\/schema\\\/logo\\\/image\\\/\",\"url\":\"https:\\\/\\\/discotelsisal.com\\\/wp-content\\\/uploads\\\/2021\\\/06\\\/logo-new-resize.png\",\"contentUrl\":\"https:\\\/\\\/discotelsisal.com\\\/wp-content\\\/uploads\\\/2021\\\/06\\\/logo-new-resize.png\",\"width\":644,\"height\":200,\"caption\":\"Discotelsisal\"},\"image\":{\"@id\":\"https:\\\/\\\/discotelsisal.com\\\/pt-pt\\\/#\\\/schema\\\/logo\\\/image\\\/\"}}]}<\/script>\n<!-- \/ Yoast SEO plugin. -->","yoast_head_json":{"title":"RODAS DE POLIURETANO SCL - Discotelsisal","robots":{"index":"index","follow":"follow","max-snippet":"max-snippet:-1","max-image-preview":"max-image-preview:large","max-video-preview":"max-video-preview:-1"},"canonical":"https:\/\/discotelsisal.com\/pt-pt\/product\/rodas-de-poliuretano-scl\/","og_locale":"pt_PT","og_type":"article","og_title":"RODAS DE POLIURETANO SCL - Discotelsisal","og_description":"Roda de poliuretano de carboneto de sil\u00edcio para a lixagem de tintas em geral.  APLICA\u00c7\u00d5ES \u2022 Tintas de poliuretano \u2022 Tintas de poli\u00e9ster \u2022 Tintas acr\u00edlicas UV e n\u00e3o UV \u2022 Todo o tipo de prim\u00e1rios \u2022 Todo o tipo de m\u00e1stiques \u2022 Gesso com cola animal \u2022 Gesso com cola sint\u00e9tica \u2022 Prim\u00e1rios para lacas coloridas  Podem ser utilizados individualmente ou combinados entre si, ou com as lamelas de TNT.\u2028A utiliza\u00e7\u00e3o destas m\u00f3s s\u00f3 \u00e9 recomendada quando uma grande quantidade de tinta tem de ser removida.","og_url":"https:\/\/discotelsisal.com\/pt-pt\/product\/rodas-de-poliuretano-scl\/","og_site_name":"Discotelsisal","article_modified_time":"2023-11-14T07:42:08+00:00","og_image":[{"width":1000,"height":1000,"url":"https:\/\/discotelsisal.com\/wp-content\/uploads\/2021\/07\/05-MOLA-SCL.jpg","type":"image\/jpeg"}],"twitter_card":"summary_large_image","twitter_misc":{"Tempo estimado de leitura":"1 minuto"},"schema":{"@context":"https:\/\/schema.org","@graph":[{"@type":"WebPage","@id":"https:\/\/discotelsisal.com\/pt-pt\/product\/rodas-de-poliuretano-scl\/","url":"https:\/\/discotelsisal.com\/pt-pt\/product\/rodas-de-poliuretano-scl\/","name":"RODAS DE POLIURETANO SCL - Discotelsisal","isPartOf":{"@id":"https:\/\/discotelsisal.com\/pt-pt\/#website"},"primaryImageOfPage":{"@id":"https:\/\/discotelsisal.com\/pt-pt\/product\/rodas-de-poliuretano-scl\/#primaryimage"},"image":{"@id":"https:\/\/discotelsisal.com\/pt-pt\/product\/rodas-de-poliuretano-scl\/#primaryimage"},"thumbnailUrl":"https:\/\/discotelsisal.com\/wp-content\/uploads\/2021\/07\/05-MOLA-SCL.jpg","datePublished":"2022-08-29T14:30:59+00:00","dateModified":"2023-11-14T07:42:08+00:00","breadcrumb":{"@id":"https:\/\/discotelsisal.com\/pt-pt\/product\/rodas-de-poliuretano-scl\/#breadcrumb"},"inLanguage":"pt-PT","potentialAction":[{"@type":"ReadAction","target":["https:\/\/discotelsisal.com\/pt-pt\/product\/rodas-de-poliuretano-scl\/"]}]},{"@type":"ImageObject","inLanguage":"pt-PT","@id":"https:\/\/discotelsisal.com\/pt-pt\/product\/rodas-de-poliuretano-scl\/#primaryimage","url":"https:\/\/discotelsisal.com\/wp-content\/uploads\/2021\/07\/05-MOLA-SCL.jpg","contentUrl":"https:\/\/discotelsisal.com\/wp-content\/uploads\/2021\/07\/05-MOLA-SCL.jpg","width":1000,"height":1000},{"@type":"BreadcrumbList","@id":"https:\/\/discotelsisal.com\/pt-pt\/product\/rodas-de-poliuretano-scl\/#breadcrumb","itemListElement":[{"@type":"ListItem","position":1,"name":"Home","item":"https:\/\/discotelsisal.com\/pt-pt\/"},{"@type":"ListItem","position":2,"name":"Shop","item":"https:\/\/discotelsisal.com\/?page_id=2671"},{"@type":"ListItem","position":3,"name":"RODAS DE POLIURETANO SCL"}]},{"@type":"WebSite","@id":"https:\/\/discotelsisal.com\/pt-pt\/#website","url":"https:\/\/discotelsisal.com\/pt-pt\/","name":"Discotelsisal","description":"Sanding Solutions","publisher":{"@id":"https:\/\/discotelsisal.com\/pt-pt\/#organization"},"potentialAction":[{"@type":"SearchAction","target":{"@type":"EntryPoint","urlTemplate":"https:\/\/discotelsisal.com\/pt-pt\/?s={search_term_string}"},"query-input":{"@type":"PropertyValueSpecification","valueRequired":true,"valueName":"search_term_string"}}],"inLanguage":"pt-PT"},{"@type":"Organization","@id":"https:\/\/discotelsisal.com\/pt-pt\/#organization","name":"Discotelsisal","url":"https:\/\/discotelsisal.com\/pt-pt\/","logo":{"@type":"ImageObject","inLanguage":"pt-PT","@id":"https:\/\/discotelsisal.com\/pt-pt\/#\/schema\/logo\/image\/","url":"https:\/\/discotelsisal.com\/wp-content\/uploads\/2021\/06\/logo-new-resize.png","contentUrl":"https:\/\/discotelsisal.com\/wp-content\/uploads\/2021\/06\/logo-new-resize.png","width":644,"height":200,"caption":"Discotelsisal"},"image":{"@id":"https:\/\/discotelsisal.com\/pt-pt\/#\/schema\/logo\/image\/"}}]}},"_links":{"self":[{"href":"https:\/\/discotelsisal.com\/pt-pt\/wp-json\/wp\/v2\/product\/9304","targetHints":{"allow":["GET"]}}],"collection":[{"href":"https:\/\/discotelsisal.com\/pt-pt\/wp-json\/wp\/v2\/product"}],"about":[{"href":"https:\/\/discotelsisal.com\/pt-pt\/wp-json\/wp\/v2\/types\/product"}],"wp:featuredmedia":[{"embeddable":true,"href":"https:\/\/discotelsisal.com\/pt-pt\/wp-json\/wp\/v2\/media\/7821"}],"wp:attachment":[{"href":"https:\/\/discotelsisal.com\/pt-pt\/wp-json\/wp\/v2\/media?parent=9304"}],"wp:term":[{"taxonomy":"product_brand","embeddable":true,"href":"https:\/\/discotelsisal.com\/pt-pt\/wp-json\/wp\/v2\/product_brand?post=9304"},{"taxonomy":"product_cat","embeddable":true,"href":"https:\/\/discotelsisal.com\/pt-pt\/wp-json\/wp\/v2\/product_cat?post=9304"},{"taxonomy":"product_tag","embeddable":true,"href":"https:\/\/discotelsisal.com\/pt-pt\/wp-json\/wp\/v2\/product_tag?post=9304"}],"curies":[{"name":"wp","href":"https:\/\/api.w.org\/{rel}","templated":true}]}}