{"id":9281,"date":"2022-08-29T13:42:35","date_gmt":"2022-08-29T13:42:35","guid":{"rendered":"https:\/\/discotelsisal.com\/product\/disco-bobinado-fdf-s\/"},"modified":"2023-11-14T08:19:21","modified_gmt":"2023-11-14T08:19:21","slug":"rodas-envolvidas-fdf-fsi-s","status":"publish","type":"product","link":"https:\/\/discotelsisal.com\/pt-pt\/product\/rodas-envolvidas-fdf-fsi-s\/","title":{"rendered":"RODAS ENVOLVIDAS FDF &#8211; FSI S"},"content":{"rendered":"<div class=\"wpb-content-wrapper\"><p>[vc_row disable_background_image=&#8221;&#8221;][vc_column]<div class=\"mkdf-accordion-holder mkdf-ac-default  mkdf-toggle mkdf-ac-boxed  clearfix\">\n\t<h5 class=\"mkdf-accordion-title\">\n    <span class=\"mkdf-accordion-mark\">\n\t\t<span class=\"mkdf_icon_plus icon_plus\"><\/span>\n\t\t<span class=\"mkdf_icon_minus icon_minus-06\"><\/span>\n\t<\/span>\n\t<span class=\"mkdf-tab-title\">Ficha de dados<\/span>\n<\/h5>\n<div class=\"mkdf-accordion-content\">\n\t<div class=\"mkdf-accordion-content-inner\">\n\t\t<div class=\"mkdf-elements-holder   mkdf-one-column  mkdf-responsive-mode-768 \" ><div class=\"mkdf-eh-item    \"  data-item-class=\"mkdf-eh-custom-4781\">\n\t<div class=\"mkdf-eh-item-inner\">\n\t\t<div class=\"mkdf-eh-item-content mkdf-eh-custom-4781\" style=\"padding: 0px 0px 10px 0px\">\n\t\t\t<a itemprop=\"url\" href=\"https:\/\/discotelsisal.com\/wp-content\/uploads\/2021\/07\/RUOTA-AVVOLTA-FDF.jpg\" target=\"_blank\" style=\"color: #056133;border-color: #056133\" class=\"mkdf-btn mkdf-btn-medium mkdf-btn-outline\"  >\n            <span class=\"mkdf-btn-text\">Data Sheet CONVOLUTE WHEELS FDF - FSI S<\/span>\n        <i class=\"mkdf-icon-dripicons dripicon  \" ><\/i>    <\/a>\t\t<\/div>\n\t<\/div>\n<\/div><\/div>\t<\/div>\n<\/div><h5 class=\"mkdf-accordion-title\">\n    <span class=\"mkdf-accordion-mark\">\n\t\t<span class=\"mkdf_icon_plus icon_plus\"><\/span>\n\t\t<span class=\"mkdf_icon_minus icon_minus-06\"><\/span>\n\t<\/span>\n\t<span class=\"mkdf-tab-title\">Ficha de dados de seguran\u00e7a<\/span>\n<\/h5>\n<div class=\"mkdf-accordion-content\">\n\t<div class=\"mkdf-accordion-content-inner\">\n\t\t<div class=\"mkdf-elements-holder   mkdf-one-column  mkdf-responsive-mode-768 \" ><div class=\"mkdf-eh-item    \"  data-item-class=\"mkdf-eh-custom-9726\">\n\t<div class=\"mkdf-eh-item-inner\">\n\t\t<div class=\"mkdf-eh-item-content mkdf-eh-custom-9726\" >\n\t\t\t<a itemprop=\"url\" href=\"https:\/\/discotelsisal.com\/wp-content\/uploads\/2023\/10\/DISCOTELSISAL-MSDS-CW-FAB-CW-FDF-CW-FSI-CW-FLD-CW-FXL-S-ENG.pdf\" target=\"_blank\" style=\"color: #056133;border-color: #056133\" class=\"mkdf-btn mkdf-btn-medium mkdf-btn-outline\"  >\n            <span class=\"mkdf-btn-text\">Safety Data Sheet MSDS - CW-FDF - FSI S<\/span>\n        <i class=\"mkdf-icon-dripicons dripicon  \" ><\/i>    <\/a>\t\t<\/div>\n\t<\/div>\n<\/div><\/div>\t<\/div>\n<\/div><\/div>[\/vc_column][\/vc_row]<\/p>\n<\/div>","protected":false},"excerpt":{"rendered":"<p>Estes discos s\u00e3o utilizados exclusivamente em processamentos de perfis de madeira ou MDF.<\/p>\n<p><strong>APLICA\u00c7\u00d5ES<\/strong><br \/>\n\u2022 Lixagem de madeira em bruto<br \/>\n\u2022 Lixagem de folheados de madeira<br \/>\n\u2022 Lixagem de MDF em bruto<br \/>\n\u2022 Lixagem de tinta<\/p>\n","protected":false},"featured_media":7757,"template":"","meta":[],"product_brand":[],"product_cat":[249],"product_tag":[250,239],"class_list":{"0":"post-9281","1":"product","2":"type-product","3":"status-publish","4":"has-post-thumbnail","6":"product_cat-disco-bobinado","7":"product_tag-disco-bobinado","8":"product_tag-discotelsisal-pt-pt","10":"first","11":"instock","12":"shipping-taxable","13":"product-type-simple"},"yoast_head":"<!-- This site is optimized with the Yoast SEO plugin v27.4 - https:\/\/yoast.com\/product\/yoast-seo-wordpress\/ -->\n<title>RODAS ENVOLVIDAS FDF - FSI S - Discotelsisal<\/title>\n<meta name=\"robots\" content=\"index, follow, max-snippet:-1, max-image-preview:large, max-video-preview:-1\" \/>\n<link rel=\"canonical\" href=\"https:\/\/discotelsisal.com\/pt-pt\/product\/rodas-envolvidas-fdf-fsi-s\/\" \/>\n<meta property=\"og:locale\" content=\"pt_PT\" \/>\n<meta property=\"og:type\" content=\"article\" \/>\n<meta property=\"og:title\" content=\"RODAS ENVOLVIDAS FDF - FSI S - Discotelsisal\" \/>\n<meta property=\"og:description\" content=\"Estes discos s\u00e3o utilizados exclusivamente em processamentos de perfis de madeira ou MDF.  APLICA\u00c7\u00d5ES \u2022 Lixagem de madeira em bruto \u2022 Lixagem de folheados de madeira \u2022 Lixagem de MDF em bruto \u2022 Lixagem de tinta\" \/>\n<meta property=\"og:url\" content=\"https:\/\/discotelsisal.com\/pt-pt\/product\/rodas-envolvidas-fdf-fsi-s\/\" \/>\n<meta property=\"og:site_name\" content=\"Discotelsisal\" \/>\n<meta property=\"article:modified_time\" content=\"2023-11-14T08:19:21+00:00\" \/>\n<meta property=\"og:image\" content=\"https:\/\/discotelsisal.com\/wp-content\/uploads\/2021\/06\/02a-RUOTA-AVVOLTA-FDF-S.jpg\" \/>\n\t<meta property=\"og:image:width\" content=\"1000\" \/>\n\t<meta property=\"og:image:height\" content=\"1000\" \/>\n\t<meta property=\"og:image:type\" content=\"image\/jpeg\" \/>\n<meta name=\"twitter:card\" content=\"summary_large_image\" \/>\n<meta name=\"twitter:label1\" content=\"Tempo estimado de leitura\" \/>\n\t<meta name=\"twitter:data1\" content=\"1 minuto\" \/>\n<script type=\"application\/ld+json\" class=\"yoast-schema-graph\">{\"@context\":\"https:\\\/\\\/schema.org\",\"@graph\":[{\"@type\":\"WebPage\",\"@id\":\"https:\\\/\\\/discotelsisal.com\\\/pt-pt\\\/product\\\/rodas-envolvidas-fdf-fsi-s\\\/\",\"url\":\"https:\\\/\\\/discotelsisal.com\\\/pt-pt\\\/product\\\/rodas-envolvidas-fdf-fsi-s\\\/\",\"name\":\"RODAS ENVOLVIDAS FDF - FSI S - Discotelsisal\",\"isPartOf\":{\"@id\":\"https:\\\/\\\/discotelsisal.com\\\/pt-pt\\\/#website\"},\"primaryImageOfPage\":{\"@id\":\"https:\\\/\\\/discotelsisal.com\\\/pt-pt\\\/product\\\/rodas-envolvidas-fdf-fsi-s\\\/#primaryimage\"},\"image\":{\"@id\":\"https:\\\/\\\/discotelsisal.com\\\/pt-pt\\\/product\\\/rodas-envolvidas-fdf-fsi-s\\\/#primaryimage\"},\"thumbnailUrl\":\"https:\\\/\\\/discotelsisal.com\\\/wp-content\\\/uploads\\\/2021\\\/06\\\/02a-RUOTA-AVVOLTA-FDF-S.jpg\",\"datePublished\":\"2022-08-29T13:42:35+00:00\",\"dateModified\":\"2023-11-14T08:19:21+00:00\",\"breadcrumb\":{\"@id\":\"https:\\\/\\\/discotelsisal.com\\\/pt-pt\\\/product\\\/rodas-envolvidas-fdf-fsi-s\\\/#breadcrumb\"},\"inLanguage\":\"pt-PT\",\"potentialAction\":[{\"@type\":\"ReadAction\",\"target\":[\"https:\\\/\\\/discotelsisal.com\\\/pt-pt\\\/product\\\/rodas-envolvidas-fdf-fsi-s\\\/\"]}]},{\"@type\":\"ImageObject\",\"inLanguage\":\"pt-PT\",\"@id\":\"https:\\\/\\\/discotelsisal.com\\\/pt-pt\\\/product\\\/rodas-envolvidas-fdf-fsi-s\\\/#primaryimage\",\"url\":\"https:\\\/\\\/discotelsisal.com\\\/wp-content\\\/uploads\\\/2021\\\/06\\\/02a-RUOTA-AVVOLTA-FDF-S.jpg\",\"contentUrl\":\"https:\\\/\\\/discotelsisal.com\\\/wp-content\\\/uploads\\\/2021\\\/06\\\/02a-RUOTA-AVVOLTA-FDF-S.jpg\",\"width\":1000,\"height\":1000},{\"@type\":\"BreadcrumbList\",\"@id\":\"https:\\\/\\\/discotelsisal.com\\\/pt-pt\\\/product\\\/rodas-envolvidas-fdf-fsi-s\\\/#breadcrumb\",\"itemListElement\":[{\"@type\":\"ListItem\",\"position\":1,\"name\":\"Home\",\"item\":\"https:\\\/\\\/discotelsisal.com\\\/pt-pt\\\/\"},{\"@type\":\"ListItem\",\"position\":2,\"name\":\"Shop\",\"item\":\"https:\\\/\\\/discotelsisal.com\\\/?page_id=2671\"},{\"@type\":\"ListItem\",\"position\":3,\"name\":\"RODAS ENVOLVIDAS FDF &#8211; FSI S\"}]},{\"@type\":\"WebSite\",\"@id\":\"https:\\\/\\\/discotelsisal.com\\\/pt-pt\\\/#website\",\"url\":\"https:\\\/\\\/discotelsisal.com\\\/pt-pt\\\/\",\"name\":\"Discotelsisal\",\"description\":\"Sanding Solutions\",\"publisher\":{\"@id\":\"https:\\\/\\\/discotelsisal.com\\\/pt-pt\\\/#organization\"},\"potentialAction\":[{\"@type\":\"SearchAction\",\"target\":{\"@type\":\"EntryPoint\",\"urlTemplate\":\"https:\\\/\\\/discotelsisal.com\\\/pt-pt\\\/?s={search_term_string}\"},\"query-input\":{\"@type\":\"PropertyValueSpecification\",\"valueRequired\":true,\"valueName\":\"search_term_string\"}}],\"inLanguage\":\"pt-PT\"},{\"@type\":\"Organization\",\"@id\":\"https:\\\/\\\/discotelsisal.com\\\/pt-pt\\\/#organization\",\"name\":\"Discotelsisal\",\"url\":\"https:\\\/\\\/discotelsisal.com\\\/pt-pt\\\/\",\"logo\":{\"@type\":\"ImageObject\",\"inLanguage\":\"pt-PT\",\"@id\":\"https:\\\/\\\/discotelsisal.com\\\/pt-pt\\\/#\\\/schema\\\/logo\\\/image\\\/\",\"url\":\"https:\\\/\\\/discotelsisal.com\\\/wp-content\\\/uploads\\\/2021\\\/06\\\/logo-new-resize.png\",\"contentUrl\":\"https:\\\/\\\/discotelsisal.com\\\/wp-content\\\/uploads\\\/2021\\\/06\\\/logo-new-resize.png\",\"width\":644,\"height\":200,\"caption\":\"Discotelsisal\"},\"image\":{\"@id\":\"https:\\\/\\\/discotelsisal.com\\\/pt-pt\\\/#\\\/schema\\\/logo\\\/image\\\/\"}}]}<\/script>\n<!-- \/ Yoast SEO plugin. -->","yoast_head_json":{"title":"RODAS ENVOLVIDAS FDF - FSI S - Discotelsisal","robots":{"index":"index","follow":"follow","max-snippet":"max-snippet:-1","max-image-preview":"max-image-preview:large","max-video-preview":"max-video-preview:-1"},"canonical":"https:\/\/discotelsisal.com\/pt-pt\/product\/rodas-envolvidas-fdf-fsi-s\/","og_locale":"pt_PT","og_type":"article","og_title":"RODAS ENVOLVIDAS FDF - FSI S - Discotelsisal","og_description":"Estes discos s\u00e3o utilizados exclusivamente em processamentos de perfis de madeira ou MDF.  APLICA\u00c7\u00d5ES \u2022 Lixagem de madeira em bruto \u2022 Lixagem de folheados de madeira \u2022 Lixagem de MDF em bruto \u2022 Lixagem de tinta","og_url":"https:\/\/discotelsisal.com\/pt-pt\/product\/rodas-envolvidas-fdf-fsi-s\/","og_site_name":"Discotelsisal","article_modified_time":"2023-11-14T08:19:21+00:00","og_image":[{"width":1000,"height":1000,"url":"https:\/\/discotelsisal.com\/wp-content\/uploads\/2021\/06\/02a-RUOTA-AVVOLTA-FDF-S.jpg","type":"image\/jpeg"}],"twitter_card":"summary_large_image","twitter_misc":{"Tempo estimado de leitura":"1 minuto"},"schema":{"@context":"https:\/\/schema.org","@graph":[{"@type":"WebPage","@id":"https:\/\/discotelsisal.com\/pt-pt\/product\/rodas-envolvidas-fdf-fsi-s\/","url":"https:\/\/discotelsisal.com\/pt-pt\/product\/rodas-envolvidas-fdf-fsi-s\/","name":"RODAS ENVOLVIDAS FDF - FSI S - Discotelsisal","isPartOf":{"@id":"https:\/\/discotelsisal.com\/pt-pt\/#website"},"primaryImageOfPage":{"@id":"https:\/\/discotelsisal.com\/pt-pt\/product\/rodas-envolvidas-fdf-fsi-s\/#primaryimage"},"image":{"@id":"https:\/\/discotelsisal.com\/pt-pt\/product\/rodas-envolvidas-fdf-fsi-s\/#primaryimage"},"thumbnailUrl":"https:\/\/discotelsisal.com\/wp-content\/uploads\/2021\/06\/02a-RUOTA-AVVOLTA-FDF-S.jpg","datePublished":"2022-08-29T13:42:35+00:00","dateModified":"2023-11-14T08:19:21+00:00","breadcrumb":{"@id":"https:\/\/discotelsisal.com\/pt-pt\/product\/rodas-envolvidas-fdf-fsi-s\/#breadcrumb"},"inLanguage":"pt-PT","potentialAction":[{"@type":"ReadAction","target":["https:\/\/discotelsisal.com\/pt-pt\/product\/rodas-envolvidas-fdf-fsi-s\/"]}]},{"@type":"ImageObject","inLanguage":"pt-PT","@id":"https:\/\/discotelsisal.com\/pt-pt\/product\/rodas-envolvidas-fdf-fsi-s\/#primaryimage","url":"https:\/\/discotelsisal.com\/wp-content\/uploads\/2021\/06\/02a-RUOTA-AVVOLTA-FDF-S.jpg","contentUrl":"https:\/\/discotelsisal.com\/wp-content\/uploads\/2021\/06\/02a-RUOTA-AVVOLTA-FDF-S.jpg","width":1000,"height":1000},{"@type":"BreadcrumbList","@id":"https:\/\/discotelsisal.com\/pt-pt\/product\/rodas-envolvidas-fdf-fsi-s\/#breadcrumb","itemListElement":[{"@type":"ListItem","position":1,"name":"Home","item":"https:\/\/discotelsisal.com\/pt-pt\/"},{"@type":"ListItem","position":2,"name":"Shop","item":"https:\/\/discotelsisal.com\/?page_id=2671"},{"@type":"ListItem","position":3,"name":"RODAS ENVOLVIDAS FDF &#8211; FSI S"}]},{"@type":"WebSite","@id":"https:\/\/discotelsisal.com\/pt-pt\/#website","url":"https:\/\/discotelsisal.com\/pt-pt\/","name":"Discotelsisal","description":"Sanding Solutions","publisher":{"@id":"https:\/\/discotelsisal.com\/pt-pt\/#organization"},"potentialAction":[{"@type":"SearchAction","target":{"@type":"EntryPoint","urlTemplate":"https:\/\/discotelsisal.com\/pt-pt\/?s={search_term_string}"},"query-input":{"@type":"PropertyValueSpecification","valueRequired":true,"valueName":"search_term_string"}}],"inLanguage":"pt-PT"},{"@type":"Organization","@id":"https:\/\/discotelsisal.com\/pt-pt\/#organization","name":"Discotelsisal","url":"https:\/\/discotelsisal.com\/pt-pt\/","logo":{"@type":"ImageObject","inLanguage":"pt-PT","@id":"https:\/\/discotelsisal.com\/pt-pt\/#\/schema\/logo\/image\/","url":"https:\/\/discotelsisal.com\/wp-content\/uploads\/2021\/06\/logo-new-resize.png","contentUrl":"https:\/\/discotelsisal.com\/wp-content\/uploads\/2021\/06\/logo-new-resize.png","width":644,"height":200,"caption":"Discotelsisal"},"image":{"@id":"https:\/\/discotelsisal.com\/pt-pt\/#\/schema\/logo\/image\/"}}]}},"_links":{"self":[{"href":"https:\/\/discotelsisal.com\/pt-pt\/wp-json\/wp\/v2\/product\/9281","targetHints":{"allow":["GET"]}}],"collection":[{"href":"https:\/\/discotelsisal.com\/pt-pt\/wp-json\/wp\/v2\/product"}],"about":[{"href":"https:\/\/discotelsisal.com\/pt-pt\/wp-json\/wp\/v2\/types\/product"}],"wp:featuredmedia":[{"embeddable":true,"href":"https:\/\/discotelsisal.com\/pt-pt\/wp-json\/wp\/v2\/media\/7757"}],"wp:attachment":[{"href":"https:\/\/discotelsisal.com\/pt-pt\/wp-json\/wp\/v2\/media?parent=9281"}],"wp:term":[{"taxonomy":"product_brand","embeddable":true,"href":"https:\/\/discotelsisal.com\/pt-pt\/wp-json\/wp\/v2\/product_brand?post=9281"},{"taxonomy":"product_cat","embeddable":true,"href":"https:\/\/discotelsisal.com\/pt-pt\/wp-json\/wp\/v2\/product_cat?post=9281"},{"taxonomy":"product_tag","embeddable":true,"href":"https:\/\/discotelsisal.com\/pt-pt\/wp-json\/wp\/v2\/product_tag?post=9281"}],"curies":[{"name":"wp","href":"https:\/\/api.w.org\/{rel}","templated":true}]}}