{"id":9240,"date":"2022-08-29T10:37:20","date_gmt":"2022-08-29T10:37:20","guid":{"rendered":"https:\/\/discotelsisal.com\/product\/compressed-wheels\/"},"modified":"2023-11-15T10:28:53","modified_gmt":"2023-11-15T10:28:53","slug":"rodas-comprimidas","status":"publish","type":"product","link":"https:\/\/discotelsisal.com\/pt-pt\/product\/rodas-comprimidas\/","title":{"rendered":"RODAS COMPRIMIDAS"},"content":{"rendered":"<div class=\"wpb-content-wrapper\"><p>[vc_row disable_background_image=&#8221;&#8221;][vc_column]<div class=\"mkdf-accordion-holder mkdf-ac-default  mkdf-toggle mkdf-ac-boxed  clearfix\">\n\t<h5 class=\"mkdf-accordion-title\">\n    <span class=\"mkdf-accordion-mark\">\n\t\t<span class=\"mkdf_icon_plus icon_plus\"><\/span>\n\t\t<span class=\"mkdf_icon_minus icon_minus-06\"><\/span>\n\t<\/span>\n\t<span class=\"mkdf-tab-title\">Ficha de dados<\/span>\n<\/h5>\n<div class=\"mkdf-accordion-content\">\n\t<div class=\"mkdf-accordion-content-inner\">\n\t\t<div class=\"mkdf-elements-holder   mkdf-one-column  mkdf-responsive-mode-768 \" ><div class=\"mkdf-eh-item    \"  data-item-class=\"mkdf-eh-custom-5559\">\n\t<div class=\"mkdf-eh-item-inner\">\n\t\t<div class=\"mkdf-eh-item-content mkdf-eh-custom-5559\" style=\"padding: 0px 0px 10px 0px\">\n\t\t\t<a itemprop=\"url\" href=\"https:\/\/discotelsisal.com\/wp-content\/uploads\/2021\/07\/RUOTE-COMPRESSE.jpg\" target=\"_blank\" style=\"color: #056133;border-color: #056133\" class=\"mkdf-btn mkdf-btn-medium mkdf-btn-outline\"  >\n            <span class=\"mkdf-btn-text\">Data Sheet COMPRESSED WHEELS<\/span>\n        <i class=\"mkdf-icon-dripicons dripicon  \" ><\/i>    <\/a>\t\t<\/div>\n\t<\/div>\n<\/div><\/div>\t<\/div>\n<\/div><h5 class=\"mkdf-accordion-title\">\n    <span class=\"mkdf-accordion-mark\">\n\t\t<span class=\"mkdf_icon_plus icon_plus\"><\/span>\n\t\t<span class=\"mkdf_icon_minus icon_minus-06\"><\/span>\n\t<\/span>\n\t<span class=\"mkdf-tab-title\">Ficha de dados de seguran\u00e7a<\/span>\n<\/h5>\n<div class=\"mkdf-accordion-content\">\n\t<div class=\"mkdf-accordion-content-inner\">\n\t\t<div class=\"mkdf-elements-holder   mkdf-one-column  mkdf-responsive-mode-768 \" ><div class=\"mkdf-eh-item    \"  data-item-class=\"mkdf-eh-custom-4895\">\n\t<div class=\"mkdf-eh-item-inner\">\n\t\t<div class=\"mkdf-eh-item-content mkdf-eh-custom-4895\" style=\"padding: 0px 0px 10px 0px\">\n\t\t\t<a itemprop=\"url\" href=\"https:\/\/discotelsisal.com\/wp-content\/uploads\/2023\/10\/DISCOTELSISAL-MSDS-WL-CD-TMC-A-ENG.pdf\" target=\"_blank\" style=\"color: #056133;border-color: #056133\" class=\"mkdf-btn mkdf-btn-medium mkdf-btn-outline\"  >\n            <span class=\"mkdf-btn-text\">Data Sheet MSDS - WL-CD TMC A<\/span>\n        <i class=\"mkdf-icon-dripicons dripicon  \" ><\/i>    <\/a>\t\t<\/div>\n\t<\/div>\n<\/div><\/div><div class=\"mkdf-elements-holder   mkdf-one-column  mkdf-responsive-mode-768 \" ><div class=\"mkdf-eh-item    \"  data-item-class=\"mkdf-eh-custom-6005\">\n\t<div class=\"mkdf-eh-item-inner\">\n\t\t<div class=\"mkdf-eh-item-content mkdf-eh-custom-6005\" style=\"padding: 0px 0px 10px 0px\">\n\t\t\t<a itemprop=\"url\" href=\"https:\/\/discotelsisal.com\/wp-content\/uploads\/2023\/10\/DISCOTELSISAL-MSDS-WL-CD-TMC-S-ENG.pdf\" target=\"_blank\" style=\"color: #056133;border-color: #056133\" class=\"mkdf-btn mkdf-btn-medium mkdf-btn-outline\"  >\n            <span class=\"mkdf-btn-text\">Data Sheet MSDS - WL-CD TMC S<\/span>\n        <i class=\"mkdf-icon-dripicons dripicon  \" ><\/i>    <\/a>\t\t<\/div>\n\t<\/div>\n<\/div><\/div>\t<\/div>\n<\/div><\/div>[\/vc_column][\/vc_row]<\/p>\n<\/div>","protected":false},"excerpt":{"rendered":"<p>Os rodas comprimidas s\u00e3o compostas por disc\u00f3ides de nylon \u201ctecido n\u00e3o tecido\u201d abrasivo, comprimidos e colados em torno de um n\u00facleo onde \u00e9 realizado um processo de impregna\u00e7\u00e3o com uma mistura de resinas que une cada disco entre si.<br \/>\nS\u00e3o realizadas em v\u00e1rias granulometrias e durezas.<\/p>\n<p><strong>VANTAGENS<\/strong><br \/>\n\u2022 Podem trabalhar em ambos os sentidos de rota\u00e7\u00e3o<br \/>\n\u2022 Conservam mais a forma com respeito \u00e0s lamelas normais de TNT mesmo em pe\u00e7as complexas<br \/>\n\u2022 T\u00eam uma vida \u00fatil mais longa<br \/>\n\u2022 T\u00eam maior pot\u00eancia de corte<\/p>\n<p><strong>APLICA\u00c7\u00d5ES<\/strong><br \/>\n\u2022 Lixagem de madeira<br \/>\n\u2022 Lixagem de tintas<br \/>\n\u2022 Acabamento acetinado de metais<\/p>\n","protected":false},"featured_media":7710,"template":"","meta":[],"product_brand":[],"product_cat":[240,237],"product_tag":[239],"class_list":{"0":"post-9240","1":"product","2":"type-product","3":"status-publish","4":"has-post-thumbnail","6":"product_cat-rodas-de-lamelas-pt-pt","7":"product_cat-rodas-de-lamelas","8":"product_tag-discotelsisal-pt-pt","10":"first","11":"instock","12":"shipping-taxable","13":"product-type-simple"},"yoast_head":"<!-- This site is optimized with the Yoast SEO plugin v27.3 - https:\/\/yoast.com\/product\/yoast-seo-wordpress\/ -->\n<title>RODAS COMPRIMIDAS - Discotelsisal<\/title>\n<meta name=\"robots\" content=\"index, follow, max-snippet:-1, max-image-preview:large, max-video-preview:-1\" \/>\n<link rel=\"canonical\" href=\"https:\/\/discotelsisal.com\/pt-pt\/product\/rodas-comprimidas\/\" \/>\n<meta property=\"og:locale\" content=\"pt_PT\" \/>\n<meta property=\"og:type\" content=\"article\" \/>\n<meta property=\"og:title\" content=\"RODAS COMPRIMIDAS - Discotelsisal\" \/>\n<meta property=\"og:description\" content=\"Os rodas comprimidas s\u00e3o compostas por disc\u00f3ides de nylon \u201ctecido n\u00e3o tecido\u201d abrasivo, comprimidos e colados em torno de um n\u00facleo onde \u00e9 realizado um processo de impregna\u00e7\u00e3o com uma mistura de resinas que une cada disco entre si. S\u00e3o realizadas em v\u00e1rias granulometrias e durezas.  VANTAGENS \u2022 Podem trabalhar em ambos os sentidos de rota\u00e7\u00e3o \u2022 Conservam mais a forma com respeito \u00e0s lamelas normais de TNT mesmo em pe\u00e7as complexas \u2022 T\u00eam uma vida \u00fatil mais longa \u2022 T\u00eam maior pot\u00eancia de corte  APLICA\u00c7\u00d5ES \u2022 Lixagem de madeira \u2022 Lixagem de tintas \u2022 Acabamento acetinado de metais\" \/>\n<meta property=\"og:url\" content=\"https:\/\/discotelsisal.com\/pt-pt\/product\/rodas-comprimidas\/\" \/>\n<meta property=\"og:site_name\" content=\"Discotelsisal\" \/>\n<meta property=\"article:modified_time\" content=\"2023-11-15T10:28:53+00:00\" \/>\n<meta property=\"og:image\" content=\"https:\/\/discotelsisal.com\/wp-content\/uploads\/2021\/06\/02-RUOTE-COMPRESSE.jpg\" \/>\n\t<meta property=\"og:image:width\" content=\"1000\" \/>\n\t<meta property=\"og:image:height\" content=\"1000\" \/>\n\t<meta property=\"og:image:type\" content=\"image\/jpeg\" \/>\n<meta name=\"twitter:card\" content=\"summary_large_image\" \/>\n<meta name=\"twitter:label1\" content=\"Tempo estimado de leitura\" \/>\n\t<meta name=\"twitter:data1\" content=\"1 minuto\" \/>\n<script type=\"application\/ld+json\" class=\"yoast-schema-graph\">{\"@context\":\"https:\\\/\\\/schema.org\",\"@graph\":[{\"@type\":\"WebPage\",\"@id\":\"https:\\\/\\\/discotelsisal.com\\\/pt-pt\\\/product\\\/rodas-comprimidas\\\/\",\"url\":\"https:\\\/\\\/discotelsisal.com\\\/pt-pt\\\/product\\\/rodas-comprimidas\\\/\",\"name\":\"RODAS COMPRIMIDAS - Discotelsisal\",\"isPartOf\":{\"@id\":\"https:\\\/\\\/discotelsisal.com\\\/pt-pt\\\/#website\"},\"primaryImageOfPage\":{\"@id\":\"https:\\\/\\\/discotelsisal.com\\\/pt-pt\\\/product\\\/rodas-comprimidas\\\/#primaryimage\"},\"image\":{\"@id\":\"https:\\\/\\\/discotelsisal.com\\\/pt-pt\\\/product\\\/rodas-comprimidas\\\/#primaryimage\"},\"thumbnailUrl\":\"https:\\\/\\\/discotelsisal.com\\\/wp-content\\\/uploads\\\/2021\\\/06\\\/02-RUOTE-COMPRESSE.jpg\",\"datePublished\":\"2022-08-29T10:37:20+00:00\",\"dateModified\":\"2023-11-15T10:28:53+00:00\",\"breadcrumb\":{\"@id\":\"https:\\\/\\\/discotelsisal.com\\\/pt-pt\\\/product\\\/rodas-comprimidas\\\/#breadcrumb\"},\"inLanguage\":\"pt-PT\",\"potentialAction\":[{\"@type\":\"ReadAction\",\"target\":[\"https:\\\/\\\/discotelsisal.com\\\/pt-pt\\\/product\\\/rodas-comprimidas\\\/\"]}]},{\"@type\":\"ImageObject\",\"inLanguage\":\"pt-PT\",\"@id\":\"https:\\\/\\\/discotelsisal.com\\\/pt-pt\\\/product\\\/rodas-comprimidas\\\/#primaryimage\",\"url\":\"https:\\\/\\\/discotelsisal.com\\\/wp-content\\\/uploads\\\/2021\\\/06\\\/02-RUOTE-COMPRESSE.jpg\",\"contentUrl\":\"https:\\\/\\\/discotelsisal.com\\\/wp-content\\\/uploads\\\/2021\\\/06\\\/02-RUOTE-COMPRESSE.jpg\",\"width\":1000,\"height\":1000},{\"@type\":\"BreadcrumbList\",\"@id\":\"https:\\\/\\\/discotelsisal.com\\\/pt-pt\\\/product\\\/rodas-comprimidas\\\/#breadcrumb\",\"itemListElement\":[{\"@type\":\"ListItem\",\"position\":1,\"name\":\"Home\",\"item\":\"https:\\\/\\\/discotelsisal.com\\\/pt-pt\\\/\"},{\"@type\":\"ListItem\",\"position\":2,\"name\":\"Shop\",\"item\":\"https:\\\/\\\/discotelsisal.com\\\/?page_id=2671\"},{\"@type\":\"ListItem\",\"position\":3,\"name\":\"RODAS COMPRIMIDAS\"}]},{\"@type\":\"WebSite\",\"@id\":\"https:\\\/\\\/discotelsisal.com\\\/pt-pt\\\/#website\",\"url\":\"https:\\\/\\\/discotelsisal.com\\\/pt-pt\\\/\",\"name\":\"Discotelsisal\",\"description\":\"Sanding Solutions\",\"publisher\":{\"@id\":\"https:\\\/\\\/discotelsisal.com\\\/pt-pt\\\/#organization\"},\"potentialAction\":[{\"@type\":\"SearchAction\",\"target\":{\"@type\":\"EntryPoint\",\"urlTemplate\":\"https:\\\/\\\/discotelsisal.com\\\/pt-pt\\\/?s={search_term_string}\"},\"query-input\":{\"@type\":\"PropertyValueSpecification\",\"valueRequired\":true,\"valueName\":\"search_term_string\"}}],\"inLanguage\":\"pt-PT\"},{\"@type\":\"Organization\",\"@id\":\"https:\\\/\\\/discotelsisal.com\\\/pt-pt\\\/#organization\",\"name\":\"Discotelsisal\",\"url\":\"https:\\\/\\\/discotelsisal.com\\\/pt-pt\\\/\",\"logo\":{\"@type\":\"ImageObject\",\"inLanguage\":\"pt-PT\",\"@id\":\"https:\\\/\\\/discotelsisal.com\\\/pt-pt\\\/#\\\/schema\\\/logo\\\/image\\\/\",\"url\":\"https:\\\/\\\/discotelsisal.com\\\/wp-content\\\/uploads\\\/2021\\\/06\\\/logo-new-resize.png\",\"contentUrl\":\"https:\\\/\\\/discotelsisal.com\\\/wp-content\\\/uploads\\\/2021\\\/06\\\/logo-new-resize.png\",\"width\":644,\"height\":200,\"caption\":\"Discotelsisal\"},\"image\":{\"@id\":\"https:\\\/\\\/discotelsisal.com\\\/pt-pt\\\/#\\\/schema\\\/logo\\\/image\\\/\"}}]}<\/script>\n<!-- \/ Yoast SEO plugin. -->","yoast_head_json":{"title":"RODAS COMPRIMIDAS - Discotelsisal","robots":{"index":"index","follow":"follow","max-snippet":"max-snippet:-1","max-image-preview":"max-image-preview:large","max-video-preview":"max-video-preview:-1"},"canonical":"https:\/\/discotelsisal.com\/pt-pt\/product\/rodas-comprimidas\/","og_locale":"pt_PT","og_type":"article","og_title":"RODAS COMPRIMIDAS - Discotelsisal","og_description":"Os rodas comprimidas s\u00e3o compostas por disc\u00f3ides de nylon \u201ctecido n\u00e3o tecido\u201d abrasivo, comprimidos e colados em torno de um n\u00facleo onde \u00e9 realizado um processo de impregna\u00e7\u00e3o com uma mistura de resinas que une cada disco entre si. S\u00e3o realizadas em v\u00e1rias granulometrias e durezas.  VANTAGENS \u2022 Podem trabalhar em ambos os sentidos de rota\u00e7\u00e3o \u2022 Conservam mais a forma com respeito \u00e0s lamelas normais de TNT mesmo em pe\u00e7as complexas \u2022 T\u00eam uma vida \u00fatil mais longa \u2022 T\u00eam maior pot\u00eancia de corte  APLICA\u00c7\u00d5ES \u2022 Lixagem de madeira \u2022 Lixagem de tintas \u2022 Acabamento acetinado de metais","og_url":"https:\/\/discotelsisal.com\/pt-pt\/product\/rodas-comprimidas\/","og_site_name":"Discotelsisal","article_modified_time":"2023-11-15T10:28:53+00:00","og_image":[{"width":1000,"height":1000,"url":"https:\/\/discotelsisal.com\/wp-content\/uploads\/2021\/06\/02-RUOTE-COMPRESSE.jpg","type":"image\/jpeg"}],"twitter_card":"summary_large_image","twitter_misc":{"Tempo estimado de leitura":"1 minuto"},"schema":{"@context":"https:\/\/schema.org","@graph":[{"@type":"WebPage","@id":"https:\/\/discotelsisal.com\/pt-pt\/product\/rodas-comprimidas\/","url":"https:\/\/discotelsisal.com\/pt-pt\/product\/rodas-comprimidas\/","name":"RODAS COMPRIMIDAS - Discotelsisal","isPartOf":{"@id":"https:\/\/discotelsisal.com\/pt-pt\/#website"},"primaryImageOfPage":{"@id":"https:\/\/discotelsisal.com\/pt-pt\/product\/rodas-comprimidas\/#primaryimage"},"image":{"@id":"https:\/\/discotelsisal.com\/pt-pt\/product\/rodas-comprimidas\/#primaryimage"},"thumbnailUrl":"https:\/\/discotelsisal.com\/wp-content\/uploads\/2021\/06\/02-RUOTE-COMPRESSE.jpg","datePublished":"2022-08-29T10:37:20+00:00","dateModified":"2023-11-15T10:28:53+00:00","breadcrumb":{"@id":"https:\/\/discotelsisal.com\/pt-pt\/product\/rodas-comprimidas\/#breadcrumb"},"inLanguage":"pt-PT","potentialAction":[{"@type":"ReadAction","target":["https:\/\/discotelsisal.com\/pt-pt\/product\/rodas-comprimidas\/"]}]},{"@type":"ImageObject","inLanguage":"pt-PT","@id":"https:\/\/discotelsisal.com\/pt-pt\/product\/rodas-comprimidas\/#primaryimage","url":"https:\/\/discotelsisal.com\/wp-content\/uploads\/2021\/06\/02-RUOTE-COMPRESSE.jpg","contentUrl":"https:\/\/discotelsisal.com\/wp-content\/uploads\/2021\/06\/02-RUOTE-COMPRESSE.jpg","width":1000,"height":1000},{"@type":"BreadcrumbList","@id":"https:\/\/discotelsisal.com\/pt-pt\/product\/rodas-comprimidas\/#breadcrumb","itemListElement":[{"@type":"ListItem","position":1,"name":"Home","item":"https:\/\/discotelsisal.com\/pt-pt\/"},{"@type":"ListItem","position":2,"name":"Shop","item":"https:\/\/discotelsisal.com\/?page_id=2671"},{"@type":"ListItem","position":3,"name":"RODAS COMPRIMIDAS"}]},{"@type":"WebSite","@id":"https:\/\/discotelsisal.com\/pt-pt\/#website","url":"https:\/\/discotelsisal.com\/pt-pt\/","name":"Discotelsisal","description":"Sanding Solutions","publisher":{"@id":"https:\/\/discotelsisal.com\/pt-pt\/#organization"},"potentialAction":[{"@type":"SearchAction","target":{"@type":"EntryPoint","urlTemplate":"https:\/\/discotelsisal.com\/pt-pt\/?s={search_term_string}"},"query-input":{"@type":"PropertyValueSpecification","valueRequired":true,"valueName":"search_term_string"}}],"inLanguage":"pt-PT"},{"@type":"Organization","@id":"https:\/\/discotelsisal.com\/pt-pt\/#organization","name":"Discotelsisal","url":"https:\/\/discotelsisal.com\/pt-pt\/","logo":{"@type":"ImageObject","inLanguage":"pt-PT","@id":"https:\/\/discotelsisal.com\/pt-pt\/#\/schema\/logo\/image\/","url":"https:\/\/discotelsisal.com\/wp-content\/uploads\/2021\/06\/logo-new-resize.png","contentUrl":"https:\/\/discotelsisal.com\/wp-content\/uploads\/2021\/06\/logo-new-resize.png","width":644,"height":200,"caption":"Discotelsisal"},"image":{"@id":"https:\/\/discotelsisal.com\/pt-pt\/#\/schema\/logo\/image\/"}}]}},"_links":{"self":[{"href":"https:\/\/discotelsisal.com\/pt-pt\/wp-json\/wp\/v2\/product\/9240","targetHints":{"allow":["GET"]}}],"collection":[{"href":"https:\/\/discotelsisal.com\/pt-pt\/wp-json\/wp\/v2\/product"}],"about":[{"href":"https:\/\/discotelsisal.com\/pt-pt\/wp-json\/wp\/v2\/types\/product"}],"wp:featuredmedia":[{"embeddable":true,"href":"https:\/\/discotelsisal.com\/pt-pt\/wp-json\/wp\/v2\/media\/7710"}],"wp:attachment":[{"href":"https:\/\/discotelsisal.com\/pt-pt\/wp-json\/wp\/v2\/media?parent=9240"}],"wp:term":[{"taxonomy":"product_brand","embeddable":true,"href":"https:\/\/discotelsisal.com\/pt-pt\/wp-json\/wp\/v2\/product_brand?post=9240"},{"taxonomy":"product_cat","embeddable":true,"href":"https:\/\/discotelsisal.com\/pt-pt\/wp-json\/wp\/v2\/product_cat?post=9240"},{"taxonomy":"product_tag","embeddable":true,"href":"https:\/\/discotelsisal.com\/pt-pt\/wp-json\/wp\/v2\/product_tag?post=9240"}],"curies":[{"name":"wp","href":"https:\/\/api.w.org\/{rel}","templated":true}]}}