{"id":9402,"date":"2021-04-16T12:50:03","date_gmt":"2021-04-16T12:50:03","guid":{"rendered":"https:\/\/discotelsisal.com\/produtos\/settore-orafo\/"},"modified":"2022-08-30T10:34:10","modified_gmt":"2022-08-30T10:34:10","slug":"sector-de-ouriversaria","status":"publish","type":"page","link":"https:\/\/discotelsisal.com\/pt-pt\/produtos\/sector-de-ouriversaria\/","title":{"rendered":"SECTOR DE OURIVESARIA"},"content":{"rendered":"<div class=\"wpb-content-wrapper\"><p>[vc_row disable_background_image=&#8221;&#8221; simple_background_color=&#8221;#056133&#8243;][vc_column]<div class=\"mkdf-elements-holder   mkdf-one-column  mkdf-responsive-mode-768 \" ><div class=\"mkdf-eh-item   mkdf-horizontal-alignment-center \"  data-item-class=\"mkdf-eh-custom-8788\">\n\t<div class=\"mkdf-eh-item-inner\">\n\t\t<div class=\"mkdf-eh-item-content mkdf-eh-custom-8788\" style=\"padding: 40px 0px 40px 0px\">\n\t\t\t<div class=\"mkdf-section-title-holder title-split-style   mkdf-has-appear-animation\" >\n\t<div class=\"mkdf-st-inner\">\n\t\t\t\t\t\t<h1 class=\"mkdf-st-title\" style=\"color: #ffffff\">\n\t\t\t\t\t\t\t\t\tSECTOR DE OURIVESARIA\t\t\t\t\t\t\t<\/h1>\n\t\t\t\t\t\t\t<\/div>\n<\/div>\t\t<\/div>\n\t<\/div>\n<\/div><\/div>[\/vc_column][\/vc_row][vc_row row_content_width=&#8221;grid&#8221; disable_background_image=&#8221;&#8221;][vc_column][vc_empty_space]<div class=\"mkdf-elements-holder   mkdf-two-columns  mkdf-responsive-mode-768 \" ><div class=\"mkdf-eh-item  mkdf-vertical-alignment-top  \"  data-item-class=\"mkdf-eh-custom-9255\">\n\t<div class=\"mkdf-eh-item-inner\">\n\t\t<div class=\"mkdf-eh-item-content mkdf-eh-custom-9255\" style=\"padding: 10px 30px 10px 0px\">\n\t\t\t[vc_single_image image=&#8221;7602&#8243; img_size=&#8221;full&#8221;]\t\t<\/div>\n\t<\/div>\n<\/div><\/div>[\/vc_column][\/vc_row][vc_row row_content_width=&#8221;grid&#8221; disable_background_image=&#8221;&#8221;][vc_column][vc_empty_space][vc_column_text]Com 60 anos de experi\u00eancia, a DISCOTELSISAL desenvolveu uma s\u00e9rie de produtos dedicados \u00e0 ind\u00fastria da ourivesaria.[\/vc_column_text][vc_empty_space][\/vc_column][\/vc_row][vc_row row_content_width=&#8221;grid&#8221; disable_background_image=&#8221;&#8221; simple_background_color=&#8221;#056133&#8243;][vc_column]<div class=\"mkdf-elements-holder   mkdf-two-columns  mkdf-responsive-mode-768 \" ><div class=\"mkdf-eh-item  mkdf-vertical-alignment-top  \"  data-item-class=\"mkdf-eh-custom-1517\">\n\t<div class=\"mkdf-eh-item-inner\">\n\t\t<div class=\"mkdf-eh-item-content mkdf-eh-custom-1517\" style=\"padding: 10px 30px 10px 0px\">\n\t\t\t[vc_column_text]<\/p>\n<h4 style=\"color: white;\">PRODUTOS<\/h4>\n<ul>\n<li style=\"color: white;\">Lamelas de TNT<\/li>\n<li style=\"color: white;\">Discos de tela mista<\/li>\n<\/ul>\n<p>[\/vc_column_text]\t\t<\/div>\n\t<\/div>\n<\/div><div class=\"mkdf-eh-item  mkdf-vertical-alignment-top  \"  data-item-class=\"mkdf-eh-custom-4351\" data-680=\"0px 0px 0px 0px\">\n\t<div class=\"mkdf-eh-item-inner\">\n\t\t<div class=\"mkdf-eh-item-content mkdf-eh-custom-4351\" style=\"padding: 10px 0px 10px 30px\">\n\t\t\t[vc_column_text]<\/p>\n<h4 style=\"color: white;\">APLICA\u00c7\u00d5ES<\/h4>\n<ul>\n<li style=\"color: white;\">Acabamento acetinado de metais preciosos<\/li>\n<li style=\"color: white;\">Esmerilagem de metais preciosos<\/li>\n<li style=\"color: white;\">Acabamento de metais preciosos<\/li>\n<\/ul>\n<p>[\/vc_column_text]\t\t<\/div>\n\t<\/div>\n<\/div><\/div>[vc_empty_space]<a itemprop=\"url\" href=\"https:\/\/discotelsisal.com\/wp-content\/uploads\/2021\/07\/SETTORE-ORAFO.jpg\" target=\"_blank\" style=\"color: #ffffff;border-color: #ffffff\" class=\"mkdf-btn mkdf-btn-medium mkdf-btn-predefined\"  >\n            <span class=\"mkdf-btn-predefined-line-holder\">\n            <span class=\"mkdf-btn-line-hidden\"><\/span>\n            <span class=\"mkdf-btn-text\">Ficha t\u00e9cnica<\/span>\n\t        <span class=\"mkdf-btn-line\"><\/span>\n            <i class=\"mkdf-btn-predefined-icon mkdf-icon-ion-icon ion-ios-play \"><\/i>\n        <\/span>\n    <\/a>[vc_empty_space][\/vc_column][\/vc_row][vc_row row_content_width=&#8221;grid&#8221; disable_background_image=&#8221;&#8221;][vc_column][vc_empty_space][vc_row_inner][vc_column_inner width=&#8221;2\/4&#8243;][vc_single_image image=&#8221;8120&#8243; img_size=&#8221;full&#8221;][\/vc_column_inner][vc_column_inner width=&#8221;1\/4&#8243;][vc_single_image image=&#8221;8121&#8243; img_size=&#8221;full&#8221;][\/vc_column_inner][vc_column_inner width=&#8221;1\/4&#8243;][vc_single_image image=&#8221;8122&#8243; img_size=&#8221;full&#8221;][\/vc_column_inner][\/vc_row_inner][vc_empty_space][\/vc_column][\/vc_row]<\/p>\n<\/div>","protected":false},"excerpt":{"rendered":"<p>[vc_row disable_background_image=&#8221;&#8221; simple_background_color=&#8221;#056133&#8243;][vc_column][\/vc_column][\/vc_row][vc_row row_content_width=&#8221;grid&#8221; disable_background_image=&#8221;&#8221;][vc_column][vc_empty_space][\/vc_column][\/vc_row][vc_row row_content_width=&#8221;grid&#8221; disable_background_image=&#8221;&#8221;][vc_column][vc_empty_space][vc_column_text]Com 60 anos de experi\u00eancia, a DISCOTELSISAL desenvolveu uma s\u00e9rie de produtos dedicados \u00e0 ind\u00fastria da ourivesaria.[\/vc_column_text][vc_empty_space][\/vc_column][\/vc_row][vc_row row_content_width=&#8221;grid&#8221; disable_background_image=&#8221;&#8221; simple_background_color=&#8221;#056133&#8243;][vc_column][vc_empty_space][vc_empty_space][\/vc_column][\/vc_row][vc_row row_content_width=&#8221;grid&#8221; disable_background_image=&#8221;&#8221;][vc_column][vc_empty_space][vc_row_inner][vc_column_inner width=&#8221;2\/4&#8243;][vc_single_image image=&#8221;8120&#8243; img_size=&#8221;full&#8221;][\/vc_column_inner][vc_column_inner width=&#8221;1\/4&#8243;][vc_single_image image=&#8221;8121&#8243; img_size=&#8221;full&#8221;][\/vc_column_inner][vc_column_inner width=&#8221;1\/4&#8243;][vc_single_image image=&#8221;8122&#8243; img_size=&#8221;full&#8221;][\/vc_column_inner][\/vc_row_inner][vc_empty_space][\/vc_column][\/vc_row]<\/p>\n","protected":false},"author":5,"featured_media":0,"parent":9220,"menu_order":0,"comment_status":"closed","ping_status":"closed","template":"full-width.php","meta":{"footnotes":""},"class_list":["post-9402","page","type-page","status-publish","hentry"],"yoast_head":"<!-- This site is optimized with the Yoast SEO plugin v27.3 - https:\/\/yoast.com\/product\/yoast-seo-wordpress\/ -->\n<title>SECTOR DE OURIVESARIA - Discotelsisal<\/title>\n<meta name=\"description\" content=\"Com 60 anos de experi\u00eancia, a DISCOTELSISAL desenvolveu uma s\u00e9rie de produtos dedicados \u00e0 ind\u00fastria da ourivesaria.\" \/>\n<meta name=\"robots\" content=\"index, follow, max-snippet:-1, max-image-preview:large, max-video-preview:-1\" \/>\n<link rel=\"canonical\" href=\"https:\/\/discotelsisal.com\/pt-pt\/produtos\/sector-de-ouriversaria\/\" \/>\n<meta property=\"og:locale\" content=\"pt_PT\" \/>\n<meta property=\"og:type\" content=\"article\" \/>\n<meta property=\"og:title\" content=\"SECTOR DE OURIVESARIA - Discotelsisal\" \/>\n<meta property=\"og:description\" content=\"Com 60 anos de experi\u00eancia, a DISCOTELSISAL desenvolveu uma s\u00e9rie de produtos dedicados \u00e0 ind\u00fastria da ourivesaria.\" \/>\n<meta property=\"og:url\" content=\"https:\/\/discotelsisal.com\/pt-pt\/produtos\/sector-de-ouriversaria\/\" \/>\n<meta property=\"og:site_name\" content=\"Discotelsisal\" \/>\n<meta property=\"article:modified_time\" content=\"2022-08-30T10:34:10+00:00\" \/>\n<meta name=\"twitter:card\" content=\"summary_large_image\" \/>\n<meta name=\"twitter:label1\" content=\"Tempo estimado de leitura\" \/>\n\t<meta name=\"twitter:data1\" content=\"1 minuto\" \/>\n<script type=\"application\/ld+json\" class=\"yoast-schema-graph\">{\"@context\":\"https:\\\/\\\/schema.org\",\"@graph\":[{\"@type\":\"WebPage\",\"@id\":\"https:\\\/\\\/discotelsisal.com\\\/pt-pt\\\/produtos\\\/sector-de-ouriversaria\\\/\",\"url\":\"https:\\\/\\\/discotelsisal.com\\\/pt-pt\\\/produtos\\\/sector-de-ouriversaria\\\/\",\"name\":\"SECTOR DE OURIVESARIA - Discotelsisal\",\"isPartOf\":{\"@id\":\"https:\\\/\\\/discotelsisal.com\\\/pt-pt\\\/#website\"},\"datePublished\":\"2021-04-16T12:50:03+00:00\",\"dateModified\":\"2022-08-30T10:34:10+00:00\",\"description\":\"Com 60 anos de experi\u00eancia, a DISCOTELSISAL desenvolveu uma s\u00e9rie de produtos dedicados \u00e0 ind\u00fastria da ourivesaria.\",\"breadcrumb\":{\"@id\":\"https:\\\/\\\/discotelsisal.com\\\/pt-pt\\\/produtos\\\/sector-de-ouriversaria\\\/#breadcrumb\"},\"inLanguage\":\"pt-PT\",\"potentialAction\":[{\"@type\":\"ReadAction\",\"target\":[\"https:\\\/\\\/discotelsisal.com\\\/pt-pt\\\/produtos\\\/sector-de-ouriversaria\\\/\"]}]},{\"@type\":\"BreadcrumbList\",\"@id\":\"https:\\\/\\\/discotelsisal.com\\\/pt-pt\\\/produtos\\\/sector-de-ouriversaria\\\/#breadcrumb\",\"itemListElement\":[{\"@type\":\"ListItem\",\"position\":1,\"name\":\"Home\",\"item\":\"https:\\\/\\\/discotelsisal.com\\\/pt-pt\\\/\"},{\"@type\":\"ListItem\",\"position\":2,\"name\":\"Produtos\",\"item\":\"https:\\\/\\\/discotelsisal.com\\\/pt-pt\\\/produtos\\\/\"},{\"@type\":\"ListItem\",\"position\":3,\"name\":\"SECTOR DE OURIVESARIA\"}]},{\"@type\":\"WebSite\",\"@id\":\"https:\\\/\\\/discotelsisal.com\\\/pt-pt\\\/#website\",\"url\":\"https:\\\/\\\/discotelsisal.com\\\/pt-pt\\\/\",\"name\":\"Discotelsisal\",\"description\":\"Sanding Solutions\",\"publisher\":{\"@id\":\"https:\\\/\\\/discotelsisal.com\\\/pt-pt\\\/#organization\"},\"potentialAction\":[{\"@type\":\"SearchAction\",\"target\":{\"@type\":\"EntryPoint\",\"urlTemplate\":\"https:\\\/\\\/discotelsisal.com\\\/pt-pt\\\/?s={search_term_string}\"},\"query-input\":{\"@type\":\"PropertyValueSpecification\",\"valueRequired\":true,\"valueName\":\"search_term_string\"}}],\"inLanguage\":\"pt-PT\"},{\"@type\":\"Organization\",\"@id\":\"https:\\\/\\\/discotelsisal.com\\\/pt-pt\\\/#organization\",\"name\":\"Discotelsisal\",\"url\":\"https:\\\/\\\/discotelsisal.com\\\/pt-pt\\\/\",\"logo\":{\"@type\":\"ImageObject\",\"inLanguage\":\"pt-PT\",\"@id\":\"https:\\\/\\\/discotelsisal.com\\\/pt-pt\\\/#\\\/schema\\\/logo\\\/image\\\/\",\"url\":\"https:\\\/\\\/discotelsisal.com\\\/wp-content\\\/uploads\\\/2021\\\/06\\\/logo-new-resize.png\",\"contentUrl\":\"https:\\\/\\\/discotelsisal.com\\\/wp-content\\\/uploads\\\/2021\\\/06\\\/logo-new-resize.png\",\"width\":644,\"height\":200,\"caption\":\"Discotelsisal\"},\"image\":{\"@id\":\"https:\\\/\\\/discotelsisal.com\\\/pt-pt\\\/#\\\/schema\\\/logo\\\/image\\\/\"}}]}<\/script>\n<!-- \/ Yoast SEO plugin. -->","yoast_head_json":{"title":"SECTOR DE OURIVESARIA - Discotelsisal","description":"Com 60 anos de experi\u00eancia, a DISCOTELSISAL desenvolveu uma s\u00e9rie de produtos dedicados \u00e0 ind\u00fastria da ourivesaria.","robots":{"index":"index","follow":"follow","max-snippet":"max-snippet:-1","max-image-preview":"max-image-preview:large","max-video-preview":"max-video-preview:-1"},"canonical":"https:\/\/discotelsisal.com\/pt-pt\/produtos\/sector-de-ouriversaria\/","og_locale":"pt_PT","og_type":"article","og_title":"SECTOR DE OURIVESARIA - Discotelsisal","og_description":"Com 60 anos de experi\u00eancia, a DISCOTELSISAL desenvolveu uma s\u00e9rie de produtos dedicados \u00e0 ind\u00fastria da ourivesaria.","og_url":"https:\/\/discotelsisal.com\/pt-pt\/produtos\/sector-de-ouriversaria\/","og_site_name":"Discotelsisal","article_modified_time":"2022-08-30T10:34:10+00:00","twitter_card":"summary_large_image","twitter_misc":{"Tempo estimado de leitura":"1 minuto"},"schema":{"@context":"https:\/\/schema.org","@graph":[{"@type":"WebPage","@id":"https:\/\/discotelsisal.com\/pt-pt\/produtos\/sector-de-ouriversaria\/","url":"https:\/\/discotelsisal.com\/pt-pt\/produtos\/sector-de-ouriversaria\/","name":"SECTOR DE OURIVESARIA - Discotelsisal","isPartOf":{"@id":"https:\/\/discotelsisal.com\/pt-pt\/#website"},"datePublished":"2021-04-16T12:50:03+00:00","dateModified":"2022-08-30T10:34:10+00:00","description":"Com 60 anos de experi\u00eancia, a DISCOTELSISAL desenvolveu uma s\u00e9rie de produtos dedicados \u00e0 ind\u00fastria da ourivesaria.","breadcrumb":{"@id":"https:\/\/discotelsisal.com\/pt-pt\/produtos\/sector-de-ouriversaria\/#breadcrumb"},"inLanguage":"pt-PT","potentialAction":[{"@type":"ReadAction","target":["https:\/\/discotelsisal.com\/pt-pt\/produtos\/sector-de-ouriversaria\/"]}]},{"@type":"BreadcrumbList","@id":"https:\/\/discotelsisal.com\/pt-pt\/produtos\/sector-de-ouriversaria\/#breadcrumb","itemListElement":[{"@type":"ListItem","position":1,"name":"Home","item":"https:\/\/discotelsisal.com\/pt-pt\/"},{"@type":"ListItem","position":2,"name":"Produtos","item":"https:\/\/discotelsisal.com\/pt-pt\/produtos\/"},{"@type":"ListItem","position":3,"name":"SECTOR DE OURIVESARIA"}]},{"@type":"WebSite","@id":"https:\/\/discotelsisal.com\/pt-pt\/#website","url":"https:\/\/discotelsisal.com\/pt-pt\/","name":"Discotelsisal","description":"Sanding Solutions","publisher":{"@id":"https:\/\/discotelsisal.com\/pt-pt\/#organization"},"potentialAction":[{"@type":"SearchAction","target":{"@type":"EntryPoint","urlTemplate":"https:\/\/discotelsisal.com\/pt-pt\/?s={search_term_string}"},"query-input":{"@type":"PropertyValueSpecification","valueRequired":true,"valueName":"search_term_string"}}],"inLanguage":"pt-PT"},{"@type":"Organization","@id":"https:\/\/discotelsisal.com\/pt-pt\/#organization","name":"Discotelsisal","url":"https:\/\/discotelsisal.com\/pt-pt\/","logo":{"@type":"ImageObject","inLanguage":"pt-PT","@id":"https:\/\/discotelsisal.com\/pt-pt\/#\/schema\/logo\/image\/","url":"https:\/\/discotelsisal.com\/wp-content\/uploads\/2021\/06\/logo-new-resize.png","contentUrl":"https:\/\/discotelsisal.com\/wp-content\/uploads\/2021\/06\/logo-new-resize.png","width":644,"height":200,"caption":"Discotelsisal"},"image":{"@id":"https:\/\/discotelsisal.com\/pt-pt\/#\/schema\/logo\/image\/"}}]}},"_links":{"self":[{"href":"https:\/\/discotelsisal.com\/pt-pt\/wp-json\/wp\/v2\/pages\/9402","targetHints":{"allow":["GET"]}}],"collection":[{"href":"https:\/\/discotelsisal.com\/pt-pt\/wp-json\/wp\/v2\/pages"}],"about":[{"href":"https:\/\/discotelsisal.com\/pt-pt\/wp-json\/wp\/v2\/types\/page"}],"author":[{"embeddable":true,"href":"https:\/\/discotelsisal.com\/pt-pt\/wp-json\/wp\/v2\/users\/5"}],"replies":[{"embeddable":true,"href":"https:\/\/discotelsisal.com\/pt-pt\/wp-json\/wp\/v2\/comments?post=9402"}],"version-history":[{"count":3,"href":"https:\/\/discotelsisal.com\/pt-pt\/wp-json\/wp\/v2\/pages\/9402\/revisions"}],"predecessor-version":[{"id":9405,"href":"https:\/\/discotelsisal.com\/pt-pt\/wp-json\/wp\/v2\/pages\/9402\/revisions\/9405"}],"up":[{"embeddable":true,"href":"https:\/\/discotelsisal.com\/pt-pt\/wp-json\/wp\/v2\/pages\/9220"}],"wp:attachment":[{"href":"https:\/\/discotelsisal.com\/pt-pt\/wp-json\/wp\/v2\/media?parent=9402"}],"curies":[{"name":"wp","href":"https:\/\/api.w.org\/{rel}","templated":true}]}}