{"id":9398,"date":"2021-04-16T08:52:02","date_gmt":"2021-04-16T08:52:02","guid":{"rendered":"https:\/\/discotelsisal.com\/produtos\/settore-ceramica\/"},"modified":"2022-09-19T15:09:02","modified_gmt":"2022-09-19T15:09:02","slug":"sector-da-ceramica","status":"publish","type":"page","link":"https:\/\/discotelsisal.com\/pt-pt\/produtos\/sector-da-ceramica\/","title":{"rendered":"SECTOR DA CER\u00c2MICA"},"content":{"rendered":"<div class=\"wpb-content-wrapper\"><p>[vc_row disable_background_image=&#8221;&#8221; simple_background_color=&#8221;#056133&#8243;][vc_column]<div class=\"mkdf-elements-holder   mkdf-one-column  mkdf-responsive-mode-768 \" ><div class=\"mkdf-eh-item   mkdf-horizontal-alignment-center \"  data-item-class=\"mkdf-eh-custom-6241\">\n\t<div class=\"mkdf-eh-item-inner\">\n\t\t<div class=\"mkdf-eh-item-content mkdf-eh-custom-6241\" style=\"padding: 40px 0px 40px 0px\">\n\t\t\t<div class=\"mkdf-section-title-holder title-split-style   mkdf-has-appear-animation\" >\n\t<div class=\"mkdf-st-inner\">\n\t\t\t\t\t\t<h1 class=\"mkdf-st-title\" style=\"color: #ffffff\">\n\t\t\t\t\t\t\t\t\tSECTOR DA CER\u00c2MICA\t\t\t\t\t\t\t<\/h1>\n\t\t\t\t\t\t\t<\/div>\n<\/div>\t\t<\/div>\n\t<\/div>\n<\/div><\/div>[\/vc_column][\/vc_row][vc_row row_content_width=&#8221;grid&#8221; disable_background_image=&#8221;&#8221;][vc_column][vc_empty_space]<div class=\"mkdf-elements-holder   mkdf-two-columns  mkdf-responsive-mode-768 \" ><div class=\"mkdf-eh-item  mkdf-vertical-alignment-top  \"  data-item-class=\"mkdf-eh-custom-4027\">\n\t<div class=\"mkdf-eh-item-inner\">\n\t\t<div class=\"mkdf-eh-item-content mkdf-eh-custom-4027\" style=\"padding: 10px 30px 10px 0px\">\n\t\t\t[vc_single_image image=&#8221;7601&#8243; img_size=&#8221;full&#8221;]\t\t<\/div>\n\t<\/div>\n<\/div><\/div>[\/vc_column][\/vc_row][vc_row row_content_width=&#8221;grid&#8221; disable_background_image=&#8221;&#8221;][vc_column][vc_empty_space][vc_column_text]<\/p>\n<p class=\"p1\">Com 60 anos de experi\u00eancia, a DISCOTELSISAL desenvolveu uma s\u00e9rie de produtos dedicados \u00e0 ind\u00fastria da cer\u00e2mica e da porcelana.<\/p>\n<p>[\/vc_column_text][vc_empty_space][\/vc_column][\/vc_row][vc_row row_content_width=&#8221;grid&#8221; disable_background_image=&#8221;&#8221; simple_background_color=&#8221;#056133&#8243;][vc_column]<div class=\"mkdf-elements-holder   mkdf-two-columns  mkdf-responsive-mode-768 \" ><div class=\"mkdf-eh-item  mkdf-vertical-alignment-top  \"  data-item-class=\"mkdf-eh-custom-3837\">\n\t<div class=\"mkdf-eh-item-inner\">\n\t\t<div class=\"mkdf-eh-item-content mkdf-eh-custom-3837\" style=\"padding: 10px 30px 10px 0px\">\n\t\t\t[vc_column_text]<\/p>\n<h4 style=\"color: white;\">PRODUTOS<\/h4>\n<ul>\n<li style=\"color: white;\">Lamelas de TNT para m\u00e1quinas de orlar<\/li>\n<li style=\"color: white;\">Discos de tela mista para m\u00e1quinas de orlar<\/li>\n<li style=\"color: white;\">Discos bobinados para m\u00e1quinas de orlar<\/li>\n<li style=\"color: white;\">Lamelas de TNT radiais para brunimento<\/li>\n<li style=\"color: white;\">Discos de tela mista radiais para gr\u00e9s porcelanato<\/li>\n<li style=\"color: white;\">Discos de TNT para limpeza<\/li>\n<li style=\"color: white;\">Tamp\u00f5es de TNT para usinagens de artigos sanit\u00e1rios<\/li>\n<\/ul>\n<p>[\/vc_column_text]\t\t<\/div>\n\t<\/div>\n<\/div><div class=\"mkdf-eh-item  mkdf-vertical-alignment-top  \"  data-item-class=\"mkdf-eh-custom-4997\" data-680=\"0px 0px 0px 0px\">\n\t<div class=\"mkdf-eh-item-inner\">\n\t\t<div class=\"mkdf-eh-item-content mkdf-eh-custom-4997\" style=\"padding: 10px 0px 10px 30px\">\n\t\t\t[vc_column_text]<\/p>\n<h4 style=\"color: white;\">APLICA\u00c7\u00d5ES<\/h4>\n<ul>\n<li style=\"color: white;\">Remo\u00e7\u00e3o do excesso de esmalte nas bordas dos ladrilhos<\/li>\n<li style=\"color: white;\">Opera\u00e7\u00f5es de brunimento sobre superf\u00edcies de\u2028ladrilhos<\/li>\n<li style=\"color: white;\">Usinagens de artigos sanit\u00e1rios<\/li>\n<li style=\"color: white;\">Processamento de loi\u00e7as de mesa<\/li>\n<li style=\"color: white;\">Utiliz\u00e1veis em m\u00e1quinas autom\u00e1ticas<\/li>\n<li style=\"color: white;\">Adequado tanto para uso a seco como h\u00famido<\/li>\n<li style=\"color: white;\">Utiliz\u00e1veis em cer\u00e2mica queimada e n\u00e3o queimada<\/li>\n<\/ul>\n<p>[\/vc_column_text]\t\t<\/div>\n\t<\/div>\n<\/div><\/div>[vc_empty_space]<a itemprop=\"url\" href=\"https:\/\/discotelsisal.com\/wp-content\/uploads\/2021\/07\/SETORE-CERAMICHE-.jpg\" target=\"_blank\" style=\"color: #ffffff;border-color: #ffffff\" class=\"mkdf-btn mkdf-btn-medium mkdf-btn-predefined\"  >\n            <span class=\"mkdf-btn-predefined-line-holder\">\n            <span class=\"mkdf-btn-line-hidden\"><\/span>\n            <span class=\"mkdf-btn-text\">Ficha T\u00e9cnica<\/span>\n\t        <span class=\"mkdf-btn-line\"><\/span>\n            <i class=\"mkdf-btn-predefined-icon mkdf-icon-ion-icon ion-ios-play \"><\/i>\n        <\/span>\n    <\/a>[vc_empty_space][\/vc_column][\/vc_row][vc_row row_content_width=&#8221;grid&#8221; disable_background_image=&#8221;&#8221;][vc_column][vc_empty_space][vc_row_inner][vc_column_inner width=&#8221;2\/4&#8243;][vc_single_image image=&#8221;8117&#8243; img_size=&#8221;full&#8221;][\/vc_column_inner][vc_column_inner width=&#8221;1\/4&#8243;][vc_single_image image=&#8221;8118&#8243; img_size=&#8221;full&#8221;][\/vc_column_inner][vc_column_inner width=&#8221;1\/4&#8243;][vc_single_image image=&#8221;8119&#8243; img_size=&#8221;full&#8221;][\/vc_column_inner][\/vc_row_inner][vc_empty_space][\/vc_column][\/vc_row]<\/p>\n<\/div>","protected":false},"excerpt":{"rendered":"<p>[vc_row disable_background_image=&#8221;&#8221; simple_background_color=&#8221;#056133&#8243;][vc_column][\/vc_column][\/vc_row][vc_row row_content_width=&#8221;grid&#8221; disable_background_image=&#8221;&#8221;][vc_column][vc_empty_space][\/vc_column][\/vc_row][vc_row row_content_width=&#8221;grid&#8221; disable_background_image=&#8221;&#8221;][vc_column][vc_empty_space][vc_column_text] Com 60 anos de experi\u00eancia, a DISCOTELSISAL desenvolveu uma s\u00e9rie de produtos dedicados \u00e0 ind\u00fastria da cer\u00e2mica e da porcelana. [\/vc_column_text][vc_empty_space][\/vc_column][\/vc_row][vc_row row_content_width=&#8221;grid&#8221; disable_background_image=&#8221;&#8221; simple_background_color=&#8221;#056133&#8243;][vc_column][vc_empty_space][vc_empty_space][\/vc_column][\/vc_row][vc_row row_content_width=&#8221;grid&#8221; disable_background_image=&#8221;&#8221;][vc_column][vc_empty_space][vc_row_inner][vc_column_inner width=&#8221;2\/4&#8243;][vc_single_image image=&#8221;8117&#8243; img_size=&#8221;full&#8221;][\/vc_column_inner][vc_column_inner width=&#8221;1\/4&#8243;][vc_single_image image=&#8221;8118&#8243; img_size=&#8221;full&#8221;][\/vc_column_inner][vc_column_inner width=&#8221;1\/4&#8243;][vc_single_image image=&#8221;8119&#8243; img_size=&#8221;full&#8221;][\/vc_column_inner][\/vc_row_inner][vc_empty_space][\/vc_column][\/vc_row]<\/p>\n","protected":false},"author":5,"featured_media":0,"parent":9220,"menu_order":0,"comment_status":"closed","ping_status":"closed","template":"full-width.php","meta":{"footnotes":""},"class_list":["post-9398","page","type-page","status-publish","hentry"],"yoast_head":"<!-- This site is optimized with the Yoast SEO plugin v27.3 - https:\/\/yoast.com\/product\/yoast-seo-wordpress\/ -->\n<title>SECTOR DA CER\u00c2MICA - Discotelsisal<\/title>\n<meta name=\"description\" content=\"Grazie all\u2019esperienza acquisita, DISCOTELSISAL ha sviluppato una serie di prodotti dedicati al settore della ceramica e della porcellana.\" \/>\n<meta name=\"robots\" content=\"index, follow, max-snippet:-1, max-image-preview:large, max-video-preview:-1\" \/>\n<link rel=\"canonical\" href=\"https:\/\/discotelsisal.com\/pt-pt\/produtos\/sector-da-ceramica\/\" \/>\n<meta property=\"og:locale\" content=\"pt_PT\" \/>\n<meta property=\"og:type\" content=\"article\" \/>\n<meta property=\"og:title\" content=\"SECTOR DA CER\u00c2MICA - Discotelsisal\" \/>\n<meta property=\"og:description\" content=\"Grazie all\u2019esperienza acquisita, DISCOTELSISAL ha sviluppato una serie di prodotti dedicati al settore della ceramica e della porcellana.\" \/>\n<meta property=\"og:url\" content=\"https:\/\/discotelsisal.com\/pt-pt\/produtos\/sector-da-ceramica\/\" \/>\n<meta property=\"og:site_name\" content=\"Discotelsisal\" \/>\n<meta property=\"article:modified_time\" content=\"2022-09-19T15:09:02+00:00\" \/>\n<meta name=\"twitter:card\" content=\"summary_large_image\" \/>\n<meta name=\"twitter:label1\" content=\"Tempo estimado de leitura\" \/>\n\t<meta name=\"twitter:data1\" content=\"1 minuto\" \/>\n<script type=\"application\/ld+json\" class=\"yoast-schema-graph\">{\"@context\":\"https:\\\/\\\/schema.org\",\"@graph\":[{\"@type\":\"WebPage\",\"@id\":\"https:\\\/\\\/discotelsisal.com\\\/pt-pt\\\/produtos\\\/sector-da-ceramica\\\/\",\"url\":\"https:\\\/\\\/discotelsisal.com\\\/pt-pt\\\/produtos\\\/sector-da-ceramica\\\/\",\"name\":\"SECTOR DA CER\u00c2MICA - Discotelsisal\",\"isPartOf\":{\"@id\":\"https:\\\/\\\/discotelsisal.com\\\/pt-pt\\\/#website\"},\"datePublished\":\"2021-04-16T08:52:02+00:00\",\"dateModified\":\"2022-09-19T15:09:02+00:00\",\"description\":\"Grazie all\u2019esperienza acquisita, DISCOTELSISAL ha sviluppato una serie di prodotti dedicati al settore della ceramica e della porcellana.\",\"breadcrumb\":{\"@id\":\"https:\\\/\\\/discotelsisal.com\\\/pt-pt\\\/produtos\\\/sector-da-ceramica\\\/#breadcrumb\"},\"inLanguage\":\"pt-PT\",\"potentialAction\":[{\"@type\":\"ReadAction\",\"target\":[\"https:\\\/\\\/discotelsisal.com\\\/pt-pt\\\/produtos\\\/sector-da-ceramica\\\/\"]}]},{\"@type\":\"BreadcrumbList\",\"@id\":\"https:\\\/\\\/discotelsisal.com\\\/pt-pt\\\/produtos\\\/sector-da-ceramica\\\/#breadcrumb\",\"itemListElement\":[{\"@type\":\"ListItem\",\"position\":1,\"name\":\"Home\",\"item\":\"https:\\\/\\\/discotelsisal.com\\\/pt-pt\\\/\"},{\"@type\":\"ListItem\",\"position\":2,\"name\":\"Produtos\",\"item\":\"https:\\\/\\\/discotelsisal.com\\\/pt-pt\\\/produtos\\\/\"},{\"@type\":\"ListItem\",\"position\":3,\"name\":\"SECTOR DA CER\u00c2MICA\"}]},{\"@type\":\"WebSite\",\"@id\":\"https:\\\/\\\/discotelsisal.com\\\/pt-pt\\\/#website\",\"url\":\"https:\\\/\\\/discotelsisal.com\\\/pt-pt\\\/\",\"name\":\"Discotelsisal\",\"description\":\"Sanding Solutions\",\"publisher\":{\"@id\":\"https:\\\/\\\/discotelsisal.com\\\/pt-pt\\\/#organization\"},\"potentialAction\":[{\"@type\":\"SearchAction\",\"target\":{\"@type\":\"EntryPoint\",\"urlTemplate\":\"https:\\\/\\\/discotelsisal.com\\\/pt-pt\\\/?s={search_term_string}\"},\"query-input\":{\"@type\":\"PropertyValueSpecification\",\"valueRequired\":true,\"valueName\":\"search_term_string\"}}],\"inLanguage\":\"pt-PT\"},{\"@type\":\"Organization\",\"@id\":\"https:\\\/\\\/discotelsisal.com\\\/pt-pt\\\/#organization\",\"name\":\"Discotelsisal\",\"url\":\"https:\\\/\\\/discotelsisal.com\\\/pt-pt\\\/\",\"logo\":{\"@type\":\"ImageObject\",\"inLanguage\":\"pt-PT\",\"@id\":\"https:\\\/\\\/discotelsisal.com\\\/pt-pt\\\/#\\\/schema\\\/logo\\\/image\\\/\",\"url\":\"https:\\\/\\\/discotelsisal.com\\\/wp-content\\\/uploads\\\/2021\\\/06\\\/logo-new-resize.png\",\"contentUrl\":\"https:\\\/\\\/discotelsisal.com\\\/wp-content\\\/uploads\\\/2021\\\/06\\\/logo-new-resize.png\",\"width\":644,\"height\":200,\"caption\":\"Discotelsisal\"},\"image\":{\"@id\":\"https:\\\/\\\/discotelsisal.com\\\/pt-pt\\\/#\\\/schema\\\/logo\\\/image\\\/\"}}]}<\/script>\n<!-- \/ Yoast SEO plugin. -->","yoast_head_json":{"title":"SECTOR DA CER\u00c2MICA - Discotelsisal","description":"Grazie all\u2019esperienza acquisita, DISCOTELSISAL ha sviluppato una serie di prodotti dedicati al settore della ceramica e della porcellana.","robots":{"index":"index","follow":"follow","max-snippet":"max-snippet:-1","max-image-preview":"max-image-preview:large","max-video-preview":"max-video-preview:-1"},"canonical":"https:\/\/discotelsisal.com\/pt-pt\/produtos\/sector-da-ceramica\/","og_locale":"pt_PT","og_type":"article","og_title":"SECTOR DA CER\u00c2MICA - Discotelsisal","og_description":"Grazie all\u2019esperienza acquisita, DISCOTELSISAL ha sviluppato una serie di prodotti dedicati al settore della ceramica e della porcellana.","og_url":"https:\/\/discotelsisal.com\/pt-pt\/produtos\/sector-da-ceramica\/","og_site_name":"Discotelsisal","article_modified_time":"2022-09-19T15:09:02+00:00","twitter_card":"summary_large_image","twitter_misc":{"Tempo estimado de leitura":"1 minuto"},"schema":{"@context":"https:\/\/schema.org","@graph":[{"@type":"WebPage","@id":"https:\/\/discotelsisal.com\/pt-pt\/produtos\/sector-da-ceramica\/","url":"https:\/\/discotelsisal.com\/pt-pt\/produtos\/sector-da-ceramica\/","name":"SECTOR DA CER\u00c2MICA - Discotelsisal","isPartOf":{"@id":"https:\/\/discotelsisal.com\/pt-pt\/#website"},"datePublished":"2021-04-16T08:52:02+00:00","dateModified":"2022-09-19T15:09:02+00:00","description":"Grazie all\u2019esperienza acquisita, DISCOTELSISAL ha sviluppato una serie di prodotti dedicati al settore della ceramica e della porcellana.","breadcrumb":{"@id":"https:\/\/discotelsisal.com\/pt-pt\/produtos\/sector-da-ceramica\/#breadcrumb"},"inLanguage":"pt-PT","potentialAction":[{"@type":"ReadAction","target":["https:\/\/discotelsisal.com\/pt-pt\/produtos\/sector-da-ceramica\/"]}]},{"@type":"BreadcrumbList","@id":"https:\/\/discotelsisal.com\/pt-pt\/produtos\/sector-da-ceramica\/#breadcrumb","itemListElement":[{"@type":"ListItem","position":1,"name":"Home","item":"https:\/\/discotelsisal.com\/pt-pt\/"},{"@type":"ListItem","position":2,"name":"Produtos","item":"https:\/\/discotelsisal.com\/pt-pt\/produtos\/"},{"@type":"ListItem","position":3,"name":"SECTOR DA CER\u00c2MICA"}]},{"@type":"WebSite","@id":"https:\/\/discotelsisal.com\/pt-pt\/#website","url":"https:\/\/discotelsisal.com\/pt-pt\/","name":"Discotelsisal","description":"Sanding Solutions","publisher":{"@id":"https:\/\/discotelsisal.com\/pt-pt\/#organization"},"potentialAction":[{"@type":"SearchAction","target":{"@type":"EntryPoint","urlTemplate":"https:\/\/discotelsisal.com\/pt-pt\/?s={search_term_string}"},"query-input":{"@type":"PropertyValueSpecification","valueRequired":true,"valueName":"search_term_string"}}],"inLanguage":"pt-PT"},{"@type":"Organization","@id":"https:\/\/discotelsisal.com\/pt-pt\/#organization","name":"Discotelsisal","url":"https:\/\/discotelsisal.com\/pt-pt\/","logo":{"@type":"ImageObject","inLanguage":"pt-PT","@id":"https:\/\/discotelsisal.com\/pt-pt\/#\/schema\/logo\/image\/","url":"https:\/\/discotelsisal.com\/wp-content\/uploads\/2021\/06\/logo-new-resize.png","contentUrl":"https:\/\/discotelsisal.com\/wp-content\/uploads\/2021\/06\/logo-new-resize.png","width":644,"height":200,"caption":"Discotelsisal"},"image":{"@id":"https:\/\/discotelsisal.com\/pt-pt\/#\/schema\/logo\/image\/"}}]}},"_links":{"self":[{"href":"https:\/\/discotelsisal.com\/pt-pt\/wp-json\/wp\/v2\/pages\/9398","targetHints":{"allow":["GET"]}}],"collection":[{"href":"https:\/\/discotelsisal.com\/pt-pt\/wp-json\/wp\/v2\/pages"}],"about":[{"href":"https:\/\/discotelsisal.com\/pt-pt\/wp-json\/wp\/v2\/types\/page"}],"author":[{"embeddable":true,"href":"https:\/\/discotelsisal.com\/pt-pt\/wp-json\/wp\/v2\/users\/5"}],"replies":[{"embeddable":true,"href":"https:\/\/discotelsisal.com\/pt-pt\/wp-json\/wp\/v2\/comments?post=9398"}],"version-history":[{"count":4,"href":"https:\/\/discotelsisal.com\/pt-pt\/wp-json\/wp\/v2\/pages\/9398\/revisions"}],"predecessor-version":[{"id":9400,"href":"https:\/\/discotelsisal.com\/pt-pt\/wp-json\/wp\/v2\/pages\/9398\/revisions\/9400"}],"up":[{"embeddable":true,"href":"https:\/\/discotelsisal.com\/pt-pt\/wp-json\/wp\/v2\/pages\/9220"}],"wp:attachment":[{"href":"https:\/\/discotelsisal.com\/pt-pt\/wp-json\/wp\/v2\/media?parent=9398"}],"curies":[{"name":"wp","href":"https:\/\/api.w.org\/{rel}","templated":true}]}}