{"id":9350,"date":"2021-04-16T07:55:07","date_gmt":"2021-04-16T07:55:07","guid":{"rendered":"https:\/\/discotelsisal.com\/produtos\/ruote-di-contatto\/"},"modified":"2022-09-13T15:00:50","modified_gmt":"2022-09-13T15:00:50","slug":"rodas-de-contacto","status":"publish","type":"page","link":"https:\/\/discotelsisal.com\/pt-pt\/produtos\/rodas-de-contacto\/","title":{"rendered":"RODAS DE CONTACTO"},"content":{"rendered":"<div class=\"wpb-content-wrapper\"><p>[vc_row disable_background_image=&#8221;&#8221; simple_background_color=&#8221;#056133&#8243;][vc_column]<div class=\"mkdf-elements-holder   mkdf-one-column  mkdf-responsive-mode-768 \" ><div class=\"mkdf-eh-item   mkdf-horizontal-alignment-center \"  data-item-class=\"mkdf-eh-custom-5047\">\n\t<div class=\"mkdf-eh-item-inner\">\n\t\t<div class=\"mkdf-eh-item-content mkdf-eh-custom-5047\" style=\"padding: 40px 0px 40px 0px\">\n\t\t\t<div class=\"mkdf-section-title-holder title-split-style   mkdf-has-appear-animation\" >\n\t<div class=\"mkdf-st-inner\">\n\t\t\t\t\t\t<h1 class=\"mkdf-st-title\" style=\"color: #ffffff\">\n\t\t\t\t\t\t\t\t\tRODAS DE CONTACTO\t\t\t\t\t\t\t<\/h1>\n\t\t\t\t\t\t\t<\/div>\n<\/div>\t\t<\/div>\n\t<\/div>\n<\/div><\/div>[\/vc_column][\/vc_row][vc_row row_content_width=&#8221;grid&#8221; disable_background_image=&#8221;&#8221;][vc_column][vc_empty_space][vc_column_text]As rodas de contacto com lamelas de couro + esponja s\u00e3o formadas por lamelas de poliuretano alternando com lamelas de tecido de algod\u00e3o coagulado especialmente tratado para uma elasticidade e \u00f3tima resist\u00eancia ao calor.<br \/>\nEst\u00e3o dispon\u00edveis em tr\u00eas tipos diferentes:<\/p>\n<ul>\n<li>RODAS DE CONTACTO COM LAMELAS DE COURO + ESPONJA<\/li>\n<li>RODAS DE CONTACTO COM LAMELAS EM VULKOLLAN\u00ae<\/li>\n<li>RODAS DE CONTACTO LISAS EM VULKOLLAN\u00ae<\/li>\n<\/ul>\n<p><strong>VULKOLLAN\u00ae \u00e9 uma marca registada da BAYER AG<\/strong>[\/vc_column_text][vc_empty_space][\/vc_column][\/vc_row][vc_row disable_element=&#8221;yes&#8221; row_content_width=&#8221;grid&#8221; disable_background_image=&#8221;&#8221; simple_background_color=&#8221;#056133&#8243;][vc_column]<div class=\"mkdf-elements-holder   mkdf-two-columns  mkdf-responsive-mode-768 \" ><div class=\"mkdf-eh-item  mkdf-vertical-alignment-top  \"  data-item-class=\"mkdf-eh-custom-4655\">\n\t<div class=\"mkdf-eh-item-inner\">\n\t\t<div class=\"mkdf-eh-item-content mkdf-eh-custom-4655\" style=\"padding: 10px 30px 10px 0px\">\n\t\t\t[vc_column_text]<\/p>\n<h4 style=\"color: white;\">ADVANTAGES<\/h4>\n<ul>\n<li style=\"color: white;\">They have a longer life<\/li>\n<li style=\"color: white;\">They have greater cutting power<\/li>\n<li style=\"color: white;\">They maintain the shape better than the normal NWF flaps even on complex parts<\/li>\n<li style=\"color: white;\">The abrasive regenerates automatically during processing, maintaining a constant cutting power and finishing capacity<\/li>\n<li style=\"color: white;\">The abrasive regenerates automatically during processing, maintaining a constant cutting power and finishing capacity<\/li>\n<li style=\"color: white;\">They can be produced with different densities according to the surface to be worked<\/li>\n<\/ul>\n<p>[\/vc_column_text]\t\t<\/div>\n\t<\/div>\n<\/div><div class=\"mkdf-eh-item  mkdf-vertical-alignment-top  \"  data-item-class=\"mkdf-eh-custom-7917\" data-680=\"0px 0px 0px 0px\">\n\t<div class=\"mkdf-eh-item-inner\">\n\t\t<div class=\"mkdf-eh-item-content mkdf-eh-custom-7917\" style=\"padding: 10px 0px 10px 30px\">\n\t\t\t[vc_column_text]<\/p>\n<h4 style=\"color: white;\">APPLICATIONS<\/h4>\n<ul>\n<li style=\"color: white;\">Raw wood sanding<\/li>\n<li style=\"color: white;\">MDF sanding<\/li>\n<li style=\"color: white;\">Paint buffing<\/li>\n<li style=\"color: white;\">Micro-deburring operations<\/li>\n<li style=\"color: white;\">Welding cleaning<\/li>\n<li style=\"color: white;\">PCB surface oxidation removal<\/li>\n<li style=\"color: white;\">Removal of glaze on tile edges<\/li>\n<\/ul>\n<p>[\/vc_column_text]\t\t<\/div>\n\t<\/div>\n<\/div><\/div>[vc_empty_space][\/vc_column][\/vc_row][vc_row row_content_width=&#8221;grid&#8221; disable_background_image=&#8221;&#8221;][vc_column][vc_empty_space]<div class=\"woocommerce columns-4 \"><ul class=\"products columns-4\">\n<li class=\"product type-product post-5530 status-publish first instock product_cat-ruote-di-contatto product_tag-contact-wheels-it product_tag-discotelsisal-it has-post-thumbnail shipping-taxable product-type-simple\">\n\t<div class=\"mkdf-pl-inner\"><div class=\"mkdf-pl-image\"><img loading=\"lazy\" decoding=\"async\" width=\"300\" height=\"300\" src=\"https:\/\/discotelsisal.com\/wp-content\/uploads\/2021\/07\/01-RUOTE-di-CONTATTO-a-LAMELLE-PELLESPUGNA-300x300.jpg\" class=\"attachment-woocommerce_thumbnail size-woocommerce_thumbnail\" alt=\"RUOTE DI CONTATTO A LAMELLE PELLE + SPUGNA\" srcset=\"https:\/\/discotelsisal.com\/wp-content\/uploads\/2021\/07\/01-RUOTE-di-CONTATTO-a-LAMELLE-PELLESPUGNA-300x300.jpg 300w, https:\/\/discotelsisal.com\/wp-content\/uploads\/2021\/07\/01-RUOTE-di-CONTATTO-a-LAMELLE-PELLESPUGNA-150x150.jpg 150w, https:\/\/discotelsisal.com\/wp-content\/uploads\/2021\/07\/01-RUOTE-di-CONTATTO-a-LAMELLE-PELLESPUGNA-768x768.jpg 768w, https:\/\/discotelsisal.com\/wp-content\/uploads\/2021\/07\/01-RUOTE-di-CONTATTO-a-LAMELLE-PELLESPUGNA-650x650.jpg 650w, https:\/\/discotelsisal.com\/wp-content\/uploads\/2021\/07\/01-RUOTE-di-CONTATTO-a-LAMELLE-PELLESPUGNA-600x600.jpg 600w, https:\/\/discotelsisal.com\/wp-content\/uploads\/2021\/07\/01-RUOTE-di-CONTATTO-a-LAMELLE-PELLESPUGNA-100x100.jpg 100w, https:\/\/discotelsisal.com\/wp-content\/uploads\/2021\/07\/01-RUOTE-di-CONTATTO-a-LAMELLE-PELLESPUGNA.jpg 1000w\" sizes=\"auto, (max-width: 300px) 100vw, 300px\" \/><div class=\"mkdf-pl-text\"><div class=\"mkdf-pl-text-outer\"><div class=\"mkdf-pl-text-inner\">\t<span id=\"woocommerce_loop_add_to_cart_link_describedby_5530\" class=\"screen-reader-text\">\n\t\t\t<\/span>\n<\/div><\/div><\/div><\/div><\/div><div class=\"mkdf-pl-text-wrapper\"><div class=\"mkdf-pl-text-wrapper-inner\"><div class=\"mkdf-pl-category\"><a href=\"https:\/\/discotelsisal.com\/it\/product-category\/ruote-di-contatto\/\" rel=\"tag\">Ruote di contatto<\/a><\/div><\/div><h5 class=\"mkdf-product-list-title\"><a href=\"https:\/\/discotelsisal.com\/it\/prodotto\/ruote-di-contatto-a-lamelle-pelle-spugna\/\">RUOTE DI CONTATTO A LAMELLE PELLE + SPUGNA<\/a><\/h5>\n\t<span class=\"price\"><span class=\"woocommerce-Price-amount amount\"><bdi>70,00<span class=\"woocommerce-Price-currencySymbol\">&euro;<\/span><\/bdi><\/span><\/span>\n<\/div><a href=\"https:\/\/discotelsisal.com\/it\/prodotto\/ruote-di-contatto-a-lamelle-pelle-spugna\/\" class=\"woocommerce-LoopProduct-link woocommerce-loop-product__link\"><\/a><\/li>\n<li class=\"product type-product post-5531 status-publish instock product_cat-ruote-di-contatto product_tag-contact-wheels-it product_tag-discotelsisal-it has-post-thumbnail shipping-taxable product-type-simple\">\n\t<div class=\"mkdf-pl-inner\"><div class=\"mkdf-pl-image\"><img loading=\"lazy\" decoding=\"async\" width=\"300\" height=\"300\" src=\"https:\/\/discotelsisal.com\/wp-content\/uploads\/2021\/07\/02-RUOTE-di-CONTATTO-a-LAMELLE-e-LISCE-in-VULKOLLAN-300x300.jpg\" class=\"attachment-woocommerce_thumbnail size-woocommerce_thumbnail\" alt=\"RUOTE DI CONTATTO A LAMELLE E LISCE IN VULKOLLAN\u00ae\" srcset=\"https:\/\/discotelsisal.com\/wp-content\/uploads\/2021\/07\/02-RUOTE-di-CONTATTO-a-LAMELLE-e-LISCE-in-VULKOLLAN-300x300.jpg 300w, https:\/\/discotelsisal.com\/wp-content\/uploads\/2021\/07\/02-RUOTE-di-CONTATTO-a-LAMELLE-e-LISCE-in-VULKOLLAN-150x150.jpg 150w, https:\/\/discotelsisal.com\/wp-content\/uploads\/2021\/07\/02-RUOTE-di-CONTATTO-a-LAMELLE-e-LISCE-in-VULKOLLAN-768x768.jpg 768w, https:\/\/discotelsisal.com\/wp-content\/uploads\/2021\/07\/02-RUOTE-di-CONTATTO-a-LAMELLE-e-LISCE-in-VULKOLLAN-650x650.jpg 650w, https:\/\/discotelsisal.com\/wp-content\/uploads\/2021\/07\/02-RUOTE-di-CONTATTO-a-LAMELLE-e-LISCE-in-VULKOLLAN-600x600.jpg 600w, https:\/\/discotelsisal.com\/wp-content\/uploads\/2021\/07\/02-RUOTE-di-CONTATTO-a-LAMELLE-e-LISCE-in-VULKOLLAN-100x100.jpg 100w, https:\/\/discotelsisal.com\/wp-content\/uploads\/2021\/07\/02-RUOTE-di-CONTATTO-a-LAMELLE-e-LISCE-in-VULKOLLAN.jpg 1000w\" sizes=\"auto, (max-width: 300px) 100vw, 300px\" \/><div class=\"mkdf-pl-text\"><div class=\"mkdf-pl-text-outer\"><div class=\"mkdf-pl-text-inner\">\t<span id=\"woocommerce_loop_add_to_cart_link_describedby_5531\" class=\"screen-reader-text\">\n\t\t\t<\/span>\n<\/div><\/div><\/div><\/div><\/div><div class=\"mkdf-pl-text-wrapper\"><div class=\"mkdf-pl-text-wrapper-inner\"><div class=\"mkdf-pl-category\"><a href=\"https:\/\/discotelsisal.com\/it\/product-category\/ruote-di-contatto\/\" rel=\"tag\">Ruote di contatto<\/a><\/div><\/div><h5 class=\"mkdf-product-list-title\"><a href=\"https:\/\/discotelsisal.com\/it\/prodotto\/ruote-di-contatto-a-lamelle-e-lisce-in-vulkollan\/\">RUOTE DI CONTATTO A LAMELLE E LISCE IN VULKOLLAN\u00ae<\/a><\/h5>\n\t<span class=\"price\"><span class=\"woocommerce-Price-amount amount\"><bdi>70,00<span class=\"woocommerce-Price-currencySymbol\">&euro;<\/span><\/bdi><\/span><\/span>\n<\/div><a href=\"https:\/\/discotelsisal.com\/it\/prodotto\/ruote-di-contatto-a-lamelle-e-lisce-in-vulkollan\/\" class=\"woocommerce-LoopProduct-link woocommerce-loop-product__link\"><\/a><\/li>\n<\/ul>\n<\/div>[\/vc_column][\/vc_row]<\/p>\n<\/div>","protected":false},"excerpt":{"rendered":"<p>[vc_row disable_background_image=&#8221;&#8221; simple_background_color=&#8221;#056133&#8243;][vc_column][\/vc_column][\/vc_row][vc_row row_content_width=&#8221;grid&#8221; disable_background_image=&#8221;&#8221;][vc_column][vc_empty_space][vc_column_text]As rodas de contacto com lamelas de couro + esponja s\u00e3o formadas por lamelas de poliuretano alternando com lamelas de tecido de algod\u00e3o coagulado especialmente tratado para uma elasticidade e \u00f3tima resist\u00eancia ao calor. Est\u00e3o dispon\u00edveis em tr\u00eas tipos diferentes: RODAS DE CONTACTO COM LAMELAS DE COURO [&hellip;]<\/p>\n","protected":false},"author":5,"featured_media":0,"parent":9220,"menu_order":0,"comment_status":"closed","ping_status":"closed","template":"full-width.php","meta":{"footnotes":""},"class_list":["post-9350","page","type-page","status-publish","hentry"],"yoast_head":"<!-- This site is optimized with the Yoast SEO plugin v27.3 - https:\/\/yoast.com\/product\/yoast-seo-wordpress\/ -->\n<title>RODAS DE CONTACTO - Discotelsisal<\/title>\n<meta name=\"description\" content=\"Le ruote di contatto a lamelle pelle+spugna sono formate da lamelle di poliuretano alternato a lamelle di tessuto in cotone.\" \/>\n<meta name=\"robots\" content=\"index, follow, max-snippet:-1, max-image-preview:large, max-video-preview:-1\" \/>\n<link rel=\"canonical\" href=\"https:\/\/discotelsisal.com\/pt-pt\/produtos\/rodas-de-contacto\/\" \/>\n<meta property=\"og:locale\" content=\"pt_PT\" \/>\n<meta property=\"og:type\" content=\"article\" \/>\n<meta property=\"og:title\" content=\"RODAS DE CONTACTO - Discotelsisal\" \/>\n<meta property=\"og:description\" content=\"Le ruote di contatto a lamelle pelle+spugna sono formate da lamelle di poliuretano alternato a lamelle di tessuto in cotone.\" \/>\n<meta property=\"og:url\" content=\"https:\/\/discotelsisal.com\/pt-pt\/produtos\/rodas-de-contacto\/\" \/>\n<meta property=\"og:site_name\" content=\"Discotelsisal\" \/>\n<meta property=\"article:modified_time\" content=\"2022-09-13T15:00:50+00:00\" \/>\n<meta name=\"twitter:card\" content=\"summary_large_image\" \/>\n<meta name=\"twitter:label1\" content=\"Tempo estimado de leitura\" \/>\n\t<meta name=\"twitter:data1\" content=\"1 minuto\" \/>\n<script type=\"application\/ld+json\" class=\"yoast-schema-graph\">{\"@context\":\"https:\\\/\\\/schema.org\",\"@graph\":[{\"@type\":\"WebPage\",\"@id\":\"https:\\\/\\\/discotelsisal.com\\\/pt-pt\\\/produtos\\\/rodas-de-contacto\\\/\",\"url\":\"https:\\\/\\\/discotelsisal.com\\\/pt-pt\\\/produtos\\\/rodas-de-contacto\\\/\",\"name\":\"RODAS DE CONTACTO - Discotelsisal\",\"isPartOf\":{\"@id\":\"https:\\\/\\\/discotelsisal.com\\\/pt-pt\\\/#website\"},\"datePublished\":\"2021-04-16T07:55:07+00:00\",\"dateModified\":\"2022-09-13T15:00:50+00:00\",\"description\":\"Le ruote di contatto a lamelle pelle+spugna sono formate da lamelle di poliuretano alternato a lamelle di tessuto in cotone.\",\"breadcrumb\":{\"@id\":\"https:\\\/\\\/discotelsisal.com\\\/pt-pt\\\/produtos\\\/rodas-de-contacto\\\/#breadcrumb\"},\"inLanguage\":\"pt-PT\",\"potentialAction\":[{\"@type\":\"ReadAction\",\"target\":[\"https:\\\/\\\/discotelsisal.com\\\/pt-pt\\\/produtos\\\/rodas-de-contacto\\\/\"]}]},{\"@type\":\"BreadcrumbList\",\"@id\":\"https:\\\/\\\/discotelsisal.com\\\/pt-pt\\\/produtos\\\/rodas-de-contacto\\\/#breadcrumb\",\"itemListElement\":[{\"@type\":\"ListItem\",\"position\":1,\"name\":\"Home\",\"item\":\"https:\\\/\\\/discotelsisal.com\\\/pt-pt\\\/\"},{\"@type\":\"ListItem\",\"position\":2,\"name\":\"Produtos\",\"item\":\"https:\\\/\\\/discotelsisal.com\\\/pt-pt\\\/produtos\\\/\"},{\"@type\":\"ListItem\",\"position\":3,\"name\":\"RODAS DE CONTACTO\"}]},{\"@type\":\"WebSite\",\"@id\":\"https:\\\/\\\/discotelsisal.com\\\/pt-pt\\\/#website\",\"url\":\"https:\\\/\\\/discotelsisal.com\\\/pt-pt\\\/\",\"name\":\"Discotelsisal\",\"description\":\"Sanding Solutions\",\"publisher\":{\"@id\":\"https:\\\/\\\/discotelsisal.com\\\/pt-pt\\\/#organization\"},\"potentialAction\":[{\"@type\":\"SearchAction\",\"target\":{\"@type\":\"EntryPoint\",\"urlTemplate\":\"https:\\\/\\\/discotelsisal.com\\\/pt-pt\\\/?s={search_term_string}\"},\"query-input\":{\"@type\":\"PropertyValueSpecification\",\"valueRequired\":true,\"valueName\":\"search_term_string\"}}],\"inLanguage\":\"pt-PT\"},{\"@type\":\"Organization\",\"@id\":\"https:\\\/\\\/discotelsisal.com\\\/pt-pt\\\/#organization\",\"name\":\"Discotelsisal\",\"url\":\"https:\\\/\\\/discotelsisal.com\\\/pt-pt\\\/\",\"logo\":{\"@type\":\"ImageObject\",\"inLanguage\":\"pt-PT\",\"@id\":\"https:\\\/\\\/discotelsisal.com\\\/pt-pt\\\/#\\\/schema\\\/logo\\\/image\\\/\",\"url\":\"https:\\\/\\\/discotelsisal.com\\\/wp-content\\\/uploads\\\/2021\\\/06\\\/logo-new-resize.png\",\"contentUrl\":\"https:\\\/\\\/discotelsisal.com\\\/wp-content\\\/uploads\\\/2021\\\/06\\\/logo-new-resize.png\",\"width\":644,\"height\":200,\"caption\":\"Discotelsisal\"},\"image\":{\"@id\":\"https:\\\/\\\/discotelsisal.com\\\/pt-pt\\\/#\\\/schema\\\/logo\\\/image\\\/\"}}]}<\/script>\n<!-- \/ Yoast SEO plugin. -->","yoast_head_json":{"title":"RODAS DE CONTACTO - Discotelsisal","description":"Le ruote di contatto a lamelle pelle+spugna sono formate da lamelle di poliuretano alternato a lamelle di tessuto in cotone.","robots":{"index":"index","follow":"follow","max-snippet":"max-snippet:-1","max-image-preview":"max-image-preview:large","max-video-preview":"max-video-preview:-1"},"canonical":"https:\/\/discotelsisal.com\/pt-pt\/produtos\/rodas-de-contacto\/","og_locale":"pt_PT","og_type":"article","og_title":"RODAS DE CONTACTO - Discotelsisal","og_description":"Le ruote di contatto a lamelle pelle+spugna sono formate da lamelle di poliuretano alternato a lamelle di tessuto in cotone.","og_url":"https:\/\/discotelsisal.com\/pt-pt\/produtos\/rodas-de-contacto\/","og_site_name":"Discotelsisal","article_modified_time":"2022-09-13T15:00:50+00:00","twitter_card":"summary_large_image","twitter_misc":{"Tempo estimado de leitura":"1 minuto"},"schema":{"@context":"https:\/\/schema.org","@graph":[{"@type":"WebPage","@id":"https:\/\/discotelsisal.com\/pt-pt\/produtos\/rodas-de-contacto\/","url":"https:\/\/discotelsisal.com\/pt-pt\/produtos\/rodas-de-contacto\/","name":"RODAS DE CONTACTO - Discotelsisal","isPartOf":{"@id":"https:\/\/discotelsisal.com\/pt-pt\/#website"},"datePublished":"2021-04-16T07:55:07+00:00","dateModified":"2022-09-13T15:00:50+00:00","description":"Le ruote di contatto a lamelle pelle+spugna sono formate da lamelle di poliuretano alternato a lamelle di tessuto in cotone.","breadcrumb":{"@id":"https:\/\/discotelsisal.com\/pt-pt\/produtos\/rodas-de-contacto\/#breadcrumb"},"inLanguage":"pt-PT","potentialAction":[{"@type":"ReadAction","target":["https:\/\/discotelsisal.com\/pt-pt\/produtos\/rodas-de-contacto\/"]}]},{"@type":"BreadcrumbList","@id":"https:\/\/discotelsisal.com\/pt-pt\/produtos\/rodas-de-contacto\/#breadcrumb","itemListElement":[{"@type":"ListItem","position":1,"name":"Home","item":"https:\/\/discotelsisal.com\/pt-pt\/"},{"@type":"ListItem","position":2,"name":"Produtos","item":"https:\/\/discotelsisal.com\/pt-pt\/produtos\/"},{"@type":"ListItem","position":3,"name":"RODAS DE CONTACTO"}]},{"@type":"WebSite","@id":"https:\/\/discotelsisal.com\/pt-pt\/#website","url":"https:\/\/discotelsisal.com\/pt-pt\/","name":"Discotelsisal","description":"Sanding Solutions","publisher":{"@id":"https:\/\/discotelsisal.com\/pt-pt\/#organization"},"potentialAction":[{"@type":"SearchAction","target":{"@type":"EntryPoint","urlTemplate":"https:\/\/discotelsisal.com\/pt-pt\/?s={search_term_string}"},"query-input":{"@type":"PropertyValueSpecification","valueRequired":true,"valueName":"search_term_string"}}],"inLanguage":"pt-PT"},{"@type":"Organization","@id":"https:\/\/discotelsisal.com\/pt-pt\/#organization","name":"Discotelsisal","url":"https:\/\/discotelsisal.com\/pt-pt\/","logo":{"@type":"ImageObject","inLanguage":"pt-PT","@id":"https:\/\/discotelsisal.com\/pt-pt\/#\/schema\/logo\/image\/","url":"https:\/\/discotelsisal.com\/wp-content\/uploads\/2021\/06\/logo-new-resize.png","contentUrl":"https:\/\/discotelsisal.com\/wp-content\/uploads\/2021\/06\/logo-new-resize.png","width":644,"height":200,"caption":"Discotelsisal"},"image":{"@id":"https:\/\/discotelsisal.com\/pt-pt\/#\/schema\/logo\/image\/"}}]}},"_links":{"self":[{"href":"https:\/\/discotelsisal.com\/pt-pt\/wp-json\/wp\/v2\/pages\/9350","targetHints":{"allow":["GET"]}}],"collection":[{"href":"https:\/\/discotelsisal.com\/pt-pt\/wp-json\/wp\/v2\/pages"}],"about":[{"href":"https:\/\/discotelsisal.com\/pt-pt\/wp-json\/wp\/v2\/types\/page"}],"author":[{"embeddable":true,"href":"https:\/\/discotelsisal.com\/pt-pt\/wp-json\/wp\/v2\/users\/5"}],"replies":[{"embeddable":true,"href":"https:\/\/discotelsisal.com\/pt-pt\/wp-json\/wp\/v2\/comments?post=9350"}],"version-history":[{"count":5,"href":"https:\/\/discotelsisal.com\/pt-pt\/wp-json\/wp\/v2\/pages\/9350\/revisions"}],"predecessor-version":[{"id":9435,"href":"https:\/\/discotelsisal.com\/pt-pt\/wp-json\/wp\/v2\/pages\/9350\/revisions\/9435"}],"up":[{"embeddable":true,"href":"https:\/\/discotelsisal.com\/pt-pt\/wp-json\/wp\/v2\/pages\/9220"}],"wp:attachment":[{"href":"https:\/\/discotelsisal.com\/pt-pt\/wp-json\/wp\/v2\/media?parent=9350"}],"curies":[{"name":"wp","href":"https:\/\/api.w.org\/{rel}","templated":true}]}}