{"id":9270,"date":"2021-04-12T12:33:51","date_gmt":"2021-04-12T12:33:51","guid":{"rendered":"https:\/\/discotelsisal.com\/produtos\/flap-con-gambo\/"},"modified":"2023-11-22T13:43:46","modified_gmt":"2023-11-22T13:43:46","slug":"rodas-de-lamelas-nwf-e-de-lixa-mistas-com-haste","status":"publish","type":"page","link":"https:\/\/discotelsisal.com\/pt-pt\/produtos\/rodas-de-lamelas-nwf-e-de-lixa-mistas-com-haste\/","title":{"rendered":"RODAS DE LAMELAS NWF E DE LIXA MISTAS COM HASTE"},"content":{"rendered":"<div class=\"wpb-content-wrapper\"><p>[vc_row disable_background_image=&#8221;&#8221; simple_background_color=&#8221;#056133&#8243;][vc_column]<div class=\"mkdf-elements-holder   mkdf-one-column  mkdf-responsive-mode-768 \" ><div class=\"mkdf-eh-item   mkdf-horizontal-alignment-center \"  data-item-class=\"mkdf-eh-custom-4874\">\n\t<div class=\"mkdf-eh-item-inner\">\n\t\t<div class=\"mkdf-eh-item-content mkdf-eh-custom-4874\" style=\"padding: 40px 0px 40px 0px\">\n\t\t\t<div class=\"mkdf-section-title-holder title-split-style   mkdf-has-appear-animation\" >\n\t<div class=\"mkdf-st-inner\">\n\t\t\t\t\t\t<h1 class=\"mkdf-st-title\" style=\"color: #ffffff\">\n\t\t\t\t\t\t\t\t\tRODAS DE LAMELAS NWF E DE LIXA MISTAS COM HASTE\t\t\t\t\t\t\t<\/h1>\n\t\t\t\t\t\t\t<\/div>\n<\/div>\t\t<\/div>\n\t<\/div>\n<\/div><\/div>[\/vc_column][\/vc_row][vc_row row_content_width=&#8221;grid&#8221; disable_background_image=&#8221;&#8221;][vc_column][vc_empty_space][vc_column_text]As rodas de lamelas de NWF e de lixa mistas s\u00e3o utilizados em m\u00e1quinas-ferramentas port\u00e1teis el\u00e9tricas, pneum\u00e1ticas e de eixo flex\u00edvel para a usinagem sobre pequenas superf\u00edcies.<\/p>\n<p>[\/vc_column_text][vc_empty_space][\/vc_column][\/vc_row][vc_row row_content_width=&#8221;grid&#8221; disable_background_image=&#8221;&#8221; simple_background_color=&#8221;#056133&#8243;][vc_column][vc_empty_space][vc_column_text]<\/p>\n<h4 style=\"color: white\">APLICA\u00c7\u00d5ES<\/h4>\n<p>[\/vc_column_text]<div class=\"mkdf-elements-holder   mkdf-two-columns  mkdf-responsive-mode-768 \" ><div class=\"mkdf-eh-item  mkdf-vertical-alignment-top  \"  data-item-class=\"mkdf-eh-custom-4160\">\n\t<div class=\"mkdf-eh-item-inner\">\n\t\t<div class=\"mkdf-eh-item-content mkdf-eh-custom-4160\" style=\"padding: 10px 30px 10px 0px\">\n\t\t\t[vc_column_text]<\/p>\n<ul>\n<li style=\"color: white\">Acabamento acetinado<\/li>\n<li style=\"color: white\">Polimento<\/li>\n<li style=\"color: white\">Lixagem<\/li>\n<li style=\"color: white\">Esmerilagem<\/li>\n<\/ul>\n<p>[\/vc_column_text]\t\t<\/div>\n\t<\/div>\n<\/div><div class=\"mkdf-eh-item  mkdf-vertical-alignment-top  \"  data-item-class=\"mkdf-eh-custom-8466\" data-680=\"0px 0px 0px 0px\">\n\t<div class=\"mkdf-eh-item-inner\">\n\t\t<div class=\"mkdf-eh-item-content mkdf-eh-custom-8466\" style=\"padding: 10px 0px 10px 30px\">\n\t\t\t[vc_column_text]<\/p>\n<ul>\n<li style=\"color: white\">Limpeza de soldaduras<\/li>\n<li style=\"color: white\">Limpeza de superf\u00edcie com escova<\/li>\n<li style=\"color: white\">Rugosidade<\/li>\n<\/ul>\n<p>[\/vc_column_text]\t\t<\/div>\n\t<\/div>\n<\/div><\/div>[vc_empty_space]<div class=\"mkdf-elements-holder   mkdf-two-columns  mkdf-responsive-mode-768 \" ><div class=\"mkdf-eh-item  mkdf-vertical-alignment-top  \"  data-item-class=\"mkdf-eh-custom-7398\">\n\t<div class=\"mkdf-eh-item-inner\">\n\t\t<div class=\"mkdf-eh-item-content mkdf-eh-custom-7398\" style=\"padding: 10px 30px 10px 0px\">\n\t\t\t<a itemprop=\"url\" href=\"https:\/\/discotelsisal.com\/wp-content\/uploads\/2021\/12\/Tabelle-Catal-p25.png\" target=\"_blank\" style=\"color: #ffffff;border-color: #ffffff\" class=\"mkdf-btn mkdf-btn-medium mkdf-btn-predefined mkdf-btn-custom-border-hover mkdf-btn-custom-hover-color\" data-hover-color=\"#ffffff\" data-hover-border-color=\"#ffffff\" >\n            <span class=\"mkdf-btn-predefined-line-holder\">\n            <span class=\"mkdf-btn-line-hidden\"><\/span>\n            <span class=\"mkdf-btn-text\">GRANULOSIDADE | DIMENS\u00d5ES<\/span>\n\t        <span class=\"mkdf-btn-line\"><\/span>\n            <i class=\"mkdf-btn-predefined-icon mkdf-icon-ion-icon ion-ios-play \"><\/i>\n        <\/span>\n    <\/a>\t\t<\/div>\n\t<\/div>\n<\/div><div class=\"mkdf-eh-item  mkdf-vertical-alignment-top  \"  data-item-class=\"mkdf-eh-custom-2393\" data-680=\"0px 0px 0px 0px\">\n\t<div class=\"mkdf-eh-item-inner\">\n\t\t<div class=\"mkdf-eh-item-content mkdf-eh-custom-2393\" style=\"padding: 10px 0px 10px 30px\">\n\t\t\t\t\t<\/div>\n\t<\/div>\n<\/div><\/div>[vc_empty_space][\/vc_column][\/vc_row][vc_row row_content_width=&#8221;grid&#8221; disable_background_image=&#8221;&#8221;][vc_column][vc_empty_space]<div class=\"woocommerce columns-4 \"><ul class=\"products columns-4\">\n<li class=\"product type-product post-9273 status-publish first instock product_cat-rodas-de-lamelas-com-haste product_tag-disco-de-lamela-com-haste product_tag-discotelsisal-pt-pt has-post-thumbnail shipping-taxable product-type-simple\">\n\t<div class=\"mkdf-pl-inner\"><div class=\"mkdf-pl-image\"><img loading=\"lazy\" decoding=\"async\" width=\"300\" height=\"300\" src=\"https:\/\/discotelsisal.com\/wp-content\/uploads\/2021\/07\/flap-wheel-on-shaft-300x300.jpg\" class=\"attachment-woocommerce_thumbnail size-woocommerce_thumbnail\" alt=\"RODAS DE LAMELAS NWF E RODAS DE LAMELAS DE LIXA MISTAS COM HASTE\" srcset=\"https:\/\/discotelsisal.com\/wp-content\/uploads\/2021\/07\/flap-wheel-on-shaft-300x300.jpg 300w, https:\/\/discotelsisal.com\/wp-content\/uploads\/2021\/07\/flap-wheel-on-shaft-150x150.jpg 150w, https:\/\/discotelsisal.com\/wp-content\/uploads\/2021\/07\/flap-wheel-on-shaft-768x768.jpg 768w, https:\/\/discotelsisal.com\/wp-content\/uploads\/2021\/07\/flap-wheel-on-shaft-650x650.jpg 650w, https:\/\/discotelsisal.com\/wp-content\/uploads\/2021\/07\/flap-wheel-on-shaft-600x600.jpg 600w, https:\/\/discotelsisal.com\/wp-content\/uploads\/2021\/07\/flap-wheel-on-shaft-100x100.jpg 100w, https:\/\/discotelsisal.com\/wp-content\/uploads\/2021\/07\/flap-wheel-on-shaft.jpg 1000w\" sizes=\"auto, (max-width: 300px) 100vw, 300px\" \/><div class=\"mkdf-pl-text\"><div class=\"mkdf-pl-text-outer\"><div class=\"mkdf-pl-text-inner\">\t<span id=\"woocommerce_loop_add_to_cart_link_describedby_9273\" class=\"screen-reader-text\">\n\t\t\t<\/span>\n<\/div><\/div><\/div><\/div><\/div><div class=\"mkdf-pl-text-wrapper\"><div class=\"mkdf-pl-text-wrapper-inner\"><div class=\"mkdf-pl-category\"><a href=\"https:\/\/discotelsisal.com\/pt-pt\/product-category\/rodas-de-lamelas-com-haste\/\" rel=\"tag\">Rodas de lamelas com haste<\/a><\/div><\/div><h5 class=\"mkdf-product-list-title\"><a href=\"https:\/\/discotelsisal.com\/pt-pt\/product\/rodas-de-lamelas-nwf-e-rodas-de-lamelas-de-lixa-mistas-com-haste\/\">RODAS DE LAMELAS NWF E RODAS DE LAMELAS DE LIXA MISTAS COM HASTE<\/a><\/h5>\n\t<span class=\"price\"><span class=\"woocommerce-Price-amount amount\"><bdi>70,00<span class=\"woocommerce-Price-currencySymbol\">&euro;<\/span><\/bdi><\/span><\/span>\n<\/div><a href=\"https:\/\/discotelsisal.com\/pt-pt\/product\/rodas-de-lamelas-nwf-e-rodas-de-lamelas-de-lixa-mistas-com-haste\/\" class=\"woocommerce-LoopProduct-link woocommerce-loop-product__link\"><\/a><\/li>\n<\/ul>\n<\/div>[\/vc_column][\/vc_row]<\/p>\n<\/div>","protected":false},"excerpt":{"rendered":"<p>[vc_row disable_background_image=&#8221;&#8221; simple_background_color=&#8221;#056133&#8243;][vc_column][\/vc_column][\/vc_row][vc_row row_content_width=&#8221;grid&#8221; disable_background_image=&#8221;&#8221;][vc_column][vc_empty_space][vc_column_text]As rodas de lamelas de NWF e de lixa mistas s\u00e3o utilizados em m\u00e1quinas-ferramentas port\u00e1teis el\u00e9tricas, pneum\u00e1ticas e de eixo flex\u00edvel para a usinagem sobre pequenas superf\u00edcies. [\/vc_column_text][vc_empty_space][\/vc_column][\/vc_row][vc_row row_content_width=&#8221;grid&#8221; disable_background_image=&#8221;&#8221; simple_background_color=&#8221;#056133&#8243;][vc_column][vc_empty_space][vc_column_text] APLICA\u00c7\u00d5ES [\/vc_column_text][vc_empty_space][vc_empty_space][\/vc_column][\/vc_row][vc_row row_content_width=&#8221;grid&#8221; disable_background_image=&#8221;&#8221;][vc_column][vc_empty_space][\/vc_column][\/vc_row]<\/p>\n","protected":false},"author":5,"featured_media":0,"parent":9220,"menu_order":0,"comment_status":"closed","ping_status":"closed","template":"full-width.php","meta":{"footnotes":""},"class_list":["post-9270","page","type-page","status-publish","hentry"],"yoast_head":"<!-- This site is optimized with the Yoast SEO plugin v27.3 - https:\/\/yoast.com\/product\/yoast-seo-wordpress\/ -->\n<title>RODAS DE LAMELAS NWF E DE LIXA MISTAS COM HASTE - Discotelsisal<\/title>\n<meta name=\"description\" content=\"Le flap con gambo TNT e ruote miste tela sono utilizzate su macchine portatili elettriche, pneumatiche e ad albero flessibile.\" \/>\n<meta name=\"robots\" content=\"index, follow, max-snippet:-1, max-image-preview:large, max-video-preview:-1\" \/>\n<link rel=\"canonical\" href=\"https:\/\/discotelsisal.com\/pt-pt\/produtos\/rodas-de-lamelas-nwf-e-de-lixa-mistas-com-haste\/\" \/>\n<meta property=\"og:locale\" content=\"pt_PT\" \/>\n<meta property=\"og:type\" content=\"article\" \/>\n<meta property=\"og:title\" content=\"RODAS DE LAMELAS NWF E DE LIXA MISTAS COM HASTE - Discotelsisal\" \/>\n<meta property=\"og:description\" content=\"Le flap con gambo TNT e ruote miste tela sono utilizzate su macchine portatili elettriche, pneumatiche e ad albero flessibile.\" \/>\n<meta property=\"og:url\" content=\"https:\/\/discotelsisal.com\/pt-pt\/produtos\/rodas-de-lamelas-nwf-e-de-lixa-mistas-com-haste\/\" \/>\n<meta property=\"og:site_name\" content=\"Discotelsisal\" \/>\n<meta property=\"article:modified_time\" content=\"2023-11-22T13:43:46+00:00\" \/>\n<meta name=\"twitter:card\" content=\"summary_large_image\" \/>\n<meta name=\"twitter:label1\" content=\"Tempo estimado de leitura\" \/>\n\t<meta name=\"twitter:data1\" content=\"1 minuto\" \/>\n<script type=\"application\/ld+json\" class=\"yoast-schema-graph\">{\"@context\":\"https:\\\/\\\/schema.org\",\"@graph\":[{\"@type\":\"WebPage\",\"@id\":\"https:\\\/\\\/discotelsisal.com\\\/pt-pt\\\/produtos\\\/rodas-de-lamelas-nwf-e-de-lixa-mistas-com-haste\\\/\",\"url\":\"https:\\\/\\\/discotelsisal.com\\\/pt-pt\\\/produtos\\\/rodas-de-lamelas-nwf-e-de-lixa-mistas-com-haste\\\/\",\"name\":\"RODAS DE LAMELAS NWF E DE LIXA MISTAS COM HASTE - Discotelsisal\",\"isPartOf\":{\"@id\":\"https:\\\/\\\/discotelsisal.com\\\/pt-pt\\\/#website\"},\"datePublished\":\"2021-04-12T12:33:51+00:00\",\"dateModified\":\"2023-11-22T13:43:46+00:00\",\"description\":\"Le flap con gambo TNT e ruote miste tela sono utilizzate su macchine portatili elettriche, pneumatiche e ad albero flessibile.\",\"breadcrumb\":{\"@id\":\"https:\\\/\\\/discotelsisal.com\\\/pt-pt\\\/produtos\\\/rodas-de-lamelas-nwf-e-de-lixa-mistas-com-haste\\\/#breadcrumb\"},\"inLanguage\":\"pt-PT\",\"potentialAction\":[{\"@type\":\"ReadAction\",\"target\":[\"https:\\\/\\\/discotelsisal.com\\\/pt-pt\\\/produtos\\\/rodas-de-lamelas-nwf-e-de-lixa-mistas-com-haste\\\/\"]}]},{\"@type\":\"BreadcrumbList\",\"@id\":\"https:\\\/\\\/discotelsisal.com\\\/pt-pt\\\/produtos\\\/rodas-de-lamelas-nwf-e-de-lixa-mistas-com-haste\\\/#breadcrumb\",\"itemListElement\":[{\"@type\":\"ListItem\",\"position\":1,\"name\":\"Home\",\"item\":\"https:\\\/\\\/discotelsisal.com\\\/pt-pt\\\/\"},{\"@type\":\"ListItem\",\"position\":2,\"name\":\"Produtos\",\"item\":\"https:\\\/\\\/discotelsisal.com\\\/pt-pt\\\/produtos\\\/\"},{\"@type\":\"ListItem\",\"position\":3,\"name\":\"RODAS DE LAMELAS NWF E DE LIXA MISTAS COM HASTE\"}]},{\"@type\":\"WebSite\",\"@id\":\"https:\\\/\\\/discotelsisal.com\\\/pt-pt\\\/#website\",\"url\":\"https:\\\/\\\/discotelsisal.com\\\/pt-pt\\\/\",\"name\":\"Discotelsisal\",\"description\":\"Sanding Solutions\",\"publisher\":{\"@id\":\"https:\\\/\\\/discotelsisal.com\\\/pt-pt\\\/#organization\"},\"potentialAction\":[{\"@type\":\"SearchAction\",\"target\":{\"@type\":\"EntryPoint\",\"urlTemplate\":\"https:\\\/\\\/discotelsisal.com\\\/pt-pt\\\/?s={search_term_string}\"},\"query-input\":{\"@type\":\"PropertyValueSpecification\",\"valueRequired\":true,\"valueName\":\"search_term_string\"}}],\"inLanguage\":\"pt-PT\"},{\"@type\":\"Organization\",\"@id\":\"https:\\\/\\\/discotelsisal.com\\\/pt-pt\\\/#organization\",\"name\":\"Discotelsisal\",\"url\":\"https:\\\/\\\/discotelsisal.com\\\/pt-pt\\\/\",\"logo\":{\"@type\":\"ImageObject\",\"inLanguage\":\"pt-PT\",\"@id\":\"https:\\\/\\\/discotelsisal.com\\\/pt-pt\\\/#\\\/schema\\\/logo\\\/image\\\/\",\"url\":\"https:\\\/\\\/discotelsisal.com\\\/wp-content\\\/uploads\\\/2021\\\/06\\\/logo-new-resize.png\",\"contentUrl\":\"https:\\\/\\\/discotelsisal.com\\\/wp-content\\\/uploads\\\/2021\\\/06\\\/logo-new-resize.png\",\"width\":644,\"height\":200,\"caption\":\"Discotelsisal\"},\"image\":{\"@id\":\"https:\\\/\\\/discotelsisal.com\\\/pt-pt\\\/#\\\/schema\\\/logo\\\/image\\\/\"}}]}<\/script>\n<!-- \/ Yoast SEO plugin. -->","yoast_head_json":{"title":"RODAS DE LAMELAS NWF E DE LIXA MISTAS COM HASTE - Discotelsisal","description":"Le flap con gambo TNT e ruote miste tela sono utilizzate su macchine portatili elettriche, pneumatiche e ad albero flessibile.","robots":{"index":"index","follow":"follow","max-snippet":"max-snippet:-1","max-image-preview":"max-image-preview:large","max-video-preview":"max-video-preview:-1"},"canonical":"https:\/\/discotelsisal.com\/pt-pt\/produtos\/rodas-de-lamelas-nwf-e-de-lixa-mistas-com-haste\/","og_locale":"pt_PT","og_type":"article","og_title":"RODAS DE LAMELAS NWF E DE LIXA MISTAS COM HASTE - Discotelsisal","og_description":"Le flap con gambo TNT e ruote miste tela sono utilizzate su macchine portatili elettriche, pneumatiche e ad albero flessibile.","og_url":"https:\/\/discotelsisal.com\/pt-pt\/produtos\/rodas-de-lamelas-nwf-e-de-lixa-mistas-com-haste\/","og_site_name":"Discotelsisal","article_modified_time":"2023-11-22T13:43:46+00:00","twitter_card":"summary_large_image","twitter_misc":{"Tempo estimado de leitura":"1 minuto"},"schema":{"@context":"https:\/\/schema.org","@graph":[{"@type":"WebPage","@id":"https:\/\/discotelsisal.com\/pt-pt\/produtos\/rodas-de-lamelas-nwf-e-de-lixa-mistas-com-haste\/","url":"https:\/\/discotelsisal.com\/pt-pt\/produtos\/rodas-de-lamelas-nwf-e-de-lixa-mistas-com-haste\/","name":"RODAS DE LAMELAS NWF E DE LIXA MISTAS COM HASTE - Discotelsisal","isPartOf":{"@id":"https:\/\/discotelsisal.com\/pt-pt\/#website"},"datePublished":"2021-04-12T12:33:51+00:00","dateModified":"2023-11-22T13:43:46+00:00","description":"Le flap con gambo TNT e ruote miste tela sono utilizzate su macchine portatili elettriche, pneumatiche e ad albero flessibile.","breadcrumb":{"@id":"https:\/\/discotelsisal.com\/pt-pt\/produtos\/rodas-de-lamelas-nwf-e-de-lixa-mistas-com-haste\/#breadcrumb"},"inLanguage":"pt-PT","potentialAction":[{"@type":"ReadAction","target":["https:\/\/discotelsisal.com\/pt-pt\/produtos\/rodas-de-lamelas-nwf-e-de-lixa-mistas-com-haste\/"]}]},{"@type":"BreadcrumbList","@id":"https:\/\/discotelsisal.com\/pt-pt\/produtos\/rodas-de-lamelas-nwf-e-de-lixa-mistas-com-haste\/#breadcrumb","itemListElement":[{"@type":"ListItem","position":1,"name":"Home","item":"https:\/\/discotelsisal.com\/pt-pt\/"},{"@type":"ListItem","position":2,"name":"Produtos","item":"https:\/\/discotelsisal.com\/pt-pt\/produtos\/"},{"@type":"ListItem","position":3,"name":"RODAS DE LAMELAS NWF E DE LIXA MISTAS COM HASTE"}]},{"@type":"WebSite","@id":"https:\/\/discotelsisal.com\/pt-pt\/#website","url":"https:\/\/discotelsisal.com\/pt-pt\/","name":"Discotelsisal","description":"Sanding Solutions","publisher":{"@id":"https:\/\/discotelsisal.com\/pt-pt\/#organization"},"potentialAction":[{"@type":"SearchAction","target":{"@type":"EntryPoint","urlTemplate":"https:\/\/discotelsisal.com\/pt-pt\/?s={search_term_string}"},"query-input":{"@type":"PropertyValueSpecification","valueRequired":true,"valueName":"search_term_string"}}],"inLanguage":"pt-PT"},{"@type":"Organization","@id":"https:\/\/discotelsisal.com\/pt-pt\/#organization","name":"Discotelsisal","url":"https:\/\/discotelsisal.com\/pt-pt\/","logo":{"@type":"ImageObject","inLanguage":"pt-PT","@id":"https:\/\/discotelsisal.com\/pt-pt\/#\/schema\/logo\/image\/","url":"https:\/\/discotelsisal.com\/wp-content\/uploads\/2021\/06\/logo-new-resize.png","contentUrl":"https:\/\/discotelsisal.com\/wp-content\/uploads\/2021\/06\/logo-new-resize.png","width":644,"height":200,"caption":"Discotelsisal"},"image":{"@id":"https:\/\/discotelsisal.com\/pt-pt\/#\/schema\/logo\/image\/"}}]}},"_links":{"self":[{"href":"https:\/\/discotelsisal.com\/pt-pt\/wp-json\/wp\/v2\/pages\/9270","targetHints":{"allow":["GET"]}}],"collection":[{"href":"https:\/\/discotelsisal.com\/pt-pt\/wp-json\/wp\/v2\/pages"}],"about":[{"href":"https:\/\/discotelsisal.com\/pt-pt\/wp-json\/wp\/v2\/types\/page"}],"author":[{"embeddable":true,"href":"https:\/\/discotelsisal.com\/pt-pt\/wp-json\/wp\/v2\/users\/5"}],"replies":[{"embeddable":true,"href":"https:\/\/discotelsisal.com\/pt-pt\/wp-json\/wp\/v2\/comments?post=9270"}],"version-history":[{"count":8,"href":"https:\/\/discotelsisal.com\/pt-pt\/wp-json\/wp\/v2\/pages\/9270\/revisions"}],"predecessor-version":[{"id":15408,"href":"https:\/\/discotelsisal.com\/pt-pt\/wp-json\/wp\/v2\/pages\/9270\/revisions\/15408"}],"up":[{"embeddable":true,"href":"https:\/\/discotelsisal.com\/pt-pt\/wp-json\/wp\/v2\/pages\/9220"}],"wp:attachment":[{"href":"https:\/\/discotelsisal.com\/pt-pt\/wp-json\/wp\/v2\/media?parent=9270"}],"curies":[{"name":"wp","href":"https:\/\/api.w.org\/{rel}","templated":true}]}}