{"id":9203,"date":"2021-07-13T13:30:02","date_gmt":"2021-07-13T13:30:02","guid":{"rendered":"https:\/\/discotelsisal.com\/fiere\/"},"modified":"2026-04-13T09:27:48","modified_gmt":"2026-04-13T09:27:48","slug":"feiras","status":"publish","type":"page","link":"https:\/\/discotelsisal.com\/pt-pt\/feiras\/","title":{"rendered":"Feiras"},"content":{"rendered":"<div class=\"wpb-content-wrapper\"><p>[vc_row disable_background_image=&#8221;&#8221; simple_background_color=&#8221;#056133&#8243;][vc_column]<div class=\"mkdf-elements-holder   mkdf-one-column  mkdf-responsive-mode-768 \" ><div class=\"mkdf-eh-item   mkdf-horizontal-alignment-center \"  data-item-class=\"mkdf-eh-custom-8427\">\n\t<div class=\"mkdf-eh-item-inner\">\n\t\t<div class=\"mkdf-eh-item-content mkdf-eh-custom-8427\" style=\"padding: 40px 0px 40px 0px\">\n\t\t\t<div class=\"mkdf-section-title-holder title-split-style   mkdf-has-appear-animation\" >\n\t<div class=\"mkdf-st-inner\">\n\t\t\t\t\t\t<h1 class=\"mkdf-st-title\" style=\"color: #ffffff\">\n\t\t\t\t\t\t\t\t\tFIERAS\t\t\t\t\t\t\t<\/h1>\n\t\t\t\t\t\t\t<\/div>\n<\/div>\t\t<\/div>\n\t<\/div>\n<\/div><\/div>[\/vc_column][\/vc_row][vc_row row_content_width=&#8221;grid&#8221; disable_background_image=&#8221;1024&#8243; css=&#8221;.vc_custom_1626183022531{padding-top: 60px !important;padding-bottom: 82px !important;}&#8221;][vc_column][vc_column_text]A DISCOTELSISAL estar\u00e1 presente nas seguintes feiras:[\/vc_column_text][vc_row_inner gap=&#8221;30&#8243;][vc_column_inner width=&#8221;1\/3&#8243;][vc_single_image image=&#8221;8265&#8243;][vc_column_text]<\/p>\n<h4><strong>IHF 2026<\/strong><\/h4>\n<p>3 &#8211; 6 De Mar\u00e7o 2026<br \/>\n(Col\u00f4nia, Alemanha)<\/p>\n<p>Hall 10.2, stand F091<\/p>\n<p>A feira l\u00edder mundial que re\u00fane todos os principais operadores do setor. Mais de 3.200 expositores de todo o mundo e mais de 38.000 operadores de 133 pa\u00edses, para apresentar os seus \u00faltimos produtos e inova\u00e7\u00f5es: desde ferramentas e acess\u00f3rios at\u00e9 materiais de constru\u00e7\u00e3o e DIY e tecnologias de fixa\u00e7\u00e3o.[\/vc_column_text][vc_empty_space height=&#8221;10px&#8221;]<a itemprop=\"url\" href=\"https:\/\/www.koelnmesse.it\/ihf\/home\/index.php\" target=\"_blank\" style=\"color: #056133;border-color: #056133\" class=\"mkdf-btn mkdf-btn-small mkdf-btn-outline mkdf-btn-custom-hover-bg mkdf-btn-custom-border-hover mkdf-btn-custom-hover-color\" data-hover-color=\"#000000\" data-hover-bg-color=\"#ffffff\" data-hover-border-color=\"#000000\" >\n            <span class=\"mkdf-btn-text\">saiba mais<\/span>\n        <i class=\"mkdf-icon-dripicons dripicon  \" ><\/i>    <\/a>[\/vc_column_inner][vc_column_inner width=&#8221;1\/3&#8243;][vc_single_image image=&#8221;16915&#8243;][vc_column_text css=&#8221;&#8221;]<\/p>\n<h4><strong>TECNA 2026<\/strong><\/h4>\n<p>22 &#8211; 25 De Setembro De 2026<br \/>\n(Rimini, It\u00e1lia)<\/p>\n<p>Hall B3, stand 304<\/p>\n<p>TECNA &#8211; A Global Expo for Ceramics and more &#8211; conecta a ind\u00fastria global de cer\u00e2mica e superf\u00edcie, impulsionando a inova\u00e7\u00e3o e a transforma\u00e7\u00e3o digital.<br \/>\nVenha descobrir as tecnologias e solu\u00e7\u00f5es de \u00faltima gera\u00e7\u00e3o para design, produ\u00e7\u00e3o e sustentabilidade na feira, no centro da evolu\u00e7\u00e3o do setor.[\/vc_column_text][vc_empty_space height=&#8221;10px&#8221;]<a itemprop=\"url\" href=\"https:\/\/en.tecnaexpo.com\/\" target=\"_blank\" style=\"color: #056133;border-color: #056133\" class=\"mkdf-btn mkdf-btn-small mkdf-btn-outline mkdf-btn-custom-hover-bg mkdf-btn-custom-border-hover mkdf-btn-custom-hover-color\" data-hover-color=\"#000000\" data-hover-bg-color=\"#ffffff\" data-hover-border-color=\"#000000\" >\n            <span class=\"mkdf-btn-text\">saiba mais<\/span>\n        <i class=\"mkdf-icon-dripicons dripicon  \" ><\/i>    <\/a>[\/vc_column_inner][vc_column_inner width=&#8221;1\/3&#8243;][vc_single_image image=&#8221;9196&#8243; css=&#8221;&#8221;][vc_column_text css=&#8221;&#8221;]<\/p>\n<h4><strong>FAMAART 2026<\/strong><\/h4>\n<p><em>1 &#8211; 3 Outubro 2026<br \/>\n(Bologna, Italy)<\/em><\/p>\n<p>FamaArt \u00e9 a principal feira de neg\u00f3cios da Europa para o setor de molduras, artes gr\u00e1ficas e m\u00e1quinas relacionadas, organizada pela BolognaFiere com o patroc\u00ednio da FAMA International.[\/vc_column_text][vc_empty_space height=&#8221;10px&#8221;]<a itemprop=\"url\" href=\"https:\/\/www.famaart.it\/en\/home\/2070.html\" target=\"_blank\" style=\"color: #056133;border-color: #056133\" class=\"mkdf-btn mkdf-btn-small mkdf-btn-outline mkdf-btn-custom-hover-bg mkdf-btn-custom-border-hover mkdf-btn-custom-hover-color\" data-hover-color=\"#000000\" data-hover-bg-color=\"#ffffff\" data-hover-border-color=\"#000000\" >\n            <span class=\"mkdf-btn-text\">Saiba Mais<\/span>\n        <i class=\"mkdf-icon-dripicons dripicon  \" ><\/i>    <\/a>[\/vc_column_inner][\/vc_row_inner][\/vc_column][\/vc_row]<\/p>\n<\/div>","protected":false},"excerpt":{"rendered":"<p>[vc_row disable_background_image=&#8221;&#8221; simple_background_color=&#8221;#056133&#8243;][vc_column][\/vc_column][\/vc_row][vc_row row_content_width=&#8221;grid&#8221; disable_background_image=&#8221;1024&#8243; css=&#8221;.vc_custom_1626183022531{padding-top: 60px !important;padding-bottom: 82px !important;}&#8221;][vc_column][vc_column_text]A DISCOTELSISAL estar\u00e1 presente nas seguintes feiras:[\/vc_column_text][vc_row_inner gap=&#8221;30&#8243;][vc_column_inner width=&#8221;1\/3&#8243;][vc_single_image image=&#8221;8265&#8243;][vc_column_text] IHF 2026 3 &#8211; 6 De Mar\u00e7o 2026 (Col\u00f4nia, Alemanha) Hall 10.2, stand F091 A feira l\u00edder mundial que re\u00fane todos os principais operadores do setor. Mais de 3.200 expositores de todo [&hellip;]<\/p>\n","protected":false},"author":5,"featured_media":0,"parent":0,"menu_order":0,"comment_status":"closed","ping_status":"closed","template":"full-width.php","meta":{"footnotes":""},"class_list":["post-9203","page","type-page","status-publish","hentry"],"yoast_head":"<!-- This site is optimized with the Yoast SEO plugin v27.4 - https:\/\/yoast.com\/product\/yoast-seo-wordpress\/ -->\n<title>Feiras - Discotelsisal<\/title>\n<meta name=\"description\" content=\"A DISCOTELSISAL estar\u00e1 presente nas principais feiras nacionais e internacionais agendadas para este ano 2022.\" \/>\n<meta name=\"robots\" content=\"index, follow, max-snippet:-1, max-image-preview:large, max-video-preview:-1\" \/>\n<link rel=\"canonical\" href=\"https:\/\/discotelsisal.com\/pt-pt\/feiras\/\" \/>\n<meta property=\"og:locale\" content=\"pt_PT\" \/>\n<meta property=\"og:type\" content=\"article\" \/>\n<meta property=\"og:title\" content=\"Feiras - Discotelsisal\" \/>\n<meta property=\"og:description\" content=\"A DISCOTELSISAL estar\u00e1 presente nas principais feiras nacionais e internacionais agendadas para este ano 2022.\" \/>\n<meta property=\"og:url\" content=\"https:\/\/discotelsisal.com\/pt-pt\/feiras\/\" \/>\n<meta property=\"og:site_name\" content=\"Discotelsisal\" \/>\n<meta property=\"article:modified_time\" content=\"2026-04-13T09:27:48+00:00\" \/>\n<meta name=\"twitter:card\" content=\"summary_large_image\" \/>\n<meta name=\"twitter:label1\" content=\"Tempo estimado de leitura\" \/>\n\t<meta name=\"twitter:data1\" content=\"3 minutos\" \/>\n<script type=\"application\/ld+json\" class=\"yoast-schema-graph\">{\"@context\":\"https:\\\/\\\/schema.org\",\"@graph\":[{\"@type\":\"WebPage\",\"@id\":\"https:\\\/\\\/discotelsisal.com\\\/pt-pt\\\/feiras\\\/\",\"url\":\"https:\\\/\\\/discotelsisal.com\\\/pt-pt\\\/feiras\\\/\",\"name\":\"Feiras - Discotelsisal\",\"isPartOf\":{\"@id\":\"https:\\\/\\\/discotelsisal.com\\\/pt-pt\\\/#website\"},\"datePublished\":\"2021-07-13T13:30:02+00:00\",\"dateModified\":\"2026-04-13T09:27:48+00:00\",\"description\":\"A DISCOTELSISAL estar\u00e1 presente nas principais feiras nacionais e internacionais agendadas para este ano 2022.\",\"breadcrumb\":{\"@id\":\"https:\\\/\\\/discotelsisal.com\\\/pt-pt\\\/feiras\\\/#breadcrumb\"},\"inLanguage\":\"pt-PT\",\"potentialAction\":[{\"@type\":\"ReadAction\",\"target\":[\"https:\\\/\\\/discotelsisal.com\\\/pt-pt\\\/feiras\\\/\"]}]},{\"@type\":\"BreadcrumbList\",\"@id\":\"https:\\\/\\\/discotelsisal.com\\\/pt-pt\\\/feiras\\\/#breadcrumb\",\"itemListElement\":[{\"@type\":\"ListItem\",\"position\":1,\"name\":\"Home\",\"item\":\"https:\\\/\\\/discotelsisal.com\\\/pt-pt\\\/\"},{\"@type\":\"ListItem\",\"position\":2,\"name\":\"Feiras\"}]},{\"@type\":\"WebSite\",\"@id\":\"https:\\\/\\\/discotelsisal.com\\\/pt-pt\\\/#website\",\"url\":\"https:\\\/\\\/discotelsisal.com\\\/pt-pt\\\/\",\"name\":\"Discotelsisal\",\"description\":\"Sanding Solutions\",\"publisher\":{\"@id\":\"https:\\\/\\\/discotelsisal.com\\\/pt-pt\\\/#organization\"},\"potentialAction\":[{\"@type\":\"SearchAction\",\"target\":{\"@type\":\"EntryPoint\",\"urlTemplate\":\"https:\\\/\\\/discotelsisal.com\\\/pt-pt\\\/?s={search_term_string}\"},\"query-input\":{\"@type\":\"PropertyValueSpecification\",\"valueRequired\":true,\"valueName\":\"search_term_string\"}}],\"inLanguage\":\"pt-PT\"},{\"@type\":\"Organization\",\"@id\":\"https:\\\/\\\/discotelsisal.com\\\/pt-pt\\\/#organization\",\"name\":\"Discotelsisal\",\"url\":\"https:\\\/\\\/discotelsisal.com\\\/pt-pt\\\/\",\"logo\":{\"@type\":\"ImageObject\",\"inLanguage\":\"pt-PT\",\"@id\":\"https:\\\/\\\/discotelsisal.com\\\/pt-pt\\\/#\\\/schema\\\/logo\\\/image\\\/\",\"url\":\"https:\\\/\\\/discotelsisal.com\\\/wp-content\\\/uploads\\\/2021\\\/06\\\/logo-new-resize.png\",\"contentUrl\":\"https:\\\/\\\/discotelsisal.com\\\/wp-content\\\/uploads\\\/2021\\\/06\\\/logo-new-resize.png\",\"width\":644,\"height\":200,\"caption\":\"Discotelsisal\"},\"image\":{\"@id\":\"https:\\\/\\\/discotelsisal.com\\\/pt-pt\\\/#\\\/schema\\\/logo\\\/image\\\/\"}}]}<\/script>\n<!-- \/ Yoast SEO plugin. -->","yoast_head_json":{"title":"Feiras - Discotelsisal","description":"A DISCOTELSISAL estar\u00e1 presente nas principais feiras nacionais e internacionais agendadas para este ano 2022.","robots":{"index":"index","follow":"follow","max-snippet":"max-snippet:-1","max-image-preview":"max-image-preview:large","max-video-preview":"max-video-preview:-1"},"canonical":"https:\/\/discotelsisal.com\/pt-pt\/feiras\/","og_locale":"pt_PT","og_type":"article","og_title":"Feiras - Discotelsisal","og_description":"A DISCOTELSISAL estar\u00e1 presente nas principais feiras nacionais e internacionais agendadas para este ano 2022.","og_url":"https:\/\/discotelsisal.com\/pt-pt\/feiras\/","og_site_name":"Discotelsisal","article_modified_time":"2026-04-13T09:27:48+00:00","twitter_card":"summary_large_image","twitter_misc":{"Tempo estimado de leitura":"3 minutos"},"schema":{"@context":"https:\/\/schema.org","@graph":[{"@type":"WebPage","@id":"https:\/\/discotelsisal.com\/pt-pt\/feiras\/","url":"https:\/\/discotelsisal.com\/pt-pt\/feiras\/","name":"Feiras - Discotelsisal","isPartOf":{"@id":"https:\/\/discotelsisal.com\/pt-pt\/#website"},"datePublished":"2021-07-13T13:30:02+00:00","dateModified":"2026-04-13T09:27:48+00:00","description":"A DISCOTELSISAL estar\u00e1 presente nas principais feiras nacionais e internacionais agendadas para este ano 2022.","breadcrumb":{"@id":"https:\/\/discotelsisal.com\/pt-pt\/feiras\/#breadcrumb"},"inLanguage":"pt-PT","potentialAction":[{"@type":"ReadAction","target":["https:\/\/discotelsisal.com\/pt-pt\/feiras\/"]}]},{"@type":"BreadcrumbList","@id":"https:\/\/discotelsisal.com\/pt-pt\/feiras\/#breadcrumb","itemListElement":[{"@type":"ListItem","position":1,"name":"Home","item":"https:\/\/discotelsisal.com\/pt-pt\/"},{"@type":"ListItem","position":2,"name":"Feiras"}]},{"@type":"WebSite","@id":"https:\/\/discotelsisal.com\/pt-pt\/#website","url":"https:\/\/discotelsisal.com\/pt-pt\/","name":"Discotelsisal","description":"Sanding Solutions","publisher":{"@id":"https:\/\/discotelsisal.com\/pt-pt\/#organization"},"potentialAction":[{"@type":"SearchAction","target":{"@type":"EntryPoint","urlTemplate":"https:\/\/discotelsisal.com\/pt-pt\/?s={search_term_string}"},"query-input":{"@type":"PropertyValueSpecification","valueRequired":true,"valueName":"search_term_string"}}],"inLanguage":"pt-PT"},{"@type":"Organization","@id":"https:\/\/discotelsisal.com\/pt-pt\/#organization","name":"Discotelsisal","url":"https:\/\/discotelsisal.com\/pt-pt\/","logo":{"@type":"ImageObject","inLanguage":"pt-PT","@id":"https:\/\/discotelsisal.com\/pt-pt\/#\/schema\/logo\/image\/","url":"https:\/\/discotelsisal.com\/wp-content\/uploads\/2021\/06\/logo-new-resize.png","contentUrl":"https:\/\/discotelsisal.com\/wp-content\/uploads\/2021\/06\/logo-new-resize.png","width":644,"height":200,"caption":"Discotelsisal"},"image":{"@id":"https:\/\/discotelsisal.com\/pt-pt\/#\/schema\/logo\/image\/"}}]}},"_links":{"self":[{"href":"https:\/\/discotelsisal.com\/pt-pt\/wp-json\/wp\/v2\/pages\/9203","targetHints":{"allow":["GET"]}}],"collection":[{"href":"https:\/\/discotelsisal.com\/pt-pt\/wp-json\/wp\/v2\/pages"}],"about":[{"href":"https:\/\/discotelsisal.com\/pt-pt\/wp-json\/wp\/v2\/types\/page"}],"author":[{"embeddable":true,"href":"https:\/\/discotelsisal.com\/pt-pt\/wp-json\/wp\/v2\/users\/5"}],"replies":[{"embeddable":true,"href":"https:\/\/discotelsisal.com\/pt-pt\/wp-json\/wp\/v2\/comments?post=9203"}],"version-history":[{"count":39,"href":"https:\/\/discotelsisal.com\/pt-pt\/wp-json\/wp\/v2\/pages\/9203\/revisions"}],"predecessor-version":[{"id":16975,"href":"https:\/\/discotelsisal.com\/pt-pt\/wp-json\/wp\/v2\/pages\/9203\/revisions\/16975"}],"wp:attachment":[{"href":"https:\/\/discotelsisal.com\/pt-pt\/wp-json\/wp\/v2\/media?parent=9203"}],"curies":[{"name":"wp","href":"https:\/\/api.w.org\/{rel}","templated":true}]}}