{"id":9200,"date":"2021-04-12T14:19:36","date_gmt":"2021-04-12T14:19:36","guid":{"rendered":"https:\/\/discotelsisal.com\/azienda\/"},"modified":"2022-08-29T09:57:41","modified_gmt":"2022-08-29T09:57:41","slug":"empresa","status":"publish","type":"page","link":"https:\/\/discotelsisal.com\/pt-pt\/empresa\/","title":{"rendered":"Empresa"},"content":{"rendered":"<div class=\"wpb-content-wrapper\"><p>[vc_row disable_background_image=&#8221;&#8221; simple_background_color=&#8221;#056133&#8243;][vc_column]<div class=\"mkdf-elements-holder   mkdf-one-column  mkdf-responsive-mode-768 \" ><div class=\"mkdf-eh-item   mkdf-horizontal-alignment-center \"  data-item-class=\"mkdf-eh-custom-8682\">\n\t<div class=\"mkdf-eh-item-inner\">\n\t\t<div class=\"mkdf-eh-item-content mkdf-eh-custom-8682\" style=\"padding: 40px 0px 40px 0px\">\n\t\t\t<div class=\"mkdf-section-title-holder title-split-style   mkdf-has-appear-animation\" >\n\t<div class=\"mkdf-st-inner\">\n\t\t\t\t\t\t<h1 class=\"mkdf-st-title\" style=\"color: #ffffff\">\n\t\t\t\t\t\t\t\t\tA EMPRESA\t\t\t\t\t\t\t<\/h1>\n\t\t\t\t\t\t\t<\/div>\n<\/div>\t\t<\/div>\n\t<\/div>\n<\/div><\/div>[\/vc_column][\/vc_row][vc_row disable_background_image=&#8221;1024&#8243; css=&#8221;.vc_custom_1618236875523{padding-top: 60px !important;padding-bottom: 82px !important;}&#8221;][vc_column][vc_row_inner row_content_width=&#8221;grid&#8221;][vc_column_inner][vc_empty_space height=&#8221;35px&#8221;][\/vc_column_inner][\/vc_row_inner][vc_row_inner row_content_width=&#8221;grid&#8221;][vc_column_inner]<div class=\"mkdf-elements-holder   mkdf-one-column  mkdf-responsive-mode-768 mkdf-one-column-alignment-left\" ><div class=\"mkdf-eh-item    \"  data-item-class=\"mkdf-eh-custom-9008\">\n\t<div class=\"mkdf-eh-item-inner\">\n\t\t<div class=\"mkdf-eh-item-content mkdf-eh-custom-9008\" style=\"padding: 0px 30px 15px 0px\">\n\t\t\t[vc_column_text]DISCOTELSISAL \u00e9 uma empresa l\u00edder na <strong>produ\u00e7\u00e3o de abrasivos e discos para polimento fabricados<\/strong> com abrasivos sint\u00e9ticos e naturais. Em 1957 foram produzidos os primeiros discos de polimento a partir da experi\u00eancia do Sr. Salvatore Cassar\u00e0.<br \/>\nJ\u00e1 desde o in\u00edcio, a DISCOTELSISAL tem-se concentrado na investiga\u00e7\u00e3o tecnol\u00f3gica e especializa\u00e7\u00e3o de produtos como fatores estrat\u00e9gicos de desenvolvimento: n\u00e3o \u00e9 coincid\u00eancia que muitas das nossas inova\u00e7\u00f5es j\u00e1 se tenham tornado uma refer\u00eancia no mundo dos abrasivos e do polimento.<br \/>\nDISCOTELSISAL <strong>oferece uma gama completa de solu\u00e7\u00f5es para o polimento<\/strong>, concebidas para resolver as necessidades particulares de cada cliente.<br \/>\nA empresa cobre uma \u00e1rea total de 5.000 m\u00b2 e conta com mais de 30 funcion\u00e1rios e <strong>uma vasta rede de vendas a n\u00edvel mundial.<\/strong> A DISCOTELSISAL, gra\u00e7as \u00e0 sua <strong>presen\u00e7a estabelecida no mercado h\u00e1 mais de 60 anos<\/strong>, tornou-se um ponto de refer\u00eancia para os operadores dos sectores da madeira, tintas, metais cer\u00e2mica e PCBs.<br \/>\n<strong>QUALIDADE, SIMPLICIDADE, CAPACIDADE DE RESPOSTA AO MERCADO<\/strong> foram e continuar\u00e3o a ser as diretrizes da DISCOTELSISAL no futuro.[\/vc_column_text][vc_empty_space]\t\t<\/div>\n\t<\/div>\n<\/div><div class=\"mkdf-eh-item   mkdf-horizontal-alignment-center \"  data-item-class=\"mkdf-eh-custom-5357\">\n\t<div class=\"mkdf-eh-item-inner\">\n\t\t<div class=\"mkdf-eh-item-content mkdf-eh-custom-5357\" style=\"padding: 0px 0px 15px 0px\">\n\t\t\t[vc_single_image image=&#8221;8452&#8243; img_size=&#8221;full&#8221; alignment=&#8221;center&#8221;]\t\t<\/div>\n\t<\/div>\n<\/div><\/div>[\/vc_column_inner][\/vc_row_inner][\/vc_column][\/vc_row]<\/p>\n<\/div>","protected":false},"excerpt":{"rendered":"<p>[vc_row disable_background_image=&#8221;&#8221; simple_background_color=&#8221;#056133&#8243;][vc_column][\/vc_column][\/vc_row][vc_row disable_background_image=&#8221;1024&#8243; css=&#8221;.vc_custom_1618236875523{padding-top: 60px !important;padding-bottom: 82px !important;}&#8221;][vc_column][vc_row_inner row_content_width=&#8221;grid&#8221;][vc_column_inner][vc_empty_space height=&#8221;35px&#8221;][\/vc_column_inner][\/vc_row_inner][vc_row_inner row_content_width=&#8221;grid&#8221;][vc_column_inner][\/vc_column_inner][\/vc_row_inner][\/vc_column][\/vc_row]<\/p>\n","protected":false},"author":5,"featured_media":0,"parent":0,"menu_order":0,"comment_status":"closed","ping_status":"closed","template":"full-width.php","meta":{"footnotes":""},"class_list":["post-9200","page","type-page","status-publish","hentry"],"yoast_head":"<!-- This site is optimized with the Yoast SEO plugin v27.3 - https:\/\/yoast.com\/product\/yoast-seo-wordpress\/ -->\n<title>Empresa - Discotelsisal<\/title>\n<meta name=\"description\" content=\"DISCOTELSISAL \u00e9 uma empresa l\u00edder na produ\u00e7\u00e3o de abrasivos e discos para polimento fabricados com abrasivos sint\u00e9ticos e naturais\" \/>\n<meta name=\"robots\" content=\"index, follow, max-snippet:-1, max-image-preview:large, max-video-preview:-1\" \/>\n<link rel=\"canonical\" href=\"https:\/\/discotelsisal.com\/pt-pt\/empresa\/\" \/>\n<meta property=\"og:locale\" content=\"pt_PT\" \/>\n<meta property=\"og:type\" content=\"article\" \/>\n<meta property=\"og:title\" content=\"Empresa - Discotelsisal\" \/>\n<meta property=\"og:description\" content=\"DISCOTELSISAL \u00e9 uma empresa l\u00edder na produ\u00e7\u00e3o de abrasivos e discos para polimento fabricados com abrasivos sint\u00e9ticos e naturais\" \/>\n<meta property=\"og:url\" content=\"https:\/\/discotelsisal.com\/pt-pt\/empresa\/\" \/>\n<meta property=\"og:site_name\" content=\"Discotelsisal\" \/>\n<meta property=\"article:modified_time\" content=\"2022-08-29T09:57:41+00:00\" \/>\n<meta name=\"twitter:card\" content=\"summary_large_image\" \/>\n<meta name=\"twitter:label1\" content=\"Tempo estimado de leitura\" \/>\n\t<meta name=\"twitter:data1\" content=\"1 minuto\" \/>\n<script type=\"application\/ld+json\" class=\"yoast-schema-graph\">{\"@context\":\"https:\\\/\\\/schema.org\",\"@graph\":[{\"@type\":\"WebPage\",\"@id\":\"https:\\\/\\\/discotelsisal.com\\\/pt-pt\\\/empresa\\\/\",\"url\":\"https:\\\/\\\/discotelsisal.com\\\/pt-pt\\\/empresa\\\/\",\"name\":\"Empresa - Discotelsisal\",\"isPartOf\":{\"@id\":\"https:\\\/\\\/discotelsisal.com\\\/pt-pt\\\/#website\"},\"datePublished\":\"2021-04-12T14:19:36+00:00\",\"dateModified\":\"2022-08-29T09:57:41+00:00\",\"description\":\"DISCOTELSISAL \u00e9 uma empresa l\u00edder na produ\u00e7\u00e3o de abrasivos e discos para polimento fabricados com abrasivos sint\u00e9ticos e naturais\",\"breadcrumb\":{\"@id\":\"https:\\\/\\\/discotelsisal.com\\\/pt-pt\\\/empresa\\\/#breadcrumb\"},\"inLanguage\":\"pt-PT\",\"potentialAction\":[{\"@type\":\"ReadAction\",\"target\":[\"https:\\\/\\\/discotelsisal.com\\\/pt-pt\\\/empresa\\\/\"]}]},{\"@type\":\"BreadcrumbList\",\"@id\":\"https:\\\/\\\/discotelsisal.com\\\/pt-pt\\\/empresa\\\/#breadcrumb\",\"itemListElement\":[{\"@type\":\"ListItem\",\"position\":1,\"name\":\"Home\",\"item\":\"https:\\\/\\\/discotelsisal.com\\\/pt-pt\\\/\"},{\"@type\":\"ListItem\",\"position\":2,\"name\":\"Empresa\"}]},{\"@type\":\"WebSite\",\"@id\":\"https:\\\/\\\/discotelsisal.com\\\/pt-pt\\\/#website\",\"url\":\"https:\\\/\\\/discotelsisal.com\\\/pt-pt\\\/\",\"name\":\"Discotelsisal\",\"description\":\"Sanding Solutions\",\"publisher\":{\"@id\":\"https:\\\/\\\/discotelsisal.com\\\/pt-pt\\\/#organization\"},\"potentialAction\":[{\"@type\":\"SearchAction\",\"target\":{\"@type\":\"EntryPoint\",\"urlTemplate\":\"https:\\\/\\\/discotelsisal.com\\\/pt-pt\\\/?s={search_term_string}\"},\"query-input\":{\"@type\":\"PropertyValueSpecification\",\"valueRequired\":true,\"valueName\":\"search_term_string\"}}],\"inLanguage\":\"pt-PT\"},{\"@type\":\"Organization\",\"@id\":\"https:\\\/\\\/discotelsisal.com\\\/pt-pt\\\/#organization\",\"name\":\"Discotelsisal\",\"url\":\"https:\\\/\\\/discotelsisal.com\\\/pt-pt\\\/\",\"logo\":{\"@type\":\"ImageObject\",\"inLanguage\":\"pt-PT\",\"@id\":\"https:\\\/\\\/discotelsisal.com\\\/pt-pt\\\/#\\\/schema\\\/logo\\\/image\\\/\",\"url\":\"https:\\\/\\\/discotelsisal.com\\\/wp-content\\\/uploads\\\/2021\\\/06\\\/logo-new-resize.png\",\"contentUrl\":\"https:\\\/\\\/discotelsisal.com\\\/wp-content\\\/uploads\\\/2021\\\/06\\\/logo-new-resize.png\",\"width\":644,\"height\":200,\"caption\":\"Discotelsisal\"},\"image\":{\"@id\":\"https:\\\/\\\/discotelsisal.com\\\/pt-pt\\\/#\\\/schema\\\/logo\\\/image\\\/\"}}]}<\/script>\n<!-- \/ Yoast SEO plugin. -->","yoast_head_json":{"title":"Empresa - Discotelsisal","description":"DISCOTELSISAL \u00e9 uma empresa l\u00edder na produ\u00e7\u00e3o de abrasivos e discos para polimento fabricados com abrasivos sint\u00e9ticos e naturais","robots":{"index":"index","follow":"follow","max-snippet":"max-snippet:-1","max-image-preview":"max-image-preview:large","max-video-preview":"max-video-preview:-1"},"canonical":"https:\/\/discotelsisal.com\/pt-pt\/empresa\/","og_locale":"pt_PT","og_type":"article","og_title":"Empresa - Discotelsisal","og_description":"DISCOTELSISAL \u00e9 uma empresa l\u00edder na produ\u00e7\u00e3o de abrasivos e discos para polimento fabricados com abrasivos sint\u00e9ticos e naturais","og_url":"https:\/\/discotelsisal.com\/pt-pt\/empresa\/","og_site_name":"Discotelsisal","article_modified_time":"2022-08-29T09:57:41+00:00","twitter_card":"summary_large_image","twitter_misc":{"Tempo estimado de leitura":"1 minuto"},"schema":{"@context":"https:\/\/schema.org","@graph":[{"@type":"WebPage","@id":"https:\/\/discotelsisal.com\/pt-pt\/empresa\/","url":"https:\/\/discotelsisal.com\/pt-pt\/empresa\/","name":"Empresa - Discotelsisal","isPartOf":{"@id":"https:\/\/discotelsisal.com\/pt-pt\/#website"},"datePublished":"2021-04-12T14:19:36+00:00","dateModified":"2022-08-29T09:57:41+00:00","description":"DISCOTELSISAL \u00e9 uma empresa l\u00edder na produ\u00e7\u00e3o de abrasivos e discos para polimento fabricados com abrasivos sint\u00e9ticos e naturais","breadcrumb":{"@id":"https:\/\/discotelsisal.com\/pt-pt\/empresa\/#breadcrumb"},"inLanguage":"pt-PT","potentialAction":[{"@type":"ReadAction","target":["https:\/\/discotelsisal.com\/pt-pt\/empresa\/"]}]},{"@type":"BreadcrumbList","@id":"https:\/\/discotelsisal.com\/pt-pt\/empresa\/#breadcrumb","itemListElement":[{"@type":"ListItem","position":1,"name":"Home","item":"https:\/\/discotelsisal.com\/pt-pt\/"},{"@type":"ListItem","position":2,"name":"Empresa"}]},{"@type":"WebSite","@id":"https:\/\/discotelsisal.com\/pt-pt\/#website","url":"https:\/\/discotelsisal.com\/pt-pt\/","name":"Discotelsisal","description":"Sanding Solutions","publisher":{"@id":"https:\/\/discotelsisal.com\/pt-pt\/#organization"},"potentialAction":[{"@type":"SearchAction","target":{"@type":"EntryPoint","urlTemplate":"https:\/\/discotelsisal.com\/pt-pt\/?s={search_term_string}"},"query-input":{"@type":"PropertyValueSpecification","valueRequired":true,"valueName":"search_term_string"}}],"inLanguage":"pt-PT"},{"@type":"Organization","@id":"https:\/\/discotelsisal.com\/pt-pt\/#organization","name":"Discotelsisal","url":"https:\/\/discotelsisal.com\/pt-pt\/","logo":{"@type":"ImageObject","inLanguage":"pt-PT","@id":"https:\/\/discotelsisal.com\/pt-pt\/#\/schema\/logo\/image\/","url":"https:\/\/discotelsisal.com\/wp-content\/uploads\/2021\/06\/logo-new-resize.png","contentUrl":"https:\/\/discotelsisal.com\/wp-content\/uploads\/2021\/06\/logo-new-resize.png","width":644,"height":200,"caption":"Discotelsisal"},"image":{"@id":"https:\/\/discotelsisal.com\/pt-pt\/#\/schema\/logo\/image\/"}}]}},"_links":{"self":[{"href":"https:\/\/discotelsisal.com\/pt-pt\/wp-json\/wp\/v2\/pages\/9200","targetHints":{"allow":["GET"]}}],"collection":[{"href":"https:\/\/discotelsisal.com\/pt-pt\/wp-json\/wp\/v2\/pages"}],"about":[{"href":"https:\/\/discotelsisal.com\/pt-pt\/wp-json\/wp\/v2\/types\/page"}],"author":[{"embeddable":true,"href":"https:\/\/discotelsisal.com\/pt-pt\/wp-json\/wp\/v2\/users\/5"}],"replies":[{"embeddable":true,"href":"https:\/\/discotelsisal.com\/pt-pt\/wp-json\/wp\/v2\/comments?post=9200"}],"version-history":[{"count":3,"href":"https:\/\/discotelsisal.com\/pt-pt\/wp-json\/wp\/v2\/pages\/9200\/revisions"}],"predecessor-version":[{"id":9208,"href":"https:\/\/discotelsisal.com\/pt-pt\/wp-json\/wp\/v2\/pages\/9200\/revisions\/9208"}],"wp:attachment":[{"href":"https:\/\/discotelsisal.com\/pt-pt\/wp-json\/wp\/v2\/media?parent=9200"}],"curies":[{"name":"wp","href":"https:\/\/api.w.org\/{rel}","templated":true}]}}