{"id":16595,"date":"2023-12-20T10:28:39","date_gmt":"2023-12-20T10:28:39","guid":{"rendered":"https:\/\/discotelsisal.com\/?page_id=16595"},"modified":"2023-12-20T10:41:02","modified_gmt":"2023-12-20T10:41:02","slug":"__trashed","status":"publish","type":"page","link":"https:\/\/discotelsisal.com\/pt-pt\/produtos\/__trashed\/","title":{"rendered":"RODAS DE LAMELAS DE PAPEL ABRASIVO MISTAS NWF"},"content":{"rendered":"<div class=\"wpb-content-wrapper\"><p>[vc_row disable_background_image=&#8221;&#8221; simple_background_color=&#8221;#056133&#8243;][vc_column]<div class=\"mkdf-elements-holder   mkdf-one-column  mkdf-responsive-mode-768 \" ><div class=\"mkdf-eh-item   mkdf-horizontal-alignment-center \"  data-item-class=\"mkdf-eh-custom-9469\">\n\t<div class=\"mkdf-eh-item-inner\">\n\t\t<div class=\"mkdf-eh-item-content mkdf-eh-custom-9469\" style=\"padding: 40px 0px 40px 0px\">\n\t\t\t<div class=\"mkdf-section-title-holder title-split-style   mkdf-has-appear-animation\" >\n\t<div class=\"mkdf-st-inner\">\n\t\t\t\t\t\t<h1 class=\"mkdf-st-title\" style=\"color: #ffffff\">\n\t\t\t\t\t\t\t\t\tRODAS DE LAMELAS DE PAPEL ABRASIVO MISTAS NWF\t\t\t\t\t\t\t<\/h1>\n\t\t\t\t\t\t\t<\/div>\n<\/div>\t\t<\/div>\n\t<\/div>\n<\/div><\/div>[\/vc_column][\/vc_row][vc_row row_content_width=&#8221;grid&#8221; disable_background_image=&#8221;&#8221;][vc_column][vc_empty_space]<div class=\"mkdf-section-title-holder title-split-style   mkdf-has-appear-animation\" >\n\t<div class=\"mkdf-st-inner\">\n\t\t\t\t\t\t<h3 class=\"mkdf-st-title\" style=\"color: #000000\">\n\t\t\t\t\t\t\t\t\tRODAS DE LAMELAS DE PAPEL ABRASIVO MISTAS NWF\t\t\t\t\t\t\t<\/h3>\n\t\t\t\t\t\t\t<\/div>\n<\/div>[vc_column_text]S\u00e3o rodas constitu\u00eddas por lamelas de fibra de nylon \u201ctecido n\u00e3o tecido\u201d abrasivo alternadas por lamelas de papel abrasivo, coladas radialmente em torno de um n\u00facleo.<\/p>\n<p>As rodas s\u00e3o produzidas em v\u00e1rias granulometrias, utilizando \u201ctecido n\u00e3o tecido\u201d de carboneto de sil\u00edcio.<\/p>\n<p>Est\u00e3o dispon\u00edveis em diferentes formatos e podem ser utilizadas em m\u00e1quinas autom\u00e1ticas ou semiautom\u00e1ticas.<\/p>\n<p>As rodas de papel abrasivo misto s\u00e3o produzidos em rolos e depois cortadas nas espessuras necess\u00e1rias.\u2028 Podem ser utilizadas tanto em superf\u00edcies planas como moldadas, adaptando-se perfeitamente \u00e0 forma do perfil.<\/p>\n<p>As rodas de papel abrasivo misto trabalham apenas num sentido de rota\u00e7\u00e3o.[\/vc_column_text][vc_empty_space][\/vc_column][\/vc_row][vc_row row_content_width=&#8221;grid&#8221; disable_background_image=&#8221;&#8221; simple_background_color=&#8221;#056133&#8243;][vc_column][vc_empty_space][vc_column_text]<\/p>\n<h4 style=\"color: white\">VANTAGENS<\/h4>\n<p>[\/vc_column_text]<div class=\"mkdf-elements-holder   mkdf-two-columns  mkdf-responsive-mode-768 \" ><div class=\"mkdf-eh-item  mkdf-vertical-alignment-top  \"  data-item-class=\"mkdf-eh-custom-3706\">\n\t<div class=\"mkdf-eh-item-inner\">\n\t\t<div class=\"mkdf-eh-item-content mkdf-eh-custom-3706\" style=\"padding: 10px 30px 10px 0px\">\n\t\t\t[vc_column_text]<\/p>\n<ul>\n<li style=\"color: white\">Podem ser moldados para se adaptarem \u00e0 forma do produto a ser processado<\/li>\n<li style=\"color: white\">O abrasivo regenera-se automaticamente durante o processamento, mantendo uma capacidade constante de corte e acabamento<\/li>\n<\/ul>\n<p>[\/vc_column_text]\t\t<\/div>\n\t<\/div>\n<\/div><div class=\"mkdf-eh-item  mkdf-vertical-alignment-top  \"  data-item-class=\"mkdf-eh-custom-3895\" data-680=\"0px 0px 0px 0px\">\n\t<div class=\"mkdf-eh-item-inner\">\n\t\t<div class=\"mkdf-eh-item-content mkdf-eh-custom-3895\" style=\"padding: 10px 0px 10px 30px\">\n\t\t\t[vc_column_text]<\/p>\n<ul>\n<li style=\"color: white\">Pode ser usado em sequ\u00eancia com diferentes combina\u00e7\u00f5es de gr\u00e3os<\/li>\n<li style=\"color: white\">Permitem maior remo\u00e7\u00e3o em rela\u00e7\u00e3o aos retalhos TNT<\/li>\n<\/ul>\n<p>[\/vc_column_text]\t\t<\/div>\n\t<\/div>\n<\/div><\/div>[vc_empty_space][\/vc_column][\/vc_row][vc_row row_content_width=&#8221;grid&#8221; disable_background_image=&#8221;&#8221;][vc_column][vc_empty_space]<div class=\"woocommerce columns-4 \"><ul class=\"products columns-4\">\n<li class=\"product type-product post-9251 status-publish first instock product_cat-rodas-de-lamelas-de-papel-mistas-nwf product_cat-rodas-de-lamelas-mistas product_tag-discotelsisal-pt-pt product_tag-rodas-de-lamelas has-post-thumbnail shipping-taxable product-type-simple\">\n\t<div class=\"mkdf-pl-inner\"><div class=\"mkdf-pl-image\"><img loading=\"lazy\" decoding=\"async\" width=\"300\" height=\"300\" src=\"https:\/\/discotelsisal.com\/wp-content\/uploads\/2021\/06\/01-RUOTE-MISTO-CARTATNT-300x300.jpg\" class=\"attachment-woocommerce_thumbnail size-woocommerce_thumbnail\" alt=\"RODAS DE LAMELAS DE PAPEL ABRASIVO MISTAS NWF\" srcset=\"https:\/\/discotelsisal.com\/wp-content\/uploads\/2021\/06\/01-RUOTE-MISTO-CARTATNT-300x300.jpg 300w, https:\/\/discotelsisal.com\/wp-content\/uploads\/2021\/06\/01-RUOTE-MISTO-CARTATNT-150x150.jpg 150w, https:\/\/discotelsisal.com\/wp-content\/uploads\/2021\/06\/01-RUOTE-MISTO-CARTATNT-768x768.jpg 768w, https:\/\/discotelsisal.com\/wp-content\/uploads\/2021\/06\/01-RUOTE-MISTO-CARTATNT-650x650.jpg 650w, https:\/\/discotelsisal.com\/wp-content\/uploads\/2021\/06\/01-RUOTE-MISTO-CARTATNT-600x600.jpg 600w, https:\/\/discotelsisal.com\/wp-content\/uploads\/2021\/06\/01-RUOTE-MISTO-CARTATNT-100x100.jpg 100w, https:\/\/discotelsisal.com\/wp-content\/uploads\/2021\/06\/01-RUOTE-MISTO-CARTATNT.jpg 1000w\" sizes=\"auto, (max-width: 300px) 100vw, 300px\" \/><div class=\"mkdf-pl-text\"><div class=\"mkdf-pl-text-outer\"><div class=\"mkdf-pl-text-inner\">\t<span id=\"woocommerce_loop_add_to_cart_link_describedby_9251\" class=\"screen-reader-text\">\n\t\t\t<\/span>\n<\/div><\/div><\/div><\/div><\/div><div class=\"mkdf-pl-text-wrapper\"><div class=\"mkdf-pl-text-wrapper-inner\"><div class=\"mkdf-pl-category\"><a href=\"https:\/\/discotelsisal.com\/pt-pt\/product-category\/rodas-de-lamelas-mistas\/rodas-de-lamelas-de-papel-mistas-nwf\/\" rel=\"tag\">Rodas de lamelas de papel mistas nwf<\/a><a href=\"https:\/\/discotelsisal.com\/pt-pt\/product-category\/rodas-de-lamelas-mistas\/\" rel=\"tag\">Rodas de lamelas mistas<\/a><\/div><\/div><h5 class=\"mkdf-product-list-title\"><a href=\"https:\/\/discotelsisal.com\/pt-pt\/product\/rodas-de-papel-abrasivo-misto-nwf\/\">RODAS DE LAMELAS DE PAPEL ABRASIVO MISTAS NWF<\/a><\/h5>\n\t<span class=\"price\"><span class=\"woocommerce-Price-amount amount\"><bdi>70,00<span class=\"woocommerce-Price-currencySymbol\">&euro;<\/span><\/bdi><\/span><\/span>\n<\/div><a href=\"https:\/\/discotelsisal.com\/pt-pt\/product\/rodas-de-papel-abrasivo-misto-nwf\/\" class=\"woocommerce-LoopProduct-link woocommerce-loop-product__link\"><\/a><\/li>\n<li class=\"product type-product post-9250 status-publish instock product_cat-rodas-de-lamelas-de-papel-mistas-nwf product_cat-rodas-de-lamelas-mistas product_tag-combi-wheels-pt-pt product_tag-discotelsisal-pt-pt has-post-thumbnail shipping-taxable product-type-simple\">\n\t<div class=\"mkdf-pl-inner\"><div class=\"mkdf-pl-image\"><img loading=\"lazy\" decoding=\"async\" width=\"300\" height=\"300\" src=\"https:\/\/discotelsisal.com\/wp-content\/uploads\/2021\/06\/02-RUOTE-MISTO-CARTASVF89-300x300.jpg\" class=\"attachment-woocommerce_thumbnail size-woocommerce_thumbnail\" alt=\"RODAS DE LAMELAS DE PAPEL ABRASIVO MISTAS NWF SVF89\" srcset=\"https:\/\/discotelsisal.com\/wp-content\/uploads\/2021\/06\/02-RUOTE-MISTO-CARTASVF89-300x300.jpg 300w, https:\/\/discotelsisal.com\/wp-content\/uploads\/2021\/06\/02-RUOTE-MISTO-CARTASVF89-150x150.jpg 150w, https:\/\/discotelsisal.com\/wp-content\/uploads\/2021\/06\/02-RUOTE-MISTO-CARTASVF89-768x768.jpg 768w, https:\/\/discotelsisal.com\/wp-content\/uploads\/2021\/06\/02-RUOTE-MISTO-CARTASVF89-650x650.jpg 650w, https:\/\/discotelsisal.com\/wp-content\/uploads\/2021\/06\/02-RUOTE-MISTO-CARTASVF89-600x600.jpg 600w, https:\/\/discotelsisal.com\/wp-content\/uploads\/2021\/06\/02-RUOTE-MISTO-CARTASVF89-100x100.jpg 100w, https:\/\/discotelsisal.com\/wp-content\/uploads\/2021\/06\/02-RUOTE-MISTO-CARTASVF89.jpg 1000w\" sizes=\"auto, (max-width: 300px) 100vw, 300px\" \/><div class=\"mkdf-pl-text\"><div class=\"mkdf-pl-text-outer\"><div class=\"mkdf-pl-text-inner\">\t<span id=\"woocommerce_loop_add_to_cart_link_describedby_9250\" class=\"screen-reader-text\">\n\t\t\t<\/span>\n<\/div><\/div><\/div><\/div><\/div><div class=\"mkdf-pl-text-wrapper\"><div class=\"mkdf-pl-text-wrapper-inner\"><div class=\"mkdf-pl-category\"><a href=\"https:\/\/discotelsisal.com\/pt-pt\/product-category\/rodas-de-lamelas-mistas\/rodas-de-lamelas-de-papel-mistas-nwf\/\" rel=\"tag\">Rodas de lamelas de papel mistas nwf<\/a><a href=\"https:\/\/discotelsisal.com\/pt-pt\/product-category\/rodas-de-lamelas-mistas\/\" rel=\"tag\">Rodas de lamelas mistas<\/a><\/div><\/div><h5 class=\"mkdf-product-list-title\"><a href=\"https:\/\/discotelsisal.com\/pt-pt\/product\/rodas-de-papel-abrasivo-misto-svf89\/\">RODAS DE LAMELAS DE PAPEL ABRASIVO MISTAS NWF SVF89<\/a><\/h5>\n\t<span class=\"price\"><span class=\"woocommerce-Price-amount amount\"><bdi>70,00<span class=\"woocommerce-Price-currencySymbol\">&euro;<\/span><\/bdi><\/span><\/span>\n<\/div><a href=\"https:\/\/discotelsisal.com\/pt-pt\/product\/rodas-de-papel-abrasivo-misto-svf89\/\" class=\"woocommerce-LoopProduct-link woocommerce-loop-product__link\"><\/a><\/li>\n<\/ul>\n<\/div>[\/vc_column][\/vc_row]<\/p>\n<\/div>","protected":false},"excerpt":{"rendered":"<p>[vc_row disable_background_image=&#8221;&#8221; simple_background_color=&#8221;#056133&#8243;][vc_column][\/vc_column][\/vc_row][vc_row row_content_width=&#8221;grid&#8221; disable_background_image=&#8221;&#8221;][vc_column][vc_empty_space][vc_column_text]S\u00e3o rodas constitu\u00eddas por lamelas de fibra de nylon \u201ctecido n\u00e3o tecido\u201d abrasivo alternadas por lamelas de papel abrasivo, coladas radialmente em torno de um n\u00facleo. As rodas s\u00e3o produzidas em v\u00e1rias granulometrias, utilizando \u201ctecido n\u00e3o tecido\u201d de carboneto de sil\u00edcio. Est\u00e3o dispon\u00edveis em diferentes formatos e [&hellip;]<\/p>\n","protected":false},"author":5,"featured_media":0,"parent":9220,"menu_order":0,"comment_status":"closed","ping_status":"closed","template":"full-width.php","meta":{"footnotes":""},"class_list":["post-16595","page","type-page","status-publish","hentry"],"yoast_head":"<!-- This site is optimized with the Yoast SEO plugin v27.4 - https:\/\/yoast.com\/product\/yoast-seo-wordpress\/ -->\n<title>RODAS DE LAMELAS DE PAPEL ABRASIVO MISTAS NWF - Discotelsisal<\/title>\n<meta name=\"description\" content=\"Ruote miste carta composte da lamelle di fibra di nylon \u201ctessuto non tessuto\u201d abrasivo alternate a lamelle di carta abrasiva.\" \/>\n<meta name=\"robots\" content=\"index, follow, max-snippet:-1, max-image-preview:large, max-video-preview:-1\" \/>\n<link rel=\"canonical\" href=\"https:\/\/discotelsisal.com\/pt-pt\/produtos\/__trashed\/\" \/>\n<meta property=\"og:locale\" content=\"pt_PT\" \/>\n<meta property=\"og:type\" content=\"article\" \/>\n<meta property=\"og:title\" content=\"RODAS DE LAMELAS DE PAPEL ABRASIVO MISTAS NWF - Discotelsisal\" \/>\n<meta property=\"og:description\" content=\"Ruote miste carta composte da lamelle di fibra di nylon \u201ctessuto non tessuto\u201d abrasivo alternate a lamelle di carta abrasiva.\" \/>\n<meta property=\"og:url\" content=\"https:\/\/discotelsisal.com\/pt-pt\/produtos\/__trashed\/\" \/>\n<meta property=\"og:site_name\" content=\"Discotelsisal\" \/>\n<meta property=\"article:modified_time\" content=\"2023-12-20T10:41:02+00:00\" \/>\n<meta name=\"twitter:card\" content=\"summary_large_image\" \/>\n<meta name=\"twitter:label1\" content=\"Tempo estimado de leitura\" \/>\n\t<meta name=\"twitter:data1\" content=\"1 minuto\" \/>\n<script type=\"application\/ld+json\" class=\"yoast-schema-graph\">{\"@context\":\"https:\\\/\\\/schema.org\",\"@graph\":[{\"@type\":\"WebPage\",\"@id\":\"https:\\\/\\\/discotelsisal.com\\\/pt-pt\\\/produtos\\\/__trashed\\\/\",\"url\":\"https:\\\/\\\/discotelsisal.com\\\/pt-pt\\\/produtos\\\/__trashed\\\/\",\"name\":\"RODAS DE LAMELAS DE PAPEL ABRASIVO MISTAS NWF - Discotelsisal\",\"isPartOf\":{\"@id\":\"https:\\\/\\\/discotelsisal.com\\\/pt-pt\\\/#website\"},\"datePublished\":\"2023-12-20T10:28:39+00:00\",\"dateModified\":\"2023-12-20T10:41:02+00:00\",\"description\":\"Ruote miste carta composte da lamelle di fibra di nylon \u201ctessuto non tessuto\u201d abrasivo alternate a lamelle di carta abrasiva.\",\"breadcrumb\":{\"@id\":\"https:\\\/\\\/discotelsisal.com\\\/pt-pt\\\/produtos\\\/__trashed\\\/#breadcrumb\"},\"inLanguage\":\"pt-PT\",\"potentialAction\":[{\"@type\":\"ReadAction\",\"target\":[\"https:\\\/\\\/discotelsisal.com\\\/pt-pt\\\/produtos\\\/__trashed\\\/\"]}]},{\"@type\":\"BreadcrumbList\",\"@id\":\"https:\\\/\\\/discotelsisal.com\\\/pt-pt\\\/produtos\\\/__trashed\\\/#breadcrumb\",\"itemListElement\":[{\"@type\":\"ListItem\",\"position\":1,\"name\":\"Home\",\"item\":\"https:\\\/\\\/discotelsisal.com\\\/pt-pt\\\/\"},{\"@type\":\"ListItem\",\"position\":2,\"name\":\"Produtos\",\"item\":\"https:\\\/\\\/discotelsisal.com\\\/pt-pt\\\/produtos\\\/\"},{\"@type\":\"ListItem\",\"position\":3,\"name\":\"RODAS DE LAMELAS DE PAPEL ABRASIVO MISTAS NWF\"}]},{\"@type\":\"WebSite\",\"@id\":\"https:\\\/\\\/discotelsisal.com\\\/pt-pt\\\/#website\",\"url\":\"https:\\\/\\\/discotelsisal.com\\\/pt-pt\\\/\",\"name\":\"Discotelsisal\",\"description\":\"Sanding Solutions\",\"publisher\":{\"@id\":\"https:\\\/\\\/discotelsisal.com\\\/pt-pt\\\/#organization\"},\"potentialAction\":[{\"@type\":\"SearchAction\",\"target\":{\"@type\":\"EntryPoint\",\"urlTemplate\":\"https:\\\/\\\/discotelsisal.com\\\/pt-pt\\\/?s={search_term_string}\"},\"query-input\":{\"@type\":\"PropertyValueSpecification\",\"valueRequired\":true,\"valueName\":\"search_term_string\"}}],\"inLanguage\":\"pt-PT\"},{\"@type\":\"Organization\",\"@id\":\"https:\\\/\\\/discotelsisal.com\\\/pt-pt\\\/#organization\",\"name\":\"Discotelsisal\",\"url\":\"https:\\\/\\\/discotelsisal.com\\\/pt-pt\\\/\",\"logo\":{\"@type\":\"ImageObject\",\"inLanguage\":\"pt-PT\",\"@id\":\"https:\\\/\\\/discotelsisal.com\\\/pt-pt\\\/#\\\/schema\\\/logo\\\/image\\\/\",\"url\":\"https:\\\/\\\/discotelsisal.com\\\/wp-content\\\/uploads\\\/2021\\\/06\\\/logo-new-resize.png\",\"contentUrl\":\"https:\\\/\\\/discotelsisal.com\\\/wp-content\\\/uploads\\\/2021\\\/06\\\/logo-new-resize.png\",\"width\":644,\"height\":200,\"caption\":\"Discotelsisal\"},\"image\":{\"@id\":\"https:\\\/\\\/discotelsisal.com\\\/pt-pt\\\/#\\\/schema\\\/logo\\\/image\\\/\"}}]}<\/script>\n<!-- \/ Yoast SEO plugin. -->","yoast_head_json":{"title":"RODAS DE LAMELAS DE PAPEL ABRASIVO MISTAS NWF - Discotelsisal","description":"Ruote miste carta composte da lamelle di fibra di nylon \u201ctessuto non tessuto\u201d abrasivo alternate a lamelle di carta abrasiva.","robots":{"index":"index","follow":"follow","max-snippet":"max-snippet:-1","max-image-preview":"max-image-preview:large","max-video-preview":"max-video-preview:-1"},"canonical":"https:\/\/discotelsisal.com\/pt-pt\/produtos\/__trashed\/","og_locale":"pt_PT","og_type":"article","og_title":"RODAS DE LAMELAS DE PAPEL ABRASIVO MISTAS NWF - Discotelsisal","og_description":"Ruote miste carta composte da lamelle di fibra di nylon \u201ctessuto non tessuto\u201d abrasivo alternate a lamelle di carta abrasiva.","og_url":"https:\/\/discotelsisal.com\/pt-pt\/produtos\/__trashed\/","og_site_name":"Discotelsisal","article_modified_time":"2023-12-20T10:41:02+00:00","twitter_card":"summary_large_image","twitter_misc":{"Tempo estimado de leitura":"1 minuto"},"schema":{"@context":"https:\/\/schema.org","@graph":[{"@type":"WebPage","@id":"https:\/\/discotelsisal.com\/pt-pt\/produtos\/__trashed\/","url":"https:\/\/discotelsisal.com\/pt-pt\/produtos\/__trashed\/","name":"RODAS DE LAMELAS DE PAPEL ABRASIVO MISTAS NWF - Discotelsisal","isPartOf":{"@id":"https:\/\/discotelsisal.com\/pt-pt\/#website"},"datePublished":"2023-12-20T10:28:39+00:00","dateModified":"2023-12-20T10:41:02+00:00","description":"Ruote miste carta composte da lamelle di fibra di nylon \u201ctessuto non tessuto\u201d abrasivo alternate a lamelle di carta abrasiva.","breadcrumb":{"@id":"https:\/\/discotelsisal.com\/pt-pt\/produtos\/__trashed\/#breadcrumb"},"inLanguage":"pt-PT","potentialAction":[{"@type":"ReadAction","target":["https:\/\/discotelsisal.com\/pt-pt\/produtos\/__trashed\/"]}]},{"@type":"BreadcrumbList","@id":"https:\/\/discotelsisal.com\/pt-pt\/produtos\/__trashed\/#breadcrumb","itemListElement":[{"@type":"ListItem","position":1,"name":"Home","item":"https:\/\/discotelsisal.com\/pt-pt\/"},{"@type":"ListItem","position":2,"name":"Produtos","item":"https:\/\/discotelsisal.com\/pt-pt\/produtos\/"},{"@type":"ListItem","position":3,"name":"RODAS DE LAMELAS DE PAPEL ABRASIVO MISTAS NWF"}]},{"@type":"WebSite","@id":"https:\/\/discotelsisal.com\/pt-pt\/#website","url":"https:\/\/discotelsisal.com\/pt-pt\/","name":"Discotelsisal","description":"Sanding Solutions","publisher":{"@id":"https:\/\/discotelsisal.com\/pt-pt\/#organization"},"potentialAction":[{"@type":"SearchAction","target":{"@type":"EntryPoint","urlTemplate":"https:\/\/discotelsisal.com\/pt-pt\/?s={search_term_string}"},"query-input":{"@type":"PropertyValueSpecification","valueRequired":true,"valueName":"search_term_string"}}],"inLanguage":"pt-PT"},{"@type":"Organization","@id":"https:\/\/discotelsisal.com\/pt-pt\/#organization","name":"Discotelsisal","url":"https:\/\/discotelsisal.com\/pt-pt\/","logo":{"@type":"ImageObject","inLanguage":"pt-PT","@id":"https:\/\/discotelsisal.com\/pt-pt\/#\/schema\/logo\/image\/","url":"https:\/\/discotelsisal.com\/wp-content\/uploads\/2021\/06\/logo-new-resize.png","contentUrl":"https:\/\/discotelsisal.com\/wp-content\/uploads\/2021\/06\/logo-new-resize.png","width":644,"height":200,"caption":"Discotelsisal"},"image":{"@id":"https:\/\/discotelsisal.com\/pt-pt\/#\/schema\/logo\/image\/"}}]}},"_links":{"self":[{"href":"https:\/\/discotelsisal.com\/pt-pt\/wp-json\/wp\/v2\/pages\/16595","targetHints":{"allow":["GET"]}}],"collection":[{"href":"https:\/\/discotelsisal.com\/pt-pt\/wp-json\/wp\/v2\/pages"}],"about":[{"href":"https:\/\/discotelsisal.com\/pt-pt\/wp-json\/wp\/v2\/types\/page"}],"author":[{"embeddable":true,"href":"https:\/\/discotelsisal.com\/pt-pt\/wp-json\/wp\/v2\/users\/5"}],"replies":[{"embeddable":true,"href":"https:\/\/discotelsisal.com\/pt-pt\/wp-json\/wp\/v2\/comments?post=16595"}],"version-history":[{"count":1,"href":"https:\/\/discotelsisal.com\/pt-pt\/wp-json\/wp\/v2\/pages\/16595\/revisions"}],"predecessor-version":[{"id":16600,"href":"https:\/\/discotelsisal.com\/pt-pt\/wp-json\/wp\/v2\/pages\/16595\/revisions\/16600"}],"up":[{"embeddable":true,"href":"https:\/\/discotelsisal.com\/pt-pt\/wp-json\/wp\/v2\/pages\/9220"}],"wp:attachment":[{"href":"https:\/\/discotelsisal.com\/pt-pt\/wp-json\/wp\/v2\/media?parent=16595"}],"curies":[{"name":"wp","href":"https:\/\/api.w.org\/{rel}","templated":true}]}}