{"id":5023,"date":"2021-06-29T08:03:13","date_gmt":"2021-06-29T08:03:13","guid":{"rendered":"https:\/\/discotelsisal.com\/product\/emery-cloth-interleaf-flap-wheels\/"},"modified":"2023-12-05T15:22:06","modified_gmt":"2023-12-05T15:22:06","slug":"ruote-misto-tela","status":"publish","type":"product","link":"https:\/\/discotelsisal.com\/it\/prodotto\/ruote-misto-tela\/","title":{"rendered":"RUOTE MISTO TELA"},"content":{"rendered":"<div class=\"wpb-content-wrapper\"><p>[vc_row disable_background_image=&#8221;&#8221;][vc_column]<div class=\"mkdf-accordion-holder mkdf-ac-default Data Sheet mkdf-toggle mkdf-ac-boxed  clearfix\">\n\t<h5 class=\"mkdf-accordion-title\">\n    <span class=\"mkdf-accordion-mark\">\n\t\t<span class=\"mkdf_icon_plus icon_plus\"><\/span>\n\t\t<span class=\"mkdf_icon_minus icon_minus-06\"><\/span>\n\t<\/span>\n\t<span class=\"mkdf-tab-title\">Scheda tecnica<\/span>\n<\/h5>\n<div class=\"mkdf-accordion-content\">\n\t<div class=\"mkdf-accordion-content-inner\">\n\t\t<div class=\"mkdf-elements-holder   mkdf-one-column  mkdf-responsive-mode-768 \" ><div class=\"mkdf-eh-item    \"  data-item-class=\"mkdf-eh-custom-9283\">\n\t<div class=\"mkdf-eh-item-inner\">\n\t\t<div class=\"mkdf-eh-item-content mkdf-eh-custom-9283\" >\n\t\t\t<a itemprop=\"url\" href=\"https:\/\/discotelsisal.com\/wp-content\/uploads\/2021\/07\/RUOTE-MISTE-TELA.jpg\" target=\"_blank\" style=\"color: #056133;border-color: #056133\" class=\"mkdf-btn mkdf-btn-medium mkdf-btn-outline\"  >\n            <span class=\"mkdf-btn-text\">Scheda tecnica RUOTE MISTO TELA<\/span>\n        <i class=\"mkdf-icon-dripicons dripicon  \" ><\/i>    <\/a>\t\t<\/div>\n\t<\/div>\n<\/div><\/div>\t<\/div>\n<\/div><h5 class=\"mkdf-accordion-title\">\n    <span class=\"mkdf-accordion-mark\">\n\t\t<span class=\"mkdf_icon_plus icon_plus\"><\/span>\n\t\t<span class=\"mkdf_icon_minus icon_minus-06\"><\/span>\n\t<\/span>\n\t<span class=\"mkdf-tab-title\">Schede di sicurezza<\/span>\n<\/h5>\n<div class=\"mkdf-accordion-content\">\n\t<div class=\"mkdf-accordion-content-inner\">\n\t\t<div class=\"mkdf-elements-holder   mkdf-one-column  mkdf-responsive-mode-768 \" ><div class=\"mkdf-eh-item    \"  data-item-class=\"mkdf-eh-custom-7554\">\n\t<div class=\"mkdf-eh-item-inner\">\n\t\t<div class=\"mkdf-eh-item-content mkdf-eh-custom-7554\" >\n\t\t\t<a itemprop=\"url\" href=\"https:\/\/discotelsisal.com\/wp-content\/uploads\/2023\/10\/DISCOTELSISAL-MSDS-MW-TA-TNT-ITA.pdf\" target=\"_blank\" style=\"color: #056133;border-color: #056133\" class=\"mkdf-btn mkdf-btn-medium mkdf-btn-outline\"  >\n            <span class=\"mkdf-btn-text\">Scheda di sicurezza MSDS - MW TA-TNT<\/span>\n        <i class=\"mkdf-icon-dripicons dripicon  \" ><\/i>    <\/a>\t\t<\/div>\n\t<\/div>\n<\/div><\/div>\t<\/div>\n<\/div><\/div>[\/vc_column][\/vc_row]<\/p>\n<\/div>","protected":false},"excerpt":{"rendered":"<p>Sono ruote particolarmente adatte per lavori di asportazione o di preparazione per la finitura o satinatura su ogni tipo di<br \/>\nmetallo.<br \/>\nSono ruote essenzialmente usate per la levigatura del legno grezzo o delle impiallacciature dove c\u2019\u00e8 necessit\u00e0 di rasare il pelo.<br \/>\nVista la particolare durezza della tela, il tempo della sagomatura \u00e8 pi\u00f9 lungo rispetto alle normali flap, quindi \u00e8 consigliato il loro utilizzo su parti piane o comunque leggermente sagomate.<\/p>\n<p><strong>VANTAGGI<\/strong><br \/>\n\u2022 Leggera asportazione su tutti i tipi di metalli<br \/>\n\u2022 Preparazione per le successive lavorazioni di finitura su metalli<br \/>\n\u2022 Rimozione saldature su metalli<br \/>\n\u2022 Levigatura del legno grezzo<br \/>\n\u2022 Levigatura MDF<br \/>\n\u2022 Levigatura Primer all\u2019acqua<br \/>\n\u2022 Rimozione ossido superficiale PCB<\/p>\n","protected":false},"featured_media":4714,"template":"","meta":[],"product_brand":[],"product_cat":[137,139],"product_tag":[159,157],"class_list":{"0":"post-5023","1":"product","2":"type-product","3":"status-publish","4":"has-post-thumbnail","6":"product_cat-ruote-miste","7":"product_cat-ruote-misto-tela","8":"product_tag-combi-wheels-it","9":"product_tag-discotelsisal-it","11":"first","12":"instock","13":"shipping-taxable","14":"product-type-simple"},"yoast_head":"<!-- This site is optimized with the Yoast SEO plugin v27.3 - https:\/\/yoast.com\/product\/yoast-seo-wordpress\/ -->\n<title>RUOTE MISTO TELA - Discotelsisal<\/title>\n<meta name=\"robots\" content=\"index, follow, max-snippet:-1, max-image-preview:large, max-video-preview:-1\" \/>\n<link rel=\"canonical\" href=\"https:\/\/discotelsisal.com\/it\/prodotto\/ruote-misto-tela\/\" \/>\n<meta property=\"og:locale\" content=\"it_IT\" \/>\n<meta property=\"og:type\" content=\"article\" \/>\n<meta property=\"og:title\" content=\"RUOTE MISTO TELA - Discotelsisal\" \/>\n<meta property=\"og:description\" content=\"Sono ruote particolarmente adatte per lavori di asportazione o di preparazione per la finitura o satinatura su ogni tipo di metallo. Sono ruote essenzialmente usate per la levigatura del legno grezzo o delle impiallacciature dove c\u2019\u00e8 necessit\u00e0 di rasare il pelo. Vista la particolare durezza della tela, il tempo della sagomatura \u00e8 pi\u00f9 lungo rispetto alle normali flap, quindi \u00e8 consigliato il loro utilizzo su parti piane o comunque leggermente sagomate.  VANTAGGI \u2022 Leggera asportazione su tutti i tipi di metalli \u2022 Preparazione per le successive lavorazioni di finitura su metalli \u2022 Rimozione saldature su metalli \u2022 Levigatura del legno grezzo \u2022 Levigatura MDF \u2022 Levigatura Primer all\u2019acqua \u2022 Rimozione ossido superficiale PCB\" \/>\n<meta property=\"og:url\" content=\"https:\/\/discotelsisal.com\/it\/prodotto\/ruote-misto-tela\/\" \/>\n<meta property=\"og:site_name\" content=\"Discotelsisal\" \/>\n<meta property=\"article:modified_time\" content=\"2023-12-05T15:22:06+00:00\" \/>\n<meta property=\"og:image\" content=\"https:\/\/discotelsisal.com\/wp-content\/uploads\/2021\/06\/EMERY-CLOTH-INTERLEAF-FLAP-WHEELS-.jpg\" \/>\n\t<meta property=\"og:image:width\" content=\"1000\" \/>\n\t<meta property=\"og:image:height\" content=\"1000\" \/>\n\t<meta property=\"og:image:type\" content=\"image\/jpeg\" \/>\n<meta name=\"twitter:card\" content=\"summary_large_image\" \/>\n<meta name=\"twitter:label1\" content=\"Tempo di lettura stimato\" \/>\n\t<meta name=\"twitter:data1\" content=\"1 minuto\" \/>\n<script type=\"application\/ld+json\" class=\"yoast-schema-graph\">{\"@context\":\"https:\\\/\\\/schema.org\",\"@graph\":[{\"@type\":\"WebPage\",\"@id\":\"https:\\\/\\\/discotelsisal.com\\\/it\\\/prodotto\\\/ruote-misto-tela\\\/\",\"url\":\"https:\\\/\\\/discotelsisal.com\\\/it\\\/prodotto\\\/ruote-misto-tela\\\/\",\"name\":\"RUOTE MISTO TELA - Discotelsisal\",\"isPartOf\":{\"@id\":\"https:\\\/\\\/discotelsisal.com\\\/it\\\/#website\"},\"primaryImageOfPage\":{\"@id\":\"https:\\\/\\\/discotelsisal.com\\\/it\\\/prodotto\\\/ruote-misto-tela\\\/#primaryimage\"},\"image\":{\"@id\":\"https:\\\/\\\/discotelsisal.com\\\/it\\\/prodotto\\\/ruote-misto-tela\\\/#primaryimage\"},\"thumbnailUrl\":\"https:\\\/\\\/discotelsisal.com\\\/wp-content\\\/uploads\\\/2021\\\/06\\\/EMERY-CLOTH-INTERLEAF-FLAP-WHEELS-.jpg\",\"datePublished\":\"2021-06-29T08:03:13+00:00\",\"dateModified\":\"2023-12-05T15:22:06+00:00\",\"breadcrumb\":{\"@id\":\"https:\\\/\\\/discotelsisal.com\\\/it\\\/prodotto\\\/ruote-misto-tela\\\/#breadcrumb\"},\"inLanguage\":\"it-IT\",\"potentialAction\":[{\"@type\":\"ReadAction\",\"target\":[\"https:\\\/\\\/discotelsisal.com\\\/it\\\/prodotto\\\/ruote-misto-tela\\\/\"]}]},{\"@type\":\"ImageObject\",\"inLanguage\":\"it-IT\",\"@id\":\"https:\\\/\\\/discotelsisal.com\\\/it\\\/prodotto\\\/ruote-misto-tela\\\/#primaryimage\",\"url\":\"https:\\\/\\\/discotelsisal.com\\\/wp-content\\\/uploads\\\/2021\\\/06\\\/EMERY-CLOTH-INTERLEAF-FLAP-WHEELS-.jpg\",\"contentUrl\":\"https:\\\/\\\/discotelsisal.com\\\/wp-content\\\/uploads\\\/2021\\\/06\\\/EMERY-CLOTH-INTERLEAF-FLAP-WHEELS-.jpg\",\"width\":1000,\"height\":1000},{\"@type\":\"BreadcrumbList\",\"@id\":\"https:\\\/\\\/discotelsisal.com\\\/it\\\/prodotto\\\/ruote-misto-tela\\\/#breadcrumb\",\"itemListElement\":[{\"@type\":\"ListItem\",\"position\":1,\"name\":\"Home\",\"item\":\"https:\\\/\\\/discotelsisal.com\\\/it\\\/\"},{\"@type\":\"ListItem\",\"position\":2,\"name\":\"Shop\",\"item\":\"https:\\\/\\\/discotelsisal.com\\\/?page_id=2671\"},{\"@type\":\"ListItem\",\"position\":3,\"name\":\"RUOTE MISTO TELA\"}]},{\"@type\":\"WebSite\",\"@id\":\"https:\\\/\\\/discotelsisal.com\\\/it\\\/#website\",\"url\":\"https:\\\/\\\/discotelsisal.com\\\/it\\\/\",\"name\":\"Discotelsisal\",\"description\":\"Sanding Solutions\",\"publisher\":{\"@id\":\"https:\\\/\\\/discotelsisal.com\\\/it\\\/#organization\"},\"potentialAction\":[{\"@type\":\"SearchAction\",\"target\":{\"@type\":\"EntryPoint\",\"urlTemplate\":\"https:\\\/\\\/discotelsisal.com\\\/it\\\/?s={search_term_string}\"},\"query-input\":{\"@type\":\"PropertyValueSpecification\",\"valueRequired\":true,\"valueName\":\"search_term_string\"}}],\"inLanguage\":\"it-IT\"},{\"@type\":\"Organization\",\"@id\":\"https:\\\/\\\/discotelsisal.com\\\/it\\\/#organization\",\"name\":\"Discotelsisal\",\"url\":\"https:\\\/\\\/discotelsisal.com\\\/it\\\/\",\"logo\":{\"@type\":\"ImageObject\",\"inLanguage\":\"it-IT\",\"@id\":\"https:\\\/\\\/discotelsisal.com\\\/it\\\/#\\\/schema\\\/logo\\\/image\\\/\",\"url\":\"https:\\\/\\\/discotelsisal.com\\\/wp-content\\\/uploads\\\/2021\\\/06\\\/logo-new-resize.png\",\"contentUrl\":\"https:\\\/\\\/discotelsisal.com\\\/wp-content\\\/uploads\\\/2021\\\/06\\\/logo-new-resize.png\",\"width\":644,\"height\":200,\"caption\":\"Discotelsisal\"},\"image\":{\"@id\":\"https:\\\/\\\/discotelsisal.com\\\/it\\\/#\\\/schema\\\/logo\\\/image\\\/\"}}]}<\/script>\n<!-- \/ Yoast SEO plugin. -->","yoast_head_json":{"title":"RUOTE MISTO TELA - Discotelsisal","robots":{"index":"index","follow":"follow","max-snippet":"max-snippet:-1","max-image-preview":"max-image-preview:large","max-video-preview":"max-video-preview:-1"},"canonical":"https:\/\/discotelsisal.com\/it\/prodotto\/ruote-misto-tela\/","og_locale":"it_IT","og_type":"article","og_title":"RUOTE MISTO TELA - Discotelsisal","og_description":"Sono ruote particolarmente adatte per lavori di asportazione o di preparazione per la finitura o satinatura su ogni tipo di metallo. Sono ruote essenzialmente usate per la levigatura del legno grezzo o delle impiallacciature dove c\u2019\u00e8 necessit\u00e0 di rasare il pelo. Vista la particolare durezza della tela, il tempo della sagomatura \u00e8 pi\u00f9 lungo rispetto alle normali flap, quindi \u00e8 consigliato il loro utilizzo su parti piane o comunque leggermente sagomate.  VANTAGGI \u2022 Leggera asportazione su tutti i tipi di metalli \u2022 Preparazione per le successive lavorazioni di finitura su metalli \u2022 Rimozione saldature su metalli \u2022 Levigatura del legno grezzo \u2022 Levigatura MDF \u2022 Levigatura Primer all\u2019acqua \u2022 Rimozione ossido superficiale PCB","og_url":"https:\/\/discotelsisal.com\/it\/prodotto\/ruote-misto-tela\/","og_site_name":"Discotelsisal","article_modified_time":"2023-12-05T15:22:06+00:00","og_image":[{"width":1000,"height":1000,"url":"https:\/\/discotelsisal.com\/wp-content\/uploads\/2021\/06\/EMERY-CLOTH-INTERLEAF-FLAP-WHEELS-.jpg","type":"image\/jpeg"}],"twitter_card":"summary_large_image","twitter_misc":{"Tempo di lettura stimato":"1 minuto"},"schema":{"@context":"https:\/\/schema.org","@graph":[{"@type":"WebPage","@id":"https:\/\/discotelsisal.com\/it\/prodotto\/ruote-misto-tela\/","url":"https:\/\/discotelsisal.com\/it\/prodotto\/ruote-misto-tela\/","name":"RUOTE MISTO TELA - Discotelsisal","isPartOf":{"@id":"https:\/\/discotelsisal.com\/it\/#website"},"primaryImageOfPage":{"@id":"https:\/\/discotelsisal.com\/it\/prodotto\/ruote-misto-tela\/#primaryimage"},"image":{"@id":"https:\/\/discotelsisal.com\/it\/prodotto\/ruote-misto-tela\/#primaryimage"},"thumbnailUrl":"https:\/\/discotelsisal.com\/wp-content\/uploads\/2021\/06\/EMERY-CLOTH-INTERLEAF-FLAP-WHEELS-.jpg","datePublished":"2021-06-29T08:03:13+00:00","dateModified":"2023-12-05T15:22:06+00:00","breadcrumb":{"@id":"https:\/\/discotelsisal.com\/it\/prodotto\/ruote-misto-tela\/#breadcrumb"},"inLanguage":"it-IT","potentialAction":[{"@type":"ReadAction","target":["https:\/\/discotelsisal.com\/it\/prodotto\/ruote-misto-tela\/"]}]},{"@type":"ImageObject","inLanguage":"it-IT","@id":"https:\/\/discotelsisal.com\/it\/prodotto\/ruote-misto-tela\/#primaryimage","url":"https:\/\/discotelsisal.com\/wp-content\/uploads\/2021\/06\/EMERY-CLOTH-INTERLEAF-FLAP-WHEELS-.jpg","contentUrl":"https:\/\/discotelsisal.com\/wp-content\/uploads\/2021\/06\/EMERY-CLOTH-INTERLEAF-FLAP-WHEELS-.jpg","width":1000,"height":1000},{"@type":"BreadcrumbList","@id":"https:\/\/discotelsisal.com\/it\/prodotto\/ruote-misto-tela\/#breadcrumb","itemListElement":[{"@type":"ListItem","position":1,"name":"Home","item":"https:\/\/discotelsisal.com\/it\/"},{"@type":"ListItem","position":2,"name":"Shop","item":"https:\/\/discotelsisal.com\/?page_id=2671"},{"@type":"ListItem","position":3,"name":"RUOTE MISTO TELA"}]},{"@type":"WebSite","@id":"https:\/\/discotelsisal.com\/it\/#website","url":"https:\/\/discotelsisal.com\/it\/","name":"Discotelsisal","description":"Sanding Solutions","publisher":{"@id":"https:\/\/discotelsisal.com\/it\/#organization"},"potentialAction":[{"@type":"SearchAction","target":{"@type":"EntryPoint","urlTemplate":"https:\/\/discotelsisal.com\/it\/?s={search_term_string}"},"query-input":{"@type":"PropertyValueSpecification","valueRequired":true,"valueName":"search_term_string"}}],"inLanguage":"it-IT"},{"@type":"Organization","@id":"https:\/\/discotelsisal.com\/it\/#organization","name":"Discotelsisal","url":"https:\/\/discotelsisal.com\/it\/","logo":{"@type":"ImageObject","inLanguage":"it-IT","@id":"https:\/\/discotelsisal.com\/it\/#\/schema\/logo\/image\/","url":"https:\/\/discotelsisal.com\/wp-content\/uploads\/2021\/06\/logo-new-resize.png","contentUrl":"https:\/\/discotelsisal.com\/wp-content\/uploads\/2021\/06\/logo-new-resize.png","width":644,"height":200,"caption":"Discotelsisal"},"image":{"@id":"https:\/\/discotelsisal.com\/it\/#\/schema\/logo\/image\/"}}]}},"_links":{"self":[{"href":"https:\/\/discotelsisal.com\/it\/wp-json\/wp\/v2\/product\/5023","targetHints":{"allow":["GET"]}}],"collection":[{"href":"https:\/\/discotelsisal.com\/it\/wp-json\/wp\/v2\/product"}],"about":[{"href":"https:\/\/discotelsisal.com\/it\/wp-json\/wp\/v2\/types\/product"}],"wp:featuredmedia":[{"embeddable":true,"href":"https:\/\/discotelsisal.com\/it\/wp-json\/wp\/v2\/media\/4714"}],"wp:attachment":[{"href":"https:\/\/discotelsisal.com\/it\/wp-json\/wp\/v2\/media?parent=5023"}],"wp:term":[{"taxonomy":"product_brand","embeddable":true,"href":"https:\/\/discotelsisal.com\/it\/wp-json\/wp\/v2\/product_brand?post=5023"},{"taxonomy":"product_cat","embeddable":true,"href":"https:\/\/discotelsisal.com\/it\/wp-json\/wp\/v2\/product_cat?post=5023"},{"taxonomy":"product_tag","embeddable":true,"href":"https:\/\/discotelsisal.com\/it\/wp-json\/wp\/v2\/product_tag?post=5023"}],"curies":[{"name":"wp","href":"https:\/\/api.w.org\/{rel}","templated":true}]}}