{"id":12681,"date":"2023-04-21T12:57:08","date_gmt":"2023-04-21T12:57:08","guid":{"rendered":"https:\/\/discotelsisal.com\/product\/disque-plisse-en-coton-de-%e2%88%85600mm-a-%e2%88%851000mm\/"},"modified":"2023-11-06T12:08:49","modified_gmt":"2023-11-06T12:08:49","slug":"disques-plisses-en-coton-de-%e2%88%85-600mm-a-%e2%88%85-1000mm","status":"publish","type":"product","link":"https:\/\/discotelsisal.com\/fr\/product\/disques-plisses-en-coton-de-%e2%88%85-600mm-a-%e2%88%85-1000mm\/","title":{"rendered":"DISQUES PLISS\u00c9S EN COTON DE \u2205 600MM \u00c0 \u2205 1000MM"},"content":{"rendered":"<div class=\"wpb-content-wrapper\"><p>[vc_row disable_background_image=\u00a0\u00bb\u00a0\u00bb][vc_column]<div class=\"mkdf-accordion-holder mkdf-ac-default  mkdf-toggle mkdf-ac-boxed  clearfix\">\n\t<h5 class=\"mkdf-accordion-title\">\n    <span class=\"mkdf-accordion-mark\">\n\t\t<span class=\"mkdf_icon_plus icon_plus\"><\/span>\n\t\t<span class=\"mkdf_icon_minus icon_minus-06\"><\/span>\n\t<\/span>\n\t<span class=\"mkdf-tab-title\">Fiche technique<\/span>\n<\/h5>\n<div class=\"mkdf-accordion-content\">\n\t<div class=\"mkdf-accordion-content-inner\">\n\t\t<div class=\"mkdf-elements-holder   mkdf-one-column  mkdf-responsive-mode-768 \" ><div class=\"mkdf-eh-item    \"  data-item-class=\"mkdf-eh-custom-2741\">\n\t<div class=\"mkdf-eh-item-inner\">\n\t\t<div class=\"mkdf-eh-item-content mkdf-eh-custom-2741\" style=\"padding: 0px 0px 10px 0px\">\n\t\t\t<a itemprop=\"url\" href=\"https:\/\/discotelsisal.com\/wp-content\/uploads\/2021\/07\/DISCHI-PER-LUCIDATURA-4.jpg\" target=\"_blank\" style=\"color: #056133;border-color: #056133\" class=\"mkdf-btn mkdf-btn-medium mkdf-btn-outline\"  >\n            <span class=\"mkdf-btn-text\">Data Sheet PLEATED COTTON DISCS FROM FROM \u2205 600MM TO \u2205 1000MM<\/span>\n        <i class=\"mkdf-icon-dripicons dripicon  \" ><\/i>    <\/a>\t\t<\/div>\n\t<\/div>\n<\/div><\/div>\t<\/div>\n<\/div><h5 class=\"mkdf-accordion-title\">\n    <span class=\"mkdf-accordion-mark\">\n\t\t<span class=\"mkdf_icon_plus icon_plus\"><\/span>\n\t\t<span class=\"mkdf_icon_minus icon_minus-06\"><\/span>\n\t<\/span>\n\t<span class=\"mkdf-tab-title\">Fiches de donn\u00e9es de s\u00e9curit\u00e9<\/span>\n<\/h5>\n<div class=\"mkdf-accordion-content\">\n\t<div class=\"mkdf-accordion-content-inner\">\n\t\t<div class=\"mkdf-elements-holder   mkdf-one-column  mkdf-responsive-mode-768 \" ><div class=\"mkdf-eh-item    \"  data-item-class=\"mkdf-eh-custom-7117\">\n\t<div class=\"mkdf-eh-item-inner\">\n\t\t<div class=\"mkdf-eh-item-content mkdf-eh-custom-7117\" style=\"padding: 0px 0px 10px 0px\">\n\t\t\t<a itemprop=\"url\" href=\"https:\/\/discotelsisal.com\/wp-content\/uploads\/2023\/11\/DISCOTELSISAL-MSDS-COTTON-SISAL-POLISHING-DISC-ENG.pdf\" target=\"_blank\" style=\"color: #056133;border-color: #056133\" class=\"mkdf-btn mkdf-btn-medium mkdf-btn-outline\"  >\n            <span class=\"mkdf-btn-text\">Safety Data Sheet MSDS - DS-PLIS COT<\/span>\n        <i class=\"mkdf-icon-dripicons dripicon  \" ><\/i>    <\/a>\t\t<\/div>\n\t<\/div>\n<\/div><\/div>\t<\/div>\n<\/div><\/div>[\/vc_column][\/vc_row]<\/p>\n<\/div>","protected":false},"excerpt":{"rendered":"<p>Les disques pliss\u00e9s en coton sont r\u00e9alis\u00e9s avec une bande de coton cousu pli\u00e9e en V et ferm\u00e9e par deux couvercles en carton agraf\u00e9. Ils peuvent \u00eatre produits en coton naturel ou en coton r\u00e9sin\u00e9.<\/p>\n<p><strong>APPLICATIONS<\/strong><br \/>\n\u2022 Utilisables dans toutes les \u00e9tapes de polissage<br \/>\n\u2022 Utilisables sur des machines automatiques et des robots<br \/>\n\u2022 Convient pour le traitement de pi\u00e8ces de taille moyenne et grande<br \/>\n\u2022 Une utilisation combin\u00e9e avec des p\u00e2tes abrasives est n\u00e9cessaire<\/p>\n","protected":false},"featured_media":11989,"template":"","meta":[],"product_brand":[],"product_cat":[654,656],"product_tag":[612,655],"class_list":{"0":"post-12681","1":"product","2":"type-product","3":"status-publish","4":"has-post-thumbnail","6":"product_cat-disques-de-polissage","7":"product_cat-disques-de-polissage-fr","8":"product_tag-discotelsisal-fr","9":"product_tag-disques-de-polissage","11":"first","12":"instock","13":"shipping-taxable","14":"product-type-simple"},"yoast_head":"<!-- This site is optimized with the Yoast SEO plugin v27.3 - https:\/\/yoast.com\/product\/yoast-seo-wordpress\/ -->\n<title>DISQUES PLISS\u00c9S EN COTON DE \u2205 600MM \u00c0 \u2205 1000MM - Discotelsisal<\/title>\n<meta name=\"robots\" content=\"index, follow, max-snippet:-1, max-image-preview:large, max-video-preview:-1\" \/>\n<link rel=\"canonical\" href=\"https:\/\/discotelsisal.com\/fr\/product\/disques-plisses-en-coton-de-%e2%88%85-600mm-a-%e2%88%85-1000mm\/\" \/>\n<meta property=\"og:locale\" content=\"fr_FR\" \/>\n<meta property=\"og:type\" content=\"article\" \/>\n<meta property=\"og:title\" content=\"DISQUES PLISS\u00c9S EN COTON DE \u2205 600MM \u00c0 \u2205 1000MM - Discotelsisal\" \/>\n<meta property=\"og:description\" content=\"Les disques pliss\u00e9s en coton sont r\u00e9alis\u00e9s avec une bande de coton cousu pli\u00e9e en V et ferm\u00e9e par deux couvercles en carton agraf\u00e9. Ils peuvent \u00eatre produits en coton naturel ou en coton r\u00e9sin\u00e9.  APPLICATIONS \u2022 Utilisables dans toutes les \u00e9tapes de polissage \u2022 Utilisables sur des machines automatiques et des robots \u2022 Convient pour le traitement de pi\u00e8ces de taille moyenne et grande \u2022 Une utilisation combin\u00e9e avec des p\u00e2tes abrasives est n\u00e9cessaire\" \/>\n<meta property=\"og:url\" content=\"https:\/\/discotelsisal.com\/fr\/product\/disques-plisses-en-coton-de-%e2%88%85-600mm-a-%e2%88%85-1000mm\/\" \/>\n<meta property=\"og:site_name\" content=\"Discotelsisal\" \/>\n<meta property=\"article:modified_time\" content=\"2023-11-06T12:08:49+00:00\" \/>\n<meta property=\"og:image\" content=\"https:\/\/discotelsisal.com\/wp-content\/uploads\/2021\/07\/9a-DISCO-PLISSETTATO-COTONE-da-D.-600-mm-a-D.-1.000-mm.jpg\" \/>\n\t<meta property=\"og:image:width\" content=\"1000\" \/>\n\t<meta property=\"og:image:height\" content=\"1000\" \/>\n\t<meta property=\"og:image:type\" content=\"image\/jpeg\" \/>\n<meta name=\"twitter:card\" content=\"summary_large_image\" \/>\n<meta name=\"twitter:label1\" content=\"Dur\u00e9e de lecture estim\u00e9e\" \/>\n\t<meta name=\"twitter:data1\" content=\"1 minute\" \/>\n<script type=\"application\/ld+json\" class=\"yoast-schema-graph\">{\"@context\":\"https:\\\/\\\/schema.org\",\"@graph\":[{\"@type\":\"WebPage\",\"@id\":\"https:\\\/\\\/discotelsisal.com\\\/fr\\\/product\\\/disques-plisses-en-coton-de-%e2%88%85-600mm-a-%e2%88%85-1000mm\\\/\",\"url\":\"https:\\\/\\\/discotelsisal.com\\\/fr\\\/product\\\/disques-plisses-en-coton-de-%e2%88%85-600mm-a-%e2%88%85-1000mm\\\/\",\"name\":\"DISQUES PLISS\u00c9S EN COTON DE \u2205 600MM \u00c0 \u2205 1000MM - Discotelsisal\",\"isPartOf\":{\"@id\":\"https:\\\/\\\/discotelsisal.com\\\/fr\\\/#website\"},\"primaryImageOfPage\":{\"@id\":\"https:\\\/\\\/discotelsisal.com\\\/fr\\\/product\\\/disques-plisses-en-coton-de-%e2%88%85-600mm-a-%e2%88%85-1000mm\\\/#primaryimage\"},\"image\":{\"@id\":\"https:\\\/\\\/discotelsisal.com\\\/fr\\\/product\\\/disques-plisses-en-coton-de-%e2%88%85-600mm-a-%e2%88%85-1000mm\\\/#primaryimage\"},\"thumbnailUrl\":\"https:\\\/\\\/discotelsisal.com\\\/wp-content\\\/uploads\\\/2021\\\/07\\\/9a-DISCO-PLISSETTATO-COTONE-da-D.-600-mm-a-D.-1.000-mm.jpg\",\"datePublished\":\"2023-04-21T12:57:08+00:00\",\"dateModified\":\"2023-11-06T12:08:49+00:00\",\"breadcrumb\":{\"@id\":\"https:\\\/\\\/discotelsisal.com\\\/fr\\\/product\\\/disques-plisses-en-coton-de-%e2%88%85-600mm-a-%e2%88%85-1000mm\\\/#breadcrumb\"},\"inLanguage\":\"fr-FR\",\"potentialAction\":[{\"@type\":\"ReadAction\",\"target\":[\"https:\\\/\\\/discotelsisal.com\\\/fr\\\/product\\\/disques-plisses-en-coton-de-%e2%88%85-600mm-a-%e2%88%85-1000mm\\\/\"]}]},{\"@type\":\"ImageObject\",\"inLanguage\":\"fr-FR\",\"@id\":\"https:\\\/\\\/discotelsisal.com\\\/fr\\\/product\\\/disques-plisses-en-coton-de-%e2%88%85-600mm-a-%e2%88%85-1000mm\\\/#primaryimage\",\"url\":\"https:\\\/\\\/discotelsisal.com\\\/wp-content\\\/uploads\\\/2021\\\/07\\\/9a-DISCO-PLISSETTATO-COTONE-da-D.-600-mm-a-D.-1.000-mm.jpg\",\"contentUrl\":\"https:\\\/\\\/discotelsisal.com\\\/wp-content\\\/uploads\\\/2021\\\/07\\\/9a-DISCO-PLISSETTATO-COTONE-da-D.-600-mm-a-D.-1.000-mm.jpg\",\"width\":1000,\"height\":1000},{\"@type\":\"BreadcrumbList\",\"@id\":\"https:\\\/\\\/discotelsisal.com\\\/fr\\\/product\\\/disques-plisses-en-coton-de-%e2%88%85-600mm-a-%e2%88%85-1000mm\\\/#breadcrumb\",\"itemListElement\":[{\"@type\":\"ListItem\",\"position\":1,\"name\":\"Home\",\"item\":\"https:\\\/\\\/discotelsisal.com\\\/fr\\\/\"},{\"@type\":\"ListItem\",\"position\":2,\"name\":\"Shop\",\"item\":\"https:\\\/\\\/discotelsisal.com\\\/?page_id=2671\"},{\"@type\":\"ListItem\",\"position\":3,\"name\":\"DISQUES PLISS\u00c9S EN COTON DE \u2205 600MM \u00c0 \u2205 1000MM\"}]},{\"@type\":\"WebSite\",\"@id\":\"https:\\\/\\\/discotelsisal.com\\\/fr\\\/#website\",\"url\":\"https:\\\/\\\/discotelsisal.com\\\/fr\\\/\",\"name\":\"Discotelsisal\",\"description\":\"Sanding Solutions\",\"publisher\":{\"@id\":\"https:\\\/\\\/discotelsisal.com\\\/fr\\\/#organization\"},\"potentialAction\":[{\"@type\":\"SearchAction\",\"target\":{\"@type\":\"EntryPoint\",\"urlTemplate\":\"https:\\\/\\\/discotelsisal.com\\\/fr\\\/?s={search_term_string}\"},\"query-input\":{\"@type\":\"PropertyValueSpecification\",\"valueRequired\":true,\"valueName\":\"search_term_string\"}}],\"inLanguage\":\"fr-FR\"},{\"@type\":\"Organization\",\"@id\":\"https:\\\/\\\/discotelsisal.com\\\/fr\\\/#organization\",\"name\":\"Discotelsisal\",\"url\":\"https:\\\/\\\/discotelsisal.com\\\/fr\\\/\",\"logo\":{\"@type\":\"ImageObject\",\"inLanguage\":\"fr-FR\",\"@id\":\"https:\\\/\\\/discotelsisal.com\\\/fr\\\/#\\\/schema\\\/logo\\\/image\\\/\",\"url\":\"https:\\\/\\\/discotelsisal.com\\\/wp-content\\\/uploads\\\/2021\\\/06\\\/logo-new-resize.png\",\"contentUrl\":\"https:\\\/\\\/discotelsisal.com\\\/wp-content\\\/uploads\\\/2021\\\/06\\\/logo-new-resize.png\",\"width\":644,\"height\":200,\"caption\":\"Discotelsisal\"},\"image\":{\"@id\":\"https:\\\/\\\/discotelsisal.com\\\/fr\\\/#\\\/schema\\\/logo\\\/image\\\/\"}}]}<\/script>\n<!-- \/ Yoast SEO plugin. -->","yoast_head_json":{"title":"DISQUES PLISS\u00c9S EN COTON DE \u2205 600MM \u00c0 \u2205 1000MM - Discotelsisal","robots":{"index":"index","follow":"follow","max-snippet":"max-snippet:-1","max-image-preview":"max-image-preview:large","max-video-preview":"max-video-preview:-1"},"canonical":"https:\/\/discotelsisal.com\/fr\/product\/disques-plisses-en-coton-de-%e2%88%85-600mm-a-%e2%88%85-1000mm\/","og_locale":"fr_FR","og_type":"article","og_title":"DISQUES PLISS\u00c9S EN COTON DE \u2205 600MM \u00c0 \u2205 1000MM - Discotelsisal","og_description":"Les disques pliss\u00e9s en coton sont r\u00e9alis\u00e9s avec une bande de coton cousu pli\u00e9e en V et ferm\u00e9e par deux couvercles en carton agraf\u00e9. Ils peuvent \u00eatre produits en coton naturel ou en coton r\u00e9sin\u00e9.  APPLICATIONS \u2022 Utilisables dans toutes les \u00e9tapes de polissage \u2022 Utilisables sur des machines automatiques et des robots \u2022 Convient pour le traitement de pi\u00e8ces de taille moyenne et grande \u2022 Une utilisation combin\u00e9e avec des p\u00e2tes abrasives est n\u00e9cessaire","og_url":"https:\/\/discotelsisal.com\/fr\/product\/disques-plisses-en-coton-de-%e2%88%85-600mm-a-%e2%88%85-1000mm\/","og_site_name":"Discotelsisal","article_modified_time":"2023-11-06T12:08:49+00:00","og_image":[{"width":1000,"height":1000,"url":"https:\/\/discotelsisal.com\/wp-content\/uploads\/2021\/07\/9a-DISCO-PLISSETTATO-COTONE-da-D.-600-mm-a-D.-1.000-mm.jpg","type":"image\/jpeg"}],"twitter_card":"summary_large_image","twitter_misc":{"Dur\u00e9e de lecture estim\u00e9e":"1 minute"},"schema":{"@context":"https:\/\/schema.org","@graph":[{"@type":"WebPage","@id":"https:\/\/discotelsisal.com\/fr\/product\/disques-plisses-en-coton-de-%e2%88%85-600mm-a-%e2%88%85-1000mm\/","url":"https:\/\/discotelsisal.com\/fr\/product\/disques-plisses-en-coton-de-%e2%88%85-600mm-a-%e2%88%85-1000mm\/","name":"DISQUES PLISS\u00c9S EN COTON DE \u2205 600MM \u00c0 \u2205 1000MM - Discotelsisal","isPartOf":{"@id":"https:\/\/discotelsisal.com\/fr\/#website"},"primaryImageOfPage":{"@id":"https:\/\/discotelsisal.com\/fr\/product\/disques-plisses-en-coton-de-%e2%88%85-600mm-a-%e2%88%85-1000mm\/#primaryimage"},"image":{"@id":"https:\/\/discotelsisal.com\/fr\/product\/disques-plisses-en-coton-de-%e2%88%85-600mm-a-%e2%88%85-1000mm\/#primaryimage"},"thumbnailUrl":"https:\/\/discotelsisal.com\/wp-content\/uploads\/2021\/07\/9a-DISCO-PLISSETTATO-COTONE-da-D.-600-mm-a-D.-1.000-mm.jpg","datePublished":"2023-04-21T12:57:08+00:00","dateModified":"2023-11-06T12:08:49+00:00","breadcrumb":{"@id":"https:\/\/discotelsisal.com\/fr\/product\/disques-plisses-en-coton-de-%e2%88%85-600mm-a-%e2%88%85-1000mm\/#breadcrumb"},"inLanguage":"fr-FR","potentialAction":[{"@type":"ReadAction","target":["https:\/\/discotelsisal.com\/fr\/product\/disques-plisses-en-coton-de-%e2%88%85-600mm-a-%e2%88%85-1000mm\/"]}]},{"@type":"ImageObject","inLanguage":"fr-FR","@id":"https:\/\/discotelsisal.com\/fr\/product\/disques-plisses-en-coton-de-%e2%88%85-600mm-a-%e2%88%85-1000mm\/#primaryimage","url":"https:\/\/discotelsisal.com\/wp-content\/uploads\/2021\/07\/9a-DISCO-PLISSETTATO-COTONE-da-D.-600-mm-a-D.-1.000-mm.jpg","contentUrl":"https:\/\/discotelsisal.com\/wp-content\/uploads\/2021\/07\/9a-DISCO-PLISSETTATO-COTONE-da-D.-600-mm-a-D.-1.000-mm.jpg","width":1000,"height":1000},{"@type":"BreadcrumbList","@id":"https:\/\/discotelsisal.com\/fr\/product\/disques-plisses-en-coton-de-%e2%88%85-600mm-a-%e2%88%85-1000mm\/#breadcrumb","itemListElement":[{"@type":"ListItem","position":1,"name":"Home","item":"https:\/\/discotelsisal.com\/fr\/"},{"@type":"ListItem","position":2,"name":"Shop","item":"https:\/\/discotelsisal.com\/?page_id=2671"},{"@type":"ListItem","position":3,"name":"DISQUES PLISS\u00c9S EN COTON DE \u2205 600MM \u00c0 \u2205 1000MM"}]},{"@type":"WebSite","@id":"https:\/\/discotelsisal.com\/fr\/#website","url":"https:\/\/discotelsisal.com\/fr\/","name":"Discotelsisal","description":"Sanding Solutions","publisher":{"@id":"https:\/\/discotelsisal.com\/fr\/#organization"},"potentialAction":[{"@type":"SearchAction","target":{"@type":"EntryPoint","urlTemplate":"https:\/\/discotelsisal.com\/fr\/?s={search_term_string}"},"query-input":{"@type":"PropertyValueSpecification","valueRequired":true,"valueName":"search_term_string"}}],"inLanguage":"fr-FR"},{"@type":"Organization","@id":"https:\/\/discotelsisal.com\/fr\/#organization","name":"Discotelsisal","url":"https:\/\/discotelsisal.com\/fr\/","logo":{"@type":"ImageObject","inLanguage":"fr-FR","@id":"https:\/\/discotelsisal.com\/fr\/#\/schema\/logo\/image\/","url":"https:\/\/discotelsisal.com\/wp-content\/uploads\/2021\/06\/logo-new-resize.png","contentUrl":"https:\/\/discotelsisal.com\/wp-content\/uploads\/2021\/06\/logo-new-resize.png","width":644,"height":200,"caption":"Discotelsisal"},"image":{"@id":"https:\/\/discotelsisal.com\/fr\/#\/schema\/logo\/image\/"}}]}},"_links":{"self":[{"href":"https:\/\/discotelsisal.com\/fr\/wp-json\/wp\/v2\/product\/12681","targetHints":{"allow":["GET"]}}],"collection":[{"href":"https:\/\/discotelsisal.com\/fr\/wp-json\/wp\/v2\/product"}],"about":[{"href":"https:\/\/discotelsisal.com\/fr\/wp-json\/wp\/v2\/types\/product"}],"wp:featuredmedia":[{"embeddable":true,"href":"https:\/\/discotelsisal.com\/fr\/wp-json\/wp\/v2\/media\/11989"}],"wp:attachment":[{"href":"https:\/\/discotelsisal.com\/fr\/wp-json\/wp\/v2\/media?parent=12681"}],"wp:term":[{"taxonomy":"product_brand","embeddable":true,"href":"https:\/\/discotelsisal.com\/fr\/wp-json\/wp\/v2\/product_brand?post=12681"},{"taxonomy":"product_cat","embeddable":true,"href":"https:\/\/discotelsisal.com\/fr\/wp-json\/wp\/v2\/product_cat?post=12681"},{"taxonomy":"product_tag","embeddable":true,"href":"https:\/\/discotelsisal.com\/fr\/wp-json\/wp\/v2\/product_tag?post=12681"}],"curies":[{"name":"wp","href":"https:\/\/api.w.org\/{rel}","templated":true}]}}