{"id":12651,"date":"2023-04-21T09:49:04","date_gmt":"2023-04-21T09:49:04","guid":{"rendered":"https:\/\/discotelsisal.com\/product\/roues-de-contact-avec-lamelles-et-lisses-en-vulkollan\/"},"modified":"2023-10-24T10:56:39","modified_gmt":"2023-10-24T10:56:39","slug":"roues-de-contact-avec-lamelles-et-lisses-en-vulkollan","status":"publish","type":"product","link":"https:\/\/discotelsisal.com\/fr\/product\/roues-de-contact-avec-lamelles-et-lisses-en-vulkollan\/","title":{"rendered":"ROUES DE CONTACT AVEC LAMELLES ET LISSES EN VULKOLLAN\u00ae"},"content":{"rendered":"<div class=\"wpb-content-wrapper\"><p>[vc_row disable_background_image=\u00a0\u00bb\u00a0\u00bb][vc_column]<div class=\"mkdf-accordion-holder mkdf-ac-default  mkdf-toggle mkdf-ac-boxed  clearfix\">\n\t<h5 class=\"mkdf-accordion-title\">\n    <span class=\"mkdf-accordion-mark\">\n\t\t<span class=\"mkdf_icon_plus icon_plus\"><\/span>\n\t\t<span class=\"mkdf_icon_minus icon_minus-06\"><\/span>\n\t<\/span>\n\t<span class=\"mkdf-tab-title\">Fiche technique<\/span>\n<\/h5>\n<div class=\"mkdf-accordion-content\">\n\t<div class=\"mkdf-accordion-content-inner\">\n\t\t<div class=\"mkdf-elements-holder   mkdf-one-column  mkdf-responsive-mode-768 \" ><div class=\"mkdf-eh-item    \"  data-item-class=\"mkdf-eh-custom-4767\">\n\t<div class=\"mkdf-eh-item-inner\">\n\t\t<div class=\"mkdf-eh-item-content mkdf-eh-custom-4767\" style=\"padding: 0px 0px 10px 0px\">\n\t\t\t<a itemprop=\"url\" href=\"https:\/\/discotelsisal.com\/wp-content\/uploads\/2021\/07\/RUOTE-DI-CONTATTO-A-LAMELLE-E-LISCE-IN-VULKOLLAN.jpg\" target=\"_blank\" style=\"color: #056133;border-color: #056133\" class=\"mkdf-btn mkdf-btn-medium mkdf-btn-outline\"  >\n            <span class=\"mkdf-btn-text\">Data Sheet CONTACT WHEELS WITH FLAPS AND FLAT VULKOLLAN\u00ae<\/span>\n        <i class=\"mkdf-icon-dripicons dripicon  \" ><\/i>    <\/a>\t\t<\/div>\n\t<\/div>\n<\/div><\/div>\t<\/div>\n<\/div><h5 class=\"mkdf-accordion-title\">\n    <span class=\"mkdf-accordion-mark\">\n\t\t<span class=\"mkdf_icon_plus icon_plus\"><\/span>\n\t\t<span class=\"mkdf_icon_minus icon_minus-06\"><\/span>\n\t<\/span>\n\t<span class=\"mkdf-tab-title\">Fiches de donn\u00e9es de s\u00e9curit\u00e9<\/span>\n<\/h5>\n<div class=\"mkdf-accordion-content\">\n\t<div class=\"mkdf-accordion-content-inner\">\n\t\t<div class=\"mkdf-elements-holder   mkdf-one-column  mkdf-responsive-mode-768 \" ><div class=\"mkdf-eh-item    \"  data-item-class=\"mkdf-eh-custom-1392\">\n\t<div class=\"mkdf-eh-item-inner\">\n\t\t<div class=\"mkdf-eh-item-content mkdf-eh-custom-1392\" style=\"padding: 0px 0px 10px 0px\">\n\t\t\t<a itemprop=\"url\" href=\"https:\/\/discotelsisal.com\/wp-content\/uploads\/2023\/10\/DISCOTELSISAL-MSDS-RC-VK-LAM-RC-VK-LI-VULKOLLAN-ENG.pdf\" target=\"_blank\" style=\"color: #056133;border-color: #056133\" class=\"mkdf-btn mkdf-btn-medium mkdf-btn-outline\"  >\n            <span class=\"mkdf-btn-text\">Safety Data Sheet MSDS - RC-VK LAM - RC-VK LI VULKOLLAN\u00ae<\/span>\n        <i class=\"mkdf-icon-dripicons dripicon  \" ><\/i>    <\/a>\t\t<\/div>\n\t<\/div>\n<\/div><\/div>\t<\/div>\n<\/div><\/div>[\/vc_column][\/vc_row]<\/p>\n<\/div>","protected":false},"excerpt":{"rendered":"<p>Les roues de contact \u00e0 lamelles en Vulkollan\u00ae sont constitu\u00e9es de lamelles coll\u00e9es sur un moyeu en aluminium, tandis que pour les roues de contact lisses en Vulkollan\u00ae le mat\u00e9riau enrobe directement le moyeu sur une \u00e9paisseur d&rsquo;environ 20\/25 mm. Elles garantissent des performances et une dur\u00e9e \u00e9lev\u00e9es du ruban abrasif, en relan\u00e7ant continuellement l&rsquo;action de coupe.<\/p>\n<p>AVANTAGES<br \/>\n\u2022 Elles peuvent \u00eatre l\u00e9g\u00e8rement fa\u00e7onn\u00e9es<br \/>\n\u2022 Elles peuvent \u00eatre produites avec diff\u00e9rentes densit\u00e9s<br \/>\n\u2022 Utilisables sur des machines nettoyeuses manuelles, \u00e0 colonne ou robotis\u00e9es.<\/p>\n<p>APPLICATIONS<br \/>\n\u2022 Aff\u00fbtage de m\u00e9taux tendres et durs<br \/>\n\u2022 Nettoyage des m\u00e9taux tendres et durs<br \/>\n\u2022 Utilisables sur des machines nettoyeuses manuelles, \u00e0 colonne ou robotis\u00e9es.<\/p>\n<p><strong>VULKOLLAN<sup>\u00ae<\/sup> est une marque d\u00e9pos\u00e9e de BAYER AG<\/strong><\/p>\n","protected":false},"featured_media":11975,"template":"","meta":[],"product_brand":[],"product_cat":[643],"product_tag":[612,644],"class_list":{"0":"post-12651","1":"product","2":"type-product","3":"status-publish","4":"has-post-thumbnail","6":"product_cat-roues-de-contact","7":"product_tag-discotelsisal-fr","8":"product_tag-roues-de-contact","10":"first","11":"instock","12":"shipping-taxable","13":"product-type-simple"},"yoast_head":"<!-- This site is optimized with the Yoast SEO plugin v27.3 - https:\/\/yoast.com\/product\/yoast-seo-wordpress\/ -->\n<title>ROUES DE CONTACT AVEC LAMELLES ET LISSES EN VULKOLLAN\u00ae - Discotelsisal<\/title>\n<meta name=\"robots\" content=\"index, follow, max-snippet:-1, max-image-preview:large, max-video-preview:-1\" \/>\n<link rel=\"canonical\" href=\"https:\/\/discotelsisal.com\/fr\/product\/roues-de-contact-avec-lamelles-et-lisses-en-vulkollan\/\" \/>\n<meta property=\"og:locale\" content=\"fr_FR\" \/>\n<meta property=\"og:type\" content=\"article\" \/>\n<meta property=\"og:title\" content=\"ROUES DE CONTACT AVEC LAMELLES ET LISSES EN VULKOLLAN\u00ae - Discotelsisal\" \/>\n<meta property=\"og:description\" content=\"Les roues de contact \u00e0 lamelles en Vulkollan\u00ae sont constitu\u00e9es de lamelles coll\u00e9es sur un moyeu en aluminium, tandis que pour les roues de contact lisses en Vulkollan\u00ae le mat\u00e9riau enrobe directement le moyeu sur une \u00e9paisseur d&#039;environ 20\/25 mm. Elles garantissent des performances et une dur\u00e9e \u00e9lev\u00e9es du ruban abrasif, en relan\u00e7ant continuellement l&#039;action de coupe.  AVANTAGES \u2022 Elles peuvent \u00eatre l\u00e9g\u00e8rement fa\u00e7onn\u00e9es \u2022 Elles peuvent \u00eatre produites avec diff\u00e9rentes densit\u00e9s \u2022 Utilisables sur des machines nettoyeuses manuelles, \u00e0 colonne ou robotis\u00e9es.  APPLICATIONS \u2022 Aff\u00fbtage de m\u00e9taux tendres et durs \u2022 Nettoyage des m\u00e9taux tendres et durs \u2022 Utilisables sur des machines nettoyeuses manuelles, \u00e0 colonne ou robotis\u00e9es.  VULKOLLAN\u00ae est une marque d\u00e9pos\u00e9e de BAYER AG\" \/>\n<meta property=\"og:url\" content=\"https:\/\/discotelsisal.com\/fr\/product\/roues-de-contact-avec-lamelles-et-lisses-en-vulkollan\/\" \/>\n<meta property=\"og:site_name\" content=\"Discotelsisal\" \/>\n<meta property=\"article:modified_time\" content=\"2023-10-24T10:56:39+00:00\" \/>\n<meta property=\"og:image\" content=\"https:\/\/discotelsisal.com\/wp-content\/uploads\/2021\/07\/02-RUOTE-di-CONTATTO-a-LAMELLE-e-LISCE-in-VULKOLLAN.jpg\" \/>\n\t<meta property=\"og:image:width\" content=\"1000\" \/>\n\t<meta property=\"og:image:height\" content=\"1000\" \/>\n\t<meta property=\"og:image:type\" content=\"image\/jpeg\" \/>\n<meta name=\"twitter:card\" content=\"summary_large_image\" \/>\n<meta name=\"twitter:label1\" content=\"Dur\u00e9e de lecture estim\u00e9e\" \/>\n\t<meta name=\"twitter:data1\" content=\"1 minute\" \/>\n<script type=\"application\/ld+json\" class=\"yoast-schema-graph\">{\"@context\":\"https:\\\/\\\/schema.org\",\"@graph\":[{\"@type\":\"WebPage\",\"@id\":\"https:\\\/\\\/discotelsisal.com\\\/fr\\\/product\\\/roues-de-contact-avec-lamelles-et-lisses-en-vulkollan\\\/\",\"url\":\"https:\\\/\\\/discotelsisal.com\\\/fr\\\/product\\\/roues-de-contact-avec-lamelles-et-lisses-en-vulkollan\\\/\",\"name\":\"ROUES DE CONTACT AVEC LAMELLES ET LISSES EN VULKOLLAN\u00ae - Discotelsisal\",\"isPartOf\":{\"@id\":\"https:\\\/\\\/discotelsisal.com\\\/fr\\\/#website\"},\"primaryImageOfPage\":{\"@id\":\"https:\\\/\\\/discotelsisal.com\\\/fr\\\/product\\\/roues-de-contact-avec-lamelles-et-lisses-en-vulkollan\\\/#primaryimage\"},\"image\":{\"@id\":\"https:\\\/\\\/discotelsisal.com\\\/fr\\\/product\\\/roues-de-contact-avec-lamelles-et-lisses-en-vulkollan\\\/#primaryimage\"},\"thumbnailUrl\":\"https:\\\/\\\/discotelsisal.com\\\/wp-content\\\/uploads\\\/2021\\\/07\\\/02-RUOTE-di-CONTATTO-a-LAMELLE-e-LISCE-in-VULKOLLAN.jpg\",\"datePublished\":\"2023-04-21T09:49:04+00:00\",\"dateModified\":\"2023-10-24T10:56:39+00:00\",\"breadcrumb\":{\"@id\":\"https:\\\/\\\/discotelsisal.com\\\/fr\\\/product\\\/roues-de-contact-avec-lamelles-et-lisses-en-vulkollan\\\/#breadcrumb\"},\"inLanguage\":\"fr-FR\",\"potentialAction\":[{\"@type\":\"ReadAction\",\"target\":[\"https:\\\/\\\/discotelsisal.com\\\/fr\\\/product\\\/roues-de-contact-avec-lamelles-et-lisses-en-vulkollan\\\/\"]}]},{\"@type\":\"ImageObject\",\"inLanguage\":\"fr-FR\",\"@id\":\"https:\\\/\\\/discotelsisal.com\\\/fr\\\/product\\\/roues-de-contact-avec-lamelles-et-lisses-en-vulkollan\\\/#primaryimage\",\"url\":\"https:\\\/\\\/discotelsisal.com\\\/wp-content\\\/uploads\\\/2021\\\/07\\\/02-RUOTE-di-CONTATTO-a-LAMELLE-e-LISCE-in-VULKOLLAN.jpg\",\"contentUrl\":\"https:\\\/\\\/discotelsisal.com\\\/wp-content\\\/uploads\\\/2021\\\/07\\\/02-RUOTE-di-CONTATTO-a-LAMELLE-e-LISCE-in-VULKOLLAN.jpg\",\"width\":1000,\"height\":1000},{\"@type\":\"BreadcrumbList\",\"@id\":\"https:\\\/\\\/discotelsisal.com\\\/fr\\\/product\\\/roues-de-contact-avec-lamelles-et-lisses-en-vulkollan\\\/#breadcrumb\",\"itemListElement\":[{\"@type\":\"ListItem\",\"position\":1,\"name\":\"Home\",\"item\":\"https:\\\/\\\/discotelsisal.com\\\/fr\\\/\"},{\"@type\":\"ListItem\",\"position\":2,\"name\":\"Shop\",\"item\":\"https:\\\/\\\/discotelsisal.com\\\/?page_id=2671\"},{\"@type\":\"ListItem\",\"position\":3,\"name\":\"ROUES DE CONTACT AVEC LAMELLES ET LISSES EN VULKOLLAN\u00ae\"}]},{\"@type\":\"WebSite\",\"@id\":\"https:\\\/\\\/discotelsisal.com\\\/fr\\\/#website\",\"url\":\"https:\\\/\\\/discotelsisal.com\\\/fr\\\/\",\"name\":\"Discotelsisal\",\"description\":\"Sanding Solutions\",\"publisher\":{\"@id\":\"https:\\\/\\\/discotelsisal.com\\\/fr\\\/#organization\"},\"potentialAction\":[{\"@type\":\"SearchAction\",\"target\":{\"@type\":\"EntryPoint\",\"urlTemplate\":\"https:\\\/\\\/discotelsisal.com\\\/fr\\\/?s={search_term_string}\"},\"query-input\":{\"@type\":\"PropertyValueSpecification\",\"valueRequired\":true,\"valueName\":\"search_term_string\"}}],\"inLanguage\":\"fr-FR\"},{\"@type\":\"Organization\",\"@id\":\"https:\\\/\\\/discotelsisal.com\\\/fr\\\/#organization\",\"name\":\"Discotelsisal\",\"url\":\"https:\\\/\\\/discotelsisal.com\\\/fr\\\/\",\"logo\":{\"@type\":\"ImageObject\",\"inLanguage\":\"fr-FR\",\"@id\":\"https:\\\/\\\/discotelsisal.com\\\/fr\\\/#\\\/schema\\\/logo\\\/image\\\/\",\"url\":\"https:\\\/\\\/discotelsisal.com\\\/wp-content\\\/uploads\\\/2021\\\/06\\\/logo-new-resize.png\",\"contentUrl\":\"https:\\\/\\\/discotelsisal.com\\\/wp-content\\\/uploads\\\/2021\\\/06\\\/logo-new-resize.png\",\"width\":644,\"height\":200,\"caption\":\"Discotelsisal\"},\"image\":{\"@id\":\"https:\\\/\\\/discotelsisal.com\\\/fr\\\/#\\\/schema\\\/logo\\\/image\\\/\"}}]}<\/script>\n<!-- \/ Yoast SEO plugin. -->","yoast_head_json":{"title":"ROUES DE CONTACT AVEC LAMELLES ET LISSES EN VULKOLLAN\u00ae - Discotelsisal","robots":{"index":"index","follow":"follow","max-snippet":"max-snippet:-1","max-image-preview":"max-image-preview:large","max-video-preview":"max-video-preview:-1"},"canonical":"https:\/\/discotelsisal.com\/fr\/product\/roues-de-contact-avec-lamelles-et-lisses-en-vulkollan\/","og_locale":"fr_FR","og_type":"article","og_title":"ROUES DE CONTACT AVEC LAMELLES ET LISSES EN VULKOLLAN\u00ae - Discotelsisal","og_description":"Les roues de contact \u00e0 lamelles en Vulkollan\u00ae sont constitu\u00e9es de lamelles coll\u00e9es sur un moyeu en aluminium, tandis que pour les roues de contact lisses en Vulkollan\u00ae le mat\u00e9riau enrobe directement le moyeu sur une \u00e9paisseur d'environ 20\/25 mm. Elles garantissent des performances et une dur\u00e9e \u00e9lev\u00e9es du ruban abrasif, en relan\u00e7ant continuellement l'action de coupe.  AVANTAGES \u2022 Elles peuvent \u00eatre l\u00e9g\u00e8rement fa\u00e7onn\u00e9es \u2022 Elles peuvent \u00eatre produites avec diff\u00e9rentes densit\u00e9s \u2022 Utilisables sur des machines nettoyeuses manuelles, \u00e0 colonne ou robotis\u00e9es.  APPLICATIONS \u2022 Aff\u00fbtage de m\u00e9taux tendres et durs \u2022 Nettoyage des m\u00e9taux tendres et durs \u2022 Utilisables sur des machines nettoyeuses manuelles, \u00e0 colonne ou robotis\u00e9es.  VULKOLLAN\u00ae est une marque d\u00e9pos\u00e9e de BAYER AG","og_url":"https:\/\/discotelsisal.com\/fr\/product\/roues-de-contact-avec-lamelles-et-lisses-en-vulkollan\/","og_site_name":"Discotelsisal","article_modified_time":"2023-10-24T10:56:39+00:00","og_image":[{"width":1000,"height":1000,"url":"https:\/\/discotelsisal.com\/wp-content\/uploads\/2021\/07\/02-RUOTE-di-CONTATTO-a-LAMELLE-e-LISCE-in-VULKOLLAN.jpg","type":"image\/jpeg"}],"twitter_card":"summary_large_image","twitter_misc":{"Dur\u00e9e de lecture estim\u00e9e":"1 minute"},"schema":{"@context":"https:\/\/schema.org","@graph":[{"@type":"WebPage","@id":"https:\/\/discotelsisal.com\/fr\/product\/roues-de-contact-avec-lamelles-et-lisses-en-vulkollan\/","url":"https:\/\/discotelsisal.com\/fr\/product\/roues-de-contact-avec-lamelles-et-lisses-en-vulkollan\/","name":"ROUES DE CONTACT AVEC LAMELLES ET LISSES EN VULKOLLAN\u00ae - Discotelsisal","isPartOf":{"@id":"https:\/\/discotelsisal.com\/fr\/#website"},"primaryImageOfPage":{"@id":"https:\/\/discotelsisal.com\/fr\/product\/roues-de-contact-avec-lamelles-et-lisses-en-vulkollan\/#primaryimage"},"image":{"@id":"https:\/\/discotelsisal.com\/fr\/product\/roues-de-contact-avec-lamelles-et-lisses-en-vulkollan\/#primaryimage"},"thumbnailUrl":"https:\/\/discotelsisal.com\/wp-content\/uploads\/2021\/07\/02-RUOTE-di-CONTATTO-a-LAMELLE-e-LISCE-in-VULKOLLAN.jpg","datePublished":"2023-04-21T09:49:04+00:00","dateModified":"2023-10-24T10:56:39+00:00","breadcrumb":{"@id":"https:\/\/discotelsisal.com\/fr\/product\/roues-de-contact-avec-lamelles-et-lisses-en-vulkollan\/#breadcrumb"},"inLanguage":"fr-FR","potentialAction":[{"@type":"ReadAction","target":["https:\/\/discotelsisal.com\/fr\/product\/roues-de-contact-avec-lamelles-et-lisses-en-vulkollan\/"]}]},{"@type":"ImageObject","inLanguage":"fr-FR","@id":"https:\/\/discotelsisal.com\/fr\/product\/roues-de-contact-avec-lamelles-et-lisses-en-vulkollan\/#primaryimage","url":"https:\/\/discotelsisal.com\/wp-content\/uploads\/2021\/07\/02-RUOTE-di-CONTATTO-a-LAMELLE-e-LISCE-in-VULKOLLAN.jpg","contentUrl":"https:\/\/discotelsisal.com\/wp-content\/uploads\/2021\/07\/02-RUOTE-di-CONTATTO-a-LAMELLE-e-LISCE-in-VULKOLLAN.jpg","width":1000,"height":1000},{"@type":"BreadcrumbList","@id":"https:\/\/discotelsisal.com\/fr\/product\/roues-de-contact-avec-lamelles-et-lisses-en-vulkollan\/#breadcrumb","itemListElement":[{"@type":"ListItem","position":1,"name":"Home","item":"https:\/\/discotelsisal.com\/fr\/"},{"@type":"ListItem","position":2,"name":"Shop","item":"https:\/\/discotelsisal.com\/?page_id=2671"},{"@type":"ListItem","position":3,"name":"ROUES DE CONTACT AVEC LAMELLES ET LISSES EN VULKOLLAN\u00ae"}]},{"@type":"WebSite","@id":"https:\/\/discotelsisal.com\/fr\/#website","url":"https:\/\/discotelsisal.com\/fr\/","name":"Discotelsisal","description":"Sanding Solutions","publisher":{"@id":"https:\/\/discotelsisal.com\/fr\/#organization"},"potentialAction":[{"@type":"SearchAction","target":{"@type":"EntryPoint","urlTemplate":"https:\/\/discotelsisal.com\/fr\/?s={search_term_string}"},"query-input":{"@type":"PropertyValueSpecification","valueRequired":true,"valueName":"search_term_string"}}],"inLanguage":"fr-FR"},{"@type":"Organization","@id":"https:\/\/discotelsisal.com\/fr\/#organization","name":"Discotelsisal","url":"https:\/\/discotelsisal.com\/fr\/","logo":{"@type":"ImageObject","inLanguage":"fr-FR","@id":"https:\/\/discotelsisal.com\/fr\/#\/schema\/logo\/image\/","url":"https:\/\/discotelsisal.com\/wp-content\/uploads\/2021\/06\/logo-new-resize.png","contentUrl":"https:\/\/discotelsisal.com\/wp-content\/uploads\/2021\/06\/logo-new-resize.png","width":644,"height":200,"caption":"Discotelsisal"},"image":{"@id":"https:\/\/discotelsisal.com\/fr\/#\/schema\/logo\/image\/"}}]}},"_links":{"self":[{"href":"https:\/\/discotelsisal.com\/fr\/wp-json\/wp\/v2\/product\/12651","targetHints":{"allow":["GET"]}}],"collection":[{"href":"https:\/\/discotelsisal.com\/fr\/wp-json\/wp\/v2\/product"}],"about":[{"href":"https:\/\/discotelsisal.com\/fr\/wp-json\/wp\/v2\/types\/product"}],"wp:featuredmedia":[{"embeddable":true,"href":"https:\/\/discotelsisal.com\/fr\/wp-json\/wp\/v2\/media\/11975"}],"wp:attachment":[{"href":"https:\/\/discotelsisal.com\/fr\/wp-json\/wp\/v2\/media?parent=12651"}],"wp:term":[{"taxonomy":"product_brand","embeddable":true,"href":"https:\/\/discotelsisal.com\/fr\/wp-json\/wp\/v2\/product_brand?post=12651"},{"taxonomy":"product_cat","embeddable":true,"href":"https:\/\/discotelsisal.com\/fr\/wp-json\/wp\/v2\/product_cat?post=12651"},{"taxonomy":"product_tag","embeddable":true,"href":"https:\/\/discotelsisal.com\/fr\/wp-json\/wp\/v2\/product_tag?post=12651"}],"curies":[{"name":"wp","href":"https:\/\/api.w.org\/{rel}","templated":true}]}}