{"id":12646,"date":"2023-04-21T09:37:53","date_gmt":"2023-04-21T09:37:53","guid":{"rendered":"https:\/\/discotelsisal.com\/product\/rubans-nalc\/"},"modified":"2023-10-10T09:30:23","modified_gmt":"2023-10-10T09:30:23","slug":"rubans-nalc","status":"publish","type":"product","link":"https:\/\/discotelsisal.com\/fr\/product\/rubans-nalc\/","title":{"rendered":"RUBANS NALC"},"content":{"rendered":"<div class=\"wpb-content-wrapper\"><p>[vc_row disable_background_image=\u00a0\u00bb\u00a0\u00bb][vc_column]<div class=\"mkdf-accordion-holder mkdf-ac-default  mkdf-toggle mkdf-ac-boxed  clearfix\">\n\t<h5 class=\"mkdf-accordion-title\">\n    <span class=\"mkdf-accordion-mark\">\n\t\t<span class=\"mkdf_icon_plus icon_plus\"><\/span>\n\t\t<span class=\"mkdf_icon_minus icon_minus-06\"><\/span>\n\t<\/span>\n\t<span class=\"mkdf-tab-title\">Fiche technique<\/span>\n<\/h5>\n<div class=\"mkdf-accordion-content\">\n\t<div class=\"mkdf-accordion-content-inner\">\n\t\t<div class=\"mkdf-elements-holder   mkdf-one-column  mkdf-responsive-mode-768 \" ><div class=\"mkdf-eh-item    \"  data-item-class=\"mkdf-eh-custom-2384\">\n\t<div class=\"mkdf-eh-item-inner\">\n\t\t<div class=\"mkdf-eh-item-content mkdf-eh-custom-2384\" style=\"padding: 0px 0px 10px 0px\">\n\t\t\t<a itemprop=\"url\" href=\"https:\/\/discotelsisal.com\/wp-content\/uploads\/2021\/07\/NASTRI-NALC.jpg\" target=\"_blank\" style=\"color: #056133;border-color: #056133\" class=\"mkdf-btn mkdf-btn-medium mkdf-btn-outline\"  >\n            <span class=\"mkdf-btn-text\">Data Sheet NALC BELTS<\/span>\n        <i class=\"mkdf-icon-dripicons dripicon  \" ><\/i>    <\/a>\t\t<\/div>\n\t<\/div>\n<\/div><\/div>\t<\/div>\n<\/div><h5 class=\"mkdf-accordion-title\">\n    <span class=\"mkdf-accordion-mark\">\n\t\t<span class=\"mkdf_icon_plus icon_plus\"><\/span>\n\t\t<span class=\"mkdf_icon_minus icon_minus-06\"><\/span>\n\t<\/span>\n\t<span class=\"mkdf-tab-title\">Fiches de donn\u00e9es de s\u00e9curit\u00e9<\/span>\n<\/h5>\n<div class=\"mkdf-accordion-content\">\n\t<div class=\"mkdf-accordion-content-inner\">\n\t\t<div class=\"mkdf-elements-holder   mkdf-one-column  mkdf-responsive-mode-768 \" ><div class=\"mkdf-eh-item    \"  data-item-class=\"mkdf-eh-custom-1211\">\n\t<div class=\"mkdf-eh-item-inner\">\n\t\t<div class=\"mkdf-eh-item-content mkdf-eh-custom-1211\" style=\"padding: 0px 0px 10px 0px\">\n\t\t\t<a itemprop=\"url\" href=\"https:\/\/discotelsisal.com\/wp-content\/uploads\/2023\/10\/DISCOTELSISAL-MSDS-BL-NALC-TNT-A-ENG.pdf\" target=\"_self\" style=\"color: #056133;border-color: #056133\" class=\"mkdf-btn mkdf-btn-medium mkdf-btn-outline\"  >\n            <span class=\"mkdf-btn-text\">Safety Data Sheet MSDS - BL-NALC TNT A<\/span>\n        <i class=\"mkdf-icon-dripicons dripicon  \" ><\/i>    <\/a>\t\t<\/div>\n\t<\/div>\n<\/div><\/div>[vc_empty_space height=\u00a0\u00bb10px\u00a0\u00bb]<div class=\"mkdf-elements-holder   mkdf-one-column  mkdf-responsive-mode-768 \" ><div class=\"mkdf-eh-item    \"  data-item-class=\"mkdf-eh-custom-3464\">\n\t<div class=\"mkdf-eh-item-inner\">\n\t\t<div class=\"mkdf-eh-item-content mkdf-eh-custom-3464\" style=\"padding: 0px 0px 10px 0px\">\n\t\t\t<a itemprop=\"url\" href=\"https:\/\/discotelsisal.com\/wp-content\/uploads\/2023\/10\/DISCOTELSISAL-MSDS-BL-NALC-TNT-S-ENG.pdf\" target=\"_self\" style=\"color: #056133;border-color: #056133\" class=\"mkdf-btn mkdf-btn-medium mkdf-btn-outline\"  >\n            <span class=\"mkdf-btn-text\">Safety Data Sheet MSDS - BL-NALC TNT S<\/span>\n        <i class=\"mkdf-icon-dripicons dripicon  \" ><\/i>    <\/a>\t\t<\/div>\n\t<\/div>\n<\/div><\/div>\t<\/div>\n<\/div><\/div>[\/vc_column][\/vc_row]<\/p>\n<\/div>","protected":false},"excerpt":{"rendered":"<p>Les rubans NALC sont compos\u00e9s de lamelles de fibres de nylon \u00ab\u00a0non tiss\u00e9es\u00a0\u00bb et coll\u00e9es sur un support en toile de coton.\u2028Ils sont r\u00e9alis\u00e9s en diff\u00e9rents grains, en utilisant soit un \u00ab\u00a0tissu non tiss\u00e9\u00a0\u00bb avec de l&rsquo;oxyde d&rsquo;aluminium, soit du carbure de silicium. Ils sont disponibles en diff\u00e9rents formats et peuvent \u00eatre utilis\u00e9s sur des machines \u00e0 colonnes ou sur des machines automatiques ou des robots anthropomorphes. Ils peuvent \u00eatre utilis\u00e9s sur des surfaces planes ou fa\u00e7onn\u00e9es et s&rsquo;adaptent parfaitement \u00e0 la forme du profil\u00e9.<\/p>\n<p><strong>AVANTAGES<\/strong><br \/>\n\u2022 Ils peuvent \u00eatre fa\u00e7onn\u00e9s pour s&rsquo;adapter parfaitement \u00e0 la forme du produit \u00e0 traiter<br \/>\n\u2022 L&rsquo;abrasif se r\u00e9g\u00e9n\u00e8re automatiquement pendant le traitement, en maintenant constante la capacit\u00e9 de coupe et de finition<br \/>\n\u2022 Ils peuvent \u00eatre utilis\u00e9s en s\u00e9quence avec diff\u00e9rentes combinaisons de grains<br \/>\n\u2022 Dur\u00e9e de vie plus longue par rapport aux rubans TNT traditionnels<\/p>\n<p><strong>APPLICATIONS<\/strong><br \/>\n\u2022 Satinage des m\u00e9taux<br \/>\n\u2022 Finition de m\u00e9taux<br \/>\n\u2022 Aff\u00fbtage de carreaux de c\u00e9ramique<\/p>\n","protected":false},"featured_media":11973,"template":"","meta":[],"product_brand":[],"product_cat":[641],"product_tag":[612,642],"class_list":{"0":"post-12646","1":"product","2":"type-product","3":"status-publish","4":"has-post-thumbnail","6":"product_cat-rubans","7":"product_tag-discotelsisal-fr","8":"product_tag-rubans","10":"first","11":"instock","12":"shipping-taxable","13":"product-type-simple"},"yoast_head":"<!-- This site is optimized with the Yoast SEO plugin v27.3 - https:\/\/yoast.com\/product\/yoast-seo-wordpress\/ -->\n<title>RUBANS NALC - Discotelsisal<\/title>\n<meta name=\"robots\" content=\"index, follow, max-snippet:-1, max-image-preview:large, max-video-preview:-1\" \/>\n<link rel=\"canonical\" href=\"https:\/\/discotelsisal.com\/fr\/product\/rubans-nalc\/\" \/>\n<meta property=\"og:locale\" content=\"fr_FR\" \/>\n<meta property=\"og:type\" content=\"article\" \/>\n<meta property=\"og:title\" content=\"RUBANS NALC - Discotelsisal\" \/>\n<meta property=\"og:description\" content=\"Les rubans NALC sont compos\u00e9s de lamelles de fibres de nylon \u00ab\u00a0non tiss\u00e9es\u00a0\u00bb et coll\u00e9es sur un support en toile de coton.\u2028Ils sont r\u00e9alis\u00e9s en diff\u00e9rents grains, en utilisant soit un \u00ab\u00a0tissu non tiss\u00e9\u00a0\u00bb avec de l&#039;oxyde d&#039;aluminium, soit du carbure de silicium. Ils sont disponibles en diff\u00e9rents formats et peuvent \u00eatre utilis\u00e9s sur des machines \u00e0 colonnes ou sur des machines automatiques ou des robots anthropomorphes. Ils peuvent \u00eatre utilis\u00e9s sur des surfaces planes ou fa\u00e7onn\u00e9es et s&#039;adaptent parfaitement \u00e0 la forme du profil\u00e9.  AVANTAGES \u2022 Ils peuvent \u00eatre fa\u00e7onn\u00e9s pour s&#039;adapter parfaitement \u00e0 la forme du produit \u00e0 traiter \u2022 L&#039;abrasif se r\u00e9g\u00e9n\u00e8re automatiquement pendant le traitement, en maintenant constante la capacit\u00e9 de coupe et de finition \u2022 Ils peuvent \u00eatre utilis\u00e9s en s\u00e9quence avec diff\u00e9rentes combinaisons de grains \u2022 Dur\u00e9e de vie plus longue par rapport aux rubans TNT traditionnels  APPLICATIONS \u2022 Satinage des m\u00e9taux \u2022 Finition de m\u00e9taux \u2022 Aff\u00fbtage de carreaux de c\u00e9ramique\" \/>\n<meta property=\"og:url\" content=\"https:\/\/discotelsisal.com\/fr\/product\/rubans-nalc\/\" \/>\n<meta property=\"og:site_name\" content=\"Discotelsisal\" \/>\n<meta property=\"article:modified_time\" content=\"2023-10-10T09:30:23+00:00\" \/>\n<meta property=\"og:image\" content=\"https:\/\/discotelsisal.com\/wp-content\/uploads\/2021\/07\/04-NASTRI-NALC.jpg\" \/>\n\t<meta property=\"og:image:width\" content=\"1000\" \/>\n\t<meta property=\"og:image:height\" content=\"1000\" \/>\n\t<meta property=\"og:image:type\" content=\"image\/jpeg\" \/>\n<meta name=\"twitter:card\" content=\"summary_large_image\" \/>\n<meta name=\"twitter:label1\" content=\"Dur\u00e9e de lecture estim\u00e9e\" \/>\n\t<meta name=\"twitter:data1\" content=\"1 minute\" \/>\n<script type=\"application\/ld+json\" class=\"yoast-schema-graph\">{\"@context\":\"https:\\\/\\\/schema.org\",\"@graph\":[{\"@type\":\"WebPage\",\"@id\":\"https:\\\/\\\/discotelsisal.com\\\/fr\\\/product\\\/rubans-nalc\\\/\",\"url\":\"https:\\\/\\\/discotelsisal.com\\\/fr\\\/product\\\/rubans-nalc\\\/\",\"name\":\"RUBANS NALC - Discotelsisal\",\"isPartOf\":{\"@id\":\"https:\\\/\\\/discotelsisal.com\\\/fr\\\/#website\"},\"primaryImageOfPage\":{\"@id\":\"https:\\\/\\\/discotelsisal.com\\\/fr\\\/product\\\/rubans-nalc\\\/#primaryimage\"},\"image\":{\"@id\":\"https:\\\/\\\/discotelsisal.com\\\/fr\\\/product\\\/rubans-nalc\\\/#primaryimage\"},\"thumbnailUrl\":\"https:\\\/\\\/discotelsisal.com\\\/wp-content\\\/uploads\\\/2021\\\/07\\\/04-NASTRI-NALC.jpg\",\"datePublished\":\"2023-04-21T09:37:53+00:00\",\"dateModified\":\"2023-10-10T09:30:23+00:00\",\"breadcrumb\":{\"@id\":\"https:\\\/\\\/discotelsisal.com\\\/fr\\\/product\\\/rubans-nalc\\\/#breadcrumb\"},\"inLanguage\":\"fr-FR\",\"potentialAction\":[{\"@type\":\"ReadAction\",\"target\":[\"https:\\\/\\\/discotelsisal.com\\\/fr\\\/product\\\/rubans-nalc\\\/\"]}]},{\"@type\":\"ImageObject\",\"inLanguage\":\"fr-FR\",\"@id\":\"https:\\\/\\\/discotelsisal.com\\\/fr\\\/product\\\/rubans-nalc\\\/#primaryimage\",\"url\":\"https:\\\/\\\/discotelsisal.com\\\/wp-content\\\/uploads\\\/2021\\\/07\\\/04-NASTRI-NALC.jpg\",\"contentUrl\":\"https:\\\/\\\/discotelsisal.com\\\/wp-content\\\/uploads\\\/2021\\\/07\\\/04-NASTRI-NALC.jpg\",\"width\":1000,\"height\":1000},{\"@type\":\"BreadcrumbList\",\"@id\":\"https:\\\/\\\/discotelsisal.com\\\/fr\\\/product\\\/rubans-nalc\\\/#breadcrumb\",\"itemListElement\":[{\"@type\":\"ListItem\",\"position\":1,\"name\":\"Home\",\"item\":\"https:\\\/\\\/discotelsisal.com\\\/fr\\\/\"},{\"@type\":\"ListItem\",\"position\":2,\"name\":\"Shop\",\"item\":\"https:\\\/\\\/discotelsisal.com\\\/?page_id=2671\"},{\"@type\":\"ListItem\",\"position\":3,\"name\":\"RUBANS NALC\"}]},{\"@type\":\"WebSite\",\"@id\":\"https:\\\/\\\/discotelsisal.com\\\/fr\\\/#website\",\"url\":\"https:\\\/\\\/discotelsisal.com\\\/fr\\\/\",\"name\":\"Discotelsisal\",\"description\":\"Sanding Solutions\",\"publisher\":{\"@id\":\"https:\\\/\\\/discotelsisal.com\\\/fr\\\/#organization\"},\"potentialAction\":[{\"@type\":\"SearchAction\",\"target\":{\"@type\":\"EntryPoint\",\"urlTemplate\":\"https:\\\/\\\/discotelsisal.com\\\/fr\\\/?s={search_term_string}\"},\"query-input\":{\"@type\":\"PropertyValueSpecification\",\"valueRequired\":true,\"valueName\":\"search_term_string\"}}],\"inLanguage\":\"fr-FR\"},{\"@type\":\"Organization\",\"@id\":\"https:\\\/\\\/discotelsisal.com\\\/fr\\\/#organization\",\"name\":\"Discotelsisal\",\"url\":\"https:\\\/\\\/discotelsisal.com\\\/fr\\\/\",\"logo\":{\"@type\":\"ImageObject\",\"inLanguage\":\"fr-FR\",\"@id\":\"https:\\\/\\\/discotelsisal.com\\\/fr\\\/#\\\/schema\\\/logo\\\/image\\\/\",\"url\":\"https:\\\/\\\/discotelsisal.com\\\/wp-content\\\/uploads\\\/2021\\\/06\\\/logo-new-resize.png\",\"contentUrl\":\"https:\\\/\\\/discotelsisal.com\\\/wp-content\\\/uploads\\\/2021\\\/06\\\/logo-new-resize.png\",\"width\":644,\"height\":200,\"caption\":\"Discotelsisal\"},\"image\":{\"@id\":\"https:\\\/\\\/discotelsisal.com\\\/fr\\\/#\\\/schema\\\/logo\\\/image\\\/\"}}]}<\/script>\n<!-- \/ Yoast SEO plugin. -->","yoast_head_json":{"title":"RUBANS NALC - Discotelsisal","robots":{"index":"index","follow":"follow","max-snippet":"max-snippet:-1","max-image-preview":"max-image-preview:large","max-video-preview":"max-video-preview:-1"},"canonical":"https:\/\/discotelsisal.com\/fr\/product\/rubans-nalc\/","og_locale":"fr_FR","og_type":"article","og_title":"RUBANS NALC - Discotelsisal","og_description":"Les rubans NALC sont compos\u00e9s de lamelles de fibres de nylon \u00ab\u00a0non tiss\u00e9es\u00a0\u00bb et coll\u00e9es sur un support en toile de coton.\u2028Ils sont r\u00e9alis\u00e9s en diff\u00e9rents grains, en utilisant soit un \u00ab\u00a0tissu non tiss\u00e9\u00a0\u00bb avec de l'oxyde d'aluminium, soit du carbure de silicium. Ils sont disponibles en diff\u00e9rents formats et peuvent \u00eatre utilis\u00e9s sur des machines \u00e0 colonnes ou sur des machines automatiques ou des robots anthropomorphes. Ils peuvent \u00eatre utilis\u00e9s sur des surfaces planes ou fa\u00e7onn\u00e9es et s'adaptent parfaitement \u00e0 la forme du profil\u00e9.  AVANTAGES \u2022 Ils peuvent \u00eatre fa\u00e7onn\u00e9s pour s'adapter parfaitement \u00e0 la forme du produit \u00e0 traiter \u2022 L'abrasif se r\u00e9g\u00e9n\u00e8re automatiquement pendant le traitement, en maintenant constante la capacit\u00e9 de coupe et de finition \u2022 Ils peuvent \u00eatre utilis\u00e9s en s\u00e9quence avec diff\u00e9rentes combinaisons de grains \u2022 Dur\u00e9e de vie plus longue par rapport aux rubans TNT traditionnels  APPLICATIONS \u2022 Satinage des m\u00e9taux \u2022 Finition de m\u00e9taux \u2022 Aff\u00fbtage de carreaux de c\u00e9ramique","og_url":"https:\/\/discotelsisal.com\/fr\/product\/rubans-nalc\/","og_site_name":"Discotelsisal","article_modified_time":"2023-10-10T09:30:23+00:00","og_image":[{"width":1000,"height":1000,"url":"https:\/\/discotelsisal.com\/wp-content\/uploads\/2021\/07\/04-NASTRI-NALC.jpg","type":"image\/jpeg"}],"twitter_card":"summary_large_image","twitter_misc":{"Dur\u00e9e de lecture estim\u00e9e":"1 minute"},"schema":{"@context":"https:\/\/schema.org","@graph":[{"@type":"WebPage","@id":"https:\/\/discotelsisal.com\/fr\/product\/rubans-nalc\/","url":"https:\/\/discotelsisal.com\/fr\/product\/rubans-nalc\/","name":"RUBANS NALC - Discotelsisal","isPartOf":{"@id":"https:\/\/discotelsisal.com\/fr\/#website"},"primaryImageOfPage":{"@id":"https:\/\/discotelsisal.com\/fr\/product\/rubans-nalc\/#primaryimage"},"image":{"@id":"https:\/\/discotelsisal.com\/fr\/product\/rubans-nalc\/#primaryimage"},"thumbnailUrl":"https:\/\/discotelsisal.com\/wp-content\/uploads\/2021\/07\/04-NASTRI-NALC.jpg","datePublished":"2023-04-21T09:37:53+00:00","dateModified":"2023-10-10T09:30:23+00:00","breadcrumb":{"@id":"https:\/\/discotelsisal.com\/fr\/product\/rubans-nalc\/#breadcrumb"},"inLanguage":"fr-FR","potentialAction":[{"@type":"ReadAction","target":["https:\/\/discotelsisal.com\/fr\/product\/rubans-nalc\/"]}]},{"@type":"ImageObject","inLanguage":"fr-FR","@id":"https:\/\/discotelsisal.com\/fr\/product\/rubans-nalc\/#primaryimage","url":"https:\/\/discotelsisal.com\/wp-content\/uploads\/2021\/07\/04-NASTRI-NALC.jpg","contentUrl":"https:\/\/discotelsisal.com\/wp-content\/uploads\/2021\/07\/04-NASTRI-NALC.jpg","width":1000,"height":1000},{"@type":"BreadcrumbList","@id":"https:\/\/discotelsisal.com\/fr\/product\/rubans-nalc\/#breadcrumb","itemListElement":[{"@type":"ListItem","position":1,"name":"Home","item":"https:\/\/discotelsisal.com\/fr\/"},{"@type":"ListItem","position":2,"name":"Shop","item":"https:\/\/discotelsisal.com\/?page_id=2671"},{"@type":"ListItem","position":3,"name":"RUBANS NALC"}]},{"@type":"WebSite","@id":"https:\/\/discotelsisal.com\/fr\/#website","url":"https:\/\/discotelsisal.com\/fr\/","name":"Discotelsisal","description":"Sanding Solutions","publisher":{"@id":"https:\/\/discotelsisal.com\/fr\/#organization"},"potentialAction":[{"@type":"SearchAction","target":{"@type":"EntryPoint","urlTemplate":"https:\/\/discotelsisal.com\/fr\/?s={search_term_string}"},"query-input":{"@type":"PropertyValueSpecification","valueRequired":true,"valueName":"search_term_string"}}],"inLanguage":"fr-FR"},{"@type":"Organization","@id":"https:\/\/discotelsisal.com\/fr\/#organization","name":"Discotelsisal","url":"https:\/\/discotelsisal.com\/fr\/","logo":{"@type":"ImageObject","inLanguage":"fr-FR","@id":"https:\/\/discotelsisal.com\/fr\/#\/schema\/logo\/image\/","url":"https:\/\/discotelsisal.com\/wp-content\/uploads\/2021\/06\/logo-new-resize.png","contentUrl":"https:\/\/discotelsisal.com\/wp-content\/uploads\/2021\/06\/logo-new-resize.png","width":644,"height":200,"caption":"Discotelsisal"},"image":{"@id":"https:\/\/discotelsisal.com\/fr\/#\/schema\/logo\/image\/"}}]}},"_links":{"self":[{"href":"https:\/\/discotelsisal.com\/fr\/wp-json\/wp\/v2\/product\/12646","targetHints":{"allow":["GET"]}}],"collection":[{"href":"https:\/\/discotelsisal.com\/fr\/wp-json\/wp\/v2\/product"}],"about":[{"href":"https:\/\/discotelsisal.com\/fr\/wp-json\/wp\/v2\/types\/product"}],"wp:featuredmedia":[{"embeddable":true,"href":"https:\/\/discotelsisal.com\/fr\/wp-json\/wp\/v2\/media\/11973"}],"wp:attachment":[{"href":"https:\/\/discotelsisal.com\/fr\/wp-json\/wp\/v2\/media?parent=12646"}],"wp:term":[{"taxonomy":"product_brand","embeddable":true,"href":"https:\/\/discotelsisal.com\/fr\/wp-json\/wp\/v2\/product_brand?post=12646"},{"taxonomy":"product_cat","embeddable":true,"href":"https:\/\/discotelsisal.com\/fr\/wp-json\/wp\/v2\/product_cat?post=12646"},{"taxonomy":"product_tag","embeddable":true,"href":"https:\/\/discotelsisal.com\/fr\/wp-json\/wp\/v2\/product_tag?post=12646"}],"curies":[{"name":"wp","href":"https:\/\/api.w.org\/{rel}","templated":true}]}}