{"id":12645,"date":"2023-04-21T09:36:12","date_gmt":"2023-04-21T09:36:12","guid":{"rendered":"https:\/\/discotelsisal.com\/product\/rubans-3m-surface-conditioning\/"},"modified":"2023-11-22T12:11:06","modified_gmt":"2023-11-22T12:11:06","slug":"rubans-3m-surface-conditioning","status":"publish","type":"product","link":"https:\/\/discotelsisal.com\/fr\/product\/rubans-3m-surface-conditioning\/","title":{"rendered":"RUBANS 3M\u2122 SURFACE CONDITIONING"},"content":{"rendered":"<div class=\"wpb-content-wrapper\"><p>[vc_row disable_background_image=\u00a0\u00bb\u00a0\u00bb][vc_column]<div class=\"mkdf-accordion-holder mkdf-ac-default  mkdf-toggle mkdf-ac-boxed  clearfix\">\n\t<h5 class=\"mkdf-accordion-title\">\n    <span class=\"mkdf-accordion-mark\">\n\t\t<span class=\"mkdf_icon_plus icon_plus\"><\/span>\n\t\t<span class=\"mkdf_icon_minus icon_minus-06\"><\/span>\n\t<\/span>\n\t<span class=\"mkdf-tab-title\">Fiche technique<\/span>\n<\/h5>\n<div class=\"mkdf-accordion-content\">\n\t<div class=\"mkdf-accordion-content-inner\">\n\t\t<div class=\"mkdf-elements-holder   mkdf-one-column  mkdf-responsive-mode-768 \" ><div class=\"mkdf-eh-item    \"  data-item-class=\"mkdf-eh-custom-8796\">\n\t<div class=\"mkdf-eh-item-inner\">\n\t\t<div class=\"mkdf-eh-item-content mkdf-eh-custom-8796\" style=\"padding: 0px 0px 10px 0px\">\n\t\t\t<a itemprop=\"url\" href=\"https:\/\/discotelsisal.com\/wp-content\/uploads\/2021\/07\/NASTRI-3M-SURFACE-CONDITIONING.jpg\" target=\"_blank\" style=\"color: #056133;border-color: #056133\" class=\"mkdf-btn mkdf-btn-medium mkdf-btn-outline\"  >\n            <span class=\"mkdf-btn-text\">Data Sheet 3M\u2122 SURFACE CONDITIONING BELTS<\/span>\n        <i class=\"mkdf-icon-dripicons dripicon  \" ><\/i>    <\/a>\t\t<\/div>\n\t<\/div>\n<\/div><\/div>\t<\/div>\n<\/div><h5 class=\"mkdf-accordion-title\">\n    <span class=\"mkdf-accordion-mark\">\n\t\t<span class=\"mkdf_icon_plus icon_plus\"><\/span>\n\t\t<span class=\"mkdf_icon_minus icon_minus-06\"><\/span>\n\t<\/span>\n\t<span class=\"mkdf-tab-title\">Fiches de donn\u00e9es de s\u00e9curit\u00e9<\/span>\n<\/h5>\n<div class=\"mkdf-accordion-content\">\n\t<div class=\"mkdf-accordion-content-inner\">\n\t\t<div class=\"mkdf-elements-holder   mkdf-one-column  mkdf-responsive-mode-768 \" ><div class=\"mkdf-eh-item    \"  data-item-class=\"mkdf-eh-custom-6667\">\n\t<div class=\"mkdf-eh-item-inner\">\n\t\t<div class=\"mkdf-eh-item-content mkdf-eh-custom-6667\" style=\"padding: 0px 0px 10px 0px\">\n\t\t\t<a itemprop=\"url\" href=\"https:\/\/discotelsisal.com\/wp-content\/uploads\/2021\/07\/MSDS-3M-SURFACE-CONDITIONING-AVF.pdf\" target=\"_self\" style=\"color: #056133;border-color: #056133\" class=\"mkdf-btn mkdf-btn-medium mkdf-btn-outline\"  >\n            <span class=\"mkdf-btn-text\">Safety Data Sheet MSDS - 3M SURFACE CONDITIONING AVF<\/span>\n        <i class=\"mkdf-icon-dripicons dripicon  \" ><\/i>    <\/a>\t\t<\/div>\n\t<\/div>\n<\/div><\/div>[vc_empty_space height=\u00a0\u00bb10px\u00a0\u00bb]<div class=\"mkdf-elements-holder   mkdf-one-column  mkdf-responsive-mode-768 \" ><div class=\"mkdf-eh-item    \"  data-item-class=\"mkdf-eh-custom-9794\">\n\t<div class=\"mkdf-eh-item-inner\">\n\t\t<div class=\"mkdf-eh-item-content mkdf-eh-custom-9794\" style=\"padding: 0px 0px 10px 0px\">\n\t\t\t<a itemprop=\"url\" href=\"https:\/\/discotelsisal.com\/wp-content\/uploads\/2021\/07\/MSDS-3M-SURFACE-CONDITIONING-SVF.pdf\" target=\"_self\" style=\"color: #056133;border-color: #056133\" class=\"mkdf-btn mkdf-btn-medium mkdf-btn-outline\"  >\n            <span class=\"mkdf-btn-text\">Safety Data Sheet MSDS - 3M SURFACE CONDITIONING SVF<\/span>\n        <i class=\"mkdf-icon-dripicons dripicon  \" ><\/i>    <\/a>\t\t<\/div>\n\t<\/div>\n<\/div><\/div>\t<\/div>\n<\/div><\/div>[\/vc_column][\/vc_row]<\/p>\n<\/div>","protected":false},"excerpt":{"rendered":"<p>Les rubans 3M\u2122 Surface Conditioning sont fabriqu\u00e9s \u00e0 partir d&rsquo;une fibre \u00ab\u00a0non-tiss\u00e9e\u00a0\u00bb, renforc\u00e9e de r\u00e9sine qui r\u00e9siste \u00e0 l&rsquo;usure et aux ar\u00eates vives lors des op\u00e9rations de nettoyage, d&rsquo;\u00e9bavurage, de masquage et de finition sur divers m\u00e9taux.<\/p>\n<p><strong>AVANTAGES<\/strong><br \/>\n\u2022 R\u00e9sistants et agressifs avec une vaste gamme de grains<br \/>\n\u2022 Support renforc\u00e9 et mat\u00e9riau non tiss\u00e9 \u00e0 tissage ouvert pour une plus grande flexibilit\u00e9<br \/>\n\u2022 Moins de colmatage et d&rsquo;accumulation de chaleur pour un fonctionnement prolong\u00e9<br \/>\n\u2022 R\u00e9sultats de finition homog\u00e8nes des surfaces trait\u00e9es<\/p>\n<p><strong>APPLICATIONS<\/strong><br \/>\n\u2022 Satinage<br \/>\n\u2022 Finition<br \/>\n\u2022 \u00c9limination de la calamine<br \/>\n\u2022 Masquage<br \/>\n\u2022 Utilisables sur les machines \u00e0 colonne<br \/>\n\u2022 Utilisables sur les ponceuses \u00e0 bande<br \/>\n\u2022 Utilisables sur des machines portables<\/p>\n","protected":false},"featured_media":11970,"template":"","meta":[],"product_brand":[],"product_cat":[641],"product_tag":[612,642],"class_list":{"0":"post-12645","1":"product","2":"type-product","3":"status-publish","4":"has-post-thumbnail","6":"product_cat-rubans","7":"product_tag-discotelsisal-fr","8":"product_tag-rubans","10":"first","11":"instock","12":"shipping-taxable","13":"product-type-simple"},"yoast_head":"<!-- This site is optimized with the Yoast SEO plugin v27.3 - https:\/\/yoast.com\/product\/yoast-seo-wordpress\/ -->\n<title>RUBANS 3M\u2122 SURFACE CONDITIONING - Discotelsisal<\/title>\n<meta name=\"robots\" content=\"index, follow, max-snippet:-1, max-image-preview:large, max-video-preview:-1\" \/>\n<link rel=\"canonical\" href=\"https:\/\/discotelsisal.com\/fr\/product\/rubans-3m-surface-conditioning\/\" \/>\n<meta property=\"og:locale\" content=\"fr_FR\" \/>\n<meta property=\"og:type\" content=\"article\" \/>\n<meta property=\"og:title\" content=\"RUBANS 3M\u2122 SURFACE CONDITIONING - Discotelsisal\" \/>\n<meta property=\"og:description\" content=\"Les rubans 3M\u2122 Surface Conditioning sont fabriqu\u00e9s \u00e0 partir d&#039;une fibre \u00ab\u00a0non-tiss\u00e9e\u00a0\u00bb, renforc\u00e9e de r\u00e9sine qui r\u00e9siste \u00e0 l&#039;usure et aux ar\u00eates vives lors des op\u00e9rations de nettoyage, d&#039;\u00e9bavurage, de masquage et de finition sur divers m\u00e9taux.  AVANTAGES \u2022 R\u00e9sistants et agressifs avec une vaste gamme de grains \u2022 Support renforc\u00e9 et mat\u00e9riau non tiss\u00e9 \u00e0 tissage ouvert pour une plus grande flexibilit\u00e9 \u2022 Moins de colmatage et d&#039;accumulation de chaleur pour un fonctionnement prolong\u00e9 \u2022 R\u00e9sultats de finition homog\u00e8nes des surfaces trait\u00e9es  APPLICATIONS \u2022 Satinage \u2022 Finition \u2022 \u00c9limination de la calamine \u2022 Masquage \u2022 Utilisables sur les machines \u00e0 colonne \u2022 Utilisables sur les ponceuses \u00e0 bande \u2022 Utilisables sur des machines portables\" \/>\n<meta property=\"og:url\" content=\"https:\/\/discotelsisal.com\/fr\/product\/rubans-3m-surface-conditioning\/\" \/>\n<meta property=\"og:site_name\" content=\"Discotelsisal\" \/>\n<meta property=\"article:modified_time\" content=\"2023-11-22T12:11:06+00:00\" \/>\n<meta property=\"og:image\" content=\"https:\/\/discotelsisal.com\/wp-content\/uploads\/2021\/07\/03a-NASTRI-3M-SURFACE-CONDITIONING.jpg\" \/>\n\t<meta property=\"og:image:width\" content=\"563\" \/>\n\t<meta property=\"og:image:height\" content=\"563\" \/>\n\t<meta property=\"og:image:type\" content=\"image\/jpeg\" \/>\n<meta name=\"twitter:card\" content=\"summary_large_image\" \/>\n<meta name=\"twitter:label1\" content=\"Dur\u00e9e de lecture estim\u00e9e\" \/>\n\t<meta name=\"twitter:data1\" content=\"1 minute\" \/>\n<script type=\"application\/ld+json\" class=\"yoast-schema-graph\">{\"@context\":\"https:\\\/\\\/schema.org\",\"@graph\":[{\"@type\":\"WebPage\",\"@id\":\"https:\\\/\\\/discotelsisal.com\\\/fr\\\/product\\\/rubans-3m-surface-conditioning\\\/\",\"url\":\"https:\\\/\\\/discotelsisal.com\\\/fr\\\/product\\\/rubans-3m-surface-conditioning\\\/\",\"name\":\"RUBANS 3M\u2122 SURFACE CONDITIONING - Discotelsisal\",\"isPartOf\":{\"@id\":\"https:\\\/\\\/discotelsisal.com\\\/fr\\\/#website\"},\"primaryImageOfPage\":{\"@id\":\"https:\\\/\\\/discotelsisal.com\\\/fr\\\/product\\\/rubans-3m-surface-conditioning\\\/#primaryimage\"},\"image\":{\"@id\":\"https:\\\/\\\/discotelsisal.com\\\/fr\\\/product\\\/rubans-3m-surface-conditioning\\\/#primaryimage\"},\"thumbnailUrl\":\"https:\\\/\\\/discotelsisal.com\\\/wp-content\\\/uploads\\\/2021\\\/07\\\/03a-NASTRI-3M-SURFACE-CONDITIONING.jpg\",\"datePublished\":\"2023-04-21T09:36:12+00:00\",\"dateModified\":\"2023-11-22T12:11:06+00:00\",\"breadcrumb\":{\"@id\":\"https:\\\/\\\/discotelsisal.com\\\/fr\\\/product\\\/rubans-3m-surface-conditioning\\\/#breadcrumb\"},\"inLanguage\":\"fr-FR\",\"potentialAction\":[{\"@type\":\"ReadAction\",\"target\":[\"https:\\\/\\\/discotelsisal.com\\\/fr\\\/product\\\/rubans-3m-surface-conditioning\\\/\"]}]},{\"@type\":\"ImageObject\",\"inLanguage\":\"fr-FR\",\"@id\":\"https:\\\/\\\/discotelsisal.com\\\/fr\\\/product\\\/rubans-3m-surface-conditioning\\\/#primaryimage\",\"url\":\"https:\\\/\\\/discotelsisal.com\\\/wp-content\\\/uploads\\\/2021\\\/07\\\/03a-NASTRI-3M-SURFACE-CONDITIONING.jpg\",\"contentUrl\":\"https:\\\/\\\/discotelsisal.com\\\/wp-content\\\/uploads\\\/2021\\\/07\\\/03a-NASTRI-3M-SURFACE-CONDITIONING.jpg\",\"width\":563,\"height\":563},{\"@type\":\"BreadcrumbList\",\"@id\":\"https:\\\/\\\/discotelsisal.com\\\/fr\\\/product\\\/rubans-3m-surface-conditioning\\\/#breadcrumb\",\"itemListElement\":[{\"@type\":\"ListItem\",\"position\":1,\"name\":\"Home\",\"item\":\"https:\\\/\\\/discotelsisal.com\\\/fr\\\/\"},{\"@type\":\"ListItem\",\"position\":2,\"name\":\"Shop\",\"item\":\"https:\\\/\\\/discotelsisal.com\\\/?page_id=2671\"},{\"@type\":\"ListItem\",\"position\":3,\"name\":\"RUBANS 3M\u2122 SURFACE CONDITIONING\"}]},{\"@type\":\"WebSite\",\"@id\":\"https:\\\/\\\/discotelsisal.com\\\/fr\\\/#website\",\"url\":\"https:\\\/\\\/discotelsisal.com\\\/fr\\\/\",\"name\":\"Discotelsisal\",\"description\":\"Sanding Solutions\",\"publisher\":{\"@id\":\"https:\\\/\\\/discotelsisal.com\\\/fr\\\/#organization\"},\"potentialAction\":[{\"@type\":\"SearchAction\",\"target\":{\"@type\":\"EntryPoint\",\"urlTemplate\":\"https:\\\/\\\/discotelsisal.com\\\/fr\\\/?s={search_term_string}\"},\"query-input\":{\"@type\":\"PropertyValueSpecification\",\"valueRequired\":true,\"valueName\":\"search_term_string\"}}],\"inLanguage\":\"fr-FR\"},{\"@type\":\"Organization\",\"@id\":\"https:\\\/\\\/discotelsisal.com\\\/fr\\\/#organization\",\"name\":\"Discotelsisal\",\"url\":\"https:\\\/\\\/discotelsisal.com\\\/fr\\\/\",\"logo\":{\"@type\":\"ImageObject\",\"inLanguage\":\"fr-FR\",\"@id\":\"https:\\\/\\\/discotelsisal.com\\\/fr\\\/#\\\/schema\\\/logo\\\/image\\\/\",\"url\":\"https:\\\/\\\/discotelsisal.com\\\/wp-content\\\/uploads\\\/2021\\\/06\\\/logo-new-resize.png\",\"contentUrl\":\"https:\\\/\\\/discotelsisal.com\\\/wp-content\\\/uploads\\\/2021\\\/06\\\/logo-new-resize.png\",\"width\":644,\"height\":200,\"caption\":\"Discotelsisal\"},\"image\":{\"@id\":\"https:\\\/\\\/discotelsisal.com\\\/fr\\\/#\\\/schema\\\/logo\\\/image\\\/\"}}]}<\/script>\n<!-- \/ Yoast SEO plugin. -->","yoast_head_json":{"title":"RUBANS 3M\u2122 SURFACE CONDITIONING - Discotelsisal","robots":{"index":"index","follow":"follow","max-snippet":"max-snippet:-1","max-image-preview":"max-image-preview:large","max-video-preview":"max-video-preview:-1"},"canonical":"https:\/\/discotelsisal.com\/fr\/product\/rubans-3m-surface-conditioning\/","og_locale":"fr_FR","og_type":"article","og_title":"RUBANS 3M\u2122 SURFACE CONDITIONING - Discotelsisal","og_description":"Les rubans 3M\u2122 Surface Conditioning sont fabriqu\u00e9s \u00e0 partir d'une fibre \u00ab\u00a0non-tiss\u00e9e\u00a0\u00bb, renforc\u00e9e de r\u00e9sine qui r\u00e9siste \u00e0 l'usure et aux ar\u00eates vives lors des op\u00e9rations de nettoyage, d'\u00e9bavurage, de masquage et de finition sur divers m\u00e9taux.  AVANTAGES \u2022 R\u00e9sistants et agressifs avec une vaste gamme de grains \u2022 Support renforc\u00e9 et mat\u00e9riau non tiss\u00e9 \u00e0 tissage ouvert pour une plus grande flexibilit\u00e9 \u2022 Moins de colmatage et d'accumulation de chaleur pour un fonctionnement prolong\u00e9 \u2022 R\u00e9sultats de finition homog\u00e8nes des surfaces trait\u00e9es  APPLICATIONS \u2022 Satinage \u2022 Finition \u2022 \u00c9limination de la calamine \u2022 Masquage \u2022 Utilisables sur les machines \u00e0 colonne \u2022 Utilisables sur les ponceuses \u00e0 bande \u2022 Utilisables sur des machines portables","og_url":"https:\/\/discotelsisal.com\/fr\/product\/rubans-3m-surface-conditioning\/","og_site_name":"Discotelsisal","article_modified_time":"2023-11-22T12:11:06+00:00","og_image":[{"width":563,"height":563,"url":"https:\/\/discotelsisal.com\/wp-content\/uploads\/2021\/07\/03a-NASTRI-3M-SURFACE-CONDITIONING.jpg","type":"image\/jpeg"}],"twitter_card":"summary_large_image","twitter_misc":{"Dur\u00e9e de lecture estim\u00e9e":"1 minute"},"schema":{"@context":"https:\/\/schema.org","@graph":[{"@type":"WebPage","@id":"https:\/\/discotelsisal.com\/fr\/product\/rubans-3m-surface-conditioning\/","url":"https:\/\/discotelsisal.com\/fr\/product\/rubans-3m-surface-conditioning\/","name":"RUBANS 3M\u2122 SURFACE CONDITIONING - Discotelsisal","isPartOf":{"@id":"https:\/\/discotelsisal.com\/fr\/#website"},"primaryImageOfPage":{"@id":"https:\/\/discotelsisal.com\/fr\/product\/rubans-3m-surface-conditioning\/#primaryimage"},"image":{"@id":"https:\/\/discotelsisal.com\/fr\/product\/rubans-3m-surface-conditioning\/#primaryimage"},"thumbnailUrl":"https:\/\/discotelsisal.com\/wp-content\/uploads\/2021\/07\/03a-NASTRI-3M-SURFACE-CONDITIONING.jpg","datePublished":"2023-04-21T09:36:12+00:00","dateModified":"2023-11-22T12:11:06+00:00","breadcrumb":{"@id":"https:\/\/discotelsisal.com\/fr\/product\/rubans-3m-surface-conditioning\/#breadcrumb"},"inLanguage":"fr-FR","potentialAction":[{"@type":"ReadAction","target":["https:\/\/discotelsisal.com\/fr\/product\/rubans-3m-surface-conditioning\/"]}]},{"@type":"ImageObject","inLanguage":"fr-FR","@id":"https:\/\/discotelsisal.com\/fr\/product\/rubans-3m-surface-conditioning\/#primaryimage","url":"https:\/\/discotelsisal.com\/wp-content\/uploads\/2021\/07\/03a-NASTRI-3M-SURFACE-CONDITIONING.jpg","contentUrl":"https:\/\/discotelsisal.com\/wp-content\/uploads\/2021\/07\/03a-NASTRI-3M-SURFACE-CONDITIONING.jpg","width":563,"height":563},{"@type":"BreadcrumbList","@id":"https:\/\/discotelsisal.com\/fr\/product\/rubans-3m-surface-conditioning\/#breadcrumb","itemListElement":[{"@type":"ListItem","position":1,"name":"Home","item":"https:\/\/discotelsisal.com\/fr\/"},{"@type":"ListItem","position":2,"name":"Shop","item":"https:\/\/discotelsisal.com\/?page_id=2671"},{"@type":"ListItem","position":3,"name":"RUBANS 3M\u2122 SURFACE CONDITIONING"}]},{"@type":"WebSite","@id":"https:\/\/discotelsisal.com\/fr\/#website","url":"https:\/\/discotelsisal.com\/fr\/","name":"Discotelsisal","description":"Sanding Solutions","publisher":{"@id":"https:\/\/discotelsisal.com\/fr\/#organization"},"potentialAction":[{"@type":"SearchAction","target":{"@type":"EntryPoint","urlTemplate":"https:\/\/discotelsisal.com\/fr\/?s={search_term_string}"},"query-input":{"@type":"PropertyValueSpecification","valueRequired":true,"valueName":"search_term_string"}}],"inLanguage":"fr-FR"},{"@type":"Organization","@id":"https:\/\/discotelsisal.com\/fr\/#organization","name":"Discotelsisal","url":"https:\/\/discotelsisal.com\/fr\/","logo":{"@type":"ImageObject","inLanguage":"fr-FR","@id":"https:\/\/discotelsisal.com\/fr\/#\/schema\/logo\/image\/","url":"https:\/\/discotelsisal.com\/wp-content\/uploads\/2021\/06\/logo-new-resize.png","contentUrl":"https:\/\/discotelsisal.com\/wp-content\/uploads\/2021\/06\/logo-new-resize.png","width":644,"height":200,"caption":"Discotelsisal"},"image":{"@id":"https:\/\/discotelsisal.com\/fr\/#\/schema\/logo\/image\/"}}]}},"_links":{"self":[{"href":"https:\/\/discotelsisal.com\/fr\/wp-json\/wp\/v2\/product\/12645","targetHints":{"allow":["GET"]}}],"collection":[{"href":"https:\/\/discotelsisal.com\/fr\/wp-json\/wp\/v2\/product"}],"about":[{"href":"https:\/\/discotelsisal.com\/fr\/wp-json\/wp\/v2\/types\/product"}],"wp:featuredmedia":[{"embeddable":true,"href":"https:\/\/discotelsisal.com\/fr\/wp-json\/wp\/v2\/media\/11970"}],"wp:attachment":[{"href":"https:\/\/discotelsisal.com\/fr\/wp-json\/wp\/v2\/media?parent=12645"}],"wp:term":[{"taxonomy":"product_brand","embeddable":true,"href":"https:\/\/discotelsisal.com\/fr\/wp-json\/wp\/v2\/product_brand?post=12645"},{"taxonomy":"product_cat","embeddable":true,"href":"https:\/\/discotelsisal.com\/fr\/wp-json\/wp\/v2\/product_cat?post=12645"},{"taxonomy":"product_tag","embeddable":true,"href":"https:\/\/discotelsisal.com\/fr\/wp-json\/wp\/v2\/product_tag?post=12645"}],"curies":[{"name":"wp","href":"https:\/\/api.w.org\/{rel}","templated":true}]}}