{"id":12615,"date":"2023-04-21T08:27:18","date_gmt":"2023-04-21T08:27:18","guid":{"rendered":"https:\/\/discotelsisal.com\/product\/disque-ventile-tnt-%e2%88%85960\/"},"modified":"2023-11-06T14:45:40","modified_gmt":"2023-11-06T14:45:40","slug":"disques-ventiles-en-nwf-%e2%88%85-960","status":"publish","type":"product","link":"https:\/\/discotelsisal.com\/fr\/product\/disques-ventiles-en-nwf-%e2%88%85-960\/","title":{"rendered":"DISQUES VENTIL\u00c9S EN NWF \u2205 960"},"content":{"rendered":"<div class=\"wpb-content-wrapper\"><p>[vc_row disable_background_image=\u00a0\u00bb\u00a0\u00bb][vc_column]<div class=\"mkdf-accordion-holder mkdf-ac-default  mkdf-toggle mkdf-ac-boxed  clearfix\">\n\t<h5 class=\"mkdf-accordion-title\">\n    <span class=\"mkdf-accordion-mark\">\n\t\t<span class=\"mkdf_icon_plus icon_plus\"><\/span>\n\t\t<span class=\"mkdf_icon_minus icon_minus-06\"><\/span>\n\t<\/span>\n\t<span class=\"mkdf-tab-title\">Fiche technique<\/span>\n<\/h5>\n<div class=\"mkdf-accordion-content\">\n\t<div class=\"mkdf-accordion-content-inner\">\n\t\t<div class=\"mkdf-elements-holder   mkdf-one-column  mkdf-responsive-mode-768 \" ><div class=\"mkdf-eh-item    \"  data-item-class=\"mkdf-eh-custom-3755\">\n\t<div class=\"mkdf-eh-item-inner\">\n\t\t<div class=\"mkdf-eh-item-content mkdf-eh-custom-3755\" style=\"padding: 0px 0px 10px 0px\">\n\t\t\t<a itemprop=\"url\" href=\"https:\/\/discotelsisal.com\/wp-content\/uploads\/2021\/07\/DISCO-VENTILATO-TNT-960.jpg\" target=\"_blank\" style=\"color: #056133;border-color: #056133\" class=\"mkdf-btn mkdf-btn-medium mkdf-btn-outline\"  >\n            <span class=\"mkdf-btn-text\">Data Sheet NWF VENTILATED DISC \u2205 960<\/span>\n        <i class=\"mkdf-icon-dripicons dripicon  \" ><\/i>    <\/a>\t\t<\/div>\n\t<\/div>\n<\/div><\/div>\t<\/div>\n<\/div><h5 class=\"mkdf-accordion-title\">\n    <span class=\"mkdf-accordion-mark\">\n\t\t<span class=\"mkdf_icon_plus icon_plus\"><\/span>\n\t\t<span class=\"mkdf_icon_minus icon_minus-06\"><\/span>\n\t<\/span>\n\t<span class=\"mkdf-tab-title\">Fiches de donn\u00e9es de s\u00e9curit\u00e9<\/span>\n<\/h5>\n<div class=\"mkdf-accordion-content\">\n\t<div class=\"mkdf-accordion-content-inner\">\n\t\t<div class=\"mkdf-elements-holder   mkdf-one-column  mkdf-responsive-mode-768 \" ><div class=\"mkdf-eh-item    \"  data-item-class=\"mkdf-eh-custom-9626\">\n\t<div class=\"mkdf-eh-item-inner\">\n\t\t<div class=\"mkdf-eh-item-content mkdf-eh-custom-9626\" >\n\t\t\t<a itemprop=\"url\" href=\"https:\/\/discotelsisal.com\/wp-content\/uploads\/2023\/11\/DISCOTELSISAL-MSDS-VW-NWF-A-O-960-ENG.pdf\" target=\"_blank\" style=\"color: #056133;border-color: #056133\" class=\"mkdf-btn mkdf-btn-medium mkdf-btn-outline\"  >\n            <span class=\"mkdf-btn-text\">Safety Data Sheet MSDS - VW-NWF AF \u00d8 960<\/span>\n        <i class=\"mkdf-icon-dripicons dripicon  \" ><\/i>    <\/a>\t\t<\/div>\n\t<\/div>\n<\/div><\/div>[vc_empty_space height=\u00a0\u00bb10px\u00a0\u00bb]<div class=\"mkdf-elements-holder   mkdf-one-column  mkdf-responsive-mode-768 \" ><div class=\"mkdf-eh-item    \"  data-item-class=\"mkdf-eh-custom-5070\">\n\t<div class=\"mkdf-eh-item-inner\">\n\t\t<div class=\"mkdf-eh-item-content mkdf-eh-custom-5070\" >\n\t\t\t<a itemprop=\"url\" href=\"https:\/\/discotelsisal.com\/wp-content\/uploads\/2023\/11\/DISCOTELSISAL-MSDS-VW-NWF-S-O-960-ENG.pdf\" target=\"_blank\" style=\"color: #056133;border-color: #056133\" class=\"mkdf-btn mkdf-btn-medium mkdf-btn-outline\"  >\n            <span class=\"mkdf-btn-text\">Safety Data Sheet MSDS - VW-NWF SF \u00d8 960<\/span>\n        <i class=\"mkdf-icon-dripicons dripicon  \" ><\/i>    <\/a>\t\t<\/div>\n\t<\/div>\n<\/div><\/div>\t<\/div>\n<\/div><\/div>[\/vc_column][\/vc_row]<\/p>\n<\/div>","protected":false},"excerpt":{"rendered":"<p>Disques ventil\u00e9s en NWF \u00d8 960 utilis\u00e9s sur les robots anthropomorphes, disponibles en oxyde d&rsquo;aluminium et carbure de silicium.<\/p>\n<p><strong>APPLICATIONS<\/strong><br \/>\n\u2022 Satinage des m\u00e9taux en g\u00e9n\u00e9ral<br \/>\n\u2022 Masquage des m\u00e9taux en g\u00e9n\u00e9ral<\/p>\n","protected":false},"featured_media":11827,"template":"","meta":[],"product_brand":[],"product_cat":[634],"product_tag":[612,635],"class_list":{"0":"post-12615","1":"product","2":"type-product","3":"status-publish","4":"has-post-thumbnail","6":"product_cat-roues-ventilees-et-disques-ondules","7":"product_tag-discotelsisal-fr","8":"product_tag-roues-ventilees-et-disques-ondules","10":"first","11":"instock","12":"shipping-taxable","13":"product-type-simple"},"yoast_head":"<!-- This site is optimized with the Yoast SEO plugin v27.3 - https:\/\/yoast.com\/product\/yoast-seo-wordpress\/ -->\n<title>DISQUES VENTIL\u00c9S EN NWF \u2205 960 - Discotelsisal<\/title>\n<meta name=\"robots\" content=\"index, follow, max-snippet:-1, max-image-preview:large, max-video-preview:-1\" \/>\n<link rel=\"canonical\" href=\"https:\/\/discotelsisal.com\/fr\/product\/disques-ventiles-en-nwf-%e2%88%85-960\/\" \/>\n<meta property=\"og:locale\" content=\"fr_FR\" \/>\n<meta property=\"og:type\" content=\"article\" \/>\n<meta property=\"og:title\" content=\"DISQUES VENTIL\u00c9S EN NWF \u2205 960 - Discotelsisal\" \/>\n<meta property=\"og:description\" content=\"Disques ventil\u00e9s en NWF \u00d8 960 utilis\u00e9s sur les robots anthropomorphes, disponibles en oxyde d&#039;aluminium et carbure de silicium.  APPLICATIONS \u2022 Satinage des m\u00e9taux en g\u00e9n\u00e9ral \u2022 Masquage des m\u00e9taux en g\u00e9n\u00e9ral\" \/>\n<meta property=\"og:url\" content=\"https:\/\/discotelsisal.com\/fr\/product\/disques-ventiles-en-nwf-%e2%88%85-960\/\" \/>\n<meta property=\"og:site_name\" content=\"Discotelsisal\" \/>\n<meta property=\"article:modified_time\" content=\"2023-11-06T14:45:40+00:00\" \/>\n<meta property=\"og:image\" content=\"https:\/\/discotelsisal.com\/wp-content\/uploads\/2021\/07\/04a-DISCO-PLISSETTATO-TNT-D.-960-mm.jpg\" \/>\n\t<meta property=\"og:image:width\" content=\"1169\" \/>\n\t<meta property=\"og:image:height\" content=\"1169\" \/>\n\t<meta property=\"og:image:type\" content=\"image\/jpeg\" \/>\n<meta name=\"twitter:card\" content=\"summary_large_image\" \/>\n<meta name=\"twitter:label1\" content=\"Dur\u00e9e de lecture estim\u00e9e\" \/>\n\t<meta name=\"twitter:data1\" content=\"1 minute\" \/>\n<script type=\"application\/ld+json\" class=\"yoast-schema-graph\">{\"@context\":\"https:\\\/\\\/schema.org\",\"@graph\":[{\"@type\":\"WebPage\",\"@id\":\"https:\\\/\\\/discotelsisal.com\\\/fr\\\/product\\\/disques-ventiles-en-nwf-%e2%88%85-960\\\/\",\"url\":\"https:\\\/\\\/discotelsisal.com\\\/fr\\\/product\\\/disques-ventiles-en-nwf-%e2%88%85-960\\\/\",\"name\":\"DISQUES VENTIL\u00c9S EN NWF \u2205 960 - Discotelsisal\",\"isPartOf\":{\"@id\":\"https:\\\/\\\/discotelsisal.com\\\/fr\\\/#website\"},\"primaryImageOfPage\":{\"@id\":\"https:\\\/\\\/discotelsisal.com\\\/fr\\\/product\\\/disques-ventiles-en-nwf-%e2%88%85-960\\\/#primaryimage\"},\"image\":{\"@id\":\"https:\\\/\\\/discotelsisal.com\\\/fr\\\/product\\\/disques-ventiles-en-nwf-%e2%88%85-960\\\/#primaryimage\"},\"thumbnailUrl\":\"https:\\\/\\\/discotelsisal.com\\\/wp-content\\\/uploads\\\/2021\\\/07\\\/04a-DISCO-PLISSETTATO-TNT-D.-960-mm.jpg\",\"datePublished\":\"2023-04-21T08:27:18+00:00\",\"dateModified\":\"2023-11-06T14:45:40+00:00\",\"breadcrumb\":{\"@id\":\"https:\\\/\\\/discotelsisal.com\\\/fr\\\/product\\\/disques-ventiles-en-nwf-%e2%88%85-960\\\/#breadcrumb\"},\"inLanguage\":\"fr-FR\",\"potentialAction\":[{\"@type\":\"ReadAction\",\"target\":[\"https:\\\/\\\/discotelsisal.com\\\/fr\\\/product\\\/disques-ventiles-en-nwf-%e2%88%85-960\\\/\"]}]},{\"@type\":\"ImageObject\",\"inLanguage\":\"fr-FR\",\"@id\":\"https:\\\/\\\/discotelsisal.com\\\/fr\\\/product\\\/disques-ventiles-en-nwf-%e2%88%85-960\\\/#primaryimage\",\"url\":\"https:\\\/\\\/discotelsisal.com\\\/wp-content\\\/uploads\\\/2021\\\/07\\\/04a-DISCO-PLISSETTATO-TNT-D.-960-mm.jpg\",\"contentUrl\":\"https:\\\/\\\/discotelsisal.com\\\/wp-content\\\/uploads\\\/2021\\\/07\\\/04a-DISCO-PLISSETTATO-TNT-D.-960-mm.jpg\",\"width\":1169,\"height\":1169},{\"@type\":\"BreadcrumbList\",\"@id\":\"https:\\\/\\\/discotelsisal.com\\\/fr\\\/product\\\/disques-ventiles-en-nwf-%e2%88%85-960\\\/#breadcrumb\",\"itemListElement\":[{\"@type\":\"ListItem\",\"position\":1,\"name\":\"Home\",\"item\":\"https:\\\/\\\/discotelsisal.com\\\/fr\\\/\"},{\"@type\":\"ListItem\",\"position\":2,\"name\":\"Shop\",\"item\":\"https:\\\/\\\/discotelsisal.com\\\/?page_id=2671\"},{\"@type\":\"ListItem\",\"position\":3,\"name\":\"DISQUES VENTIL\u00c9S EN NWF \u2205 960\"}]},{\"@type\":\"WebSite\",\"@id\":\"https:\\\/\\\/discotelsisal.com\\\/fr\\\/#website\",\"url\":\"https:\\\/\\\/discotelsisal.com\\\/fr\\\/\",\"name\":\"Discotelsisal\",\"description\":\"Sanding Solutions\",\"publisher\":{\"@id\":\"https:\\\/\\\/discotelsisal.com\\\/fr\\\/#organization\"},\"potentialAction\":[{\"@type\":\"SearchAction\",\"target\":{\"@type\":\"EntryPoint\",\"urlTemplate\":\"https:\\\/\\\/discotelsisal.com\\\/fr\\\/?s={search_term_string}\"},\"query-input\":{\"@type\":\"PropertyValueSpecification\",\"valueRequired\":true,\"valueName\":\"search_term_string\"}}],\"inLanguage\":\"fr-FR\"},{\"@type\":\"Organization\",\"@id\":\"https:\\\/\\\/discotelsisal.com\\\/fr\\\/#organization\",\"name\":\"Discotelsisal\",\"url\":\"https:\\\/\\\/discotelsisal.com\\\/fr\\\/\",\"logo\":{\"@type\":\"ImageObject\",\"inLanguage\":\"fr-FR\",\"@id\":\"https:\\\/\\\/discotelsisal.com\\\/fr\\\/#\\\/schema\\\/logo\\\/image\\\/\",\"url\":\"https:\\\/\\\/discotelsisal.com\\\/wp-content\\\/uploads\\\/2021\\\/06\\\/logo-new-resize.png\",\"contentUrl\":\"https:\\\/\\\/discotelsisal.com\\\/wp-content\\\/uploads\\\/2021\\\/06\\\/logo-new-resize.png\",\"width\":644,\"height\":200,\"caption\":\"Discotelsisal\"},\"image\":{\"@id\":\"https:\\\/\\\/discotelsisal.com\\\/fr\\\/#\\\/schema\\\/logo\\\/image\\\/\"}}]}<\/script>\n<!-- \/ Yoast SEO plugin. -->","yoast_head_json":{"title":"DISQUES VENTIL\u00c9S EN NWF \u2205 960 - Discotelsisal","robots":{"index":"index","follow":"follow","max-snippet":"max-snippet:-1","max-image-preview":"max-image-preview:large","max-video-preview":"max-video-preview:-1"},"canonical":"https:\/\/discotelsisal.com\/fr\/product\/disques-ventiles-en-nwf-%e2%88%85-960\/","og_locale":"fr_FR","og_type":"article","og_title":"DISQUES VENTIL\u00c9S EN NWF \u2205 960 - Discotelsisal","og_description":"Disques ventil\u00e9s en NWF \u00d8 960 utilis\u00e9s sur les robots anthropomorphes, disponibles en oxyde d'aluminium et carbure de silicium.  APPLICATIONS \u2022 Satinage des m\u00e9taux en g\u00e9n\u00e9ral \u2022 Masquage des m\u00e9taux en g\u00e9n\u00e9ral","og_url":"https:\/\/discotelsisal.com\/fr\/product\/disques-ventiles-en-nwf-%e2%88%85-960\/","og_site_name":"Discotelsisal","article_modified_time":"2023-11-06T14:45:40+00:00","og_image":[{"width":1169,"height":1169,"url":"https:\/\/discotelsisal.com\/wp-content\/uploads\/2021\/07\/04a-DISCO-PLISSETTATO-TNT-D.-960-mm.jpg","type":"image\/jpeg"}],"twitter_card":"summary_large_image","twitter_misc":{"Dur\u00e9e de lecture estim\u00e9e":"1 minute"},"schema":{"@context":"https:\/\/schema.org","@graph":[{"@type":"WebPage","@id":"https:\/\/discotelsisal.com\/fr\/product\/disques-ventiles-en-nwf-%e2%88%85-960\/","url":"https:\/\/discotelsisal.com\/fr\/product\/disques-ventiles-en-nwf-%e2%88%85-960\/","name":"DISQUES VENTIL\u00c9S EN NWF \u2205 960 - Discotelsisal","isPartOf":{"@id":"https:\/\/discotelsisal.com\/fr\/#website"},"primaryImageOfPage":{"@id":"https:\/\/discotelsisal.com\/fr\/product\/disques-ventiles-en-nwf-%e2%88%85-960\/#primaryimage"},"image":{"@id":"https:\/\/discotelsisal.com\/fr\/product\/disques-ventiles-en-nwf-%e2%88%85-960\/#primaryimage"},"thumbnailUrl":"https:\/\/discotelsisal.com\/wp-content\/uploads\/2021\/07\/04a-DISCO-PLISSETTATO-TNT-D.-960-mm.jpg","datePublished":"2023-04-21T08:27:18+00:00","dateModified":"2023-11-06T14:45:40+00:00","breadcrumb":{"@id":"https:\/\/discotelsisal.com\/fr\/product\/disques-ventiles-en-nwf-%e2%88%85-960\/#breadcrumb"},"inLanguage":"fr-FR","potentialAction":[{"@type":"ReadAction","target":["https:\/\/discotelsisal.com\/fr\/product\/disques-ventiles-en-nwf-%e2%88%85-960\/"]}]},{"@type":"ImageObject","inLanguage":"fr-FR","@id":"https:\/\/discotelsisal.com\/fr\/product\/disques-ventiles-en-nwf-%e2%88%85-960\/#primaryimage","url":"https:\/\/discotelsisal.com\/wp-content\/uploads\/2021\/07\/04a-DISCO-PLISSETTATO-TNT-D.-960-mm.jpg","contentUrl":"https:\/\/discotelsisal.com\/wp-content\/uploads\/2021\/07\/04a-DISCO-PLISSETTATO-TNT-D.-960-mm.jpg","width":1169,"height":1169},{"@type":"BreadcrumbList","@id":"https:\/\/discotelsisal.com\/fr\/product\/disques-ventiles-en-nwf-%e2%88%85-960\/#breadcrumb","itemListElement":[{"@type":"ListItem","position":1,"name":"Home","item":"https:\/\/discotelsisal.com\/fr\/"},{"@type":"ListItem","position":2,"name":"Shop","item":"https:\/\/discotelsisal.com\/?page_id=2671"},{"@type":"ListItem","position":3,"name":"DISQUES VENTIL\u00c9S EN NWF \u2205 960"}]},{"@type":"WebSite","@id":"https:\/\/discotelsisal.com\/fr\/#website","url":"https:\/\/discotelsisal.com\/fr\/","name":"Discotelsisal","description":"Sanding Solutions","publisher":{"@id":"https:\/\/discotelsisal.com\/fr\/#organization"},"potentialAction":[{"@type":"SearchAction","target":{"@type":"EntryPoint","urlTemplate":"https:\/\/discotelsisal.com\/fr\/?s={search_term_string}"},"query-input":{"@type":"PropertyValueSpecification","valueRequired":true,"valueName":"search_term_string"}}],"inLanguage":"fr-FR"},{"@type":"Organization","@id":"https:\/\/discotelsisal.com\/fr\/#organization","name":"Discotelsisal","url":"https:\/\/discotelsisal.com\/fr\/","logo":{"@type":"ImageObject","inLanguage":"fr-FR","@id":"https:\/\/discotelsisal.com\/fr\/#\/schema\/logo\/image\/","url":"https:\/\/discotelsisal.com\/wp-content\/uploads\/2021\/06\/logo-new-resize.png","contentUrl":"https:\/\/discotelsisal.com\/wp-content\/uploads\/2021\/06\/logo-new-resize.png","width":644,"height":200,"caption":"Discotelsisal"},"image":{"@id":"https:\/\/discotelsisal.com\/fr\/#\/schema\/logo\/image\/"}}]}},"_links":{"self":[{"href":"https:\/\/discotelsisal.com\/fr\/wp-json\/wp\/v2\/product\/12615","targetHints":{"allow":["GET"]}}],"collection":[{"href":"https:\/\/discotelsisal.com\/fr\/wp-json\/wp\/v2\/product"}],"about":[{"href":"https:\/\/discotelsisal.com\/fr\/wp-json\/wp\/v2\/types\/product"}],"wp:featuredmedia":[{"embeddable":true,"href":"https:\/\/discotelsisal.com\/fr\/wp-json\/wp\/v2\/media\/11827"}],"wp:attachment":[{"href":"https:\/\/discotelsisal.com\/fr\/wp-json\/wp\/v2\/media?parent=12615"}],"wp:term":[{"taxonomy":"product_brand","embeddable":true,"href":"https:\/\/discotelsisal.com\/fr\/wp-json\/wp\/v2\/product_brand?post=12615"},{"taxonomy":"product_cat","embeddable":true,"href":"https:\/\/discotelsisal.com\/fr\/wp-json\/wp\/v2\/product_cat?post=12615"},{"taxonomy":"product_tag","embeddable":true,"href":"https:\/\/discotelsisal.com\/fr\/wp-json\/wp\/v2\/product_tag?post=12615"}],"curies":[{"name":"wp","href":"https:\/\/api.w.org\/{rel}","templated":true}]}}