{"id":12598,"date":"2023-04-21T08:00:18","date_gmt":"2023-04-21T08:00:18","guid":{"rendered":"https:\/\/discotelsisal.com\/product\/disques-un-xl\/"},"modified":"2023-10-26T07:52:43","modified_gmt":"2023-10-26T07:52:43","slug":"disques-compresses-ud-xl","status":"publish","type":"product","link":"https:\/\/discotelsisal.com\/fr\/product\/disques-compresses-ud-xl\/","title":{"rendered":"DISQUES COMPRESS\u00c9S UD-XL"},"content":{"rendered":"<div class=\"wpb-content-wrapper\"><p>[vc_row disable_background_image=\u00a0\u00bb\u00a0\u00bb][vc_column]<div class=\"mkdf-accordion-holder mkdf-ac-default  mkdf-toggle mkdf-ac-boxed  clearfix\">\n\t<h5 class=\"mkdf-accordion-title\">\n    <span class=\"mkdf-accordion-mark\">\n\t\t<span class=\"mkdf_icon_plus icon_plus\"><\/span>\n\t\t<span class=\"mkdf_icon_minus icon_minus-06\"><\/span>\n\t<\/span>\n\t<span class=\"mkdf-tab-title\">Fiche technique<\/span>\n<\/h5>\n<div class=\"mkdf-accordion-content\">\n\t<div class=\"mkdf-accordion-content-inner\">\n\t\t<div class=\"mkdf-elements-holder   mkdf-one-column  mkdf-responsive-mode-768 \" ><div class=\"mkdf-eh-item    \"  data-item-class=\"mkdf-eh-custom-1750\">\n\t<div class=\"mkdf-eh-item-inner\">\n\t\t<div class=\"mkdf-eh-item-content mkdf-eh-custom-1750\" >\n\t\t\t<a itemprop=\"url\" href=\"https:\/\/discotelsisal.com\/wp-content\/uploads\/2021\/07\/DISCHI-E-LASTRE-UN-XL.jpg\" target=\"_blank\" style=\"color: #056133;border-color: #056133\" class=\"mkdf-btn mkdf-btn-medium mkdf-btn-outline\"  >\n            <span class=\"mkdf-btn-text\">Data Sheet UNITIZED DISCS UD-XL<\/span>\n        <i class=\"mkdf-icon-dripicons dripicon  \" ><\/i>    <\/a>\t\t<\/div>\n\t<\/div>\n<\/div><\/div>\t<\/div>\n<\/div><h5 class=\"mkdf-accordion-title\">\n    <span class=\"mkdf-accordion-mark\">\n\t\t<span class=\"mkdf_icon_plus icon_plus\"><\/span>\n\t\t<span class=\"mkdf_icon_minus icon_minus-06\"><\/span>\n\t<\/span>\n\t<span class=\"mkdf-tab-title\">Fiches de donn\u00e9es de s\u00e9curit\u00e9<\/span>\n<\/h5>\n<div class=\"mkdf-accordion-content\">\n\t<div class=\"mkdf-accordion-content-inner\">\n\t\t<div class=\"mkdf-elements-holder   mkdf-one-column  mkdf-responsive-mode-768 \" ><div class=\"mkdf-eh-item    \"  data-item-class=\"mkdf-eh-custom-1017\">\n\t<div class=\"mkdf-eh-item-inner\">\n\t\t<div class=\"mkdf-eh-item-content mkdf-eh-custom-1017\" >\n\t\t\t<a itemprop=\"url\" href=\"https:\/\/discotelsisal.com\/wp-content\/uploads\/2023\/10\/DISCOTELSISAL-MSDS-UD-XL-A-ENG.pdf\" target=\"_blank\" style=\"color: #056133;border-color: #056133\" class=\"mkdf-btn mkdf-btn-medium mkdf-btn-outline\"  >\n            <span class=\"mkdf-btn-text\">Safety Data Sheet MSDS - UD-XL A<\/span>\n        <i class=\"mkdf-icon-dripicons dripicon  \" ><\/i>    <\/a>\t\t<\/div>\n\t<\/div>\n<\/div><\/div>[vc_empty_space height=\u00a0\u00bb10px\u00a0\u00bb]<div class=\"mkdf-elements-holder   mkdf-one-column  mkdf-responsive-mode-768 \" ><div class=\"mkdf-eh-item    \"  data-item-class=\"mkdf-eh-custom-3717\">\n\t<div class=\"mkdf-eh-item-inner\">\n\t\t<div class=\"mkdf-eh-item-content mkdf-eh-custom-3717\" >\n\t\t\t<a itemprop=\"url\" href=\"https:\/\/discotelsisal.com\/wp-content\/uploads\/2023\/10\/DISCOTELSISAL-MSDS-UD-XL-S-ENG.pdf\" target=\"_blank\" style=\"color: #056133;border-color: #056133\" class=\"mkdf-btn mkdf-btn-medium mkdf-btn-outline\"  >\n            <span class=\"mkdf-btn-text\">Safety Data Sheet MSDS - UD-XL S<\/span>\n        <i class=\"mkdf-icon-dripicons dripicon  \" ><\/i>    <\/a>\t\t<\/div>\n\t<\/div>\n<\/div><\/div>\t<\/div>\n<\/div><\/div>[\/vc_column][\/vc_row]<\/p>\n<\/div>","protected":false},"excerpt":{"rendered":"<p>Ces disques sont utilis\u00e9s pour les op\u00e9rations d&rsquo;\u00e9bavurage et de polissage moyennes et lourdes.<\/p>\n<p><strong>APPLICATIONS<\/strong><br \/>\n\u2022 Op\u00e9rations de micro-\u00e9bavurage moyennes \u00e0 lourdes<br \/>\n\u2022 Nettoyage et \u00e9limination des soudures<br \/>\n\u2022 Polissage de moules, d&rsquo;instruments chirurgicaux et d&rsquo;aubes de turbine<br \/>\n\u2022 Polissage de pi\u00e8ces pour le secteur automobile<\/p>\n","protected":false},"featured_media":11803,"template":"","meta":[],"product_brand":[],"product_cat":[628],"product_tag":[612,629],"class_list":{"0":"post-12598","1":"product","2":"type-product","3":"status-publish","4":"has-post-thumbnail","6":"product_cat-disques-et-plaques-compresses","7":"product_tag-discotelsisal-fr","8":"product_tag-disques-et-plaques-unitises","10":"first","11":"instock","12":"shipping-taxable","13":"product-type-simple"},"yoast_head":"<!-- This site is optimized with the Yoast SEO plugin v27.3 - https:\/\/yoast.com\/product\/yoast-seo-wordpress\/ -->\n<title>DISQUES COMPRESS\u00c9S UD-XL - Discotelsisal<\/title>\n<meta name=\"robots\" content=\"index, follow, max-snippet:-1, max-image-preview:large, max-video-preview:-1\" \/>\n<link rel=\"canonical\" href=\"https:\/\/discotelsisal.com\/fr\/product\/disques-compresses-ud-xl\/\" \/>\n<meta property=\"og:locale\" content=\"fr_FR\" \/>\n<meta property=\"og:type\" content=\"article\" \/>\n<meta property=\"og:title\" content=\"DISQUES COMPRESS\u00c9S UD-XL - Discotelsisal\" \/>\n<meta property=\"og:description\" content=\"Ces disques sont utilis\u00e9s pour les op\u00e9rations d&#039;\u00e9bavurage et de polissage moyennes et lourdes.  APPLICATIONS \u2022 Op\u00e9rations de micro-\u00e9bavurage moyennes \u00e0 lourdes \u2022 Nettoyage et \u00e9limination des soudures \u2022 Polissage de moules, d&#039;instruments chirurgicaux et d&#039;aubes de turbine \u2022 Polissage de pi\u00e8ces pour le secteur automobile\" \/>\n<meta property=\"og:url\" content=\"https:\/\/discotelsisal.com\/fr\/product\/disques-compresses-ud-xl\/\" \/>\n<meta property=\"og:site_name\" content=\"Discotelsisal\" \/>\n<meta property=\"article:modified_time\" content=\"2023-10-26T07:52:43+00:00\" \/>\n<meta property=\"og:image\" content=\"https:\/\/discotelsisal.com\/wp-content\/uploads\/2021\/07\/03b-DISCHI-UN-XL.jpg\" \/>\n\t<meta property=\"og:image:width\" content=\"1000\" \/>\n\t<meta property=\"og:image:height\" content=\"1000\" \/>\n\t<meta property=\"og:image:type\" content=\"image\/jpeg\" \/>\n<meta name=\"twitter:card\" content=\"summary_large_image\" \/>\n<meta name=\"twitter:label1\" content=\"Dur\u00e9e de lecture estim\u00e9e\" \/>\n\t<meta name=\"twitter:data1\" content=\"1 minute\" \/>\n<script type=\"application\/ld+json\" class=\"yoast-schema-graph\">{\"@context\":\"https:\\\/\\\/schema.org\",\"@graph\":[{\"@type\":\"WebPage\",\"@id\":\"https:\\\/\\\/discotelsisal.com\\\/fr\\\/product\\\/disques-compresses-ud-xl\\\/\",\"url\":\"https:\\\/\\\/discotelsisal.com\\\/fr\\\/product\\\/disques-compresses-ud-xl\\\/\",\"name\":\"DISQUES COMPRESS\u00c9S UD-XL - Discotelsisal\",\"isPartOf\":{\"@id\":\"https:\\\/\\\/discotelsisal.com\\\/fr\\\/#website\"},\"primaryImageOfPage\":{\"@id\":\"https:\\\/\\\/discotelsisal.com\\\/fr\\\/product\\\/disques-compresses-ud-xl\\\/#primaryimage\"},\"image\":{\"@id\":\"https:\\\/\\\/discotelsisal.com\\\/fr\\\/product\\\/disques-compresses-ud-xl\\\/#primaryimage\"},\"thumbnailUrl\":\"https:\\\/\\\/discotelsisal.com\\\/wp-content\\\/uploads\\\/2021\\\/07\\\/03b-DISCHI-UN-XL.jpg\",\"datePublished\":\"2023-04-21T08:00:18+00:00\",\"dateModified\":\"2023-10-26T07:52:43+00:00\",\"breadcrumb\":{\"@id\":\"https:\\\/\\\/discotelsisal.com\\\/fr\\\/product\\\/disques-compresses-ud-xl\\\/#breadcrumb\"},\"inLanguage\":\"fr-FR\",\"potentialAction\":[{\"@type\":\"ReadAction\",\"target\":[\"https:\\\/\\\/discotelsisal.com\\\/fr\\\/product\\\/disques-compresses-ud-xl\\\/\"]}]},{\"@type\":\"ImageObject\",\"inLanguage\":\"fr-FR\",\"@id\":\"https:\\\/\\\/discotelsisal.com\\\/fr\\\/product\\\/disques-compresses-ud-xl\\\/#primaryimage\",\"url\":\"https:\\\/\\\/discotelsisal.com\\\/wp-content\\\/uploads\\\/2021\\\/07\\\/03b-DISCHI-UN-XL.jpg\",\"contentUrl\":\"https:\\\/\\\/discotelsisal.com\\\/wp-content\\\/uploads\\\/2021\\\/07\\\/03b-DISCHI-UN-XL.jpg\",\"width\":1000,\"height\":1000},{\"@type\":\"BreadcrumbList\",\"@id\":\"https:\\\/\\\/discotelsisal.com\\\/fr\\\/product\\\/disques-compresses-ud-xl\\\/#breadcrumb\",\"itemListElement\":[{\"@type\":\"ListItem\",\"position\":1,\"name\":\"Home\",\"item\":\"https:\\\/\\\/discotelsisal.com\\\/fr\\\/\"},{\"@type\":\"ListItem\",\"position\":2,\"name\":\"Shop\",\"item\":\"https:\\\/\\\/discotelsisal.com\\\/?page_id=2671\"},{\"@type\":\"ListItem\",\"position\":3,\"name\":\"DISQUES COMPRESS\u00c9S UD-XL\"}]},{\"@type\":\"WebSite\",\"@id\":\"https:\\\/\\\/discotelsisal.com\\\/fr\\\/#website\",\"url\":\"https:\\\/\\\/discotelsisal.com\\\/fr\\\/\",\"name\":\"Discotelsisal\",\"description\":\"Sanding Solutions\",\"publisher\":{\"@id\":\"https:\\\/\\\/discotelsisal.com\\\/fr\\\/#organization\"},\"potentialAction\":[{\"@type\":\"SearchAction\",\"target\":{\"@type\":\"EntryPoint\",\"urlTemplate\":\"https:\\\/\\\/discotelsisal.com\\\/fr\\\/?s={search_term_string}\"},\"query-input\":{\"@type\":\"PropertyValueSpecification\",\"valueRequired\":true,\"valueName\":\"search_term_string\"}}],\"inLanguage\":\"fr-FR\"},{\"@type\":\"Organization\",\"@id\":\"https:\\\/\\\/discotelsisal.com\\\/fr\\\/#organization\",\"name\":\"Discotelsisal\",\"url\":\"https:\\\/\\\/discotelsisal.com\\\/fr\\\/\",\"logo\":{\"@type\":\"ImageObject\",\"inLanguage\":\"fr-FR\",\"@id\":\"https:\\\/\\\/discotelsisal.com\\\/fr\\\/#\\\/schema\\\/logo\\\/image\\\/\",\"url\":\"https:\\\/\\\/discotelsisal.com\\\/wp-content\\\/uploads\\\/2021\\\/06\\\/logo-new-resize.png\",\"contentUrl\":\"https:\\\/\\\/discotelsisal.com\\\/wp-content\\\/uploads\\\/2021\\\/06\\\/logo-new-resize.png\",\"width\":644,\"height\":200,\"caption\":\"Discotelsisal\"},\"image\":{\"@id\":\"https:\\\/\\\/discotelsisal.com\\\/fr\\\/#\\\/schema\\\/logo\\\/image\\\/\"}}]}<\/script>\n<!-- \/ Yoast SEO plugin. -->","yoast_head_json":{"title":"DISQUES COMPRESS\u00c9S UD-XL - Discotelsisal","robots":{"index":"index","follow":"follow","max-snippet":"max-snippet:-1","max-image-preview":"max-image-preview:large","max-video-preview":"max-video-preview:-1"},"canonical":"https:\/\/discotelsisal.com\/fr\/product\/disques-compresses-ud-xl\/","og_locale":"fr_FR","og_type":"article","og_title":"DISQUES COMPRESS\u00c9S UD-XL - Discotelsisal","og_description":"Ces disques sont utilis\u00e9s pour les op\u00e9rations d'\u00e9bavurage et de polissage moyennes et lourdes.  APPLICATIONS \u2022 Op\u00e9rations de micro-\u00e9bavurage moyennes \u00e0 lourdes \u2022 Nettoyage et \u00e9limination des soudures \u2022 Polissage de moules, d'instruments chirurgicaux et d'aubes de turbine \u2022 Polissage de pi\u00e8ces pour le secteur automobile","og_url":"https:\/\/discotelsisal.com\/fr\/product\/disques-compresses-ud-xl\/","og_site_name":"Discotelsisal","article_modified_time":"2023-10-26T07:52:43+00:00","og_image":[{"width":1000,"height":1000,"url":"https:\/\/discotelsisal.com\/wp-content\/uploads\/2021\/07\/03b-DISCHI-UN-XL.jpg","type":"image\/jpeg"}],"twitter_card":"summary_large_image","twitter_misc":{"Dur\u00e9e de lecture estim\u00e9e":"1 minute"},"schema":{"@context":"https:\/\/schema.org","@graph":[{"@type":"WebPage","@id":"https:\/\/discotelsisal.com\/fr\/product\/disques-compresses-ud-xl\/","url":"https:\/\/discotelsisal.com\/fr\/product\/disques-compresses-ud-xl\/","name":"DISQUES COMPRESS\u00c9S UD-XL - Discotelsisal","isPartOf":{"@id":"https:\/\/discotelsisal.com\/fr\/#website"},"primaryImageOfPage":{"@id":"https:\/\/discotelsisal.com\/fr\/product\/disques-compresses-ud-xl\/#primaryimage"},"image":{"@id":"https:\/\/discotelsisal.com\/fr\/product\/disques-compresses-ud-xl\/#primaryimage"},"thumbnailUrl":"https:\/\/discotelsisal.com\/wp-content\/uploads\/2021\/07\/03b-DISCHI-UN-XL.jpg","datePublished":"2023-04-21T08:00:18+00:00","dateModified":"2023-10-26T07:52:43+00:00","breadcrumb":{"@id":"https:\/\/discotelsisal.com\/fr\/product\/disques-compresses-ud-xl\/#breadcrumb"},"inLanguage":"fr-FR","potentialAction":[{"@type":"ReadAction","target":["https:\/\/discotelsisal.com\/fr\/product\/disques-compresses-ud-xl\/"]}]},{"@type":"ImageObject","inLanguage":"fr-FR","@id":"https:\/\/discotelsisal.com\/fr\/product\/disques-compresses-ud-xl\/#primaryimage","url":"https:\/\/discotelsisal.com\/wp-content\/uploads\/2021\/07\/03b-DISCHI-UN-XL.jpg","contentUrl":"https:\/\/discotelsisal.com\/wp-content\/uploads\/2021\/07\/03b-DISCHI-UN-XL.jpg","width":1000,"height":1000},{"@type":"BreadcrumbList","@id":"https:\/\/discotelsisal.com\/fr\/product\/disques-compresses-ud-xl\/#breadcrumb","itemListElement":[{"@type":"ListItem","position":1,"name":"Home","item":"https:\/\/discotelsisal.com\/fr\/"},{"@type":"ListItem","position":2,"name":"Shop","item":"https:\/\/discotelsisal.com\/?page_id=2671"},{"@type":"ListItem","position":3,"name":"DISQUES COMPRESS\u00c9S UD-XL"}]},{"@type":"WebSite","@id":"https:\/\/discotelsisal.com\/fr\/#website","url":"https:\/\/discotelsisal.com\/fr\/","name":"Discotelsisal","description":"Sanding Solutions","publisher":{"@id":"https:\/\/discotelsisal.com\/fr\/#organization"},"potentialAction":[{"@type":"SearchAction","target":{"@type":"EntryPoint","urlTemplate":"https:\/\/discotelsisal.com\/fr\/?s={search_term_string}"},"query-input":{"@type":"PropertyValueSpecification","valueRequired":true,"valueName":"search_term_string"}}],"inLanguage":"fr-FR"},{"@type":"Organization","@id":"https:\/\/discotelsisal.com\/fr\/#organization","name":"Discotelsisal","url":"https:\/\/discotelsisal.com\/fr\/","logo":{"@type":"ImageObject","inLanguage":"fr-FR","@id":"https:\/\/discotelsisal.com\/fr\/#\/schema\/logo\/image\/","url":"https:\/\/discotelsisal.com\/wp-content\/uploads\/2021\/06\/logo-new-resize.png","contentUrl":"https:\/\/discotelsisal.com\/wp-content\/uploads\/2021\/06\/logo-new-resize.png","width":644,"height":200,"caption":"Discotelsisal"},"image":{"@id":"https:\/\/discotelsisal.com\/fr\/#\/schema\/logo\/image\/"}}]}},"_links":{"self":[{"href":"https:\/\/discotelsisal.com\/fr\/wp-json\/wp\/v2\/product\/12598","targetHints":{"allow":["GET"]}}],"collection":[{"href":"https:\/\/discotelsisal.com\/fr\/wp-json\/wp\/v2\/product"}],"about":[{"href":"https:\/\/discotelsisal.com\/fr\/wp-json\/wp\/v2\/types\/product"}],"wp:featuredmedia":[{"embeddable":true,"href":"https:\/\/discotelsisal.com\/fr\/wp-json\/wp\/v2\/media\/11803"}],"wp:attachment":[{"href":"https:\/\/discotelsisal.com\/fr\/wp-json\/wp\/v2\/media?parent=12598"}],"wp:term":[{"taxonomy":"product_brand","embeddable":true,"href":"https:\/\/discotelsisal.com\/fr\/wp-json\/wp\/v2\/product_brand?post=12598"},{"taxonomy":"product_cat","embeddable":true,"href":"https:\/\/discotelsisal.com\/fr\/wp-json\/wp\/v2\/product_cat?post=12598"},{"taxonomy":"product_tag","embeddable":true,"href":"https:\/\/discotelsisal.com\/fr\/wp-json\/wp\/v2\/product_tag?post=12598"}],"curies":[{"name":"wp","href":"https:\/\/api.w.org\/{rel}","templated":true}]}}