{"id":12565,"date":"2023-04-19T08:17:03","date_gmt":"2023-04-19T08:17:03","guid":{"rendered":"https:\/\/discotelsisal.com\/product\/roues-mixtes-avec-tissu-toile\/"},"modified":"2023-12-05T15:21:26","modified_gmt":"2023-12-05T15:21:26","slug":"roues-a-lamelles-en-toile-mixte-avec-nwf","status":"publish","type":"product","link":"https:\/\/discotelsisal.com\/fr\/product\/roues-a-lamelles-en-toile-mixte-avec-nwf\/","title":{"rendered":"ROUES \u00c0 LAMELLES EN TOILE MIXTES AVEC NWF"},"content":{"rendered":"<div class=\"wpb-content-wrapper\"><p>[vc_row disable_background_image=\u00a0\u00bb\u00a0\u00bb][vc_column]<div class=\"mkdf-accordion-holder mkdf-ac-default Data Sheet mkdf-toggle mkdf-ac-boxed  clearfix\">\n\t<h5 class=\"mkdf-accordion-title\">\n    <span class=\"mkdf-accordion-mark\">\n\t\t<span class=\"mkdf_icon_plus icon_plus\"><\/span>\n\t\t<span class=\"mkdf_icon_minus icon_minus-06\"><\/span>\n\t<\/span>\n\t<span class=\"mkdf-tab-title\">Fiche technique<\/span>\n<\/h5>\n<div class=\"mkdf-accordion-content\">\n\t<div class=\"mkdf-accordion-content-inner\">\n\t\t<div class=\"mkdf-elements-holder   mkdf-one-column  mkdf-responsive-mode-768 \" ><div class=\"mkdf-eh-item    \"  data-item-class=\"mkdf-eh-custom-7634\">\n\t<div class=\"mkdf-eh-item-inner\">\n\t\t<div class=\"mkdf-eh-item-content mkdf-eh-custom-7634\" >\n\t\t\t<a itemprop=\"url\" href=\"https:\/\/discotelsisal.com\/wp-content\/uploads\/2021\/07\/RUOTE-MISTE-TELA.jpg\" target=\"_blank\" style=\"color: #056133;border-color: #056133\" class=\"mkdf-btn mkdf-btn-medium mkdf-btn-outline\"  >\n            <span class=\"mkdf-btn-text\">Data Sheet EMERY CLOTH INTERLEAF FLAP WHEELS<\/span>\n        <i class=\"mkdf-icon-dripicons dripicon  \" ><\/i>    <\/a>\t\t<\/div>\n\t<\/div>\n<\/div><\/div>\t<\/div>\n<\/div><h5 class=\"mkdf-accordion-title\">\n    <span class=\"mkdf-accordion-mark\">\n\t\t<span class=\"mkdf_icon_plus icon_plus\"><\/span>\n\t\t<span class=\"mkdf_icon_minus icon_minus-06\"><\/span>\n\t<\/span>\n\t<span class=\"mkdf-tab-title\">Fiches de donn\u00e9es de s\u00e9curit\u00e9<\/span>\n<\/h5>\n<div class=\"mkdf-accordion-content\">\n\t<div class=\"mkdf-accordion-content-inner\">\n\t\t<div class=\"mkdf-elements-holder   mkdf-one-column  mkdf-responsive-mode-768 \" ><div class=\"mkdf-eh-item    \"  data-item-class=\"mkdf-eh-custom-4988\">\n\t<div class=\"mkdf-eh-item-inner\">\n\t\t<div class=\"mkdf-eh-item-content mkdf-eh-custom-4988\" >\n\t\t\t<a itemprop=\"url\" href=\"https:\/\/discotelsisal.com\/wp-content\/uploads\/2023\/10\/DISCOTELSISAL-MSDS-MW-TA-NWF-ENG.pdf\" target=\"_blank\" style=\"color: #056133;border-color: #056133\" class=\"mkdf-btn mkdf-btn-medium mkdf-btn-outline\"  >\n            <span class=\"mkdf-btn-text\">Safety Data Sheet MSDS - MW TA-TNT<\/span>\n        <i class=\"mkdf-icon-dripicons dripicon  \" ><\/i>    <\/a>\t\t<\/div>\n\t<\/div>\n<\/div><\/div>\t<\/div>\n<\/div><\/div>[\/vc_column][\/vc_row]<\/p>\n<\/div>","protected":false},"excerpt":{"rendered":"<p>Ces roues sont particuli\u00e8rement adapt\u00e9es aux traitements de d\u00e9capage ou de pr\u00e9paration pour la finition ou le satinage sur tout type de m\u00e9tal. Ce sont des roues essentiellement utilis\u00e9es pour poncer le bois brut ou les placages lorsqu&rsquo;il est n\u00e9cessaire de raser la fibre. Compte tenu de la duret\u00e9 particuli\u00e8re du tissu toile, le temps de mise en forme est plus long que pour les roues normales: il est donc recommand\u00e9 de les utiliser sur des pi\u00e8ces plates ou l\u00e9g\u00e8rement fa\u00e7onn\u00e9es.<\/p>\n<p><strong>AVANTAGES<\/strong><br \/>\n\u2022 D\u00e9capage l\u00e9ger sur tous types de m\u00e9taux<br \/>\n\u2022 Pr\u00e9paration pour les processus de finition ult\u00e9rieurs sur m\u00e9taux<br \/>\n\u2022 \u00c9limination des soudures sur les m\u00e9taux<br \/>\n\u2022 Pon\u00e7age du bois brut<br \/>\n\u2022 Pon\u00e7age du MDF<br \/>\n\u2022 Pon\u00e7age d&rsquo;appr\u00eats \u00e0 base d&rsquo;eau<br \/>\n\u2022 \u00c9limination des oxydes de surface PCB<\/p>\n","protected":false},"featured_media":12162,"template":"","meta":[],"product_brand":[],"product_cat":[620,617],"product_tag":[612,619],"class_list":{"0":"post-12565","1":"product","2":"type-product","3":"status-publish","4":"has-post-thumbnail","6":"product_cat-roues-a-lamelles-en-toile-mixtes-avec-nwf","7":"product_cat-roues-mixtes","8":"product_tag-discotelsisal-fr","9":"product_tag-roues-mixtes-avec-papier-abrasif","11":"first","12":"instock","13":"shipping-taxable","14":"product-type-simple"},"yoast_head":"<!-- This site is optimized with the Yoast SEO plugin v27.4 - https:\/\/yoast.com\/product\/yoast-seo-wordpress\/ -->\n<title>ROUES \u00c0 LAMELLES EN TOILE MIXTES AVEC NWF - Discotelsisal<\/title>\n<meta name=\"robots\" content=\"index, follow, max-snippet:-1, max-image-preview:large, max-video-preview:-1\" \/>\n<link rel=\"canonical\" href=\"https:\/\/discotelsisal.com\/fr\/product\/roues-a-lamelles-en-toile-mixte-avec-nwf\/\" \/>\n<meta property=\"og:locale\" content=\"fr_FR\" \/>\n<meta property=\"og:type\" content=\"article\" \/>\n<meta property=\"og:title\" content=\"ROUES \u00c0 LAMELLES EN TOILE MIXTES AVEC NWF - Discotelsisal\" \/>\n<meta property=\"og:description\" content=\"Ces roues sont particuli\u00e8rement adapt\u00e9es aux traitements de d\u00e9capage ou de pr\u00e9paration pour la finition ou le satinage sur tout type de m\u00e9tal. Ce sont des roues essentiellement utilis\u00e9es pour poncer le bois brut ou les placages lorsqu&#039;il est n\u00e9cessaire de raser la fibre. Compte tenu de la duret\u00e9 particuli\u00e8re du tissu toile, le temps de mise en forme est plus long que pour les roues normales: il est donc recommand\u00e9 de les utiliser sur des pi\u00e8ces plates ou l\u00e9g\u00e8rement fa\u00e7onn\u00e9es.  AVANTAGES \u2022 D\u00e9capage l\u00e9ger sur tous types de m\u00e9taux \u2022 Pr\u00e9paration pour les processus de finition ult\u00e9rieurs sur m\u00e9taux \u2022 \u00c9limination des soudures sur les m\u00e9taux \u2022 Pon\u00e7age du bois brut \u2022 Pon\u00e7age du MDF \u2022 Pon\u00e7age d&#039;appr\u00eats \u00e0 base d&#039;eau \u2022 \u00c9limination des oxydes de surface PCB\" \/>\n<meta property=\"og:url\" content=\"https:\/\/discotelsisal.com\/fr\/product\/roues-a-lamelles-en-toile-mixte-avec-nwf\/\" \/>\n<meta property=\"og:site_name\" content=\"Discotelsisal\" \/>\n<meta property=\"article:modified_time\" content=\"2023-12-05T15:21:26+00:00\" \/>\n<meta property=\"og:image\" content=\"https:\/\/discotelsisal.com\/wp-content\/uploads\/2021\/06\/EMERY-CLOTH-INTERLEAF-FLAP-WHEELS-.jpg\" \/>\n\t<meta property=\"og:image:width\" content=\"1000\" \/>\n\t<meta property=\"og:image:height\" content=\"1000\" \/>\n\t<meta property=\"og:image:type\" content=\"image\/jpeg\" \/>\n<meta name=\"twitter:card\" content=\"summary_large_image\" \/>\n<meta name=\"twitter:label1\" content=\"Dur\u00e9e de lecture estim\u00e9e\" \/>\n\t<meta name=\"twitter:data1\" content=\"1 minute\" \/>\n<script type=\"application\/ld+json\" class=\"yoast-schema-graph\">{\"@context\":\"https:\\\/\\\/schema.org\",\"@graph\":[{\"@type\":\"WebPage\",\"@id\":\"https:\\\/\\\/discotelsisal.com\\\/fr\\\/product\\\/roues-a-lamelles-en-toile-mixte-avec-nwf\\\/\",\"url\":\"https:\\\/\\\/discotelsisal.com\\\/fr\\\/product\\\/roues-a-lamelles-en-toile-mixte-avec-nwf\\\/\",\"name\":\"ROUES \u00c0 LAMELLES EN TOILE MIXTES AVEC NWF - Discotelsisal\",\"isPartOf\":{\"@id\":\"https:\\\/\\\/discotelsisal.com\\\/fr\\\/#website\"},\"primaryImageOfPage\":{\"@id\":\"https:\\\/\\\/discotelsisal.com\\\/fr\\\/product\\\/roues-a-lamelles-en-toile-mixte-avec-nwf\\\/#primaryimage\"},\"image\":{\"@id\":\"https:\\\/\\\/discotelsisal.com\\\/fr\\\/product\\\/roues-a-lamelles-en-toile-mixte-avec-nwf\\\/#primaryimage\"},\"thumbnailUrl\":\"https:\\\/\\\/discotelsisal.com\\\/wp-content\\\/uploads\\\/2021\\\/06\\\/EMERY-CLOTH-INTERLEAF-FLAP-WHEELS-.jpg\",\"datePublished\":\"2023-04-19T08:17:03+00:00\",\"dateModified\":\"2023-12-05T15:21:26+00:00\",\"breadcrumb\":{\"@id\":\"https:\\\/\\\/discotelsisal.com\\\/fr\\\/product\\\/roues-a-lamelles-en-toile-mixte-avec-nwf\\\/#breadcrumb\"},\"inLanguage\":\"fr-FR\",\"potentialAction\":[{\"@type\":\"ReadAction\",\"target\":[\"https:\\\/\\\/discotelsisal.com\\\/fr\\\/product\\\/roues-a-lamelles-en-toile-mixte-avec-nwf\\\/\"]}]},{\"@type\":\"ImageObject\",\"inLanguage\":\"fr-FR\",\"@id\":\"https:\\\/\\\/discotelsisal.com\\\/fr\\\/product\\\/roues-a-lamelles-en-toile-mixte-avec-nwf\\\/#primaryimage\",\"url\":\"https:\\\/\\\/discotelsisal.com\\\/wp-content\\\/uploads\\\/2021\\\/06\\\/EMERY-CLOTH-INTERLEAF-FLAP-WHEELS-.jpg\",\"contentUrl\":\"https:\\\/\\\/discotelsisal.com\\\/wp-content\\\/uploads\\\/2021\\\/06\\\/EMERY-CLOTH-INTERLEAF-FLAP-WHEELS-.jpg\",\"width\":1000,\"height\":1000},{\"@type\":\"BreadcrumbList\",\"@id\":\"https:\\\/\\\/discotelsisal.com\\\/fr\\\/product\\\/roues-a-lamelles-en-toile-mixte-avec-nwf\\\/#breadcrumb\",\"itemListElement\":[{\"@type\":\"ListItem\",\"position\":1,\"name\":\"Home\",\"item\":\"https:\\\/\\\/discotelsisal.com\\\/fr\\\/\"},{\"@type\":\"ListItem\",\"position\":2,\"name\":\"Shop\",\"item\":\"https:\\\/\\\/discotelsisal.com\\\/?page_id=2671\"},{\"@type\":\"ListItem\",\"position\":3,\"name\":\"ROUES \u00c0 LAMELLES EN TOILE MIXTES AVEC NWF\"}]},{\"@type\":\"WebSite\",\"@id\":\"https:\\\/\\\/discotelsisal.com\\\/fr\\\/#website\",\"url\":\"https:\\\/\\\/discotelsisal.com\\\/fr\\\/\",\"name\":\"Discotelsisal\",\"description\":\"Sanding Solutions\",\"publisher\":{\"@id\":\"https:\\\/\\\/discotelsisal.com\\\/fr\\\/#organization\"},\"potentialAction\":[{\"@type\":\"SearchAction\",\"target\":{\"@type\":\"EntryPoint\",\"urlTemplate\":\"https:\\\/\\\/discotelsisal.com\\\/fr\\\/?s={search_term_string}\"},\"query-input\":{\"@type\":\"PropertyValueSpecification\",\"valueRequired\":true,\"valueName\":\"search_term_string\"}}],\"inLanguage\":\"fr-FR\"},{\"@type\":\"Organization\",\"@id\":\"https:\\\/\\\/discotelsisal.com\\\/fr\\\/#organization\",\"name\":\"Discotelsisal\",\"url\":\"https:\\\/\\\/discotelsisal.com\\\/fr\\\/\",\"logo\":{\"@type\":\"ImageObject\",\"inLanguage\":\"fr-FR\",\"@id\":\"https:\\\/\\\/discotelsisal.com\\\/fr\\\/#\\\/schema\\\/logo\\\/image\\\/\",\"url\":\"https:\\\/\\\/discotelsisal.com\\\/wp-content\\\/uploads\\\/2021\\\/06\\\/logo-new-resize.png\",\"contentUrl\":\"https:\\\/\\\/discotelsisal.com\\\/wp-content\\\/uploads\\\/2021\\\/06\\\/logo-new-resize.png\",\"width\":644,\"height\":200,\"caption\":\"Discotelsisal\"},\"image\":{\"@id\":\"https:\\\/\\\/discotelsisal.com\\\/fr\\\/#\\\/schema\\\/logo\\\/image\\\/\"}}]}<\/script>\n<!-- \/ Yoast SEO plugin. -->","yoast_head_json":{"title":"ROUES \u00c0 LAMELLES EN TOILE MIXTES AVEC NWF - Discotelsisal","robots":{"index":"index","follow":"follow","max-snippet":"max-snippet:-1","max-image-preview":"max-image-preview:large","max-video-preview":"max-video-preview:-1"},"canonical":"https:\/\/discotelsisal.com\/fr\/product\/roues-a-lamelles-en-toile-mixte-avec-nwf\/","og_locale":"fr_FR","og_type":"article","og_title":"ROUES \u00c0 LAMELLES EN TOILE MIXTES AVEC NWF - Discotelsisal","og_description":"Ces roues sont particuli\u00e8rement adapt\u00e9es aux traitements de d\u00e9capage ou de pr\u00e9paration pour la finition ou le satinage sur tout type de m\u00e9tal. Ce sont des roues essentiellement utilis\u00e9es pour poncer le bois brut ou les placages lorsqu'il est n\u00e9cessaire de raser la fibre. Compte tenu de la duret\u00e9 particuli\u00e8re du tissu toile, le temps de mise en forme est plus long que pour les roues normales: il est donc recommand\u00e9 de les utiliser sur des pi\u00e8ces plates ou l\u00e9g\u00e8rement fa\u00e7onn\u00e9es.  AVANTAGES \u2022 D\u00e9capage l\u00e9ger sur tous types de m\u00e9taux \u2022 Pr\u00e9paration pour les processus de finition ult\u00e9rieurs sur m\u00e9taux \u2022 \u00c9limination des soudures sur les m\u00e9taux \u2022 Pon\u00e7age du bois brut \u2022 Pon\u00e7age du MDF \u2022 Pon\u00e7age d'appr\u00eats \u00e0 base d'eau \u2022 \u00c9limination des oxydes de surface PCB","og_url":"https:\/\/discotelsisal.com\/fr\/product\/roues-a-lamelles-en-toile-mixte-avec-nwf\/","og_site_name":"Discotelsisal","article_modified_time":"2023-12-05T15:21:26+00:00","og_image":[{"width":1000,"height":1000,"url":"https:\/\/discotelsisal.com\/wp-content\/uploads\/2021\/06\/EMERY-CLOTH-INTERLEAF-FLAP-WHEELS-.jpg","type":"image\/jpeg"}],"twitter_card":"summary_large_image","twitter_misc":{"Dur\u00e9e de lecture estim\u00e9e":"1 minute"},"schema":{"@context":"https:\/\/schema.org","@graph":[{"@type":"WebPage","@id":"https:\/\/discotelsisal.com\/fr\/product\/roues-a-lamelles-en-toile-mixte-avec-nwf\/","url":"https:\/\/discotelsisal.com\/fr\/product\/roues-a-lamelles-en-toile-mixte-avec-nwf\/","name":"ROUES \u00c0 LAMELLES EN TOILE MIXTES AVEC NWF - Discotelsisal","isPartOf":{"@id":"https:\/\/discotelsisal.com\/fr\/#website"},"primaryImageOfPage":{"@id":"https:\/\/discotelsisal.com\/fr\/product\/roues-a-lamelles-en-toile-mixte-avec-nwf\/#primaryimage"},"image":{"@id":"https:\/\/discotelsisal.com\/fr\/product\/roues-a-lamelles-en-toile-mixte-avec-nwf\/#primaryimage"},"thumbnailUrl":"https:\/\/discotelsisal.com\/wp-content\/uploads\/2021\/06\/EMERY-CLOTH-INTERLEAF-FLAP-WHEELS-.jpg","datePublished":"2023-04-19T08:17:03+00:00","dateModified":"2023-12-05T15:21:26+00:00","breadcrumb":{"@id":"https:\/\/discotelsisal.com\/fr\/product\/roues-a-lamelles-en-toile-mixte-avec-nwf\/#breadcrumb"},"inLanguage":"fr-FR","potentialAction":[{"@type":"ReadAction","target":["https:\/\/discotelsisal.com\/fr\/product\/roues-a-lamelles-en-toile-mixte-avec-nwf\/"]}]},{"@type":"ImageObject","inLanguage":"fr-FR","@id":"https:\/\/discotelsisal.com\/fr\/product\/roues-a-lamelles-en-toile-mixte-avec-nwf\/#primaryimage","url":"https:\/\/discotelsisal.com\/wp-content\/uploads\/2021\/06\/EMERY-CLOTH-INTERLEAF-FLAP-WHEELS-.jpg","contentUrl":"https:\/\/discotelsisal.com\/wp-content\/uploads\/2021\/06\/EMERY-CLOTH-INTERLEAF-FLAP-WHEELS-.jpg","width":1000,"height":1000},{"@type":"BreadcrumbList","@id":"https:\/\/discotelsisal.com\/fr\/product\/roues-a-lamelles-en-toile-mixte-avec-nwf\/#breadcrumb","itemListElement":[{"@type":"ListItem","position":1,"name":"Home","item":"https:\/\/discotelsisal.com\/fr\/"},{"@type":"ListItem","position":2,"name":"Shop","item":"https:\/\/discotelsisal.com\/?page_id=2671"},{"@type":"ListItem","position":3,"name":"ROUES \u00c0 LAMELLES EN TOILE MIXTES AVEC NWF"}]},{"@type":"WebSite","@id":"https:\/\/discotelsisal.com\/fr\/#website","url":"https:\/\/discotelsisal.com\/fr\/","name":"Discotelsisal","description":"Sanding Solutions","publisher":{"@id":"https:\/\/discotelsisal.com\/fr\/#organization"},"potentialAction":[{"@type":"SearchAction","target":{"@type":"EntryPoint","urlTemplate":"https:\/\/discotelsisal.com\/fr\/?s={search_term_string}"},"query-input":{"@type":"PropertyValueSpecification","valueRequired":true,"valueName":"search_term_string"}}],"inLanguage":"fr-FR"},{"@type":"Organization","@id":"https:\/\/discotelsisal.com\/fr\/#organization","name":"Discotelsisal","url":"https:\/\/discotelsisal.com\/fr\/","logo":{"@type":"ImageObject","inLanguage":"fr-FR","@id":"https:\/\/discotelsisal.com\/fr\/#\/schema\/logo\/image\/","url":"https:\/\/discotelsisal.com\/wp-content\/uploads\/2021\/06\/logo-new-resize.png","contentUrl":"https:\/\/discotelsisal.com\/wp-content\/uploads\/2021\/06\/logo-new-resize.png","width":644,"height":200,"caption":"Discotelsisal"},"image":{"@id":"https:\/\/discotelsisal.com\/fr\/#\/schema\/logo\/image\/"}}]}},"_links":{"self":[{"href":"https:\/\/discotelsisal.com\/fr\/wp-json\/wp\/v2\/product\/12565","targetHints":{"allow":["GET"]}}],"collection":[{"href":"https:\/\/discotelsisal.com\/fr\/wp-json\/wp\/v2\/product"}],"about":[{"href":"https:\/\/discotelsisal.com\/fr\/wp-json\/wp\/v2\/types\/product"}],"wp:featuredmedia":[{"embeddable":true,"href":"https:\/\/discotelsisal.com\/fr\/wp-json\/wp\/v2\/media\/12162"}],"wp:attachment":[{"href":"https:\/\/discotelsisal.com\/fr\/wp-json\/wp\/v2\/media?parent=12565"}],"wp:term":[{"taxonomy":"product_brand","embeddable":true,"href":"https:\/\/discotelsisal.com\/fr\/wp-json\/wp\/v2\/product_brand?post=12565"},{"taxonomy":"product_cat","embeddable":true,"href":"https:\/\/discotelsisal.com\/fr\/wp-json\/wp\/v2\/product_cat?post=12565"},{"taxonomy":"product_tag","embeddable":true,"href":"https:\/\/discotelsisal.com\/fr\/wp-json\/wp\/v2\/product_tag?post=12565"}],"curies":[{"name":"wp","href":"https:\/\/api.w.org\/{rel}","templated":true}]}}