{"id":12561,"date":"2023-04-19T08:03:06","date_gmt":"2023-04-19T08:03:06","guid":{"rendered":"https:\/\/discotelsisal.com\/product\/roues-mixtes-avec-papier-abrasif-tnt\/"},"modified":"2023-11-23T16:23:42","modified_gmt":"2023-11-23T16:23:42","slug":"roues-a-lamelles-mixtes-avec-papier-abrasif-nwf","status":"publish","type":"product","link":"https:\/\/discotelsisal.com\/fr\/product\/roues-a-lamelles-mixtes-avec-papier-abrasif-nwf\/","title":{"rendered":"ROUES \u00c0 LAMELLES NWF MIXTES AVEC PAPIER ABRASIF"},"content":{"rendered":"<div class=\"wpb-content-wrapper\"><p>[vc_row disable_background_image=\u00a0\u00bb\u00a0\u00bb][vc_column]<div class=\"mkdf-accordion-holder mkdf-ac-default  mkdf-toggle mkdf-ac-boxed  clearfix\">\n\t<h5 class=\"mkdf-accordion-title\">\n    <span class=\"mkdf-accordion-mark\">\n\t\t<span class=\"mkdf_icon_plus icon_plus\"><\/span>\n\t\t<span class=\"mkdf_icon_minus icon_minus-06\"><\/span>\n\t<\/span>\n\t<span class=\"mkdf-tab-title\">Fiche technique<\/span>\n<\/h5>\n<div class=\"mkdf-accordion-content\">\n\t<div class=\"mkdf-accordion-content-inner\">\n\t\t<div class=\"mkdf-elements-holder   mkdf-one-column  mkdf-responsive-mode-768 \" ><div class=\"mkdf-eh-item    \"  data-item-class=\"mkdf-eh-custom-2183\">\n\t<div class=\"mkdf-eh-item-inner\">\n\t\t<div class=\"mkdf-eh-item-content mkdf-eh-custom-2183\" style=\"padding: 0px 0px 10px 0px\">\n\t\t\t<a itemprop=\"url\" href=\"https:\/\/discotelsisal.com\/wp-content\/uploads\/2021\/07\/RUOTE-MISTO-CARTA-TNT.jpg\" target=\"_blank\" style=\"color: #056133;border-color: #056133\" class=\"mkdf-btn mkdf-btn-medium mkdf-btn-outline\"  >\n            <span class=\"mkdf-btn-text\">Data Sheet ABRASIVE PAPER INTERLEAF FLAP WHEELS+NWF<\/span>\n        <i class=\"mkdf-icon-dripicons dripicon  \" ><\/i>    <\/a>\t\t<\/div>\n\t<\/div>\n<\/div><\/div>\t<\/div>\n<\/div><h5 class=\"mkdf-accordion-title\">\n    <span class=\"mkdf-accordion-mark\">\n\t\t<span class=\"mkdf_icon_plus icon_plus\"><\/span>\n\t\t<span class=\"mkdf_icon_minus icon_minus-06\"><\/span>\n\t<\/span>\n\t<span class=\"mkdf-tab-title\">Fiches de donn\u00e9es de s\u00e9curit\u00e9<\/span>\n<\/h5>\n<div class=\"mkdf-accordion-content\">\n\t<div class=\"mkdf-accordion-content-inner\">\n\t\t<div class=\"mkdf-elements-holder   mkdf-one-column  mkdf-responsive-mode-768 \" ><div class=\"mkdf-eh-item    \"  data-item-class=\"mkdf-eh-custom-6449\">\n\t<div class=\"mkdf-eh-item-inner\">\n\t\t<div class=\"mkdf-eh-item-content mkdf-eh-custom-6449\" >\n\t\t\t<a itemprop=\"url\" href=\"https:\/\/discotelsisal.com\/wp-content\/uploads\/2023\/10\/DISCOTELSISAL-MSDS-MW-CA-TNT-ENG.pdf\" target=\"_blank\" style=\"color: #056133;border-color: #056133\" class=\"mkdf-btn mkdf-btn-medium mkdf-btn-outline\"  >\n            <span class=\"mkdf-btn-text\">Safety Data Sheet MSDS - MW-C3-CI -NWF<\/span>\n        <i class=\"mkdf-icon-dripicons dripicon  \" ><\/i>    <\/a>\t\t<\/div>\n\t<\/div>\n<\/div><\/div>\t<\/div>\n<\/div><\/div>[\/vc_column][\/vc_row]<\/p>\n<\/div>","protected":false},"excerpt":{"rendered":"<p>Les roues \u00e0 lamelles NWF mixtes avec papier abrasif sont largement utilis\u00e9es aussi bien pour le pon\u00e7age du bois brut, lorsqu&rsquo;il est n\u00e9cessaire de couper les fibres, que pour le pon\u00e7age des enduits \u00e0 base d&rsquo;eau ou de solvant, comme le pon\u00e7age des peintures. La souplesse particuli\u00e8re du papier abrasif permet \u00e0 ce type de roue d&rsquo;\u00eatre facilement fa\u00e7onn\u00e9 et de s&rsquo;adapter \u00e0 tout type de profil\u00e9, m\u00eame si tr\u00e8s complexe.<\/p>\n","protected":false},"featured_media":11750,"template":"","meta":[],"product_brand":[],"product_cat":[618,617],"product_tag":[612,611],"class_list":{"0":"post-12561","1":"product","2":"type-product","3":"status-publish","4":"has-post-thumbnail","6":"product_cat-roues-a-lamelles-nwf-mixtes-avec-papier-abrasif","7":"product_cat-roues-mixtes","8":"product_tag-discotelsisal-fr","9":"product_tag-roues-abrasives","11":"first","12":"instock","13":"shipping-taxable","14":"product-type-simple"},"yoast_head":"<!-- This site is optimized with the Yoast SEO plugin v27.3 - https:\/\/yoast.com\/product\/yoast-seo-wordpress\/ -->\n<title>ROUES \u00c0 LAMELLES NWF MIXTES AVEC PAPIER ABRASIF - Discotelsisal<\/title>\n<meta name=\"robots\" content=\"index, follow, max-snippet:-1, max-image-preview:large, max-video-preview:-1\" \/>\n<link rel=\"canonical\" href=\"https:\/\/discotelsisal.com\/fr\/product\/roues-a-lamelles-mixtes-avec-papier-abrasif-nwf\/\" \/>\n<meta property=\"og:locale\" content=\"fr_FR\" \/>\n<meta property=\"og:type\" content=\"article\" \/>\n<meta property=\"og:title\" content=\"ROUES \u00c0 LAMELLES NWF MIXTES AVEC PAPIER ABRASIF - Discotelsisal\" \/>\n<meta property=\"og:description\" content=\"Les roues \u00e0 lamelles NWF mixtes avec papier abrasif sont largement utilis\u00e9es aussi bien pour le pon\u00e7age du bois brut, lorsqu&#039;il est n\u00e9cessaire de couper les fibres, que pour le pon\u00e7age des enduits \u00e0 base d&#039;eau ou de solvant, comme le pon\u00e7age des peintures. La souplesse particuli\u00e8re du papier abrasif permet \u00e0 ce type de roue d&#039;\u00eatre facilement fa\u00e7onn\u00e9 et de s&#039;adapter \u00e0 tout type de profil\u00e9, m\u00eame si tr\u00e8s complexe.\" \/>\n<meta property=\"og:url\" content=\"https:\/\/discotelsisal.com\/fr\/product\/roues-a-lamelles-mixtes-avec-papier-abrasif-nwf\/\" \/>\n<meta property=\"og:site_name\" content=\"Discotelsisal\" \/>\n<meta property=\"article:modified_time\" content=\"2023-11-23T16:23:42+00:00\" \/>\n<meta property=\"og:image\" content=\"https:\/\/discotelsisal.com\/wp-content\/uploads\/2021\/06\/01-RUOTE-MISTO-CARTATNT.jpg\" \/>\n\t<meta property=\"og:image:width\" content=\"1000\" \/>\n\t<meta property=\"og:image:height\" content=\"1000\" \/>\n\t<meta property=\"og:image:type\" content=\"image\/jpeg\" \/>\n<meta name=\"twitter:card\" content=\"summary_large_image\" \/>\n<meta name=\"twitter:label1\" content=\"Dur\u00e9e de lecture estim\u00e9e\" \/>\n\t<meta name=\"twitter:data1\" content=\"1 minute\" \/>\n<script type=\"application\/ld+json\" class=\"yoast-schema-graph\">{\"@context\":\"https:\\\/\\\/schema.org\",\"@graph\":[{\"@type\":\"WebPage\",\"@id\":\"https:\\\/\\\/discotelsisal.com\\\/fr\\\/product\\\/roues-a-lamelles-mixtes-avec-papier-abrasif-nwf\\\/\",\"url\":\"https:\\\/\\\/discotelsisal.com\\\/fr\\\/product\\\/roues-a-lamelles-mixtes-avec-papier-abrasif-nwf\\\/\",\"name\":\"ROUES \u00c0 LAMELLES NWF MIXTES AVEC PAPIER ABRASIF - Discotelsisal\",\"isPartOf\":{\"@id\":\"https:\\\/\\\/discotelsisal.com\\\/fr\\\/#website\"},\"primaryImageOfPage\":{\"@id\":\"https:\\\/\\\/discotelsisal.com\\\/fr\\\/product\\\/roues-a-lamelles-mixtes-avec-papier-abrasif-nwf\\\/#primaryimage\"},\"image\":{\"@id\":\"https:\\\/\\\/discotelsisal.com\\\/fr\\\/product\\\/roues-a-lamelles-mixtes-avec-papier-abrasif-nwf\\\/#primaryimage\"},\"thumbnailUrl\":\"https:\\\/\\\/discotelsisal.com\\\/wp-content\\\/uploads\\\/2021\\\/06\\\/01-RUOTE-MISTO-CARTATNT.jpg\",\"datePublished\":\"2023-04-19T08:03:06+00:00\",\"dateModified\":\"2023-11-23T16:23:42+00:00\",\"breadcrumb\":{\"@id\":\"https:\\\/\\\/discotelsisal.com\\\/fr\\\/product\\\/roues-a-lamelles-mixtes-avec-papier-abrasif-nwf\\\/#breadcrumb\"},\"inLanguage\":\"fr-FR\",\"potentialAction\":[{\"@type\":\"ReadAction\",\"target\":[\"https:\\\/\\\/discotelsisal.com\\\/fr\\\/product\\\/roues-a-lamelles-mixtes-avec-papier-abrasif-nwf\\\/\"]}]},{\"@type\":\"ImageObject\",\"inLanguage\":\"fr-FR\",\"@id\":\"https:\\\/\\\/discotelsisal.com\\\/fr\\\/product\\\/roues-a-lamelles-mixtes-avec-papier-abrasif-nwf\\\/#primaryimage\",\"url\":\"https:\\\/\\\/discotelsisal.com\\\/wp-content\\\/uploads\\\/2021\\\/06\\\/01-RUOTE-MISTO-CARTATNT.jpg\",\"contentUrl\":\"https:\\\/\\\/discotelsisal.com\\\/wp-content\\\/uploads\\\/2021\\\/06\\\/01-RUOTE-MISTO-CARTATNT.jpg\",\"width\":1000,\"height\":1000},{\"@type\":\"BreadcrumbList\",\"@id\":\"https:\\\/\\\/discotelsisal.com\\\/fr\\\/product\\\/roues-a-lamelles-mixtes-avec-papier-abrasif-nwf\\\/#breadcrumb\",\"itemListElement\":[{\"@type\":\"ListItem\",\"position\":1,\"name\":\"Home\",\"item\":\"https:\\\/\\\/discotelsisal.com\\\/fr\\\/\"},{\"@type\":\"ListItem\",\"position\":2,\"name\":\"Shop\",\"item\":\"https:\\\/\\\/discotelsisal.com\\\/?page_id=2671\"},{\"@type\":\"ListItem\",\"position\":3,\"name\":\"ROUES \u00c0 LAMELLES NWF MIXTES AVEC PAPIER ABRASIF\"}]},{\"@type\":\"WebSite\",\"@id\":\"https:\\\/\\\/discotelsisal.com\\\/fr\\\/#website\",\"url\":\"https:\\\/\\\/discotelsisal.com\\\/fr\\\/\",\"name\":\"Discotelsisal\",\"description\":\"Sanding Solutions\",\"publisher\":{\"@id\":\"https:\\\/\\\/discotelsisal.com\\\/fr\\\/#organization\"},\"potentialAction\":[{\"@type\":\"SearchAction\",\"target\":{\"@type\":\"EntryPoint\",\"urlTemplate\":\"https:\\\/\\\/discotelsisal.com\\\/fr\\\/?s={search_term_string}\"},\"query-input\":{\"@type\":\"PropertyValueSpecification\",\"valueRequired\":true,\"valueName\":\"search_term_string\"}}],\"inLanguage\":\"fr-FR\"},{\"@type\":\"Organization\",\"@id\":\"https:\\\/\\\/discotelsisal.com\\\/fr\\\/#organization\",\"name\":\"Discotelsisal\",\"url\":\"https:\\\/\\\/discotelsisal.com\\\/fr\\\/\",\"logo\":{\"@type\":\"ImageObject\",\"inLanguage\":\"fr-FR\",\"@id\":\"https:\\\/\\\/discotelsisal.com\\\/fr\\\/#\\\/schema\\\/logo\\\/image\\\/\",\"url\":\"https:\\\/\\\/discotelsisal.com\\\/wp-content\\\/uploads\\\/2021\\\/06\\\/logo-new-resize.png\",\"contentUrl\":\"https:\\\/\\\/discotelsisal.com\\\/wp-content\\\/uploads\\\/2021\\\/06\\\/logo-new-resize.png\",\"width\":644,\"height\":200,\"caption\":\"Discotelsisal\"},\"image\":{\"@id\":\"https:\\\/\\\/discotelsisal.com\\\/fr\\\/#\\\/schema\\\/logo\\\/image\\\/\"}}]}<\/script>\n<!-- \/ Yoast SEO plugin. -->","yoast_head_json":{"title":"ROUES \u00c0 LAMELLES NWF MIXTES AVEC PAPIER ABRASIF - Discotelsisal","robots":{"index":"index","follow":"follow","max-snippet":"max-snippet:-1","max-image-preview":"max-image-preview:large","max-video-preview":"max-video-preview:-1"},"canonical":"https:\/\/discotelsisal.com\/fr\/product\/roues-a-lamelles-mixtes-avec-papier-abrasif-nwf\/","og_locale":"fr_FR","og_type":"article","og_title":"ROUES \u00c0 LAMELLES NWF MIXTES AVEC PAPIER ABRASIF - Discotelsisal","og_description":"Les roues \u00e0 lamelles NWF mixtes avec papier abrasif sont largement utilis\u00e9es aussi bien pour le pon\u00e7age du bois brut, lorsqu'il est n\u00e9cessaire de couper les fibres, que pour le pon\u00e7age des enduits \u00e0 base d'eau ou de solvant, comme le pon\u00e7age des peintures. La souplesse particuli\u00e8re du papier abrasif permet \u00e0 ce type de roue d'\u00eatre facilement fa\u00e7onn\u00e9 et de s'adapter \u00e0 tout type de profil\u00e9, m\u00eame si tr\u00e8s complexe.","og_url":"https:\/\/discotelsisal.com\/fr\/product\/roues-a-lamelles-mixtes-avec-papier-abrasif-nwf\/","og_site_name":"Discotelsisal","article_modified_time":"2023-11-23T16:23:42+00:00","og_image":[{"width":1000,"height":1000,"url":"https:\/\/discotelsisal.com\/wp-content\/uploads\/2021\/06\/01-RUOTE-MISTO-CARTATNT.jpg","type":"image\/jpeg"}],"twitter_card":"summary_large_image","twitter_misc":{"Dur\u00e9e de lecture estim\u00e9e":"1 minute"},"schema":{"@context":"https:\/\/schema.org","@graph":[{"@type":"WebPage","@id":"https:\/\/discotelsisal.com\/fr\/product\/roues-a-lamelles-mixtes-avec-papier-abrasif-nwf\/","url":"https:\/\/discotelsisal.com\/fr\/product\/roues-a-lamelles-mixtes-avec-papier-abrasif-nwf\/","name":"ROUES \u00c0 LAMELLES NWF MIXTES AVEC PAPIER ABRASIF - Discotelsisal","isPartOf":{"@id":"https:\/\/discotelsisal.com\/fr\/#website"},"primaryImageOfPage":{"@id":"https:\/\/discotelsisal.com\/fr\/product\/roues-a-lamelles-mixtes-avec-papier-abrasif-nwf\/#primaryimage"},"image":{"@id":"https:\/\/discotelsisal.com\/fr\/product\/roues-a-lamelles-mixtes-avec-papier-abrasif-nwf\/#primaryimage"},"thumbnailUrl":"https:\/\/discotelsisal.com\/wp-content\/uploads\/2021\/06\/01-RUOTE-MISTO-CARTATNT.jpg","datePublished":"2023-04-19T08:03:06+00:00","dateModified":"2023-11-23T16:23:42+00:00","breadcrumb":{"@id":"https:\/\/discotelsisal.com\/fr\/product\/roues-a-lamelles-mixtes-avec-papier-abrasif-nwf\/#breadcrumb"},"inLanguage":"fr-FR","potentialAction":[{"@type":"ReadAction","target":["https:\/\/discotelsisal.com\/fr\/product\/roues-a-lamelles-mixtes-avec-papier-abrasif-nwf\/"]}]},{"@type":"ImageObject","inLanguage":"fr-FR","@id":"https:\/\/discotelsisal.com\/fr\/product\/roues-a-lamelles-mixtes-avec-papier-abrasif-nwf\/#primaryimage","url":"https:\/\/discotelsisal.com\/wp-content\/uploads\/2021\/06\/01-RUOTE-MISTO-CARTATNT.jpg","contentUrl":"https:\/\/discotelsisal.com\/wp-content\/uploads\/2021\/06\/01-RUOTE-MISTO-CARTATNT.jpg","width":1000,"height":1000},{"@type":"BreadcrumbList","@id":"https:\/\/discotelsisal.com\/fr\/product\/roues-a-lamelles-mixtes-avec-papier-abrasif-nwf\/#breadcrumb","itemListElement":[{"@type":"ListItem","position":1,"name":"Home","item":"https:\/\/discotelsisal.com\/fr\/"},{"@type":"ListItem","position":2,"name":"Shop","item":"https:\/\/discotelsisal.com\/?page_id=2671"},{"@type":"ListItem","position":3,"name":"ROUES \u00c0 LAMELLES NWF MIXTES AVEC PAPIER ABRASIF"}]},{"@type":"WebSite","@id":"https:\/\/discotelsisal.com\/fr\/#website","url":"https:\/\/discotelsisal.com\/fr\/","name":"Discotelsisal","description":"Sanding Solutions","publisher":{"@id":"https:\/\/discotelsisal.com\/fr\/#organization"},"potentialAction":[{"@type":"SearchAction","target":{"@type":"EntryPoint","urlTemplate":"https:\/\/discotelsisal.com\/fr\/?s={search_term_string}"},"query-input":{"@type":"PropertyValueSpecification","valueRequired":true,"valueName":"search_term_string"}}],"inLanguage":"fr-FR"},{"@type":"Organization","@id":"https:\/\/discotelsisal.com\/fr\/#organization","name":"Discotelsisal","url":"https:\/\/discotelsisal.com\/fr\/","logo":{"@type":"ImageObject","inLanguage":"fr-FR","@id":"https:\/\/discotelsisal.com\/fr\/#\/schema\/logo\/image\/","url":"https:\/\/discotelsisal.com\/wp-content\/uploads\/2021\/06\/logo-new-resize.png","contentUrl":"https:\/\/discotelsisal.com\/wp-content\/uploads\/2021\/06\/logo-new-resize.png","width":644,"height":200,"caption":"Discotelsisal"},"image":{"@id":"https:\/\/discotelsisal.com\/fr\/#\/schema\/logo\/image\/"}}]}},"_links":{"self":[{"href":"https:\/\/discotelsisal.com\/fr\/wp-json\/wp\/v2\/product\/12561","targetHints":{"allow":["GET"]}}],"collection":[{"href":"https:\/\/discotelsisal.com\/fr\/wp-json\/wp\/v2\/product"}],"about":[{"href":"https:\/\/discotelsisal.com\/fr\/wp-json\/wp\/v2\/types\/product"}],"wp:featuredmedia":[{"embeddable":true,"href":"https:\/\/discotelsisal.com\/fr\/wp-json\/wp\/v2\/media\/11750"}],"wp:attachment":[{"href":"https:\/\/discotelsisal.com\/fr\/wp-json\/wp\/v2\/media?parent=12561"}],"wp:term":[{"taxonomy":"product_brand","embeddable":true,"href":"https:\/\/discotelsisal.com\/fr\/wp-json\/wp\/v2\/product_brand?post=12561"},{"taxonomy":"product_cat","embeddable":true,"href":"https:\/\/discotelsisal.com\/fr\/wp-json\/wp\/v2\/product_cat?post=12561"},{"taxonomy":"product_tag","embeddable":true,"href":"https:\/\/discotelsisal.com\/fr\/wp-json\/wp\/v2\/product_tag?post=12561"}],"curies":[{"name":"wp","href":"https:\/\/api.w.org\/{rel}","templated":true}]}}