{"id":16565,"date":"2023-12-19T15:03:31","date_gmt":"2023-12-19T15:03:31","guid":{"rendered":"https:\/\/discotelsisal.com\/?page_id=16565"},"modified":"2023-12-19T15:03:31","modified_gmt":"2023-12-19T15:03:31","slug":"roues-mixtes-avec-papier-abrasif","status":"publish","type":"page","link":"https:\/\/discotelsisal.com\/fr\/produits\/roues-mixtes-avec-papier-abrasif\/","title":{"rendered":"ROUES MIXTES AVEC PAPIER ABRASIF"},"content":{"rendered":"<div class=\"wpb-content-wrapper\"><p>[vc_row disable_background_image=\u00a0\u00bb\u00a0\u00bb simple_background_color=\u00a0\u00bb#056133&Prime;][vc_column]<div class=\"mkdf-elements-holder   mkdf-one-column  mkdf-responsive-mode-768 \" ><div class=\"mkdf-eh-item   mkdf-horizontal-alignment-center \"  data-item-class=\"mkdf-eh-custom-7130\">\n\t<div class=\"mkdf-eh-item-inner\">\n\t\t<div class=\"mkdf-eh-item-content mkdf-eh-custom-7130\" style=\"padding: 40px 0px 40px 0px\">\n\t\t\t<div class=\"mkdf-section-title-holder title-split-style   mkdf-has-appear-animation\" >\n\t<div class=\"mkdf-st-inner\">\n\t\t\t\t\t\t<h1 class=\"mkdf-st-title\" style=\"color: #ffffff\">\n\t\t\t\t\t\t\t\t\tROUES MIXTES AVEC PAPIER ABRASIF\t\t\t\t\t\t\t<\/h1>\n\t\t\t\t\t\t\t<\/div>\n<\/div>\t\t<\/div>\n\t<\/div>\n<\/div><\/div>[\/vc_column][\/vc_row][vc_row row_content_width=\u00a0\u00bbgrid\u00a0\u00bb disable_background_image=\u00a0\u00bb\u00a0\u00bb][vc_column][vc_empty_space]<div class=\"mkdf-section-title-holder title-split-style   mkdf-has-appear-animation\" >\n\t<div class=\"mkdf-st-inner\">\n\t\t\t\t\t\t<h3 class=\"mkdf-st-title\" style=\"color: #000000\">\n\t\t\t\t\t\t\t\t\tROUES MIXTES AVEC PAPIER ABRASIF\t\t\t\t\t\t\t<\/h3>\n\t\t\t\t\t\t\t<\/div>\n<\/div>[vc_column_text]Ce sont des roues compos\u00e9es de lamelles de fibre de nylon \u00ab non tiss\u00e9 \u00bb et abrasif alternant avec des lamelles de papier abrasif coll\u00e9es radialement autour d&rsquo;un noyau. Elles sont fabriqu\u00e9es en diff\u00e9rents grains, avec du \u00ab tissu non tiss\u00e9 \u00bb et du carbure de silicium. Elles sont disponibles en diff\u00e9rents formats et peuvent \u00eatre utilis\u00e9es manuellement sur des machines automatiques ou semi-automatiques. Les roues mixtes avec papier abrasif sont construites en forme de rouleaux et ensuite d\u00e9coup\u00e9es selon les \u00e9paisseurs demand\u00e9es. Elles peuvent \u00eatre utilis\u00e9es sur des surfaces planes ou fa\u00e7onn\u00e9es et s&rsquo;adaptent parfaitement \u00e0 la forme du profil\u00e9. Les roues avec papier abrasif fonctionnent dans un seul sens de rotation.[\/vc_column_text][vc_empty_space][\/vc_column][\/vc_row][vc_row row_content_width=\u00a0\u00bbgrid\u00a0\u00bb disable_background_image=\u00a0\u00bb\u00a0\u00bb simple_background_color=\u00a0\u00bb#056133&Prime;][vc_column][vc_empty_space][vc_column_text]<\/p>\n<h4 style=\"color: white\">AVANTAGES<\/h4>\n<p>[\/vc_column_text]<div class=\"mkdf-elements-holder   mkdf-two-columns  mkdf-responsive-mode-768 \" ><div class=\"mkdf-eh-item  mkdf-vertical-alignment-top  \"  data-item-class=\"mkdf-eh-custom-3061\">\n\t<div class=\"mkdf-eh-item-inner\">\n\t\t<div class=\"mkdf-eh-item-content mkdf-eh-custom-3061\" style=\"padding: 10px 30px 10px 0px\">\n\t\t\t[vc_column_text]<\/p>\n<ul>\n<li style=\"color: white\">Elles peuvent \u00eatre fa\u00e7onn\u00e9es pour s&rsquo;adapter parfaitement \u00e0 la forme du produit \u00e0 traiter<\/li>\n<li style=\"color: white\">L&rsquo;abrasif se r\u00e9g\u00e9n\u00e8re automatiquement durant le traitement, en maintenant constante la capacit\u00e9 de coupe et de finition<\/li>\n<\/ul>\n<p>[\/vc_column_text]\t\t<\/div>\n\t<\/div>\n<\/div><div class=\"mkdf-eh-item  mkdf-vertical-alignment-top  \"  data-item-class=\"mkdf-eh-custom-2399\" data-680=\"0px 0px 0px 0px\">\n\t<div class=\"mkdf-eh-item-inner\">\n\t\t<div class=\"mkdf-eh-item-content mkdf-eh-custom-2399\" style=\"padding: 10px 0px 10px 30px\">\n\t\t\t[vc_column_text]<\/p>\n<ul>\n<li style=\"color: white\">Elles peuvent \u00eatre utilis\u00e9es en s\u00e9quence avec diff\u00e9rentes combinaisons de grains<\/li>\n<li style=\"color: white\">Elles offrent un meilleur usinage que les roues TNT<\/li>\n<\/ul>\n<p>[\/vc_column_text]\t\t<\/div>\n\t<\/div>\n<\/div><\/div>[vc_empty_space][\/vc_column][\/vc_row][vc_row row_content_width=\u00a0\u00bbgrid\u00a0\u00bb disable_background_image=\u00a0\u00bb\u00a0\u00bb][vc_column][vc_empty_space]<div class=\"woocommerce columns-4 \"><ul class=\"products columns-4\">\n<li class=\"product type-product post-12561 status-publish first instock product_cat-roues-a-lamelles-nwf-mixtes-avec-papier-abrasif product_cat-roues-mixtes product_tag-discotelsisal-fr product_tag-roues-abrasives has-post-thumbnail shipping-taxable product-type-simple\">\n\t<div class=\"mkdf-pl-inner\"><div class=\"mkdf-pl-image\"><img loading=\"lazy\" decoding=\"async\" width=\"300\" height=\"300\" src=\"https:\/\/discotelsisal.com\/wp-content\/uploads\/2021\/06\/01-RUOTE-MISTO-CARTATNT-300x300.jpg\" class=\"attachment-woocommerce_thumbnail size-woocommerce_thumbnail\" alt=\"ROUES \u00c0 LAMELLES NWF MIXTES AVEC PAPIER ABRASIF\" srcset=\"https:\/\/discotelsisal.com\/wp-content\/uploads\/2021\/06\/01-RUOTE-MISTO-CARTATNT-300x300.jpg 300w, https:\/\/discotelsisal.com\/wp-content\/uploads\/2021\/06\/01-RUOTE-MISTO-CARTATNT-150x150.jpg 150w, https:\/\/discotelsisal.com\/wp-content\/uploads\/2021\/06\/01-RUOTE-MISTO-CARTATNT-768x768.jpg 768w, https:\/\/discotelsisal.com\/wp-content\/uploads\/2021\/06\/01-RUOTE-MISTO-CARTATNT-650x650.jpg 650w, https:\/\/discotelsisal.com\/wp-content\/uploads\/2021\/06\/01-RUOTE-MISTO-CARTATNT-600x600.jpg 600w, https:\/\/discotelsisal.com\/wp-content\/uploads\/2021\/06\/01-RUOTE-MISTO-CARTATNT-100x100.jpg 100w, https:\/\/discotelsisal.com\/wp-content\/uploads\/2021\/06\/01-RUOTE-MISTO-CARTATNT.jpg 1000w\" sizes=\"auto, (max-width: 300px) 100vw, 300px\" \/><div class=\"mkdf-pl-text\"><div class=\"mkdf-pl-text-outer\"><div class=\"mkdf-pl-text-inner\">\t<span id=\"woocommerce_loop_add_to_cart_link_describedby_12561\" class=\"screen-reader-text\">\n\t\t\t<\/span>\n<\/div><\/div><\/div><\/div><\/div><div class=\"mkdf-pl-text-wrapper\"><div class=\"mkdf-pl-text-wrapper-inner\"><div class=\"mkdf-pl-category\"><a href=\"https:\/\/discotelsisal.com\/fr\/product-category\/roues-mixtes\/roues-a-lamelles-nwf-mixtes-avec-papier-abrasif\/\" rel=\"tag\">Roues \u00e0 lamelles NWF mixtes avec papier abrasif<\/a><a href=\"https:\/\/discotelsisal.com\/fr\/product-category\/roues-mixtes\/\" rel=\"tag\">Roues mixtes<\/a><\/div><\/div><h5 class=\"mkdf-product-list-title\"><a href=\"https:\/\/discotelsisal.com\/fr\/product\/roues-a-lamelles-mixtes-avec-papier-abrasif-nwf\/\">ROUES \u00c0 LAMELLES NWF MIXTES AVEC PAPIER ABRASIF<\/a><\/h5>\n\t<span class=\"price\"><span class=\"woocommerce-Price-amount amount\"><bdi>70,00<span class=\"woocommerce-Price-currencySymbol\">&euro;<\/span><\/bdi><\/span><\/span>\n<\/div><a href=\"https:\/\/discotelsisal.com\/fr\/product\/roues-a-lamelles-mixtes-avec-papier-abrasif-nwf\/\" class=\"woocommerce-LoopProduct-link woocommerce-loop-product__link\"><\/a><\/li>\n<li class=\"product type-product post-12562 status-publish instock product_cat-roues-a-lamelles-nwf-mixtes-avec-papier-abrasif product_cat-roues-mixtes product_tag-discotelsisal-fr product_tag-roues-mixtes-avec-papier-abrasif has-post-thumbnail shipping-taxable product-type-simple\">\n\t<div class=\"mkdf-pl-inner\"><div class=\"mkdf-pl-image\"><img loading=\"lazy\" decoding=\"async\" width=\"300\" height=\"300\" src=\"https:\/\/discotelsisal.com\/wp-content\/uploads\/2021\/06\/02-RUOTE-MISTO-CARTASVF89-300x300.jpg\" class=\"attachment-woocommerce_thumbnail size-woocommerce_thumbnail\" alt=\"ROUES \u00c0 LAMELLES NWF SVF89 MIXTES AVEC PAPIER ABRASIF\" srcset=\"https:\/\/discotelsisal.com\/wp-content\/uploads\/2021\/06\/02-RUOTE-MISTO-CARTASVF89-300x300.jpg 300w, https:\/\/discotelsisal.com\/wp-content\/uploads\/2021\/06\/02-RUOTE-MISTO-CARTASVF89-150x150.jpg 150w, https:\/\/discotelsisal.com\/wp-content\/uploads\/2021\/06\/02-RUOTE-MISTO-CARTASVF89-768x768.jpg 768w, https:\/\/discotelsisal.com\/wp-content\/uploads\/2021\/06\/02-RUOTE-MISTO-CARTASVF89-650x650.jpg 650w, https:\/\/discotelsisal.com\/wp-content\/uploads\/2021\/06\/02-RUOTE-MISTO-CARTASVF89-600x600.jpg 600w, https:\/\/discotelsisal.com\/wp-content\/uploads\/2021\/06\/02-RUOTE-MISTO-CARTASVF89-100x100.jpg 100w, https:\/\/discotelsisal.com\/wp-content\/uploads\/2021\/06\/02-RUOTE-MISTO-CARTASVF89.jpg 1000w\" sizes=\"auto, (max-width: 300px) 100vw, 300px\" \/><div class=\"mkdf-pl-text\"><div class=\"mkdf-pl-text-outer\"><div class=\"mkdf-pl-text-inner\">\t<span id=\"woocommerce_loop_add_to_cart_link_describedby_12562\" class=\"screen-reader-text\">\n\t\t\t<\/span>\n<\/div><\/div><\/div><\/div><\/div><div class=\"mkdf-pl-text-wrapper\"><div class=\"mkdf-pl-text-wrapper-inner\"><div class=\"mkdf-pl-category\"><a href=\"https:\/\/discotelsisal.com\/fr\/product-category\/roues-mixtes\/roues-a-lamelles-nwf-mixtes-avec-papier-abrasif\/\" rel=\"tag\">Roues \u00e0 lamelles NWF mixtes avec papier abrasif<\/a><a href=\"https:\/\/discotelsisal.com\/fr\/product-category\/roues-mixtes\/\" rel=\"tag\">Roues mixtes<\/a><\/div><\/div><h5 class=\"mkdf-product-list-title\"><a href=\"https:\/\/discotelsisal.com\/fr\/product\/roues-a-lamelles-mixtes-avec-papier-abrasif-svf89\/\">ROUES \u00c0 LAMELLES NWF SVF89 MIXTES AVEC PAPIER ABRASIF<\/a><\/h5>\n\t<span class=\"price\"><span class=\"woocommerce-Price-amount amount\"><bdi>70,00<span class=\"woocommerce-Price-currencySymbol\">&euro;<\/span><\/bdi><\/span><\/span>\n<\/div><a href=\"https:\/\/discotelsisal.com\/fr\/product\/roues-a-lamelles-mixtes-avec-papier-abrasif-svf89\/\" class=\"woocommerce-LoopProduct-link woocommerce-loop-product__link\"><\/a><\/li>\n<\/ul>\n<\/div>[\/vc_column][\/vc_row]<\/p>\n<\/div>","protected":false},"excerpt":{"rendered":"<p>[vc_row disable_background_image=\u00a0\u00bb\u00a0\u00bb simple_background_color=\u00a0\u00bb#056133&Prime;][vc_column][\/vc_column][\/vc_row][vc_row row_content_width=\u00a0\u00bbgrid\u00a0\u00bb disable_background_image=\u00a0\u00bb\u00a0\u00bb][vc_column][vc_empty_space][vc_column_text]Ce sont des roues compos\u00e9es de lamelles de fibre de nylon \u00ab non tiss\u00e9 \u00bb et abrasif alternant avec des lamelles de papier abrasif coll\u00e9es radialement autour d&rsquo;un noyau. Elles sont fabriqu\u00e9es en diff\u00e9rents grains, avec du \u00ab tissu non tiss\u00e9 \u00bb et du carbure de silicium. [&hellip;]<\/p>\n","protected":false},"author":5,"featured_media":0,"parent":12702,"menu_order":0,"comment_status":"closed","ping_status":"closed","template":"full-width.php","meta":{"footnotes":""},"class_list":["post-16565","page","type-page","status-publish","hentry"],"yoast_head":"<!-- This site is optimized with the Yoast SEO plugin v27.3 - https:\/\/yoast.com\/product\/yoast-seo-wordpress\/ -->\n<title>ROUES MIXTES AVEC PAPIER ABRASIF - Discotelsisal<\/title>\n<meta name=\"robots\" content=\"index, follow, max-snippet:-1, max-image-preview:large, max-video-preview:-1\" \/>\n<link rel=\"canonical\" href=\"https:\/\/discotelsisal.com\/fr\/produits\/roues-mixtes-avec-papier-abrasif\/\" \/>\n<meta property=\"og:locale\" content=\"fr_FR\" \/>\n<meta property=\"og:type\" content=\"article\" \/>\n<meta property=\"og:title\" content=\"ROUES MIXTES AVEC PAPIER ABRASIF - Discotelsisal\" \/>\n<meta property=\"og:description\" content=\"[vc_row disable_background_image=\u00a0\u00bb\u00a0\u00bb simple_background_color=\u00a0\u00bb#056133&Prime;][vc_column][\/vc_column][\/vc_row][vc_row row_content_width=\u00a0\u00bbgrid\u00a0\u00bb disable_background_image=\u00a0\u00bb\u00a0\u00bb][vc_column][vc_empty_space][vc_column_text]Ce sont des roues compos\u00e9es de lamelles de fibre de nylon \u00ab non tiss\u00e9 \u00bb et abrasif alternant avec des lamelles de papier abrasif coll\u00e9es radialement autour d&rsquo;un noyau. Elles sont fabriqu\u00e9es en diff\u00e9rents grains, avec du \u00ab tissu non tiss\u00e9 \u00bb et du carbure de silicium. [&hellip;]\" \/>\n<meta property=\"og:url\" content=\"https:\/\/discotelsisal.com\/fr\/produits\/roues-mixtes-avec-papier-abrasif\/\" \/>\n<meta property=\"og:site_name\" content=\"Discotelsisal\" \/>\n<meta name=\"twitter:card\" content=\"summary_large_image\" \/>\n<meta name=\"twitter:label1\" content=\"Dur\u00e9e de lecture estim\u00e9e\" \/>\n\t<meta name=\"twitter:data1\" content=\"2 minutes\" \/>\n<script type=\"application\/ld+json\" class=\"yoast-schema-graph\">{\"@context\":\"https:\\\/\\\/schema.org\",\"@graph\":[{\"@type\":\"WebPage\",\"@id\":\"https:\\\/\\\/discotelsisal.com\\\/fr\\\/produits\\\/roues-mixtes-avec-papier-abrasif\\\/\",\"url\":\"https:\\\/\\\/discotelsisal.com\\\/fr\\\/produits\\\/roues-mixtes-avec-papier-abrasif\\\/\",\"name\":\"ROUES MIXTES AVEC PAPIER ABRASIF - Discotelsisal\",\"isPartOf\":{\"@id\":\"https:\\\/\\\/discotelsisal.com\\\/fr\\\/#website\"},\"datePublished\":\"2023-12-19T15:03:31+00:00\",\"breadcrumb\":{\"@id\":\"https:\\\/\\\/discotelsisal.com\\\/fr\\\/produits\\\/roues-mixtes-avec-papier-abrasif\\\/#breadcrumb\"},\"inLanguage\":\"fr-FR\",\"potentialAction\":[{\"@type\":\"ReadAction\",\"target\":[\"https:\\\/\\\/discotelsisal.com\\\/fr\\\/produits\\\/roues-mixtes-avec-papier-abrasif\\\/\"]}]},{\"@type\":\"BreadcrumbList\",\"@id\":\"https:\\\/\\\/discotelsisal.com\\\/fr\\\/produits\\\/roues-mixtes-avec-papier-abrasif\\\/#breadcrumb\",\"itemListElement\":[{\"@type\":\"ListItem\",\"position\":1,\"name\":\"Home\",\"item\":\"https:\\\/\\\/discotelsisal.com\\\/fr\\\/\"},{\"@type\":\"ListItem\",\"position\":2,\"name\":\"Produits\",\"item\":\"https:\\\/\\\/discotelsisal.com\\\/fr\\\/produits\\\/\"},{\"@type\":\"ListItem\",\"position\":3,\"name\":\"ROUES MIXTES AVEC PAPIER ABRASIF\"}]},{\"@type\":\"WebSite\",\"@id\":\"https:\\\/\\\/discotelsisal.com\\\/fr\\\/#website\",\"url\":\"https:\\\/\\\/discotelsisal.com\\\/fr\\\/\",\"name\":\"Discotelsisal\",\"description\":\"Sanding Solutions\",\"publisher\":{\"@id\":\"https:\\\/\\\/discotelsisal.com\\\/fr\\\/#organization\"},\"potentialAction\":[{\"@type\":\"SearchAction\",\"target\":{\"@type\":\"EntryPoint\",\"urlTemplate\":\"https:\\\/\\\/discotelsisal.com\\\/fr\\\/?s={search_term_string}\"},\"query-input\":{\"@type\":\"PropertyValueSpecification\",\"valueRequired\":true,\"valueName\":\"search_term_string\"}}],\"inLanguage\":\"fr-FR\"},{\"@type\":\"Organization\",\"@id\":\"https:\\\/\\\/discotelsisal.com\\\/fr\\\/#organization\",\"name\":\"Discotelsisal\",\"url\":\"https:\\\/\\\/discotelsisal.com\\\/fr\\\/\",\"logo\":{\"@type\":\"ImageObject\",\"inLanguage\":\"fr-FR\",\"@id\":\"https:\\\/\\\/discotelsisal.com\\\/fr\\\/#\\\/schema\\\/logo\\\/image\\\/\",\"url\":\"https:\\\/\\\/discotelsisal.com\\\/wp-content\\\/uploads\\\/2021\\\/06\\\/logo-new-resize.png\",\"contentUrl\":\"https:\\\/\\\/discotelsisal.com\\\/wp-content\\\/uploads\\\/2021\\\/06\\\/logo-new-resize.png\",\"width\":644,\"height\":200,\"caption\":\"Discotelsisal\"},\"image\":{\"@id\":\"https:\\\/\\\/discotelsisal.com\\\/fr\\\/#\\\/schema\\\/logo\\\/image\\\/\"}}]}<\/script>\n<!-- \/ Yoast SEO plugin. -->","yoast_head_json":{"title":"ROUES MIXTES AVEC PAPIER ABRASIF - Discotelsisal","robots":{"index":"index","follow":"follow","max-snippet":"max-snippet:-1","max-image-preview":"max-image-preview:large","max-video-preview":"max-video-preview:-1"},"canonical":"https:\/\/discotelsisal.com\/fr\/produits\/roues-mixtes-avec-papier-abrasif\/","og_locale":"fr_FR","og_type":"article","og_title":"ROUES MIXTES AVEC PAPIER ABRASIF - Discotelsisal","og_description":"[vc_row disable_background_image=\u00a0\u00bb\u00a0\u00bb simple_background_color=\u00a0\u00bb#056133&Prime;][vc_column][\/vc_column][\/vc_row][vc_row row_content_width=\u00a0\u00bbgrid\u00a0\u00bb disable_background_image=\u00a0\u00bb\u00a0\u00bb][vc_column][vc_empty_space][vc_column_text]Ce sont des roues compos\u00e9es de lamelles de fibre de nylon \u00ab non tiss\u00e9 \u00bb et abrasif alternant avec des lamelles de papier abrasif coll\u00e9es radialement autour d&rsquo;un noyau. Elles sont fabriqu\u00e9es en diff\u00e9rents grains, avec du \u00ab tissu non tiss\u00e9 \u00bb et du carbure de silicium. [&hellip;]","og_url":"https:\/\/discotelsisal.com\/fr\/produits\/roues-mixtes-avec-papier-abrasif\/","og_site_name":"Discotelsisal","twitter_card":"summary_large_image","twitter_misc":{"Dur\u00e9e de lecture estim\u00e9e":"2 minutes"},"schema":{"@context":"https:\/\/schema.org","@graph":[{"@type":"WebPage","@id":"https:\/\/discotelsisal.com\/fr\/produits\/roues-mixtes-avec-papier-abrasif\/","url":"https:\/\/discotelsisal.com\/fr\/produits\/roues-mixtes-avec-papier-abrasif\/","name":"ROUES MIXTES AVEC PAPIER ABRASIF - Discotelsisal","isPartOf":{"@id":"https:\/\/discotelsisal.com\/fr\/#website"},"datePublished":"2023-12-19T15:03:31+00:00","breadcrumb":{"@id":"https:\/\/discotelsisal.com\/fr\/produits\/roues-mixtes-avec-papier-abrasif\/#breadcrumb"},"inLanguage":"fr-FR","potentialAction":[{"@type":"ReadAction","target":["https:\/\/discotelsisal.com\/fr\/produits\/roues-mixtes-avec-papier-abrasif\/"]}]},{"@type":"BreadcrumbList","@id":"https:\/\/discotelsisal.com\/fr\/produits\/roues-mixtes-avec-papier-abrasif\/#breadcrumb","itemListElement":[{"@type":"ListItem","position":1,"name":"Home","item":"https:\/\/discotelsisal.com\/fr\/"},{"@type":"ListItem","position":2,"name":"Produits","item":"https:\/\/discotelsisal.com\/fr\/produits\/"},{"@type":"ListItem","position":3,"name":"ROUES MIXTES AVEC PAPIER ABRASIF"}]},{"@type":"WebSite","@id":"https:\/\/discotelsisal.com\/fr\/#website","url":"https:\/\/discotelsisal.com\/fr\/","name":"Discotelsisal","description":"Sanding Solutions","publisher":{"@id":"https:\/\/discotelsisal.com\/fr\/#organization"},"potentialAction":[{"@type":"SearchAction","target":{"@type":"EntryPoint","urlTemplate":"https:\/\/discotelsisal.com\/fr\/?s={search_term_string}"},"query-input":{"@type":"PropertyValueSpecification","valueRequired":true,"valueName":"search_term_string"}}],"inLanguage":"fr-FR"},{"@type":"Organization","@id":"https:\/\/discotelsisal.com\/fr\/#organization","name":"Discotelsisal","url":"https:\/\/discotelsisal.com\/fr\/","logo":{"@type":"ImageObject","inLanguage":"fr-FR","@id":"https:\/\/discotelsisal.com\/fr\/#\/schema\/logo\/image\/","url":"https:\/\/discotelsisal.com\/wp-content\/uploads\/2021\/06\/logo-new-resize.png","contentUrl":"https:\/\/discotelsisal.com\/wp-content\/uploads\/2021\/06\/logo-new-resize.png","width":644,"height":200,"caption":"Discotelsisal"},"image":{"@id":"https:\/\/discotelsisal.com\/fr\/#\/schema\/logo\/image\/"}}]}},"_links":{"self":[{"href":"https:\/\/discotelsisal.com\/fr\/wp-json\/wp\/v2\/pages\/16565","targetHints":{"allow":["GET"]}}],"collection":[{"href":"https:\/\/discotelsisal.com\/fr\/wp-json\/wp\/v2\/pages"}],"about":[{"href":"https:\/\/discotelsisal.com\/fr\/wp-json\/wp\/v2\/types\/page"}],"author":[{"embeddable":true,"href":"https:\/\/discotelsisal.com\/fr\/wp-json\/wp\/v2\/users\/5"}],"replies":[{"embeddable":true,"href":"https:\/\/discotelsisal.com\/fr\/wp-json\/wp\/v2\/comments?post=16565"}],"version-history":[{"count":1,"href":"https:\/\/discotelsisal.com\/fr\/wp-json\/wp\/v2\/pages\/16565\/revisions"}],"predecessor-version":[{"id":16566,"href":"https:\/\/discotelsisal.com\/fr\/wp-json\/wp\/v2\/pages\/16565\/revisions\/16566"}],"up":[{"embeddable":true,"href":"https:\/\/discotelsisal.com\/fr\/wp-json\/wp\/v2\/pages\/12702"}],"wp:attachment":[{"href":"https:\/\/discotelsisal.com\/fr\/wp-json\/wp\/v2\/media?parent=16565"}],"curies":[{"name":"wp","href":"https:\/\/api.w.org\/{rel}","templated":true}]}}