{"id":12648,"date":"2023-04-21T09:40:25","date_gmt":"2023-04-21T09:40:25","guid":{"rendered":"https:\/\/discotelsisal.com\/?page_id=12648"},"modified":"2023-04-21T09:51:10","modified_gmt":"2023-04-21T09:51:10","slug":"roues-de-contact","status":"publish","type":"page","link":"https:\/\/discotelsisal.com\/fr\/produits\/roues-de-contact\/","title":{"rendered":"ROUES DE CONTACT"},"content":{"rendered":"<div class=\"wpb-content-wrapper\"><p>[vc_row disable_background_image=\u00a0\u00bb\u00a0\u00bb simple_background_color=\u00a0\u00bb#056133&Prime;][vc_column]<div class=\"mkdf-elements-holder   mkdf-one-column  mkdf-responsive-mode-768 \" ><div class=\"mkdf-eh-item   mkdf-horizontal-alignment-center \"  data-item-class=\"mkdf-eh-custom-1005\">\n\t<div class=\"mkdf-eh-item-inner\">\n\t\t<div class=\"mkdf-eh-item-content mkdf-eh-custom-1005\" style=\"padding: 40px 0px 40px 0px\">\n\t\t\t<div class=\"mkdf-section-title-holder title-split-style   mkdf-has-appear-animation\" >\n\t<div class=\"mkdf-st-inner\">\n\t\t\t\t\t\t<h1 class=\"mkdf-st-title\" style=\"color: #ffffff\">\n\t\t\t\t\t\t\t\t\tROUES DE CONTACT\t\t\t\t\t\t\t<\/h1>\n\t\t\t\t\t\t\t<\/div>\n<\/div>\t\t<\/div>\n\t<\/div>\n<\/div><\/div>[\/vc_column][\/vc_row][vc_row row_content_width=\u00a0\u00bbgrid\u00a0\u00bb disable_background_image=\u00a0\u00bb\u00a0\u00bb][vc_column][vc_empty_space][vc_column_text]<\/p>\n<p class=\"p1\">Les roues de contact avec lamelles cuir + \u00e9ponge sont compos\u00e9es de lamelles en polyur\u00e9thane alternant avec des lamelles en tissu de coton coagul\u00e9 et sp\u00e9cialement trait\u00e9 pour obtenir une excellente \u00e9lasticit\u00e9 et r\u00e9sistance \u00e0 la chaleur.<br \/>\nElles sont disponibles en trois types diff\u00e9rents:<\/p>\n<ul>\n<li>ROUES DE CONTACT AVEC LAMELLES EN CUIR + \u00c9PONGE<\/li>\n<li>ROUES DE CONTACT AVEC LAMELLES VULKOLLAN\u00ae<\/li>\n<li>ROUES DE CONTACT LISSES EN VULKOLLAN\u00ae<\/li>\n<\/ul>\n<p><strong>VULKOLLAN\u00ae est une marque d\u00e9pos\u00e9e de BAYER AG<\/strong>[\/vc_column_text][vc_empty_space][\/vc_column][\/vc_row][vc_row disable_element=\u00a0\u00bbyes\u00a0\u00bb row_content_width=\u00a0\u00bbgrid\u00a0\u00bb disable_background_image=\u00a0\u00bb\u00a0\u00bb simple_background_color=\u00a0\u00bb#056133&Prime;][vc_column]<div class=\"mkdf-elements-holder   mkdf-two-columns  mkdf-responsive-mode-768 \" ><div class=\"mkdf-eh-item  mkdf-vertical-alignment-top  \"  data-item-class=\"mkdf-eh-custom-7259\">\n\t<div class=\"mkdf-eh-item-inner\">\n\t\t<div class=\"mkdf-eh-item-content mkdf-eh-custom-7259\" style=\"padding: 10px 30px 10px 0px\">\n\t\t\t[vc_column_text]<\/p>\n<h4 style=\"color: white;\">ADVANTAGES<\/h4>\n<ul>\n<li style=\"color: white;\">They have a longer life<\/li>\n<li style=\"color: white;\">They have greater cutting power<\/li>\n<li style=\"color: white;\">They maintain the shape better than the normal NWF flaps even on complex parts<\/li>\n<li style=\"color: white;\">The abrasive regenerates automatically during processing, maintaining a constant cutting power and finishing capacity<\/li>\n<li style=\"color: white;\">The abrasive regenerates automatically during processing, maintaining a constant cutting power and finishing capacity<\/li>\n<li style=\"color: white;\">They can be produced with different densities according to the surface to be worked<\/li>\n<\/ul>\n<p>[\/vc_column_text]\t\t<\/div>\n\t<\/div>\n<\/div><div class=\"mkdf-eh-item  mkdf-vertical-alignment-top  \"  data-item-class=\"mkdf-eh-custom-5587\" data-680=\"0px 0px 0px 0px\">\n\t<div class=\"mkdf-eh-item-inner\">\n\t\t<div class=\"mkdf-eh-item-content mkdf-eh-custom-5587\" style=\"padding: 10px 0px 10px 30px\">\n\t\t\t[vc_column_text]<\/p>\n<h4 style=\"color: white;\">APPLICATIONS<\/h4>\n<ul>\n<li style=\"color: white;\">Raw wood sanding<\/li>\n<li style=\"color: white;\">MDF sanding<\/li>\n<li style=\"color: white;\">Paint buffing<\/li>\n<li style=\"color: white;\">Micro-deburring operations<\/li>\n<li style=\"color: white;\">Welding cleaning<\/li>\n<li style=\"color: white;\">PCB surface oxidation removal<\/li>\n<li style=\"color: white;\">Removal of glaze on tile edges<\/li>\n<\/ul>\n<p>[\/vc_column_text]\t\t<\/div>\n\t<\/div>\n<\/div><\/div>[vc_empty_space][\/vc_column][\/vc_row][vc_row row_content_width=\u00a0\u00bbgrid\u00a0\u00bb disable_background_image=\u00a0\u00bb\u00a0\u00bb][vc_column][vc_empty_space]<div class=\"woocommerce columns-4 \"><ul class=\"products columns-4\">\n<li class=\"product type-product post-12650 status-publish first instock product_cat-roues-de-contact product_tag-discotelsisal-fr product_tag-roues-de-contact has-post-thumbnail shipping-taxable product-type-simple\">\n\t<div class=\"mkdf-pl-inner\"><div class=\"mkdf-pl-image\"><img loading=\"lazy\" decoding=\"async\" width=\"300\" height=\"300\" src=\"https:\/\/discotelsisal.com\/wp-content\/uploads\/2021\/07\/01-RUOTE-di-CONTATTO-a-LAMELLE-PELLESPUGNA-300x300.jpg\" class=\"attachment-woocommerce_thumbnail size-woocommerce_thumbnail\" alt=\"ROUES DE CONTACT AVEC LAMELLES EN CUIR + \u00c9PONGE\" srcset=\"https:\/\/discotelsisal.com\/wp-content\/uploads\/2021\/07\/01-RUOTE-di-CONTATTO-a-LAMELLE-PELLESPUGNA-300x300.jpg 300w, https:\/\/discotelsisal.com\/wp-content\/uploads\/2021\/07\/01-RUOTE-di-CONTATTO-a-LAMELLE-PELLESPUGNA-150x150.jpg 150w, https:\/\/discotelsisal.com\/wp-content\/uploads\/2021\/07\/01-RUOTE-di-CONTATTO-a-LAMELLE-PELLESPUGNA-768x768.jpg 768w, https:\/\/discotelsisal.com\/wp-content\/uploads\/2021\/07\/01-RUOTE-di-CONTATTO-a-LAMELLE-PELLESPUGNA-650x650.jpg 650w, https:\/\/discotelsisal.com\/wp-content\/uploads\/2021\/07\/01-RUOTE-di-CONTATTO-a-LAMELLE-PELLESPUGNA-600x600.jpg 600w, https:\/\/discotelsisal.com\/wp-content\/uploads\/2021\/07\/01-RUOTE-di-CONTATTO-a-LAMELLE-PELLESPUGNA-100x100.jpg 100w, https:\/\/discotelsisal.com\/wp-content\/uploads\/2021\/07\/01-RUOTE-di-CONTATTO-a-LAMELLE-PELLESPUGNA.jpg 1000w\" sizes=\"auto, (max-width: 300px) 100vw, 300px\" \/><div class=\"mkdf-pl-text\"><div class=\"mkdf-pl-text-outer\"><div class=\"mkdf-pl-text-inner\">\t<span id=\"woocommerce_loop_add_to_cart_link_describedby_12650\" class=\"screen-reader-text\">\n\t\t\t<\/span>\n<\/div><\/div><\/div><\/div><\/div><div class=\"mkdf-pl-text-wrapper\"><div class=\"mkdf-pl-text-wrapper-inner\"><div class=\"mkdf-pl-category\"><a href=\"https:\/\/discotelsisal.com\/fr\/product-category\/roues-de-contact\/\" rel=\"tag\">Roues de contact<\/a><\/div><\/div><h5 class=\"mkdf-product-list-title\"><a href=\"https:\/\/discotelsisal.com\/fr\/product\/roues-de-contact-avec-lamelles-en-cuir-eponge\/\">ROUES DE CONTACT AVEC LAMELLES EN CUIR + \u00c9PONGE<\/a><\/h5>\n\t<span class=\"price\"><span class=\"woocommerce-Price-amount amount\"><bdi>70,00<span class=\"woocommerce-Price-currencySymbol\">&euro;<\/span><\/bdi><\/span><\/span>\n<\/div><a href=\"https:\/\/discotelsisal.com\/fr\/product\/roues-de-contact-avec-lamelles-en-cuir-eponge\/\" class=\"woocommerce-LoopProduct-link woocommerce-loop-product__link\"><\/a><\/li>\n<li class=\"product type-product post-12651 status-publish instock product_cat-roues-de-contact product_tag-discotelsisal-fr product_tag-roues-de-contact has-post-thumbnail shipping-taxable product-type-simple\">\n\t<div class=\"mkdf-pl-inner\"><div class=\"mkdf-pl-image\"><img loading=\"lazy\" decoding=\"async\" width=\"300\" height=\"300\" src=\"https:\/\/discotelsisal.com\/wp-content\/uploads\/2021\/07\/02-RUOTE-di-CONTATTO-a-LAMELLE-e-LISCE-in-VULKOLLAN-300x300.jpg\" class=\"attachment-woocommerce_thumbnail size-woocommerce_thumbnail\" alt=\"ROUES DE CONTACT AVEC LAMELLES ET LISSES EN VULKOLLAN\u00ae\" srcset=\"https:\/\/discotelsisal.com\/wp-content\/uploads\/2021\/07\/02-RUOTE-di-CONTATTO-a-LAMELLE-e-LISCE-in-VULKOLLAN-300x300.jpg 300w, https:\/\/discotelsisal.com\/wp-content\/uploads\/2021\/07\/02-RUOTE-di-CONTATTO-a-LAMELLE-e-LISCE-in-VULKOLLAN-150x150.jpg 150w, https:\/\/discotelsisal.com\/wp-content\/uploads\/2021\/07\/02-RUOTE-di-CONTATTO-a-LAMELLE-e-LISCE-in-VULKOLLAN-768x768.jpg 768w, https:\/\/discotelsisal.com\/wp-content\/uploads\/2021\/07\/02-RUOTE-di-CONTATTO-a-LAMELLE-e-LISCE-in-VULKOLLAN-650x650.jpg 650w, https:\/\/discotelsisal.com\/wp-content\/uploads\/2021\/07\/02-RUOTE-di-CONTATTO-a-LAMELLE-e-LISCE-in-VULKOLLAN-600x600.jpg 600w, https:\/\/discotelsisal.com\/wp-content\/uploads\/2021\/07\/02-RUOTE-di-CONTATTO-a-LAMELLE-e-LISCE-in-VULKOLLAN-100x100.jpg 100w, https:\/\/discotelsisal.com\/wp-content\/uploads\/2021\/07\/02-RUOTE-di-CONTATTO-a-LAMELLE-e-LISCE-in-VULKOLLAN.jpg 1000w\" sizes=\"auto, (max-width: 300px) 100vw, 300px\" \/><div class=\"mkdf-pl-text\"><div class=\"mkdf-pl-text-outer\"><div class=\"mkdf-pl-text-inner\">\t<span id=\"woocommerce_loop_add_to_cart_link_describedby_12651\" class=\"screen-reader-text\">\n\t\t\t<\/span>\n<\/div><\/div><\/div><\/div><\/div><div class=\"mkdf-pl-text-wrapper\"><div class=\"mkdf-pl-text-wrapper-inner\"><div class=\"mkdf-pl-category\"><a href=\"https:\/\/discotelsisal.com\/fr\/product-category\/roues-de-contact\/\" rel=\"tag\">Roues de contact<\/a><\/div><\/div><h5 class=\"mkdf-product-list-title\"><a href=\"https:\/\/discotelsisal.com\/fr\/product\/roues-de-contact-avec-lamelles-et-lisses-en-vulkollan\/\">ROUES DE CONTACT AVEC LAMELLES ET LISSES EN VULKOLLAN\u00ae<\/a><\/h5>\n\t<span class=\"price\"><span class=\"woocommerce-Price-amount amount\"><bdi>70,00<span class=\"woocommerce-Price-currencySymbol\">&euro;<\/span><\/bdi><\/span><\/span>\n<\/div><a href=\"https:\/\/discotelsisal.com\/fr\/product\/roues-de-contact-avec-lamelles-et-lisses-en-vulkollan\/\" class=\"woocommerce-LoopProduct-link woocommerce-loop-product__link\"><\/a><\/li>\n<\/ul>\n<\/div>[\/vc_column][\/vc_row]<\/p>\n<\/div>","protected":false},"excerpt":{"rendered":"<p>[vc_row disable_background_image=\u00a0\u00bb\u00a0\u00bb simple_background_color=\u00a0\u00bb#056133&Prime;][vc_column][\/vc_column][\/vc_row][vc_row row_content_width=\u00a0\u00bbgrid\u00a0\u00bb disable_background_image=\u00a0\u00bb\u00a0\u00bb][vc_column][vc_empty_space][vc_column_text] Les roues de contact avec lamelles cuir + \u00e9ponge sont compos\u00e9es de lamelles en polyur\u00e9thane alternant avec des lamelles en tissu de coton coagul\u00e9 et sp\u00e9cialement trait\u00e9 pour obtenir une excellente \u00e9lasticit\u00e9 et r\u00e9sistance \u00e0 la chaleur. Elles sont disponibles en trois types diff\u00e9rents: ROUES DE [&hellip;]<\/p>\n","protected":false},"author":5,"featured_media":0,"parent":12702,"menu_order":0,"comment_status":"closed","ping_status":"closed","template":"full-width.php","meta":{"footnotes":""},"class_list":["post-12648","page","type-page","status-publish","hentry"],"yoast_head":"<!-- This site is optimized with the Yoast SEO plugin v27.3 - https:\/\/yoast.com\/product\/yoast-seo-wordpress\/ -->\n<title>ROUES DE CONTACT - Discotelsisal<\/title>\n<meta name=\"robots\" content=\"index, follow, max-snippet:-1, max-image-preview:large, max-video-preview:-1\" \/>\n<link rel=\"canonical\" href=\"https:\/\/discotelsisal.com\/fr\/produits\/roues-de-contact\/\" \/>\n<meta property=\"og:locale\" content=\"fr_FR\" \/>\n<meta property=\"og:type\" content=\"article\" \/>\n<meta property=\"og:title\" content=\"ROUES DE CONTACT - Discotelsisal\" \/>\n<meta property=\"og:description\" content=\"[vc_row disable_background_image=\u00a0\u00bb\u00a0\u00bb simple_background_color=\u00a0\u00bb#056133&Prime;][vc_column][\/vc_column][\/vc_row][vc_row row_content_width=\u00a0\u00bbgrid\u00a0\u00bb disable_background_image=\u00a0\u00bb\u00a0\u00bb][vc_column][vc_empty_space][vc_column_text] Les roues de contact avec lamelles cuir + \u00e9ponge sont compos\u00e9es de lamelles en polyur\u00e9thane alternant avec des lamelles en tissu de coton coagul\u00e9 et sp\u00e9cialement trait\u00e9 pour obtenir une excellente \u00e9lasticit\u00e9 et r\u00e9sistance \u00e0 la chaleur. Elles sont disponibles en trois types diff\u00e9rents: ROUES DE [&hellip;]\" \/>\n<meta property=\"og:url\" content=\"https:\/\/discotelsisal.com\/fr\/produits\/roues-de-contact\/\" \/>\n<meta property=\"og:site_name\" content=\"Discotelsisal\" \/>\n<meta property=\"article:modified_time\" content=\"2023-04-21T09:51:10+00:00\" \/>\n<meta name=\"twitter:card\" content=\"summary_large_image\" \/>\n<meta name=\"twitter:label1\" content=\"Dur\u00e9e de lecture estim\u00e9e\" \/>\n\t<meta name=\"twitter:data1\" content=\"1 minute\" \/>\n<script type=\"application\/ld+json\" class=\"yoast-schema-graph\">{\"@context\":\"https:\\\/\\\/schema.org\",\"@graph\":[{\"@type\":\"WebPage\",\"@id\":\"https:\\\/\\\/discotelsisal.com\\\/fr\\\/produits\\\/roues-de-contact\\\/\",\"url\":\"https:\\\/\\\/discotelsisal.com\\\/fr\\\/produits\\\/roues-de-contact\\\/\",\"name\":\"ROUES DE CONTACT - Discotelsisal\",\"isPartOf\":{\"@id\":\"https:\\\/\\\/discotelsisal.com\\\/fr\\\/#website\"},\"datePublished\":\"2023-04-21T09:40:25+00:00\",\"dateModified\":\"2023-04-21T09:51:10+00:00\",\"breadcrumb\":{\"@id\":\"https:\\\/\\\/discotelsisal.com\\\/fr\\\/produits\\\/roues-de-contact\\\/#breadcrumb\"},\"inLanguage\":\"fr-FR\",\"potentialAction\":[{\"@type\":\"ReadAction\",\"target\":[\"https:\\\/\\\/discotelsisal.com\\\/fr\\\/produits\\\/roues-de-contact\\\/\"]}]},{\"@type\":\"BreadcrumbList\",\"@id\":\"https:\\\/\\\/discotelsisal.com\\\/fr\\\/produits\\\/roues-de-contact\\\/#breadcrumb\",\"itemListElement\":[{\"@type\":\"ListItem\",\"position\":1,\"name\":\"Home\",\"item\":\"https:\\\/\\\/discotelsisal.com\\\/fr\\\/\"},{\"@type\":\"ListItem\",\"position\":2,\"name\":\"ROUES DE CONTACT\"}]},{\"@type\":\"WebSite\",\"@id\":\"https:\\\/\\\/discotelsisal.com\\\/fr\\\/#website\",\"url\":\"https:\\\/\\\/discotelsisal.com\\\/fr\\\/\",\"name\":\"Discotelsisal\",\"description\":\"Sanding Solutions\",\"publisher\":{\"@id\":\"https:\\\/\\\/discotelsisal.com\\\/fr\\\/#organization\"},\"potentialAction\":[{\"@type\":\"SearchAction\",\"target\":{\"@type\":\"EntryPoint\",\"urlTemplate\":\"https:\\\/\\\/discotelsisal.com\\\/fr\\\/?s={search_term_string}\"},\"query-input\":{\"@type\":\"PropertyValueSpecification\",\"valueRequired\":true,\"valueName\":\"search_term_string\"}}],\"inLanguage\":\"fr-FR\"},{\"@type\":\"Organization\",\"@id\":\"https:\\\/\\\/discotelsisal.com\\\/fr\\\/#organization\",\"name\":\"Discotelsisal\",\"url\":\"https:\\\/\\\/discotelsisal.com\\\/fr\\\/\",\"logo\":{\"@type\":\"ImageObject\",\"inLanguage\":\"fr-FR\",\"@id\":\"https:\\\/\\\/discotelsisal.com\\\/fr\\\/#\\\/schema\\\/logo\\\/image\\\/\",\"url\":\"https:\\\/\\\/discotelsisal.com\\\/wp-content\\\/uploads\\\/2021\\\/06\\\/logo-new-resize.png\",\"contentUrl\":\"https:\\\/\\\/discotelsisal.com\\\/wp-content\\\/uploads\\\/2021\\\/06\\\/logo-new-resize.png\",\"width\":644,\"height\":200,\"caption\":\"Discotelsisal\"},\"image\":{\"@id\":\"https:\\\/\\\/discotelsisal.com\\\/fr\\\/#\\\/schema\\\/logo\\\/image\\\/\"}}]}<\/script>\n<!-- \/ Yoast SEO plugin. -->","yoast_head_json":{"title":"ROUES DE CONTACT - Discotelsisal","robots":{"index":"index","follow":"follow","max-snippet":"max-snippet:-1","max-image-preview":"max-image-preview:large","max-video-preview":"max-video-preview:-1"},"canonical":"https:\/\/discotelsisal.com\/fr\/produits\/roues-de-contact\/","og_locale":"fr_FR","og_type":"article","og_title":"ROUES DE CONTACT - Discotelsisal","og_description":"[vc_row disable_background_image=\u00a0\u00bb\u00a0\u00bb simple_background_color=\u00a0\u00bb#056133&Prime;][vc_column][\/vc_column][\/vc_row][vc_row row_content_width=\u00a0\u00bbgrid\u00a0\u00bb disable_background_image=\u00a0\u00bb\u00a0\u00bb][vc_column][vc_empty_space][vc_column_text] Les roues de contact avec lamelles cuir + \u00e9ponge sont compos\u00e9es de lamelles en polyur\u00e9thane alternant avec des lamelles en tissu de coton coagul\u00e9 et sp\u00e9cialement trait\u00e9 pour obtenir une excellente \u00e9lasticit\u00e9 et r\u00e9sistance \u00e0 la chaleur. Elles sont disponibles en trois types diff\u00e9rents: ROUES DE [&hellip;]","og_url":"https:\/\/discotelsisal.com\/fr\/produits\/roues-de-contact\/","og_site_name":"Discotelsisal","article_modified_time":"2023-04-21T09:51:10+00:00","twitter_card":"summary_large_image","twitter_misc":{"Dur\u00e9e de lecture estim\u00e9e":"1 minute"},"schema":{"@context":"https:\/\/schema.org","@graph":[{"@type":"WebPage","@id":"https:\/\/discotelsisal.com\/fr\/produits\/roues-de-contact\/","url":"https:\/\/discotelsisal.com\/fr\/produits\/roues-de-contact\/","name":"ROUES DE CONTACT - Discotelsisal","isPartOf":{"@id":"https:\/\/discotelsisal.com\/fr\/#website"},"datePublished":"2023-04-21T09:40:25+00:00","dateModified":"2023-04-21T09:51:10+00:00","breadcrumb":{"@id":"https:\/\/discotelsisal.com\/fr\/produits\/roues-de-contact\/#breadcrumb"},"inLanguage":"fr-FR","potentialAction":[{"@type":"ReadAction","target":["https:\/\/discotelsisal.com\/fr\/produits\/roues-de-contact\/"]}]},{"@type":"BreadcrumbList","@id":"https:\/\/discotelsisal.com\/fr\/produits\/roues-de-contact\/#breadcrumb","itemListElement":[{"@type":"ListItem","position":1,"name":"Home","item":"https:\/\/discotelsisal.com\/fr\/"},{"@type":"ListItem","position":2,"name":"ROUES DE CONTACT"}]},{"@type":"WebSite","@id":"https:\/\/discotelsisal.com\/fr\/#website","url":"https:\/\/discotelsisal.com\/fr\/","name":"Discotelsisal","description":"Sanding Solutions","publisher":{"@id":"https:\/\/discotelsisal.com\/fr\/#organization"},"potentialAction":[{"@type":"SearchAction","target":{"@type":"EntryPoint","urlTemplate":"https:\/\/discotelsisal.com\/fr\/?s={search_term_string}"},"query-input":{"@type":"PropertyValueSpecification","valueRequired":true,"valueName":"search_term_string"}}],"inLanguage":"fr-FR"},{"@type":"Organization","@id":"https:\/\/discotelsisal.com\/fr\/#organization","name":"Discotelsisal","url":"https:\/\/discotelsisal.com\/fr\/","logo":{"@type":"ImageObject","inLanguage":"fr-FR","@id":"https:\/\/discotelsisal.com\/fr\/#\/schema\/logo\/image\/","url":"https:\/\/discotelsisal.com\/wp-content\/uploads\/2021\/06\/logo-new-resize.png","contentUrl":"https:\/\/discotelsisal.com\/wp-content\/uploads\/2021\/06\/logo-new-resize.png","width":644,"height":200,"caption":"Discotelsisal"},"image":{"@id":"https:\/\/discotelsisal.com\/fr\/#\/schema\/logo\/image\/"}}]}},"_links":{"self":[{"href":"https:\/\/discotelsisal.com\/fr\/wp-json\/wp\/v2\/pages\/12648","targetHints":{"allow":["GET"]}}],"collection":[{"href":"https:\/\/discotelsisal.com\/fr\/wp-json\/wp\/v2\/pages"}],"about":[{"href":"https:\/\/discotelsisal.com\/fr\/wp-json\/wp\/v2\/types\/page"}],"author":[{"embeddable":true,"href":"https:\/\/discotelsisal.com\/fr\/wp-json\/wp\/v2\/users\/5"}],"replies":[{"embeddable":true,"href":"https:\/\/discotelsisal.com\/fr\/wp-json\/wp\/v2\/comments?post=12648"}],"version-history":[{"count":2,"href":"https:\/\/discotelsisal.com\/fr\/wp-json\/wp\/v2\/pages\/12648\/revisions"}],"predecessor-version":[{"id":12652,"href":"https:\/\/discotelsisal.com\/fr\/wp-json\/wp\/v2\/pages\/12648\/revisions\/12652"}],"up":[{"embeddable":true,"href":"https:\/\/discotelsisal.com\/fr\/wp-json\/wp\/v2\/pages\/12702"}],"wp:attachment":[{"href":"https:\/\/discotelsisal.com\/fr\/wp-json\/wp\/v2\/media?parent=12648"}],"curies":[{"name":"wp","href":"https:\/\/api.w.org\/{rel}","templated":true}]}}