{"id":12619,"date":"2023-04-21T08:32:46","date_gmt":"2023-04-21T08:32:46","guid":{"rendered":"https:\/\/discotelsisal.com\/?page_id=12619"},"modified":"2023-12-15T07:04:34","modified_gmt":"2023-12-15T07:04:34","slug":"disques-abrasifs-nwf","status":"publish","type":"page","link":"https:\/\/discotelsisal.com\/fr\/produits\/disques-abrasifs-nwf\/","title":{"rendered":"DISQUES ABRASIFS NWF"},"content":{"rendered":"<div class=\"wpb-content-wrapper\"><p>[vc_row disable_background_image=\u00a0\u00bb\u00a0\u00bb simple_background_color=\u00a0\u00bb#056133&Prime;][vc_column]<div class=\"mkdf-elements-holder   mkdf-one-column  mkdf-responsive-mode-768 \" ><div class=\"mkdf-eh-item   mkdf-horizontal-alignment-center \"  data-item-class=\"mkdf-eh-custom-6611\">\n\t<div class=\"mkdf-eh-item-inner\">\n\t\t<div class=\"mkdf-eh-item-content mkdf-eh-custom-6611\" style=\"padding: 40px 0px 40px 0px\">\n\t\t\t<div class=\"mkdf-section-title-holder title-split-style   mkdf-has-appear-animation\" >\n\t<div class=\"mkdf-st-inner\">\n\t\t\t\t\t\t<h1 class=\"mkdf-st-title\" style=\"color: #ffffff\">\n\t\t\t\t\t\t\t\t\tDISQUES ABRASIFS NWF\t\t\t\t\t\t\t<\/h1>\n\t\t\t\t\t\t\t<\/div>\n<\/div>\t\t<\/div>\n\t<\/div>\n<\/div><\/div>[\/vc_column][\/vc_row][vc_row row_content_width=\u00a0\u00bbgrid\u00a0\u00bb disable_background_image=\u00a0\u00bb\u00a0\u00bb][vc_column][vc_empty_space][vc_column_text]Les disques abrasifs NWF sont disponibles en oxyde d&rsquo;aluminium et en carbure de silicium, dans diff\u00e9rents grains et tailles. Ils sont normalement utilis\u00e9s assembl\u00e9s pour former une roue et sont g\u00e9n\u00e9ralement mont\u00e9s sur des machines fixes ou sur des outils portables. Ils conviennent pour la finition de pi\u00e8ces m\u00e9talliques lorsqu&rsquo;il y a des probl\u00e8mes de taille et d&rsquo;espace. Ils peuvent \u00eatre utilis\u00e9s \u00e0 sec ou avec des lubrifiants liquides ou solides.[\/vc_column_text][vc_empty_space][\/vc_column][\/vc_row][vc_row row_content_width=\u00a0\u00bbgrid\u00a0\u00bb disable_background_image=\u00a0\u00bb\u00a0\u00bb simple_background_color=\u00a0\u00bb#056133&Prime;][vc_column]<div class=\"mkdf-elements-holder   mkdf-two-columns  mkdf-responsive-mode-768 \" ><div class=\"mkdf-eh-item  mkdf-vertical-alignment-top  \"  data-item-class=\"mkdf-eh-custom-9522\">\n\t<div class=\"mkdf-eh-item-inner\">\n\t\t<div class=\"mkdf-eh-item-content mkdf-eh-custom-9522\" style=\"padding: 10px 30px 10px 0px\">\n\t\t\t[vc_column_text]<\/p>\n<h4 style=\"color: white\">AVANTAGES<\/h4>\n<ul>\n<li style=\"color: white\">Ils fonctionnent dans les deux sens de rotation<\/li>\n<li style=\"color: white\">L&rsquo;abrasif se r\u00e9g\u00e9n\u00e8re automatiquement durant le traitement, en maintenant constante la capacit\u00e9 de coupe et de finition<\/li>\n<li style=\"color: white\">Ils permettent \u00e9galement de travailler sur des pi\u00e8ces tr\u00e8s \u00e9troites ou irr\u00e9guli\u00e8res<\/li>\n<\/ul>\n<p>[\/vc_column_text]\t\t<\/div>\n\t<\/div>\n<\/div><div class=\"mkdf-eh-item  mkdf-vertical-alignment-top  \"  data-item-class=\"mkdf-eh-custom-1909\" data-680=\"0px 0px 0px 0px\">\n\t<div class=\"mkdf-eh-item-inner\">\n\t\t<div class=\"mkdf-eh-item-content mkdf-eh-custom-1909\" style=\"padding: 10px 0px 10px 30px\">\n\t\t\t[vc_column_text]<\/p>\n<h4 style=\"color: white\">APPLICATIONS<\/h4>\n<ul>\n<li style=\"color: white\">Satinage des m\u00e9taux<\/li>\n<li style=\"color: white\">Masquage m\u00e9tallique<\/li>\n<li style=\"color: white\">Nettoyage de soudures<\/li>\n<li style=\"color: white\">Polissage sur acier inoxydable<\/li>\n<li style=\"color: white\">Pon\u00e7age de peintures<\/li>\n<li style=\"color: white\">Nettoyage des sols<\/li>\n<\/ul>\n<p>[\/vc_column_text]\t\t<\/div>\n\t<\/div>\n<\/div><\/div>[vc_empty_space][\/vc_column][\/vc_row][vc_row row_content_width=\u00a0\u00bbgrid\u00a0\u00bb disable_background_image=\u00a0\u00bb\u00a0\u00bb][vc_column][vc_empty_space]<div class=\"woocommerce columns-4 \"><ul class=\"products columns-4\">\n<li class=\"product type-product post-12613 status-publish first instock product_cat-disques-abrasifs-nwf product_tag-discotelsisal-fr product_tag-disques has-post-thumbnail shipping-taxable product-type-simple\">\n\t<div class=\"mkdf-pl-inner\"><div class=\"mkdf-pl-image\"><img loading=\"lazy\" decoding=\"async\" width=\"300\" height=\"300\" src=\"https:\/\/discotelsisal.com\/wp-content\/uploads\/2021\/07\/01-DISCHI-TNT-300x300.jpg\" class=\"attachment-woocommerce_thumbnail size-woocommerce_thumbnail\" alt=\"DISQUES ABRASIFS NWF\" srcset=\"https:\/\/discotelsisal.com\/wp-content\/uploads\/2021\/07\/01-DISCHI-TNT-300x300.jpg 300w, https:\/\/discotelsisal.com\/wp-content\/uploads\/2021\/07\/01-DISCHI-TNT-150x150.jpg 150w, https:\/\/discotelsisal.com\/wp-content\/uploads\/2021\/07\/01-DISCHI-TNT-650x650.jpg 650w, https:\/\/discotelsisal.com\/wp-content\/uploads\/2021\/07\/01-DISCHI-TNT-600x600.jpg 600w, https:\/\/discotelsisal.com\/wp-content\/uploads\/2021\/07\/01-DISCHI-TNT-100x100.jpg 100w, https:\/\/discotelsisal.com\/wp-content\/uploads\/2021\/07\/01-DISCHI-TNT.jpg 746w\" sizes=\"auto, (max-width: 300px) 100vw, 300px\" \/><div class=\"mkdf-pl-text\"><div class=\"mkdf-pl-text-outer\"><div class=\"mkdf-pl-text-inner\">\t<span id=\"woocommerce_loop_add_to_cart_link_describedby_12613\" class=\"screen-reader-text\">\n\t\t\t<\/span>\n<\/div><\/div><\/div><\/div><\/div><div class=\"mkdf-pl-text-wrapper\"><div class=\"mkdf-pl-text-wrapper-inner\"><div class=\"mkdf-pl-category\"><a href=\"https:\/\/discotelsisal.com\/fr\/product-category\/disques-abrasifs-nwf\/\" rel=\"tag\">Disques abrasifs nwf<\/a><\/div><\/div><h5 class=\"mkdf-product-list-title\"><a href=\"https:\/\/discotelsisal.com\/fr\/product\/disques-abrasifs-nwf\/\">DISQUES ABRASIFS NWF<\/a><\/h5>\n\t<span class=\"price\"><span class=\"woocommerce-Price-amount amount\"><bdi>70,00<span class=\"woocommerce-Price-currencySymbol\">&euro;<\/span><\/bdi><\/span><\/span>\n<\/div><a href=\"https:\/\/discotelsisal.com\/fr\/product\/disques-abrasifs-nwf\/\" class=\"woocommerce-LoopProduct-link woocommerce-loop-product__link\"><\/a><\/li>\n<li class=\"product type-product post-12621 status-publish instock product_cat-disques-abrasifs-nwf product_tag-discotelsisal-fr product_tag-disques has-post-thumbnail shipping-taxable product-type-simple\">\n\t<div class=\"mkdf-pl-inner\"><div class=\"mkdf-pl-image\"><img loading=\"lazy\" decoding=\"async\" width=\"300\" height=\"300\" src=\"https:\/\/discotelsisal.com\/wp-content\/uploads\/2021\/07\/02-DISCHI-3M-CP-e-CS-300x300.jpg\" class=\"attachment-woocommerce_thumbnail size-woocommerce_thumbnail\" alt=\"DISQUES 3M\u2122 CP - CS - HIPRO\" srcset=\"https:\/\/discotelsisal.com\/wp-content\/uploads\/2021\/07\/02-DISCHI-3M-CP-e-CS-300x300.jpg 300w, https:\/\/discotelsisal.com\/wp-content\/uploads\/2021\/07\/02-DISCHI-3M-CP-e-CS-150x150.jpg 150w, https:\/\/discotelsisal.com\/wp-content\/uploads\/2021\/07\/02-DISCHI-3M-CP-e-CS-650x650.jpg 650w, https:\/\/discotelsisal.com\/wp-content\/uploads\/2021\/07\/02-DISCHI-3M-CP-e-CS-600x600.jpg 600w, https:\/\/discotelsisal.com\/wp-content\/uploads\/2021\/07\/02-DISCHI-3M-CP-e-CS-100x100.jpg 100w, https:\/\/discotelsisal.com\/wp-content\/uploads\/2021\/07\/02-DISCHI-3M-CP-e-CS.jpg 746w\" sizes=\"auto, (max-width: 300px) 100vw, 300px\" \/><div class=\"mkdf-pl-text\"><div class=\"mkdf-pl-text-outer\"><div class=\"mkdf-pl-text-inner\">\t<span id=\"woocommerce_loop_add_to_cart_link_describedby_12621\" class=\"screen-reader-text\">\n\t\t\t<\/span>\n<\/div><\/div><\/div><\/div><\/div><div class=\"mkdf-pl-text-wrapper\"><div class=\"mkdf-pl-text-wrapper-inner\"><div class=\"mkdf-pl-category\"><a href=\"https:\/\/discotelsisal.com\/fr\/product-category\/disques-abrasifs-nwf\/\" rel=\"tag\">Disques abrasifs nwf<\/a><\/div><\/div><h5 class=\"mkdf-product-list-title\"><a href=\"https:\/\/discotelsisal.com\/fr\/product\/disques-3m-cp-cs-hipro\/\">DISQUES 3M\u2122 CP &#8211; CS &#8211; HIPRO<\/a><\/h5>\n\t<span class=\"price\"><span class=\"woocommerce-Price-amount amount\"><bdi>70,00<span class=\"woocommerce-Price-currencySymbol\">&euro;<\/span><\/bdi><\/span><\/span>\n<\/div><a href=\"https:\/\/discotelsisal.com\/fr\/product\/disques-3m-cp-cs-hipro\/\" class=\"woocommerce-LoopProduct-link woocommerce-loop-product__link\"><\/a><\/li>\n<li class=\"product type-product post-12622 status-publish instock product_cat-disques-abrasifs-nwf product_tag-discotelsisal-fr product_tag-disques has-post-thumbnail shipping-taxable product-type-simple\">\n\t<div class=\"mkdf-pl-inner\"><div class=\"mkdf-pl-image\"><img loading=\"lazy\" decoding=\"async\" width=\"300\" height=\"300\" src=\"https:\/\/discotelsisal.com\/wp-content\/uploads\/2021\/07\/03-DISCHI-3M-SCR-300x300.jpg\" class=\"attachment-woocommerce_thumbnail size-woocommerce_thumbnail\" alt=\"DISQUES 3M\u2122 SURFACE CONDITIONING SCR\" srcset=\"https:\/\/discotelsisal.com\/wp-content\/uploads\/2021\/07\/03-DISCHI-3M-SCR-300x300.jpg 300w, https:\/\/discotelsisal.com\/wp-content\/uploads\/2021\/07\/03-DISCHI-3M-SCR-150x150.jpg 150w, https:\/\/discotelsisal.com\/wp-content\/uploads\/2021\/07\/03-DISCHI-3M-SCR-768x768.jpg 768w, https:\/\/discotelsisal.com\/wp-content\/uploads\/2021\/07\/03-DISCHI-3M-SCR-650x650.jpg 650w, https:\/\/discotelsisal.com\/wp-content\/uploads\/2021\/07\/03-DISCHI-3M-SCR-600x600.jpg 600w, https:\/\/discotelsisal.com\/wp-content\/uploads\/2021\/07\/03-DISCHI-3M-SCR-100x100.jpg 100w, https:\/\/discotelsisal.com\/wp-content\/uploads\/2021\/07\/03-DISCHI-3M-SCR.jpg 1000w\" sizes=\"auto, (max-width: 300px) 100vw, 300px\" \/><div class=\"mkdf-pl-text\"><div class=\"mkdf-pl-text-outer\"><div class=\"mkdf-pl-text-inner\">\t<span id=\"woocommerce_loop_add_to_cart_link_describedby_12622\" class=\"screen-reader-text\">\n\t\t\t<\/span>\n<\/div><\/div><\/div><\/div><\/div><div class=\"mkdf-pl-text-wrapper\"><div class=\"mkdf-pl-text-wrapper-inner\"><div class=\"mkdf-pl-category\"><a href=\"https:\/\/discotelsisal.com\/fr\/product-category\/disques-abrasifs-nwf\/\" rel=\"tag\">Disques abrasifs nwf<\/a><\/div><\/div><h5 class=\"mkdf-product-list-title\"><a href=\"https:\/\/discotelsisal.com\/fr\/product\/disques-3m-surface-conditioning-scr\/\">DISQUES 3M\u2122 SURFACE CONDITIONING SCR<\/a><\/h5>\n\t<span class=\"price\"><span class=\"woocommerce-Price-amount amount\"><bdi>70,00<span class=\"woocommerce-Price-currencySymbol\">&euro;<\/span><\/bdi><\/span><\/span>\n<\/div><a href=\"https:\/\/discotelsisal.com\/fr\/product\/disques-3m-surface-conditioning-scr\/\" class=\"woocommerce-LoopProduct-link woocommerce-loop-product__link\"><\/a><\/li>\n<li class=\"product type-product post-12623 status-publish last instock product_cat-disques-abrasifs-nwf product_tag-discotelsisal-fr product_tag-disques has-post-thumbnail shipping-taxable product-type-simple\">\n\t<div class=\"mkdf-pl-inner\"><div class=\"mkdf-pl-image\"><img loading=\"lazy\" decoding=\"async\" width=\"300\" height=\"300\" src=\"https:\/\/discotelsisal.com\/wp-content\/uploads\/2021\/07\/04-DISCHI-TNT-per-PULIZIA-PAVIMENTI-300x300.jpg\" class=\"attachment-woocommerce_thumbnail size-woocommerce_thumbnail\" alt=\"DISQUES ABRASIFS NWF POUR LE NETTOYAGE DES SOLS\" srcset=\"https:\/\/discotelsisal.com\/wp-content\/uploads\/2021\/07\/04-DISCHI-TNT-per-PULIZIA-PAVIMENTI-300x300.jpg 300w, https:\/\/discotelsisal.com\/wp-content\/uploads\/2021\/07\/04-DISCHI-TNT-per-PULIZIA-PAVIMENTI-150x150.jpg 150w, https:\/\/discotelsisal.com\/wp-content\/uploads\/2021\/07\/04-DISCHI-TNT-per-PULIZIA-PAVIMENTI-768x768.jpg 768w, https:\/\/discotelsisal.com\/wp-content\/uploads\/2021\/07\/04-DISCHI-TNT-per-PULIZIA-PAVIMENTI-650x650.jpg 650w, https:\/\/discotelsisal.com\/wp-content\/uploads\/2021\/07\/04-DISCHI-TNT-per-PULIZIA-PAVIMENTI-600x600.jpg 600w, https:\/\/discotelsisal.com\/wp-content\/uploads\/2021\/07\/04-DISCHI-TNT-per-PULIZIA-PAVIMENTI-100x100.jpg 100w, https:\/\/discotelsisal.com\/wp-content\/uploads\/2021\/07\/04-DISCHI-TNT-per-PULIZIA-PAVIMENTI.jpg 1022w\" sizes=\"auto, (max-width: 300px) 100vw, 300px\" \/><div class=\"mkdf-pl-text\"><div class=\"mkdf-pl-text-outer\"><div class=\"mkdf-pl-text-inner\">\t<span id=\"woocommerce_loop_add_to_cart_link_describedby_12623\" class=\"screen-reader-text\">\n\t\t\t<\/span>\n<\/div><\/div><\/div><\/div><\/div><div class=\"mkdf-pl-text-wrapper\"><div class=\"mkdf-pl-text-wrapper-inner\"><div class=\"mkdf-pl-category\"><a href=\"https:\/\/discotelsisal.com\/fr\/product-category\/disques-abrasifs-nwf\/\" rel=\"tag\">Disques abrasifs nwf<\/a><\/div><\/div><h5 class=\"mkdf-product-list-title\"><a href=\"https:\/\/discotelsisal.com\/fr\/product\/disques-abrasifs-nwf-pour-le-nettoyage-des-sols\/\">DISQUES ABRASIFS NWF POUR LE NETTOYAGE DES SOLS<\/a><\/h5>\n\t<span class=\"price\"><span class=\"woocommerce-Price-amount amount\"><bdi>70,00<span class=\"woocommerce-Price-currencySymbol\">&euro;<\/span><\/bdi><\/span><\/span>\n<\/div><a href=\"https:\/\/discotelsisal.com\/fr\/product\/disques-abrasifs-nwf-pour-le-nettoyage-des-sols\/\" class=\"woocommerce-LoopProduct-link woocommerce-loop-product__link\"><\/a><\/li>\n<\/ul>\n<\/div>[\/vc_column][\/vc_row]<\/p>\n<\/div>","protected":false},"excerpt":{"rendered":"<p>[vc_row disable_background_image=\u00a0\u00bb\u00a0\u00bb simple_background_color=\u00a0\u00bb#056133&Prime;][vc_column][\/vc_column][\/vc_row][vc_row row_content_width=\u00a0\u00bbgrid\u00a0\u00bb disable_background_image=\u00a0\u00bb\u00a0\u00bb][vc_column][vc_empty_space][vc_column_text]Les disques abrasifs NWF sont disponibles en oxyde d&rsquo;aluminium et en carbure de silicium, dans diff\u00e9rents grains et tailles. Ils sont normalement utilis\u00e9s assembl\u00e9s pour former une roue et sont g\u00e9n\u00e9ralement mont\u00e9s sur des machines fixes ou sur des outils portables. Ils conviennent pour la finition de [&hellip;]<\/p>\n","protected":false},"author":5,"featured_media":0,"parent":12702,"menu_order":0,"comment_status":"closed","ping_status":"closed","template":"full-width.php","meta":{"footnotes":""},"class_list":["post-12619","page","type-page","status-publish","hentry"],"yoast_head":"<!-- This site is optimized with the Yoast SEO plugin v27.3 - https:\/\/yoast.com\/product\/yoast-seo-wordpress\/ -->\n<title>DISQUES ABRASIFS NWF - Discotelsisal<\/title>\n<meta name=\"robots\" content=\"index, follow, max-snippet:-1, max-image-preview:large, max-video-preview:-1\" \/>\n<link rel=\"canonical\" href=\"https:\/\/discotelsisal.com\/fr\/produits\/disques-abrasifs-nwf\/\" \/>\n<meta property=\"og:locale\" content=\"fr_FR\" \/>\n<meta property=\"og:type\" content=\"article\" \/>\n<meta property=\"og:title\" content=\"DISQUES ABRASIFS NWF - Discotelsisal\" \/>\n<meta property=\"og:description\" content=\"[vc_row disable_background_image=\u00a0\u00bb\u00a0\u00bb simple_background_color=\u00a0\u00bb#056133&Prime;][vc_column][\/vc_column][\/vc_row][vc_row row_content_width=\u00a0\u00bbgrid\u00a0\u00bb disable_background_image=\u00a0\u00bb\u00a0\u00bb][vc_column][vc_empty_space][vc_column_text]Les disques abrasifs NWF sont disponibles en oxyde d&rsquo;aluminium et en carbure de silicium, dans diff\u00e9rents grains et tailles. Ils sont normalement utilis\u00e9s assembl\u00e9s pour former une roue et sont g\u00e9n\u00e9ralement mont\u00e9s sur des machines fixes ou sur des outils portables. Ils conviennent pour la finition de [&hellip;]\" \/>\n<meta property=\"og:url\" content=\"https:\/\/discotelsisal.com\/fr\/produits\/disques-abrasifs-nwf\/\" \/>\n<meta property=\"og:site_name\" content=\"Discotelsisal\" \/>\n<meta property=\"article:modified_time\" content=\"2023-12-15T07:04:34+00:00\" \/>\n<meta name=\"twitter:card\" content=\"summary_large_image\" \/>\n<meta name=\"twitter:label1\" content=\"Dur\u00e9e de lecture estim\u00e9e\" \/>\n\t<meta name=\"twitter:data1\" content=\"1 minute\" \/>\n<script type=\"application\/ld+json\" class=\"yoast-schema-graph\">{\"@context\":\"https:\\\/\\\/schema.org\",\"@graph\":[{\"@type\":\"WebPage\",\"@id\":\"https:\\\/\\\/discotelsisal.com\\\/fr\\\/produits\\\/disques-abrasifs-nwf\\\/\",\"url\":\"https:\\\/\\\/discotelsisal.com\\\/fr\\\/produits\\\/disques-abrasifs-nwf\\\/\",\"name\":\"DISQUES ABRASIFS NWF - Discotelsisal\",\"isPartOf\":{\"@id\":\"https:\\\/\\\/discotelsisal.com\\\/fr\\\/#website\"},\"datePublished\":\"2023-04-21T08:32:46+00:00\",\"dateModified\":\"2023-12-15T07:04:34+00:00\",\"breadcrumb\":{\"@id\":\"https:\\\/\\\/discotelsisal.com\\\/fr\\\/produits\\\/disques-abrasifs-nwf\\\/#breadcrumb\"},\"inLanguage\":\"fr-FR\",\"potentialAction\":[{\"@type\":\"ReadAction\",\"target\":[\"https:\\\/\\\/discotelsisal.com\\\/fr\\\/produits\\\/disques-abrasifs-nwf\\\/\"]}]},{\"@type\":\"BreadcrumbList\",\"@id\":\"https:\\\/\\\/discotelsisal.com\\\/fr\\\/produits\\\/disques-abrasifs-nwf\\\/#breadcrumb\",\"itemListElement\":[{\"@type\":\"ListItem\",\"position\":1,\"name\":\"Home\",\"item\":\"https:\\\/\\\/discotelsisal.com\\\/fr\\\/\"},{\"@type\":\"ListItem\",\"position\":2,\"name\":\"Produits\",\"item\":\"https:\\\/\\\/discotelsisal.com\\\/fr\\\/produits\\\/\"},{\"@type\":\"ListItem\",\"position\":3,\"name\":\"DISQUES ABRASIFS NWF\"}]},{\"@type\":\"WebSite\",\"@id\":\"https:\\\/\\\/discotelsisal.com\\\/fr\\\/#website\",\"url\":\"https:\\\/\\\/discotelsisal.com\\\/fr\\\/\",\"name\":\"Discotelsisal\",\"description\":\"Sanding Solutions\",\"publisher\":{\"@id\":\"https:\\\/\\\/discotelsisal.com\\\/fr\\\/#organization\"},\"potentialAction\":[{\"@type\":\"SearchAction\",\"target\":{\"@type\":\"EntryPoint\",\"urlTemplate\":\"https:\\\/\\\/discotelsisal.com\\\/fr\\\/?s={search_term_string}\"},\"query-input\":{\"@type\":\"PropertyValueSpecification\",\"valueRequired\":true,\"valueName\":\"search_term_string\"}}],\"inLanguage\":\"fr-FR\"},{\"@type\":\"Organization\",\"@id\":\"https:\\\/\\\/discotelsisal.com\\\/fr\\\/#organization\",\"name\":\"Discotelsisal\",\"url\":\"https:\\\/\\\/discotelsisal.com\\\/fr\\\/\",\"logo\":{\"@type\":\"ImageObject\",\"inLanguage\":\"fr-FR\",\"@id\":\"https:\\\/\\\/discotelsisal.com\\\/fr\\\/#\\\/schema\\\/logo\\\/image\\\/\",\"url\":\"https:\\\/\\\/discotelsisal.com\\\/wp-content\\\/uploads\\\/2021\\\/06\\\/logo-new-resize.png\",\"contentUrl\":\"https:\\\/\\\/discotelsisal.com\\\/wp-content\\\/uploads\\\/2021\\\/06\\\/logo-new-resize.png\",\"width\":644,\"height\":200,\"caption\":\"Discotelsisal\"},\"image\":{\"@id\":\"https:\\\/\\\/discotelsisal.com\\\/fr\\\/#\\\/schema\\\/logo\\\/image\\\/\"}}]}<\/script>\n<!-- \/ Yoast SEO plugin. -->","yoast_head_json":{"title":"DISQUES ABRASIFS NWF - Discotelsisal","robots":{"index":"index","follow":"follow","max-snippet":"max-snippet:-1","max-image-preview":"max-image-preview:large","max-video-preview":"max-video-preview:-1"},"canonical":"https:\/\/discotelsisal.com\/fr\/produits\/disques-abrasifs-nwf\/","og_locale":"fr_FR","og_type":"article","og_title":"DISQUES ABRASIFS NWF - Discotelsisal","og_description":"[vc_row disable_background_image=\u00a0\u00bb\u00a0\u00bb simple_background_color=\u00a0\u00bb#056133&Prime;][vc_column][\/vc_column][\/vc_row][vc_row row_content_width=\u00a0\u00bbgrid\u00a0\u00bb disable_background_image=\u00a0\u00bb\u00a0\u00bb][vc_column][vc_empty_space][vc_column_text]Les disques abrasifs NWF sont disponibles en oxyde d&rsquo;aluminium et en carbure de silicium, dans diff\u00e9rents grains et tailles. Ils sont normalement utilis\u00e9s assembl\u00e9s pour former une roue et sont g\u00e9n\u00e9ralement mont\u00e9s sur des machines fixes ou sur des outils portables. Ils conviennent pour la finition de [&hellip;]","og_url":"https:\/\/discotelsisal.com\/fr\/produits\/disques-abrasifs-nwf\/","og_site_name":"Discotelsisal","article_modified_time":"2023-12-15T07:04:34+00:00","twitter_card":"summary_large_image","twitter_misc":{"Dur\u00e9e de lecture estim\u00e9e":"1 minute"},"schema":{"@context":"https:\/\/schema.org","@graph":[{"@type":"WebPage","@id":"https:\/\/discotelsisal.com\/fr\/produits\/disques-abrasifs-nwf\/","url":"https:\/\/discotelsisal.com\/fr\/produits\/disques-abrasifs-nwf\/","name":"DISQUES ABRASIFS NWF - Discotelsisal","isPartOf":{"@id":"https:\/\/discotelsisal.com\/fr\/#website"},"datePublished":"2023-04-21T08:32:46+00:00","dateModified":"2023-12-15T07:04:34+00:00","breadcrumb":{"@id":"https:\/\/discotelsisal.com\/fr\/produits\/disques-abrasifs-nwf\/#breadcrumb"},"inLanguage":"fr-FR","potentialAction":[{"@type":"ReadAction","target":["https:\/\/discotelsisal.com\/fr\/produits\/disques-abrasifs-nwf\/"]}]},{"@type":"BreadcrumbList","@id":"https:\/\/discotelsisal.com\/fr\/produits\/disques-abrasifs-nwf\/#breadcrumb","itemListElement":[{"@type":"ListItem","position":1,"name":"Home","item":"https:\/\/discotelsisal.com\/fr\/"},{"@type":"ListItem","position":2,"name":"Produits","item":"https:\/\/discotelsisal.com\/fr\/produits\/"},{"@type":"ListItem","position":3,"name":"DISQUES ABRASIFS NWF"}]},{"@type":"WebSite","@id":"https:\/\/discotelsisal.com\/fr\/#website","url":"https:\/\/discotelsisal.com\/fr\/","name":"Discotelsisal","description":"Sanding Solutions","publisher":{"@id":"https:\/\/discotelsisal.com\/fr\/#organization"},"potentialAction":[{"@type":"SearchAction","target":{"@type":"EntryPoint","urlTemplate":"https:\/\/discotelsisal.com\/fr\/?s={search_term_string}"},"query-input":{"@type":"PropertyValueSpecification","valueRequired":true,"valueName":"search_term_string"}}],"inLanguage":"fr-FR"},{"@type":"Organization","@id":"https:\/\/discotelsisal.com\/fr\/#organization","name":"Discotelsisal","url":"https:\/\/discotelsisal.com\/fr\/","logo":{"@type":"ImageObject","inLanguage":"fr-FR","@id":"https:\/\/discotelsisal.com\/fr\/#\/schema\/logo\/image\/","url":"https:\/\/discotelsisal.com\/wp-content\/uploads\/2021\/06\/logo-new-resize.png","contentUrl":"https:\/\/discotelsisal.com\/wp-content\/uploads\/2021\/06\/logo-new-resize.png","width":644,"height":200,"caption":"Discotelsisal"},"image":{"@id":"https:\/\/discotelsisal.com\/fr\/#\/schema\/logo\/image\/"}}]}},"_links":{"self":[{"href":"https:\/\/discotelsisal.com\/fr\/wp-json\/wp\/v2\/pages\/12619","targetHints":{"allow":["GET"]}}],"collection":[{"href":"https:\/\/discotelsisal.com\/fr\/wp-json\/wp\/v2\/pages"}],"about":[{"href":"https:\/\/discotelsisal.com\/fr\/wp-json\/wp\/v2\/types\/page"}],"author":[{"embeddable":true,"href":"https:\/\/discotelsisal.com\/fr\/wp-json\/wp\/v2\/users\/5"}],"replies":[{"embeddable":true,"href":"https:\/\/discotelsisal.com\/fr\/wp-json\/wp\/v2\/comments?post=12619"}],"version-history":[{"count":4,"href":"https:\/\/discotelsisal.com\/fr\/wp-json\/wp\/v2\/pages\/12619\/revisions"}],"predecessor-version":[{"id":16538,"href":"https:\/\/discotelsisal.com\/fr\/wp-json\/wp\/v2\/pages\/12619\/revisions\/16538"}],"up":[{"embeddable":true,"href":"https:\/\/discotelsisal.com\/fr\/wp-json\/wp\/v2\/pages\/12702"}],"wp:attachment":[{"href":"https:\/\/discotelsisal.com\/fr\/wp-json\/wp\/v2\/media?parent=12619"}],"curies":[{"name":"wp","href":"https:\/\/api.w.org\/{rel}","templated":true}]}}