{"id":12544,"date":"2023-04-18T14:52:19","date_gmt":"2023-04-18T14:52:19","guid":{"rendered":"https:\/\/discotelsisal.com\/?page_id=12544"},"modified":"2026-04-13T09:30:09","modified_gmt":"2026-04-13T09:30:09","slug":"foires-et-salons","status":"publish","type":"page","link":"https:\/\/discotelsisal.com\/fr\/foires-et-salons\/","title":{"rendered":"Foires et salons"},"content":{"rendered":"<div class=\"wpb-content-wrapper\"><p>[vc_row disable_background_image=\u00a0\u00bb\u00a0\u00bb simple_background_color=\u00a0\u00bb#056133&Prime;][vc_column]<div class=\"mkdf-elements-holder   mkdf-one-column  mkdf-responsive-mode-768 \" ><div class=\"mkdf-eh-item   mkdf-horizontal-alignment-center \"  data-item-class=\"mkdf-eh-custom-3652\">\n\t<div class=\"mkdf-eh-item-inner\">\n\t\t<div class=\"mkdf-eh-item-content mkdf-eh-custom-3652\" style=\"padding: 40px 0px 40px 0px\">\n\t\t\t<div class=\"mkdf-section-title-holder title-split-style   mkdf-has-appear-animation\" >\n\t<div class=\"mkdf-st-inner\">\n\t\t\t\t\t\t<h1 class=\"mkdf-st-title\" style=\"color: #ffffff\">\n\t\t\t\t\t\t\t\t\tFOIRES ET SALONS\t\t\t\t\t\t\t<\/h1>\n\t\t\t\t\t\t\t<\/div>\n<\/div>\t\t<\/div>\n\t<\/div>\n<\/div><\/div>[\/vc_column][\/vc_row][vc_row row_content_width=\u00a0\u00bbgrid\u00a0\u00bb disable_background_image=\u00a0\u00bb1024&Prime; css=\u00a0\u00bb.vc_custom_1626183022531{padding-top: 60px !important;padding-bottom: 82px !important;}\u00a0\u00bb][vc_column][vc_column_text]<\/p>\n<p class=\"p1\">DISCOTELSISAL sera pr\u00e9sent lors des foires et salons suivants:<\/p>\n<p>[\/vc_column_text][vc_empty_space][vc_row_inner gap=\u00a0\u00bb30&Prime;][vc_column_inner width=\u00a0\u00bb1\/3&Prime;][vc_single_image image=\u00a0\u00bb12072&Prime;][vc_column_text]<\/p>\n<h4><strong>IHF 2026<\/strong><\/h4>\n<p><em>3 &#8211; 6 Mars 2026<br \/>\n<\/em><em>(Cologne, Allemagne)<\/em><\/p>\n<p>Hall 10.2, stand F091<\/p>\n<p>Le salon leader au niveau mondial qui r\u00e9unit tous les principaux acteurs du secteur. Plus de 3200 exposants venus du monde entier et plus de 38000 op\u00e9rateurs venant de 133 pays, pour pr\u00e9senter leurs derniers produits et innovations\u00a0: des outils et accessoires aux fournitures pour la construction et le bricolage, en passant par les technologies de fixation.[\/vc_column_text][vc_empty_space height=\u00a0\u00bb10px\u00a0\u00bb]<a itemprop=\"url\" href=\"https:\/\/www.koelnmesse.it\/ihf\/home\/index.php\" target=\"_blank\" style=\"color: #056133;border-color: #056133\" class=\"mkdf-btn mkdf-btn-small mkdf-btn-outline mkdf-btn-custom-hover-bg mkdf-btn-custom-border-hover mkdf-btn-custom-hover-color\" data-hover-color=\"#000000\" data-hover-bg-color=\"#ffffff\" data-hover-border-color=\"#000000\" >\n            <span class=\"mkdf-btn-text\">En savoir plus<\/span>\n        <i class=\"mkdf-icon-dripicons dripicon  \" ><\/i>    <\/a>[\/vc_column_inner][vc_column_inner width=\u00a0\u00bb1\/3&Prime;][vc_single_image image=\u00a0\u00bb16913&Prime;][vc_column_text css=\u00a0\u00bb\u00a0\u00bb]<\/p>\n<h4><strong>TECNA 2026<\/strong><\/h4>\n<p><em>22 &#8211; 25 Septembre 2026<br \/>\n(Rimini, Italie)<br \/>\n<\/em><\/p>\n<p><em>Hall B3, stand 304<\/em><\/p>\n<p>TECNA &#8211; The Global Expo for Ceramics and more &#8211; connecte l\u2019industrie mondiale de la c\u00e9ramique et des surfaces, guidant l\u2019innovation et la transformation num\u00e9rique.<br \/>\nVenez d\u00e9couvrir les technologies et solutions de derni\u00e8re g\u00e9n\u00e9ration pour le design, la production et la durabilit\u00e9, au c\u0153ur de l\u2019\u00e9volution du secteur.[\/vc_column_text][vc_empty_space height=\u00a0\u00bb10px\u00a0\u00bb]<a itemprop=\"url\" href=\"https:\/\/en.tecnaexpo.com\/\" target=\"_blank\" style=\"color: #056133;border-color: #056133\" class=\"mkdf-btn mkdf-btn-small mkdf-btn-outline mkdf-btn-custom-hover-bg mkdf-btn-custom-border-hover mkdf-btn-custom-hover-color\" data-hover-color=\"#000000\" data-hover-bg-color=\"#ffffff\" data-hover-border-color=\"#000000\" >\n            <span class=\"mkdf-btn-text\">En savoir plus<\/span>\n        <i class=\"mkdf-icon-dripicons dripicon  \" ><\/i>    <\/a>[\/vc_column_inner][vc_column_inner width=\u00a0\u00bb1\/3&Prime;][vc_single_image image=\u00a0\u00bb12535&Prime; css=\u00a0\u00bb\u00a0\u00bb][vc_column_text css=\u00a0\u00bb\u00a0\u00bb]<\/p>\n<h4><strong>FAMAART 2026<\/strong><\/h4>\n<p><em>1 &#8211; 3 Octobre 2026<br \/>\n(Bologna, Italy)<\/em><\/p>\n<p>FamaArt est le principal salon europ\u00e9en consacr\u00e9 au secteur des cadres, des arts graphiques et des machines connexes, organis\u00e9 par BolognaFiere sous le patronage de FAMA International.[\/vc_column_text][vc_empty_space height=\u00a0\u00bb10px\u00a0\u00bb]<a itemprop=\"url\" href=\"https:\/\/www.famaart.it\/en\/home\/2070.html\" target=\"_blank\" style=\"color: #056133;border-color: #056133\" class=\"mkdf-btn mkdf-btn-small mkdf-btn-outline mkdf-btn-custom-hover-bg mkdf-btn-custom-border-hover mkdf-btn-custom-hover-color\" data-hover-color=\"#000000\" data-hover-bg-color=\"#ffffff\" data-hover-border-color=\"#000000\" >\n            <span class=\"mkdf-btn-text\">EN SAVOIR PLUS<\/span>\n        <i class=\"mkdf-icon-dripicons dripicon  \" ><\/i>    <\/a>[\/vc_column_inner][\/vc_row_inner][\/vc_column][\/vc_row]<\/p>\n<\/div>","protected":false},"excerpt":{"rendered":"<p>[vc_row disable_background_image=\u00a0\u00bb\u00a0\u00bb simple_background_color=\u00a0\u00bb#056133&Prime;][vc_column][\/vc_column][\/vc_row][vc_row row_content_width=\u00a0\u00bbgrid\u00a0\u00bb disable_background_image=\u00a0\u00bb1024&Prime; css=\u00a0\u00bb.vc_custom_1626183022531{padding-top: 60px !important;padding-bottom: 82px !important;}\u00a0\u00bb][vc_column][vc_column_text] DISCOTELSISAL sera pr\u00e9sent lors des foires et salons suivants: [\/vc_column_text][vc_empty_space][vc_row_inner gap=\u00a0\u00bb30&Prime;][vc_column_inner width=\u00a0\u00bb1\/3&Prime;][vc_single_image image=\u00a0\u00bb12072&Prime;][vc_column_text] IHF 2026 3 &#8211; 6 Mars 2026 (Cologne, Allemagne) Hall 10.2, stand F091 Le salon leader au niveau mondial qui r\u00e9unit tous les principaux acteurs du secteur. Plus [&hellip;]<\/p>\n","protected":false},"author":5,"featured_media":0,"parent":0,"menu_order":0,"comment_status":"closed","ping_status":"closed","template":"full-width.php","meta":{"footnotes":""},"class_list":["post-12544","page","type-page","status-publish","hentry"],"yoast_head":"<!-- This site is optimized with the Yoast SEO plugin v27.4 - https:\/\/yoast.com\/product\/yoast-seo-wordpress\/ -->\n<title>Foires et salons - Discotelsisal<\/title>\n<meta name=\"description\" content=\"DISCOTELSISAL sera pr\u00e9sent dans les principales foires commerciales nationales et internationales.\" \/>\n<meta name=\"robots\" content=\"index, follow, max-snippet:-1, max-image-preview:large, max-video-preview:-1\" \/>\n<link rel=\"canonical\" href=\"https:\/\/discotelsisal.com\/fr\/foires-et-salons\/\" \/>\n<meta property=\"og:locale\" content=\"fr_FR\" \/>\n<meta property=\"og:type\" content=\"article\" \/>\n<meta property=\"og:title\" content=\"Foires et salons - Discotelsisal\" \/>\n<meta property=\"og:description\" content=\"DISCOTELSISAL sera pr\u00e9sent dans les principales foires commerciales nationales et internationales.\" \/>\n<meta property=\"og:url\" content=\"https:\/\/discotelsisal.com\/fr\/foires-et-salons\/\" \/>\n<meta property=\"og:site_name\" content=\"Discotelsisal\" \/>\n<meta property=\"article:modified_time\" content=\"2026-04-13T09:30:09+00:00\" \/>\n<meta name=\"twitter:card\" content=\"summary_large_image\" \/>\n<meta name=\"twitter:label1\" content=\"Dur\u00e9e de lecture estim\u00e9e\" \/>\n\t<meta name=\"twitter:data1\" content=\"3 minutes\" \/>\n<script type=\"application\/ld+json\" class=\"yoast-schema-graph\">{\"@context\":\"https:\\\/\\\/schema.org\",\"@graph\":[{\"@type\":\"WebPage\",\"@id\":\"https:\\\/\\\/discotelsisal.com\\\/fr\\\/foires-et-salons\\\/\",\"url\":\"https:\\\/\\\/discotelsisal.com\\\/fr\\\/foires-et-salons\\\/\",\"name\":\"Foires et salons - Discotelsisal\",\"isPartOf\":{\"@id\":\"https:\\\/\\\/discotelsisal.com\\\/fr\\\/#website\"},\"datePublished\":\"2023-04-18T14:52:19+00:00\",\"dateModified\":\"2026-04-13T09:30:09+00:00\",\"description\":\"DISCOTELSISAL sera pr\u00e9sent dans les principales foires commerciales nationales et internationales.\",\"breadcrumb\":{\"@id\":\"https:\\\/\\\/discotelsisal.com\\\/fr\\\/foires-et-salons\\\/#breadcrumb\"},\"inLanguage\":\"fr-FR\",\"potentialAction\":[{\"@type\":\"ReadAction\",\"target\":[\"https:\\\/\\\/discotelsisal.com\\\/fr\\\/foires-et-salons\\\/\"]}]},{\"@type\":\"BreadcrumbList\",\"@id\":\"https:\\\/\\\/discotelsisal.com\\\/fr\\\/foires-et-salons\\\/#breadcrumb\",\"itemListElement\":[{\"@type\":\"ListItem\",\"position\":1,\"name\":\"Home\",\"item\":\"https:\\\/\\\/discotelsisal.com\\\/fr\\\/\"},{\"@type\":\"ListItem\",\"position\":2,\"name\":\"Foires et salons\"}]},{\"@type\":\"WebSite\",\"@id\":\"https:\\\/\\\/discotelsisal.com\\\/fr\\\/#website\",\"url\":\"https:\\\/\\\/discotelsisal.com\\\/fr\\\/\",\"name\":\"Discotelsisal\",\"description\":\"Sanding Solutions\",\"publisher\":{\"@id\":\"https:\\\/\\\/discotelsisal.com\\\/fr\\\/#organization\"},\"potentialAction\":[{\"@type\":\"SearchAction\",\"target\":{\"@type\":\"EntryPoint\",\"urlTemplate\":\"https:\\\/\\\/discotelsisal.com\\\/fr\\\/?s={search_term_string}\"},\"query-input\":{\"@type\":\"PropertyValueSpecification\",\"valueRequired\":true,\"valueName\":\"search_term_string\"}}],\"inLanguage\":\"fr-FR\"},{\"@type\":\"Organization\",\"@id\":\"https:\\\/\\\/discotelsisal.com\\\/fr\\\/#organization\",\"name\":\"Discotelsisal\",\"url\":\"https:\\\/\\\/discotelsisal.com\\\/fr\\\/\",\"logo\":{\"@type\":\"ImageObject\",\"inLanguage\":\"fr-FR\",\"@id\":\"https:\\\/\\\/discotelsisal.com\\\/fr\\\/#\\\/schema\\\/logo\\\/image\\\/\",\"url\":\"https:\\\/\\\/discotelsisal.com\\\/wp-content\\\/uploads\\\/2021\\\/06\\\/logo-new-resize.png\",\"contentUrl\":\"https:\\\/\\\/discotelsisal.com\\\/wp-content\\\/uploads\\\/2021\\\/06\\\/logo-new-resize.png\",\"width\":644,\"height\":200,\"caption\":\"Discotelsisal\"},\"image\":{\"@id\":\"https:\\\/\\\/discotelsisal.com\\\/fr\\\/#\\\/schema\\\/logo\\\/image\\\/\"}}]}<\/script>\n<!-- \/ Yoast SEO plugin. -->","yoast_head_json":{"title":"Foires et salons - Discotelsisal","description":"DISCOTELSISAL sera pr\u00e9sent dans les principales foires commerciales nationales et internationales.","robots":{"index":"index","follow":"follow","max-snippet":"max-snippet:-1","max-image-preview":"max-image-preview:large","max-video-preview":"max-video-preview:-1"},"canonical":"https:\/\/discotelsisal.com\/fr\/foires-et-salons\/","og_locale":"fr_FR","og_type":"article","og_title":"Foires et salons - Discotelsisal","og_description":"DISCOTELSISAL sera pr\u00e9sent dans les principales foires commerciales nationales et internationales.","og_url":"https:\/\/discotelsisal.com\/fr\/foires-et-salons\/","og_site_name":"Discotelsisal","article_modified_time":"2026-04-13T09:30:09+00:00","twitter_card":"summary_large_image","twitter_misc":{"Dur\u00e9e de lecture estim\u00e9e":"3 minutes"},"schema":{"@context":"https:\/\/schema.org","@graph":[{"@type":"WebPage","@id":"https:\/\/discotelsisal.com\/fr\/foires-et-salons\/","url":"https:\/\/discotelsisal.com\/fr\/foires-et-salons\/","name":"Foires et salons - Discotelsisal","isPartOf":{"@id":"https:\/\/discotelsisal.com\/fr\/#website"},"datePublished":"2023-04-18T14:52:19+00:00","dateModified":"2026-04-13T09:30:09+00:00","description":"DISCOTELSISAL sera pr\u00e9sent dans les principales foires commerciales nationales et internationales.","breadcrumb":{"@id":"https:\/\/discotelsisal.com\/fr\/foires-et-salons\/#breadcrumb"},"inLanguage":"fr-FR","potentialAction":[{"@type":"ReadAction","target":["https:\/\/discotelsisal.com\/fr\/foires-et-salons\/"]}]},{"@type":"BreadcrumbList","@id":"https:\/\/discotelsisal.com\/fr\/foires-et-salons\/#breadcrumb","itemListElement":[{"@type":"ListItem","position":1,"name":"Home","item":"https:\/\/discotelsisal.com\/fr\/"},{"@type":"ListItem","position":2,"name":"Foires et salons"}]},{"@type":"WebSite","@id":"https:\/\/discotelsisal.com\/fr\/#website","url":"https:\/\/discotelsisal.com\/fr\/","name":"Discotelsisal","description":"Sanding Solutions","publisher":{"@id":"https:\/\/discotelsisal.com\/fr\/#organization"},"potentialAction":[{"@type":"SearchAction","target":{"@type":"EntryPoint","urlTemplate":"https:\/\/discotelsisal.com\/fr\/?s={search_term_string}"},"query-input":{"@type":"PropertyValueSpecification","valueRequired":true,"valueName":"search_term_string"}}],"inLanguage":"fr-FR"},{"@type":"Organization","@id":"https:\/\/discotelsisal.com\/fr\/#organization","name":"Discotelsisal","url":"https:\/\/discotelsisal.com\/fr\/","logo":{"@type":"ImageObject","inLanguage":"fr-FR","@id":"https:\/\/discotelsisal.com\/fr\/#\/schema\/logo\/image\/","url":"https:\/\/discotelsisal.com\/wp-content\/uploads\/2021\/06\/logo-new-resize.png","contentUrl":"https:\/\/discotelsisal.com\/wp-content\/uploads\/2021\/06\/logo-new-resize.png","width":644,"height":200,"caption":"Discotelsisal"},"image":{"@id":"https:\/\/discotelsisal.com\/fr\/#\/schema\/logo\/image\/"}}]}},"_links":{"self":[{"href":"https:\/\/discotelsisal.com\/fr\/wp-json\/wp\/v2\/pages\/12544","targetHints":{"allow":["GET"]}}],"collection":[{"href":"https:\/\/discotelsisal.com\/fr\/wp-json\/wp\/v2\/pages"}],"about":[{"href":"https:\/\/discotelsisal.com\/fr\/wp-json\/wp\/v2\/types\/page"}],"author":[{"embeddable":true,"href":"https:\/\/discotelsisal.com\/fr\/wp-json\/wp\/v2\/users\/5"}],"replies":[{"embeddable":true,"href":"https:\/\/discotelsisal.com\/fr\/wp-json\/wp\/v2\/comments?post=12544"}],"version-history":[{"count":39,"href":"https:\/\/discotelsisal.com\/fr\/wp-json\/wp\/v2\/pages\/12544\/revisions"}],"predecessor-version":[{"id":16979,"href":"https:\/\/discotelsisal.com\/fr\/wp-json\/wp\/v2\/pages\/12544\/revisions\/16979"}],"wp:attachment":[{"href":"https:\/\/discotelsisal.com\/fr\/wp-json\/wp\/v2\/media?parent=12544"}],"curies":[{"name":"wp","href":"https:\/\/api.w.org\/{rel}","templated":true}]}}