{"id":11898,"date":"2023-04-18T13:51:39","date_gmt":"2023-04-18T13:51:39","guid":{"rendered":"https:\/\/discotelsisal.com\/?page_id=11898"},"modified":"2023-04-18T14:32:27","modified_gmt":"2023-04-18T14:32:27","slug":"entreprise","status":"publish","type":"page","link":"https:\/\/discotelsisal.com\/fr\/entreprise\/","title":{"rendered":"Entreprise"},"content":{"rendered":"<div class=\"wpb-content-wrapper\"><p>[vc_row disable_background_image=\u00a0\u00bb\u00a0\u00bb simple_background_color=\u00a0\u00bb#056133&Prime;][vc_column]<div class=\"mkdf-elements-holder   mkdf-one-column  mkdf-responsive-mode-768 \" ><div class=\"mkdf-eh-item   mkdf-horizontal-alignment-center \"  data-item-class=\"mkdf-eh-custom-5962\">\n\t<div class=\"mkdf-eh-item-inner\">\n\t\t<div class=\"mkdf-eh-item-content mkdf-eh-custom-5962\" style=\"padding: 40px 0px 40px 0px\">\n\t\t\t<div class=\"mkdf-section-title-holder title-split-style   mkdf-has-appear-animation\" >\n\t<div class=\"mkdf-st-inner\">\n\t\t\t\t\t\t<h1 class=\"mkdf-st-title\" style=\"color: #ffffff\">\n\t\t\t\t\t\t\t\t\tENTREPRISE\t\t\t\t\t\t\t<\/h1>\n\t\t\t\t\t\t\t<\/div>\n<\/div>\t\t<\/div>\n\t<\/div>\n<\/div><\/div>[\/vc_column][\/vc_row][vc_row disable_background_image=\u00a0\u00bb1024&Prime; css=\u00a0\u00bb.vc_custom_1618236875523{padding-top: 60px !important;padding-bottom: 82px !important;}\u00a0\u00bb][vc_column][vc_row_inner row_content_width=\u00a0\u00bbgrid\u00a0\u00bb][vc_column_inner][vc_empty_space height=\u00a0\u00bb35px\u00a0\u00bb][\/vc_column_inner][\/vc_row_inner][vc_row_inner row_content_width=\u00a0\u00bbgrid\u00a0\u00bb][vc_column_inner]<div class=\"mkdf-elements-holder   mkdf-one-column  mkdf-responsive-mode-768 mkdf-one-column-alignment-left\" ><div class=\"mkdf-eh-item    \"  data-item-class=\"mkdf-eh-custom-1169\">\n\t<div class=\"mkdf-eh-item-inner\">\n\t\t<div class=\"mkdf-eh-item-content mkdf-eh-custom-1169\" style=\"padding: 0px 30px 15px 0px\">\n\t\t\t[vc_column_text]<\/p>\n<p class=\"p1\">DISCOTELSISAL est une entreprise leader dans la\u00a0<strong>production de solutions abrasives et de roues de pon\u00e7age fabriqu\u00e9s \u00e0 partir<\/strong> d&rsquo;abrasifs synth\u00e9tiques et naturels. Les premi\u00e8res roues de pon\u00e7age sont n\u00e9es de l&rsquo;exp\u00e9rience de M. Salvatore Cassara en 1957.<\/p>\n<p class=\"p1\">Depuis ses origines, DISCOTELSISAL a mis\u00e9 sur la recherche technologique et la sp\u00e9cialisation des produits comme facteurs strat\u00e9giques de d\u00e9veloppement : ce n&rsquo;est pas un hasard si nombre de nos innovations sont devenues une r\u00e9f\u00e9rence dans le secteur des solutions abrasives et de pon\u00e7age.<br \/>\nDISCOTELSISAL\u00a0<strong>propose une gamme compl\u00e8te de solutions de pon\u00e7age<\/strong> con\u00e7ues pour r\u00e9pondre aux besoins uniques de chaque client.<\/p>\n<p class=\"p1\">L&rsquo;entreprise s&rsquo;\u00e9tend sur une superficie totale de 5 000 m\u00b2, compte plus de 30 employ\u00e9s et\u00a0<strong>un vaste r\u00e9seau de revente mondial<\/strong>. Gr\u00e2ce \u00e0 sa\u00a0<strong>pr\u00e9sence \u00e9tablie sur le march\u00e9 depuis plus de 60 ans<\/strong>, DISCOTELSISAL est devenu un point de r\u00e9f\u00e9rence pour les op\u00e9rateurs des secteurs du bois, des peintures, des m\u00e9taux, des c\u00e9ramiques et des PCB.<\/p>\n<p class=\"p1\"><strong>QUALIT\u00c9, SIMPLICIT\u00c9, R\u00c9PONSE AU MARCH\u00c9<\/strong>\u00a0: ces valeurs ont \u00e9t\u00e9 et seront toujours les lignes directrices de DISCOTELSISAL.<\/p>\n<p>[\/vc_column_text][vc_empty_space]\t\t<\/div>\n\t<\/div>\n<\/div><div class=\"mkdf-eh-item   mkdf-horizontal-alignment-center \"  data-item-class=\"mkdf-eh-custom-4975\">\n\t<div class=\"mkdf-eh-item-inner\">\n\t\t<div class=\"mkdf-eh-item-content mkdf-eh-custom-4975\" style=\"padding: 0px 0px 15px 0px\">\n\t\t\t[vc_single_image image=\u00a0\u00bb12172&Prime; img_size=\u00a0\u00bbfull\u00a0\u00bb alignment=\u00a0\u00bbcenter\u00a0\u00bb]\t\t<\/div>\n\t<\/div>\n<\/div><\/div>[\/vc_column_inner][\/vc_row_inner][\/vc_column][\/vc_row]<\/p>\n<\/div>","protected":false},"excerpt":{"rendered":"<p>[vc_row disable_background_image=\u00a0\u00bb\u00a0\u00bb simple_background_color=\u00a0\u00bb#056133&Prime;][vc_column][\/vc_column][\/vc_row][vc_row disable_background_image=\u00a0\u00bb1024&Prime; css=\u00a0\u00bb.vc_custom_1618236875523{padding-top: 60px !important;padding-bottom: 82px !important;}\u00a0\u00bb][vc_column][vc_row_inner row_content_width=\u00a0\u00bbgrid\u00a0\u00bb][vc_column_inner][vc_empty_space height=\u00a0\u00bb35px\u00a0\u00bb][\/vc_column_inner][\/vc_row_inner][vc_row_inner row_content_width=\u00a0\u00bbgrid\u00a0\u00bb][vc_column_inner][\/vc_column_inner][\/vc_row_inner][\/vc_column][\/vc_row]<\/p>\n","protected":false},"author":5,"featured_media":0,"parent":0,"menu_order":0,"comment_status":"closed","ping_status":"closed","template":"full-width.php","meta":{"footnotes":""},"class_list":["post-11898","page","type-page","status-publish","hentry"],"yoast_head":"<!-- This site is optimized with the Yoast SEO plugin v27.3 - https:\/\/yoast.com\/product\/yoast-seo-wordpress\/ -->\n<title>Entreprise - Discotelsisal<\/title>\n<meta name=\"description\" content=\"Discotelsisal est une entreprise leader dans la production d\u2019abrasifs et de roues pour pon\u00e7age fabriqu\u00e9s avec des abrasifs synth\u00e9tiques et naturels.\" \/>\n<meta name=\"robots\" content=\"index, follow, max-snippet:-1, max-image-preview:large, max-video-preview:-1\" \/>\n<link rel=\"canonical\" href=\"https:\/\/discotelsisal.com\/fr\/entreprise\/\" \/>\n<meta property=\"og:locale\" content=\"fr_FR\" \/>\n<meta property=\"og:type\" content=\"article\" \/>\n<meta property=\"og:title\" content=\"Entreprise - Discotelsisal\" \/>\n<meta property=\"og:description\" content=\"Discotelsisal est une entreprise leader dans la production d\u2019abrasifs et de roues pour pon\u00e7age fabriqu\u00e9s avec des abrasifs synth\u00e9tiques et naturels.\" \/>\n<meta property=\"og:url\" content=\"https:\/\/discotelsisal.com\/fr\/entreprise\/\" \/>\n<meta property=\"og:site_name\" content=\"Discotelsisal\" \/>\n<meta property=\"article:modified_time\" content=\"2023-04-18T14:32:27+00:00\" \/>\n<meta name=\"twitter:card\" content=\"summary_large_image\" \/>\n<meta name=\"twitter:label1\" content=\"Dur\u00e9e de lecture estim\u00e9e\" \/>\n\t<meta name=\"twitter:data1\" content=\"1 minute\" \/>\n<script type=\"application\/ld+json\" class=\"yoast-schema-graph\">{\"@context\":\"https:\\\/\\\/schema.org\",\"@graph\":[{\"@type\":\"WebPage\",\"@id\":\"https:\\\/\\\/discotelsisal.com\\\/fr\\\/entreprise\\\/\",\"url\":\"https:\\\/\\\/discotelsisal.com\\\/fr\\\/entreprise\\\/\",\"name\":\"Entreprise - Discotelsisal\",\"isPartOf\":{\"@id\":\"https:\\\/\\\/discotelsisal.com\\\/fr\\\/#website\"},\"datePublished\":\"2023-04-18T13:51:39+00:00\",\"dateModified\":\"2023-04-18T14:32:27+00:00\",\"description\":\"Discotelsisal est une entreprise leader dans la production d\u2019abrasifs et de roues pour pon\u00e7age fabriqu\u00e9s avec des abrasifs synth\u00e9tiques et naturels.\",\"breadcrumb\":{\"@id\":\"https:\\\/\\\/discotelsisal.com\\\/fr\\\/entreprise\\\/#breadcrumb\"},\"inLanguage\":\"fr-FR\",\"potentialAction\":[{\"@type\":\"ReadAction\",\"target\":[\"https:\\\/\\\/discotelsisal.com\\\/fr\\\/entreprise\\\/\"]}]},{\"@type\":\"BreadcrumbList\",\"@id\":\"https:\\\/\\\/discotelsisal.com\\\/fr\\\/entreprise\\\/#breadcrumb\",\"itemListElement\":[{\"@type\":\"ListItem\",\"position\":1,\"name\":\"Home\",\"item\":\"https:\\\/\\\/discotelsisal.com\\\/fr\\\/\"},{\"@type\":\"ListItem\",\"position\":2,\"name\":\"Entreprise\"}]},{\"@type\":\"WebSite\",\"@id\":\"https:\\\/\\\/discotelsisal.com\\\/fr\\\/#website\",\"url\":\"https:\\\/\\\/discotelsisal.com\\\/fr\\\/\",\"name\":\"Discotelsisal\",\"description\":\"Sanding Solutions\",\"publisher\":{\"@id\":\"https:\\\/\\\/discotelsisal.com\\\/fr\\\/#organization\"},\"potentialAction\":[{\"@type\":\"SearchAction\",\"target\":{\"@type\":\"EntryPoint\",\"urlTemplate\":\"https:\\\/\\\/discotelsisal.com\\\/fr\\\/?s={search_term_string}\"},\"query-input\":{\"@type\":\"PropertyValueSpecification\",\"valueRequired\":true,\"valueName\":\"search_term_string\"}}],\"inLanguage\":\"fr-FR\"},{\"@type\":\"Organization\",\"@id\":\"https:\\\/\\\/discotelsisal.com\\\/fr\\\/#organization\",\"name\":\"Discotelsisal\",\"url\":\"https:\\\/\\\/discotelsisal.com\\\/fr\\\/\",\"logo\":{\"@type\":\"ImageObject\",\"inLanguage\":\"fr-FR\",\"@id\":\"https:\\\/\\\/discotelsisal.com\\\/fr\\\/#\\\/schema\\\/logo\\\/image\\\/\",\"url\":\"https:\\\/\\\/discotelsisal.com\\\/wp-content\\\/uploads\\\/2021\\\/06\\\/logo-new-resize.png\",\"contentUrl\":\"https:\\\/\\\/discotelsisal.com\\\/wp-content\\\/uploads\\\/2021\\\/06\\\/logo-new-resize.png\",\"width\":644,\"height\":200,\"caption\":\"Discotelsisal\"},\"image\":{\"@id\":\"https:\\\/\\\/discotelsisal.com\\\/fr\\\/#\\\/schema\\\/logo\\\/image\\\/\"}}]}<\/script>\n<!-- \/ Yoast SEO plugin. -->","yoast_head_json":{"title":"Entreprise - Discotelsisal","description":"Discotelsisal est une entreprise leader dans la production d\u2019abrasifs et de roues pour pon\u00e7age fabriqu\u00e9s avec des abrasifs synth\u00e9tiques et naturels.","robots":{"index":"index","follow":"follow","max-snippet":"max-snippet:-1","max-image-preview":"max-image-preview:large","max-video-preview":"max-video-preview:-1"},"canonical":"https:\/\/discotelsisal.com\/fr\/entreprise\/","og_locale":"fr_FR","og_type":"article","og_title":"Entreprise - Discotelsisal","og_description":"Discotelsisal est une entreprise leader dans la production d\u2019abrasifs et de roues pour pon\u00e7age fabriqu\u00e9s avec des abrasifs synth\u00e9tiques et naturels.","og_url":"https:\/\/discotelsisal.com\/fr\/entreprise\/","og_site_name":"Discotelsisal","article_modified_time":"2023-04-18T14:32:27+00:00","twitter_card":"summary_large_image","twitter_misc":{"Dur\u00e9e de lecture estim\u00e9e":"1 minute"},"schema":{"@context":"https:\/\/schema.org","@graph":[{"@type":"WebPage","@id":"https:\/\/discotelsisal.com\/fr\/entreprise\/","url":"https:\/\/discotelsisal.com\/fr\/entreprise\/","name":"Entreprise - Discotelsisal","isPartOf":{"@id":"https:\/\/discotelsisal.com\/fr\/#website"},"datePublished":"2023-04-18T13:51:39+00:00","dateModified":"2023-04-18T14:32:27+00:00","description":"Discotelsisal est une entreprise leader dans la production d\u2019abrasifs et de roues pour pon\u00e7age fabriqu\u00e9s avec des abrasifs synth\u00e9tiques et naturels.","breadcrumb":{"@id":"https:\/\/discotelsisal.com\/fr\/entreprise\/#breadcrumb"},"inLanguage":"fr-FR","potentialAction":[{"@type":"ReadAction","target":["https:\/\/discotelsisal.com\/fr\/entreprise\/"]}]},{"@type":"BreadcrumbList","@id":"https:\/\/discotelsisal.com\/fr\/entreprise\/#breadcrumb","itemListElement":[{"@type":"ListItem","position":1,"name":"Home","item":"https:\/\/discotelsisal.com\/fr\/"},{"@type":"ListItem","position":2,"name":"Entreprise"}]},{"@type":"WebSite","@id":"https:\/\/discotelsisal.com\/fr\/#website","url":"https:\/\/discotelsisal.com\/fr\/","name":"Discotelsisal","description":"Sanding Solutions","publisher":{"@id":"https:\/\/discotelsisal.com\/fr\/#organization"},"potentialAction":[{"@type":"SearchAction","target":{"@type":"EntryPoint","urlTemplate":"https:\/\/discotelsisal.com\/fr\/?s={search_term_string}"},"query-input":{"@type":"PropertyValueSpecification","valueRequired":true,"valueName":"search_term_string"}}],"inLanguage":"fr-FR"},{"@type":"Organization","@id":"https:\/\/discotelsisal.com\/fr\/#organization","name":"Discotelsisal","url":"https:\/\/discotelsisal.com\/fr\/","logo":{"@type":"ImageObject","inLanguage":"fr-FR","@id":"https:\/\/discotelsisal.com\/fr\/#\/schema\/logo\/image\/","url":"https:\/\/discotelsisal.com\/wp-content\/uploads\/2021\/06\/logo-new-resize.png","contentUrl":"https:\/\/discotelsisal.com\/wp-content\/uploads\/2021\/06\/logo-new-resize.png","width":644,"height":200,"caption":"Discotelsisal"},"image":{"@id":"https:\/\/discotelsisal.com\/fr\/#\/schema\/logo\/image\/"}}]}},"_links":{"self":[{"href":"https:\/\/discotelsisal.com\/fr\/wp-json\/wp\/v2\/pages\/11898","targetHints":{"allow":["GET"]}}],"collection":[{"href":"https:\/\/discotelsisal.com\/fr\/wp-json\/wp\/v2\/pages"}],"about":[{"href":"https:\/\/discotelsisal.com\/fr\/wp-json\/wp\/v2\/types\/page"}],"author":[{"embeddable":true,"href":"https:\/\/discotelsisal.com\/fr\/wp-json\/wp\/v2\/users\/5"}],"replies":[{"embeddable":true,"href":"https:\/\/discotelsisal.com\/fr\/wp-json\/wp\/v2\/comments?post=11898"}],"version-history":[{"count":3,"href":"https:\/\/discotelsisal.com\/fr\/wp-json\/wp\/v2\/pages\/11898\/revisions"}],"predecessor-version":[{"id":12541,"href":"https:\/\/discotelsisal.com\/fr\/wp-json\/wp\/v2\/pages\/11898\/revisions\/12541"}],"wp:attachment":[{"href":"https:\/\/discotelsisal.com\/fr\/wp-json\/wp\/v2\/media?parent=11898"}],"curies":[{"name":"wp","href":"https:\/\/api.w.org\/{rel}","templated":true}]}}