{"id":6408,"date":"2022-05-31T14:03:16","date_gmt":"2022-05-31T14:03:16","guid":{"rendered":"https:\/\/discotelsisal.com\/product\/disco-plisado-de-algodon-de-%e2%88%85600mm-to-%e2%88%851000mm\/"},"modified":"2023-11-16T16:09:22","modified_gmt":"2023-11-16T16:09:22","slug":"discos-plisados-de-algodon-de-%e2%88%85-600mm-a-%e2%88%85-1000mm","status":"publish","type":"product","link":"https:\/\/discotelsisal.com\/es\/product\/discos-plisados-de-algodon-de-%e2%88%85-600mm-a-%e2%88%85-1000mm\/","title":{"rendered":"DISCOS PLISADOS DE ALGOD\u00d3N DE \u2205 600MM A \u2205 1000MM"},"content":{"rendered":"<div class=\"wpb-content-wrapper\"><p>[vc_row disable_background_image=\u00bb\u00bb][vc_column]<div class=\"mkdf-accordion-holder mkdf-ac-default  mkdf-toggle mkdf-ac-boxed  clearfix\">\n\t<h5 class=\"mkdf-accordion-title\">\n    <span class=\"mkdf-accordion-mark\">\n\t\t<span class=\"mkdf_icon_plus icon_plus\"><\/span>\n\t\t<span class=\"mkdf_icon_minus icon_minus-06\"><\/span>\n\t<\/span>\n\t<span class=\"mkdf-tab-title\">Ficha de datos<\/span>\n<\/h5>\n<div class=\"mkdf-accordion-content\">\n\t<div class=\"mkdf-accordion-content-inner\">\n\t\t<div class=\"mkdf-elements-holder   mkdf-one-column  mkdf-responsive-mode-768 \" ><div class=\"mkdf-eh-item    \"  data-item-class=\"mkdf-eh-custom-2008\">\n\t<div class=\"mkdf-eh-item-inner\">\n\t\t<div class=\"mkdf-eh-item-content mkdf-eh-custom-2008\" style=\"padding: 0px 0px 10px 0px\">\n\t\t\t<a itemprop=\"url\" href=\"https:\/\/discotelsisal.com\/wp-content\/uploads\/2021\/07\/DISCHI-PER-LUCIDATURA-4.jpg\" target=\"_blank\" style=\"color: #056133;border-color: #056133\" class=\"mkdf-btn mkdf-btn-medium mkdf-btn-outline\"  >\n            <span class=\"mkdf-btn-text\">Data Sheet PLEATED COTTON DISCS FROM \u2205 600MM TO \u2205 1000MM<\/span>\n        <i class=\"mkdf-icon-dripicons dripicon  \" ><\/i>    <\/a>\t\t<\/div>\n\t<\/div>\n<\/div><\/div>\t<\/div>\n<\/div><h5 class=\"mkdf-accordion-title\">\n    <span class=\"mkdf-accordion-mark\">\n\t\t<span class=\"mkdf_icon_plus icon_plus\"><\/span>\n\t\t<span class=\"mkdf_icon_minus icon_minus-06\"><\/span>\n\t<\/span>\n\t<span class=\"mkdf-tab-title\">Ficha de datos de seguridade<\/span>\n<\/h5>\n<div class=\"mkdf-accordion-content\">\n\t<div class=\"mkdf-accordion-content-inner\">\n\t\t<div class=\"mkdf-elements-holder   mkdf-one-column  mkdf-responsive-mode-768 \" ><div class=\"mkdf-eh-item    \"  data-item-class=\"mkdf-eh-custom-8996\">\n\t<div class=\"mkdf-eh-item-inner\">\n\t\t<div class=\"mkdf-eh-item-content mkdf-eh-custom-8996\" style=\"padding: 0px 0px 10px 0px\">\n\t\t\t<a itemprop=\"url\" href=\"https:\/\/discotelsisal.com\/wp-content\/uploads\/2023\/11\/DISCOTELSISAL-MSDS-COTTON-SISAL-POLISHING-DISC-ENG.pdf\" target=\"_blank\" style=\"color: #056133;border-color: #056133\" class=\"mkdf-btn mkdf-btn-medium mkdf-btn-outline\"  >\n            <span class=\"mkdf-btn-text\">Safety Data Sheet MSDS - DS-PLIS COT<\/span>\n        <i class=\"mkdf-icon-dripicons dripicon  \" ><\/i>    <\/a>\t\t<\/div>\n\t<\/div>\n<\/div><\/div>\t<\/div>\n<\/div><\/div>[\/vc_column][\/vc_row]<\/p>\n<\/div>","protected":false},"excerpt":{"rendered":"<p>Los discos plisados de algod\u00f3n se fabrican con una tira de algod\u00f3n cosido plegado en V, cerrada por dos tapas de cart\u00f3n grapado.<br \/>\nPueden fabricarse de algod\u00f3n natural o de algod\u00f3n resinado.<\/p>\n<p><strong>APLICACIONES<\/strong><br \/>\n\u2022 Pueden utilizarse en todos los pasos del abrillantado<br \/>\n\u2022 Pueden utilizarse en m\u00e1quinas autom\u00e1ticas y robot<br \/>\n\u2022 Aptos para el mecanizado de piezas de mediano y gran tama\u00f1o<br \/>\n\u2022 Se requiere el uso combinado con pastas abrasivas.<\/p>\n","protected":false},"featured_media":6409,"template":"","meta":[],"product_brand":[],"product_cat":[223,221],"product_tag":[186,222],"class_list":{"0":"post-6408","1":"product","2":"type-product","3":"status-publish","4":"has-post-thumbnail","6":"product_cat-abrillantado","7":"product_cat-discos-de-pulido","8":"product_tag-discotelsisal-es","9":"product_tag-polishing-buffs-es","11":"first","12":"instock","13":"shipping-taxable","14":"product-type-simple"},"yoast_head":"<!-- This site is optimized with the Yoast SEO plugin v27.3 - https:\/\/yoast.com\/product\/yoast-seo-wordpress\/ -->\n<title>DISCOS PLISADOS DE ALGOD\u00d3N DE \u2205 600MM A \u2205 1000MM - Discotelsisal<\/title>\n<meta name=\"robots\" content=\"index, follow, max-snippet:-1, max-image-preview:large, max-video-preview:-1\" \/>\n<link rel=\"canonical\" href=\"https:\/\/discotelsisal.com\/es\/product\/discos-plisados-de-algodon-de-%e2%88%85-600mm-a-%e2%88%85-1000mm\/\" \/>\n<meta property=\"og:locale\" content=\"es_ES\" \/>\n<meta property=\"og:type\" content=\"article\" \/>\n<meta property=\"og:title\" content=\"DISCOS PLISADOS DE ALGOD\u00d3N DE \u2205 600MM A \u2205 1000MM - Discotelsisal\" \/>\n<meta property=\"og:description\" content=\"Los discos plisados de algod\u00f3n se fabrican con una tira de algod\u00f3n cosido plegado en V, cerrada por dos tapas de cart\u00f3n grapado. Pueden fabricarse de algod\u00f3n natural o de algod\u00f3n resinado.  APLICACIONES \u2022 Pueden utilizarse en todos los pasos del abrillantado \u2022 Pueden utilizarse en m\u00e1quinas autom\u00e1ticas y robot \u2022 Aptos para el mecanizado de piezas de mediano y gran tama\u00f1o \u2022 Se requiere el uso combinado con pastas abrasivas.\" \/>\n<meta property=\"og:url\" content=\"https:\/\/discotelsisal.com\/es\/product\/discos-plisados-de-algodon-de-%e2%88%85-600mm-a-%e2%88%85-1000mm\/\" \/>\n<meta property=\"og:site_name\" content=\"Discotelsisal\" \/>\n<meta property=\"article:modified_time\" content=\"2023-11-16T16:09:22+00:00\" \/>\n<meta property=\"og:image\" content=\"https:\/\/discotelsisal.com\/wp-content\/uploads\/2021\/07\/9a-DISCO-PLISSETTATO-COTONE-da-D.-600-mm-a-D.-1.000-mm.jpg\" \/>\n\t<meta property=\"og:image:width\" content=\"1000\" \/>\n\t<meta property=\"og:image:height\" content=\"1000\" \/>\n\t<meta property=\"og:image:type\" content=\"image\/jpeg\" \/>\n<meta name=\"twitter:card\" content=\"summary_large_image\" \/>\n<meta name=\"twitter:label1\" content=\"Tiempo de lectura\" \/>\n\t<meta name=\"twitter:data1\" content=\"1 minuto\" \/>\n<script type=\"application\/ld+json\" class=\"yoast-schema-graph\">{\"@context\":\"https:\\\/\\\/schema.org\",\"@graph\":[{\"@type\":\"WebPage\",\"@id\":\"https:\\\/\\\/discotelsisal.com\\\/es\\\/product\\\/discos-plisados-de-algodon-de-%e2%88%85-600mm-a-%e2%88%85-1000mm\\\/\",\"url\":\"https:\\\/\\\/discotelsisal.com\\\/es\\\/product\\\/discos-plisados-de-algodon-de-%e2%88%85-600mm-a-%e2%88%85-1000mm\\\/\",\"name\":\"DISCOS PLISADOS DE ALGOD\u00d3N DE \u2205 600MM A \u2205 1000MM - Discotelsisal\",\"isPartOf\":{\"@id\":\"https:\\\/\\\/discotelsisal.com\\\/es\\\/#website\"},\"primaryImageOfPage\":{\"@id\":\"https:\\\/\\\/discotelsisal.com\\\/es\\\/product\\\/discos-plisados-de-algodon-de-%e2%88%85-600mm-a-%e2%88%85-1000mm\\\/#primaryimage\"},\"image\":{\"@id\":\"https:\\\/\\\/discotelsisal.com\\\/es\\\/product\\\/discos-plisados-de-algodon-de-%e2%88%85-600mm-a-%e2%88%85-1000mm\\\/#primaryimage\"},\"thumbnailUrl\":\"https:\\\/\\\/discotelsisal.com\\\/wp-content\\\/uploads\\\/2021\\\/07\\\/9a-DISCO-PLISSETTATO-COTONE-da-D.-600-mm-a-D.-1.000-mm.jpg\",\"datePublished\":\"2022-05-31T14:03:16+00:00\",\"dateModified\":\"2023-11-16T16:09:22+00:00\",\"breadcrumb\":{\"@id\":\"https:\\\/\\\/discotelsisal.com\\\/es\\\/product\\\/discos-plisados-de-algodon-de-%e2%88%85-600mm-a-%e2%88%85-1000mm\\\/#breadcrumb\"},\"inLanguage\":\"es\",\"potentialAction\":[{\"@type\":\"ReadAction\",\"target\":[\"https:\\\/\\\/discotelsisal.com\\\/es\\\/product\\\/discos-plisados-de-algodon-de-%e2%88%85-600mm-a-%e2%88%85-1000mm\\\/\"]}]},{\"@type\":\"ImageObject\",\"inLanguage\":\"es\",\"@id\":\"https:\\\/\\\/discotelsisal.com\\\/es\\\/product\\\/discos-plisados-de-algodon-de-%e2%88%85-600mm-a-%e2%88%85-1000mm\\\/#primaryimage\",\"url\":\"https:\\\/\\\/discotelsisal.com\\\/wp-content\\\/uploads\\\/2021\\\/07\\\/9a-DISCO-PLISSETTATO-COTONE-da-D.-600-mm-a-D.-1.000-mm.jpg\",\"contentUrl\":\"https:\\\/\\\/discotelsisal.com\\\/wp-content\\\/uploads\\\/2021\\\/07\\\/9a-DISCO-PLISSETTATO-COTONE-da-D.-600-mm-a-D.-1.000-mm.jpg\",\"width\":1000,\"height\":1000},{\"@type\":\"BreadcrumbList\",\"@id\":\"https:\\\/\\\/discotelsisal.com\\\/es\\\/product\\\/discos-plisados-de-algodon-de-%e2%88%85-600mm-a-%e2%88%85-1000mm\\\/#breadcrumb\",\"itemListElement\":[{\"@type\":\"ListItem\",\"position\":1,\"name\":\"Home\",\"item\":\"https:\\\/\\\/discotelsisal.com\\\/es\\\/\"},{\"@type\":\"ListItem\",\"position\":2,\"name\":\"Shop\",\"item\":\"https:\\\/\\\/discotelsisal.com\\\/?page_id=2671\"},{\"@type\":\"ListItem\",\"position\":3,\"name\":\"DISCOS PLISADOS DE ALGOD\u00d3N DE \u2205 600MM A \u2205 1000MM\"}]},{\"@type\":\"WebSite\",\"@id\":\"https:\\\/\\\/discotelsisal.com\\\/es\\\/#website\",\"url\":\"https:\\\/\\\/discotelsisal.com\\\/es\\\/\",\"name\":\"Discotelsisal\",\"description\":\"Sanding Solutions\",\"publisher\":{\"@id\":\"https:\\\/\\\/discotelsisal.com\\\/es\\\/#organization\"},\"potentialAction\":[{\"@type\":\"SearchAction\",\"target\":{\"@type\":\"EntryPoint\",\"urlTemplate\":\"https:\\\/\\\/discotelsisal.com\\\/es\\\/?s={search_term_string}\"},\"query-input\":{\"@type\":\"PropertyValueSpecification\",\"valueRequired\":true,\"valueName\":\"search_term_string\"}}],\"inLanguage\":\"es\"},{\"@type\":\"Organization\",\"@id\":\"https:\\\/\\\/discotelsisal.com\\\/es\\\/#organization\",\"name\":\"Discotelsisal\",\"url\":\"https:\\\/\\\/discotelsisal.com\\\/es\\\/\",\"logo\":{\"@type\":\"ImageObject\",\"inLanguage\":\"es\",\"@id\":\"https:\\\/\\\/discotelsisal.com\\\/es\\\/#\\\/schema\\\/logo\\\/image\\\/\",\"url\":\"https:\\\/\\\/discotelsisal.com\\\/wp-content\\\/uploads\\\/2021\\\/06\\\/logo-new-resize.png\",\"contentUrl\":\"https:\\\/\\\/discotelsisal.com\\\/wp-content\\\/uploads\\\/2021\\\/06\\\/logo-new-resize.png\",\"width\":644,\"height\":200,\"caption\":\"Discotelsisal\"},\"image\":{\"@id\":\"https:\\\/\\\/discotelsisal.com\\\/es\\\/#\\\/schema\\\/logo\\\/image\\\/\"}}]}<\/script>\n<!-- \/ Yoast SEO plugin. -->","yoast_head_json":{"title":"DISCOS PLISADOS DE ALGOD\u00d3N DE \u2205 600MM A \u2205 1000MM - Discotelsisal","robots":{"index":"index","follow":"follow","max-snippet":"max-snippet:-1","max-image-preview":"max-image-preview:large","max-video-preview":"max-video-preview:-1"},"canonical":"https:\/\/discotelsisal.com\/es\/product\/discos-plisados-de-algodon-de-%e2%88%85-600mm-a-%e2%88%85-1000mm\/","og_locale":"es_ES","og_type":"article","og_title":"DISCOS PLISADOS DE ALGOD\u00d3N DE \u2205 600MM A \u2205 1000MM - Discotelsisal","og_description":"Los discos plisados de algod\u00f3n se fabrican con una tira de algod\u00f3n cosido plegado en V, cerrada por dos tapas de cart\u00f3n grapado. Pueden fabricarse de algod\u00f3n natural o de algod\u00f3n resinado.  APLICACIONES \u2022 Pueden utilizarse en todos los pasos del abrillantado \u2022 Pueden utilizarse en m\u00e1quinas autom\u00e1ticas y robot \u2022 Aptos para el mecanizado de piezas de mediano y gran tama\u00f1o \u2022 Se requiere el uso combinado con pastas abrasivas.","og_url":"https:\/\/discotelsisal.com\/es\/product\/discos-plisados-de-algodon-de-%e2%88%85-600mm-a-%e2%88%85-1000mm\/","og_site_name":"Discotelsisal","article_modified_time":"2023-11-16T16:09:22+00:00","og_image":[{"width":1000,"height":1000,"url":"https:\/\/discotelsisal.com\/wp-content\/uploads\/2021\/07\/9a-DISCO-PLISSETTATO-COTONE-da-D.-600-mm-a-D.-1.000-mm.jpg","type":"image\/jpeg"}],"twitter_card":"summary_large_image","twitter_misc":{"Tiempo de lectura":"1 minuto"},"schema":{"@context":"https:\/\/schema.org","@graph":[{"@type":"WebPage","@id":"https:\/\/discotelsisal.com\/es\/product\/discos-plisados-de-algodon-de-%e2%88%85-600mm-a-%e2%88%85-1000mm\/","url":"https:\/\/discotelsisal.com\/es\/product\/discos-plisados-de-algodon-de-%e2%88%85-600mm-a-%e2%88%85-1000mm\/","name":"DISCOS PLISADOS DE ALGOD\u00d3N DE \u2205 600MM A \u2205 1000MM - Discotelsisal","isPartOf":{"@id":"https:\/\/discotelsisal.com\/es\/#website"},"primaryImageOfPage":{"@id":"https:\/\/discotelsisal.com\/es\/product\/discos-plisados-de-algodon-de-%e2%88%85-600mm-a-%e2%88%85-1000mm\/#primaryimage"},"image":{"@id":"https:\/\/discotelsisal.com\/es\/product\/discos-plisados-de-algodon-de-%e2%88%85-600mm-a-%e2%88%85-1000mm\/#primaryimage"},"thumbnailUrl":"https:\/\/discotelsisal.com\/wp-content\/uploads\/2021\/07\/9a-DISCO-PLISSETTATO-COTONE-da-D.-600-mm-a-D.-1.000-mm.jpg","datePublished":"2022-05-31T14:03:16+00:00","dateModified":"2023-11-16T16:09:22+00:00","breadcrumb":{"@id":"https:\/\/discotelsisal.com\/es\/product\/discos-plisados-de-algodon-de-%e2%88%85-600mm-a-%e2%88%85-1000mm\/#breadcrumb"},"inLanguage":"es","potentialAction":[{"@type":"ReadAction","target":["https:\/\/discotelsisal.com\/es\/product\/discos-plisados-de-algodon-de-%e2%88%85-600mm-a-%e2%88%85-1000mm\/"]}]},{"@type":"ImageObject","inLanguage":"es","@id":"https:\/\/discotelsisal.com\/es\/product\/discos-plisados-de-algodon-de-%e2%88%85-600mm-a-%e2%88%85-1000mm\/#primaryimage","url":"https:\/\/discotelsisal.com\/wp-content\/uploads\/2021\/07\/9a-DISCO-PLISSETTATO-COTONE-da-D.-600-mm-a-D.-1.000-mm.jpg","contentUrl":"https:\/\/discotelsisal.com\/wp-content\/uploads\/2021\/07\/9a-DISCO-PLISSETTATO-COTONE-da-D.-600-mm-a-D.-1.000-mm.jpg","width":1000,"height":1000},{"@type":"BreadcrumbList","@id":"https:\/\/discotelsisal.com\/es\/product\/discos-plisados-de-algodon-de-%e2%88%85-600mm-a-%e2%88%85-1000mm\/#breadcrumb","itemListElement":[{"@type":"ListItem","position":1,"name":"Home","item":"https:\/\/discotelsisal.com\/es\/"},{"@type":"ListItem","position":2,"name":"Shop","item":"https:\/\/discotelsisal.com\/?page_id=2671"},{"@type":"ListItem","position":3,"name":"DISCOS PLISADOS DE ALGOD\u00d3N DE \u2205 600MM A \u2205 1000MM"}]},{"@type":"WebSite","@id":"https:\/\/discotelsisal.com\/es\/#website","url":"https:\/\/discotelsisal.com\/es\/","name":"Discotelsisal","description":"Sanding Solutions","publisher":{"@id":"https:\/\/discotelsisal.com\/es\/#organization"},"potentialAction":[{"@type":"SearchAction","target":{"@type":"EntryPoint","urlTemplate":"https:\/\/discotelsisal.com\/es\/?s={search_term_string}"},"query-input":{"@type":"PropertyValueSpecification","valueRequired":true,"valueName":"search_term_string"}}],"inLanguage":"es"},{"@type":"Organization","@id":"https:\/\/discotelsisal.com\/es\/#organization","name":"Discotelsisal","url":"https:\/\/discotelsisal.com\/es\/","logo":{"@type":"ImageObject","inLanguage":"es","@id":"https:\/\/discotelsisal.com\/es\/#\/schema\/logo\/image\/","url":"https:\/\/discotelsisal.com\/wp-content\/uploads\/2021\/06\/logo-new-resize.png","contentUrl":"https:\/\/discotelsisal.com\/wp-content\/uploads\/2021\/06\/logo-new-resize.png","width":644,"height":200,"caption":"Discotelsisal"},"image":{"@id":"https:\/\/discotelsisal.com\/es\/#\/schema\/logo\/image\/"}}]}},"_links":{"self":[{"href":"https:\/\/discotelsisal.com\/es\/wp-json\/wp\/v2\/product\/6408","targetHints":{"allow":["GET"]}}],"collection":[{"href":"https:\/\/discotelsisal.com\/es\/wp-json\/wp\/v2\/product"}],"about":[{"href":"https:\/\/discotelsisal.com\/es\/wp-json\/wp\/v2\/types\/product"}],"wp:featuredmedia":[{"embeddable":true,"href":"https:\/\/discotelsisal.com\/es\/wp-json\/wp\/v2\/media\/6409"}],"wp:attachment":[{"href":"https:\/\/discotelsisal.com\/es\/wp-json\/wp\/v2\/media?parent=6408"}],"wp:term":[{"taxonomy":"product_brand","embeddable":true,"href":"https:\/\/discotelsisal.com\/es\/wp-json\/wp\/v2\/product_brand?post=6408"},{"taxonomy":"product_cat","embeddable":true,"href":"https:\/\/discotelsisal.com\/es\/wp-json\/wp\/v2\/product_cat?post=6408"},{"taxonomy":"product_tag","embeddable":true,"href":"https:\/\/discotelsisal.com\/es\/wp-json\/wp\/v2\/product_tag?post=6408"}],"curies":[{"name":"wp","href":"https:\/\/api.w.org\/{rel}","templated":true}]}}