{"id":6326,"date":"2022-05-31T10:40:23","date_gmt":"2022-05-31T10:40:23","guid":{"rendered":"https:\/\/discotelsisal.com\/product\/ruedas-de-contacto-de-laminas-piel-esponja\/"},"modified":"2023-11-22T12:13:48","modified_gmt":"2023-11-22T12:13:48","slug":"ruedas-de-contacto-de-laminas-piel-esponja","status":"publish","type":"product","link":"https:\/\/discotelsisal.com\/es\/product\/ruedas-de-contacto-de-laminas-piel-esponja\/","title":{"rendered":"RUEDAS DE CONTACTO DE L\u00c1MINAS PIEL + ESPONJA"},"content":{"rendered":"<div class=\"wpb-content-wrapper\"><p>[vc_row disable_background_image=\u00bb\u00bb][vc_column]<div class=\"mkdf-accordion-holder mkdf-ac-default  mkdf-toggle mkdf-ac-boxed  clearfix\">\n\t<h5 class=\"mkdf-accordion-title\">\n    <span class=\"mkdf-accordion-mark\">\n\t\t<span class=\"mkdf_icon_plus icon_plus\"><\/span>\n\t\t<span class=\"mkdf_icon_minus icon_minus-06\"><\/span>\n\t<\/span>\n\t<span class=\"mkdf-tab-title\">Ficha de datos <\/span>\n<\/h5>\n<div class=\"mkdf-accordion-content\">\n\t<div class=\"mkdf-accordion-content-inner\">\n\t\t<div class=\"mkdf-elements-holder   mkdf-one-column  mkdf-responsive-mode-768 \" ><div class=\"mkdf-eh-item    \"  data-item-class=\"mkdf-eh-custom-6782\">\n\t<div class=\"mkdf-eh-item-inner\">\n\t\t<div class=\"mkdf-eh-item-content mkdf-eh-custom-6782\" style=\"padding: 0px 0px 10px 0px\">\n\t\t\t<a itemprop=\"url\" href=\"https:\/\/discotelsisal.com\/wp-content\/uploads\/2021\/07\/RUOTE-DI-CONTATTATO-A-LAMELLE-PELLE-SPUGNA.jpg\" target=\"_blank\" style=\"color: #056133;border-color: #056133\" class=\"mkdf-btn mkdf-btn-medium mkdf-btn-outline\"  >\n            <span class=\"mkdf-btn-text\">Data Sheet CONTACT FLAP WHEELS LEATHER + SPONGE<\/span>\n        <i class=\"mkdf-icon-dripicons dripicon  \" ><\/i>    <\/a>\t\t<\/div>\n\t<\/div>\n<\/div><\/div>\t<\/div>\n<\/div><h5 class=\"mkdf-accordion-title\">\n    <span class=\"mkdf-accordion-mark\">\n\t\t<span class=\"mkdf_icon_plus icon_plus\"><\/span>\n\t\t<span class=\"mkdf_icon_minus icon_minus-06\"><\/span>\n\t<\/span>\n\t<span class=\"mkdf-tab-title\">Ficha de datos de seguridade<\/span>\n<\/h5>\n<div class=\"mkdf-accordion-content\">\n\t<div class=\"mkdf-accordion-content-inner\">\n\t\t<div class=\"mkdf-elements-holder   mkdf-one-column  mkdf-responsive-mode-768 \" ><div class=\"mkdf-eh-item    \"  data-item-class=\"mkdf-eh-custom-1966\">\n\t<div class=\"mkdf-eh-item-inner\">\n\t\t<div class=\"mkdf-eh-item-content mkdf-eh-custom-1966\" style=\"padding: 0px 0px 10px 0px\">\n\t\t\t<a itemprop=\"url\" href=\"https:\/\/discotelsisal.com\/wp-content\/uploads\/2023\/10\/DISCOTELSISAL-MSDS-RC-LAM-LEATHERSPONGE-ENG.pdf\" target=\"_self\" style=\"color: #056133;border-color: #056133\" class=\"mkdf-btn mkdf-btn-medium mkdf-btn-outline\"  >\n            <span class=\"mkdf-btn-text\">Safety Data Sheet MSDS - RC-LAM LEATHER + SPONGE<\/span>\n        <i class=\"mkdf-icon-dripicons dripicon  \" ><\/i>    <\/a>\t\t<\/div>\n\t<\/div>\n<\/div><\/div>\t<\/div>\n<\/div><\/div>[\/vc_column][\/vc_row]<\/p>\n<\/div>","protected":false},"excerpt":{"rendered":"<p>Las ruedas de contacto de l\u00e1minas piel + esponja est\u00e1n formadas por l\u00e1minas de poliuretano alternadas con l\u00e1minas de tejido de algod\u00f3n coagulado y espec\u00edficamente tratado para obtener una excelente elasticidad y resistencia al calor.<\/p>\n<p><strong>VENTAJAS<\/strong><br \/>\n\u2022 Pueden ser perfiladas para adaptarse perfectamente a la forma del producto a mecanizar<br \/>\n\u2022 La combinaci\u00f3n piel + esponja permite un desgaste uniforme de la rueda obteniendo un acabado m\u00e1s regular, sin marcas ni golpes<br \/>\n\u2022 Pueden fabricarse con diferentes densidades de acuerdo al metal a mecanizar<\/p>\n<p><strong>APLICACIONES<\/strong><br \/>\n\u2022 Esmerilado de metales blandos<br \/>\n\u2022 Deslustrado de metales blandos<\/p>\n","protected":false},"featured_media":6327,"template":"","meta":[],"product_brand":[],"product_cat":[213],"product_tag":[214,186],"class_list":{"0":"post-6326","1":"product","2":"type-product","3":"status-publish","4":"has-post-thumbnail","6":"product_cat-contact-wheels-es","7":"product_tag-contact-wheels-es","8":"product_tag-discotelsisal-es","10":"first","11":"instock","12":"shipping-taxable","13":"product-type-simple"},"yoast_head":"<!-- This site is optimized with the Yoast SEO plugin v27.3 - https:\/\/yoast.com\/product\/yoast-seo-wordpress\/ -->\n<title>RUEDAS DE CONTACTO DE L\u00c1MINAS PIEL + ESPONJA - Discotelsisal<\/title>\n<meta name=\"robots\" content=\"index, follow, max-snippet:-1, max-image-preview:large, max-video-preview:-1\" \/>\n<link rel=\"canonical\" href=\"https:\/\/discotelsisal.com\/es\/product\/ruedas-de-contacto-de-laminas-piel-esponja\/\" \/>\n<meta property=\"og:locale\" content=\"es_ES\" \/>\n<meta property=\"og:type\" content=\"article\" \/>\n<meta property=\"og:title\" content=\"RUEDAS DE CONTACTO DE L\u00c1MINAS PIEL + ESPONJA - Discotelsisal\" \/>\n<meta property=\"og:description\" content=\"Las ruedas de contacto de l\u00e1minas piel + esponja est\u00e1n formadas por l\u00e1minas de poliuretano alternadas con l\u00e1minas de tejido de algod\u00f3n coagulado y espec\u00edficamente tratado para obtener una excelente elasticidad y resistencia al calor.  VENTAJAS \u2022 Pueden ser perfiladas para adaptarse perfectamente a la forma del producto a mecanizar \u2022 La combinaci\u00f3n piel + esponja permite un desgaste uniforme de la rueda obteniendo un acabado m\u00e1s regular, sin marcas ni golpes \u2022 Pueden fabricarse con diferentes densidades de acuerdo al metal a mecanizar  APLICACIONES \u2022 Esmerilado de metales blandos \u2022 Deslustrado de metales blandos\" \/>\n<meta property=\"og:url\" content=\"https:\/\/discotelsisal.com\/es\/product\/ruedas-de-contacto-de-laminas-piel-esponja\/\" \/>\n<meta property=\"og:site_name\" content=\"Discotelsisal\" \/>\n<meta property=\"article:modified_time\" content=\"2023-11-22T12:13:48+00:00\" \/>\n<meta property=\"og:image\" content=\"https:\/\/discotelsisal.com\/wp-content\/uploads\/2021\/07\/01-RUOTE-di-CONTATTO-a-LAMELLE-PELLESPUGNA.jpg\" \/>\n\t<meta property=\"og:image:width\" content=\"1000\" \/>\n\t<meta property=\"og:image:height\" content=\"1000\" \/>\n\t<meta property=\"og:image:type\" content=\"image\/jpeg\" \/>\n<meta name=\"twitter:card\" content=\"summary_large_image\" \/>\n<meta name=\"twitter:label1\" content=\"Tiempo de lectura\" \/>\n\t<meta name=\"twitter:data1\" content=\"1 minuto\" \/>\n<script type=\"application\/ld+json\" class=\"yoast-schema-graph\">{\"@context\":\"https:\\\/\\\/schema.org\",\"@graph\":[{\"@type\":\"WebPage\",\"@id\":\"https:\\\/\\\/discotelsisal.com\\\/es\\\/product\\\/ruedas-de-contacto-de-laminas-piel-esponja\\\/\",\"url\":\"https:\\\/\\\/discotelsisal.com\\\/es\\\/product\\\/ruedas-de-contacto-de-laminas-piel-esponja\\\/\",\"name\":\"RUEDAS DE CONTACTO DE L\u00c1MINAS PIEL + ESPONJA - Discotelsisal\",\"isPartOf\":{\"@id\":\"https:\\\/\\\/discotelsisal.com\\\/es\\\/#website\"},\"primaryImageOfPage\":{\"@id\":\"https:\\\/\\\/discotelsisal.com\\\/es\\\/product\\\/ruedas-de-contacto-de-laminas-piel-esponja\\\/#primaryimage\"},\"image\":{\"@id\":\"https:\\\/\\\/discotelsisal.com\\\/es\\\/product\\\/ruedas-de-contacto-de-laminas-piel-esponja\\\/#primaryimage\"},\"thumbnailUrl\":\"https:\\\/\\\/discotelsisal.com\\\/wp-content\\\/uploads\\\/2021\\\/07\\\/01-RUOTE-di-CONTATTO-a-LAMELLE-PELLESPUGNA.jpg\",\"datePublished\":\"2022-05-31T10:40:23+00:00\",\"dateModified\":\"2023-11-22T12:13:48+00:00\",\"breadcrumb\":{\"@id\":\"https:\\\/\\\/discotelsisal.com\\\/es\\\/product\\\/ruedas-de-contacto-de-laminas-piel-esponja\\\/#breadcrumb\"},\"inLanguage\":\"es\",\"potentialAction\":[{\"@type\":\"ReadAction\",\"target\":[\"https:\\\/\\\/discotelsisal.com\\\/es\\\/product\\\/ruedas-de-contacto-de-laminas-piel-esponja\\\/\"]}]},{\"@type\":\"ImageObject\",\"inLanguage\":\"es\",\"@id\":\"https:\\\/\\\/discotelsisal.com\\\/es\\\/product\\\/ruedas-de-contacto-de-laminas-piel-esponja\\\/#primaryimage\",\"url\":\"https:\\\/\\\/discotelsisal.com\\\/wp-content\\\/uploads\\\/2021\\\/07\\\/01-RUOTE-di-CONTATTO-a-LAMELLE-PELLESPUGNA.jpg\",\"contentUrl\":\"https:\\\/\\\/discotelsisal.com\\\/wp-content\\\/uploads\\\/2021\\\/07\\\/01-RUOTE-di-CONTATTO-a-LAMELLE-PELLESPUGNA.jpg\",\"width\":1000,\"height\":1000},{\"@type\":\"BreadcrumbList\",\"@id\":\"https:\\\/\\\/discotelsisal.com\\\/es\\\/product\\\/ruedas-de-contacto-de-laminas-piel-esponja\\\/#breadcrumb\",\"itemListElement\":[{\"@type\":\"ListItem\",\"position\":1,\"name\":\"Home\",\"item\":\"https:\\\/\\\/discotelsisal.com\\\/es\\\/\"},{\"@type\":\"ListItem\",\"position\":2,\"name\":\"Shop\",\"item\":\"https:\\\/\\\/discotelsisal.com\\\/?page_id=2671\"},{\"@type\":\"ListItem\",\"position\":3,\"name\":\"RUEDAS DE CONTACTO DE L\u00c1MINAS PIEL + ESPONJA\"}]},{\"@type\":\"WebSite\",\"@id\":\"https:\\\/\\\/discotelsisal.com\\\/es\\\/#website\",\"url\":\"https:\\\/\\\/discotelsisal.com\\\/es\\\/\",\"name\":\"Discotelsisal\",\"description\":\"Sanding Solutions\",\"publisher\":{\"@id\":\"https:\\\/\\\/discotelsisal.com\\\/es\\\/#organization\"},\"potentialAction\":[{\"@type\":\"SearchAction\",\"target\":{\"@type\":\"EntryPoint\",\"urlTemplate\":\"https:\\\/\\\/discotelsisal.com\\\/es\\\/?s={search_term_string}\"},\"query-input\":{\"@type\":\"PropertyValueSpecification\",\"valueRequired\":true,\"valueName\":\"search_term_string\"}}],\"inLanguage\":\"es\"},{\"@type\":\"Organization\",\"@id\":\"https:\\\/\\\/discotelsisal.com\\\/es\\\/#organization\",\"name\":\"Discotelsisal\",\"url\":\"https:\\\/\\\/discotelsisal.com\\\/es\\\/\",\"logo\":{\"@type\":\"ImageObject\",\"inLanguage\":\"es\",\"@id\":\"https:\\\/\\\/discotelsisal.com\\\/es\\\/#\\\/schema\\\/logo\\\/image\\\/\",\"url\":\"https:\\\/\\\/discotelsisal.com\\\/wp-content\\\/uploads\\\/2021\\\/06\\\/logo-new-resize.png\",\"contentUrl\":\"https:\\\/\\\/discotelsisal.com\\\/wp-content\\\/uploads\\\/2021\\\/06\\\/logo-new-resize.png\",\"width\":644,\"height\":200,\"caption\":\"Discotelsisal\"},\"image\":{\"@id\":\"https:\\\/\\\/discotelsisal.com\\\/es\\\/#\\\/schema\\\/logo\\\/image\\\/\"}}]}<\/script>\n<!-- \/ Yoast SEO plugin. -->","yoast_head_json":{"title":"RUEDAS DE CONTACTO DE L\u00c1MINAS PIEL + ESPONJA - Discotelsisal","robots":{"index":"index","follow":"follow","max-snippet":"max-snippet:-1","max-image-preview":"max-image-preview:large","max-video-preview":"max-video-preview:-1"},"canonical":"https:\/\/discotelsisal.com\/es\/product\/ruedas-de-contacto-de-laminas-piel-esponja\/","og_locale":"es_ES","og_type":"article","og_title":"RUEDAS DE CONTACTO DE L\u00c1MINAS PIEL + ESPONJA - Discotelsisal","og_description":"Las ruedas de contacto de l\u00e1minas piel + esponja est\u00e1n formadas por l\u00e1minas de poliuretano alternadas con l\u00e1minas de tejido de algod\u00f3n coagulado y espec\u00edficamente tratado para obtener una excelente elasticidad y resistencia al calor.  VENTAJAS \u2022 Pueden ser perfiladas para adaptarse perfectamente a la forma del producto a mecanizar \u2022 La combinaci\u00f3n piel + esponja permite un desgaste uniforme de la rueda obteniendo un acabado m\u00e1s regular, sin marcas ni golpes \u2022 Pueden fabricarse con diferentes densidades de acuerdo al metal a mecanizar  APLICACIONES \u2022 Esmerilado de metales blandos \u2022 Deslustrado de metales blandos","og_url":"https:\/\/discotelsisal.com\/es\/product\/ruedas-de-contacto-de-laminas-piel-esponja\/","og_site_name":"Discotelsisal","article_modified_time":"2023-11-22T12:13:48+00:00","og_image":[{"width":1000,"height":1000,"url":"https:\/\/discotelsisal.com\/wp-content\/uploads\/2021\/07\/01-RUOTE-di-CONTATTO-a-LAMELLE-PELLESPUGNA.jpg","type":"image\/jpeg"}],"twitter_card":"summary_large_image","twitter_misc":{"Tiempo de lectura":"1 minuto"},"schema":{"@context":"https:\/\/schema.org","@graph":[{"@type":"WebPage","@id":"https:\/\/discotelsisal.com\/es\/product\/ruedas-de-contacto-de-laminas-piel-esponja\/","url":"https:\/\/discotelsisal.com\/es\/product\/ruedas-de-contacto-de-laminas-piel-esponja\/","name":"RUEDAS DE CONTACTO DE L\u00c1MINAS PIEL + ESPONJA - Discotelsisal","isPartOf":{"@id":"https:\/\/discotelsisal.com\/es\/#website"},"primaryImageOfPage":{"@id":"https:\/\/discotelsisal.com\/es\/product\/ruedas-de-contacto-de-laminas-piel-esponja\/#primaryimage"},"image":{"@id":"https:\/\/discotelsisal.com\/es\/product\/ruedas-de-contacto-de-laminas-piel-esponja\/#primaryimage"},"thumbnailUrl":"https:\/\/discotelsisal.com\/wp-content\/uploads\/2021\/07\/01-RUOTE-di-CONTATTO-a-LAMELLE-PELLESPUGNA.jpg","datePublished":"2022-05-31T10:40:23+00:00","dateModified":"2023-11-22T12:13:48+00:00","breadcrumb":{"@id":"https:\/\/discotelsisal.com\/es\/product\/ruedas-de-contacto-de-laminas-piel-esponja\/#breadcrumb"},"inLanguage":"es","potentialAction":[{"@type":"ReadAction","target":["https:\/\/discotelsisal.com\/es\/product\/ruedas-de-contacto-de-laminas-piel-esponja\/"]}]},{"@type":"ImageObject","inLanguage":"es","@id":"https:\/\/discotelsisal.com\/es\/product\/ruedas-de-contacto-de-laminas-piel-esponja\/#primaryimage","url":"https:\/\/discotelsisal.com\/wp-content\/uploads\/2021\/07\/01-RUOTE-di-CONTATTO-a-LAMELLE-PELLESPUGNA.jpg","contentUrl":"https:\/\/discotelsisal.com\/wp-content\/uploads\/2021\/07\/01-RUOTE-di-CONTATTO-a-LAMELLE-PELLESPUGNA.jpg","width":1000,"height":1000},{"@type":"BreadcrumbList","@id":"https:\/\/discotelsisal.com\/es\/product\/ruedas-de-contacto-de-laminas-piel-esponja\/#breadcrumb","itemListElement":[{"@type":"ListItem","position":1,"name":"Home","item":"https:\/\/discotelsisal.com\/es\/"},{"@type":"ListItem","position":2,"name":"Shop","item":"https:\/\/discotelsisal.com\/?page_id=2671"},{"@type":"ListItem","position":3,"name":"RUEDAS DE CONTACTO DE L\u00c1MINAS PIEL + ESPONJA"}]},{"@type":"WebSite","@id":"https:\/\/discotelsisal.com\/es\/#website","url":"https:\/\/discotelsisal.com\/es\/","name":"Discotelsisal","description":"Sanding Solutions","publisher":{"@id":"https:\/\/discotelsisal.com\/es\/#organization"},"potentialAction":[{"@type":"SearchAction","target":{"@type":"EntryPoint","urlTemplate":"https:\/\/discotelsisal.com\/es\/?s={search_term_string}"},"query-input":{"@type":"PropertyValueSpecification","valueRequired":true,"valueName":"search_term_string"}}],"inLanguage":"es"},{"@type":"Organization","@id":"https:\/\/discotelsisal.com\/es\/#organization","name":"Discotelsisal","url":"https:\/\/discotelsisal.com\/es\/","logo":{"@type":"ImageObject","inLanguage":"es","@id":"https:\/\/discotelsisal.com\/es\/#\/schema\/logo\/image\/","url":"https:\/\/discotelsisal.com\/wp-content\/uploads\/2021\/06\/logo-new-resize.png","contentUrl":"https:\/\/discotelsisal.com\/wp-content\/uploads\/2021\/06\/logo-new-resize.png","width":644,"height":200,"caption":"Discotelsisal"},"image":{"@id":"https:\/\/discotelsisal.com\/es\/#\/schema\/logo\/image\/"}}]}},"_links":{"self":[{"href":"https:\/\/discotelsisal.com\/es\/wp-json\/wp\/v2\/product\/6326","targetHints":{"allow":["GET"]}}],"collection":[{"href":"https:\/\/discotelsisal.com\/es\/wp-json\/wp\/v2\/product"}],"about":[{"href":"https:\/\/discotelsisal.com\/es\/wp-json\/wp\/v2\/types\/product"}],"wp:featuredmedia":[{"embeddable":true,"href":"https:\/\/discotelsisal.com\/es\/wp-json\/wp\/v2\/media\/6327"}],"wp:attachment":[{"href":"https:\/\/discotelsisal.com\/es\/wp-json\/wp\/v2\/media?parent=6326"}],"wp:term":[{"taxonomy":"product_brand","embeddable":true,"href":"https:\/\/discotelsisal.com\/es\/wp-json\/wp\/v2\/product_brand?post=6326"},{"taxonomy":"product_cat","embeddable":true,"href":"https:\/\/discotelsisal.com\/es\/wp-json\/wp\/v2\/product_cat?post=6326"},{"taxonomy":"product_tag","embeddable":true,"href":"https:\/\/discotelsisal.com\/es\/wp-json\/wp\/v2\/product_tag?post=6326"}],"curies":[{"name":"wp","href":"https:\/\/api.w.org\/{rel}","templated":true}]}}