{"id":6473,"date":"2022-06-06T13:54:14","date_gmt":"2022-06-06T13:54:14","guid":{"rendered":"https:\/\/discotelsisal.com\/?page_id=6473"},"modified":"2026-04-13T09:29:07","modified_gmt":"2026-04-13T09:29:07","slug":"fieras","status":"publish","type":"page","link":"https:\/\/discotelsisal.com\/es\/fieras\/","title":{"rendered":"Fieras"},"content":{"rendered":"<div class=\"wpb-content-wrapper\"><p>[vc_row disable_background_image=\u00bb\u00bb simple_background_color=\u00bb#056133&#8243;][vc_column]<div class=\"mkdf-elements-holder   mkdf-one-column  mkdf-responsive-mode-768 \" ><div class=\"mkdf-eh-item   mkdf-horizontal-alignment-center \"  data-item-class=\"mkdf-eh-custom-3910\">\n\t<div class=\"mkdf-eh-item-inner\">\n\t\t<div class=\"mkdf-eh-item-content mkdf-eh-custom-3910\" style=\"padding: 40px 0px 40px 0px\">\n\t\t\t<div class=\"mkdf-section-title-holder title-split-style   mkdf-has-appear-animation\" >\n\t<div class=\"mkdf-st-inner\">\n\t\t\t\t\t\t<h1 class=\"mkdf-st-title\" style=\"color: #ffffff\">\n\t\t\t\t\t\t\t\t\tFIERAS\t\t\t\t\t\t\t<\/h1>\n\t\t\t\t\t\t\t<\/div>\n<\/div>\t\t<\/div>\n\t<\/div>\n<\/div><\/div>[\/vc_column][\/vc_row][vc_row row_content_width=\u00bbgrid\u00bb disable_background_image=\u00bb1024&#8243; css=\u00bb.vc_custom_1626183022531{padding-top: 60px !important;padding-bottom: 82px !important;}\u00bb][vc_column][vc_column_text]DISCOTELSISAL estar\u00e1 presente en las siguientes ferias:[\/vc_column_text][vc_empty_space][vc_row_inner gap=\u00bb30&#8243;][vc_column_inner width=\u00bb1\/3&#8243;][vc_single_image image=\u00bb6474&#8243;][vc_column_text]<\/p>\n<h4><strong>IHF 2026<\/strong><\/h4>\n<p><em>3 &#8211; 6 de marzo de 2026<br \/>\n<\/em><em>(Colonia, Alemania)<\/em><\/p>\n<p>Pabell\u00f3n 10.2, stand F091<\/p>\n<p>La feria l\u00edder a nivel mundial que re\u00fane a todos los principales operadores del sector. M\u00e1s de 3.200 expositores de todo el mundo y m\u00e1s de 38.000 operadores de 133 pa\u00edses, para presentar sus \u00faltimos productos e innovaciones: desde herramientas y accesorios hasta suministros de construcci\u00f3n y bricolaje y tecnolog\u00edas de fijaci\u00f3n.[\/vc_column_text][vc_empty_space height=\u00bb10px\u00bb]<a itemprop=\"url\" href=\"https:\/\/www.koelnmesse.it\/ihf\/home\/index.php\" target=\"_blank\" style=\"color: #056133;border-color: #056133\" class=\"mkdf-btn mkdf-btn-small mkdf-btn-outline mkdf-btn-custom-hover-bg mkdf-btn-custom-border-hover mkdf-btn-custom-hover-color\" data-hover-color=\"#000000\" data-hover-bg-color=\"#ffffff\" data-hover-border-color=\"#000000\" >\n            <span class=\"mkdf-btn-text\">obtenga m\u00e1s<\/span>\n        <i class=\"mkdf-icon-dripicons dripicon  \" ><\/i>    <\/a>[\/vc_column_inner][vc_column_inner width=\u00bb1\/3&#8243;][vc_single_image image=\u00bb16916&#8243;][vc_column_text css=\u00bb\u00bb]<\/p>\n<h4><strong>TECNA 2026<\/strong><\/h4>\n<p><em>22 &#8211; 25 de septiembre de 2026<br \/>\n(Rimini, Italia)<\/em><\/p>\n<p>Pabell\u00f3n B3, stand 304<\/p>\n<p>TECNA &#8211; The Global Expo for Ceramics and more &#8211; conecta la industria mundial de cer\u00e1mica y superficies, impulsando la innovaci\u00f3n y la transformaci\u00f3n digital.<br \/>\nVen a descubrir en la feria tecnolog\u00edas y soluciones de \u00faltima generaci\u00f3n para el dise\u00f1o, la producci\u00f3n y la sostenibilidad, en el centro de la evoluci\u00f3n del sector.[\/vc_column_text][vc_empty_space height=\u00bb10px\u00bb]<a itemprop=\"url\" href=\"https:\/\/en.tecnaexpo.com\/\" target=\"_blank\" style=\"color: #056133;border-color: #056133\" class=\"mkdf-btn mkdf-btn-small mkdf-btn-outline mkdf-btn-custom-hover-bg mkdf-btn-custom-border-hover mkdf-btn-custom-hover-color\" data-hover-color=\"#000000\" data-hover-bg-color=\"#ffffff\" data-hover-border-color=\"#000000\" >\n            <span class=\"mkdf-btn-text\">obtenga m\u00e1s<\/span>\n        <i class=\"mkdf-icon-dripicons dripicon  \" ><\/i>    <\/a>[\/vc_column_inner][vc_column_inner width=\u00bb1\/3&#8243;][vc_single_image image=\u00bb6478&#8243; css=\u00bb\u00bb][vc_column_text css=\u00bb\u00bb]<\/p>\n<h4><strong>FAMAART 2026<\/strong><\/h4>\n<p><em>1 &#8211; 3 Octubre 2026<br \/>\n(Bologna, Italy)<\/em><\/p>\n<p>FamaArt es la principal feria europea dedicada al sector de los marcos, las artes gr\u00e1ficas y las m\u00e1quinas relacionadas, organizada por BolognaFiere con el patrocinio de FAMA International.[\/vc_column_text][vc_empty_space height=\u00bb10px\u00bb]<a itemprop=\"url\" href=\"https:\/\/www.famaart.it\/en\/home\/2070.html\" target=\"_blank\" style=\"color: #056133;border-color: #056133\" class=\"mkdf-btn mkdf-btn-small mkdf-btn-outline mkdf-btn-custom-hover-bg mkdf-btn-custom-border-hover mkdf-btn-custom-hover-color\" data-hover-color=\"#000000\" data-hover-bg-color=\"#ffffff\" data-hover-border-color=\"#000000\" >\n            <span class=\"mkdf-btn-text\">obtenga m\u00e1s<\/span>\n        <i class=\"mkdf-icon-dripicons dripicon  \" ><\/i>    <\/a>[\/vc_column_inner][\/vc_row_inner][\/vc_column][\/vc_row]<\/p>\n<\/div>","protected":false},"excerpt":{"rendered":"<p>[vc_row disable_background_image=\u00bb\u00bb simple_background_color=\u00bb#056133&#8243;][vc_column][\/vc_column][\/vc_row][vc_row row_content_width=\u00bbgrid\u00bb disable_background_image=\u00bb1024&#8243; css=\u00bb.vc_custom_1626183022531{padding-top: 60px !important;padding-bottom: 82px !important;}\u00bb][vc_column][vc_column_text]DISCOTELSISAL estar\u00e1 presente en las siguientes ferias:[\/vc_column_text][vc_empty_space][vc_row_inner gap=\u00bb30&#8243;][vc_column_inner width=\u00bb1\/3&#8243;][vc_single_image image=\u00bb6474&#8243;][vc_column_text] IHF 2026 3 &#8211; 6 de marzo de 2026 (Colonia, Alemania) Pabell\u00f3n 10.2, stand F091 La feria l\u00edder a nivel mundial que re\u00fane a todos los principales operadores del sector. M\u00e1s de [&hellip;]<\/p>\n","protected":false},"author":5,"featured_media":0,"parent":0,"menu_order":0,"comment_status":"closed","ping_status":"closed","template":"full-width.php","meta":{"footnotes":""},"class_list":["post-6473","page","type-page","status-publish","hentry"],"yoast_head":"<!-- This site is optimized with the Yoast SEO plugin v27.4 - https:\/\/yoast.com\/product\/yoast-seo-wordpress\/ -->\n<title>Fieras - Discotelsisal<\/title>\n<meta name=\"description\" content=\"DISCOTELSISAL estar\u00e1 presente en las principales ferias del sector tanto nacionales como internacionales.\" \/>\n<meta name=\"robots\" content=\"index, follow, max-snippet:-1, max-image-preview:large, max-video-preview:-1\" \/>\n<link rel=\"canonical\" href=\"https:\/\/discotelsisal.com\/es\/fieras\/\" \/>\n<meta property=\"og:locale\" content=\"es_ES\" \/>\n<meta property=\"og:type\" content=\"article\" \/>\n<meta property=\"og:title\" content=\"Fieras - Discotelsisal\" \/>\n<meta property=\"og:description\" content=\"DISCOTELSISAL estar\u00e1 presente en las principales ferias del sector tanto nacionales como internacionales.\" \/>\n<meta property=\"og:url\" content=\"https:\/\/discotelsisal.com\/es\/fieras\/\" \/>\n<meta property=\"og:site_name\" content=\"Discotelsisal\" \/>\n<meta property=\"article:modified_time\" content=\"2026-04-13T09:29:07+00:00\" \/>\n<meta name=\"twitter:card\" content=\"summary_large_image\" \/>\n<meta name=\"twitter:label1\" content=\"Tiempo de lectura\" \/>\n\t<meta name=\"twitter:data1\" content=\"3 minutos\" \/>\n<script type=\"application\/ld+json\" class=\"yoast-schema-graph\">{\"@context\":\"https:\\\/\\\/schema.org\",\"@graph\":[{\"@type\":\"WebPage\",\"@id\":\"https:\\\/\\\/discotelsisal.com\\\/es\\\/fieras\\\/\",\"url\":\"https:\\\/\\\/discotelsisal.com\\\/es\\\/fieras\\\/\",\"name\":\"Fieras - Discotelsisal\",\"isPartOf\":{\"@id\":\"https:\\\/\\\/discotelsisal.com\\\/es\\\/#website\"},\"datePublished\":\"2022-06-06T13:54:14+00:00\",\"dateModified\":\"2026-04-13T09:29:07+00:00\",\"description\":\"DISCOTELSISAL estar\u00e1 presente en las principales ferias del sector tanto nacionales como internacionales.\",\"breadcrumb\":{\"@id\":\"https:\\\/\\\/discotelsisal.com\\\/es\\\/fieras\\\/#breadcrumb\"},\"inLanguage\":\"es\",\"potentialAction\":[{\"@type\":\"ReadAction\",\"target\":[\"https:\\\/\\\/discotelsisal.com\\\/es\\\/fieras\\\/\"]}]},{\"@type\":\"BreadcrumbList\",\"@id\":\"https:\\\/\\\/discotelsisal.com\\\/es\\\/fieras\\\/#breadcrumb\",\"itemListElement\":[{\"@type\":\"ListItem\",\"position\":1,\"name\":\"Home\",\"item\":\"https:\\\/\\\/discotelsisal.com\\\/es\\\/\"},{\"@type\":\"ListItem\",\"position\":2,\"name\":\"Fieras\"}]},{\"@type\":\"WebSite\",\"@id\":\"https:\\\/\\\/discotelsisal.com\\\/es\\\/#website\",\"url\":\"https:\\\/\\\/discotelsisal.com\\\/es\\\/\",\"name\":\"Discotelsisal\",\"description\":\"Sanding Solutions\",\"publisher\":{\"@id\":\"https:\\\/\\\/discotelsisal.com\\\/es\\\/#organization\"},\"potentialAction\":[{\"@type\":\"SearchAction\",\"target\":{\"@type\":\"EntryPoint\",\"urlTemplate\":\"https:\\\/\\\/discotelsisal.com\\\/es\\\/?s={search_term_string}\"},\"query-input\":{\"@type\":\"PropertyValueSpecification\",\"valueRequired\":true,\"valueName\":\"search_term_string\"}}],\"inLanguage\":\"es\"},{\"@type\":\"Organization\",\"@id\":\"https:\\\/\\\/discotelsisal.com\\\/es\\\/#organization\",\"name\":\"Discotelsisal\",\"url\":\"https:\\\/\\\/discotelsisal.com\\\/es\\\/\",\"logo\":{\"@type\":\"ImageObject\",\"inLanguage\":\"es\",\"@id\":\"https:\\\/\\\/discotelsisal.com\\\/es\\\/#\\\/schema\\\/logo\\\/image\\\/\",\"url\":\"https:\\\/\\\/discotelsisal.com\\\/wp-content\\\/uploads\\\/2021\\\/06\\\/logo-new-resize.png\",\"contentUrl\":\"https:\\\/\\\/discotelsisal.com\\\/wp-content\\\/uploads\\\/2021\\\/06\\\/logo-new-resize.png\",\"width\":644,\"height\":200,\"caption\":\"Discotelsisal\"},\"image\":{\"@id\":\"https:\\\/\\\/discotelsisal.com\\\/es\\\/#\\\/schema\\\/logo\\\/image\\\/\"}}]}<\/script>\n<!-- \/ Yoast SEO plugin. -->","yoast_head_json":{"title":"Fieras - Discotelsisal","description":"DISCOTELSISAL estar\u00e1 presente en las principales ferias del sector tanto nacionales como internacionales.","robots":{"index":"index","follow":"follow","max-snippet":"max-snippet:-1","max-image-preview":"max-image-preview:large","max-video-preview":"max-video-preview:-1"},"canonical":"https:\/\/discotelsisal.com\/es\/fieras\/","og_locale":"es_ES","og_type":"article","og_title":"Fieras - Discotelsisal","og_description":"DISCOTELSISAL estar\u00e1 presente en las principales ferias del sector tanto nacionales como internacionales.","og_url":"https:\/\/discotelsisal.com\/es\/fieras\/","og_site_name":"Discotelsisal","article_modified_time":"2026-04-13T09:29:07+00:00","twitter_card":"summary_large_image","twitter_misc":{"Tiempo de lectura":"3 minutos"},"schema":{"@context":"https:\/\/schema.org","@graph":[{"@type":"WebPage","@id":"https:\/\/discotelsisal.com\/es\/fieras\/","url":"https:\/\/discotelsisal.com\/es\/fieras\/","name":"Fieras - Discotelsisal","isPartOf":{"@id":"https:\/\/discotelsisal.com\/es\/#website"},"datePublished":"2022-06-06T13:54:14+00:00","dateModified":"2026-04-13T09:29:07+00:00","description":"DISCOTELSISAL estar\u00e1 presente en las principales ferias del sector tanto nacionales como internacionales.","breadcrumb":{"@id":"https:\/\/discotelsisal.com\/es\/fieras\/#breadcrumb"},"inLanguage":"es","potentialAction":[{"@type":"ReadAction","target":["https:\/\/discotelsisal.com\/es\/fieras\/"]}]},{"@type":"BreadcrumbList","@id":"https:\/\/discotelsisal.com\/es\/fieras\/#breadcrumb","itemListElement":[{"@type":"ListItem","position":1,"name":"Home","item":"https:\/\/discotelsisal.com\/es\/"},{"@type":"ListItem","position":2,"name":"Fieras"}]},{"@type":"WebSite","@id":"https:\/\/discotelsisal.com\/es\/#website","url":"https:\/\/discotelsisal.com\/es\/","name":"Discotelsisal","description":"Sanding Solutions","publisher":{"@id":"https:\/\/discotelsisal.com\/es\/#organization"},"potentialAction":[{"@type":"SearchAction","target":{"@type":"EntryPoint","urlTemplate":"https:\/\/discotelsisal.com\/es\/?s={search_term_string}"},"query-input":{"@type":"PropertyValueSpecification","valueRequired":true,"valueName":"search_term_string"}}],"inLanguage":"es"},{"@type":"Organization","@id":"https:\/\/discotelsisal.com\/es\/#organization","name":"Discotelsisal","url":"https:\/\/discotelsisal.com\/es\/","logo":{"@type":"ImageObject","inLanguage":"es","@id":"https:\/\/discotelsisal.com\/es\/#\/schema\/logo\/image\/","url":"https:\/\/discotelsisal.com\/wp-content\/uploads\/2021\/06\/logo-new-resize.png","contentUrl":"https:\/\/discotelsisal.com\/wp-content\/uploads\/2021\/06\/logo-new-resize.png","width":644,"height":200,"caption":"Discotelsisal"},"image":{"@id":"https:\/\/discotelsisal.com\/es\/#\/schema\/logo\/image\/"}}]}},"_links":{"self":[{"href":"https:\/\/discotelsisal.com\/es\/wp-json\/wp\/v2\/pages\/6473","targetHints":{"allow":["GET"]}}],"collection":[{"href":"https:\/\/discotelsisal.com\/es\/wp-json\/wp\/v2\/pages"}],"about":[{"href":"https:\/\/discotelsisal.com\/es\/wp-json\/wp\/v2\/types\/page"}],"author":[{"embeddable":true,"href":"https:\/\/discotelsisal.com\/es\/wp-json\/wp\/v2\/users\/5"}],"replies":[{"embeddable":true,"href":"https:\/\/discotelsisal.com\/es\/wp-json\/wp\/v2\/comments?post=6473"}],"version-history":[{"count":41,"href":"https:\/\/discotelsisal.com\/es\/wp-json\/wp\/v2\/pages\/6473\/revisions"}],"predecessor-version":[{"id":16978,"href":"https:\/\/discotelsisal.com\/es\/wp-json\/wp\/v2\/pages\/6473\/revisions\/16978"}],"wp:attachment":[{"href":"https:\/\/discotelsisal.com\/es\/wp-json\/wp\/v2\/media?parent=6473"}],"curies":[{"name":"wp","href":"https:\/\/api.w.org\/{rel}","templated":true}]}}