{"id":6413,"date":"2022-05-31T14:05:01","date_gmt":"2022-05-31T14:05:01","guid":{"rendered":"https:\/\/discotelsisal.com\/?page_id=6413"},"modified":"2023-11-22T12:19:48","modified_gmt":"2023-11-22T12:19:48","slug":"pastas-abrasivas-solidas-para-pulir","status":"publish","type":"page","link":"https:\/\/discotelsisal.com\/es\/productos\/pastas-abrasivas-solidas-para-pulir\/","title":{"rendered":"PASTAS ABRASIVAS SOLIDAS PARA PULIR"},"content":{"rendered":"<div class=\"wpb-content-wrapper\"><p>[vc_row disable_background_image=\u00bb\u00bb simple_background_color=\u00bb#056133&#8243;][vc_column]<div class=\"mkdf-elements-holder   mkdf-one-column  mkdf-responsive-mode-768 \" ><div class=\"mkdf-eh-item   mkdf-horizontal-alignment-center \"  data-item-class=\"mkdf-eh-custom-4036\">\n\t<div class=\"mkdf-eh-item-inner\">\n\t\t<div class=\"mkdf-eh-item-content mkdf-eh-custom-4036\" style=\"padding: 40px 0px 40px 0px\">\n\t\t\t<div class=\"mkdf-section-title-holder title-split-style   mkdf-has-appear-animation\" >\n\t<div class=\"mkdf-st-inner\">\n\t\t\t\t\t\t<h1 class=\"mkdf-st-title\" style=\"color: #ffffff\">\n\t\t\t\t\t\t\t\t\tPASTAS ABRASIVAS SOLIDAS PARA PULIR\t\t\t\t\t\t\t<\/h1>\n\t\t\t\t\t\t\t<\/div>\n<\/div>\t\t<\/div>\n\t<\/div>\n<\/div><\/div>[\/vc_column][\/vc_row][vc_row row_content_width=\u00bbgrid\u00bb disable_background_image=\u00bb\u00bb][vc_column][vc_empty_space][vc_column_text]Las pastas abrasivas s\u00f3lidas y l\u00edquidas se fabrican para su utilizaci\u00f3n manual, en m\u00e1quinas autom\u00e1ticas y robot.<br \/>\nEst\u00e1n disponibles en formatos est\u00e1ndar y medidas especiales.[\/vc_column_text][vc_empty_space][\/vc_column][\/vc_row][vc_row row_content_width=\u00bbgrid\u00bb disable_background_image=\u00bb\u00bb simple_background_color=\u00bb#056133&#8243;][vc_column]<div class=\"mkdf-elements-holder   mkdf-two-columns  mkdf-responsive-mode-768 \" ><div class=\"mkdf-eh-item  mkdf-vertical-alignment-top  \"  data-item-class=\"mkdf-eh-custom-8149\">\n\t<div class=\"mkdf-eh-item-inner\">\n\t\t<div class=\"mkdf-eh-item-content mkdf-eh-custom-8149\" style=\"padding: 10px 30px 10px 0px\">\n\t\t\t[vc_column_text]<\/p>\n<h4 style=\"color: white\">APLICACIONES<\/h4>\n<ul>\n<li style=\"color: white\">Pueden utilizarse en todos los pasos del abrillantado<\/li>\n<li style=\"color: white\">Pueden utilizarse en m\u00e1quinas autom\u00e1ticas y robot<\/li>\n<\/ul>\n<p>[\/vc_column_text]\t\t<\/div>\n\t<\/div>\n<\/div><div class=\"mkdf-eh-item  mkdf-vertical-alignment-top  \"  data-item-class=\"mkdf-eh-custom-7127\" data-680=\"0px 0px 0px 0px\">\n\t<div class=\"mkdf-eh-item-inner\">\n\t\t<div class=\"mkdf-eh-item-content mkdf-eh-custom-7127\" style=\"padding: 10px 0px 10px 30px\">\n\t\t\t\t\t<\/div>\n\t<\/div>\n<\/div><\/div>[vc_empty_space][\/vc_column][\/vc_row][vc_row row_content_width=\u00bbgrid\u00bb disable_background_image=\u00bb\u00bb][vc_column][vc_empty_space]<div class=\"woocommerce columns-4 \"><ul class=\"products columns-4\">\n<li class=\"product type-product post-9392 status-publish first instock product_cat-discos-para-polimento-pt-pt product_cat-pasta-de-polir product_tag-discotelsisal-pt-pt product_tag-pasta-para-polimento has-post-thumbnail shipping-taxable product-type-simple\">\n\t<div class=\"mkdf-pl-inner\"><div class=\"mkdf-pl-image\"><img loading=\"lazy\" decoding=\"async\" width=\"300\" height=\"300\" src=\"https:\/\/discotelsisal.com\/wp-content\/uploads\/2021\/07\/01-PASTE-ABRASIVE-SOLIDE-e-LIQUIDE-300x300.jpg\" class=\"attachment-woocommerce_thumbnail size-woocommerce_thumbnail\" alt=\"PASTAS ABRASIVAS S\u00d3LIDAS E L\u00cdQUIDAS\" srcset=\"https:\/\/discotelsisal.com\/wp-content\/uploads\/2021\/07\/01-PASTE-ABRASIVE-SOLIDE-e-LIQUIDE-300x300.jpg 300w, https:\/\/discotelsisal.com\/wp-content\/uploads\/2021\/07\/01-PASTE-ABRASIVE-SOLIDE-e-LIQUIDE-150x150.jpg 150w, https:\/\/discotelsisal.com\/wp-content\/uploads\/2021\/07\/01-PASTE-ABRASIVE-SOLIDE-e-LIQUIDE-768x768.jpg 768w, https:\/\/discotelsisal.com\/wp-content\/uploads\/2021\/07\/01-PASTE-ABRASIVE-SOLIDE-e-LIQUIDE-650x650.jpg 650w, https:\/\/discotelsisal.com\/wp-content\/uploads\/2021\/07\/01-PASTE-ABRASIVE-SOLIDE-e-LIQUIDE-600x600.jpg 600w, https:\/\/discotelsisal.com\/wp-content\/uploads\/2021\/07\/01-PASTE-ABRASIVE-SOLIDE-e-LIQUIDE-100x100.jpg 100w, https:\/\/discotelsisal.com\/wp-content\/uploads\/2021\/07\/01-PASTE-ABRASIVE-SOLIDE-e-LIQUIDE.jpg 1000w\" sizes=\"auto, (max-width: 300px) 100vw, 300px\" \/><div class=\"mkdf-pl-text\"><div class=\"mkdf-pl-text-outer\"><div class=\"mkdf-pl-text-inner\">\t<span id=\"woocommerce_loop_add_to_cart_link_describedby_9392\" class=\"screen-reader-text\">\n\t\t\t<\/span>\n<\/div><\/div><\/div><\/div><\/div><div class=\"mkdf-pl-text-wrapper\"><div class=\"mkdf-pl-text-wrapper-inner\"><div class=\"mkdf-pl-category\"><a href=\"https:\/\/discotelsisal.com\/pt-pt\/product-category\/discos-para-polimento-pt-pt\/\" rel=\"tag\">DISCOS PARA POLIMENTO<\/a><a href=\"https:\/\/discotelsisal.com\/pt-pt\/product-category\/pasta-de-polir\/\" rel=\"tag\">Pasta de polir<\/a><\/div><\/div><h5 class=\"mkdf-product-list-title\"><a href=\"https:\/\/discotelsisal.com\/pt-pt\/product\/pastas-abrasivas-solidas-e-liquidas\/\">PASTAS ABRASIVAS S\u00d3LIDAS E L\u00cdQUIDAS<\/a><\/h5>\n\t<span class=\"price\"><span class=\"woocommerce-Price-amount amount\"><bdi>70,00<span class=\"woocommerce-Price-currencySymbol\">&euro;<\/span><\/bdi><\/span><\/span>\n<\/div><a href=\"https:\/\/discotelsisal.com\/pt-pt\/product\/pastas-abrasivas-solidas-e-liquidas\/\" class=\"woocommerce-LoopProduct-link woocommerce-loop-product__link\"><\/a><\/li>\n<\/ul>\n<\/div>[\/vc_column][\/vc_row]<\/p>\n<\/div>","protected":false},"excerpt":{"rendered":"<p>[vc_row disable_background_image=\u00bb\u00bb simple_background_color=\u00bb#056133&#8243;][vc_column][\/vc_column][\/vc_row][vc_row row_content_width=\u00bbgrid\u00bb disable_background_image=\u00bb\u00bb][vc_column][vc_empty_space][vc_column_text]Las pastas abrasivas s\u00f3lidas y l\u00edquidas se fabrican para su utilizaci\u00f3n manual, en m\u00e1quinas autom\u00e1ticas y robot. Est\u00e1n disponibles en formatos est\u00e1ndar y medidas especiales.[\/vc_column_text][vc_empty_space][\/vc_column][\/vc_row][vc_row row_content_width=\u00bbgrid\u00bb disable_background_image=\u00bb\u00bb simple_background_color=\u00bb#056133&#8243;][vc_column][vc_empty_space][\/vc_column][\/vc_row][vc_row row_content_width=\u00bbgrid\u00bb disable_background_image=\u00bb\u00bb][vc_column][vc_empty_space][\/vc_column][\/vc_row]<\/p>\n","protected":false},"author":5,"featured_media":0,"parent":6051,"menu_order":0,"comment_status":"closed","ping_status":"closed","template":"full-width.php","meta":{"footnotes":""},"class_list":["post-6413","page","type-page","status-publish","hentry"],"yoast_head":"<!-- This site is optimized with the Yoast SEO plugin v27.4 - https:\/\/yoast.com\/product\/yoast-seo-wordpress\/ -->\n<title>PASTAS ABRASIVAS SOLIDAS PARA PULIR - Discotelsisal<\/title>\n<meta name=\"description\" content=\"Las pastas abrasivas s\u00f3lidas y l\u00edquidas se fabrican para su utilizaci\u00f3n manual, en m\u00e1quinas autom\u00e1ticas y robot. Est\u00e1n disponibles en formatos est\u00e1ndar y medidas especiales.APLICACIONES.\" \/>\n<meta name=\"robots\" content=\"index, follow, max-snippet:-1, max-image-preview:large, max-video-preview:-1\" \/>\n<link rel=\"canonical\" href=\"https:\/\/discotelsisal.com\/es\/productos\/pastas-abrasivas-solidas-para-pulir\/\" \/>\n<meta property=\"og:locale\" content=\"es_ES\" \/>\n<meta property=\"og:type\" content=\"article\" \/>\n<meta property=\"og:title\" content=\"PASTAS ABRASIVAS SOLIDAS PARA PULIR - Discotelsisal\" \/>\n<meta property=\"og:description\" content=\"Las pastas abrasivas s\u00f3lidas y l\u00edquidas se fabrican para su utilizaci\u00f3n manual, en m\u00e1quinas autom\u00e1ticas y robot. Est\u00e1n disponibles en formatos est\u00e1ndar y medidas especiales.APLICACIONES.\" \/>\n<meta property=\"og:url\" content=\"https:\/\/discotelsisal.com\/es\/productos\/pastas-abrasivas-solidas-para-pulir\/\" \/>\n<meta property=\"og:site_name\" content=\"Discotelsisal\" \/>\n<meta property=\"article:modified_time\" content=\"2023-11-22T12:19:48+00:00\" \/>\n<meta name=\"twitter:card\" content=\"summary_large_image\" \/>\n<meta name=\"twitter:label1\" content=\"Tiempo de lectura\" \/>\n\t<meta name=\"twitter:data1\" content=\"1 minuto\" \/>\n<script type=\"application\/ld+json\" class=\"yoast-schema-graph\">{\"@context\":\"https:\\\/\\\/schema.org\",\"@graph\":[{\"@type\":\"WebPage\",\"@id\":\"https:\\\/\\\/discotelsisal.com\\\/es\\\/productos\\\/pastas-abrasivas-solidas-para-pulir\\\/\",\"url\":\"https:\\\/\\\/discotelsisal.com\\\/es\\\/productos\\\/pastas-abrasivas-solidas-para-pulir\\\/\",\"name\":\"PASTAS ABRASIVAS SOLIDAS PARA PULIR - Discotelsisal\",\"isPartOf\":{\"@id\":\"https:\\\/\\\/discotelsisal.com\\\/es\\\/#website\"},\"datePublished\":\"2022-05-31T14:05:01+00:00\",\"dateModified\":\"2023-11-22T12:19:48+00:00\",\"description\":\"Las pastas abrasivas s\u00f3lidas y l\u00edquidas se fabrican para su utilizaci\u00f3n manual, en m\u00e1quinas autom\u00e1ticas y robot. Est\u00e1n disponibles en formatos est\u00e1ndar y medidas especiales.APLICACIONES.\",\"breadcrumb\":{\"@id\":\"https:\\\/\\\/discotelsisal.com\\\/es\\\/productos\\\/pastas-abrasivas-solidas-para-pulir\\\/#breadcrumb\"},\"inLanguage\":\"es\",\"potentialAction\":[{\"@type\":\"ReadAction\",\"target\":[\"https:\\\/\\\/discotelsisal.com\\\/es\\\/productos\\\/pastas-abrasivas-solidas-para-pulir\\\/\"]}]},{\"@type\":\"BreadcrumbList\",\"@id\":\"https:\\\/\\\/discotelsisal.com\\\/es\\\/productos\\\/pastas-abrasivas-solidas-para-pulir\\\/#breadcrumb\",\"itemListElement\":[{\"@type\":\"ListItem\",\"position\":1,\"name\":\"Home\",\"item\":\"https:\\\/\\\/discotelsisal.com\\\/es\\\/\"},{\"@type\":\"ListItem\",\"position\":2,\"name\":\"Productos\",\"item\":\"https:\\\/\\\/discotelsisal.com\\\/es\\\/productos\\\/\"},{\"@type\":\"ListItem\",\"position\":3,\"name\":\"PASTAS ABRASIVAS SOLIDAS PARA PULIR\"}]},{\"@type\":\"WebSite\",\"@id\":\"https:\\\/\\\/discotelsisal.com\\\/es\\\/#website\",\"url\":\"https:\\\/\\\/discotelsisal.com\\\/es\\\/\",\"name\":\"Discotelsisal\",\"description\":\"Sanding Solutions\",\"publisher\":{\"@id\":\"https:\\\/\\\/discotelsisal.com\\\/es\\\/#organization\"},\"potentialAction\":[{\"@type\":\"SearchAction\",\"target\":{\"@type\":\"EntryPoint\",\"urlTemplate\":\"https:\\\/\\\/discotelsisal.com\\\/es\\\/?s={search_term_string}\"},\"query-input\":{\"@type\":\"PropertyValueSpecification\",\"valueRequired\":true,\"valueName\":\"search_term_string\"}}],\"inLanguage\":\"es\"},{\"@type\":\"Organization\",\"@id\":\"https:\\\/\\\/discotelsisal.com\\\/es\\\/#organization\",\"name\":\"Discotelsisal\",\"url\":\"https:\\\/\\\/discotelsisal.com\\\/es\\\/\",\"logo\":{\"@type\":\"ImageObject\",\"inLanguage\":\"es\",\"@id\":\"https:\\\/\\\/discotelsisal.com\\\/es\\\/#\\\/schema\\\/logo\\\/image\\\/\",\"url\":\"https:\\\/\\\/discotelsisal.com\\\/wp-content\\\/uploads\\\/2021\\\/06\\\/logo-new-resize.png\",\"contentUrl\":\"https:\\\/\\\/discotelsisal.com\\\/wp-content\\\/uploads\\\/2021\\\/06\\\/logo-new-resize.png\",\"width\":644,\"height\":200,\"caption\":\"Discotelsisal\"},\"image\":{\"@id\":\"https:\\\/\\\/discotelsisal.com\\\/es\\\/#\\\/schema\\\/logo\\\/image\\\/\"}}]}<\/script>\n<!-- \/ Yoast SEO plugin. -->","yoast_head_json":{"title":"PASTAS ABRASIVAS SOLIDAS PARA PULIR - Discotelsisal","description":"Las pastas abrasivas s\u00f3lidas y l\u00edquidas se fabrican para su utilizaci\u00f3n manual, en m\u00e1quinas autom\u00e1ticas y robot. Est\u00e1n disponibles en formatos est\u00e1ndar y medidas especiales.APLICACIONES.","robots":{"index":"index","follow":"follow","max-snippet":"max-snippet:-1","max-image-preview":"max-image-preview:large","max-video-preview":"max-video-preview:-1"},"canonical":"https:\/\/discotelsisal.com\/es\/productos\/pastas-abrasivas-solidas-para-pulir\/","og_locale":"es_ES","og_type":"article","og_title":"PASTAS ABRASIVAS SOLIDAS PARA PULIR - Discotelsisal","og_description":"Las pastas abrasivas s\u00f3lidas y l\u00edquidas se fabrican para su utilizaci\u00f3n manual, en m\u00e1quinas autom\u00e1ticas y robot. Est\u00e1n disponibles en formatos est\u00e1ndar y medidas especiales.APLICACIONES.","og_url":"https:\/\/discotelsisal.com\/es\/productos\/pastas-abrasivas-solidas-para-pulir\/","og_site_name":"Discotelsisal","article_modified_time":"2023-11-22T12:19:48+00:00","twitter_card":"summary_large_image","twitter_misc":{"Tiempo de lectura":"1 minuto"},"schema":{"@context":"https:\/\/schema.org","@graph":[{"@type":"WebPage","@id":"https:\/\/discotelsisal.com\/es\/productos\/pastas-abrasivas-solidas-para-pulir\/","url":"https:\/\/discotelsisal.com\/es\/productos\/pastas-abrasivas-solidas-para-pulir\/","name":"PASTAS ABRASIVAS SOLIDAS PARA PULIR - Discotelsisal","isPartOf":{"@id":"https:\/\/discotelsisal.com\/es\/#website"},"datePublished":"2022-05-31T14:05:01+00:00","dateModified":"2023-11-22T12:19:48+00:00","description":"Las pastas abrasivas s\u00f3lidas y l\u00edquidas se fabrican para su utilizaci\u00f3n manual, en m\u00e1quinas autom\u00e1ticas y robot. Est\u00e1n disponibles en formatos est\u00e1ndar y medidas especiales.APLICACIONES.","breadcrumb":{"@id":"https:\/\/discotelsisal.com\/es\/productos\/pastas-abrasivas-solidas-para-pulir\/#breadcrumb"},"inLanguage":"es","potentialAction":[{"@type":"ReadAction","target":["https:\/\/discotelsisal.com\/es\/productos\/pastas-abrasivas-solidas-para-pulir\/"]}]},{"@type":"BreadcrumbList","@id":"https:\/\/discotelsisal.com\/es\/productos\/pastas-abrasivas-solidas-para-pulir\/#breadcrumb","itemListElement":[{"@type":"ListItem","position":1,"name":"Home","item":"https:\/\/discotelsisal.com\/es\/"},{"@type":"ListItem","position":2,"name":"Productos","item":"https:\/\/discotelsisal.com\/es\/productos\/"},{"@type":"ListItem","position":3,"name":"PASTAS ABRASIVAS SOLIDAS PARA PULIR"}]},{"@type":"WebSite","@id":"https:\/\/discotelsisal.com\/es\/#website","url":"https:\/\/discotelsisal.com\/es\/","name":"Discotelsisal","description":"Sanding Solutions","publisher":{"@id":"https:\/\/discotelsisal.com\/es\/#organization"},"potentialAction":[{"@type":"SearchAction","target":{"@type":"EntryPoint","urlTemplate":"https:\/\/discotelsisal.com\/es\/?s={search_term_string}"},"query-input":{"@type":"PropertyValueSpecification","valueRequired":true,"valueName":"search_term_string"}}],"inLanguage":"es"},{"@type":"Organization","@id":"https:\/\/discotelsisal.com\/es\/#organization","name":"Discotelsisal","url":"https:\/\/discotelsisal.com\/es\/","logo":{"@type":"ImageObject","inLanguage":"es","@id":"https:\/\/discotelsisal.com\/es\/#\/schema\/logo\/image\/","url":"https:\/\/discotelsisal.com\/wp-content\/uploads\/2021\/06\/logo-new-resize.png","contentUrl":"https:\/\/discotelsisal.com\/wp-content\/uploads\/2021\/06\/logo-new-resize.png","width":644,"height":200,"caption":"Discotelsisal"},"image":{"@id":"https:\/\/discotelsisal.com\/es\/#\/schema\/logo\/image\/"}}]}},"_links":{"self":[{"href":"https:\/\/discotelsisal.com\/es\/wp-json\/wp\/v2\/pages\/6413","targetHints":{"allow":["GET"]}}],"collection":[{"href":"https:\/\/discotelsisal.com\/es\/wp-json\/wp\/v2\/pages"}],"about":[{"href":"https:\/\/discotelsisal.com\/es\/wp-json\/wp\/v2\/types\/page"}],"author":[{"embeddable":true,"href":"https:\/\/discotelsisal.com\/es\/wp-json\/wp\/v2\/users\/5"}],"replies":[{"embeddable":true,"href":"https:\/\/discotelsisal.com\/es\/wp-json\/wp\/v2\/comments?post=6413"}],"version-history":[{"count":3,"href":"https:\/\/discotelsisal.com\/es\/wp-json\/wp\/v2\/pages\/6413\/revisions"}],"predecessor-version":[{"id":15395,"href":"https:\/\/discotelsisal.com\/es\/wp-json\/wp\/v2\/pages\/6413\/revisions\/15395"}],"up":[{"embeddable":true,"href":"https:\/\/discotelsisal.com\/es\/wp-json\/wp\/v2\/pages\/6051"}],"wp:attachment":[{"href":"https:\/\/discotelsisal.com\/es\/wp-json\/wp\/v2\/media?parent=6413"}],"curies":[{"name":"wp","href":"https:\/\/api.w.org\/{rel}","templated":true}]}}