{"id":6276,"date":"2022-05-31T10:19:16","date_gmt":"2022-05-31T10:19:16","guid":{"rendered":"https:\/\/discotelsisal.com\/?page_id=6276"},"modified":"2023-12-14T17:22:53","modified_gmt":"2023-12-14T17:22:53","slug":"rollos","status":"publish","type":"page","link":"https:\/\/discotelsisal.com\/es\/productos\/rollos\/","title":{"rendered":"ROLLOS ABRASIVOS NWF"},"content":{"rendered":"<div class=\"wpb-content-wrapper\"><p>[vc_row disable_background_image=\u00bb\u00bb simple_background_color=\u00bb#056133&#8243;][vc_column]<div class=\"mkdf-elements-holder   mkdf-one-column  mkdf-responsive-mode-768 \" ><div class=\"mkdf-eh-item   mkdf-horizontal-alignment-center \"  data-item-class=\"mkdf-eh-custom-9739\">\n\t<div class=\"mkdf-eh-item-inner\">\n\t\t<div class=\"mkdf-eh-item-content mkdf-eh-custom-9739\" style=\"padding: 40px 0px 40px 0px\">\n\t\t\t<div class=\"mkdf-section-title-holder title-split-style   mkdf-has-appear-animation\" >\n\t<div class=\"mkdf-st-inner\">\n\t\t\t\t\t\t<h1 class=\"mkdf-st-title\" style=\"color: #ffffff\">\n\t\t\t\t\t\t\t\t\tROLLOS ABRASIVOS NWF\t\t\t\t\t\t\t<\/h1>\n\t\t\t\t\t\t\t<\/div>\n<\/div>\t\t<\/div>\n\t<\/div>\n<\/div><\/div>[\/vc_column][\/vc_row][vc_row row_content_width=\u00bbgrid\u00bb disable_background_image=\u00bb\u00bb][vc_column][vc_empty_space][vc_column_text]Los rollos abrasivos NWF consisten en un soporte de fibras de nylon \u00abtejidas no tejidas\u00bb rociadas y\/o imprimadas uniformemente de gr\u00e1nulos abrasivos de \u00f3xido de aluminio o carburo de silicio, a trav\u00e9s de la acci\u00f3n.[\/vc_column_text][vc_empty_space]<div class=\"mkdf-elements-holder   mkdf-two-columns  mkdf-responsive-mode-768 \" ><div class=\"mkdf-eh-item  mkdf-vertical-alignment-top  \"  data-item-class=\"mkdf-eh-custom-3940\">\n\t<div class=\"mkdf-eh-item-inner\">\n\t\t<div class=\"mkdf-eh-item-content mkdf-eh-custom-3940\" style=\"padding: 10px 30px 10px 0px\">\n\t\t\t<a itemprop=\"url\" href=\"https:\/\/discotelsisal.com\/wp-content\/uploads\/2021\/12\/Tabelle-Catal-p47.png\" target=\"_blank\" style=\"color: #056133;background-color: #ffffff;border-color: #056133\" class=\"mkdf-btn mkdf-btn-medium mkdf-btn-predefined mkdf-btn-custom-hover-bg mkdf-btn-custom-border-hover mkdf-btn-custom-hover-color\" data-hover-color=\"#056133\" data-hover-bg-color=\"#ffffff\" data-hover-border-color=\"#056133\" >\n            <span class=\"mkdf-btn-predefined-line-holder\">\n            <span class=\"mkdf-btn-line-hidden\"><\/span>\n            <span class=\"mkdf-btn-text\">GRANO<\/span>\n\t        <span class=\"mkdf-btn-line\"><\/span>\n            <i class=\"mkdf-btn-predefined-icon mkdf-icon-ion-icon ion-ios-play \"><\/i>\n        <\/span>\n    <\/a>\t\t<\/div>\n\t<\/div>\n<\/div><div class=\"mkdf-eh-item  mkdf-vertical-alignment-top  \"  data-item-class=\"mkdf-eh-custom-1719\" data-680=\"0px 0px 0px 0px\">\n\t<div class=\"mkdf-eh-item-inner\">\n\t\t<div class=\"mkdf-eh-item-content mkdf-eh-custom-1719\" style=\"padding: 10px 0px 10px 30px\">\n\t\t\t\t\t<\/div>\n\t<\/div>\n<\/div><\/div>[\/vc_column][\/vc_row][vc_row disable_element=\u00bbyes\u00bb row_content_width=\u00bbgrid\u00bb disable_background_image=\u00bb\u00bb simple_background_color=\u00bb#056133&#8243;][vc_column]<div class=\"mkdf-elements-holder   mkdf-two-columns  mkdf-responsive-mode-768 \" ><div class=\"mkdf-eh-item  mkdf-vertical-alignment-top  \"  data-item-class=\"mkdf-eh-custom-1826\">\n\t<div class=\"mkdf-eh-item-inner\">\n\t\t<div class=\"mkdf-eh-item-content mkdf-eh-custom-1826\" style=\"padding: 10px 30px 10px 0px\">\n\t\t\t[vc_column_text]<\/p>\n<h4 style=\"color: white\">ADVANTAGES<\/h4>\n<ul>\n<li style=\"color: white\">They can work on both sides<\/li>\n<li style=\"color: white\">The abrasive regenerates automatically during processing, maintaining a constant cutting and finishing capacity<\/li>\n<li style=\"color: white\">Can be used both dry, with water, detergents or solvents<\/li>\n<\/ul>\n<p>[\/vc_column_text]\t\t<\/div>\n\t<\/div>\n<\/div><div class=\"mkdf-eh-item  mkdf-vertical-alignment-top  \"  data-item-class=\"mkdf-eh-custom-2923\" data-680=\"0px 0px 0px 0px\">\n\t<div class=\"mkdf-eh-item-inner\">\n\t\t<div class=\"mkdf-eh-item-content mkdf-eh-custom-2923\" style=\"padding: 10px 0px 10px 30px\">\n\t\t\t[vc_column_text]<\/p>\n<h4 style=\"color: white\">APPLICATIONS<\/h4>\n<ul>\n<li style=\"color: white\">Metal finishing<\/li>\n<li style=\"color: white\">Metal masking<\/li>\n<li style=\"color: white\">Finishing on metals<\/li>\n<li style=\"color: white\">Paint buffing<\/li>\n<li style=\"color: white\">Floor cleaning<\/li>\n<li style=\"color: white\">Ceramic sanitary polishing<\/li>\n<\/ul>\n<p>[\/vc_column_text]\t\t<\/div>\n\t<\/div>\n<\/div><\/div>[vc_empty_space][\/vc_column][\/vc_row][vc_row row_content_width=\u00bbgrid\u00bb disable_background_image=\u00bb\u00bb][vc_column][vc_empty_space]<div class=\"woocommerce columns-4 \"><ul class=\"products columns-4\">\n<li class=\"product type-product post-6278 status-publish first instock product_cat-rollos-abrasivos-nwf product_tag-discotelsisal-es product_tag-nwf-pads-es has-post-thumbnail shipping-taxable product-type-simple\">\n\t<div class=\"mkdf-pl-inner\"><div class=\"mkdf-pl-image\"><img loading=\"lazy\" decoding=\"async\" width=\"300\" height=\"300\" src=\"https:\/\/discotelsisal.com\/wp-content\/uploads\/2021\/07\/01-ROTOLI-TNT-300x300.jpg\" class=\"attachment-woocommerce_thumbnail size-woocommerce_thumbnail\" alt=\"ROLLOS ABRASIVOS NWF\" srcset=\"https:\/\/discotelsisal.com\/wp-content\/uploads\/2021\/07\/01-ROTOLI-TNT-300x300.jpg 300w, https:\/\/discotelsisal.com\/wp-content\/uploads\/2021\/07\/01-ROTOLI-TNT-150x150.jpg 150w, https:\/\/discotelsisal.com\/wp-content\/uploads\/2021\/07\/01-ROTOLI-TNT-768x768.jpg 768w, https:\/\/discotelsisal.com\/wp-content\/uploads\/2021\/07\/01-ROTOLI-TNT-650x650.jpg 650w, https:\/\/discotelsisal.com\/wp-content\/uploads\/2021\/07\/01-ROTOLI-TNT-600x600.jpg 600w, https:\/\/discotelsisal.com\/wp-content\/uploads\/2021\/07\/01-ROTOLI-TNT-100x100.jpg 100w, https:\/\/discotelsisal.com\/wp-content\/uploads\/2021\/07\/01-ROTOLI-TNT.jpg 1014w\" sizes=\"auto, (max-width: 300px) 100vw, 300px\" \/><div class=\"mkdf-pl-text\"><div class=\"mkdf-pl-text-outer\"><div class=\"mkdf-pl-text-inner\">\t<span id=\"woocommerce_loop_add_to_cart_link_describedby_6278\" class=\"screen-reader-text\">\n\t\t\t<\/span>\n<\/div><\/div><\/div><\/div><\/div><div class=\"mkdf-pl-text-wrapper\"><div class=\"mkdf-pl-text-wrapper-inner\"><div class=\"mkdf-pl-category\"><a href=\"https:\/\/discotelsisal.com\/es\/product-category\/rollos-abrasivos-nwf\/\" rel=\"tag\">Rollos abrasivos nwf<\/a><\/div><\/div><h5 class=\"mkdf-product-list-title\"><a href=\"https:\/\/discotelsisal.com\/es\/product\/rollos-abrasivos-nwf\/\">ROLLOS ABRASIVOS NWF<\/a><\/h5>\n\t<span class=\"price\"><span class=\"woocommerce-Price-amount amount\"><bdi>70,00<span class=\"woocommerce-Price-currencySymbol\">&euro;<\/span><\/bdi><\/span><\/span>\n<\/div><a href=\"https:\/\/discotelsisal.com\/es\/product\/rollos-abrasivos-nwf\/\" class=\"woocommerce-LoopProduct-link woocommerce-loop-product__link\"><\/a><\/li>\n<li class=\"product type-product post-6281 status-publish instock product_cat-rollos-abrasivos-nwf product_tag-discotelsisal-es product_tag-nwf-pads-es has-post-thumbnail shipping-taxable product-type-simple\">\n\t<div class=\"mkdf-pl-inner\"><div class=\"mkdf-pl-image\"><img loading=\"lazy\" decoding=\"async\" width=\"300\" height=\"300\" src=\"https:\/\/discotelsisal.com\/wp-content\/uploads\/2021\/07\/02-BANDELLE-TNT-300x300.jpg\" class=\"attachment-woocommerce_thumbnail size-woocommerce_thumbnail\" alt=\"MINI ROLLOS ABRASIVOS NWF\" srcset=\"https:\/\/discotelsisal.com\/wp-content\/uploads\/2021\/07\/02-BANDELLE-TNT-300x300.jpg 300w, https:\/\/discotelsisal.com\/wp-content\/uploads\/2021\/07\/02-BANDELLE-TNT-150x150.jpg 150w, https:\/\/discotelsisal.com\/wp-content\/uploads\/2021\/07\/02-BANDELLE-TNT-768x768.jpg 768w, https:\/\/discotelsisal.com\/wp-content\/uploads\/2021\/07\/02-BANDELLE-TNT-650x650.jpg 650w, https:\/\/discotelsisal.com\/wp-content\/uploads\/2021\/07\/02-BANDELLE-TNT-600x600.jpg 600w, https:\/\/discotelsisal.com\/wp-content\/uploads\/2021\/07\/02-BANDELLE-TNT-100x100.jpg 100w, https:\/\/discotelsisal.com\/wp-content\/uploads\/2021\/07\/02-BANDELLE-TNT.jpg 1000w\" sizes=\"auto, (max-width: 300px) 100vw, 300px\" \/><div class=\"mkdf-pl-text\"><div class=\"mkdf-pl-text-outer\"><div class=\"mkdf-pl-text-inner\">\t<span id=\"woocommerce_loop_add_to_cart_link_describedby_6281\" class=\"screen-reader-text\">\n\t\t\t<\/span>\n<\/div><\/div><\/div><\/div><\/div><div class=\"mkdf-pl-text-wrapper\"><div class=\"mkdf-pl-text-wrapper-inner\"><div class=\"mkdf-pl-category\"><a href=\"https:\/\/discotelsisal.com\/es\/product-category\/rollos-abrasivos-nwf\/\" rel=\"tag\">Rollos abrasivos nwf<\/a><\/div><\/div><h5 class=\"mkdf-product-list-title\"><a href=\"https:\/\/discotelsisal.com\/es\/product\/rollos-de-nwf-2\/\">MINI ROLLOS ABRASIVOS NWF<\/a><\/h5>\n\t<span class=\"price\"><span class=\"woocommerce-Price-amount amount\"><bdi>70,00<span class=\"woocommerce-Price-currencySymbol\">&euro;<\/span><\/bdi><\/span><\/span>\n<\/div><a href=\"https:\/\/discotelsisal.com\/es\/product\/rollos-de-nwf-2\/\" class=\"woocommerce-LoopProduct-link woocommerce-loop-product__link\"><\/a><\/li>\n<li class=\"product type-product post-6284 status-publish instock product_cat-rollos-abrasivos-nwf product_tag-discotelsisal-es product_tag-nwf-pads-es has-post-thumbnail shipping-taxable product-type-simple\">\n\t<div class=\"mkdf-pl-inner\"><div class=\"mkdf-pl-image\"><img loading=\"lazy\" decoding=\"async\" width=\"300\" height=\"300\" src=\"https:\/\/discotelsisal.com\/wp-content\/uploads\/2021\/07\/03b-ROTOLI-TNT-per-PULIZIA-PAVIMENTI-300x300.jpg\" class=\"attachment-woocommerce_thumbnail size-woocommerce_thumbnail\" alt=\"ROLLOS ABRASIVOS NWF PARA LIMPIEZA DE SUELOS\" srcset=\"https:\/\/discotelsisal.com\/wp-content\/uploads\/2021\/07\/03b-ROTOLI-TNT-per-PULIZIA-PAVIMENTI-300x300.jpg 300w, https:\/\/discotelsisal.com\/wp-content\/uploads\/2021\/07\/03b-ROTOLI-TNT-per-PULIZIA-PAVIMENTI-150x150.jpg 150w, https:\/\/discotelsisal.com\/wp-content\/uploads\/2021\/07\/03b-ROTOLI-TNT-per-PULIZIA-PAVIMENTI-768x768.jpg 768w, https:\/\/discotelsisal.com\/wp-content\/uploads\/2021\/07\/03b-ROTOLI-TNT-per-PULIZIA-PAVIMENTI-650x650.jpg 650w, https:\/\/discotelsisal.com\/wp-content\/uploads\/2021\/07\/03b-ROTOLI-TNT-per-PULIZIA-PAVIMENTI-600x600.jpg 600w, https:\/\/discotelsisal.com\/wp-content\/uploads\/2021\/07\/03b-ROTOLI-TNT-per-PULIZIA-PAVIMENTI-100x100.jpg 100w, https:\/\/discotelsisal.com\/wp-content\/uploads\/2021\/07\/03b-ROTOLI-TNT-per-PULIZIA-PAVIMENTI.jpg 901w\" sizes=\"auto, (max-width: 300px) 100vw, 300px\" \/><div class=\"mkdf-pl-text\"><div class=\"mkdf-pl-text-outer\"><div class=\"mkdf-pl-text-inner\">\t<span id=\"woocommerce_loop_add_to_cart_link_describedby_6284\" class=\"screen-reader-text\">\n\t\t\t<\/span>\n<\/div><\/div><\/div><\/div><\/div><div class=\"mkdf-pl-text-wrapper\"><div class=\"mkdf-pl-text-wrapper-inner\"><div class=\"mkdf-pl-category\"><a href=\"https:\/\/discotelsisal.com\/es\/product-category\/rollos-abrasivos-nwf\/\" rel=\"tag\">Rollos abrasivos nwf<\/a><\/div><\/div><h5 class=\"mkdf-product-list-title\"><a href=\"https:\/\/discotelsisal.com\/es\/product\/rollos-de-nwf-para-limpieza-de-suelos\/\">ROLLOS ABRASIVOS NWF PARA LIMPIEZA DE SUELOS<\/a><\/h5>\n\t<span class=\"price\"><span class=\"woocommerce-Price-amount amount\"><bdi>70,00<span class=\"woocommerce-Price-currencySymbol\">&euro;<\/span><\/bdi><\/span><\/span>\n<\/div><a href=\"https:\/\/discotelsisal.com\/es\/product\/rollos-de-nwf-para-limpieza-de-suelos\/\" class=\"woocommerce-LoopProduct-link woocommerce-loop-product__link\"><\/a><\/li>\n<li class=\"product type-product post-6295 status-publish last instock product_cat-rollos-abrasivos-nwf product_tag-discotelsisal-es product_tag-nwf-pads-es has-post-thumbnail shipping-taxable product-type-simple\">\n\t<div class=\"mkdf-pl-inner\"><div class=\"mkdf-pl-image\"><img loading=\"lazy\" decoding=\"async\" width=\"300\" height=\"300\" src=\"https:\/\/discotelsisal.com\/wp-content\/uploads\/2021\/07\/mini-rolls-floor-tratmnet-1-300x300.jpg\" class=\"attachment-woocommerce_thumbnail size-woocommerce_thumbnail\" alt=\"MINI ROLLOS NWF PARA LIMPIEZA DE SUELOS\" srcset=\"https:\/\/discotelsisal.com\/wp-content\/uploads\/2021\/07\/mini-rolls-floor-tratmnet-1-300x300.jpg 300w, https:\/\/discotelsisal.com\/wp-content\/uploads\/2021\/07\/mini-rolls-floor-tratmnet-1-150x150.jpg 150w, https:\/\/discotelsisal.com\/wp-content\/uploads\/2021\/07\/mini-rolls-floor-tratmnet-1-768x768.jpg 768w, https:\/\/discotelsisal.com\/wp-content\/uploads\/2021\/07\/mini-rolls-floor-tratmnet-1-650x650.jpg 650w, https:\/\/discotelsisal.com\/wp-content\/uploads\/2021\/07\/mini-rolls-floor-tratmnet-1-600x600.jpg 600w, https:\/\/discotelsisal.com\/wp-content\/uploads\/2021\/07\/mini-rolls-floor-tratmnet-1-100x100.jpg 100w, https:\/\/discotelsisal.com\/wp-content\/uploads\/2021\/07\/mini-rolls-floor-tratmnet-1.jpg 1000w\" sizes=\"auto, (max-width: 300px) 100vw, 300px\" \/><div class=\"mkdf-pl-text\"><div class=\"mkdf-pl-text-outer\"><div class=\"mkdf-pl-text-inner\">\t<span id=\"woocommerce_loop_add_to_cart_link_describedby_6295\" class=\"screen-reader-text\">\n\t\t\t<\/span>\n<\/div><\/div><\/div><\/div><\/div><div class=\"mkdf-pl-text-wrapper\"><div class=\"mkdf-pl-text-wrapper-inner\"><div class=\"mkdf-pl-category\"><a href=\"https:\/\/discotelsisal.com\/es\/product-category\/rollos-abrasivos-nwf\/\" rel=\"tag\">Rollos abrasivos nwf<\/a><\/div><\/div><h5 class=\"mkdf-product-list-title\"><a href=\"https:\/\/discotelsisal.com\/es\/product\/rollos-en-nwf-para-limpieza-de-suelos-2\/\">MINI ROLLOS NWF PARA LIMPIEZA DE SUELOS<\/a><\/h5>\n\t<span class=\"price\"><span class=\"woocommerce-Price-amount amount\"><bdi>70,00<span class=\"woocommerce-Price-currencySymbol\">&euro;<\/span><\/bdi><\/span><\/span>\n<\/div><a href=\"https:\/\/discotelsisal.com\/es\/product\/rollos-en-nwf-para-limpieza-de-suelos-2\/\" class=\"woocommerce-LoopProduct-link woocommerce-loop-product__link\"><\/a><\/li>\n<\/ul>\n<\/div>[\/vc_column][\/vc_row]<\/p>\n<\/div>","protected":false},"excerpt":{"rendered":"<p>[vc_row disable_background_image=\u00bb\u00bb simple_background_color=\u00bb#056133&#8243;][vc_column][\/vc_column][\/vc_row][vc_row row_content_width=\u00bbgrid\u00bb disable_background_image=\u00bb\u00bb][vc_column][vc_empty_space][vc_column_text]Los rollos abrasivos NWF consisten en un soporte de fibras de nylon \u00abtejidas no tejidas\u00bb rociadas y\/o imprimadas uniformemente de gr\u00e1nulos abrasivos de \u00f3xido de aluminio o carburo de silicio, a trav\u00e9s de la acci\u00f3n.[\/vc_column_text][vc_empty_space][\/vc_column][\/vc_row][vc_row disable_element=\u00bbyes\u00bb row_content_width=\u00bbgrid\u00bb disable_background_image=\u00bb\u00bb simple_background_color=\u00bb#056133&#8243;][vc_column][vc_empty_space][\/vc_column][\/vc_row][vc_row row_content_width=\u00bbgrid\u00bb disable_background_image=\u00bb\u00bb][vc_column][vc_empty_space][\/vc_column][\/vc_row]<\/p>\n","protected":false},"author":5,"featured_media":0,"parent":6051,"menu_order":0,"comment_status":"closed","ping_status":"closed","template":"full-width.php","meta":{"footnotes":""},"class_list":["post-6276","page","type-page","status-publish","hentry"],"yoast_head":"<!-- This site is optimized with the Yoast SEO plugin v27.3 - https:\/\/yoast.com\/product\/yoast-seo-wordpress\/ -->\n<title>ROLLOS ABRASIVOS NWF - Discotelsisal<\/title>\n<meta name=\"description\" content=\"Los rollos abrasivos de TNT consisten en un soporte de fibras de nylon \u00abtejidas no tejidas\u00bb rociadas y\/o imprimadas uniformemente de gr\u00e1nulos abrasivos de \u00f3xido de aluminio o carburo de silicio, a trav\u00e9s de la acci\u00f3n.\" \/>\n<meta name=\"robots\" content=\"index, follow, max-snippet:-1, max-image-preview:large, max-video-preview:-1\" \/>\n<link rel=\"canonical\" href=\"https:\/\/discotelsisal.com\/es\/productos\/rollos\/\" \/>\n<meta property=\"og:locale\" content=\"es_ES\" \/>\n<meta property=\"og:type\" content=\"article\" \/>\n<meta property=\"og:title\" content=\"ROLLOS ABRASIVOS NWF - Discotelsisal\" \/>\n<meta property=\"og:description\" content=\"Los rollos abrasivos de TNT consisten en un soporte de fibras de nylon \u00abtejidas no tejidas\u00bb rociadas y\/o imprimadas uniformemente de gr\u00e1nulos abrasivos de \u00f3xido de aluminio o carburo de silicio, a trav\u00e9s de la acci\u00f3n.\" \/>\n<meta property=\"og:url\" content=\"https:\/\/discotelsisal.com\/es\/productos\/rollos\/\" \/>\n<meta property=\"og:site_name\" content=\"Discotelsisal\" \/>\n<meta property=\"article:modified_time\" content=\"2023-12-14T17:22:53+00:00\" \/>\n<meta name=\"twitter:card\" content=\"summary_large_image\" \/>\n<meta name=\"twitter:label1\" content=\"Tiempo de lectura\" \/>\n\t<meta name=\"twitter:data1\" content=\"1 minuto\" \/>\n<script type=\"application\/ld+json\" class=\"yoast-schema-graph\">{\"@context\":\"https:\\\/\\\/schema.org\",\"@graph\":[{\"@type\":\"WebPage\",\"@id\":\"https:\\\/\\\/discotelsisal.com\\\/es\\\/productos\\\/rollos\\\/\",\"url\":\"https:\\\/\\\/discotelsisal.com\\\/es\\\/productos\\\/rollos\\\/\",\"name\":\"ROLLOS ABRASIVOS NWF - Discotelsisal\",\"isPartOf\":{\"@id\":\"https:\\\/\\\/discotelsisal.com\\\/es\\\/#website\"},\"datePublished\":\"2022-05-31T10:19:16+00:00\",\"dateModified\":\"2023-12-14T17:22:53+00:00\",\"description\":\"Los rollos abrasivos de TNT consisten en un soporte de fibras de nylon \u00abtejidas no tejidas\u00bb rociadas y\\\/o imprimadas uniformemente de gr\u00e1nulos abrasivos de \u00f3xido de aluminio o carburo de silicio, a trav\u00e9s de la acci\u00f3n.\",\"breadcrumb\":{\"@id\":\"https:\\\/\\\/discotelsisal.com\\\/es\\\/productos\\\/rollos\\\/#breadcrumb\"},\"inLanguage\":\"es\",\"potentialAction\":[{\"@type\":\"ReadAction\",\"target\":[\"https:\\\/\\\/discotelsisal.com\\\/es\\\/productos\\\/rollos\\\/\"]}]},{\"@type\":\"BreadcrumbList\",\"@id\":\"https:\\\/\\\/discotelsisal.com\\\/es\\\/productos\\\/rollos\\\/#breadcrumb\",\"itemListElement\":[{\"@type\":\"ListItem\",\"position\":1,\"name\":\"Home\",\"item\":\"https:\\\/\\\/discotelsisal.com\\\/es\\\/\"},{\"@type\":\"ListItem\",\"position\":2,\"name\":\"Productos\",\"item\":\"https:\\\/\\\/discotelsisal.com\\\/es\\\/productos\\\/\"},{\"@type\":\"ListItem\",\"position\":3,\"name\":\"ROLLOS ABRASIVOS NWF\"}]},{\"@type\":\"WebSite\",\"@id\":\"https:\\\/\\\/discotelsisal.com\\\/es\\\/#website\",\"url\":\"https:\\\/\\\/discotelsisal.com\\\/es\\\/\",\"name\":\"Discotelsisal\",\"description\":\"Sanding Solutions\",\"publisher\":{\"@id\":\"https:\\\/\\\/discotelsisal.com\\\/es\\\/#organization\"},\"potentialAction\":[{\"@type\":\"SearchAction\",\"target\":{\"@type\":\"EntryPoint\",\"urlTemplate\":\"https:\\\/\\\/discotelsisal.com\\\/es\\\/?s={search_term_string}\"},\"query-input\":{\"@type\":\"PropertyValueSpecification\",\"valueRequired\":true,\"valueName\":\"search_term_string\"}}],\"inLanguage\":\"es\"},{\"@type\":\"Organization\",\"@id\":\"https:\\\/\\\/discotelsisal.com\\\/es\\\/#organization\",\"name\":\"Discotelsisal\",\"url\":\"https:\\\/\\\/discotelsisal.com\\\/es\\\/\",\"logo\":{\"@type\":\"ImageObject\",\"inLanguage\":\"es\",\"@id\":\"https:\\\/\\\/discotelsisal.com\\\/es\\\/#\\\/schema\\\/logo\\\/image\\\/\",\"url\":\"https:\\\/\\\/discotelsisal.com\\\/wp-content\\\/uploads\\\/2021\\\/06\\\/logo-new-resize.png\",\"contentUrl\":\"https:\\\/\\\/discotelsisal.com\\\/wp-content\\\/uploads\\\/2021\\\/06\\\/logo-new-resize.png\",\"width\":644,\"height\":200,\"caption\":\"Discotelsisal\"},\"image\":{\"@id\":\"https:\\\/\\\/discotelsisal.com\\\/es\\\/#\\\/schema\\\/logo\\\/image\\\/\"}}]}<\/script>\n<!-- \/ Yoast SEO plugin. -->","yoast_head_json":{"title":"ROLLOS ABRASIVOS NWF - Discotelsisal","description":"Los rollos abrasivos de TNT consisten en un soporte de fibras de nylon \u00abtejidas no tejidas\u00bb rociadas y\/o imprimadas uniformemente de gr\u00e1nulos abrasivos de \u00f3xido de aluminio o carburo de silicio, a trav\u00e9s de la acci\u00f3n.","robots":{"index":"index","follow":"follow","max-snippet":"max-snippet:-1","max-image-preview":"max-image-preview:large","max-video-preview":"max-video-preview:-1"},"canonical":"https:\/\/discotelsisal.com\/es\/productos\/rollos\/","og_locale":"es_ES","og_type":"article","og_title":"ROLLOS ABRASIVOS NWF - Discotelsisal","og_description":"Los rollos abrasivos de TNT consisten en un soporte de fibras de nylon \u00abtejidas no tejidas\u00bb rociadas y\/o imprimadas uniformemente de gr\u00e1nulos abrasivos de \u00f3xido de aluminio o carburo de silicio, a trav\u00e9s de la acci\u00f3n.","og_url":"https:\/\/discotelsisal.com\/es\/productos\/rollos\/","og_site_name":"Discotelsisal","article_modified_time":"2023-12-14T17:22:53+00:00","twitter_card":"summary_large_image","twitter_misc":{"Tiempo de lectura":"1 minuto"},"schema":{"@context":"https:\/\/schema.org","@graph":[{"@type":"WebPage","@id":"https:\/\/discotelsisal.com\/es\/productos\/rollos\/","url":"https:\/\/discotelsisal.com\/es\/productos\/rollos\/","name":"ROLLOS ABRASIVOS NWF - Discotelsisal","isPartOf":{"@id":"https:\/\/discotelsisal.com\/es\/#website"},"datePublished":"2022-05-31T10:19:16+00:00","dateModified":"2023-12-14T17:22:53+00:00","description":"Los rollos abrasivos de TNT consisten en un soporte de fibras de nylon \u00abtejidas no tejidas\u00bb rociadas y\/o imprimadas uniformemente de gr\u00e1nulos abrasivos de \u00f3xido de aluminio o carburo de silicio, a trav\u00e9s de la acci\u00f3n.","breadcrumb":{"@id":"https:\/\/discotelsisal.com\/es\/productos\/rollos\/#breadcrumb"},"inLanguage":"es","potentialAction":[{"@type":"ReadAction","target":["https:\/\/discotelsisal.com\/es\/productos\/rollos\/"]}]},{"@type":"BreadcrumbList","@id":"https:\/\/discotelsisal.com\/es\/productos\/rollos\/#breadcrumb","itemListElement":[{"@type":"ListItem","position":1,"name":"Home","item":"https:\/\/discotelsisal.com\/es\/"},{"@type":"ListItem","position":2,"name":"Productos","item":"https:\/\/discotelsisal.com\/es\/productos\/"},{"@type":"ListItem","position":3,"name":"ROLLOS ABRASIVOS NWF"}]},{"@type":"WebSite","@id":"https:\/\/discotelsisal.com\/es\/#website","url":"https:\/\/discotelsisal.com\/es\/","name":"Discotelsisal","description":"Sanding Solutions","publisher":{"@id":"https:\/\/discotelsisal.com\/es\/#organization"},"potentialAction":[{"@type":"SearchAction","target":{"@type":"EntryPoint","urlTemplate":"https:\/\/discotelsisal.com\/es\/?s={search_term_string}"},"query-input":{"@type":"PropertyValueSpecification","valueRequired":true,"valueName":"search_term_string"}}],"inLanguage":"es"},{"@type":"Organization","@id":"https:\/\/discotelsisal.com\/es\/#organization","name":"Discotelsisal","url":"https:\/\/discotelsisal.com\/es\/","logo":{"@type":"ImageObject","inLanguage":"es","@id":"https:\/\/discotelsisal.com\/es\/#\/schema\/logo\/image\/","url":"https:\/\/discotelsisal.com\/wp-content\/uploads\/2021\/06\/logo-new-resize.png","contentUrl":"https:\/\/discotelsisal.com\/wp-content\/uploads\/2021\/06\/logo-new-resize.png","width":644,"height":200,"caption":"Discotelsisal"},"image":{"@id":"https:\/\/discotelsisal.com\/es\/#\/schema\/logo\/image\/"}}]}},"_links":{"self":[{"href":"https:\/\/discotelsisal.com\/es\/wp-json\/wp\/v2\/pages\/6276","targetHints":{"allow":["GET"]}}],"collection":[{"href":"https:\/\/discotelsisal.com\/es\/wp-json\/wp\/v2\/pages"}],"about":[{"href":"https:\/\/discotelsisal.com\/es\/wp-json\/wp\/v2\/types\/page"}],"author":[{"embeddable":true,"href":"https:\/\/discotelsisal.com\/es\/wp-json\/wp\/v2\/users\/5"}],"replies":[{"embeddable":true,"href":"https:\/\/discotelsisal.com\/es\/wp-json\/wp\/v2\/comments?post=6276"}],"version-history":[{"count":5,"href":"https:\/\/discotelsisal.com\/es\/wp-json\/wp\/v2\/pages\/6276\/revisions"}],"predecessor-version":[{"id":16532,"href":"https:\/\/discotelsisal.com\/es\/wp-json\/wp\/v2\/pages\/6276\/revisions\/16532"}],"up":[{"embeddable":true,"href":"https:\/\/discotelsisal.com\/es\/wp-json\/wp\/v2\/pages\/6051"}],"wp:attachment":[{"href":"https:\/\/discotelsisal.com\/es\/wp-json\/wp\/v2\/media?parent=6276"}],"curies":[{"name":"wp","href":"https:\/\/api.w.org\/{rel}","templated":true}]}}