{"id":16563,"date":"2023-12-19T15:02:20","date_gmt":"2023-12-19T15:02:20","guid":{"rendered":"https:\/\/discotelsisal.com\/?page_id=16563"},"modified":"2023-12-19T16:22:03","modified_gmt":"2023-12-19T16:22:03","slug":"ruedas-de-laminas-mixtas-de-nwf-y-papel-abrasivo","status":"publish","type":"page","link":"https:\/\/discotelsisal.com\/es\/productos\/ruedas-de-laminas-mixtas-de-nwf-y-papel-abrasivo\/","title":{"rendered":"RUEDAS DE LAMINAS MIXTAS DE NWF Y PAPEL ABRASIVO"},"content":{"rendered":"<div class=\"wpb-content-wrapper\"><p>[vc_row disable_background_image=\u00bb\u00bb simple_background_color=\u00bb#056133&#8243;][vc_column]<div class=\"mkdf-elements-holder   mkdf-one-column  mkdf-responsive-mode-768 \" ><div class=\"mkdf-eh-item   mkdf-horizontal-alignment-center \"  data-item-class=\"mkdf-eh-custom-4185\">\n\t<div class=\"mkdf-eh-item-inner\">\n\t\t<div class=\"mkdf-eh-item-content mkdf-eh-custom-4185\" style=\"padding: 40px 0px 40px 0px\">\n\t\t\t<div class=\"mkdf-section-title-holder title-split-style   mkdf-has-appear-animation\" >\n\t<div class=\"mkdf-st-inner\">\n\t\t\t\t\t\t<h1 class=\"mkdf-st-title\" style=\"color: #ffffff\">\n\t\t\t\t\t\t\t\t\tRUEDAS DE LAMINAS MIXTAS DE NWF Y PAPEL ABRASIVO\t\t\t\t\t\t\t<\/h1>\n\t\t\t\t\t\t\t<\/div>\n<\/div>\t\t<\/div>\n\t<\/div>\n<\/div><\/div>[\/vc_column][\/vc_row][vc_row row_content_width=\u00bbgrid\u00bb disable_background_image=\u00bb\u00bb][vc_column][vc_empty_space]<div class=\"mkdf-section-title-holder title-split-style   mkdf-has-appear-animation\" >\n\t<div class=\"mkdf-st-inner\">\n\t\t\t\t\t\t<h3 class=\"mkdf-st-title\" style=\"color: #000000\">\n\t\t\t\t\t\t\t\t\tRUEDAS DE LAMINAS MIXTAS DE NWF Y PAPEL ABRASIVO\t\t\t\t\t\t\t<\/h3>\n\t\t\t\t\t\t\t<\/div>\n<\/div>[vc_column_text]Son ruedas compuestas por l\u00e1minas de fibra de nylon \u00abtejido no tejido\u00bb abrasivo alternadas con l\u00e1minas de papel de lija encoladas radialmente alrededor de un n\u00facleo.<br \/>\nSe fabrican en variados granos y durezas, utilizando \u00abtejido no tejido\u00bb de carburo de silicio.<br \/>\nEst\u00e1n disponibles en diversos formatos y pueden utilizarse en m\u00e1quinas autom\u00e1ticas o semiautom\u00e1ticas.<br \/>\nLos ruedas mixtas papel se fabrican en rollos y luego se cortan en los espesores deseados.<br \/>\nPueden utilizarse sobre superficies tanto planas como perfiladas, adapt\u00e1ndose perfectamente a la forma del perfil.<br \/>\nLas ruedas mixtas de papel trabajan en un solo sentido de rotaci\u00f3n.[\/vc_column_text][vc_empty_space][\/vc_column][\/vc_row][vc_row row_content_width=\u00bbgrid\u00bb disable_background_image=\u00bb\u00bb simple_background_color=\u00bb#056133&#8243;][vc_column][vc_empty_space][vc_column_text]<\/p>\n<h4 style=\"color: white\">VENTAJAS<\/h4>\n<p>[\/vc_column_text]<div class=\"mkdf-elements-holder   mkdf-two-columns  mkdf-responsive-mode-768 \" ><div class=\"mkdf-eh-item  mkdf-vertical-alignment-top  \"  data-item-class=\"mkdf-eh-custom-8513\">\n\t<div class=\"mkdf-eh-item-inner\">\n\t\t<div class=\"mkdf-eh-item-content mkdf-eh-custom-8513\" style=\"padding: 10px 30px 10px 0px\">\n\t\t\t[vc_column_text]<\/p>\n<ul>\n<li style=\"color: white\">Pueden ser perfiladas para adaptarse perfectamente a la forma del producto a mecanizar<\/li>\n<li style=\"color: white\">El abrasivo se regenera autom\u00e1ticamente durante el mecanizado, manteniendo constante la capacidad de corte y de acabado<\/li>\n<\/ul>\n<p>[\/vc_column_text]\t\t<\/div>\n\t<\/div>\n<\/div><div class=\"mkdf-eh-item  mkdf-vertical-alignment-top  \"  data-item-class=\"mkdf-eh-custom-9968\" data-680=\"0px 0px 0px 0px\">\n\t<div class=\"mkdf-eh-item-inner\">\n\t\t<div class=\"mkdf-eh-item-content mkdf-eh-custom-9968\" style=\"padding: 10px 0px 10px 30px\">\n\t\t\t[vc_column_text]<\/p>\n<ul>\n<li style=\"color: white\">Pueden ser utilizadas en secuencia con variadas combinaciones de grano<\/li>\n<li style=\"color: white\">Permiten un mayor desbaste respecto de los flap TNT<\/li>\n<\/ul>\n<p>[\/vc_column_text]\t\t<\/div>\n\t<\/div>\n<\/div><\/div>[vc_empty_space][\/vc_column][\/vc_row][vc_row row_content_width=\u00bbgrid\u00bb disable_background_image=\u00bb\u00bb][vc_column][vc_empty_space]<div class=\"woocommerce columns-4 \"><ul class=\"products columns-4\">\n<li class=\"product type-product post-6070 status-publish first instock product_cat-ruedas-de-laminas-mixtas-de-nwf-y-papel-abrasivo product_cat-ruedas-mixtas product_tag-discotelsisal-es product_tag-ruedas-mixtas has-post-thumbnail shipping-taxable product-type-simple\">\n\t<div class=\"mkdf-pl-inner\"><div class=\"mkdf-pl-image\"><img loading=\"lazy\" decoding=\"async\" width=\"300\" height=\"300\" src=\"https:\/\/discotelsisal.com\/wp-content\/uploads\/2021\/06\/01-RUOTE-MISTO-CARTATNT-300x300.jpg\" class=\"attachment-woocommerce_thumbnail size-woocommerce_thumbnail\" alt=\"RUEDAS DE LAMINAS MIXTAS DE NWF Y PAPEL ABRASIVO\" srcset=\"https:\/\/discotelsisal.com\/wp-content\/uploads\/2021\/06\/01-RUOTE-MISTO-CARTATNT-300x300.jpg 300w, https:\/\/discotelsisal.com\/wp-content\/uploads\/2021\/06\/01-RUOTE-MISTO-CARTATNT-150x150.jpg 150w, https:\/\/discotelsisal.com\/wp-content\/uploads\/2021\/06\/01-RUOTE-MISTO-CARTATNT-768x768.jpg 768w, https:\/\/discotelsisal.com\/wp-content\/uploads\/2021\/06\/01-RUOTE-MISTO-CARTATNT-650x650.jpg 650w, https:\/\/discotelsisal.com\/wp-content\/uploads\/2021\/06\/01-RUOTE-MISTO-CARTATNT-600x600.jpg 600w, https:\/\/discotelsisal.com\/wp-content\/uploads\/2021\/06\/01-RUOTE-MISTO-CARTATNT-100x100.jpg 100w, https:\/\/discotelsisal.com\/wp-content\/uploads\/2021\/06\/01-RUOTE-MISTO-CARTATNT.jpg 1000w\" sizes=\"auto, (max-width: 300px) 100vw, 300px\" \/><div class=\"mkdf-pl-text\"><div class=\"mkdf-pl-text-outer\"><div class=\"mkdf-pl-text-inner\">\t<span id=\"woocommerce_loop_add_to_cart_link_describedby_6070\" class=\"screen-reader-text\">\n\t\t\t<\/span>\n<\/div><\/div><\/div><\/div><\/div><div class=\"mkdf-pl-text-wrapper\"><div class=\"mkdf-pl-text-wrapper-inner\"><div class=\"mkdf-pl-category\"><a href=\"https:\/\/discotelsisal.com\/es\/product-category\/ruedas-mixtas\/ruedas-de-laminas-mixtas-de-nwf-y-papel-abrasivo\/\" rel=\"tag\">Ruedas de l\u00e1minas mixtas de nwf y papel abrasivo<\/a><a href=\"https:\/\/discotelsisal.com\/es\/product-category\/ruedas-mixtas\/\" rel=\"tag\">Ruedas mixtas<\/a><\/div><\/div><h5 class=\"mkdf-product-list-title\"><a href=\"https:\/\/discotelsisal.com\/es\/product\/ruedas-de-papel-abrasivo-mixtas-nwf\/\">RUEDAS DE LAMINAS MIXTAS DE NWF Y PAPEL ABRASIVO<\/a><\/h5>\n\t<span class=\"price\"><span class=\"woocommerce-Price-amount amount\"><bdi>70,00<span class=\"woocommerce-Price-currencySymbol\">&euro;<\/span><\/bdi><\/span><\/span>\n<\/div><a href=\"https:\/\/discotelsisal.com\/es\/product\/ruedas-de-papel-abrasivo-mixtas-nwf\/\" class=\"woocommerce-LoopProduct-link woocommerce-loop-product__link\"><\/a><\/li>\n<li class=\"product type-product post-6073 status-publish instock product_cat-ruedas-de-laminas-mixtas-de-nwf-y-papel-abrasivo product_cat-ruedas-mixtas product_tag-discotelsisal-es product_tag-ruedas-mixtas has-post-thumbnail shipping-taxable product-type-simple\">\n\t<div class=\"mkdf-pl-inner\"><div class=\"mkdf-pl-image\"><img loading=\"lazy\" decoding=\"async\" width=\"300\" height=\"300\" src=\"https:\/\/discotelsisal.com\/wp-content\/uploads\/2021\/06\/02-RUOTE-MISTO-CARTASVF89-300x300.jpg\" class=\"attachment-woocommerce_thumbnail size-woocommerce_thumbnail\" alt=\"RUEDAS DE LAMINAS MIXTAS SVF89 Y PAPEL ABRASIVO\" srcset=\"https:\/\/discotelsisal.com\/wp-content\/uploads\/2021\/06\/02-RUOTE-MISTO-CARTASVF89-300x300.jpg 300w, https:\/\/discotelsisal.com\/wp-content\/uploads\/2021\/06\/02-RUOTE-MISTO-CARTASVF89-150x150.jpg 150w, https:\/\/discotelsisal.com\/wp-content\/uploads\/2021\/06\/02-RUOTE-MISTO-CARTASVF89-768x768.jpg 768w, https:\/\/discotelsisal.com\/wp-content\/uploads\/2021\/06\/02-RUOTE-MISTO-CARTASVF89-650x650.jpg 650w, https:\/\/discotelsisal.com\/wp-content\/uploads\/2021\/06\/02-RUOTE-MISTO-CARTASVF89-600x600.jpg 600w, https:\/\/discotelsisal.com\/wp-content\/uploads\/2021\/06\/02-RUOTE-MISTO-CARTASVF89-100x100.jpg 100w, https:\/\/discotelsisal.com\/wp-content\/uploads\/2021\/06\/02-RUOTE-MISTO-CARTASVF89.jpg 1000w\" sizes=\"auto, (max-width: 300px) 100vw, 300px\" \/><div class=\"mkdf-pl-text\"><div class=\"mkdf-pl-text-outer\"><div class=\"mkdf-pl-text-inner\">\t<span id=\"woocommerce_loop_add_to_cart_link_describedby_6073\" class=\"screen-reader-text\">\n\t\t\t<\/span>\n<\/div><\/div><\/div><\/div><\/div><div class=\"mkdf-pl-text-wrapper\"><div class=\"mkdf-pl-text-wrapper-inner\"><div class=\"mkdf-pl-category\"><a href=\"https:\/\/discotelsisal.com\/es\/product-category\/ruedas-mixtas\/ruedas-de-laminas-mixtas-de-nwf-y-papel-abrasivo\/\" rel=\"tag\">Ruedas de l\u00e1minas mixtas de nwf y papel abrasivo<\/a><a href=\"https:\/\/discotelsisal.com\/es\/product-category\/ruedas-mixtas\/\" rel=\"tag\">Ruedas mixtas<\/a><\/div><\/div><h5 class=\"mkdf-product-list-title\"><a href=\"https:\/\/discotelsisal.com\/es\/product\/ruedas-de-papel-abrasivo-mixtas-svf89\/\">RUEDAS DE LAMINAS MIXTAS SVF89 Y PAPEL ABRASIVO<\/a><\/h5>\n\t<span class=\"price\"><span class=\"woocommerce-Price-amount amount\"><bdi>70,00<span class=\"woocommerce-Price-currencySymbol\">&euro;<\/span><\/bdi><\/span><\/span>\n<\/div><a href=\"https:\/\/discotelsisal.com\/es\/product\/ruedas-de-papel-abrasivo-mixtas-svf89\/\" class=\"woocommerce-LoopProduct-link woocommerce-loop-product__link\"><\/a><\/li>\n<\/ul>\n<\/div>[\/vc_column][\/vc_row]<\/p>\n<\/div>","protected":false},"excerpt":{"rendered":"<p>[vc_row disable_background_image=\u00bb\u00bb simple_background_color=\u00bb#056133&#8243;][vc_column][\/vc_column][\/vc_row][vc_row row_content_width=\u00bbgrid\u00bb disable_background_image=\u00bb\u00bb][vc_column][vc_empty_space][vc_column_text]Son ruedas compuestas por l\u00e1minas de fibra de nylon \u00abtejido no tejido\u00bb abrasivo alternadas con l\u00e1minas de papel de lija encoladas radialmente alrededor de un n\u00facleo. Se fabrican en variados granos y durezas, utilizando \u00abtejido no tejido\u00bb de carburo de silicio. Est\u00e1n disponibles en diversos formatos y [&hellip;]<\/p>\n","protected":false},"author":5,"featured_media":0,"parent":6051,"menu_order":0,"comment_status":"closed","ping_status":"closed","template":"full-width.php","meta":{"footnotes":""},"class_list":["post-16563","page","type-page","status-publish","hentry"],"yoast_head":"<!-- This site is optimized with the Yoast SEO plugin v27.4 - https:\/\/yoast.com\/product\/yoast-seo-wordpress\/ -->\n<title>RUEDAS DE LAMINAS MIXTAS DE NWF Y PAPEL ABRASIVO - Discotelsisal<\/title>\n<meta name=\"robots\" content=\"index, follow, max-snippet:-1, max-image-preview:large, max-video-preview:-1\" \/>\n<link rel=\"canonical\" href=\"https:\/\/discotelsisal.com\/es\/productos\/ruedas-de-laminas-mixtas-de-nwf-y-papel-abrasivo\/\" \/>\n<meta property=\"og:locale\" content=\"es_ES\" \/>\n<meta property=\"og:type\" content=\"article\" \/>\n<meta property=\"og:title\" content=\"RUEDAS DE LAMINAS MIXTAS DE NWF Y PAPEL ABRASIVO - Discotelsisal\" \/>\n<meta property=\"og:description\" content=\"[vc_row disable_background_image=\u00bb\u00bb simple_background_color=\u00bb#056133&#8243;][vc_column][\/vc_column][\/vc_row][vc_row row_content_width=\u00bbgrid\u00bb disable_background_image=\u00bb\u00bb][vc_column][vc_empty_space][vc_column_text]Son ruedas compuestas por l\u00e1minas de fibra de nylon \u00abtejido no tejido\u00bb abrasivo alternadas con l\u00e1minas de papel de lija encoladas radialmente alrededor de un n\u00facleo. Se fabrican en variados granos y durezas, utilizando \u00abtejido no tejido\u00bb de carburo de silicio. Est\u00e1n disponibles en diversos formatos y [&hellip;]\" \/>\n<meta property=\"og:url\" content=\"https:\/\/discotelsisal.com\/es\/productos\/ruedas-de-laminas-mixtas-de-nwf-y-papel-abrasivo\/\" \/>\n<meta property=\"og:site_name\" content=\"Discotelsisal\" \/>\n<meta property=\"article:modified_time\" content=\"2023-12-19T16:22:03+00:00\" \/>\n<meta name=\"twitter:card\" content=\"summary_large_image\" \/>\n<meta name=\"twitter:label1\" content=\"Tiempo de lectura\" \/>\n\t<meta name=\"twitter:data1\" content=\"2 minutos\" \/>\n<script type=\"application\/ld+json\" class=\"yoast-schema-graph\">{\"@context\":\"https:\\\/\\\/schema.org\",\"@graph\":[{\"@type\":\"WebPage\",\"@id\":\"https:\\\/\\\/discotelsisal.com\\\/es\\\/productos\\\/ruedas-de-laminas-mixtas-de-nwf-y-papel-abrasivo\\\/\",\"url\":\"https:\\\/\\\/discotelsisal.com\\\/es\\\/productos\\\/ruedas-de-laminas-mixtas-de-nwf-y-papel-abrasivo\\\/\",\"name\":\"RUEDAS DE LAMINAS MIXTAS DE NWF Y PAPEL ABRASIVO - Discotelsisal\",\"isPartOf\":{\"@id\":\"https:\\\/\\\/discotelsisal.com\\\/es\\\/#website\"},\"datePublished\":\"2023-12-19T15:02:20+00:00\",\"dateModified\":\"2023-12-19T16:22:03+00:00\",\"breadcrumb\":{\"@id\":\"https:\\\/\\\/discotelsisal.com\\\/es\\\/productos\\\/ruedas-de-laminas-mixtas-de-nwf-y-papel-abrasivo\\\/#breadcrumb\"},\"inLanguage\":\"es\",\"potentialAction\":[{\"@type\":\"ReadAction\",\"target\":[\"https:\\\/\\\/discotelsisal.com\\\/es\\\/productos\\\/ruedas-de-laminas-mixtas-de-nwf-y-papel-abrasivo\\\/\"]}]},{\"@type\":\"BreadcrumbList\",\"@id\":\"https:\\\/\\\/discotelsisal.com\\\/es\\\/productos\\\/ruedas-de-laminas-mixtas-de-nwf-y-papel-abrasivo\\\/#breadcrumb\",\"itemListElement\":[{\"@type\":\"ListItem\",\"position\":1,\"name\":\"Home\",\"item\":\"https:\\\/\\\/discotelsisal.com\\\/es\\\/\"},{\"@type\":\"ListItem\",\"position\":2,\"name\":\"Productos\",\"item\":\"https:\\\/\\\/discotelsisal.com\\\/es\\\/productos\\\/\"},{\"@type\":\"ListItem\",\"position\":3,\"name\":\"RUEDAS DE LAMINAS MIXTAS DE NWF Y PAPEL ABRASIVO\"}]},{\"@type\":\"WebSite\",\"@id\":\"https:\\\/\\\/discotelsisal.com\\\/es\\\/#website\",\"url\":\"https:\\\/\\\/discotelsisal.com\\\/es\\\/\",\"name\":\"Discotelsisal\",\"description\":\"Sanding Solutions\",\"publisher\":{\"@id\":\"https:\\\/\\\/discotelsisal.com\\\/es\\\/#organization\"},\"potentialAction\":[{\"@type\":\"SearchAction\",\"target\":{\"@type\":\"EntryPoint\",\"urlTemplate\":\"https:\\\/\\\/discotelsisal.com\\\/es\\\/?s={search_term_string}\"},\"query-input\":{\"@type\":\"PropertyValueSpecification\",\"valueRequired\":true,\"valueName\":\"search_term_string\"}}],\"inLanguage\":\"es\"},{\"@type\":\"Organization\",\"@id\":\"https:\\\/\\\/discotelsisal.com\\\/es\\\/#organization\",\"name\":\"Discotelsisal\",\"url\":\"https:\\\/\\\/discotelsisal.com\\\/es\\\/\",\"logo\":{\"@type\":\"ImageObject\",\"inLanguage\":\"es\",\"@id\":\"https:\\\/\\\/discotelsisal.com\\\/es\\\/#\\\/schema\\\/logo\\\/image\\\/\",\"url\":\"https:\\\/\\\/discotelsisal.com\\\/wp-content\\\/uploads\\\/2021\\\/06\\\/logo-new-resize.png\",\"contentUrl\":\"https:\\\/\\\/discotelsisal.com\\\/wp-content\\\/uploads\\\/2021\\\/06\\\/logo-new-resize.png\",\"width\":644,\"height\":200,\"caption\":\"Discotelsisal\"},\"image\":{\"@id\":\"https:\\\/\\\/discotelsisal.com\\\/es\\\/#\\\/schema\\\/logo\\\/image\\\/\"}}]}<\/script>\n<!-- \/ Yoast SEO plugin. -->","yoast_head_json":{"title":"RUEDAS DE LAMINAS MIXTAS DE NWF Y PAPEL ABRASIVO - Discotelsisal","robots":{"index":"index","follow":"follow","max-snippet":"max-snippet:-1","max-image-preview":"max-image-preview:large","max-video-preview":"max-video-preview:-1"},"canonical":"https:\/\/discotelsisal.com\/es\/productos\/ruedas-de-laminas-mixtas-de-nwf-y-papel-abrasivo\/","og_locale":"es_ES","og_type":"article","og_title":"RUEDAS DE LAMINAS MIXTAS DE NWF Y PAPEL ABRASIVO - Discotelsisal","og_description":"[vc_row disable_background_image=\u00bb\u00bb simple_background_color=\u00bb#056133&#8243;][vc_column][\/vc_column][\/vc_row][vc_row row_content_width=\u00bbgrid\u00bb disable_background_image=\u00bb\u00bb][vc_column][vc_empty_space][vc_column_text]Son ruedas compuestas por l\u00e1minas de fibra de nylon \u00abtejido no tejido\u00bb abrasivo alternadas con l\u00e1minas de papel de lija encoladas radialmente alrededor de un n\u00facleo. Se fabrican en variados granos y durezas, utilizando \u00abtejido no tejido\u00bb de carburo de silicio. Est\u00e1n disponibles en diversos formatos y [&hellip;]","og_url":"https:\/\/discotelsisal.com\/es\/productos\/ruedas-de-laminas-mixtas-de-nwf-y-papel-abrasivo\/","og_site_name":"Discotelsisal","article_modified_time":"2023-12-19T16:22:03+00:00","twitter_card":"summary_large_image","twitter_misc":{"Tiempo de lectura":"2 minutos"},"schema":{"@context":"https:\/\/schema.org","@graph":[{"@type":"WebPage","@id":"https:\/\/discotelsisal.com\/es\/productos\/ruedas-de-laminas-mixtas-de-nwf-y-papel-abrasivo\/","url":"https:\/\/discotelsisal.com\/es\/productos\/ruedas-de-laminas-mixtas-de-nwf-y-papel-abrasivo\/","name":"RUEDAS DE LAMINAS MIXTAS DE NWF Y PAPEL ABRASIVO - Discotelsisal","isPartOf":{"@id":"https:\/\/discotelsisal.com\/es\/#website"},"datePublished":"2023-12-19T15:02:20+00:00","dateModified":"2023-12-19T16:22:03+00:00","breadcrumb":{"@id":"https:\/\/discotelsisal.com\/es\/productos\/ruedas-de-laminas-mixtas-de-nwf-y-papel-abrasivo\/#breadcrumb"},"inLanguage":"es","potentialAction":[{"@type":"ReadAction","target":["https:\/\/discotelsisal.com\/es\/productos\/ruedas-de-laminas-mixtas-de-nwf-y-papel-abrasivo\/"]}]},{"@type":"BreadcrumbList","@id":"https:\/\/discotelsisal.com\/es\/productos\/ruedas-de-laminas-mixtas-de-nwf-y-papel-abrasivo\/#breadcrumb","itemListElement":[{"@type":"ListItem","position":1,"name":"Home","item":"https:\/\/discotelsisal.com\/es\/"},{"@type":"ListItem","position":2,"name":"Productos","item":"https:\/\/discotelsisal.com\/es\/productos\/"},{"@type":"ListItem","position":3,"name":"RUEDAS DE LAMINAS MIXTAS DE NWF Y PAPEL ABRASIVO"}]},{"@type":"WebSite","@id":"https:\/\/discotelsisal.com\/es\/#website","url":"https:\/\/discotelsisal.com\/es\/","name":"Discotelsisal","description":"Sanding Solutions","publisher":{"@id":"https:\/\/discotelsisal.com\/es\/#organization"},"potentialAction":[{"@type":"SearchAction","target":{"@type":"EntryPoint","urlTemplate":"https:\/\/discotelsisal.com\/es\/?s={search_term_string}"},"query-input":{"@type":"PropertyValueSpecification","valueRequired":true,"valueName":"search_term_string"}}],"inLanguage":"es"},{"@type":"Organization","@id":"https:\/\/discotelsisal.com\/es\/#organization","name":"Discotelsisal","url":"https:\/\/discotelsisal.com\/es\/","logo":{"@type":"ImageObject","inLanguage":"es","@id":"https:\/\/discotelsisal.com\/es\/#\/schema\/logo\/image\/","url":"https:\/\/discotelsisal.com\/wp-content\/uploads\/2021\/06\/logo-new-resize.png","contentUrl":"https:\/\/discotelsisal.com\/wp-content\/uploads\/2021\/06\/logo-new-resize.png","width":644,"height":200,"caption":"Discotelsisal"},"image":{"@id":"https:\/\/discotelsisal.com\/es\/#\/schema\/logo\/image\/"}}]}},"_links":{"self":[{"href":"https:\/\/discotelsisal.com\/es\/wp-json\/wp\/v2\/pages\/16563","targetHints":{"allow":["GET"]}}],"collection":[{"href":"https:\/\/discotelsisal.com\/es\/wp-json\/wp\/v2\/pages"}],"about":[{"href":"https:\/\/discotelsisal.com\/es\/wp-json\/wp\/v2\/types\/page"}],"author":[{"embeddable":true,"href":"https:\/\/discotelsisal.com\/es\/wp-json\/wp\/v2\/users\/5"}],"replies":[{"embeddable":true,"href":"https:\/\/discotelsisal.com\/es\/wp-json\/wp\/v2\/comments?post=16563"}],"version-history":[{"count":8,"href":"https:\/\/discotelsisal.com\/es\/wp-json\/wp\/v2\/pages\/16563\/revisions"}],"predecessor-version":[{"id":16602,"href":"https:\/\/discotelsisal.com\/es\/wp-json\/wp\/v2\/pages\/16563\/revisions\/16602"}],"up":[{"embeddable":true,"href":"https:\/\/discotelsisal.com\/es\/wp-json\/wp\/v2\/pages\/6051"}],"wp:attachment":[{"href":"https:\/\/discotelsisal.com\/es\/wp-json\/wp\/v2\/media?parent=16563"}],"curies":[{"name":"wp","href":"https:\/\/api.w.org\/{rel}","templated":true}]}}