{"id":11102,"date":"2023-03-15T16:01:48","date_gmt":"2023-03-15T16:01:48","guid":{"rendered":"https:\/\/discotelsisal.com\/product\/durchgehende-gesteppte-scheibe-aus-baumwolle-von-%e2%88%85600-mm-bis-%e2%88%851000-mm\/"},"modified":"2023-11-06T12:31:21","modified_gmt":"2023-11-06T12:31:21","slug":"durchgehende-gesteppte-scheiben-aus-baumwolle-von-%e2%88%85-600mm-bis-%e2%88%85-1000mm","status":"publish","type":"product","link":"https:\/\/discotelsisal.com\/de\/product\/durchgehende-gesteppte-scheiben-aus-baumwolle-von-%e2%88%85-600mm-bis-%e2%88%85-1000mm\/","title":{"rendered":"DURCHGEHENDE GESTEPPTE SCHEIBEN AUS BAUMWOLLE VON \u2205 600MM BIS \u2205 1000MM"},"content":{"rendered":"<div class=\"wpb-content-wrapper\"><p>[vc_row disable_background_image=&#8220;&#8220;][vc_column]<div class=\"mkdf-accordion-holder mkdf-ac-default  mkdf-toggle mkdf-ac-boxed  clearfix\">\n\t<h5 class=\"mkdf-accordion-title\">\n    <span class=\"mkdf-accordion-mark\">\n\t\t<span class=\"mkdf_icon_plus icon_plus\"><\/span>\n\t\t<span class=\"mkdf_icon_minus icon_minus-06\"><\/span>\n\t<\/span>\n\t<span class=\"mkdf-tab-title\">Datenblatt<\/span>\n<\/h5>\n<div class=\"mkdf-accordion-content\">\n\t<div class=\"mkdf-accordion-content-inner\">\n\t\t<div class=\"mkdf-elements-holder   mkdf-one-column  mkdf-responsive-mode-768 \" ><div class=\"mkdf-eh-item    \"  data-item-class=\"mkdf-eh-custom-6684\">\n\t<div class=\"mkdf-eh-item-inner\">\n\t\t<div class=\"mkdf-eh-item-content mkdf-eh-custom-6684\" style=\"padding: 0px 0px 10px 0px\">\n\t\t\t<a itemprop=\"url\" href=\"https:\/\/discotelsisal.com\/wp-content\/uploads\/2021\/07\/DISCHI-PER-LUCIDATURA-4.jpg\" target=\"_blank\" style=\"color: #056133;border-color: #056133\" class=\"mkdf-btn mkdf-btn-medium mkdf-btn-outline\"  >\n            <span class=\"mkdf-btn-text\">Data Sheet ENTIRE STITCHED COTTON DISCS FROM \u2205 600MM TO \u2205 1000MM<\/span>\n        <i class=\"mkdf-icon-dripicons dripicon  \" ><\/i>    <\/a>\t\t<\/div>\n\t<\/div>\n<\/div><\/div>\t<\/div>\n<\/div><h5 class=\"mkdf-accordion-title\">\n    <span class=\"mkdf-accordion-mark\">\n\t\t<span class=\"mkdf_icon_plus icon_plus\"><\/span>\n\t\t<span class=\"mkdf_icon_minus icon_minus-06\"><\/span>\n\t<\/span>\n\t<span class=\"mkdf-tab-title\">Sicherheitsdatenblatt<\/span>\n<\/h5>\n<div class=\"mkdf-accordion-content\">\n\t<div class=\"mkdf-accordion-content-inner\">\n\t\t<div class=\"mkdf-elements-holder   mkdf-one-column  mkdf-responsive-mode-768 \" ><div class=\"mkdf-eh-item    \"  data-item-class=\"mkdf-eh-custom-7356\">\n\t<div class=\"mkdf-eh-item-inner\">\n\t\t<div class=\"mkdf-eh-item-content mkdf-eh-custom-7356\" style=\"padding: 0px 0px 10px 0px\">\n\t\t\t<a itemprop=\"url\" href=\"https:\/\/discotelsisal.com\/wp-content\/uploads\/2023\/11\/DISCOTELSISAL-MSDS-COTTON-SISAL-POLISHING-DISC-ENG.pdf\" target=\"_blank\" style=\"color: #056133;border-color: #056133\" class=\"mkdf-btn mkdf-btn-medium mkdf-btn-outline\"  >\n            <span class=\"mkdf-btn-text\">Safety Data Sheet MSDS - DS-INT COT &amp; DS-INT COT RESINATED + STITCHED<\/span>\n        <i class=\"mkdf-icon-dripicons dripicon  \" ><\/i>    <\/a>\t\t<\/div>\n\t<\/div>\n<\/div><\/div>\t<\/div>\n<\/div><\/div>[\/vc_column][\/vc_row]<\/p>\n<\/div>","protected":false},"excerpt":{"rendered":"<p>Die durchgehenden gesteppten Baumwollscheiben werden durch Zuschneiden des Gewebes hergestellt. Sie verf\u00fcgen \u00fcber eine zentrale \u00d6ffnung und N\u00e4hte in verschiedenen H\u00f6hen. Sie k\u00f6nnen aus nat\u00fcrlicher Baumwolle oder aus geharzter Baumwolle hergestellt werden.<\/p>\n<p><strong>ANWENDUNGEN<\/strong><br \/>\n\u2022 Sie k\u00f6nnen in allen Polierschritten verwendet werden<br \/>\n\u2022 Sie k\u00f6nnen auf automatischen Maschinen und Robotern verwendet werden<br \/>\n\u2022 Geeignet f\u00fcr die Verarbeitung mittlerer und gro\u00dfer Teile<br \/>\n\u2022 Eine kombinierte Verwendung mit Schleifpasten ist erforderlich<\/p>\n","protected":false},"featured_media":10386,"template":"","meta":[],"product_brand":[],"product_cat":[346,348],"product_tag":[305,347],"class_list":{"0":"post-11102","1":"product","2":"type-product","3":"status-publish","4":"has-post-thumbnail","6":"product_cat-polierscheiben","7":"product_cat-polierscheiben-de","8":"product_tag-discotelsisal-de","9":"product_tag-polierscheiben","11":"first","12":"instock","13":"shipping-taxable","14":"product-type-simple"},"yoast_head":"<!-- This site is optimized with the Yoast SEO plugin v27.3 - https:\/\/yoast.com\/product\/yoast-seo-wordpress\/ -->\n<title>DURCHGEHENDE GESTEPPTE SCHEIBEN AUS BAUMWOLLE VON \u2205 600MM BIS \u2205 1000MM - Discotelsisal<\/title>\n<meta name=\"robots\" content=\"index, follow, max-snippet:-1, max-image-preview:large, max-video-preview:-1\" \/>\n<link rel=\"canonical\" href=\"https:\/\/discotelsisal.com\/de\/product\/durchgehende-gesteppte-scheiben-aus-baumwolle-von-%e2%88%85-600mm-bis-%e2%88%85-1000mm\/\" \/>\n<meta property=\"og:locale\" content=\"de_DE\" \/>\n<meta property=\"og:type\" content=\"article\" \/>\n<meta property=\"og:title\" content=\"DURCHGEHENDE GESTEPPTE SCHEIBEN AUS BAUMWOLLE VON \u2205 600MM BIS \u2205 1000MM - Discotelsisal\" \/>\n<meta property=\"og:description\" content=\"Die durchgehenden gesteppten Baumwollscheiben werden durch Zuschneiden des Gewebes hergestellt. Sie verf\u00fcgen \u00fcber eine zentrale \u00d6ffnung und N\u00e4hte in verschiedenen H\u00f6hen. Sie k\u00f6nnen aus nat\u00fcrlicher Baumwolle oder aus geharzter Baumwolle hergestellt werden.  ANWENDUNGEN \u2022 Sie k\u00f6nnen in allen Polierschritten verwendet werden \u2022 Sie k\u00f6nnen auf automatischen Maschinen und Robotern verwendet werden \u2022 Geeignet f\u00fcr die Verarbeitung mittlerer und gro\u00dfer Teile \u2022 Eine kombinierte Verwendung mit Schleifpasten ist erforderlich\" \/>\n<meta property=\"og:url\" content=\"https:\/\/discotelsisal.com\/de\/product\/durchgehende-gesteppte-scheiben-aus-baumwolle-von-%e2%88%85-600mm-bis-%e2%88%85-1000mm\/\" \/>\n<meta property=\"og:site_name\" content=\"Discotelsisal\" \/>\n<meta property=\"article:modified_time\" content=\"2023-11-06T12:31:21+00:00\" \/>\n<meta property=\"og:image\" content=\"https:\/\/discotelsisal.com\/wp-content\/uploads\/2021\/07\/8a-DISCO-INTERO-TRAPUNTATO-in-COTONE-da-D.-600-mm-a-D.-1.000-mm.jpg\" \/>\n\t<meta property=\"og:image:width\" content=\"1042\" \/>\n\t<meta property=\"og:image:height\" content=\"1042\" \/>\n\t<meta property=\"og:image:type\" content=\"image\/jpeg\" \/>\n<meta name=\"twitter:card\" content=\"summary_large_image\" \/>\n<meta name=\"twitter:label1\" content=\"Gesch\u00e4tzte Lesezeit\" \/>\n\t<meta name=\"twitter:data1\" content=\"1\u00a0Minute\" \/>\n<script type=\"application\/ld+json\" class=\"yoast-schema-graph\">{\"@context\":\"https:\\\/\\\/schema.org\",\"@graph\":[{\"@type\":\"WebPage\",\"@id\":\"https:\\\/\\\/discotelsisal.com\\\/de\\\/product\\\/durchgehende-gesteppte-scheiben-aus-baumwolle-von-%e2%88%85-600mm-bis-%e2%88%85-1000mm\\\/\",\"url\":\"https:\\\/\\\/discotelsisal.com\\\/de\\\/product\\\/durchgehende-gesteppte-scheiben-aus-baumwolle-von-%e2%88%85-600mm-bis-%e2%88%85-1000mm\\\/\",\"name\":\"DURCHGEHENDE GESTEPPTE SCHEIBEN AUS BAUMWOLLE VON \u2205 600MM BIS \u2205 1000MM - Discotelsisal\",\"isPartOf\":{\"@id\":\"https:\\\/\\\/discotelsisal.com\\\/de\\\/#website\"},\"primaryImageOfPage\":{\"@id\":\"https:\\\/\\\/discotelsisal.com\\\/de\\\/product\\\/durchgehende-gesteppte-scheiben-aus-baumwolle-von-%e2%88%85-600mm-bis-%e2%88%85-1000mm\\\/#primaryimage\"},\"image\":{\"@id\":\"https:\\\/\\\/discotelsisal.com\\\/de\\\/product\\\/durchgehende-gesteppte-scheiben-aus-baumwolle-von-%e2%88%85-600mm-bis-%e2%88%85-1000mm\\\/#primaryimage\"},\"thumbnailUrl\":\"https:\\\/\\\/discotelsisal.com\\\/wp-content\\\/uploads\\\/2021\\\/07\\\/8a-DISCO-INTERO-TRAPUNTATO-in-COTONE-da-D.-600-mm-a-D.-1.000-mm.jpg\",\"datePublished\":\"2023-03-15T16:01:48+00:00\",\"dateModified\":\"2023-11-06T12:31:21+00:00\",\"breadcrumb\":{\"@id\":\"https:\\\/\\\/discotelsisal.com\\\/de\\\/product\\\/durchgehende-gesteppte-scheiben-aus-baumwolle-von-%e2%88%85-600mm-bis-%e2%88%85-1000mm\\\/#breadcrumb\"},\"inLanguage\":\"de\",\"potentialAction\":[{\"@type\":\"ReadAction\",\"target\":[\"https:\\\/\\\/discotelsisal.com\\\/de\\\/product\\\/durchgehende-gesteppte-scheiben-aus-baumwolle-von-%e2%88%85-600mm-bis-%e2%88%85-1000mm\\\/\"]}]},{\"@type\":\"ImageObject\",\"inLanguage\":\"de\",\"@id\":\"https:\\\/\\\/discotelsisal.com\\\/de\\\/product\\\/durchgehende-gesteppte-scheiben-aus-baumwolle-von-%e2%88%85-600mm-bis-%e2%88%85-1000mm\\\/#primaryimage\",\"url\":\"https:\\\/\\\/discotelsisal.com\\\/wp-content\\\/uploads\\\/2021\\\/07\\\/8a-DISCO-INTERO-TRAPUNTATO-in-COTONE-da-D.-600-mm-a-D.-1.000-mm.jpg\",\"contentUrl\":\"https:\\\/\\\/discotelsisal.com\\\/wp-content\\\/uploads\\\/2021\\\/07\\\/8a-DISCO-INTERO-TRAPUNTATO-in-COTONE-da-D.-600-mm-a-D.-1.000-mm.jpg\",\"width\":1042,\"height\":1042},{\"@type\":\"BreadcrumbList\",\"@id\":\"https:\\\/\\\/discotelsisal.com\\\/de\\\/product\\\/durchgehende-gesteppte-scheiben-aus-baumwolle-von-%e2%88%85-600mm-bis-%e2%88%85-1000mm\\\/#breadcrumb\",\"itemListElement\":[{\"@type\":\"ListItem\",\"position\":1,\"name\":\"Home\",\"item\":\"https:\\\/\\\/discotelsisal.com\\\/de\\\/\"},{\"@type\":\"ListItem\",\"position\":2,\"name\":\"Shop\",\"item\":\"https:\\\/\\\/discotelsisal.com\\\/?page_id=2671\"},{\"@type\":\"ListItem\",\"position\":3,\"name\":\"DURCHGEHENDE GESTEPPTE SCHEIBEN AUS BAUMWOLLE VON \u2205 600MM BIS \u2205 1000MM\"}]},{\"@type\":\"WebSite\",\"@id\":\"https:\\\/\\\/discotelsisal.com\\\/de\\\/#website\",\"url\":\"https:\\\/\\\/discotelsisal.com\\\/de\\\/\",\"name\":\"Discotelsisal\",\"description\":\"Sanding Solutions\",\"publisher\":{\"@id\":\"https:\\\/\\\/discotelsisal.com\\\/de\\\/#organization\"},\"potentialAction\":[{\"@type\":\"SearchAction\",\"target\":{\"@type\":\"EntryPoint\",\"urlTemplate\":\"https:\\\/\\\/discotelsisal.com\\\/de\\\/?s={search_term_string}\"},\"query-input\":{\"@type\":\"PropertyValueSpecification\",\"valueRequired\":true,\"valueName\":\"search_term_string\"}}],\"inLanguage\":\"de\"},{\"@type\":\"Organization\",\"@id\":\"https:\\\/\\\/discotelsisal.com\\\/de\\\/#organization\",\"name\":\"Discotelsisal\",\"url\":\"https:\\\/\\\/discotelsisal.com\\\/de\\\/\",\"logo\":{\"@type\":\"ImageObject\",\"inLanguage\":\"de\",\"@id\":\"https:\\\/\\\/discotelsisal.com\\\/de\\\/#\\\/schema\\\/logo\\\/image\\\/\",\"url\":\"https:\\\/\\\/discotelsisal.com\\\/wp-content\\\/uploads\\\/2021\\\/06\\\/logo-new-resize.png\",\"contentUrl\":\"https:\\\/\\\/discotelsisal.com\\\/wp-content\\\/uploads\\\/2021\\\/06\\\/logo-new-resize.png\",\"width\":644,\"height\":200,\"caption\":\"Discotelsisal\"},\"image\":{\"@id\":\"https:\\\/\\\/discotelsisal.com\\\/de\\\/#\\\/schema\\\/logo\\\/image\\\/\"}}]}<\/script>\n<!-- \/ Yoast SEO plugin. -->","yoast_head_json":{"title":"DURCHGEHENDE GESTEPPTE SCHEIBEN AUS BAUMWOLLE VON \u2205 600MM BIS \u2205 1000MM - Discotelsisal","robots":{"index":"index","follow":"follow","max-snippet":"max-snippet:-1","max-image-preview":"max-image-preview:large","max-video-preview":"max-video-preview:-1"},"canonical":"https:\/\/discotelsisal.com\/de\/product\/durchgehende-gesteppte-scheiben-aus-baumwolle-von-%e2%88%85-600mm-bis-%e2%88%85-1000mm\/","og_locale":"de_DE","og_type":"article","og_title":"DURCHGEHENDE GESTEPPTE SCHEIBEN AUS BAUMWOLLE VON \u2205 600MM BIS \u2205 1000MM - Discotelsisal","og_description":"Die durchgehenden gesteppten Baumwollscheiben werden durch Zuschneiden des Gewebes hergestellt. Sie verf\u00fcgen \u00fcber eine zentrale \u00d6ffnung und N\u00e4hte in verschiedenen H\u00f6hen. Sie k\u00f6nnen aus nat\u00fcrlicher Baumwolle oder aus geharzter Baumwolle hergestellt werden.  ANWENDUNGEN \u2022 Sie k\u00f6nnen in allen Polierschritten verwendet werden \u2022 Sie k\u00f6nnen auf automatischen Maschinen und Robotern verwendet werden \u2022 Geeignet f\u00fcr die Verarbeitung mittlerer und gro\u00dfer Teile \u2022 Eine kombinierte Verwendung mit Schleifpasten ist erforderlich","og_url":"https:\/\/discotelsisal.com\/de\/product\/durchgehende-gesteppte-scheiben-aus-baumwolle-von-%e2%88%85-600mm-bis-%e2%88%85-1000mm\/","og_site_name":"Discotelsisal","article_modified_time":"2023-11-06T12:31:21+00:00","og_image":[{"width":1042,"height":1042,"url":"https:\/\/discotelsisal.com\/wp-content\/uploads\/2021\/07\/8a-DISCO-INTERO-TRAPUNTATO-in-COTONE-da-D.-600-mm-a-D.-1.000-mm.jpg","type":"image\/jpeg"}],"twitter_card":"summary_large_image","twitter_misc":{"Gesch\u00e4tzte Lesezeit":"1\u00a0Minute"},"schema":{"@context":"https:\/\/schema.org","@graph":[{"@type":"WebPage","@id":"https:\/\/discotelsisal.com\/de\/product\/durchgehende-gesteppte-scheiben-aus-baumwolle-von-%e2%88%85-600mm-bis-%e2%88%85-1000mm\/","url":"https:\/\/discotelsisal.com\/de\/product\/durchgehende-gesteppte-scheiben-aus-baumwolle-von-%e2%88%85-600mm-bis-%e2%88%85-1000mm\/","name":"DURCHGEHENDE GESTEPPTE SCHEIBEN AUS BAUMWOLLE VON \u2205 600MM BIS \u2205 1000MM - Discotelsisal","isPartOf":{"@id":"https:\/\/discotelsisal.com\/de\/#website"},"primaryImageOfPage":{"@id":"https:\/\/discotelsisal.com\/de\/product\/durchgehende-gesteppte-scheiben-aus-baumwolle-von-%e2%88%85-600mm-bis-%e2%88%85-1000mm\/#primaryimage"},"image":{"@id":"https:\/\/discotelsisal.com\/de\/product\/durchgehende-gesteppte-scheiben-aus-baumwolle-von-%e2%88%85-600mm-bis-%e2%88%85-1000mm\/#primaryimage"},"thumbnailUrl":"https:\/\/discotelsisal.com\/wp-content\/uploads\/2021\/07\/8a-DISCO-INTERO-TRAPUNTATO-in-COTONE-da-D.-600-mm-a-D.-1.000-mm.jpg","datePublished":"2023-03-15T16:01:48+00:00","dateModified":"2023-11-06T12:31:21+00:00","breadcrumb":{"@id":"https:\/\/discotelsisal.com\/de\/product\/durchgehende-gesteppte-scheiben-aus-baumwolle-von-%e2%88%85-600mm-bis-%e2%88%85-1000mm\/#breadcrumb"},"inLanguage":"de","potentialAction":[{"@type":"ReadAction","target":["https:\/\/discotelsisal.com\/de\/product\/durchgehende-gesteppte-scheiben-aus-baumwolle-von-%e2%88%85-600mm-bis-%e2%88%85-1000mm\/"]}]},{"@type":"ImageObject","inLanguage":"de","@id":"https:\/\/discotelsisal.com\/de\/product\/durchgehende-gesteppte-scheiben-aus-baumwolle-von-%e2%88%85-600mm-bis-%e2%88%85-1000mm\/#primaryimage","url":"https:\/\/discotelsisal.com\/wp-content\/uploads\/2021\/07\/8a-DISCO-INTERO-TRAPUNTATO-in-COTONE-da-D.-600-mm-a-D.-1.000-mm.jpg","contentUrl":"https:\/\/discotelsisal.com\/wp-content\/uploads\/2021\/07\/8a-DISCO-INTERO-TRAPUNTATO-in-COTONE-da-D.-600-mm-a-D.-1.000-mm.jpg","width":1042,"height":1042},{"@type":"BreadcrumbList","@id":"https:\/\/discotelsisal.com\/de\/product\/durchgehende-gesteppte-scheiben-aus-baumwolle-von-%e2%88%85-600mm-bis-%e2%88%85-1000mm\/#breadcrumb","itemListElement":[{"@type":"ListItem","position":1,"name":"Home","item":"https:\/\/discotelsisal.com\/de\/"},{"@type":"ListItem","position":2,"name":"Shop","item":"https:\/\/discotelsisal.com\/?page_id=2671"},{"@type":"ListItem","position":3,"name":"DURCHGEHENDE GESTEPPTE SCHEIBEN AUS BAUMWOLLE VON \u2205 600MM BIS \u2205 1000MM"}]},{"@type":"WebSite","@id":"https:\/\/discotelsisal.com\/de\/#website","url":"https:\/\/discotelsisal.com\/de\/","name":"Discotelsisal","description":"Sanding Solutions","publisher":{"@id":"https:\/\/discotelsisal.com\/de\/#organization"},"potentialAction":[{"@type":"SearchAction","target":{"@type":"EntryPoint","urlTemplate":"https:\/\/discotelsisal.com\/de\/?s={search_term_string}"},"query-input":{"@type":"PropertyValueSpecification","valueRequired":true,"valueName":"search_term_string"}}],"inLanguage":"de"},{"@type":"Organization","@id":"https:\/\/discotelsisal.com\/de\/#organization","name":"Discotelsisal","url":"https:\/\/discotelsisal.com\/de\/","logo":{"@type":"ImageObject","inLanguage":"de","@id":"https:\/\/discotelsisal.com\/de\/#\/schema\/logo\/image\/","url":"https:\/\/discotelsisal.com\/wp-content\/uploads\/2021\/06\/logo-new-resize.png","contentUrl":"https:\/\/discotelsisal.com\/wp-content\/uploads\/2021\/06\/logo-new-resize.png","width":644,"height":200,"caption":"Discotelsisal"},"image":{"@id":"https:\/\/discotelsisal.com\/de\/#\/schema\/logo\/image\/"}}]}},"_links":{"self":[{"href":"https:\/\/discotelsisal.com\/de\/wp-json\/wp\/v2\/product\/11102","targetHints":{"allow":["GET"]}}],"collection":[{"href":"https:\/\/discotelsisal.com\/de\/wp-json\/wp\/v2\/product"}],"about":[{"href":"https:\/\/discotelsisal.com\/de\/wp-json\/wp\/v2\/types\/product"}],"wp:featuredmedia":[{"embeddable":true,"href":"https:\/\/discotelsisal.com\/de\/wp-json\/wp\/v2\/media\/10386"}],"wp:attachment":[{"href":"https:\/\/discotelsisal.com\/de\/wp-json\/wp\/v2\/media?parent=11102"}],"wp:term":[{"taxonomy":"product_brand","embeddable":true,"href":"https:\/\/discotelsisal.com\/de\/wp-json\/wp\/v2\/product_brand?post=11102"},{"taxonomy":"product_cat","embeddable":true,"href":"https:\/\/discotelsisal.com\/de\/wp-json\/wp\/v2\/product_cat?post=11102"},{"taxonomy":"product_tag","embeddable":true,"href":"https:\/\/discotelsisal.com\/de\/wp-json\/wp\/v2\/product_tag?post=11102"}],"curies":[{"name":"wp","href":"https:\/\/api.w.org\/{rel}","templated":true}]}}