{"id":11101,"date":"2023-03-15T16:00:44","date_gmt":"2023-03-15T16:00:44","guid":{"rendered":"https:\/\/discotelsisal.com\/product\/gewellte-scheibe-aus-baumwolle-und-sisal-baumwolle\/"},"modified":"2023-11-16T16:16:08","modified_gmt":"2023-11-16T16:16:08","slug":"gewellte-scheiben-aus-baumwolle-und-sisal-baumwolle","status":"publish","type":"product","link":"https:\/\/discotelsisal.com\/de\/product\/gewellte-scheiben-aus-baumwolle-und-sisal-baumwolle\/","title":{"rendered":"GEWELLTE SCHEIBEN AUS BAUMWOLLE UND SISAL\/BAUMWOLLE"},"content":{"rendered":"<div class=\"wpb-content-wrapper\"><p>[vc_row disable_background_image=&#8220;&#8220;][vc_column]<div class=\"mkdf-accordion-holder mkdf-ac-default  mkdf-toggle mkdf-ac-boxed  clearfix\">\n\t<h5 class=\"mkdf-accordion-title\">\n    <span class=\"mkdf-accordion-mark\">\n\t\t<span class=\"mkdf_icon_plus icon_plus\"><\/span>\n\t\t<span class=\"mkdf_icon_minus icon_minus-06\"><\/span>\n\t<\/span>\n\t<span class=\"mkdf-tab-title\">Datenblatt<\/span>\n<\/h5>\n<div class=\"mkdf-accordion-content\">\n\t<div class=\"mkdf-accordion-content-inner\">\n\t\t<div class=\"mkdf-elements-holder   mkdf-one-column  mkdf-responsive-mode-768 \" ><div class=\"mkdf-eh-item    \"  data-item-class=\"mkdf-eh-custom-8663\">\n\t<div class=\"mkdf-eh-item-inner\">\n\t\t<div class=\"mkdf-eh-item-content mkdf-eh-custom-8663\" style=\"padding: 0px 0px 10px 0px\">\n\t\t\t<a itemprop=\"url\" href=\"https:\/\/discotelsisal.com\/wp-content\/uploads\/2021\/07\/DISCHI-PER-LUCIDATURA-3.jpg\" target=\"_blank\" style=\"color: #056133;border-color: #056133\" class=\"mkdf-btn mkdf-btn-medium mkdf-btn-outline\"  >\n            <span class=\"mkdf-btn-text\">Data Sheet COTTON AND SISAL\/COTTON WAVED DISCS<\/span>\n        <i class=\"mkdf-icon-dripicons dripicon  \" ><\/i>    <\/a>\t\t<\/div>\n\t<\/div>\n<\/div><\/div>\t<\/div>\n<\/div><h5 class=\"mkdf-accordion-title\">\n    <span class=\"mkdf-accordion-mark\">\n\t\t<span class=\"mkdf_icon_plus icon_plus\"><\/span>\n\t\t<span class=\"mkdf_icon_minus icon_minus-06\"><\/span>\n\t<\/span>\n\t<span class=\"mkdf-tab-title\">Sicherheitsdatenblatt<\/span>\n<\/h5>\n<div class=\"mkdf-accordion-content\">\n\t<div class=\"mkdf-accordion-content-inner\">\n\t\t<div class=\"mkdf-elements-holder   mkdf-one-column  mkdf-responsive-mode-768 \" ><div class=\"mkdf-eh-item    \"  data-item-class=\"mkdf-eh-custom-1943\">\n\t<div class=\"mkdf-eh-item-inner\">\n\t\t<div class=\"mkdf-eh-item-content mkdf-eh-custom-1943\" style=\"padding: 0px 0px 10px 0px\">\n\t\t\t<a itemprop=\"url\" href=\"https:\/\/discotelsisal.com\/wp-content\/uploads\/2023\/11\/DISCOTELSISAL-MSDS-COTTON-SISAL-POLISHING-DISC-ENG.pdf\" target=\"_blank\" style=\"color: #056133;border-color: #056133\" class=\"mkdf-btn mkdf-btn-medium mkdf-btn-outline\"  >\n            <span class=\"mkdf-btn-text\">Safety Data Sheet MSDS - DS-OND SIS &amp; DS-OND SIS+COT RESINATED<\/span>\n        <i class=\"mkdf-icon-dripicons dripicon  \" ><\/i>    <\/a>\t\t<\/div>\n\t<\/div>\n<\/div><\/div>\t<\/div>\n<\/div><\/div>[\/vc_column][\/vc_row]<\/p>\n<\/div>","protected":false},"excerpt":{"rendered":"<p>Die gewellten Scheiben aus Baumwolle und Sisal\/Baumwolle bestehen aus einem Baumwollband oder einem gen\u00e4hten Baumwollband, das mit Sisal zu einer wellenf\u00f6rmigen Faltung vern\u00e4ht und mit einem zentralen Metallring verschlossen ist. Es k\u00f6nnen nat\u00fcrliche oder geharzte Gewebe verwendet werden.<\/p>\n<p><strong>ANWENDUNGEN<\/strong><br \/>\n\u2022 Erstes Schruppen von Metallen<br \/>\n\u2022 Geeignet f\u00fcr anspruchsvolle Verarbeitungen<br \/>\n\u2022 Geeignet f\u00fcr die Verarbeitung von T\u00f6pfen, K\u00fcchenzubeh\u00f6r, Rohren<br \/>\n\u2022 Sie k\u00f6nnen auf automatischen Maschinen verwendet werden<br \/>\n\u2022 Eine kombinierte Verwendung mit fettenden Schleifpasten ist erforderlich<\/p>\n<p>Mit verschiedenen Durchmessern und \u00d6ffnungen erh\u00e4ltlich.<\/p>\n","protected":false},"featured_media":10384,"template":"","meta":[],"product_brand":[],"product_cat":[346,348],"product_tag":[305,347],"class_list":{"0":"post-11101","1":"product","2":"type-product","3":"status-publish","4":"has-post-thumbnail","6":"product_cat-polierscheiben","7":"product_cat-polierscheiben-de","8":"product_tag-discotelsisal-de","9":"product_tag-polierscheiben","11":"first","12":"instock","13":"shipping-taxable","14":"product-type-simple"},"yoast_head":"<!-- This site is optimized with the Yoast SEO plugin v27.3 - https:\/\/yoast.com\/product\/yoast-seo-wordpress\/ -->\n<title>GEWELLTE SCHEIBEN AUS BAUMWOLLE UND SISAL\/BAUMWOLLE - Discotelsisal<\/title>\n<meta name=\"robots\" content=\"index, follow, max-snippet:-1, max-image-preview:large, max-video-preview:-1\" \/>\n<link rel=\"canonical\" href=\"https:\/\/discotelsisal.com\/de\/product\/gewellte-scheiben-aus-baumwolle-und-sisal-baumwolle\/\" \/>\n<meta property=\"og:locale\" content=\"de_DE\" \/>\n<meta property=\"og:type\" content=\"article\" \/>\n<meta property=\"og:title\" content=\"GEWELLTE SCHEIBEN AUS BAUMWOLLE UND SISAL\/BAUMWOLLE - Discotelsisal\" \/>\n<meta property=\"og:description\" content=\"Die gewellten Scheiben aus Baumwolle und Sisal\/Baumwolle bestehen aus einem Baumwollband oder einem gen\u00e4hten Baumwollband, das mit Sisal zu einer wellenf\u00f6rmigen Faltung vern\u00e4ht und mit einem zentralen Metallring verschlossen ist. Es k\u00f6nnen nat\u00fcrliche oder geharzte Gewebe verwendet werden.  ANWENDUNGEN \u2022 Erstes Schruppen von Metallen \u2022 Geeignet f\u00fcr anspruchsvolle Verarbeitungen \u2022 Geeignet f\u00fcr die Verarbeitung von T\u00f6pfen, K\u00fcchenzubeh\u00f6r, Rohren \u2022 Sie k\u00f6nnen auf automatischen Maschinen verwendet werden \u2022 Eine kombinierte Verwendung mit fettenden Schleifpasten ist erforderlich  Mit verschiedenen Durchmessern und \u00d6ffnungen erh\u00e4ltlich.\" \/>\n<meta property=\"og:url\" content=\"https:\/\/discotelsisal.com\/de\/product\/gewellte-scheiben-aus-baumwolle-und-sisal-baumwolle\/\" \/>\n<meta property=\"og:site_name\" content=\"Discotelsisal\" \/>\n<meta property=\"article:modified_time\" content=\"2023-11-16T16:16:08+00:00\" \/>\n<meta property=\"og:image\" content=\"https:\/\/discotelsisal.com\/wp-content\/uploads\/2021\/07\/07a-DISCO-ONDULATO-COTONE-e-SISAL-COTONE.jpg\" \/>\n\t<meta property=\"og:image:width\" content=\"1000\" \/>\n\t<meta property=\"og:image:height\" content=\"1000\" \/>\n\t<meta property=\"og:image:type\" content=\"image\/jpeg\" \/>\n<meta name=\"twitter:card\" content=\"summary_large_image\" \/>\n<meta name=\"twitter:label1\" content=\"Gesch\u00e4tzte Lesezeit\" \/>\n\t<meta name=\"twitter:data1\" content=\"1\u00a0Minute\" \/>\n<script type=\"application\/ld+json\" class=\"yoast-schema-graph\">{\"@context\":\"https:\\\/\\\/schema.org\",\"@graph\":[{\"@type\":\"WebPage\",\"@id\":\"https:\\\/\\\/discotelsisal.com\\\/de\\\/product\\\/gewellte-scheiben-aus-baumwolle-und-sisal-baumwolle\\\/\",\"url\":\"https:\\\/\\\/discotelsisal.com\\\/de\\\/product\\\/gewellte-scheiben-aus-baumwolle-und-sisal-baumwolle\\\/\",\"name\":\"GEWELLTE SCHEIBEN AUS BAUMWOLLE UND SISAL\\\/BAUMWOLLE - Discotelsisal\",\"isPartOf\":{\"@id\":\"https:\\\/\\\/discotelsisal.com\\\/de\\\/#website\"},\"primaryImageOfPage\":{\"@id\":\"https:\\\/\\\/discotelsisal.com\\\/de\\\/product\\\/gewellte-scheiben-aus-baumwolle-und-sisal-baumwolle\\\/#primaryimage\"},\"image\":{\"@id\":\"https:\\\/\\\/discotelsisal.com\\\/de\\\/product\\\/gewellte-scheiben-aus-baumwolle-und-sisal-baumwolle\\\/#primaryimage\"},\"thumbnailUrl\":\"https:\\\/\\\/discotelsisal.com\\\/wp-content\\\/uploads\\\/2021\\\/07\\\/07a-DISCO-ONDULATO-COTONE-e-SISAL-COTONE.jpg\",\"datePublished\":\"2023-03-15T16:00:44+00:00\",\"dateModified\":\"2023-11-16T16:16:08+00:00\",\"breadcrumb\":{\"@id\":\"https:\\\/\\\/discotelsisal.com\\\/de\\\/product\\\/gewellte-scheiben-aus-baumwolle-und-sisal-baumwolle\\\/#breadcrumb\"},\"inLanguage\":\"de\",\"potentialAction\":[{\"@type\":\"ReadAction\",\"target\":[\"https:\\\/\\\/discotelsisal.com\\\/de\\\/product\\\/gewellte-scheiben-aus-baumwolle-und-sisal-baumwolle\\\/\"]}]},{\"@type\":\"ImageObject\",\"inLanguage\":\"de\",\"@id\":\"https:\\\/\\\/discotelsisal.com\\\/de\\\/product\\\/gewellte-scheiben-aus-baumwolle-und-sisal-baumwolle\\\/#primaryimage\",\"url\":\"https:\\\/\\\/discotelsisal.com\\\/wp-content\\\/uploads\\\/2021\\\/07\\\/07a-DISCO-ONDULATO-COTONE-e-SISAL-COTONE.jpg\",\"contentUrl\":\"https:\\\/\\\/discotelsisal.com\\\/wp-content\\\/uploads\\\/2021\\\/07\\\/07a-DISCO-ONDULATO-COTONE-e-SISAL-COTONE.jpg\",\"width\":1000,\"height\":1000},{\"@type\":\"BreadcrumbList\",\"@id\":\"https:\\\/\\\/discotelsisal.com\\\/de\\\/product\\\/gewellte-scheiben-aus-baumwolle-und-sisal-baumwolle\\\/#breadcrumb\",\"itemListElement\":[{\"@type\":\"ListItem\",\"position\":1,\"name\":\"Home\",\"item\":\"https:\\\/\\\/discotelsisal.com\\\/de\\\/\"},{\"@type\":\"ListItem\",\"position\":2,\"name\":\"Shop\",\"item\":\"https:\\\/\\\/discotelsisal.com\\\/?page_id=2671\"},{\"@type\":\"ListItem\",\"position\":3,\"name\":\"GEWELLTE SCHEIBEN AUS BAUMWOLLE UND SISAL\\\/BAUMWOLLE\"}]},{\"@type\":\"WebSite\",\"@id\":\"https:\\\/\\\/discotelsisal.com\\\/de\\\/#website\",\"url\":\"https:\\\/\\\/discotelsisal.com\\\/de\\\/\",\"name\":\"Discotelsisal\",\"description\":\"Sanding Solutions\",\"publisher\":{\"@id\":\"https:\\\/\\\/discotelsisal.com\\\/de\\\/#organization\"},\"potentialAction\":[{\"@type\":\"SearchAction\",\"target\":{\"@type\":\"EntryPoint\",\"urlTemplate\":\"https:\\\/\\\/discotelsisal.com\\\/de\\\/?s={search_term_string}\"},\"query-input\":{\"@type\":\"PropertyValueSpecification\",\"valueRequired\":true,\"valueName\":\"search_term_string\"}}],\"inLanguage\":\"de\"},{\"@type\":\"Organization\",\"@id\":\"https:\\\/\\\/discotelsisal.com\\\/de\\\/#organization\",\"name\":\"Discotelsisal\",\"url\":\"https:\\\/\\\/discotelsisal.com\\\/de\\\/\",\"logo\":{\"@type\":\"ImageObject\",\"inLanguage\":\"de\",\"@id\":\"https:\\\/\\\/discotelsisal.com\\\/de\\\/#\\\/schema\\\/logo\\\/image\\\/\",\"url\":\"https:\\\/\\\/discotelsisal.com\\\/wp-content\\\/uploads\\\/2021\\\/06\\\/logo-new-resize.png\",\"contentUrl\":\"https:\\\/\\\/discotelsisal.com\\\/wp-content\\\/uploads\\\/2021\\\/06\\\/logo-new-resize.png\",\"width\":644,\"height\":200,\"caption\":\"Discotelsisal\"},\"image\":{\"@id\":\"https:\\\/\\\/discotelsisal.com\\\/de\\\/#\\\/schema\\\/logo\\\/image\\\/\"}}]}<\/script>\n<!-- \/ Yoast SEO plugin. -->","yoast_head_json":{"title":"GEWELLTE SCHEIBEN AUS BAUMWOLLE UND SISAL\/BAUMWOLLE - Discotelsisal","robots":{"index":"index","follow":"follow","max-snippet":"max-snippet:-1","max-image-preview":"max-image-preview:large","max-video-preview":"max-video-preview:-1"},"canonical":"https:\/\/discotelsisal.com\/de\/product\/gewellte-scheiben-aus-baumwolle-und-sisal-baumwolle\/","og_locale":"de_DE","og_type":"article","og_title":"GEWELLTE SCHEIBEN AUS BAUMWOLLE UND SISAL\/BAUMWOLLE - Discotelsisal","og_description":"Die gewellten Scheiben aus Baumwolle und Sisal\/Baumwolle bestehen aus einem Baumwollband oder einem gen\u00e4hten Baumwollband, das mit Sisal zu einer wellenf\u00f6rmigen Faltung vern\u00e4ht und mit einem zentralen Metallring verschlossen ist. Es k\u00f6nnen nat\u00fcrliche oder geharzte Gewebe verwendet werden.  ANWENDUNGEN \u2022 Erstes Schruppen von Metallen \u2022 Geeignet f\u00fcr anspruchsvolle Verarbeitungen \u2022 Geeignet f\u00fcr die Verarbeitung von T\u00f6pfen, K\u00fcchenzubeh\u00f6r, Rohren \u2022 Sie k\u00f6nnen auf automatischen Maschinen verwendet werden \u2022 Eine kombinierte Verwendung mit fettenden Schleifpasten ist erforderlich  Mit verschiedenen Durchmessern und \u00d6ffnungen erh\u00e4ltlich.","og_url":"https:\/\/discotelsisal.com\/de\/product\/gewellte-scheiben-aus-baumwolle-und-sisal-baumwolle\/","og_site_name":"Discotelsisal","article_modified_time":"2023-11-16T16:16:08+00:00","og_image":[{"width":1000,"height":1000,"url":"https:\/\/discotelsisal.com\/wp-content\/uploads\/2021\/07\/07a-DISCO-ONDULATO-COTONE-e-SISAL-COTONE.jpg","type":"image\/jpeg"}],"twitter_card":"summary_large_image","twitter_misc":{"Gesch\u00e4tzte Lesezeit":"1\u00a0Minute"},"schema":{"@context":"https:\/\/schema.org","@graph":[{"@type":"WebPage","@id":"https:\/\/discotelsisal.com\/de\/product\/gewellte-scheiben-aus-baumwolle-und-sisal-baumwolle\/","url":"https:\/\/discotelsisal.com\/de\/product\/gewellte-scheiben-aus-baumwolle-und-sisal-baumwolle\/","name":"GEWELLTE SCHEIBEN AUS BAUMWOLLE UND SISAL\/BAUMWOLLE - Discotelsisal","isPartOf":{"@id":"https:\/\/discotelsisal.com\/de\/#website"},"primaryImageOfPage":{"@id":"https:\/\/discotelsisal.com\/de\/product\/gewellte-scheiben-aus-baumwolle-und-sisal-baumwolle\/#primaryimage"},"image":{"@id":"https:\/\/discotelsisal.com\/de\/product\/gewellte-scheiben-aus-baumwolle-und-sisal-baumwolle\/#primaryimage"},"thumbnailUrl":"https:\/\/discotelsisal.com\/wp-content\/uploads\/2021\/07\/07a-DISCO-ONDULATO-COTONE-e-SISAL-COTONE.jpg","datePublished":"2023-03-15T16:00:44+00:00","dateModified":"2023-11-16T16:16:08+00:00","breadcrumb":{"@id":"https:\/\/discotelsisal.com\/de\/product\/gewellte-scheiben-aus-baumwolle-und-sisal-baumwolle\/#breadcrumb"},"inLanguage":"de","potentialAction":[{"@type":"ReadAction","target":["https:\/\/discotelsisal.com\/de\/product\/gewellte-scheiben-aus-baumwolle-und-sisal-baumwolle\/"]}]},{"@type":"ImageObject","inLanguage":"de","@id":"https:\/\/discotelsisal.com\/de\/product\/gewellte-scheiben-aus-baumwolle-und-sisal-baumwolle\/#primaryimage","url":"https:\/\/discotelsisal.com\/wp-content\/uploads\/2021\/07\/07a-DISCO-ONDULATO-COTONE-e-SISAL-COTONE.jpg","contentUrl":"https:\/\/discotelsisal.com\/wp-content\/uploads\/2021\/07\/07a-DISCO-ONDULATO-COTONE-e-SISAL-COTONE.jpg","width":1000,"height":1000},{"@type":"BreadcrumbList","@id":"https:\/\/discotelsisal.com\/de\/product\/gewellte-scheiben-aus-baumwolle-und-sisal-baumwolle\/#breadcrumb","itemListElement":[{"@type":"ListItem","position":1,"name":"Home","item":"https:\/\/discotelsisal.com\/de\/"},{"@type":"ListItem","position":2,"name":"Shop","item":"https:\/\/discotelsisal.com\/?page_id=2671"},{"@type":"ListItem","position":3,"name":"GEWELLTE SCHEIBEN AUS BAUMWOLLE UND SISAL\/BAUMWOLLE"}]},{"@type":"WebSite","@id":"https:\/\/discotelsisal.com\/de\/#website","url":"https:\/\/discotelsisal.com\/de\/","name":"Discotelsisal","description":"Sanding Solutions","publisher":{"@id":"https:\/\/discotelsisal.com\/de\/#organization"},"potentialAction":[{"@type":"SearchAction","target":{"@type":"EntryPoint","urlTemplate":"https:\/\/discotelsisal.com\/de\/?s={search_term_string}"},"query-input":{"@type":"PropertyValueSpecification","valueRequired":true,"valueName":"search_term_string"}}],"inLanguage":"de"},{"@type":"Organization","@id":"https:\/\/discotelsisal.com\/de\/#organization","name":"Discotelsisal","url":"https:\/\/discotelsisal.com\/de\/","logo":{"@type":"ImageObject","inLanguage":"de","@id":"https:\/\/discotelsisal.com\/de\/#\/schema\/logo\/image\/","url":"https:\/\/discotelsisal.com\/wp-content\/uploads\/2021\/06\/logo-new-resize.png","contentUrl":"https:\/\/discotelsisal.com\/wp-content\/uploads\/2021\/06\/logo-new-resize.png","width":644,"height":200,"caption":"Discotelsisal"},"image":{"@id":"https:\/\/discotelsisal.com\/de\/#\/schema\/logo\/image\/"}}]}},"_links":{"self":[{"href":"https:\/\/discotelsisal.com\/de\/wp-json\/wp\/v2\/product\/11101","targetHints":{"allow":["GET"]}}],"collection":[{"href":"https:\/\/discotelsisal.com\/de\/wp-json\/wp\/v2\/product"}],"about":[{"href":"https:\/\/discotelsisal.com\/de\/wp-json\/wp\/v2\/types\/product"}],"wp:featuredmedia":[{"embeddable":true,"href":"https:\/\/discotelsisal.com\/de\/wp-json\/wp\/v2\/media\/10384"}],"wp:attachment":[{"href":"https:\/\/discotelsisal.com\/de\/wp-json\/wp\/v2\/media?parent=11101"}],"wp:term":[{"taxonomy":"product_brand","embeddable":true,"href":"https:\/\/discotelsisal.com\/de\/wp-json\/wp\/v2\/product_brand?post=11101"},{"taxonomy":"product_cat","embeddable":true,"href":"https:\/\/discotelsisal.com\/de\/wp-json\/wp\/v2\/product_cat?post=11101"},{"taxonomy":"product_tag","embeddable":true,"href":"https:\/\/discotelsisal.com\/de\/wp-json\/wp\/v2\/product_tag?post=11101"}],"curies":[{"name":"wp","href":"https:\/\/api.w.org\/{rel}","templated":true}]}}