{"id":11080,"date":"2023-03-15T15:09:10","date_gmt":"2023-03-15T15:09:10","guid":{"rendered":"https:\/\/discotelsisal.com\/product\/lamellen-kontaktraeder-leder-schwamm\/"},"modified":"2023-10-10T07:59:26","modified_gmt":"2023-10-10T07:59:26","slug":"lamellen-kontaktraeder-leder-schwamm","status":"publish","type":"product","link":"https:\/\/discotelsisal.com\/de\/product\/lamellen-kontaktraeder-leder-schwamm\/","title":{"rendered":"LAMELLEN-KONTAKTR\u00c4DER LEDER + SCHWAMM"},"content":{"rendered":"<div class=\"wpb-content-wrapper\"><p>[vc_row disable_background_image=&#8220;&#8220;][vc_column]<div class=\"mkdf-accordion-holder mkdf-ac-default  mkdf-toggle mkdf-ac-boxed  clearfix\">\n\t<h5 class=\"mkdf-accordion-title\">\n    <span class=\"mkdf-accordion-mark\">\n\t\t<span class=\"mkdf_icon_plus icon_plus\"><\/span>\n\t\t<span class=\"mkdf_icon_minus icon_minus-06\"><\/span>\n\t<\/span>\n\t<span class=\"mkdf-tab-title\">Datenblatt<\/span>\n<\/h5>\n<div class=\"mkdf-accordion-content\">\n\t<div class=\"mkdf-accordion-content-inner\">\n\t\t<div class=\"mkdf-elements-holder   mkdf-one-column  mkdf-responsive-mode-768 \" ><div class=\"mkdf-eh-item    \"  data-item-class=\"mkdf-eh-custom-6864\">\n\t<div class=\"mkdf-eh-item-inner\">\n\t\t<div class=\"mkdf-eh-item-content mkdf-eh-custom-6864\" style=\"padding: 0px 0px 10px 0px\">\n\t\t\t<a itemprop=\"url\" href=\"https:\/\/discotelsisal.com\/wp-content\/uploads\/2021\/07\/RUOTE-DI-CONTATTATO-A-LAMELLE-PELLE-SPUGNA.jpg\" target=\"_blank\" style=\"color: #056133;border-color: #056133\" class=\"mkdf-btn mkdf-btn-medium mkdf-btn-outline\"  >\n            <span class=\"mkdf-btn-text\">Data Sheet CONTACT FLAP WHEELS LEATHER + SPONGE<\/span>\n        <i class=\"mkdf-icon-dripicons dripicon  \" ><\/i>    <\/a>\t\t<\/div>\n\t<\/div>\n<\/div><\/div>\t<\/div>\n<\/div><h5 class=\"mkdf-accordion-title\">\n    <span class=\"mkdf-accordion-mark\">\n\t\t<span class=\"mkdf_icon_plus icon_plus\"><\/span>\n\t\t<span class=\"mkdf_icon_minus icon_minus-06\"><\/span>\n\t<\/span>\n\t<span class=\"mkdf-tab-title\">Sicherheitsdatenblatt<\/span>\n<\/h5>\n<div class=\"mkdf-accordion-content\">\n\t<div class=\"mkdf-accordion-content-inner\">\n\t\t<div class=\"mkdf-elements-holder   mkdf-one-column  mkdf-responsive-mode-768 \" ><div class=\"mkdf-eh-item    \"  data-item-class=\"mkdf-eh-custom-2048\">\n\t<div class=\"mkdf-eh-item-inner\">\n\t\t<div class=\"mkdf-eh-item-content mkdf-eh-custom-2048\" style=\"padding: 0px 0px 10px 0px\">\n\t\t\t<a itemprop=\"url\" href=\"https:\/\/discotelsisal.com\/wp-content\/uploads\/2023\/10\/DISCOTELSISAL-MSDS-RC-LAM-LEATHERSPONGE-ENG.pdf\" target=\"_self\" style=\"color: #056133;border-color: #056133\" class=\"mkdf-btn mkdf-btn-medium mkdf-btn-outline\"  >\n            <span class=\"mkdf-btn-text\">Safety Data Sheet MSDS - RC-LAM LEATHER + SPONGE<\/span>\n        <i class=\"mkdf-icon-dripicons dripicon  \" ><\/i>    <\/a>\t\t<\/div>\n\t<\/div>\n<\/div><\/div>\t<\/div>\n<\/div><\/div>[\/vc_column][\/vc_row]<\/p>\n<\/div>","protected":false},"excerpt":{"rendered":"<p>Die Lamellen-Kontaktr\u00e4der aus Leder und Schwamm bestehen aus Lamellen aus Polyurethan, die sich mit Lamellen aus koaguliertem Baumwollgewebe abwechseln, das speziell behandelt wurde, um eine ausgezeichnete Elastizit\u00e4t und Hitzebest\u00e4ndigkeit zu erreichen.<\/p>\n<p><strong>VORTEILE<\/strong><br \/>\n\u2022 Sie k\u00f6nnen so geformt werden, dass sie sich perfekt an die Form des zu verarbeitenden Produkts anpassen<br \/>\n\u2022 Die Kombination aus Leder und Schwamm erm\u00f6glicht eine gleichm\u00e4\u00dfige Abnutzung der R\u00e4der, was zu einem glatteren Finish ohne Abdr\u00fccke oder Dellen f\u00fchrt<br \/>\n\u2022 Sie k\u00f6nnen in verschiedenen Dichten hergestellt werden, je nach dem zu verarbeitenden Metall<\/p>\n<p><strong>ANWENDUNGEN<\/strong><br \/>\n\u2022 Schmirgeln von Weichmetallen<br \/>\n\u2022 Gl\u00e4tten von Weichmetallen<\/p>\n","protected":false},"featured_media":10373,"template":"","meta":[],"product_brand":[],"product_cat":[331],"product_tag":[305,332],"class_list":{"0":"post-11080","1":"product","2":"type-product","3":"status-publish","4":"has-post-thumbnail","6":"product_cat-kontaktrader","7":"product_tag-discotelsisal-de","8":"product_tag-kontaktrader","10":"first","11":"instock","12":"shipping-taxable","13":"product-type-simple"},"yoast_head":"<!-- This site is optimized with the Yoast SEO plugin v27.3 - https:\/\/yoast.com\/product\/yoast-seo-wordpress\/ -->\n<title>LAMELLEN-KONTAKTR\u00c4DER LEDER + SCHWAMM - Discotelsisal<\/title>\n<meta name=\"robots\" content=\"index, follow, max-snippet:-1, max-image-preview:large, max-video-preview:-1\" \/>\n<link rel=\"canonical\" href=\"https:\/\/discotelsisal.com\/de\/product\/lamellen-kontaktraeder-leder-schwamm\/\" \/>\n<meta property=\"og:locale\" content=\"de_DE\" \/>\n<meta property=\"og:type\" content=\"article\" \/>\n<meta property=\"og:title\" content=\"LAMELLEN-KONTAKTR\u00c4DER LEDER + SCHWAMM - Discotelsisal\" \/>\n<meta property=\"og:description\" content=\"Die Lamellen-Kontaktr\u00e4der aus Leder und Schwamm bestehen aus Lamellen aus Polyurethan, die sich mit Lamellen aus koaguliertem Baumwollgewebe abwechseln, das speziell behandelt wurde, um eine ausgezeichnete Elastizit\u00e4t und Hitzebest\u00e4ndigkeit zu erreichen.  VORTEILE \u2022 Sie k\u00f6nnen so geformt werden, dass sie sich perfekt an die Form des zu verarbeitenden Produkts anpassen \u2022 Die Kombination aus Leder und Schwamm erm\u00f6glicht eine gleichm\u00e4\u00dfige Abnutzung der R\u00e4der, was zu einem glatteren Finish ohne Abdr\u00fccke oder Dellen f\u00fchrt \u2022 Sie k\u00f6nnen in verschiedenen Dichten hergestellt werden, je nach dem zu verarbeitenden Metall  ANWENDUNGEN \u2022 Schmirgeln von Weichmetallen \u2022 Gl\u00e4tten von Weichmetallen\" \/>\n<meta property=\"og:url\" content=\"https:\/\/discotelsisal.com\/de\/product\/lamellen-kontaktraeder-leder-schwamm\/\" \/>\n<meta property=\"og:site_name\" content=\"Discotelsisal\" \/>\n<meta property=\"article:modified_time\" content=\"2023-10-10T07:59:26+00:00\" \/>\n<meta property=\"og:image\" content=\"https:\/\/discotelsisal.com\/wp-content\/uploads\/2021\/07\/01-RUOTE-di-CONTATTO-a-LAMELLE-PELLESPUGNA.jpg\" \/>\n\t<meta property=\"og:image:width\" content=\"1000\" \/>\n\t<meta property=\"og:image:height\" content=\"1000\" \/>\n\t<meta property=\"og:image:type\" content=\"image\/jpeg\" \/>\n<meta name=\"twitter:card\" content=\"summary_large_image\" \/>\n<meta name=\"twitter:label1\" content=\"Gesch\u00e4tzte Lesezeit\" \/>\n\t<meta name=\"twitter:data1\" content=\"1\u00a0Minute\" \/>\n<script type=\"application\/ld+json\" class=\"yoast-schema-graph\">{\"@context\":\"https:\\\/\\\/schema.org\",\"@graph\":[{\"@type\":\"WebPage\",\"@id\":\"https:\\\/\\\/discotelsisal.com\\\/de\\\/product\\\/lamellen-kontaktraeder-leder-schwamm\\\/\",\"url\":\"https:\\\/\\\/discotelsisal.com\\\/de\\\/product\\\/lamellen-kontaktraeder-leder-schwamm\\\/\",\"name\":\"LAMELLEN-KONTAKTR\u00c4DER LEDER + SCHWAMM - Discotelsisal\",\"isPartOf\":{\"@id\":\"https:\\\/\\\/discotelsisal.com\\\/de\\\/#website\"},\"primaryImageOfPage\":{\"@id\":\"https:\\\/\\\/discotelsisal.com\\\/de\\\/product\\\/lamellen-kontaktraeder-leder-schwamm\\\/#primaryimage\"},\"image\":{\"@id\":\"https:\\\/\\\/discotelsisal.com\\\/de\\\/product\\\/lamellen-kontaktraeder-leder-schwamm\\\/#primaryimage\"},\"thumbnailUrl\":\"https:\\\/\\\/discotelsisal.com\\\/wp-content\\\/uploads\\\/2021\\\/07\\\/01-RUOTE-di-CONTATTO-a-LAMELLE-PELLESPUGNA.jpg\",\"datePublished\":\"2023-03-15T15:09:10+00:00\",\"dateModified\":\"2023-10-10T07:59:26+00:00\",\"breadcrumb\":{\"@id\":\"https:\\\/\\\/discotelsisal.com\\\/de\\\/product\\\/lamellen-kontaktraeder-leder-schwamm\\\/#breadcrumb\"},\"inLanguage\":\"de\",\"potentialAction\":[{\"@type\":\"ReadAction\",\"target\":[\"https:\\\/\\\/discotelsisal.com\\\/de\\\/product\\\/lamellen-kontaktraeder-leder-schwamm\\\/\"]}]},{\"@type\":\"ImageObject\",\"inLanguage\":\"de\",\"@id\":\"https:\\\/\\\/discotelsisal.com\\\/de\\\/product\\\/lamellen-kontaktraeder-leder-schwamm\\\/#primaryimage\",\"url\":\"https:\\\/\\\/discotelsisal.com\\\/wp-content\\\/uploads\\\/2021\\\/07\\\/01-RUOTE-di-CONTATTO-a-LAMELLE-PELLESPUGNA.jpg\",\"contentUrl\":\"https:\\\/\\\/discotelsisal.com\\\/wp-content\\\/uploads\\\/2021\\\/07\\\/01-RUOTE-di-CONTATTO-a-LAMELLE-PELLESPUGNA.jpg\",\"width\":1000,\"height\":1000},{\"@type\":\"BreadcrumbList\",\"@id\":\"https:\\\/\\\/discotelsisal.com\\\/de\\\/product\\\/lamellen-kontaktraeder-leder-schwamm\\\/#breadcrumb\",\"itemListElement\":[{\"@type\":\"ListItem\",\"position\":1,\"name\":\"Home\",\"item\":\"https:\\\/\\\/discotelsisal.com\\\/de\\\/\"},{\"@type\":\"ListItem\",\"position\":2,\"name\":\"Shop\",\"item\":\"https:\\\/\\\/discotelsisal.com\\\/?page_id=2671\"},{\"@type\":\"ListItem\",\"position\":3,\"name\":\"LAMELLEN-KONTAKTR\u00c4DER LEDER + SCHWAMM\"}]},{\"@type\":\"WebSite\",\"@id\":\"https:\\\/\\\/discotelsisal.com\\\/de\\\/#website\",\"url\":\"https:\\\/\\\/discotelsisal.com\\\/de\\\/\",\"name\":\"Discotelsisal\",\"description\":\"Sanding Solutions\",\"publisher\":{\"@id\":\"https:\\\/\\\/discotelsisal.com\\\/de\\\/#organization\"},\"potentialAction\":[{\"@type\":\"SearchAction\",\"target\":{\"@type\":\"EntryPoint\",\"urlTemplate\":\"https:\\\/\\\/discotelsisal.com\\\/de\\\/?s={search_term_string}\"},\"query-input\":{\"@type\":\"PropertyValueSpecification\",\"valueRequired\":true,\"valueName\":\"search_term_string\"}}],\"inLanguage\":\"de\"},{\"@type\":\"Organization\",\"@id\":\"https:\\\/\\\/discotelsisal.com\\\/de\\\/#organization\",\"name\":\"Discotelsisal\",\"url\":\"https:\\\/\\\/discotelsisal.com\\\/de\\\/\",\"logo\":{\"@type\":\"ImageObject\",\"inLanguage\":\"de\",\"@id\":\"https:\\\/\\\/discotelsisal.com\\\/de\\\/#\\\/schema\\\/logo\\\/image\\\/\",\"url\":\"https:\\\/\\\/discotelsisal.com\\\/wp-content\\\/uploads\\\/2021\\\/06\\\/logo-new-resize.png\",\"contentUrl\":\"https:\\\/\\\/discotelsisal.com\\\/wp-content\\\/uploads\\\/2021\\\/06\\\/logo-new-resize.png\",\"width\":644,\"height\":200,\"caption\":\"Discotelsisal\"},\"image\":{\"@id\":\"https:\\\/\\\/discotelsisal.com\\\/de\\\/#\\\/schema\\\/logo\\\/image\\\/\"}}]}<\/script>\n<!-- \/ Yoast SEO plugin. -->","yoast_head_json":{"title":"LAMELLEN-KONTAKTR\u00c4DER LEDER + SCHWAMM - Discotelsisal","robots":{"index":"index","follow":"follow","max-snippet":"max-snippet:-1","max-image-preview":"max-image-preview:large","max-video-preview":"max-video-preview:-1"},"canonical":"https:\/\/discotelsisal.com\/de\/product\/lamellen-kontaktraeder-leder-schwamm\/","og_locale":"de_DE","og_type":"article","og_title":"LAMELLEN-KONTAKTR\u00c4DER LEDER + SCHWAMM - Discotelsisal","og_description":"Die Lamellen-Kontaktr\u00e4der aus Leder und Schwamm bestehen aus Lamellen aus Polyurethan, die sich mit Lamellen aus koaguliertem Baumwollgewebe abwechseln, das speziell behandelt wurde, um eine ausgezeichnete Elastizit\u00e4t und Hitzebest\u00e4ndigkeit zu erreichen.  VORTEILE \u2022 Sie k\u00f6nnen so geformt werden, dass sie sich perfekt an die Form des zu verarbeitenden Produkts anpassen \u2022 Die Kombination aus Leder und Schwamm erm\u00f6glicht eine gleichm\u00e4\u00dfige Abnutzung der R\u00e4der, was zu einem glatteren Finish ohne Abdr\u00fccke oder Dellen f\u00fchrt \u2022 Sie k\u00f6nnen in verschiedenen Dichten hergestellt werden, je nach dem zu verarbeitenden Metall  ANWENDUNGEN \u2022 Schmirgeln von Weichmetallen \u2022 Gl\u00e4tten von Weichmetallen","og_url":"https:\/\/discotelsisal.com\/de\/product\/lamellen-kontaktraeder-leder-schwamm\/","og_site_name":"Discotelsisal","article_modified_time":"2023-10-10T07:59:26+00:00","og_image":[{"width":1000,"height":1000,"url":"https:\/\/discotelsisal.com\/wp-content\/uploads\/2021\/07\/01-RUOTE-di-CONTATTO-a-LAMELLE-PELLESPUGNA.jpg","type":"image\/jpeg"}],"twitter_card":"summary_large_image","twitter_misc":{"Gesch\u00e4tzte Lesezeit":"1\u00a0Minute"},"schema":{"@context":"https:\/\/schema.org","@graph":[{"@type":"WebPage","@id":"https:\/\/discotelsisal.com\/de\/product\/lamellen-kontaktraeder-leder-schwamm\/","url":"https:\/\/discotelsisal.com\/de\/product\/lamellen-kontaktraeder-leder-schwamm\/","name":"LAMELLEN-KONTAKTR\u00c4DER LEDER + SCHWAMM - Discotelsisal","isPartOf":{"@id":"https:\/\/discotelsisal.com\/de\/#website"},"primaryImageOfPage":{"@id":"https:\/\/discotelsisal.com\/de\/product\/lamellen-kontaktraeder-leder-schwamm\/#primaryimage"},"image":{"@id":"https:\/\/discotelsisal.com\/de\/product\/lamellen-kontaktraeder-leder-schwamm\/#primaryimage"},"thumbnailUrl":"https:\/\/discotelsisal.com\/wp-content\/uploads\/2021\/07\/01-RUOTE-di-CONTATTO-a-LAMELLE-PELLESPUGNA.jpg","datePublished":"2023-03-15T15:09:10+00:00","dateModified":"2023-10-10T07:59:26+00:00","breadcrumb":{"@id":"https:\/\/discotelsisal.com\/de\/product\/lamellen-kontaktraeder-leder-schwamm\/#breadcrumb"},"inLanguage":"de","potentialAction":[{"@type":"ReadAction","target":["https:\/\/discotelsisal.com\/de\/product\/lamellen-kontaktraeder-leder-schwamm\/"]}]},{"@type":"ImageObject","inLanguage":"de","@id":"https:\/\/discotelsisal.com\/de\/product\/lamellen-kontaktraeder-leder-schwamm\/#primaryimage","url":"https:\/\/discotelsisal.com\/wp-content\/uploads\/2021\/07\/01-RUOTE-di-CONTATTO-a-LAMELLE-PELLESPUGNA.jpg","contentUrl":"https:\/\/discotelsisal.com\/wp-content\/uploads\/2021\/07\/01-RUOTE-di-CONTATTO-a-LAMELLE-PELLESPUGNA.jpg","width":1000,"height":1000},{"@type":"BreadcrumbList","@id":"https:\/\/discotelsisal.com\/de\/product\/lamellen-kontaktraeder-leder-schwamm\/#breadcrumb","itemListElement":[{"@type":"ListItem","position":1,"name":"Home","item":"https:\/\/discotelsisal.com\/de\/"},{"@type":"ListItem","position":2,"name":"Shop","item":"https:\/\/discotelsisal.com\/?page_id=2671"},{"@type":"ListItem","position":3,"name":"LAMELLEN-KONTAKTR\u00c4DER LEDER + SCHWAMM"}]},{"@type":"WebSite","@id":"https:\/\/discotelsisal.com\/de\/#website","url":"https:\/\/discotelsisal.com\/de\/","name":"Discotelsisal","description":"Sanding Solutions","publisher":{"@id":"https:\/\/discotelsisal.com\/de\/#organization"},"potentialAction":[{"@type":"SearchAction","target":{"@type":"EntryPoint","urlTemplate":"https:\/\/discotelsisal.com\/de\/?s={search_term_string}"},"query-input":{"@type":"PropertyValueSpecification","valueRequired":true,"valueName":"search_term_string"}}],"inLanguage":"de"},{"@type":"Organization","@id":"https:\/\/discotelsisal.com\/de\/#organization","name":"Discotelsisal","url":"https:\/\/discotelsisal.com\/de\/","logo":{"@type":"ImageObject","inLanguage":"de","@id":"https:\/\/discotelsisal.com\/de\/#\/schema\/logo\/image\/","url":"https:\/\/discotelsisal.com\/wp-content\/uploads\/2021\/06\/logo-new-resize.png","contentUrl":"https:\/\/discotelsisal.com\/wp-content\/uploads\/2021\/06\/logo-new-resize.png","width":644,"height":200,"caption":"Discotelsisal"},"image":{"@id":"https:\/\/discotelsisal.com\/de\/#\/schema\/logo\/image\/"}}]}},"_links":{"self":[{"href":"https:\/\/discotelsisal.com\/de\/wp-json\/wp\/v2\/product\/11080","targetHints":{"allow":["GET"]}}],"collection":[{"href":"https:\/\/discotelsisal.com\/de\/wp-json\/wp\/v2\/product"}],"about":[{"href":"https:\/\/discotelsisal.com\/de\/wp-json\/wp\/v2\/types\/product"}],"wp:featuredmedia":[{"embeddable":true,"href":"https:\/\/discotelsisal.com\/de\/wp-json\/wp\/v2\/media\/10373"}],"wp:attachment":[{"href":"https:\/\/discotelsisal.com\/de\/wp-json\/wp\/v2\/media?parent=11080"}],"wp:term":[{"taxonomy":"product_brand","embeddable":true,"href":"https:\/\/discotelsisal.com\/de\/wp-json\/wp\/v2\/product_brand?post=11080"},{"taxonomy":"product_cat","embeddable":true,"href":"https:\/\/discotelsisal.com\/de\/wp-json\/wp\/v2\/product_cat?post=11080"},{"taxonomy":"product_tag","embeddable":true,"href":"https:\/\/discotelsisal.com\/de\/wp-json\/wp\/v2\/product_tag?post=11080"}],"curies":[{"name":"wp","href":"https:\/\/api.w.org\/{rel}","templated":true}]}}