{"id":11062,"date":"2023-03-15T14:42:48","date_gmt":"2023-03-15T14:42:48","guid":{"rendered":"https:\/\/discotelsisal.com\/product\/schleifbaender-3m-surface-conditioning\/"},"modified":"2023-03-16T14:53:05","modified_gmt":"2023-03-16T14:53:05","slug":"schleifbaender-3m-surface-conditioning","status":"publish","type":"product","link":"https:\/\/discotelsisal.com\/de\/product\/schleifbaender-3m-surface-conditioning\/","title":{"rendered":"SCHLEIFB\u00c4NDER 3M\u2122 SURFACE CONDITIONING"},"content":{"rendered":"<div class=\"wpb-content-wrapper\"><p>[vc_row disable_background_image=&#8220;&#8220;][vc_column]<div class=\"mkdf-accordion-holder mkdf-ac-default  mkdf-toggle mkdf-ac-boxed  clearfix\">\n\t<h5 class=\"mkdf-accordion-title\">\n    <span class=\"mkdf-accordion-mark\">\n\t\t<span class=\"mkdf_icon_plus icon_plus\"><\/span>\n\t\t<span class=\"mkdf_icon_minus icon_minus-06\"><\/span>\n\t<\/span>\n\t<span class=\"mkdf-tab-title\">Datenblatt<\/span>\n<\/h5>\n<div class=\"mkdf-accordion-content\">\n\t<div class=\"mkdf-accordion-content-inner\">\n\t\t<div class=\"mkdf-elements-holder   mkdf-one-column  mkdf-responsive-mode-768 \" ><div class=\"mkdf-eh-item    \"  data-item-class=\"mkdf-eh-custom-4151\">\n\t<div class=\"mkdf-eh-item-inner\">\n\t\t<div class=\"mkdf-eh-item-content mkdf-eh-custom-4151\" style=\"padding: 0px 0px 10px 0px\">\n\t\t\t<a itemprop=\"url\" href=\"https:\/\/discotelsisal.com\/wp-content\/uploads\/2021\/07\/NASTRI-3M-SURFACE-CONDITIONING.jpg\" target=\"_blank\" style=\"color: #056133;border-color: #056133\" class=\"mkdf-btn mkdf-btn-medium mkdf-btn-outline\"  >\n            <span class=\"mkdf-btn-text\">Data Sheet 3M\u2122 SURFACE CONDITIONING BELTS<\/span>\n        <i class=\"mkdf-icon-dripicons dripicon  \" ><\/i>    <\/a>\t\t<\/div>\n\t<\/div>\n<\/div><\/div>\t<\/div>\n<\/div><h5 class=\"mkdf-accordion-title\">\n    <span class=\"mkdf-accordion-mark\">\n\t\t<span class=\"mkdf_icon_plus icon_plus\"><\/span>\n\t\t<span class=\"mkdf_icon_minus icon_minus-06\"><\/span>\n\t<\/span>\n\t<span class=\"mkdf-tab-title\">Sicherheitsdatenblatt<\/span>\n<\/h5>\n<div class=\"mkdf-accordion-content\">\n\t<div class=\"mkdf-accordion-content-inner\">\n\t\t<div class=\"mkdf-elements-holder   mkdf-one-column  mkdf-responsive-mode-768 \" ><div class=\"mkdf-eh-item    \"  data-item-class=\"mkdf-eh-custom-2976\">\n\t<div class=\"mkdf-eh-item-inner\">\n\t\t<div class=\"mkdf-eh-item-content mkdf-eh-custom-2976\" style=\"padding: 0px 0px 10px 0px\">\n\t\t\t<a itemprop=\"url\" href=\"https:\/\/discotelsisal.com\/wp-content\/uploads\/2021\/07\/MSDS-3M-SURFACE-CONDITIONING-AVF.pdf\" target=\"_self\" style=\"color: #056133;border-color: #056133\" class=\"mkdf-btn mkdf-btn-medium mkdf-btn-outline\"  >\n            <span class=\"mkdf-btn-text\">Safety Data Sheet MSDS - 3M SURFACE CONDITIONING AVF<\/span>\n        <i class=\"mkdf-icon-dripicons dripicon  \" ><\/i>    <\/a>\t\t<\/div>\n\t<\/div>\n<\/div><\/div>[vc_empty_space height=&#8220;10px&#8220;]<div class=\"mkdf-elements-holder   mkdf-one-column  mkdf-responsive-mode-768 \" ><div class=\"mkdf-eh-item    \"  data-item-class=\"mkdf-eh-custom-8319\">\n\t<div class=\"mkdf-eh-item-inner\">\n\t\t<div class=\"mkdf-eh-item-content mkdf-eh-custom-8319\" style=\"padding: 0px 0px 10px 0px\">\n\t\t\t<a itemprop=\"url\" href=\"https:\/\/discotelsisal.com\/wp-content\/uploads\/2021\/07\/MSDS-3M-SURFACE-CONDITIONING-SVF.pdf\" target=\"_self\" style=\"color: #056133;border-color: #056133\" class=\"mkdf-btn mkdf-btn-medium mkdf-btn-outline\"  >\n            <span class=\"mkdf-btn-text\">Safety Data Sheet MSDS - 3M SURFACE CONDITIONING SVF<\/span>\n        <i class=\"mkdf-icon-dripicons dripicon  \" ><\/i>    <\/a>\t\t<\/div>\n\t<\/div>\n<\/div><\/div>\t<\/div>\n<\/div><\/div>[\/vc_column][\/vc_row]<\/p>\n<\/div>","protected":false},"excerpt":{"rendered":"<p>Die Schleifb\u00e4nder 3M\u2122 Surface Conditioning bestehen aus einer harzverst\u00e4rkten Vlies-Faser, die bei Arbeiten zu Reinigung, Entgratung, Maskierung- und Oberfl\u00e4chenbearbeitung an verschiedenen Metallen verschlei\u00dffest ist und keine scharfen Kanten aufweist.<\/p>\n<p><strong>VORTEILE<\/strong><br \/>\n\u2022 Langlebig und aggressiv mit einer breiten Palette von K\u00f6rnungen<br \/>\n\u2022 Verst\u00e4rkte R\u00fcckseite und offen Vlies-Material f\u00fcr mehr Flexibilit\u00e4t<br \/>\n\u2022 Weniger Verstopfung und W\u00e4rmestau f\u00fcr eine l\u00e4ngere Verwendung<br \/>\n\u2022 Gleichm\u00e4\u00dfige Ergebnisse bei der Oberfl\u00e4chenbearbeitung<\/p>\n<p><strong>ANWENDUNGEN<\/strong><br \/>\n\u2022 Satinieren<br \/>\n\u2022 Oberfl\u00e4chenbearbeitung<br \/>\n\u2022 Entfernung von Zunder<br \/>\n\u2022 Maskieren<br \/>\n\u2022 K\u00f6nnen auf S\u00e4ulenmaschinen verwendet werden<br \/>\n\u2022 K\u00f6nnen auf Bandschleifern verwendet werden<br \/>\n\u2022 K\u00f6nnen auf tragbaren Maschinen verwendet werden<\/p>\n","protected":false},"featured_media":10369,"template":"","meta":[],"product_brand":[],"product_cat":[329],"product_tag":[305,330],"class_list":{"0":"post-11062","1":"product","2":"type-product","3":"status-publish","4":"has-post-thumbnail","6":"product_cat-schleifbander","7":"product_tag-discotelsisal-de","8":"product_tag-schleifbander","10":"first","11":"instock","12":"shipping-taxable","13":"product-type-simple"},"yoast_head":"<!-- This site is optimized with the Yoast SEO plugin v27.4 - https:\/\/yoast.com\/product\/yoast-seo-wordpress\/ -->\n<title>SCHLEIFB\u00c4NDER 3M\u2122 SURFACE CONDITIONING - Discotelsisal<\/title>\n<meta name=\"robots\" content=\"index, follow, max-snippet:-1, max-image-preview:large, max-video-preview:-1\" \/>\n<link rel=\"canonical\" href=\"https:\/\/discotelsisal.com\/de\/product\/schleifbaender-3m-surface-conditioning\/\" \/>\n<meta property=\"og:locale\" content=\"de_DE\" \/>\n<meta property=\"og:type\" content=\"article\" \/>\n<meta property=\"og:title\" content=\"SCHLEIFB\u00c4NDER 3M\u2122 SURFACE CONDITIONING - Discotelsisal\" \/>\n<meta property=\"og:description\" content=\"Die Schleifb\u00e4nder 3M\u2122 Surface Conditioning bestehen aus einer harzverst\u00e4rkten Vlies-Faser, die bei Arbeiten zu Reinigung, Entgratung, Maskierung- und Oberfl\u00e4chenbearbeitung an verschiedenen Metallen verschlei\u00dffest ist und keine scharfen Kanten aufweist.  VORTEILE \u2022 Langlebig und aggressiv mit einer breiten Palette von K\u00f6rnungen \u2022 Verst\u00e4rkte R\u00fcckseite und offen Vlies-Material f\u00fcr mehr Flexibilit\u00e4t \u2022 Weniger Verstopfung und W\u00e4rmestau f\u00fcr eine l\u00e4ngere Verwendung \u2022 Gleichm\u00e4\u00dfige Ergebnisse bei der Oberfl\u00e4chenbearbeitung  ANWENDUNGEN \u2022 Satinieren \u2022 Oberfl\u00e4chenbearbeitung \u2022 Entfernung von Zunder \u2022 Maskieren \u2022 K\u00f6nnen auf S\u00e4ulenmaschinen verwendet werden \u2022 K\u00f6nnen auf Bandschleifern verwendet werden \u2022 K\u00f6nnen auf tragbaren Maschinen verwendet werden\" \/>\n<meta property=\"og:url\" content=\"https:\/\/discotelsisal.com\/de\/product\/schleifbaender-3m-surface-conditioning\/\" \/>\n<meta property=\"og:site_name\" content=\"Discotelsisal\" \/>\n<meta property=\"article:modified_time\" content=\"2023-03-16T14:53:05+00:00\" \/>\n<meta property=\"og:image\" content=\"https:\/\/discotelsisal.com\/wp-content\/uploads\/2021\/07\/03a-NASTRI-3M-SURFACE-CONDITIONING.jpg\" \/>\n\t<meta property=\"og:image:width\" content=\"563\" \/>\n\t<meta property=\"og:image:height\" content=\"563\" \/>\n\t<meta property=\"og:image:type\" content=\"image\/jpeg\" \/>\n<meta name=\"twitter:card\" content=\"summary_large_image\" \/>\n<meta name=\"twitter:label1\" content=\"Gesch\u00e4tzte Lesezeit\" \/>\n\t<meta name=\"twitter:data1\" content=\"1\u00a0Minute\" \/>\n<script type=\"application\/ld+json\" class=\"yoast-schema-graph\">{\"@context\":\"https:\\\/\\\/schema.org\",\"@graph\":[{\"@type\":\"WebPage\",\"@id\":\"https:\\\/\\\/discotelsisal.com\\\/de\\\/product\\\/schleifbaender-3m-surface-conditioning\\\/\",\"url\":\"https:\\\/\\\/discotelsisal.com\\\/de\\\/product\\\/schleifbaender-3m-surface-conditioning\\\/\",\"name\":\"SCHLEIFB\u00c4NDER 3M\u2122 SURFACE CONDITIONING - Discotelsisal\",\"isPartOf\":{\"@id\":\"https:\\\/\\\/discotelsisal.com\\\/de\\\/#website\"},\"primaryImageOfPage\":{\"@id\":\"https:\\\/\\\/discotelsisal.com\\\/de\\\/product\\\/schleifbaender-3m-surface-conditioning\\\/#primaryimage\"},\"image\":{\"@id\":\"https:\\\/\\\/discotelsisal.com\\\/de\\\/product\\\/schleifbaender-3m-surface-conditioning\\\/#primaryimage\"},\"thumbnailUrl\":\"https:\\\/\\\/discotelsisal.com\\\/wp-content\\\/uploads\\\/2021\\\/07\\\/03a-NASTRI-3M-SURFACE-CONDITIONING.jpg\",\"datePublished\":\"2023-03-15T14:42:48+00:00\",\"dateModified\":\"2023-03-16T14:53:05+00:00\",\"breadcrumb\":{\"@id\":\"https:\\\/\\\/discotelsisal.com\\\/de\\\/product\\\/schleifbaender-3m-surface-conditioning\\\/#breadcrumb\"},\"inLanguage\":\"de\",\"potentialAction\":[{\"@type\":\"ReadAction\",\"target\":[\"https:\\\/\\\/discotelsisal.com\\\/de\\\/product\\\/schleifbaender-3m-surface-conditioning\\\/\"]}]},{\"@type\":\"ImageObject\",\"inLanguage\":\"de\",\"@id\":\"https:\\\/\\\/discotelsisal.com\\\/de\\\/product\\\/schleifbaender-3m-surface-conditioning\\\/#primaryimage\",\"url\":\"https:\\\/\\\/discotelsisal.com\\\/wp-content\\\/uploads\\\/2021\\\/07\\\/03a-NASTRI-3M-SURFACE-CONDITIONING.jpg\",\"contentUrl\":\"https:\\\/\\\/discotelsisal.com\\\/wp-content\\\/uploads\\\/2021\\\/07\\\/03a-NASTRI-3M-SURFACE-CONDITIONING.jpg\",\"width\":563,\"height\":563},{\"@type\":\"BreadcrumbList\",\"@id\":\"https:\\\/\\\/discotelsisal.com\\\/de\\\/product\\\/schleifbaender-3m-surface-conditioning\\\/#breadcrumb\",\"itemListElement\":[{\"@type\":\"ListItem\",\"position\":1,\"name\":\"Home\",\"item\":\"https:\\\/\\\/discotelsisal.com\\\/de\\\/\"},{\"@type\":\"ListItem\",\"position\":2,\"name\":\"Shop\",\"item\":\"https:\\\/\\\/discotelsisal.com\\\/?page_id=2671\"},{\"@type\":\"ListItem\",\"position\":3,\"name\":\"SCHLEIFB\u00c4NDER 3M\u2122 SURFACE CONDITIONING\"}]},{\"@type\":\"WebSite\",\"@id\":\"https:\\\/\\\/discotelsisal.com\\\/de\\\/#website\",\"url\":\"https:\\\/\\\/discotelsisal.com\\\/de\\\/\",\"name\":\"Discotelsisal\",\"description\":\"Sanding Solutions\",\"publisher\":{\"@id\":\"https:\\\/\\\/discotelsisal.com\\\/de\\\/#organization\"},\"potentialAction\":[{\"@type\":\"SearchAction\",\"target\":{\"@type\":\"EntryPoint\",\"urlTemplate\":\"https:\\\/\\\/discotelsisal.com\\\/de\\\/?s={search_term_string}\"},\"query-input\":{\"@type\":\"PropertyValueSpecification\",\"valueRequired\":true,\"valueName\":\"search_term_string\"}}],\"inLanguage\":\"de\"},{\"@type\":\"Organization\",\"@id\":\"https:\\\/\\\/discotelsisal.com\\\/de\\\/#organization\",\"name\":\"Discotelsisal\",\"url\":\"https:\\\/\\\/discotelsisal.com\\\/de\\\/\",\"logo\":{\"@type\":\"ImageObject\",\"inLanguage\":\"de\",\"@id\":\"https:\\\/\\\/discotelsisal.com\\\/de\\\/#\\\/schema\\\/logo\\\/image\\\/\",\"url\":\"https:\\\/\\\/discotelsisal.com\\\/wp-content\\\/uploads\\\/2021\\\/06\\\/logo-new-resize.png\",\"contentUrl\":\"https:\\\/\\\/discotelsisal.com\\\/wp-content\\\/uploads\\\/2021\\\/06\\\/logo-new-resize.png\",\"width\":644,\"height\":200,\"caption\":\"Discotelsisal\"},\"image\":{\"@id\":\"https:\\\/\\\/discotelsisal.com\\\/de\\\/#\\\/schema\\\/logo\\\/image\\\/\"}}]}<\/script>\n<!-- \/ Yoast SEO plugin. -->","yoast_head_json":{"title":"SCHLEIFB\u00c4NDER 3M\u2122 SURFACE CONDITIONING - Discotelsisal","robots":{"index":"index","follow":"follow","max-snippet":"max-snippet:-1","max-image-preview":"max-image-preview:large","max-video-preview":"max-video-preview:-1"},"canonical":"https:\/\/discotelsisal.com\/de\/product\/schleifbaender-3m-surface-conditioning\/","og_locale":"de_DE","og_type":"article","og_title":"SCHLEIFB\u00c4NDER 3M\u2122 SURFACE CONDITIONING - Discotelsisal","og_description":"Die Schleifb\u00e4nder 3M\u2122 Surface Conditioning bestehen aus einer harzverst\u00e4rkten Vlies-Faser, die bei Arbeiten zu Reinigung, Entgratung, Maskierung- und Oberfl\u00e4chenbearbeitung an verschiedenen Metallen verschlei\u00dffest ist und keine scharfen Kanten aufweist.  VORTEILE \u2022 Langlebig und aggressiv mit einer breiten Palette von K\u00f6rnungen \u2022 Verst\u00e4rkte R\u00fcckseite und offen Vlies-Material f\u00fcr mehr Flexibilit\u00e4t \u2022 Weniger Verstopfung und W\u00e4rmestau f\u00fcr eine l\u00e4ngere Verwendung \u2022 Gleichm\u00e4\u00dfige Ergebnisse bei der Oberfl\u00e4chenbearbeitung  ANWENDUNGEN \u2022 Satinieren \u2022 Oberfl\u00e4chenbearbeitung \u2022 Entfernung von Zunder \u2022 Maskieren \u2022 K\u00f6nnen auf S\u00e4ulenmaschinen verwendet werden \u2022 K\u00f6nnen auf Bandschleifern verwendet werden \u2022 K\u00f6nnen auf tragbaren Maschinen verwendet werden","og_url":"https:\/\/discotelsisal.com\/de\/product\/schleifbaender-3m-surface-conditioning\/","og_site_name":"Discotelsisal","article_modified_time":"2023-03-16T14:53:05+00:00","og_image":[{"width":563,"height":563,"url":"https:\/\/discotelsisal.com\/wp-content\/uploads\/2021\/07\/03a-NASTRI-3M-SURFACE-CONDITIONING.jpg","type":"image\/jpeg"}],"twitter_card":"summary_large_image","twitter_misc":{"Gesch\u00e4tzte Lesezeit":"1\u00a0Minute"},"schema":{"@context":"https:\/\/schema.org","@graph":[{"@type":"WebPage","@id":"https:\/\/discotelsisal.com\/de\/product\/schleifbaender-3m-surface-conditioning\/","url":"https:\/\/discotelsisal.com\/de\/product\/schleifbaender-3m-surface-conditioning\/","name":"SCHLEIFB\u00c4NDER 3M\u2122 SURFACE CONDITIONING - Discotelsisal","isPartOf":{"@id":"https:\/\/discotelsisal.com\/de\/#website"},"primaryImageOfPage":{"@id":"https:\/\/discotelsisal.com\/de\/product\/schleifbaender-3m-surface-conditioning\/#primaryimage"},"image":{"@id":"https:\/\/discotelsisal.com\/de\/product\/schleifbaender-3m-surface-conditioning\/#primaryimage"},"thumbnailUrl":"https:\/\/discotelsisal.com\/wp-content\/uploads\/2021\/07\/03a-NASTRI-3M-SURFACE-CONDITIONING.jpg","datePublished":"2023-03-15T14:42:48+00:00","dateModified":"2023-03-16T14:53:05+00:00","breadcrumb":{"@id":"https:\/\/discotelsisal.com\/de\/product\/schleifbaender-3m-surface-conditioning\/#breadcrumb"},"inLanguage":"de","potentialAction":[{"@type":"ReadAction","target":["https:\/\/discotelsisal.com\/de\/product\/schleifbaender-3m-surface-conditioning\/"]}]},{"@type":"ImageObject","inLanguage":"de","@id":"https:\/\/discotelsisal.com\/de\/product\/schleifbaender-3m-surface-conditioning\/#primaryimage","url":"https:\/\/discotelsisal.com\/wp-content\/uploads\/2021\/07\/03a-NASTRI-3M-SURFACE-CONDITIONING.jpg","contentUrl":"https:\/\/discotelsisal.com\/wp-content\/uploads\/2021\/07\/03a-NASTRI-3M-SURFACE-CONDITIONING.jpg","width":563,"height":563},{"@type":"BreadcrumbList","@id":"https:\/\/discotelsisal.com\/de\/product\/schleifbaender-3m-surface-conditioning\/#breadcrumb","itemListElement":[{"@type":"ListItem","position":1,"name":"Home","item":"https:\/\/discotelsisal.com\/de\/"},{"@type":"ListItem","position":2,"name":"Shop","item":"https:\/\/discotelsisal.com\/?page_id=2671"},{"@type":"ListItem","position":3,"name":"SCHLEIFB\u00c4NDER 3M\u2122 SURFACE CONDITIONING"}]},{"@type":"WebSite","@id":"https:\/\/discotelsisal.com\/de\/#website","url":"https:\/\/discotelsisal.com\/de\/","name":"Discotelsisal","description":"Sanding Solutions","publisher":{"@id":"https:\/\/discotelsisal.com\/de\/#organization"},"potentialAction":[{"@type":"SearchAction","target":{"@type":"EntryPoint","urlTemplate":"https:\/\/discotelsisal.com\/de\/?s={search_term_string}"},"query-input":{"@type":"PropertyValueSpecification","valueRequired":true,"valueName":"search_term_string"}}],"inLanguage":"de"},{"@type":"Organization","@id":"https:\/\/discotelsisal.com\/de\/#organization","name":"Discotelsisal","url":"https:\/\/discotelsisal.com\/de\/","logo":{"@type":"ImageObject","inLanguage":"de","@id":"https:\/\/discotelsisal.com\/de\/#\/schema\/logo\/image\/","url":"https:\/\/discotelsisal.com\/wp-content\/uploads\/2021\/06\/logo-new-resize.png","contentUrl":"https:\/\/discotelsisal.com\/wp-content\/uploads\/2021\/06\/logo-new-resize.png","width":644,"height":200,"caption":"Discotelsisal"},"image":{"@id":"https:\/\/discotelsisal.com\/de\/#\/schema\/logo\/image\/"}}]}},"_links":{"self":[{"href":"https:\/\/discotelsisal.com\/de\/wp-json\/wp\/v2\/product\/11062","targetHints":{"allow":["GET"]}}],"collection":[{"href":"https:\/\/discotelsisal.com\/de\/wp-json\/wp\/v2\/product"}],"about":[{"href":"https:\/\/discotelsisal.com\/de\/wp-json\/wp\/v2\/types\/product"}],"wp:featuredmedia":[{"embeddable":true,"href":"https:\/\/discotelsisal.com\/de\/wp-json\/wp\/v2\/media\/10369"}],"wp:attachment":[{"href":"https:\/\/discotelsisal.com\/de\/wp-json\/wp\/v2\/media?parent=11062"}],"wp:term":[{"taxonomy":"product_brand","embeddable":true,"href":"https:\/\/discotelsisal.com\/de\/wp-json\/wp\/v2\/product_brand?post=11062"},{"taxonomy":"product_cat","embeddable":true,"href":"https:\/\/discotelsisal.com\/de\/wp-json\/wp\/v2\/product_cat?post=11062"},{"taxonomy":"product_tag","embeddable":true,"href":"https:\/\/discotelsisal.com\/de\/wp-json\/wp\/v2\/product_tag?post=11062"}],"curies":[{"name":"wp","href":"https:\/\/api.w.org\/{rel}","templated":true}]}}