{"id":11037,"date":"2023-03-15T14:02:21","date_gmt":"2023-03-15T14:02:21","guid":{"rendered":"https:\/\/discotelsisal.com\/product\/vlies-schleifscheiben-fuer-die-bodenreinigung\/"},"modified":"2023-10-23T11:27:30","modified_gmt":"2023-10-23T11:27:30","slug":"vlies-schleifscheiben-fuer-die-bodenreinigung","status":"publish","type":"product","link":"https:\/\/discotelsisal.com\/de\/product\/vlies-schleifscheiben-fuer-die-bodenreinigung\/","title":{"rendered":"VLIES-SCHLEIFSCHEIBEN F\u00dcR DIE BODENREINIGUNG"},"content":{"rendered":"<div class=\"wpb-content-wrapper\"><p>[vc_row disable_background_image=&#8220;&#8220;][vc_column]<div class=\"mkdf-accordion-holder mkdf-ac-default  mkdf-toggle mkdf-ac-boxed  clearfix\">\n\t<h5 class=\"mkdf-accordion-title\">\n    <span class=\"mkdf-accordion-mark\">\n\t\t<span class=\"mkdf_icon_plus icon_plus\"><\/span>\n\t\t<span class=\"mkdf_icon_minus icon_minus-06\"><\/span>\n\t<\/span>\n\t<span class=\"mkdf-tab-title\">Datenblatt<\/span>\n<\/h5>\n<div class=\"mkdf-accordion-content\">\n\t<div class=\"mkdf-accordion-content-inner\">\n\t\t<div class=\"mkdf-elements-holder   mkdf-one-column  mkdf-responsive-mode-768 \" ><div class=\"mkdf-eh-item    \"  data-item-class=\"mkdf-eh-custom-8376\">\n\t<div class=\"mkdf-eh-item-inner\">\n\t\t<div class=\"mkdf-eh-item-content mkdf-eh-custom-8376\" style=\"padding: 0px 0px 10px 0px\">\n\t\t\t<a itemprop=\"url\" href=\"https:\/\/discotelsisal.com\/wp-content\/uploads\/2021\/07\/DISCHI-TNT-PER-PULIZIA-PAVIMENTI-.jpg\" target=\"_blank\" style=\"color: #056133;border-color: #056133\" class=\"mkdf-btn mkdf-btn-medium mkdf-btn-outline\"  >\n            <span class=\"mkdf-btn-text\">Data Sheet NWF DISCS FOR FLOOR TREATMENT<\/span>\n        <i class=\"mkdf-icon-dripicons dripicon  \" ><\/i>    <\/a>\t\t<\/div>\n\t<\/div>\n<\/div><\/div>\t<\/div>\n<\/div><h5 class=\"mkdf-accordion-title\">\n    <span class=\"mkdf-accordion-mark\">\n\t\t<span class=\"mkdf_icon_plus icon_plus\"><\/span>\n\t\t<span class=\"mkdf_icon_minus icon_minus-06\"><\/span>\n\t<\/span>\n\t<span class=\"mkdf-tab-title\">Sicherheitsdatenblatt<\/span>\n<\/h5>\n<div class=\"mkdf-accordion-content\">\n\t<div class=\"mkdf-accordion-content-inner\">\n\t\t<div class=\"mkdf-elements-holder   mkdf-one-column  mkdf-responsive-mode-768 \" ><div class=\"mkdf-eh-item    \"  data-item-class=\"mkdf-eh-custom-7560\">\n\t<div class=\"mkdf-eh-item-inner\">\n\t\t<div class=\"mkdf-eh-item-content mkdf-eh-custom-7560\" >\n\t\t\t<a itemprop=\"url\" href=\"https:\/\/discotelsisal.com\/wp-content\/uploads\/2023\/10\/DISCOTELSISAL-MSDS-DS-HSF-ENG.pdf\" target=\"_blank\" style=\"color: #056133;border-color: #056133\" class=\"mkdf-btn mkdf-btn-medium mkdf-btn-outline\"  >\n            <span class=\"mkdf-btn-text\">Safety Data Sheet MSDS - DS-HSF<\/span>\n        <i class=\"mkdf-icon-dripicons dripicon  \" ><\/i>    <\/a>\t\t<\/div>\n\t<\/div>\n<\/div><\/div>\t<\/div>\n<\/div><\/div>[\/vc_column][\/vc_row]<\/p>\n<\/div>","protected":false},"excerpt":{"rendered":"<p>Die Vlies-Schleifscheiben f\u00fcr die Bodenreinigung sind in verschiedenen Farben erh\u00e4ltlich, die eine einfache Identifizierung erm\u00f6glichen. Sie k\u00f6nnen nass oder trocken mit konventionellen oder Hochgeschwindigkeitsmaschinen verwendet werden.<\/p>\n<p><strong>VORTEILE<\/strong><br \/>\n\u2022 Sie k\u00f6nnen auf beiden Seiten verwendet werden<br \/>\n\u2022 Sie k\u00f6nnen nass oder trocken verwendet werden<br \/>\n\u2022 Die offenmaschige Struktur erm\u00f6glicht eine bessere Aufnahme von Schmutz und eine schnellere Reinigung der Scheibe unter flie\u00dfendem Wasser<\/p>\n<p><strong>ANWENDUNGEN<\/strong><br \/>\n\u2022 Freilegung<br \/>\n\u2022 Schutz<br \/>\n\u2022 Wartung<br \/>\n\u2022 Wiederherstellung<\/p>\n","protected":false},"featured_media":10235,"template":"","meta":[],"product_brand":[],"product_cat":[324],"product_tag":[305,325],"class_list":{"0":"post-11037","1":"product","2":"type-product","3":"status-publish","4":"has-post-thumbnail","6":"product_cat-schleifscheiben","7":"product_tag-discotelsisal-de","8":"product_tag-schleifscheiben","10":"first","11":"instock","12":"shipping-taxable","13":"product-type-simple"},"yoast_head":"<!-- This site is optimized with the Yoast SEO plugin v27.3 - https:\/\/yoast.com\/product\/yoast-seo-wordpress\/ -->\n<title>VLIES-SCHLEIFSCHEIBEN F\u00dcR DIE BODENREINIGUNG - Discotelsisal<\/title>\n<meta name=\"robots\" content=\"index, follow, max-snippet:-1, max-image-preview:large, max-video-preview:-1\" \/>\n<link rel=\"canonical\" href=\"https:\/\/discotelsisal.com\/de\/product\/vlies-schleifscheiben-fuer-die-bodenreinigung\/\" \/>\n<meta property=\"og:locale\" content=\"de_DE\" \/>\n<meta property=\"og:type\" content=\"article\" \/>\n<meta property=\"og:title\" content=\"VLIES-SCHLEIFSCHEIBEN F\u00dcR DIE BODENREINIGUNG - Discotelsisal\" \/>\n<meta property=\"og:description\" content=\"Die Vlies-Schleifscheiben f\u00fcr die Bodenreinigung sind in verschiedenen Farben erh\u00e4ltlich, die eine einfache Identifizierung erm\u00f6glichen. Sie k\u00f6nnen nass oder trocken mit konventionellen oder Hochgeschwindigkeitsmaschinen verwendet werden.  VORTEILE \u2022 Sie k\u00f6nnen auf beiden Seiten verwendet werden \u2022 Sie k\u00f6nnen nass oder trocken verwendet werden \u2022 Die offenmaschige Struktur erm\u00f6glicht eine bessere Aufnahme von Schmutz und eine schnellere Reinigung der Scheibe unter flie\u00dfendem Wasser  ANWENDUNGEN \u2022 Freilegung \u2022 Schutz \u2022 Wartung \u2022 Wiederherstellung\" \/>\n<meta property=\"og:url\" content=\"https:\/\/discotelsisal.com\/de\/product\/vlies-schleifscheiben-fuer-die-bodenreinigung\/\" \/>\n<meta property=\"og:site_name\" content=\"Discotelsisal\" \/>\n<meta property=\"article:modified_time\" content=\"2023-10-23T11:27:30+00:00\" \/>\n<meta property=\"og:image\" content=\"https:\/\/discotelsisal.com\/wp-content\/uploads\/2021\/07\/04-DISCHI-TNT-per-PULIZIA-PAVIMENTI.jpg\" \/>\n\t<meta property=\"og:image:width\" content=\"1022\" \/>\n\t<meta property=\"og:image:height\" content=\"1022\" \/>\n\t<meta property=\"og:image:type\" content=\"image\/jpeg\" \/>\n<meta name=\"twitter:card\" content=\"summary_large_image\" \/>\n<meta name=\"twitter:label1\" content=\"Gesch\u00e4tzte Lesezeit\" \/>\n\t<meta name=\"twitter:data1\" content=\"1\u00a0Minute\" \/>\n<script type=\"application\/ld+json\" class=\"yoast-schema-graph\">{\"@context\":\"https:\\\/\\\/schema.org\",\"@graph\":[{\"@type\":\"WebPage\",\"@id\":\"https:\\\/\\\/discotelsisal.com\\\/de\\\/product\\\/vlies-schleifscheiben-fuer-die-bodenreinigung\\\/\",\"url\":\"https:\\\/\\\/discotelsisal.com\\\/de\\\/product\\\/vlies-schleifscheiben-fuer-die-bodenreinigung\\\/\",\"name\":\"VLIES-SCHLEIFSCHEIBEN F\u00dcR DIE BODENREINIGUNG - Discotelsisal\",\"isPartOf\":{\"@id\":\"https:\\\/\\\/discotelsisal.com\\\/de\\\/#website\"},\"primaryImageOfPage\":{\"@id\":\"https:\\\/\\\/discotelsisal.com\\\/de\\\/product\\\/vlies-schleifscheiben-fuer-die-bodenreinigung\\\/#primaryimage\"},\"image\":{\"@id\":\"https:\\\/\\\/discotelsisal.com\\\/de\\\/product\\\/vlies-schleifscheiben-fuer-die-bodenreinigung\\\/#primaryimage\"},\"thumbnailUrl\":\"https:\\\/\\\/discotelsisal.com\\\/wp-content\\\/uploads\\\/2021\\\/07\\\/04-DISCHI-TNT-per-PULIZIA-PAVIMENTI.jpg\",\"datePublished\":\"2023-03-15T14:02:21+00:00\",\"dateModified\":\"2023-10-23T11:27:30+00:00\",\"breadcrumb\":{\"@id\":\"https:\\\/\\\/discotelsisal.com\\\/de\\\/product\\\/vlies-schleifscheiben-fuer-die-bodenreinigung\\\/#breadcrumb\"},\"inLanguage\":\"de\",\"potentialAction\":[{\"@type\":\"ReadAction\",\"target\":[\"https:\\\/\\\/discotelsisal.com\\\/de\\\/product\\\/vlies-schleifscheiben-fuer-die-bodenreinigung\\\/\"]}]},{\"@type\":\"ImageObject\",\"inLanguage\":\"de\",\"@id\":\"https:\\\/\\\/discotelsisal.com\\\/de\\\/product\\\/vlies-schleifscheiben-fuer-die-bodenreinigung\\\/#primaryimage\",\"url\":\"https:\\\/\\\/discotelsisal.com\\\/wp-content\\\/uploads\\\/2021\\\/07\\\/04-DISCHI-TNT-per-PULIZIA-PAVIMENTI.jpg\",\"contentUrl\":\"https:\\\/\\\/discotelsisal.com\\\/wp-content\\\/uploads\\\/2021\\\/07\\\/04-DISCHI-TNT-per-PULIZIA-PAVIMENTI.jpg\",\"width\":1022,\"height\":1022},{\"@type\":\"BreadcrumbList\",\"@id\":\"https:\\\/\\\/discotelsisal.com\\\/de\\\/product\\\/vlies-schleifscheiben-fuer-die-bodenreinigung\\\/#breadcrumb\",\"itemListElement\":[{\"@type\":\"ListItem\",\"position\":1,\"name\":\"Home\",\"item\":\"https:\\\/\\\/discotelsisal.com\\\/de\\\/\"},{\"@type\":\"ListItem\",\"position\":2,\"name\":\"Shop\",\"item\":\"https:\\\/\\\/discotelsisal.com\\\/?page_id=2671\"},{\"@type\":\"ListItem\",\"position\":3,\"name\":\"VLIES-SCHLEIFSCHEIBEN F\u00dcR DIE BODENREINIGUNG\"}]},{\"@type\":\"WebSite\",\"@id\":\"https:\\\/\\\/discotelsisal.com\\\/de\\\/#website\",\"url\":\"https:\\\/\\\/discotelsisal.com\\\/de\\\/\",\"name\":\"Discotelsisal\",\"description\":\"Sanding Solutions\",\"publisher\":{\"@id\":\"https:\\\/\\\/discotelsisal.com\\\/de\\\/#organization\"},\"potentialAction\":[{\"@type\":\"SearchAction\",\"target\":{\"@type\":\"EntryPoint\",\"urlTemplate\":\"https:\\\/\\\/discotelsisal.com\\\/de\\\/?s={search_term_string}\"},\"query-input\":{\"@type\":\"PropertyValueSpecification\",\"valueRequired\":true,\"valueName\":\"search_term_string\"}}],\"inLanguage\":\"de\"},{\"@type\":\"Organization\",\"@id\":\"https:\\\/\\\/discotelsisal.com\\\/de\\\/#organization\",\"name\":\"Discotelsisal\",\"url\":\"https:\\\/\\\/discotelsisal.com\\\/de\\\/\",\"logo\":{\"@type\":\"ImageObject\",\"inLanguage\":\"de\",\"@id\":\"https:\\\/\\\/discotelsisal.com\\\/de\\\/#\\\/schema\\\/logo\\\/image\\\/\",\"url\":\"https:\\\/\\\/discotelsisal.com\\\/wp-content\\\/uploads\\\/2021\\\/06\\\/logo-new-resize.png\",\"contentUrl\":\"https:\\\/\\\/discotelsisal.com\\\/wp-content\\\/uploads\\\/2021\\\/06\\\/logo-new-resize.png\",\"width\":644,\"height\":200,\"caption\":\"Discotelsisal\"},\"image\":{\"@id\":\"https:\\\/\\\/discotelsisal.com\\\/de\\\/#\\\/schema\\\/logo\\\/image\\\/\"}}]}<\/script>\n<!-- \/ Yoast SEO plugin. -->","yoast_head_json":{"title":"VLIES-SCHLEIFSCHEIBEN F\u00dcR DIE BODENREINIGUNG - Discotelsisal","robots":{"index":"index","follow":"follow","max-snippet":"max-snippet:-1","max-image-preview":"max-image-preview:large","max-video-preview":"max-video-preview:-1"},"canonical":"https:\/\/discotelsisal.com\/de\/product\/vlies-schleifscheiben-fuer-die-bodenreinigung\/","og_locale":"de_DE","og_type":"article","og_title":"VLIES-SCHLEIFSCHEIBEN F\u00dcR DIE BODENREINIGUNG - Discotelsisal","og_description":"Die Vlies-Schleifscheiben f\u00fcr die Bodenreinigung sind in verschiedenen Farben erh\u00e4ltlich, die eine einfache Identifizierung erm\u00f6glichen. Sie k\u00f6nnen nass oder trocken mit konventionellen oder Hochgeschwindigkeitsmaschinen verwendet werden.  VORTEILE \u2022 Sie k\u00f6nnen auf beiden Seiten verwendet werden \u2022 Sie k\u00f6nnen nass oder trocken verwendet werden \u2022 Die offenmaschige Struktur erm\u00f6glicht eine bessere Aufnahme von Schmutz und eine schnellere Reinigung der Scheibe unter flie\u00dfendem Wasser  ANWENDUNGEN \u2022 Freilegung \u2022 Schutz \u2022 Wartung \u2022 Wiederherstellung","og_url":"https:\/\/discotelsisal.com\/de\/product\/vlies-schleifscheiben-fuer-die-bodenreinigung\/","og_site_name":"Discotelsisal","article_modified_time":"2023-10-23T11:27:30+00:00","og_image":[{"width":1022,"height":1022,"url":"https:\/\/discotelsisal.com\/wp-content\/uploads\/2021\/07\/04-DISCHI-TNT-per-PULIZIA-PAVIMENTI.jpg","type":"image\/jpeg"}],"twitter_card":"summary_large_image","twitter_misc":{"Gesch\u00e4tzte Lesezeit":"1\u00a0Minute"},"schema":{"@context":"https:\/\/schema.org","@graph":[{"@type":"WebPage","@id":"https:\/\/discotelsisal.com\/de\/product\/vlies-schleifscheiben-fuer-die-bodenreinigung\/","url":"https:\/\/discotelsisal.com\/de\/product\/vlies-schleifscheiben-fuer-die-bodenreinigung\/","name":"VLIES-SCHLEIFSCHEIBEN F\u00dcR DIE BODENREINIGUNG - Discotelsisal","isPartOf":{"@id":"https:\/\/discotelsisal.com\/de\/#website"},"primaryImageOfPage":{"@id":"https:\/\/discotelsisal.com\/de\/product\/vlies-schleifscheiben-fuer-die-bodenreinigung\/#primaryimage"},"image":{"@id":"https:\/\/discotelsisal.com\/de\/product\/vlies-schleifscheiben-fuer-die-bodenreinigung\/#primaryimage"},"thumbnailUrl":"https:\/\/discotelsisal.com\/wp-content\/uploads\/2021\/07\/04-DISCHI-TNT-per-PULIZIA-PAVIMENTI.jpg","datePublished":"2023-03-15T14:02:21+00:00","dateModified":"2023-10-23T11:27:30+00:00","breadcrumb":{"@id":"https:\/\/discotelsisal.com\/de\/product\/vlies-schleifscheiben-fuer-die-bodenreinigung\/#breadcrumb"},"inLanguage":"de","potentialAction":[{"@type":"ReadAction","target":["https:\/\/discotelsisal.com\/de\/product\/vlies-schleifscheiben-fuer-die-bodenreinigung\/"]}]},{"@type":"ImageObject","inLanguage":"de","@id":"https:\/\/discotelsisal.com\/de\/product\/vlies-schleifscheiben-fuer-die-bodenreinigung\/#primaryimage","url":"https:\/\/discotelsisal.com\/wp-content\/uploads\/2021\/07\/04-DISCHI-TNT-per-PULIZIA-PAVIMENTI.jpg","contentUrl":"https:\/\/discotelsisal.com\/wp-content\/uploads\/2021\/07\/04-DISCHI-TNT-per-PULIZIA-PAVIMENTI.jpg","width":1022,"height":1022},{"@type":"BreadcrumbList","@id":"https:\/\/discotelsisal.com\/de\/product\/vlies-schleifscheiben-fuer-die-bodenreinigung\/#breadcrumb","itemListElement":[{"@type":"ListItem","position":1,"name":"Home","item":"https:\/\/discotelsisal.com\/de\/"},{"@type":"ListItem","position":2,"name":"Shop","item":"https:\/\/discotelsisal.com\/?page_id=2671"},{"@type":"ListItem","position":3,"name":"VLIES-SCHLEIFSCHEIBEN F\u00dcR DIE BODENREINIGUNG"}]},{"@type":"WebSite","@id":"https:\/\/discotelsisal.com\/de\/#website","url":"https:\/\/discotelsisal.com\/de\/","name":"Discotelsisal","description":"Sanding Solutions","publisher":{"@id":"https:\/\/discotelsisal.com\/de\/#organization"},"potentialAction":[{"@type":"SearchAction","target":{"@type":"EntryPoint","urlTemplate":"https:\/\/discotelsisal.com\/de\/?s={search_term_string}"},"query-input":{"@type":"PropertyValueSpecification","valueRequired":true,"valueName":"search_term_string"}}],"inLanguage":"de"},{"@type":"Organization","@id":"https:\/\/discotelsisal.com\/de\/#organization","name":"Discotelsisal","url":"https:\/\/discotelsisal.com\/de\/","logo":{"@type":"ImageObject","inLanguage":"de","@id":"https:\/\/discotelsisal.com\/de\/#\/schema\/logo\/image\/","url":"https:\/\/discotelsisal.com\/wp-content\/uploads\/2021\/06\/logo-new-resize.png","contentUrl":"https:\/\/discotelsisal.com\/wp-content\/uploads\/2021\/06\/logo-new-resize.png","width":644,"height":200,"caption":"Discotelsisal"},"image":{"@id":"https:\/\/discotelsisal.com\/de\/#\/schema\/logo\/image\/"}}]}},"_links":{"self":[{"href":"https:\/\/discotelsisal.com\/de\/wp-json\/wp\/v2\/product\/11037","targetHints":{"allow":["GET"]}}],"collection":[{"href":"https:\/\/discotelsisal.com\/de\/wp-json\/wp\/v2\/product"}],"about":[{"href":"https:\/\/discotelsisal.com\/de\/wp-json\/wp\/v2\/types\/product"}],"wp:featuredmedia":[{"embeddable":true,"href":"https:\/\/discotelsisal.com\/de\/wp-json\/wp\/v2\/media\/10235"}],"wp:attachment":[{"href":"https:\/\/discotelsisal.com\/de\/wp-json\/wp\/v2\/media?parent=11037"}],"wp:term":[{"taxonomy":"product_brand","embeddable":true,"href":"https:\/\/discotelsisal.com\/de\/wp-json\/wp\/v2\/product_brand?post=11037"},{"taxonomy":"product_cat","embeddable":true,"href":"https:\/\/discotelsisal.com\/de\/wp-json\/wp\/v2\/product_cat?post=11037"},{"taxonomy":"product_tag","embeddable":true,"href":"https:\/\/discotelsisal.com\/de\/wp-json\/wp\/v2\/product_tag?post=11037"}],"curies":[{"name":"wp","href":"https:\/\/api.w.org\/{rel}","templated":true}]}}