{"id":10988,"date":"2023-03-15T09:45:27","date_gmt":"2023-03-15T09:45:27","guid":{"rendered":"https:\/\/discotelsisal.com\/product\/vlies-lamellenschleifraeder-und-kombi-lamellenschleifraeder-mit-schaft\/"},"modified":"2023-11-07T10:30:12","modified_gmt":"2023-11-07T10:30:12","slug":"vlies-lamellenschleifraeder-und-kombi-lamellenschleifraeder-mit-schaft","status":"publish","type":"product","link":"https:\/\/discotelsisal.com\/de\/product\/vlies-lamellenschleifraeder-und-kombi-lamellenschleifraeder-mit-schaft\/","title":{"rendered":"VLIES-LAMELLENSCHLEIFR\u00c4DER UND KOMBI-LAMELLENSCHLEIFR\u00c4DER MIT SCHAFT"},"content":{"rendered":"<div class=\"wpb-content-wrapper\"><p>[vc_row disable_background_image=&#8220;&#8220;][vc_column]<div class=\"mkdf-accordion-holder mkdf-ac-default  mkdf-toggle mkdf-ac-boxed  clearfix\">\n\t<h5 class=\"mkdf-accordion-title\">\n    <span class=\"mkdf-accordion-mark\">\n\t\t<span class=\"mkdf_icon_plus icon_plus\"><\/span>\n\t\t<span class=\"mkdf_icon_minus icon_minus-06\"><\/span>\n\t<\/span>\n\t<span class=\"mkdf-tab-title\">Datenblatt<\/span>\n<\/h5>\n<div class=\"mkdf-accordion-content\">\n\t<div class=\"mkdf-accordion-content-inner\">\n\t\t<div class=\"mkdf-elements-holder   mkdf-one-column  mkdf-responsive-mode-768 \" ><div class=\"mkdf-eh-item    \"  data-item-class=\"mkdf-eh-custom-1568\">\n\t<div class=\"mkdf-eh-item-inner\">\n\t\t<div class=\"mkdf-eh-item-content mkdf-eh-custom-1568\" style=\"padding: 0px 0px 10px 0px\">\n\t\t\t<a itemprop=\"url\" href=\"https:\/\/discotelsisal.com\/wp-content\/uploads\/2021\/07\/FLAP-TNT-E-RUOTE-MISTO-CON-GAMBO.jpg\" target=\"_blank\" style=\"color: #056133;border-color: #056133\" class=\"mkdf-btn mkdf-btn-medium mkdf-btn-outline\"  >\n            <span class=\"mkdf-btn-text\">Data Sheet NWF FLAP WHEELS AND EMERY CLOTH INTERLEAF FLAP WHEEL MOUNTED ON SHAFT<\/span>\n        <i class=\"mkdf-icon-dripicons dripicon  \" ><\/i>    <\/a>\t\t<\/div>\n\t<\/div>\n<\/div><\/div>\t<\/div>\n<\/div><h5 class=\"mkdf-accordion-title\">\n    <span class=\"mkdf-accordion-mark\">\n\t\t<span class=\"mkdf_icon_plus icon_plus\"><\/span>\n\t\t<span class=\"mkdf_icon_minus icon_minus-06\"><\/span>\n\t<\/span>\n\t<span class=\"mkdf-tab-title\">Sicherheitsdatenblatt<\/span>\n<\/h5>\n<div class=\"mkdf-accordion-content\">\n\t<div class=\"mkdf-accordion-content-inner\">\n\t\t<div class=\"mkdf-elements-holder   mkdf-one-column  mkdf-responsive-mode-768 \" ><div class=\"mkdf-eh-item    \"  data-item-class=\"mkdf-eh-custom-8415\">\n\t<div class=\"mkdf-eh-item-inner\">\n\t\t<div class=\"mkdf-eh-item-content mkdf-eh-custom-8415\" style=\"padding: 0px 0px 10px 0px\">\n\t\t\t<a itemprop=\"url\" href=\"https:\/\/discotelsisal.com\/wp-content\/uploads\/2023\/10\/DISCOTELSISAL-MSDS-MINI-FW-CP-WITH-SHAFT-ENG.pdf\" target=\"_blank\" style=\"color: #056133;border-color: #056133\" class=\"mkdf-btn mkdf-btn-medium mkdf-btn-outline\"  >\n            <span class=\"mkdf-btn-text\">Safety Data Sheet MSDS - MINI FW-CP WITH SHAFT<\/span>\n        <i class=\"mkdf-icon-dripicons dripicon  \" ><\/i>    <\/a>\t\t<\/div>\n\t<\/div>\n<\/div><\/div><div class=\"mkdf-elements-holder   mkdf-one-column  mkdf-responsive-mode-768 \" ><div class=\"mkdf-eh-item    \"  data-item-class=\"mkdf-eh-custom-4815\">\n\t<div class=\"mkdf-eh-item-inner\">\n\t\t<div class=\"mkdf-eh-item-content mkdf-eh-custom-4815\" style=\"padding: 0px 0px 10px 0px\">\n\t\t\t<a itemprop=\"url\" href=\"https:\/\/discotelsisal.com\/wp-content\/uploads\/2023\/10\/DISCOTELSISAL-MSDS-MINI-FW-HIPRO-WITH-SHAFT-RESINATED-ENG.pdf\" target=\"_blank\" style=\"color: #056133;border-color: #056133\" class=\"mkdf-btn mkdf-btn-medium mkdf-btn-outline\"  >\n            <span class=\"mkdf-btn-text\">Safety Data Sheet MSDS - MINI FW-HIPRO WITH SHAFT - RESINATED<\/span>\n        <i class=\"mkdf-icon-dripicons dripicon  \" ><\/i>    <\/a>\t\t<\/div>\n\t<\/div>\n<\/div><\/div><div class=\"mkdf-elements-holder   mkdf-one-column  mkdf-responsive-mode-768 \" ><div class=\"mkdf-eh-item    \"  data-item-class=\"mkdf-eh-custom-9858\">\n\t<div class=\"mkdf-eh-item-inner\">\n\t\t<div class=\"mkdf-eh-item-content mkdf-eh-custom-9858\" style=\"padding: 0px 0px 10px 0px\">\n\t\t\t<a itemprop=\"url\" href=\"https:\/\/discotelsisal.com\/wp-content\/uploads\/2023\/10\/DISCOTELSISAL-MSDS-MINI-FW-TNT-A-WITH-SHAFT-ENG.pdf\" target=\"_blank\" style=\"color: #056133;border-color: #056133\" class=\"mkdf-btn mkdf-btn-medium mkdf-btn-outline\"  >\n            <span class=\"mkdf-btn-text\">Safety Data Sheet MSDS - MINI FW-NWF A WITH SHAFT<\/span>\n        <i class=\"mkdf-icon-dripicons dripicon  \" ><\/i>    <\/a>\t\t<\/div>\n\t<\/div>\n<\/div><\/div><div class=\"mkdf-elements-holder   mkdf-one-column  mkdf-responsive-mode-768 \" ><div class=\"mkdf-eh-item    \"  data-item-class=\"mkdf-eh-custom-7751\">\n\t<div class=\"mkdf-eh-item-inner\">\n\t\t<div class=\"mkdf-eh-item-content mkdf-eh-custom-7751\" style=\"padding: 0px 0px 10px 0px\">\n\t\t\t<a itemprop=\"url\" href=\"https:\/\/discotelsisal.com\/wp-content\/uploads\/2023\/10\/DISCOTELSISAL-MSDS-MINI-FW-TNT-S-WITH-SHAFT-ENG.pdf\" target=\"_blank\" style=\"color: #056133;border-color: #056133\" class=\"mkdf-btn mkdf-btn-medium mkdf-btn-outline\"  >\n            <span class=\"mkdf-btn-text\">Safety Data Sheet MSDS - MINI FW-NWF S WITH SHAFT<\/span>\n        <i class=\"mkdf-icon-dripicons dripicon  \" ><\/i>    <\/a>\t\t<\/div>\n\t<\/div>\n<\/div><\/div><div class=\"mkdf-elements-holder   mkdf-one-column  mkdf-responsive-mode-768 \" ><div class=\"mkdf-eh-item    \"  data-item-class=\"mkdf-eh-custom-6187\">\n\t<div class=\"mkdf-eh-item-inner\">\n\t\t<div class=\"mkdf-eh-item-content mkdf-eh-custom-6187\" style=\"padding: 0px 0px 10px 0px\">\n\t\t\t<a itemprop=\"url\" href=\"https:\/\/discotelsisal.com\/wp-content\/uploads\/2023\/10\/DISCOTELSISAL-MSDS-MINI-MW-TA-TNT-WITH-SHAFT-ENG.pdf\" target=\"_blank\" style=\"color: #056133;border-color: #056133\" class=\"mkdf-btn mkdf-btn-medium mkdf-btn-outline\"  >\n            <span class=\"mkdf-btn-text\">Safety Data Sheet MSDS - MINI MW TA-NWF WITH SHAFT<\/span>\n        <i class=\"mkdf-icon-dripicons dripicon  \" ><\/i>    <\/a>\t\t<\/div>\n\t<\/div>\n<\/div><\/div>\t<\/div>\n<\/div><\/div>[\/vc_column][\/vc_row]<\/p>\n<\/div>","protected":false},"excerpt":{"rendered":"<p>Die Vlies-Lamellenschleifr\u00e4der und die Kombi-Lamellenschleifr\u00e4der mit Schleifgewebe werden mit Schaft hergestellt und auf tragbaren elektrischen und pneumatischen Werkzeugmaschinen sowie auf Werkzeugmaschinen mit biegsamer Welle f\u00fcr die Bearbeitung kleiner Oberfl\u00e4chen eingesetzt.<\/p>\n<p><strong>ANWENDUNGEN<\/strong><br \/>\n\u2022 Satinieren<br \/>\n\u2022 Polieren<br \/>\n\u2022 Schleifen<br \/>\n\u2022 Schmirgeln<br \/>\n\u2022 Reinigung von Schwei\u00dfn\u00e4hten<br \/>\n\u2022 B\u00fcrsten<br \/>\n\u2022 Aufrauen<\/p>\n","protected":false},"featured_media":10390,"template":"","meta":[],"product_brand":[],"product_cat":[314],"product_tag":[305,315],"class_list":{"0":"post-10988","1":"product","2":"type-product","3":"status-publish","4":"has-post-thumbnail","6":"product_cat-lamellenschleifrader-mit-schaft","7":"product_tag-discotelsisal-de","8":"product_tag-lamellenschleifrader-mit-schaft","10":"first","11":"instock","12":"shipping-taxable","13":"product-type-simple"},"yoast_head":"<!-- This site is optimized with the Yoast SEO plugin v27.3 - https:\/\/yoast.com\/product\/yoast-seo-wordpress\/ -->\n<title>VLIES-LAMELLENSCHLEIFR\u00c4DER UND KOMBI-LAMELLENSCHLEIFR\u00c4DER MIT SCHAFT - Discotelsisal<\/title>\n<meta name=\"robots\" content=\"index, follow, max-snippet:-1, max-image-preview:large, max-video-preview:-1\" \/>\n<link rel=\"canonical\" href=\"https:\/\/discotelsisal.com\/de\/product\/vlies-lamellenschleifraeder-und-kombi-lamellenschleifraeder-mit-schaft\/\" \/>\n<meta property=\"og:locale\" content=\"de_DE\" \/>\n<meta property=\"og:type\" content=\"article\" \/>\n<meta property=\"og:title\" content=\"VLIES-LAMELLENSCHLEIFR\u00c4DER UND KOMBI-LAMELLENSCHLEIFR\u00c4DER MIT SCHAFT - Discotelsisal\" \/>\n<meta property=\"og:description\" content=\"Die Vlies-Lamellenschleifr\u00e4der und die Kombi-Lamellenschleifr\u00e4der mit Schleifgewebe werden mit Schaft hergestellt und auf tragbaren elektrischen und pneumatischen Werkzeugmaschinen sowie auf Werkzeugmaschinen mit biegsamer Welle f\u00fcr die Bearbeitung kleiner Oberfl\u00e4chen eingesetzt.  ANWENDUNGEN \u2022 Satinieren \u2022 Polieren \u2022 Schleifen \u2022 Schmirgeln \u2022 Reinigung von Schwei\u00dfn\u00e4hten \u2022 B\u00fcrsten \u2022 Aufrauen\" \/>\n<meta property=\"og:url\" content=\"https:\/\/discotelsisal.com\/de\/product\/vlies-lamellenschleifraeder-und-kombi-lamellenschleifraeder-mit-schaft\/\" \/>\n<meta property=\"og:site_name\" content=\"Discotelsisal\" \/>\n<meta property=\"article:modified_time\" content=\"2023-11-07T10:30:12+00:00\" \/>\n<meta property=\"og:image\" content=\"https:\/\/discotelsisal.com\/wp-content\/uploads\/2021\/07\/flap-wheel-on-shaft.jpg\" \/>\n\t<meta property=\"og:image:width\" content=\"1000\" \/>\n\t<meta property=\"og:image:height\" content=\"1000\" \/>\n\t<meta property=\"og:image:type\" content=\"image\/jpeg\" \/>\n<meta name=\"twitter:card\" content=\"summary_large_image\" \/>\n<meta name=\"twitter:label1\" content=\"Gesch\u00e4tzte Lesezeit\" \/>\n\t<meta name=\"twitter:data1\" content=\"1\u00a0Minute\" \/>\n<script type=\"application\/ld+json\" class=\"yoast-schema-graph\">{\"@context\":\"https:\\\/\\\/schema.org\",\"@graph\":[{\"@type\":\"WebPage\",\"@id\":\"https:\\\/\\\/discotelsisal.com\\\/de\\\/product\\\/vlies-lamellenschleifraeder-und-kombi-lamellenschleifraeder-mit-schaft\\\/\",\"url\":\"https:\\\/\\\/discotelsisal.com\\\/de\\\/product\\\/vlies-lamellenschleifraeder-und-kombi-lamellenschleifraeder-mit-schaft\\\/\",\"name\":\"VLIES-LAMELLENSCHLEIFR\u00c4DER UND KOMBI-LAMELLENSCHLEIFR\u00c4DER MIT SCHAFT - Discotelsisal\",\"isPartOf\":{\"@id\":\"https:\\\/\\\/discotelsisal.com\\\/de\\\/#website\"},\"primaryImageOfPage\":{\"@id\":\"https:\\\/\\\/discotelsisal.com\\\/de\\\/product\\\/vlies-lamellenschleifraeder-und-kombi-lamellenschleifraeder-mit-schaft\\\/#primaryimage\"},\"image\":{\"@id\":\"https:\\\/\\\/discotelsisal.com\\\/de\\\/product\\\/vlies-lamellenschleifraeder-und-kombi-lamellenschleifraeder-mit-schaft\\\/#primaryimage\"},\"thumbnailUrl\":\"https:\\\/\\\/discotelsisal.com\\\/wp-content\\\/uploads\\\/2021\\\/07\\\/flap-wheel-on-shaft.jpg\",\"datePublished\":\"2023-03-15T09:45:27+00:00\",\"dateModified\":\"2023-11-07T10:30:12+00:00\",\"breadcrumb\":{\"@id\":\"https:\\\/\\\/discotelsisal.com\\\/de\\\/product\\\/vlies-lamellenschleifraeder-und-kombi-lamellenschleifraeder-mit-schaft\\\/#breadcrumb\"},\"inLanguage\":\"de\",\"potentialAction\":[{\"@type\":\"ReadAction\",\"target\":[\"https:\\\/\\\/discotelsisal.com\\\/de\\\/product\\\/vlies-lamellenschleifraeder-und-kombi-lamellenschleifraeder-mit-schaft\\\/\"]}]},{\"@type\":\"ImageObject\",\"inLanguage\":\"de\",\"@id\":\"https:\\\/\\\/discotelsisal.com\\\/de\\\/product\\\/vlies-lamellenschleifraeder-und-kombi-lamellenschleifraeder-mit-schaft\\\/#primaryimage\",\"url\":\"https:\\\/\\\/discotelsisal.com\\\/wp-content\\\/uploads\\\/2021\\\/07\\\/flap-wheel-on-shaft.jpg\",\"contentUrl\":\"https:\\\/\\\/discotelsisal.com\\\/wp-content\\\/uploads\\\/2021\\\/07\\\/flap-wheel-on-shaft.jpg\",\"width\":1000,\"height\":1000},{\"@type\":\"BreadcrumbList\",\"@id\":\"https:\\\/\\\/discotelsisal.com\\\/de\\\/product\\\/vlies-lamellenschleifraeder-und-kombi-lamellenschleifraeder-mit-schaft\\\/#breadcrumb\",\"itemListElement\":[{\"@type\":\"ListItem\",\"position\":1,\"name\":\"Home\",\"item\":\"https:\\\/\\\/discotelsisal.com\\\/de\\\/\"},{\"@type\":\"ListItem\",\"position\":2,\"name\":\"Shop\",\"item\":\"https:\\\/\\\/discotelsisal.com\\\/?page_id=2671\"},{\"@type\":\"ListItem\",\"position\":3,\"name\":\"VLIES-LAMELLENSCHLEIFR\u00c4DER UND KOMBI-LAMELLENSCHLEIFR\u00c4DER MIT SCHAFT\"}]},{\"@type\":\"WebSite\",\"@id\":\"https:\\\/\\\/discotelsisal.com\\\/de\\\/#website\",\"url\":\"https:\\\/\\\/discotelsisal.com\\\/de\\\/\",\"name\":\"Discotelsisal\",\"description\":\"Sanding Solutions\",\"publisher\":{\"@id\":\"https:\\\/\\\/discotelsisal.com\\\/de\\\/#organization\"},\"potentialAction\":[{\"@type\":\"SearchAction\",\"target\":{\"@type\":\"EntryPoint\",\"urlTemplate\":\"https:\\\/\\\/discotelsisal.com\\\/de\\\/?s={search_term_string}\"},\"query-input\":{\"@type\":\"PropertyValueSpecification\",\"valueRequired\":true,\"valueName\":\"search_term_string\"}}],\"inLanguage\":\"de\"},{\"@type\":\"Organization\",\"@id\":\"https:\\\/\\\/discotelsisal.com\\\/de\\\/#organization\",\"name\":\"Discotelsisal\",\"url\":\"https:\\\/\\\/discotelsisal.com\\\/de\\\/\",\"logo\":{\"@type\":\"ImageObject\",\"inLanguage\":\"de\",\"@id\":\"https:\\\/\\\/discotelsisal.com\\\/de\\\/#\\\/schema\\\/logo\\\/image\\\/\",\"url\":\"https:\\\/\\\/discotelsisal.com\\\/wp-content\\\/uploads\\\/2021\\\/06\\\/logo-new-resize.png\",\"contentUrl\":\"https:\\\/\\\/discotelsisal.com\\\/wp-content\\\/uploads\\\/2021\\\/06\\\/logo-new-resize.png\",\"width\":644,\"height\":200,\"caption\":\"Discotelsisal\"},\"image\":{\"@id\":\"https:\\\/\\\/discotelsisal.com\\\/de\\\/#\\\/schema\\\/logo\\\/image\\\/\"}}]}<\/script>\n<!-- \/ Yoast SEO plugin. -->","yoast_head_json":{"title":"VLIES-LAMELLENSCHLEIFR\u00c4DER UND KOMBI-LAMELLENSCHLEIFR\u00c4DER MIT SCHAFT - Discotelsisal","robots":{"index":"index","follow":"follow","max-snippet":"max-snippet:-1","max-image-preview":"max-image-preview:large","max-video-preview":"max-video-preview:-1"},"canonical":"https:\/\/discotelsisal.com\/de\/product\/vlies-lamellenschleifraeder-und-kombi-lamellenschleifraeder-mit-schaft\/","og_locale":"de_DE","og_type":"article","og_title":"VLIES-LAMELLENSCHLEIFR\u00c4DER UND KOMBI-LAMELLENSCHLEIFR\u00c4DER MIT SCHAFT - Discotelsisal","og_description":"Die Vlies-Lamellenschleifr\u00e4der und die Kombi-Lamellenschleifr\u00e4der mit Schleifgewebe werden mit Schaft hergestellt und auf tragbaren elektrischen und pneumatischen Werkzeugmaschinen sowie auf Werkzeugmaschinen mit biegsamer Welle f\u00fcr die Bearbeitung kleiner Oberfl\u00e4chen eingesetzt.  ANWENDUNGEN \u2022 Satinieren \u2022 Polieren \u2022 Schleifen \u2022 Schmirgeln \u2022 Reinigung von Schwei\u00dfn\u00e4hten \u2022 B\u00fcrsten \u2022 Aufrauen","og_url":"https:\/\/discotelsisal.com\/de\/product\/vlies-lamellenschleifraeder-und-kombi-lamellenschleifraeder-mit-schaft\/","og_site_name":"Discotelsisal","article_modified_time":"2023-11-07T10:30:12+00:00","og_image":[{"width":1000,"height":1000,"url":"https:\/\/discotelsisal.com\/wp-content\/uploads\/2021\/07\/flap-wheel-on-shaft.jpg","type":"image\/jpeg"}],"twitter_card":"summary_large_image","twitter_misc":{"Gesch\u00e4tzte Lesezeit":"1\u00a0Minute"},"schema":{"@context":"https:\/\/schema.org","@graph":[{"@type":"WebPage","@id":"https:\/\/discotelsisal.com\/de\/product\/vlies-lamellenschleifraeder-und-kombi-lamellenschleifraeder-mit-schaft\/","url":"https:\/\/discotelsisal.com\/de\/product\/vlies-lamellenschleifraeder-und-kombi-lamellenschleifraeder-mit-schaft\/","name":"VLIES-LAMELLENSCHLEIFR\u00c4DER UND KOMBI-LAMELLENSCHLEIFR\u00c4DER MIT SCHAFT - Discotelsisal","isPartOf":{"@id":"https:\/\/discotelsisal.com\/de\/#website"},"primaryImageOfPage":{"@id":"https:\/\/discotelsisal.com\/de\/product\/vlies-lamellenschleifraeder-und-kombi-lamellenschleifraeder-mit-schaft\/#primaryimage"},"image":{"@id":"https:\/\/discotelsisal.com\/de\/product\/vlies-lamellenschleifraeder-und-kombi-lamellenschleifraeder-mit-schaft\/#primaryimage"},"thumbnailUrl":"https:\/\/discotelsisal.com\/wp-content\/uploads\/2021\/07\/flap-wheel-on-shaft.jpg","datePublished":"2023-03-15T09:45:27+00:00","dateModified":"2023-11-07T10:30:12+00:00","breadcrumb":{"@id":"https:\/\/discotelsisal.com\/de\/product\/vlies-lamellenschleifraeder-und-kombi-lamellenschleifraeder-mit-schaft\/#breadcrumb"},"inLanguage":"de","potentialAction":[{"@type":"ReadAction","target":["https:\/\/discotelsisal.com\/de\/product\/vlies-lamellenschleifraeder-und-kombi-lamellenschleifraeder-mit-schaft\/"]}]},{"@type":"ImageObject","inLanguage":"de","@id":"https:\/\/discotelsisal.com\/de\/product\/vlies-lamellenschleifraeder-und-kombi-lamellenschleifraeder-mit-schaft\/#primaryimage","url":"https:\/\/discotelsisal.com\/wp-content\/uploads\/2021\/07\/flap-wheel-on-shaft.jpg","contentUrl":"https:\/\/discotelsisal.com\/wp-content\/uploads\/2021\/07\/flap-wheel-on-shaft.jpg","width":1000,"height":1000},{"@type":"BreadcrumbList","@id":"https:\/\/discotelsisal.com\/de\/product\/vlies-lamellenschleifraeder-und-kombi-lamellenschleifraeder-mit-schaft\/#breadcrumb","itemListElement":[{"@type":"ListItem","position":1,"name":"Home","item":"https:\/\/discotelsisal.com\/de\/"},{"@type":"ListItem","position":2,"name":"Shop","item":"https:\/\/discotelsisal.com\/?page_id=2671"},{"@type":"ListItem","position":3,"name":"VLIES-LAMELLENSCHLEIFR\u00c4DER UND KOMBI-LAMELLENSCHLEIFR\u00c4DER MIT SCHAFT"}]},{"@type":"WebSite","@id":"https:\/\/discotelsisal.com\/de\/#website","url":"https:\/\/discotelsisal.com\/de\/","name":"Discotelsisal","description":"Sanding Solutions","publisher":{"@id":"https:\/\/discotelsisal.com\/de\/#organization"},"potentialAction":[{"@type":"SearchAction","target":{"@type":"EntryPoint","urlTemplate":"https:\/\/discotelsisal.com\/de\/?s={search_term_string}"},"query-input":{"@type":"PropertyValueSpecification","valueRequired":true,"valueName":"search_term_string"}}],"inLanguage":"de"},{"@type":"Organization","@id":"https:\/\/discotelsisal.com\/de\/#organization","name":"Discotelsisal","url":"https:\/\/discotelsisal.com\/de\/","logo":{"@type":"ImageObject","inLanguage":"de","@id":"https:\/\/discotelsisal.com\/de\/#\/schema\/logo\/image\/","url":"https:\/\/discotelsisal.com\/wp-content\/uploads\/2021\/06\/logo-new-resize.png","contentUrl":"https:\/\/discotelsisal.com\/wp-content\/uploads\/2021\/06\/logo-new-resize.png","width":644,"height":200,"caption":"Discotelsisal"},"image":{"@id":"https:\/\/discotelsisal.com\/de\/#\/schema\/logo\/image\/"}}]}},"_links":{"self":[{"href":"https:\/\/discotelsisal.com\/de\/wp-json\/wp\/v2\/product\/10988","targetHints":{"allow":["GET"]}}],"collection":[{"href":"https:\/\/discotelsisal.com\/de\/wp-json\/wp\/v2\/product"}],"about":[{"href":"https:\/\/discotelsisal.com\/de\/wp-json\/wp\/v2\/types\/product"}],"wp:featuredmedia":[{"embeddable":true,"href":"https:\/\/discotelsisal.com\/de\/wp-json\/wp\/v2\/media\/10390"}],"wp:attachment":[{"href":"https:\/\/discotelsisal.com\/de\/wp-json\/wp\/v2\/media?parent=10988"}],"wp:term":[{"taxonomy":"product_brand","embeddable":true,"href":"https:\/\/discotelsisal.com\/de\/wp-json\/wp\/v2\/product_brand?post=10988"},{"taxonomy":"product_cat","embeddable":true,"href":"https:\/\/discotelsisal.com\/de\/wp-json\/wp\/v2\/product_cat?post=10988"},{"taxonomy":"product_tag","embeddable":true,"href":"https:\/\/discotelsisal.com\/de\/wp-json\/wp\/v2\/product_tag?post=10988"}],"curies":[{"name":"wp","href":"https:\/\/api.w.org\/{rel}","templated":true}]}}