{"id":10978,"date":"2023-03-15T09:03:31","date_gmt":"2023-03-15T09:03:31","guid":{"rendered":"https:\/\/discotelsisal.com\/product\/mini-kombi-lamellenschleifraeder-mit-schleifgewebe\/"},"modified":"2023-11-02T13:31:24","modified_gmt":"2023-11-02T13:31:24","slug":"mini-kombi-lamellenschleifraeder-mit-schleifgewebe","status":"publish","type":"product","link":"https:\/\/discotelsisal.com\/de\/product\/mini-kombi-lamellenschleifraeder-mit-schleifgewebe\/","title":{"rendered":"MINI KOMBI-LAMELLENSCHLEIFR\u00c4DER MIT SCHLEIFGEWEBE"},"content":{"rendered":"<div class=\"wpb-content-wrapper\"><p>[vc_row disable_background_image=&#8220;&#8220;][vc_column]<div class=\"mkdf-accordion-holder mkdf-ac-default  mkdf-toggle mkdf-ac-boxed  clearfix\">\n\t<h5 class=\"mkdf-accordion-title\">\n    <span class=\"mkdf-accordion-mark\">\n\t\t<span class=\"mkdf_icon_plus icon_plus\"><\/span>\n\t\t<span class=\"mkdf_icon_minus icon_minus-06\"><\/span>\n\t<\/span>\n\t<span class=\"mkdf-tab-title\">Datenblatt<\/span>\n<\/h5>\n<div class=\"mkdf-accordion-content\">\n\t<div class=\"mkdf-accordion-content-inner\">\n\t\t<div class=\"mkdf-elements-holder   mkdf-one-column  mkdf-responsive-mode-768 \" ><div class=\"mkdf-eh-item    \"  data-item-class=\"mkdf-eh-custom-3527\">\n\t<div class=\"mkdf-eh-item-inner\">\n\t\t<div class=\"mkdf-eh-item-content mkdf-eh-custom-3527\" style=\"padding: 0px 0px 10px 0px\">\n\t\t\t<a itemprop=\"url\" href=\"https:\/\/discotelsisal.com\/wp-content\/uploads\/2021\/07\/MINI-RUOTE-MISTE-TELA.jpg\" target=\"_blank\" style=\"color: #056133;border-color: #056133\" class=\"mkdf-btn mkdf-btn-medium mkdf-btn-outline\"  >\n            <span class=\"mkdf-btn-text\">Data Sheet MINI EMERY CLOTH COMBI WHEELS<\/span>\n        <i class=\"mkdf-icon-dripicons dripicon  \" ><\/i>    <\/a>\t\t<\/div>\n\t<\/div>\n<\/div><\/div>\t<\/div>\n<\/div><h5 class=\"mkdf-accordion-title\">\n    <span class=\"mkdf-accordion-mark\">\n\t\t<span class=\"mkdf_icon_plus icon_plus\"><\/span>\n\t\t<span class=\"mkdf_icon_minus icon_minus-06\"><\/span>\n\t<\/span>\n\t<span class=\"mkdf-tab-title\">Sicherheitsdatenblatt<\/span>\n<\/h5>\n<div class=\"mkdf-accordion-content\">\n\t<div class=\"mkdf-accordion-content-inner\">\n\t\t<div class=\"mkdf-elements-holder   mkdf-one-column  mkdf-responsive-mode-768 \" ><div class=\"mkdf-eh-item    \"  data-item-class=\"mkdf-eh-custom-9848\">\n\t<div class=\"mkdf-eh-item-inner\">\n\t\t<div class=\"mkdf-eh-item-content mkdf-eh-custom-9848\" style=\"padding: 0px 0px 10px 0px\">\n\t\t\t<a itemprop=\"url\" href=\"https:\/\/discotelsisal.com\/wp-content\/uploads\/2023\/11\/DISCOTELSISAL-MSDS-MINI-MW-TA-TNT-ENG.pdf\" target=\"_blank\" style=\"color: #056133;border-color: #056133\" class=\"mkdf-btn mkdf-btn-medium mkdf-btn-outline\"  >\n            <span class=\"mkdf-btn-text\">Safety Data Sheet MSDS - MINI MW TA-NWF<\/span>\n        <i class=\"mkdf-icon-dripicons dripicon  \" ><\/i>    <\/a>\t\t<\/div>\n\t<\/div>\n<\/div><\/div><div class=\"mkdf-elements-holder   mkdf-one-column  mkdf-responsive-mode-768 \" ><div class=\"mkdf-eh-item    \"  data-item-class=\"mkdf-eh-custom-7183\">\n\t<div class=\"mkdf-eh-item-inner\">\n\t\t<div class=\"mkdf-eh-item-content mkdf-eh-custom-7183\" style=\"padding: 0px 0px 10px 0px\">\n\t\t\t<a itemprop=\"url\" href=\"https:\/\/discotelsisal.com\/wp-content\/uploads\/2023\/11\/DISCOTELSISAL-MSDS-MINI-MW-CLA-TPJ-NWF-11-ENG.pdf\" target=\"_blank\" style=\"color: #056133;border-color: #056133\" class=\"mkdf-btn mkdf-btn-medium mkdf-btn-outline\"  >\n            <span class=\"mkdf-btn-text\">Safety Data Sheet MSDS - MINI MW-CLA TPJ NWF 1+1<\/span>\n        <i class=\"mkdf-icon-dripicons dripicon  \" ><\/i>    <\/a>\t\t<\/div>\n\t<\/div>\n<\/div><\/div>\t<\/div>\n<\/div><\/div>[\/vc_column][\/vc_row]<\/p>\n<\/div>","protected":false},"excerpt":{"rendered":"<p>Vlies-Kombi-Lamellenschleifr\u00e4der mit Gewebe ideal f\u00fcr manuelle Schmirgel-, Satinier- und Reinigung-Arbeiten an verschiedenen Metallen.<\/p>\n","protected":false},"featured_media":10168,"template":"","meta":[],"product_brand":[],"product_cat":[312],"product_tag":[305,313],"class_list":{"0":"post-10978","1":"product","2":"type-product","3":"status-publish","4":"has-post-thumbnail","6":"product_cat-mini-vlies-lamellenschleifrader","7":"product_tag-discotelsisal-de","8":"product_tag-mini-vlies-lamellenschleifrader","10":"first","11":"instock","12":"shipping-taxable","13":"product-type-simple"},"yoast_head":"<!-- This site is optimized with the Yoast SEO plugin v27.3 - https:\/\/yoast.com\/product\/yoast-seo-wordpress\/ -->\n<title>MINI KOMBI-LAMELLENSCHLEIFR\u00c4DER MIT SCHLEIFGEWEBE - Discotelsisal<\/title>\n<meta name=\"robots\" content=\"index, follow, max-snippet:-1, max-image-preview:large, max-video-preview:-1\" \/>\n<link rel=\"canonical\" href=\"https:\/\/discotelsisal.com\/de\/product\/mini-kombi-lamellenschleifraeder-mit-schleifgewebe\/\" \/>\n<meta property=\"og:locale\" content=\"de_DE\" \/>\n<meta property=\"og:type\" content=\"article\" \/>\n<meta property=\"og:title\" content=\"MINI KOMBI-LAMELLENSCHLEIFR\u00c4DER MIT SCHLEIFGEWEBE - Discotelsisal\" \/>\n<meta property=\"og:description\" content=\"Vlies-Kombi-Lamellenschleifr\u00e4der mit Gewebe ideal f\u00fcr manuelle Schmirgel-, Satinier- und Reinigung-Arbeiten an verschiedenen Metallen.\" \/>\n<meta property=\"og:url\" content=\"https:\/\/discotelsisal.com\/de\/product\/mini-kombi-lamellenschleifraeder-mit-schleifgewebe\/\" \/>\n<meta property=\"og:site_name\" content=\"Discotelsisal\" \/>\n<meta property=\"article:modified_time\" content=\"2023-11-02T13:31:24+00:00\" \/>\n<meta property=\"og:image\" content=\"https:\/\/discotelsisal.com\/wp-content\/uploads\/2021\/06\/06a-MINI-RUOTE-MISTO-TELA-11.jpg\" \/>\n\t<meta property=\"og:image:width\" content=\"1000\" \/>\n\t<meta property=\"og:image:height\" content=\"1000\" \/>\n\t<meta property=\"og:image:type\" content=\"image\/jpeg\" \/>\n<meta name=\"twitter:card\" content=\"summary_large_image\" \/>\n<meta name=\"twitter:label1\" content=\"Gesch\u00e4tzte Lesezeit\" \/>\n\t<meta name=\"twitter:data1\" content=\"1\u00a0Minute\" \/>\n<script type=\"application\/ld+json\" class=\"yoast-schema-graph\">{\"@context\":\"https:\\\/\\\/schema.org\",\"@graph\":[{\"@type\":\"WebPage\",\"@id\":\"https:\\\/\\\/discotelsisal.com\\\/de\\\/product\\\/mini-kombi-lamellenschleifraeder-mit-schleifgewebe\\\/\",\"url\":\"https:\\\/\\\/discotelsisal.com\\\/de\\\/product\\\/mini-kombi-lamellenschleifraeder-mit-schleifgewebe\\\/\",\"name\":\"MINI KOMBI-LAMELLENSCHLEIFR\u00c4DER MIT SCHLEIFGEWEBE - Discotelsisal\",\"isPartOf\":{\"@id\":\"https:\\\/\\\/discotelsisal.com\\\/de\\\/#website\"},\"primaryImageOfPage\":{\"@id\":\"https:\\\/\\\/discotelsisal.com\\\/de\\\/product\\\/mini-kombi-lamellenschleifraeder-mit-schleifgewebe\\\/#primaryimage\"},\"image\":{\"@id\":\"https:\\\/\\\/discotelsisal.com\\\/de\\\/product\\\/mini-kombi-lamellenschleifraeder-mit-schleifgewebe\\\/#primaryimage\"},\"thumbnailUrl\":\"https:\\\/\\\/discotelsisal.com\\\/wp-content\\\/uploads\\\/2021\\\/06\\\/06a-MINI-RUOTE-MISTO-TELA-11.jpg\",\"datePublished\":\"2023-03-15T09:03:31+00:00\",\"dateModified\":\"2023-11-02T13:31:24+00:00\",\"breadcrumb\":{\"@id\":\"https:\\\/\\\/discotelsisal.com\\\/de\\\/product\\\/mini-kombi-lamellenschleifraeder-mit-schleifgewebe\\\/#breadcrumb\"},\"inLanguage\":\"de\",\"potentialAction\":[{\"@type\":\"ReadAction\",\"target\":[\"https:\\\/\\\/discotelsisal.com\\\/de\\\/product\\\/mini-kombi-lamellenschleifraeder-mit-schleifgewebe\\\/\"]}]},{\"@type\":\"ImageObject\",\"inLanguage\":\"de\",\"@id\":\"https:\\\/\\\/discotelsisal.com\\\/de\\\/product\\\/mini-kombi-lamellenschleifraeder-mit-schleifgewebe\\\/#primaryimage\",\"url\":\"https:\\\/\\\/discotelsisal.com\\\/wp-content\\\/uploads\\\/2021\\\/06\\\/06a-MINI-RUOTE-MISTO-TELA-11.jpg\",\"contentUrl\":\"https:\\\/\\\/discotelsisal.com\\\/wp-content\\\/uploads\\\/2021\\\/06\\\/06a-MINI-RUOTE-MISTO-TELA-11.jpg\",\"width\":1000,\"height\":1000},{\"@type\":\"BreadcrumbList\",\"@id\":\"https:\\\/\\\/discotelsisal.com\\\/de\\\/product\\\/mini-kombi-lamellenschleifraeder-mit-schleifgewebe\\\/#breadcrumb\",\"itemListElement\":[{\"@type\":\"ListItem\",\"position\":1,\"name\":\"Home\",\"item\":\"https:\\\/\\\/discotelsisal.com\\\/de\\\/\"},{\"@type\":\"ListItem\",\"position\":2,\"name\":\"Shop\",\"item\":\"https:\\\/\\\/discotelsisal.com\\\/?page_id=2671\"},{\"@type\":\"ListItem\",\"position\":3,\"name\":\"MINI KOMBI-LAMELLENSCHLEIFR\u00c4DER MIT SCHLEIFGEWEBE\"}]},{\"@type\":\"WebSite\",\"@id\":\"https:\\\/\\\/discotelsisal.com\\\/de\\\/#website\",\"url\":\"https:\\\/\\\/discotelsisal.com\\\/de\\\/\",\"name\":\"Discotelsisal\",\"description\":\"Sanding Solutions\",\"publisher\":{\"@id\":\"https:\\\/\\\/discotelsisal.com\\\/de\\\/#organization\"},\"potentialAction\":[{\"@type\":\"SearchAction\",\"target\":{\"@type\":\"EntryPoint\",\"urlTemplate\":\"https:\\\/\\\/discotelsisal.com\\\/de\\\/?s={search_term_string}\"},\"query-input\":{\"@type\":\"PropertyValueSpecification\",\"valueRequired\":true,\"valueName\":\"search_term_string\"}}],\"inLanguage\":\"de\"},{\"@type\":\"Organization\",\"@id\":\"https:\\\/\\\/discotelsisal.com\\\/de\\\/#organization\",\"name\":\"Discotelsisal\",\"url\":\"https:\\\/\\\/discotelsisal.com\\\/de\\\/\",\"logo\":{\"@type\":\"ImageObject\",\"inLanguage\":\"de\",\"@id\":\"https:\\\/\\\/discotelsisal.com\\\/de\\\/#\\\/schema\\\/logo\\\/image\\\/\",\"url\":\"https:\\\/\\\/discotelsisal.com\\\/wp-content\\\/uploads\\\/2021\\\/06\\\/logo-new-resize.png\",\"contentUrl\":\"https:\\\/\\\/discotelsisal.com\\\/wp-content\\\/uploads\\\/2021\\\/06\\\/logo-new-resize.png\",\"width\":644,\"height\":200,\"caption\":\"Discotelsisal\"},\"image\":{\"@id\":\"https:\\\/\\\/discotelsisal.com\\\/de\\\/#\\\/schema\\\/logo\\\/image\\\/\"}}]}<\/script>\n<!-- \/ Yoast SEO plugin. -->","yoast_head_json":{"title":"MINI KOMBI-LAMELLENSCHLEIFR\u00c4DER MIT SCHLEIFGEWEBE - Discotelsisal","robots":{"index":"index","follow":"follow","max-snippet":"max-snippet:-1","max-image-preview":"max-image-preview:large","max-video-preview":"max-video-preview:-1"},"canonical":"https:\/\/discotelsisal.com\/de\/product\/mini-kombi-lamellenschleifraeder-mit-schleifgewebe\/","og_locale":"de_DE","og_type":"article","og_title":"MINI KOMBI-LAMELLENSCHLEIFR\u00c4DER MIT SCHLEIFGEWEBE - Discotelsisal","og_description":"Vlies-Kombi-Lamellenschleifr\u00e4der mit Gewebe ideal f\u00fcr manuelle Schmirgel-, Satinier- und Reinigung-Arbeiten an verschiedenen Metallen.","og_url":"https:\/\/discotelsisal.com\/de\/product\/mini-kombi-lamellenschleifraeder-mit-schleifgewebe\/","og_site_name":"Discotelsisal","article_modified_time":"2023-11-02T13:31:24+00:00","og_image":[{"width":1000,"height":1000,"url":"https:\/\/discotelsisal.com\/wp-content\/uploads\/2021\/06\/06a-MINI-RUOTE-MISTO-TELA-11.jpg","type":"image\/jpeg"}],"twitter_card":"summary_large_image","twitter_misc":{"Gesch\u00e4tzte Lesezeit":"1\u00a0Minute"},"schema":{"@context":"https:\/\/schema.org","@graph":[{"@type":"WebPage","@id":"https:\/\/discotelsisal.com\/de\/product\/mini-kombi-lamellenschleifraeder-mit-schleifgewebe\/","url":"https:\/\/discotelsisal.com\/de\/product\/mini-kombi-lamellenschleifraeder-mit-schleifgewebe\/","name":"MINI KOMBI-LAMELLENSCHLEIFR\u00c4DER MIT SCHLEIFGEWEBE - Discotelsisal","isPartOf":{"@id":"https:\/\/discotelsisal.com\/de\/#website"},"primaryImageOfPage":{"@id":"https:\/\/discotelsisal.com\/de\/product\/mini-kombi-lamellenschleifraeder-mit-schleifgewebe\/#primaryimage"},"image":{"@id":"https:\/\/discotelsisal.com\/de\/product\/mini-kombi-lamellenschleifraeder-mit-schleifgewebe\/#primaryimage"},"thumbnailUrl":"https:\/\/discotelsisal.com\/wp-content\/uploads\/2021\/06\/06a-MINI-RUOTE-MISTO-TELA-11.jpg","datePublished":"2023-03-15T09:03:31+00:00","dateModified":"2023-11-02T13:31:24+00:00","breadcrumb":{"@id":"https:\/\/discotelsisal.com\/de\/product\/mini-kombi-lamellenschleifraeder-mit-schleifgewebe\/#breadcrumb"},"inLanguage":"de","potentialAction":[{"@type":"ReadAction","target":["https:\/\/discotelsisal.com\/de\/product\/mini-kombi-lamellenschleifraeder-mit-schleifgewebe\/"]}]},{"@type":"ImageObject","inLanguage":"de","@id":"https:\/\/discotelsisal.com\/de\/product\/mini-kombi-lamellenschleifraeder-mit-schleifgewebe\/#primaryimage","url":"https:\/\/discotelsisal.com\/wp-content\/uploads\/2021\/06\/06a-MINI-RUOTE-MISTO-TELA-11.jpg","contentUrl":"https:\/\/discotelsisal.com\/wp-content\/uploads\/2021\/06\/06a-MINI-RUOTE-MISTO-TELA-11.jpg","width":1000,"height":1000},{"@type":"BreadcrumbList","@id":"https:\/\/discotelsisal.com\/de\/product\/mini-kombi-lamellenschleifraeder-mit-schleifgewebe\/#breadcrumb","itemListElement":[{"@type":"ListItem","position":1,"name":"Home","item":"https:\/\/discotelsisal.com\/de\/"},{"@type":"ListItem","position":2,"name":"Shop","item":"https:\/\/discotelsisal.com\/?page_id=2671"},{"@type":"ListItem","position":3,"name":"MINI KOMBI-LAMELLENSCHLEIFR\u00c4DER MIT SCHLEIFGEWEBE"}]},{"@type":"WebSite","@id":"https:\/\/discotelsisal.com\/de\/#website","url":"https:\/\/discotelsisal.com\/de\/","name":"Discotelsisal","description":"Sanding Solutions","publisher":{"@id":"https:\/\/discotelsisal.com\/de\/#organization"},"potentialAction":[{"@type":"SearchAction","target":{"@type":"EntryPoint","urlTemplate":"https:\/\/discotelsisal.com\/de\/?s={search_term_string}"},"query-input":{"@type":"PropertyValueSpecification","valueRequired":true,"valueName":"search_term_string"}}],"inLanguage":"de"},{"@type":"Organization","@id":"https:\/\/discotelsisal.com\/de\/#organization","name":"Discotelsisal","url":"https:\/\/discotelsisal.com\/de\/","logo":{"@type":"ImageObject","inLanguage":"de","@id":"https:\/\/discotelsisal.com\/de\/#\/schema\/logo\/image\/","url":"https:\/\/discotelsisal.com\/wp-content\/uploads\/2021\/06\/logo-new-resize.png","contentUrl":"https:\/\/discotelsisal.com\/wp-content\/uploads\/2021\/06\/logo-new-resize.png","width":644,"height":200,"caption":"Discotelsisal"},"image":{"@id":"https:\/\/discotelsisal.com\/de\/#\/schema\/logo\/image\/"}}]}},"_links":{"self":[{"href":"https:\/\/discotelsisal.com\/de\/wp-json\/wp\/v2\/product\/10978","targetHints":{"allow":["GET"]}}],"collection":[{"href":"https:\/\/discotelsisal.com\/de\/wp-json\/wp\/v2\/product"}],"about":[{"href":"https:\/\/discotelsisal.com\/de\/wp-json\/wp\/v2\/types\/product"}],"wp:featuredmedia":[{"embeddable":true,"href":"https:\/\/discotelsisal.com\/de\/wp-json\/wp\/v2\/media\/10168"}],"wp:attachment":[{"href":"https:\/\/discotelsisal.com\/de\/wp-json\/wp\/v2\/media?parent=10978"}],"wp:term":[{"taxonomy":"product_brand","embeddable":true,"href":"https:\/\/discotelsisal.com\/de\/wp-json\/wp\/v2\/product_brand?post=10978"},{"taxonomy":"product_cat","embeddable":true,"href":"https:\/\/discotelsisal.com\/de\/wp-json\/wp\/v2\/product_cat?post=10978"},{"taxonomy":"product_tag","embeddable":true,"href":"https:\/\/discotelsisal.com\/de\/wp-json\/wp\/v2\/product_tag?post=10978"}],"curies":[{"name":"wp","href":"https:\/\/api.w.org\/{rel}","templated":true}]}}