{"id":10971,"date":"2023-03-15T08:42:48","date_gmt":"2023-03-15T08:42:48","guid":{"rendered":"https:\/\/discotelsisal.com\/product\/kombi-lamellenschleifraeder-mit-papier-vlies\/"},"modified":"2023-10-04T14:59:55","modified_gmt":"2023-10-04T14:59:55","slug":"kombi-lamellenschleifraeder-mit-papier-vlies","status":"publish","type":"product","link":"https:\/\/discotelsisal.com\/de\/product\/kombi-lamellenschleifraeder-mit-papier-vlies\/","title":{"rendered":"KOMBI-LAMELLENSCHLEIFR\u00c4DER MIT PAPIER + VLIES"},"content":{"rendered":"<div class=\"wpb-content-wrapper\"><p>[vc_row disable_background_image=&#8220;&#8220;][vc_column]<div class=\"mkdf-accordion-holder mkdf-ac-default  mkdf-toggle mkdf-ac-boxed  clearfix\">\n\t<h5 class=\"mkdf-accordion-title\">\n    <span class=\"mkdf-accordion-mark\">\n\t\t<span class=\"mkdf_icon_plus icon_plus\"><\/span>\n\t\t<span class=\"mkdf_icon_minus icon_minus-06\"><\/span>\n\t<\/span>\n\t<span class=\"mkdf-tab-title\">Datenblatt<\/span>\n<\/h5>\n<div class=\"mkdf-accordion-content\">\n\t<div class=\"mkdf-accordion-content-inner\">\n\t\t<div class=\"mkdf-elements-holder   mkdf-one-column  mkdf-responsive-mode-768 \" ><div class=\"mkdf-eh-item    \"  data-item-class=\"mkdf-eh-custom-10000\">\n\t<div class=\"mkdf-eh-item-inner\">\n\t\t<div class=\"mkdf-eh-item-content mkdf-eh-custom-10000\" style=\"padding: 0px 0px 10px 0px\">\n\t\t\t<a itemprop=\"url\" href=\"https:\/\/discotelsisal.com\/wp-content\/uploads\/2021\/07\/RUOTE-MISTO-CARTA-TNT.jpg\" target=\"_blank\" style=\"color: #056133;border-color: #056133\" class=\"mkdf-btn mkdf-btn-medium mkdf-btn-outline\"  >\n            <span class=\"mkdf-btn-text\">Data Sheet ABRASIVE PAPER INTERLEAF FLAP WHEELS+NWF<\/span>\n        <i class=\"mkdf-icon-dripicons dripicon  \" ><\/i>    <\/a>\t\t<\/div>\n\t<\/div>\n<\/div><\/div>\t<\/div>\n<\/div><h5 class=\"mkdf-accordion-title\">\n    <span class=\"mkdf-accordion-mark\">\n\t\t<span class=\"mkdf_icon_plus icon_plus\"><\/span>\n\t\t<span class=\"mkdf_icon_minus icon_minus-06\"><\/span>\n\t<\/span>\n\t<span class=\"mkdf-tab-title\">Sicherheitsdatenblatt<\/span>\n<\/h5>\n<div class=\"mkdf-accordion-content\">\n\t<div class=\"mkdf-accordion-content-inner\">\n\t\t<div class=\"mkdf-elements-holder   mkdf-one-column  mkdf-responsive-mode-768 \" ><div class=\"mkdf-eh-item    \"  data-item-class=\"mkdf-eh-custom-3240\">\n\t<div class=\"mkdf-eh-item-inner\">\n\t\t<div class=\"mkdf-eh-item-content mkdf-eh-custom-3240\" >\n\t\t\t<a itemprop=\"url\" href=\"https:\/\/discotelsisal.com\/wp-content\/uploads\/2023\/10\/DISCOTELSISAL-MSDS-MW-CA-TNT-ENG.pdf\" target=\"_blank\" style=\"color: #056133;border-color: #056133\" class=\"mkdf-btn mkdf-btn-medium mkdf-btn-outline\"  >\n            <span class=\"mkdf-btn-text\">Safety Data Sheet MSDS - MW-C3-CI -NWF<\/span>\n        <i class=\"mkdf-icon-dripicons dripicon  \" ><\/i>    <\/a>\t\t<\/div>\n\t<\/div>\n<\/div><\/div>\t<\/div>\n<\/div><\/div>[\/vc_column][\/vc_row]<\/p>\n<\/div>","protected":false},"excerpt":{"rendered":"<p>Die Kombi-Lamellenschleifr\u00e4der mit Papier + Vlies werden sowohl beim Schleifen von Rohholz, wo die Faser geschnitten werden muss, als auch beim Schleifen von wasser- oder l\u00f6semittelbasierten Spachtelmassen und beim Schleifen von Lacken, eingesetzt. Danke der besonderen Flexibilit\u00e4t des Papiers lassen sich diese R\u00e4der leicht formen und an jede Art von Profil anpassen, auch an sehr komplexe Profile.<\/p>\n","protected":false},"featured_media":10150,"template":"","meta":[],"product_brand":[],"product_cat":[311],"product_tag":[305,304],"class_list":{"0":"post-10971","1":"product","2":"type-product","3":"status-publish","4":"has-post-thumbnail","6":"product_cat-kombi-lamellenschleifrader","7":"product_tag-discotelsisal-de","8":"product_tag-lamellenschleifrader","10":"first","11":"instock","12":"shipping-taxable","13":"product-type-simple"},"yoast_head":"<!-- This site is optimized with the Yoast SEO plugin v27.4 - https:\/\/yoast.com\/product\/yoast-seo-wordpress\/ -->\n<title>KOMBI-LAMELLENSCHLEIFR\u00c4DER MIT PAPIER + VLIES - Discotelsisal<\/title>\n<meta name=\"robots\" content=\"index, follow, max-snippet:-1, max-image-preview:large, max-video-preview:-1\" \/>\n<link rel=\"canonical\" href=\"https:\/\/discotelsisal.com\/de\/product\/kombi-lamellenschleifraeder-mit-papier-vlies\/\" \/>\n<meta property=\"og:locale\" content=\"de_DE\" \/>\n<meta property=\"og:type\" content=\"article\" \/>\n<meta property=\"og:title\" content=\"KOMBI-LAMELLENSCHLEIFR\u00c4DER MIT PAPIER + VLIES - Discotelsisal\" \/>\n<meta property=\"og:description\" content=\"Die Kombi-Lamellenschleifr\u00e4der mit Papier + Vlies werden sowohl beim Schleifen von Rohholz, wo die Faser geschnitten werden muss, als auch beim Schleifen von wasser- oder l\u00f6semittelbasierten Spachtelmassen und beim Schleifen von Lacken, eingesetzt. Danke der besonderen Flexibilit\u00e4t des Papiers lassen sich diese R\u00e4der leicht formen und an jede Art von Profil anpassen, auch an sehr komplexe Profile.\" \/>\n<meta property=\"og:url\" content=\"https:\/\/discotelsisal.com\/de\/product\/kombi-lamellenschleifraeder-mit-papier-vlies\/\" \/>\n<meta property=\"og:site_name\" content=\"Discotelsisal\" \/>\n<meta property=\"article:modified_time\" content=\"2023-10-04T14:59:55+00:00\" \/>\n<meta property=\"og:image\" content=\"https:\/\/discotelsisal.com\/wp-content\/uploads\/2021\/06\/01-RUOTE-MISTO-CARTATNT.jpg\" \/>\n\t<meta property=\"og:image:width\" content=\"1000\" \/>\n\t<meta property=\"og:image:height\" content=\"1000\" \/>\n\t<meta property=\"og:image:type\" content=\"image\/jpeg\" \/>\n<meta name=\"twitter:card\" content=\"summary_large_image\" \/>\n<meta name=\"twitter:label1\" content=\"Gesch\u00e4tzte Lesezeit\" \/>\n\t<meta name=\"twitter:data1\" content=\"1\u00a0Minute\" \/>\n<script type=\"application\/ld+json\" class=\"yoast-schema-graph\">{\"@context\":\"https:\\\/\\\/schema.org\",\"@graph\":[{\"@type\":\"WebPage\",\"@id\":\"https:\\\/\\\/discotelsisal.com\\\/de\\\/product\\\/kombi-lamellenschleifraeder-mit-papier-vlies\\\/\",\"url\":\"https:\\\/\\\/discotelsisal.com\\\/de\\\/product\\\/kombi-lamellenschleifraeder-mit-papier-vlies\\\/\",\"name\":\"KOMBI-LAMELLENSCHLEIFR\u00c4DER MIT PAPIER + VLIES - Discotelsisal\",\"isPartOf\":{\"@id\":\"https:\\\/\\\/discotelsisal.com\\\/de\\\/#website\"},\"primaryImageOfPage\":{\"@id\":\"https:\\\/\\\/discotelsisal.com\\\/de\\\/product\\\/kombi-lamellenschleifraeder-mit-papier-vlies\\\/#primaryimage\"},\"image\":{\"@id\":\"https:\\\/\\\/discotelsisal.com\\\/de\\\/product\\\/kombi-lamellenschleifraeder-mit-papier-vlies\\\/#primaryimage\"},\"thumbnailUrl\":\"https:\\\/\\\/discotelsisal.com\\\/wp-content\\\/uploads\\\/2021\\\/06\\\/01-RUOTE-MISTO-CARTATNT.jpg\",\"datePublished\":\"2023-03-15T08:42:48+00:00\",\"dateModified\":\"2023-10-04T14:59:55+00:00\",\"breadcrumb\":{\"@id\":\"https:\\\/\\\/discotelsisal.com\\\/de\\\/product\\\/kombi-lamellenschleifraeder-mit-papier-vlies\\\/#breadcrumb\"},\"inLanguage\":\"de\",\"potentialAction\":[{\"@type\":\"ReadAction\",\"target\":[\"https:\\\/\\\/discotelsisal.com\\\/de\\\/product\\\/kombi-lamellenschleifraeder-mit-papier-vlies\\\/\"]}]},{\"@type\":\"ImageObject\",\"inLanguage\":\"de\",\"@id\":\"https:\\\/\\\/discotelsisal.com\\\/de\\\/product\\\/kombi-lamellenschleifraeder-mit-papier-vlies\\\/#primaryimage\",\"url\":\"https:\\\/\\\/discotelsisal.com\\\/wp-content\\\/uploads\\\/2021\\\/06\\\/01-RUOTE-MISTO-CARTATNT.jpg\",\"contentUrl\":\"https:\\\/\\\/discotelsisal.com\\\/wp-content\\\/uploads\\\/2021\\\/06\\\/01-RUOTE-MISTO-CARTATNT.jpg\",\"width\":1000,\"height\":1000},{\"@type\":\"BreadcrumbList\",\"@id\":\"https:\\\/\\\/discotelsisal.com\\\/de\\\/product\\\/kombi-lamellenschleifraeder-mit-papier-vlies\\\/#breadcrumb\",\"itemListElement\":[{\"@type\":\"ListItem\",\"position\":1,\"name\":\"Home\",\"item\":\"https:\\\/\\\/discotelsisal.com\\\/de\\\/\"},{\"@type\":\"ListItem\",\"position\":2,\"name\":\"Shop\",\"item\":\"https:\\\/\\\/discotelsisal.com\\\/?page_id=2671\"},{\"@type\":\"ListItem\",\"position\":3,\"name\":\"KOMBI-LAMELLENSCHLEIFR\u00c4DER MIT PAPIER + VLIES\"}]},{\"@type\":\"WebSite\",\"@id\":\"https:\\\/\\\/discotelsisal.com\\\/de\\\/#website\",\"url\":\"https:\\\/\\\/discotelsisal.com\\\/de\\\/\",\"name\":\"Discotelsisal\",\"description\":\"Sanding Solutions\",\"publisher\":{\"@id\":\"https:\\\/\\\/discotelsisal.com\\\/de\\\/#organization\"},\"potentialAction\":[{\"@type\":\"SearchAction\",\"target\":{\"@type\":\"EntryPoint\",\"urlTemplate\":\"https:\\\/\\\/discotelsisal.com\\\/de\\\/?s={search_term_string}\"},\"query-input\":{\"@type\":\"PropertyValueSpecification\",\"valueRequired\":true,\"valueName\":\"search_term_string\"}}],\"inLanguage\":\"de\"},{\"@type\":\"Organization\",\"@id\":\"https:\\\/\\\/discotelsisal.com\\\/de\\\/#organization\",\"name\":\"Discotelsisal\",\"url\":\"https:\\\/\\\/discotelsisal.com\\\/de\\\/\",\"logo\":{\"@type\":\"ImageObject\",\"inLanguage\":\"de\",\"@id\":\"https:\\\/\\\/discotelsisal.com\\\/de\\\/#\\\/schema\\\/logo\\\/image\\\/\",\"url\":\"https:\\\/\\\/discotelsisal.com\\\/wp-content\\\/uploads\\\/2021\\\/06\\\/logo-new-resize.png\",\"contentUrl\":\"https:\\\/\\\/discotelsisal.com\\\/wp-content\\\/uploads\\\/2021\\\/06\\\/logo-new-resize.png\",\"width\":644,\"height\":200,\"caption\":\"Discotelsisal\"},\"image\":{\"@id\":\"https:\\\/\\\/discotelsisal.com\\\/de\\\/#\\\/schema\\\/logo\\\/image\\\/\"}}]}<\/script>\n<!-- \/ Yoast SEO plugin. -->","yoast_head_json":{"title":"KOMBI-LAMELLENSCHLEIFR\u00c4DER MIT PAPIER + VLIES - Discotelsisal","robots":{"index":"index","follow":"follow","max-snippet":"max-snippet:-1","max-image-preview":"max-image-preview:large","max-video-preview":"max-video-preview:-1"},"canonical":"https:\/\/discotelsisal.com\/de\/product\/kombi-lamellenschleifraeder-mit-papier-vlies\/","og_locale":"de_DE","og_type":"article","og_title":"KOMBI-LAMELLENSCHLEIFR\u00c4DER MIT PAPIER + VLIES - Discotelsisal","og_description":"Die Kombi-Lamellenschleifr\u00e4der mit Papier + Vlies werden sowohl beim Schleifen von Rohholz, wo die Faser geschnitten werden muss, als auch beim Schleifen von wasser- oder l\u00f6semittelbasierten Spachtelmassen und beim Schleifen von Lacken, eingesetzt. Danke der besonderen Flexibilit\u00e4t des Papiers lassen sich diese R\u00e4der leicht formen und an jede Art von Profil anpassen, auch an sehr komplexe Profile.","og_url":"https:\/\/discotelsisal.com\/de\/product\/kombi-lamellenschleifraeder-mit-papier-vlies\/","og_site_name":"Discotelsisal","article_modified_time":"2023-10-04T14:59:55+00:00","og_image":[{"width":1000,"height":1000,"url":"https:\/\/discotelsisal.com\/wp-content\/uploads\/2021\/06\/01-RUOTE-MISTO-CARTATNT.jpg","type":"image\/jpeg"}],"twitter_card":"summary_large_image","twitter_misc":{"Gesch\u00e4tzte Lesezeit":"1\u00a0Minute"},"schema":{"@context":"https:\/\/schema.org","@graph":[{"@type":"WebPage","@id":"https:\/\/discotelsisal.com\/de\/product\/kombi-lamellenschleifraeder-mit-papier-vlies\/","url":"https:\/\/discotelsisal.com\/de\/product\/kombi-lamellenschleifraeder-mit-papier-vlies\/","name":"KOMBI-LAMELLENSCHLEIFR\u00c4DER MIT PAPIER + VLIES - Discotelsisal","isPartOf":{"@id":"https:\/\/discotelsisal.com\/de\/#website"},"primaryImageOfPage":{"@id":"https:\/\/discotelsisal.com\/de\/product\/kombi-lamellenschleifraeder-mit-papier-vlies\/#primaryimage"},"image":{"@id":"https:\/\/discotelsisal.com\/de\/product\/kombi-lamellenschleifraeder-mit-papier-vlies\/#primaryimage"},"thumbnailUrl":"https:\/\/discotelsisal.com\/wp-content\/uploads\/2021\/06\/01-RUOTE-MISTO-CARTATNT.jpg","datePublished":"2023-03-15T08:42:48+00:00","dateModified":"2023-10-04T14:59:55+00:00","breadcrumb":{"@id":"https:\/\/discotelsisal.com\/de\/product\/kombi-lamellenschleifraeder-mit-papier-vlies\/#breadcrumb"},"inLanguage":"de","potentialAction":[{"@type":"ReadAction","target":["https:\/\/discotelsisal.com\/de\/product\/kombi-lamellenschleifraeder-mit-papier-vlies\/"]}]},{"@type":"ImageObject","inLanguage":"de","@id":"https:\/\/discotelsisal.com\/de\/product\/kombi-lamellenschleifraeder-mit-papier-vlies\/#primaryimage","url":"https:\/\/discotelsisal.com\/wp-content\/uploads\/2021\/06\/01-RUOTE-MISTO-CARTATNT.jpg","contentUrl":"https:\/\/discotelsisal.com\/wp-content\/uploads\/2021\/06\/01-RUOTE-MISTO-CARTATNT.jpg","width":1000,"height":1000},{"@type":"BreadcrumbList","@id":"https:\/\/discotelsisal.com\/de\/product\/kombi-lamellenschleifraeder-mit-papier-vlies\/#breadcrumb","itemListElement":[{"@type":"ListItem","position":1,"name":"Home","item":"https:\/\/discotelsisal.com\/de\/"},{"@type":"ListItem","position":2,"name":"Shop","item":"https:\/\/discotelsisal.com\/?page_id=2671"},{"@type":"ListItem","position":3,"name":"KOMBI-LAMELLENSCHLEIFR\u00c4DER MIT PAPIER + VLIES"}]},{"@type":"WebSite","@id":"https:\/\/discotelsisal.com\/de\/#website","url":"https:\/\/discotelsisal.com\/de\/","name":"Discotelsisal","description":"Sanding Solutions","publisher":{"@id":"https:\/\/discotelsisal.com\/de\/#organization"},"potentialAction":[{"@type":"SearchAction","target":{"@type":"EntryPoint","urlTemplate":"https:\/\/discotelsisal.com\/de\/?s={search_term_string}"},"query-input":{"@type":"PropertyValueSpecification","valueRequired":true,"valueName":"search_term_string"}}],"inLanguage":"de"},{"@type":"Organization","@id":"https:\/\/discotelsisal.com\/de\/#organization","name":"Discotelsisal","url":"https:\/\/discotelsisal.com\/de\/","logo":{"@type":"ImageObject","inLanguage":"de","@id":"https:\/\/discotelsisal.com\/de\/#\/schema\/logo\/image\/","url":"https:\/\/discotelsisal.com\/wp-content\/uploads\/2021\/06\/logo-new-resize.png","contentUrl":"https:\/\/discotelsisal.com\/wp-content\/uploads\/2021\/06\/logo-new-resize.png","width":644,"height":200,"caption":"Discotelsisal"},"image":{"@id":"https:\/\/discotelsisal.com\/de\/#\/schema\/logo\/image\/"}}]}},"_links":{"self":[{"href":"https:\/\/discotelsisal.com\/de\/wp-json\/wp\/v2\/product\/10971","targetHints":{"allow":["GET"]}}],"collection":[{"href":"https:\/\/discotelsisal.com\/de\/wp-json\/wp\/v2\/product"}],"about":[{"href":"https:\/\/discotelsisal.com\/de\/wp-json\/wp\/v2\/types\/product"}],"wp:featuredmedia":[{"embeddable":true,"href":"https:\/\/discotelsisal.com\/de\/wp-json\/wp\/v2\/media\/10150"}],"wp:attachment":[{"href":"https:\/\/discotelsisal.com\/de\/wp-json\/wp\/v2\/media?parent=10971"}],"wp:term":[{"taxonomy":"product_brand","embeddable":true,"href":"https:\/\/discotelsisal.com\/de\/wp-json\/wp\/v2\/product_brand?post=10971"},{"taxonomy":"product_cat","embeddable":true,"href":"https:\/\/discotelsisal.com\/de\/wp-json\/wp\/v2\/product_cat?post=10971"},{"taxonomy":"product_tag","embeddable":true,"href":"https:\/\/discotelsisal.com\/de\/wp-json\/wp\/v2\/product_tag?post=10971"}],"curies":[{"name":"wp","href":"https:\/\/api.w.org\/{rel}","templated":true}]}}