{"id":11113,"date":"2023-03-15T16:15:42","date_gmt":"2023-03-15T16:15:42","guid":{"rendered":"https:\/\/discotelsisal.com\/?page_id=11113"},"modified":"2023-03-15T16:15:42","modified_gmt":"2023-03-15T16:15:42","slug":"keramikbranche","status":"publish","type":"page","link":"https:\/\/discotelsisal.com\/de\/produkte\/keramikbranche\/","title":{"rendered":"KERAMIKBRANCHE"},"content":{"rendered":"<div class=\"wpb-content-wrapper\"><p>[vc_row disable_background_image=&#8220;&#8220; simple_background_color=&#8220;#056133&#8243;][vc_column]<div class=\"mkdf-elements-holder   mkdf-one-column  mkdf-responsive-mode-768 \" ><div class=\"mkdf-eh-item   mkdf-horizontal-alignment-center \"  data-item-class=\"mkdf-eh-custom-6856\">\n\t<div class=\"mkdf-eh-item-inner\">\n\t\t<div class=\"mkdf-eh-item-content mkdf-eh-custom-6856\" style=\"padding: 40px 0px 40px 0px\">\n\t\t\t<div class=\"mkdf-section-title-holder title-split-style   mkdf-has-appear-animation\" >\n\t<div class=\"mkdf-st-inner\">\n\t\t\t\t\t\t<h1 class=\"mkdf-st-title\" style=\"color: #ffffff\">\n\t\t\t\t\t\t\t\t\tKERAMIKBRANCHE\t\t\t\t\t\t\t<\/h1>\n\t\t\t\t\t\t\t<\/div>\n<\/div>\t\t<\/div>\n\t<\/div>\n<\/div><\/div>[\/vc_column][\/vc_row][vc_row row_content_width=&#8220;grid&#8220; disable_background_image=&#8220;&#8220;][vc_column][vc_empty_space]<div class=\"mkdf-elements-holder   mkdf-two-columns  mkdf-responsive-mode-768 \" ><div class=\"mkdf-eh-item  mkdf-vertical-alignment-top  \"  data-item-class=\"mkdf-eh-custom-2497\">\n\t<div class=\"mkdf-eh-item-inner\">\n\t\t<div class=\"mkdf-eh-item-content mkdf-eh-custom-2497\" style=\"padding: 10px 30px 10px 0px\">\n\t\t\t[vc_single_image image=&#8220;10076&#8243; img_size=&#8220;full&#8220;]\t\t<\/div>\n\t<\/div>\n<\/div><\/div>[\/vc_column][\/vc_row][vc_row row_content_width=&#8220;grid&#8220; disable_background_image=&#8220;&#8220;][vc_column][vc_empty_space][vc_column_text]<\/p>\n<p class=\"p1\">Dank seiner 60-j\u00e4hrigen Erfahrung hat DISCOTELSISAL eine Reihe von Produkten entwickelt, die speziell f\u00fcr Keramik- und Porzellanindustrie bestimmt sind.<\/p>\n<p>[\/vc_column_text][vc_empty_space][\/vc_column][\/vc_row][vc_row row_content_width=&#8220;grid&#8220; disable_background_image=&#8220;&#8220; simple_background_color=&#8220;#056133&#8243;][vc_column]<div class=\"mkdf-elements-holder   mkdf-two-columns  mkdf-responsive-mode-768 \" ><div class=\"mkdf-eh-item  mkdf-vertical-alignment-top  \"  data-item-class=\"mkdf-eh-custom-1671\">\n\t<div class=\"mkdf-eh-item-inner\">\n\t\t<div class=\"mkdf-eh-item-content mkdf-eh-custom-1671\" style=\"padding: 10px 30px 10px 0px\">\n\t\t\t[vc_column_text]<\/p>\n<h4 style=\"color: white;\">PRODUKTE<\/h4>\n<ul>\n<li style=\"color: white;\">Vlies-Lamellenschleifr\u00e4der f\u00fcr Kantenanleimmaschinen<\/li>\n<li style=\"color: white;\">Kombi-Lamellenschleifr\u00e4der mit Gewebe f\u00fcr Kantenanleimmaschinen<\/li>\n<li style=\"color: white;\">Gewickelte Schleifr\u00e4der f\u00fcr Kantenanleimmaschinen<\/li>\n<li style=\"color: white;\">Radiale Vlies-Lamellenschleifr\u00e4der f\u00fcr das L\u00e4ppen<\/li>\n<li style=\"color: white;\">Kombi-Lamellenschleifr\u00e4der mit Gewebe f\u00fcr Feinsteinzeug<\/li>\n<li style=\"color: white;\">Vlies-Schleifscheiben f\u00fcr die Reinigung<\/li>\n<li style=\"color: white;\">Vlies-Schleifpads f\u00fcr Arbeiten an Sanit\u00e4ranlagen<\/li>\n<\/ul>\n<p>[\/vc_column_text]\t\t<\/div>\n\t<\/div>\n<\/div><div class=\"mkdf-eh-item  mkdf-vertical-alignment-top  \"  data-item-class=\"mkdf-eh-custom-5019\" data-680=\"0px 0px 0px 0px\">\n\t<div class=\"mkdf-eh-item-inner\">\n\t\t<div class=\"mkdf-eh-item-content mkdf-eh-custom-5019\" style=\"padding: 10px 0px 10px 30px\">\n\t\t\t[vc_column_text]<\/p>\n<h4 style=\"color: white;\">ANWENDUNGEN<\/h4>\n<ul>\n<li style=\"color: white;\">Entfernen von \u00fcbersch\u00fcssiger Glasur an Fliesenkanten<\/li>\n<li style=\"color: white;\">L\u00e4pparbeiten an Fliesenoberfl\u00e4chen<\/li>\n<li style=\"color: white;\">Arbeiten an Sanit\u00e4ranlagen<\/li>\n<li style=\"color: white;\">Arbeiten an Geschirr<\/li>\n<li style=\"color: white;\">Sie k\u00f6nnen auf automatischen Maschinen verwendet werden<\/li>\n<li style=\"color: white;\">Sie k\u00f6nnen sowohl trocken als auch nass verwendet werden<\/li>\n<li style=\"color: white;\">Sie k\u00f6nnen auf gebrannten und ungebrannten Keramiken verwendet werden<\/li>\n<\/ul>\n<p>[\/vc_column_text]\t\t<\/div>\n\t<\/div>\n<\/div><\/div>[vc_empty_space]<a itemprop=\"url\" href=\"https:\/\/discotelsisal.com\/wp-content\/uploads\/2021\/07\/SETORE-CERAMICHE-.jpg\" target=\"_blank\" style=\"color: #ffffff;border-color: #ffffff\" class=\"mkdf-btn mkdf-btn-medium mkdf-btn-predefined\"  >\n            <span class=\"mkdf-btn-predefined-line-holder\">\n            <span class=\"mkdf-btn-line-hidden\"><\/span>\n            <span class=\"mkdf-btn-text\">DATENBLATT\u2028<\/span>\n\t        <span class=\"mkdf-btn-line\"><\/span>\n            <i class=\"mkdf-btn-predefined-icon mkdf-icon-ion-icon ion-ios-play \"><\/i>\n        <\/span>\n    <\/a>[vc_empty_space][\/vc_column][\/vc_row][vc_row row_content_width=&#8220;grid&#8220; disable_background_image=&#8220;&#8220;][vc_column][vc_empty_space][vc_row_inner][vc_column_inner width=&#8220;2\/4&#8243;][vc_single_image image=&#8220;10392&#8243; img_size=&#8220;full&#8220;][\/vc_column_inner][vc_column_inner width=&#8220;1\/4&#8243;][vc_single_image image=&#8220;10393&#8243; img_size=&#8220;full&#8220;][\/vc_column_inner][vc_column_inner width=&#8220;1\/4&#8243;][vc_single_image image=&#8220;10394&#8243; img_size=&#8220;full&#8220;][\/vc_column_inner][\/vc_row_inner][vc_empty_space][\/vc_column][\/vc_row]<\/p>\n<\/div>","protected":false},"excerpt":{"rendered":"<p>[vc_row disable_background_image=&#8220;&#8220; simple_background_color=&#8220;#056133&#8243;][vc_column][\/vc_column][\/vc_row][vc_row row_content_width=&#8220;grid&#8220; disable_background_image=&#8220;&#8220;][vc_column][vc_empty_space][\/vc_column][\/vc_row][vc_row row_content_width=&#8220;grid&#8220; disable_background_image=&#8220;&#8220;][vc_column][vc_empty_space][vc_column_text] Dank seiner 60-j\u00e4hrigen Erfahrung hat DISCOTELSISAL eine Reihe von Produkten entwickelt, die speziell f\u00fcr Keramik- und Porzellanindustrie bestimmt sind. [\/vc_column_text][vc_empty_space][\/vc_column][\/vc_row][vc_row row_content_width=&#8220;grid&#8220; disable_background_image=&#8220;&#8220; simple_background_color=&#8220;#056133&#8243;][vc_column][vc_empty_space][vc_empty_space][\/vc_column][\/vc_row][vc_row row_content_width=&#8220;grid&#8220; disable_background_image=&#8220;&#8220;][vc_column][vc_empty_space][vc_row_inner][vc_column_inner width=&#8220;2\/4&#8243;][vc_single_image image=&#8220;10392&#8243; img_size=&#8220;full&#8220;][\/vc_column_inner][vc_column_inner width=&#8220;1\/4&#8243;][vc_single_image image=&#8220;10393&#8243; img_size=&#8220;full&#8220;][\/vc_column_inner][vc_column_inner width=&#8220;1\/4&#8243;][vc_single_image image=&#8220;10394&#8243; img_size=&#8220;full&#8220;][\/vc_column_inner][\/vc_row_inner][vc_empty_space][\/vc_column][\/vc_row]<\/p>\n","protected":false},"author":5,"featured_media":0,"parent":10955,"menu_order":0,"comment_status":"closed","ping_status":"closed","template":"full-width.php","meta":{"footnotes":""},"class_list":["post-11113","page","type-page","status-publish","hentry"],"yoast_head":"<!-- This site is optimized with the Yoast SEO plugin v27.3 - https:\/\/yoast.com\/product\/yoast-seo-wordpress\/ -->\n<title>KERAMIKBRANCHE - Discotelsisal<\/title>\n<meta name=\"description\" content=\"Dank seiner 60-j\u00e4hrigen Erfahrung hat DISCOTELSISAL eine Reihe von Produkten entwickelt, die speziell f\u00fcr Keramik- und Porzellanindustrie bestimmt sind.\" \/>\n<meta name=\"robots\" content=\"index, follow, max-snippet:-1, max-image-preview:large, max-video-preview:-1\" \/>\n<link rel=\"canonical\" href=\"https:\/\/discotelsisal.com\/de\/produkte\/keramikbranche\/\" \/>\n<meta property=\"og:locale\" content=\"de_DE\" \/>\n<meta property=\"og:type\" content=\"article\" \/>\n<meta property=\"og:title\" content=\"KERAMIKBRANCHE - Discotelsisal\" \/>\n<meta property=\"og:description\" content=\"Dank seiner 60-j\u00e4hrigen Erfahrung hat DISCOTELSISAL eine Reihe von Produkten entwickelt, die speziell f\u00fcr Keramik- und Porzellanindustrie bestimmt sind.\" \/>\n<meta property=\"og:url\" content=\"https:\/\/discotelsisal.com\/de\/produkte\/keramikbranche\/\" \/>\n<meta property=\"og:site_name\" content=\"Discotelsisal\" \/>\n<meta name=\"twitter:card\" content=\"summary_large_image\" \/>\n<meta name=\"twitter:label1\" content=\"Gesch\u00e4tzte Lesezeit\" \/>\n\t<meta name=\"twitter:data1\" content=\"1\u00a0Minute\" \/>\n<script type=\"application\/ld+json\" class=\"yoast-schema-graph\">{\"@context\":\"https:\\\/\\\/schema.org\",\"@graph\":[{\"@type\":\"WebPage\",\"@id\":\"https:\\\/\\\/discotelsisal.com\\\/de\\\/produkte\\\/keramikbranche\\\/\",\"url\":\"https:\\\/\\\/discotelsisal.com\\\/de\\\/produkte\\\/keramikbranche\\\/\",\"name\":\"KERAMIKBRANCHE - Discotelsisal\",\"isPartOf\":{\"@id\":\"https:\\\/\\\/discotelsisal.com\\\/de\\\/#website\"},\"datePublished\":\"2023-03-15T16:15:42+00:00\",\"description\":\"Dank seiner 60-j\u00e4hrigen Erfahrung hat DISCOTELSISAL eine Reihe von Produkten entwickelt, die speziell f\u00fcr Keramik- und Porzellanindustrie bestimmt sind.\",\"breadcrumb\":{\"@id\":\"https:\\\/\\\/discotelsisal.com\\\/de\\\/produkte\\\/keramikbranche\\\/#breadcrumb\"},\"inLanguage\":\"de\",\"potentialAction\":[{\"@type\":\"ReadAction\",\"target\":[\"https:\\\/\\\/discotelsisal.com\\\/de\\\/produkte\\\/keramikbranche\\\/\"]}]},{\"@type\":\"BreadcrumbList\",\"@id\":\"https:\\\/\\\/discotelsisal.com\\\/de\\\/produkte\\\/keramikbranche\\\/#breadcrumb\",\"itemListElement\":[{\"@type\":\"ListItem\",\"position\":1,\"name\":\"Home\",\"item\":\"https:\\\/\\\/discotelsisal.com\\\/de\\\/\"},{\"@type\":\"ListItem\",\"position\":2,\"name\":\"Produkte\",\"item\":\"https:\\\/\\\/discotelsisal.com\\\/de\\\/produkte\\\/\"},{\"@type\":\"ListItem\",\"position\":3,\"name\":\"KERAMIKBRANCHE\"}]},{\"@type\":\"WebSite\",\"@id\":\"https:\\\/\\\/discotelsisal.com\\\/de\\\/#website\",\"url\":\"https:\\\/\\\/discotelsisal.com\\\/de\\\/\",\"name\":\"Discotelsisal\",\"description\":\"Sanding Solutions\",\"publisher\":{\"@id\":\"https:\\\/\\\/discotelsisal.com\\\/de\\\/#organization\"},\"potentialAction\":[{\"@type\":\"SearchAction\",\"target\":{\"@type\":\"EntryPoint\",\"urlTemplate\":\"https:\\\/\\\/discotelsisal.com\\\/de\\\/?s={search_term_string}\"},\"query-input\":{\"@type\":\"PropertyValueSpecification\",\"valueRequired\":true,\"valueName\":\"search_term_string\"}}],\"inLanguage\":\"de\"},{\"@type\":\"Organization\",\"@id\":\"https:\\\/\\\/discotelsisal.com\\\/de\\\/#organization\",\"name\":\"Discotelsisal\",\"url\":\"https:\\\/\\\/discotelsisal.com\\\/de\\\/\",\"logo\":{\"@type\":\"ImageObject\",\"inLanguage\":\"de\",\"@id\":\"https:\\\/\\\/discotelsisal.com\\\/de\\\/#\\\/schema\\\/logo\\\/image\\\/\",\"url\":\"https:\\\/\\\/discotelsisal.com\\\/wp-content\\\/uploads\\\/2021\\\/06\\\/logo-new-resize.png\",\"contentUrl\":\"https:\\\/\\\/discotelsisal.com\\\/wp-content\\\/uploads\\\/2021\\\/06\\\/logo-new-resize.png\",\"width\":644,\"height\":200,\"caption\":\"Discotelsisal\"},\"image\":{\"@id\":\"https:\\\/\\\/discotelsisal.com\\\/de\\\/#\\\/schema\\\/logo\\\/image\\\/\"}}]}<\/script>\n<!-- \/ Yoast SEO plugin. -->","yoast_head_json":{"title":"KERAMIKBRANCHE - Discotelsisal","description":"Dank seiner 60-j\u00e4hrigen Erfahrung hat DISCOTELSISAL eine Reihe von Produkten entwickelt, die speziell f\u00fcr Keramik- und Porzellanindustrie bestimmt sind.","robots":{"index":"index","follow":"follow","max-snippet":"max-snippet:-1","max-image-preview":"max-image-preview:large","max-video-preview":"max-video-preview:-1"},"canonical":"https:\/\/discotelsisal.com\/de\/produkte\/keramikbranche\/","og_locale":"de_DE","og_type":"article","og_title":"KERAMIKBRANCHE - Discotelsisal","og_description":"Dank seiner 60-j\u00e4hrigen Erfahrung hat DISCOTELSISAL eine Reihe von Produkten entwickelt, die speziell f\u00fcr Keramik- und Porzellanindustrie bestimmt sind.","og_url":"https:\/\/discotelsisal.com\/de\/produkte\/keramikbranche\/","og_site_name":"Discotelsisal","twitter_card":"summary_large_image","twitter_misc":{"Gesch\u00e4tzte Lesezeit":"1\u00a0Minute"},"schema":{"@context":"https:\/\/schema.org","@graph":[{"@type":"WebPage","@id":"https:\/\/discotelsisal.com\/de\/produkte\/keramikbranche\/","url":"https:\/\/discotelsisal.com\/de\/produkte\/keramikbranche\/","name":"KERAMIKBRANCHE - Discotelsisal","isPartOf":{"@id":"https:\/\/discotelsisal.com\/de\/#website"},"datePublished":"2023-03-15T16:15:42+00:00","description":"Dank seiner 60-j\u00e4hrigen Erfahrung hat DISCOTELSISAL eine Reihe von Produkten entwickelt, die speziell f\u00fcr Keramik- und Porzellanindustrie bestimmt sind.","breadcrumb":{"@id":"https:\/\/discotelsisal.com\/de\/produkte\/keramikbranche\/#breadcrumb"},"inLanguage":"de","potentialAction":[{"@type":"ReadAction","target":["https:\/\/discotelsisal.com\/de\/produkte\/keramikbranche\/"]}]},{"@type":"BreadcrumbList","@id":"https:\/\/discotelsisal.com\/de\/produkte\/keramikbranche\/#breadcrumb","itemListElement":[{"@type":"ListItem","position":1,"name":"Home","item":"https:\/\/discotelsisal.com\/de\/"},{"@type":"ListItem","position":2,"name":"Produkte","item":"https:\/\/discotelsisal.com\/de\/produkte\/"},{"@type":"ListItem","position":3,"name":"KERAMIKBRANCHE"}]},{"@type":"WebSite","@id":"https:\/\/discotelsisal.com\/de\/#website","url":"https:\/\/discotelsisal.com\/de\/","name":"Discotelsisal","description":"Sanding Solutions","publisher":{"@id":"https:\/\/discotelsisal.com\/de\/#organization"},"potentialAction":[{"@type":"SearchAction","target":{"@type":"EntryPoint","urlTemplate":"https:\/\/discotelsisal.com\/de\/?s={search_term_string}"},"query-input":{"@type":"PropertyValueSpecification","valueRequired":true,"valueName":"search_term_string"}}],"inLanguage":"de"},{"@type":"Organization","@id":"https:\/\/discotelsisal.com\/de\/#organization","name":"Discotelsisal","url":"https:\/\/discotelsisal.com\/de\/","logo":{"@type":"ImageObject","inLanguage":"de","@id":"https:\/\/discotelsisal.com\/de\/#\/schema\/logo\/image\/","url":"https:\/\/discotelsisal.com\/wp-content\/uploads\/2021\/06\/logo-new-resize.png","contentUrl":"https:\/\/discotelsisal.com\/wp-content\/uploads\/2021\/06\/logo-new-resize.png","width":644,"height":200,"caption":"Discotelsisal"},"image":{"@id":"https:\/\/discotelsisal.com\/de\/#\/schema\/logo\/image\/"}}]}},"_links":{"self":[{"href":"https:\/\/discotelsisal.com\/de\/wp-json\/wp\/v2\/pages\/11113","targetHints":{"allow":["GET"]}}],"collection":[{"href":"https:\/\/discotelsisal.com\/de\/wp-json\/wp\/v2\/pages"}],"about":[{"href":"https:\/\/discotelsisal.com\/de\/wp-json\/wp\/v2\/types\/page"}],"author":[{"embeddable":true,"href":"https:\/\/discotelsisal.com\/de\/wp-json\/wp\/v2\/users\/5"}],"replies":[{"embeddable":true,"href":"https:\/\/discotelsisal.com\/de\/wp-json\/wp\/v2\/comments?post=11113"}],"version-history":[{"count":2,"href":"https:\/\/discotelsisal.com\/de\/wp-json\/wp\/v2\/pages\/11113\/revisions"}],"predecessor-version":[{"id":11115,"href":"https:\/\/discotelsisal.com\/de\/wp-json\/wp\/v2\/pages\/11113\/revisions\/11115"}],"up":[{"embeddable":true,"href":"https:\/\/discotelsisal.com\/de\/wp-json\/wp\/v2\/pages\/10955"}],"wp:attachment":[{"href":"https:\/\/discotelsisal.com\/de\/wp-json\/wp\/v2\/media?parent=11113"}],"curies":[{"name":"wp","href":"https:\/\/api.w.org\/{rel}","templated":true}]}}