{"id":11065,"date":"2023-03-15T14:48:51","date_gmt":"2023-03-15T14:48:51","guid":{"rendered":"https:\/\/discotelsisal.com\/?page_id=11065"},"modified":"2023-03-15T14:54:02","modified_gmt":"2023-03-15T14:54:02","slug":"kontaktraeder","status":"publish","type":"page","link":"https:\/\/discotelsisal.com\/de\/produkte\/kontaktraeder\/","title":{"rendered":"KONTAKTR\u00c4DER"},"content":{"rendered":"<div class=\"wpb-content-wrapper\"><p>[vc_row disable_background_image=&#8220;&#8220; simple_background_color=&#8220;#056133&#8243;][vc_column]<div class=\"mkdf-elements-holder   mkdf-one-column  mkdf-responsive-mode-768 \" ><div class=\"mkdf-eh-item   mkdf-horizontal-alignment-center \"  data-item-class=\"mkdf-eh-custom-6567\">\n\t<div class=\"mkdf-eh-item-inner\">\n\t\t<div class=\"mkdf-eh-item-content mkdf-eh-custom-6567\" style=\"padding: 40px 0px 40px 0px\">\n\t\t\t<div class=\"mkdf-section-title-holder title-split-style   mkdf-has-appear-animation\" >\n\t<div class=\"mkdf-st-inner\">\n\t\t\t\t\t\t<h1 class=\"mkdf-st-title\" style=\"color: #ffffff\">\n\t\t\t\t\t\t\t\t\tKONTAKTR\u00c4DER\t\t\t\t\t\t\t<\/h1>\n\t\t\t\t\t\t\t<\/div>\n<\/div>\t\t<\/div>\n\t<\/div>\n<\/div><\/div>[\/vc_column][\/vc_row][vc_row row_content_width=&#8220;grid&#8220; disable_background_image=&#8220;&#8220;][vc_column][vc_empty_space][vc_column_text]Die Lamellen-Kontaktr\u00e4der aus Leder und Schwamm bestehen aus Lamellen aus Polyurethan, die sich mit Lamellen aus koaguliertem Baumwollgewebe abwechseln, das speziell behandelt wurde, um eine ausgezeichnete Elastizit\u00e4t und Hitzebest\u00e4ndigkeit zu erreichen.<br \/>\nEs sind drei verschiedene Typen erh\u00e4ltlich:<\/p>\n<ul>\n<li>LAMELLEN-KONTAKTR\u00c4DER LEDER + SCHWAMM<\/li>\n<li>LAMELLEN-KONTAKTR\u00c4DER AUS VULKOLLAN\u00ae<\/li>\n<li>GLATTE LAMELLEN-KONTAKTR\u00c4DER AUS VULKOLLAN\u00ae<\/li>\n<\/ul>\n<p><strong>VULKOLLAN\u00ae ist ein eingetragenes Warenzeichen der BAYER AG<\/strong>[\/vc_column_text][vc_empty_space][\/vc_column][\/vc_row][vc_row disable_element=&#8220;yes&#8220; row_content_width=&#8220;grid&#8220; disable_background_image=&#8220;&#8220; simple_background_color=&#8220;#056133&#8243;][vc_column]<div class=\"mkdf-elements-holder   mkdf-two-columns  mkdf-responsive-mode-768 \" ><div class=\"mkdf-eh-item  mkdf-vertical-alignment-top  \"  data-item-class=\"mkdf-eh-custom-4769\">\n\t<div class=\"mkdf-eh-item-inner\">\n\t\t<div class=\"mkdf-eh-item-content mkdf-eh-custom-4769\" style=\"padding: 10px 30px 10px 0px\">\n\t\t\t[vc_column_text]<\/p>\n<h4 style=\"color: white;\">ADVANTAGES<\/h4>\n<ul>\n<li style=\"color: white;\">They have a longer life<\/li>\n<li style=\"color: white;\">They have greater cutting power<\/li>\n<li style=\"color: white;\">They maintain the shape better than the normal NWF flaps even on complex parts<\/li>\n<li style=\"color: white;\">The abrasive regenerates automatically during processing, maintaining a constant cutting power and finishing capacity<\/li>\n<li style=\"color: white;\">The abrasive regenerates automatically during processing, maintaining a constant cutting power and finishing capacity<\/li>\n<li style=\"color: white;\">They can be produced with different densities according to the surface to be worked<\/li>\n<\/ul>\n<p>[\/vc_column_text]\t\t<\/div>\n\t<\/div>\n<\/div><div class=\"mkdf-eh-item  mkdf-vertical-alignment-top  \"  data-item-class=\"mkdf-eh-custom-9416\" data-680=\"0px 0px 0px 0px\">\n\t<div class=\"mkdf-eh-item-inner\">\n\t\t<div class=\"mkdf-eh-item-content mkdf-eh-custom-9416\" style=\"padding: 10px 0px 10px 30px\">\n\t\t\t[vc_column_text]<\/p>\n<h4 style=\"color: white;\">APPLICATIONS<\/h4>\n<ul>\n<li style=\"color: white;\">Raw wood sanding<\/li>\n<li style=\"color: white;\">MDF sanding<\/li>\n<li style=\"color: white;\">Paint buffing<\/li>\n<li style=\"color: white;\">Micro-deburring operations<\/li>\n<li style=\"color: white;\">Welding cleaning<\/li>\n<li style=\"color: white;\">PCB surface oxidation removal<\/li>\n<li style=\"color: white;\">Removal of glaze on tile edges<\/li>\n<\/ul>\n<p>[\/vc_column_text]\t\t<\/div>\n\t<\/div>\n<\/div><\/div>[vc_empty_space][\/vc_column][\/vc_row][vc_row row_content_width=&#8220;grid&#8220; disable_background_image=&#8220;&#8220;][vc_column][vc_empty_space]<div class=\"woocommerce columns-4 \"><ul class=\"products columns-4\">\n<li class=\"product type-product post-11080 status-publish first instock product_cat-kontaktrader product_tag-discotelsisal-de product_tag-kontaktrader has-post-thumbnail shipping-taxable product-type-simple\">\n\t<div class=\"mkdf-pl-inner\"><div class=\"mkdf-pl-image\"><img loading=\"lazy\" decoding=\"async\" width=\"300\" height=\"300\" src=\"https:\/\/discotelsisal.com\/wp-content\/uploads\/2021\/07\/01-RUOTE-di-CONTATTO-a-LAMELLE-PELLESPUGNA-300x300.jpg\" class=\"attachment-woocommerce_thumbnail size-woocommerce_thumbnail\" alt=\"LAMELLEN-KONTAKTR\u00c4DER LEDER + SCHWAMM\" srcset=\"https:\/\/discotelsisal.com\/wp-content\/uploads\/2021\/07\/01-RUOTE-di-CONTATTO-a-LAMELLE-PELLESPUGNA-300x300.jpg 300w, https:\/\/discotelsisal.com\/wp-content\/uploads\/2021\/07\/01-RUOTE-di-CONTATTO-a-LAMELLE-PELLESPUGNA-150x150.jpg 150w, https:\/\/discotelsisal.com\/wp-content\/uploads\/2021\/07\/01-RUOTE-di-CONTATTO-a-LAMELLE-PELLESPUGNA-768x768.jpg 768w, https:\/\/discotelsisal.com\/wp-content\/uploads\/2021\/07\/01-RUOTE-di-CONTATTO-a-LAMELLE-PELLESPUGNA-650x650.jpg 650w, https:\/\/discotelsisal.com\/wp-content\/uploads\/2021\/07\/01-RUOTE-di-CONTATTO-a-LAMELLE-PELLESPUGNA-600x600.jpg 600w, https:\/\/discotelsisal.com\/wp-content\/uploads\/2021\/07\/01-RUOTE-di-CONTATTO-a-LAMELLE-PELLESPUGNA-100x100.jpg 100w, https:\/\/discotelsisal.com\/wp-content\/uploads\/2021\/07\/01-RUOTE-di-CONTATTO-a-LAMELLE-PELLESPUGNA.jpg 1000w\" sizes=\"auto, (max-width: 300px) 100vw, 300px\" \/><div class=\"mkdf-pl-text\"><div class=\"mkdf-pl-text-outer\"><div class=\"mkdf-pl-text-inner\">\t<span id=\"woocommerce_loop_add_to_cart_link_describedby_11080\" class=\"screen-reader-text\">\n\t\t\t<\/span>\n<\/div><\/div><\/div><\/div><\/div><div class=\"mkdf-pl-text-wrapper\"><div class=\"mkdf-pl-text-wrapper-inner\"><div class=\"mkdf-pl-category\"><a href=\"https:\/\/discotelsisal.com\/de\/product-category\/kontaktrader\/\" rel=\"tag\">KONTAKTR\u00c4DER<\/a><\/div><\/div><h5 class=\"mkdf-product-list-title\"><a href=\"https:\/\/discotelsisal.com\/de\/product\/lamellen-kontaktraeder-leder-schwamm\/\">LAMELLEN-KONTAKTR\u00c4DER LEDER + SCHWAMM<\/a><\/h5>\n\t<span class=\"price\"><span class=\"woocommerce-Price-amount amount\"><bdi>70,00<span class=\"woocommerce-Price-currencySymbol\">&euro;<\/span><\/bdi><\/span><\/span>\n<\/div><a href=\"https:\/\/discotelsisal.com\/de\/product\/lamellen-kontaktraeder-leder-schwamm\/\" class=\"woocommerce-LoopProduct-link woocommerce-loop-product__link\"><\/a><\/li>\n<li class=\"product type-product post-11067 status-publish instock product_cat-kontaktrader product_tag-discotelsisal-de product_tag-kontaktrader has-post-thumbnail shipping-taxable product-type-simple\">\n\t<div class=\"mkdf-pl-inner\"><div class=\"mkdf-pl-image\"><img loading=\"lazy\" decoding=\"async\" width=\"300\" height=\"300\" src=\"https:\/\/discotelsisal.com\/wp-content\/uploads\/2021\/07\/02-RUOTE-di-CONTATTO-a-LAMELLE-e-LISCE-in-VULKOLLAN-300x300.jpg\" class=\"attachment-woocommerce_thumbnail size-woocommerce_thumbnail\" alt=\"GLATTE LAMELLEN-KONTAKTR\u00c4DER AUS VULKOLLAN\u00ae\" srcset=\"https:\/\/discotelsisal.com\/wp-content\/uploads\/2021\/07\/02-RUOTE-di-CONTATTO-a-LAMELLE-e-LISCE-in-VULKOLLAN-300x300.jpg 300w, https:\/\/discotelsisal.com\/wp-content\/uploads\/2021\/07\/02-RUOTE-di-CONTATTO-a-LAMELLE-e-LISCE-in-VULKOLLAN-150x150.jpg 150w, https:\/\/discotelsisal.com\/wp-content\/uploads\/2021\/07\/02-RUOTE-di-CONTATTO-a-LAMELLE-e-LISCE-in-VULKOLLAN-768x768.jpg 768w, https:\/\/discotelsisal.com\/wp-content\/uploads\/2021\/07\/02-RUOTE-di-CONTATTO-a-LAMELLE-e-LISCE-in-VULKOLLAN-650x650.jpg 650w, https:\/\/discotelsisal.com\/wp-content\/uploads\/2021\/07\/02-RUOTE-di-CONTATTO-a-LAMELLE-e-LISCE-in-VULKOLLAN-600x600.jpg 600w, https:\/\/discotelsisal.com\/wp-content\/uploads\/2021\/07\/02-RUOTE-di-CONTATTO-a-LAMELLE-e-LISCE-in-VULKOLLAN-100x100.jpg 100w, https:\/\/discotelsisal.com\/wp-content\/uploads\/2021\/07\/02-RUOTE-di-CONTATTO-a-LAMELLE-e-LISCE-in-VULKOLLAN.jpg 1000w\" sizes=\"auto, (max-width: 300px) 100vw, 300px\" \/><div class=\"mkdf-pl-text\"><div class=\"mkdf-pl-text-outer\"><div class=\"mkdf-pl-text-inner\">\t<span id=\"woocommerce_loop_add_to_cart_link_describedby_11067\" class=\"screen-reader-text\">\n\t\t\t<\/span>\n<\/div><\/div><\/div><\/div><\/div><div class=\"mkdf-pl-text-wrapper\"><div class=\"mkdf-pl-text-wrapper-inner\"><div class=\"mkdf-pl-category\"><a href=\"https:\/\/discotelsisal.com\/de\/product-category\/kontaktrader\/\" rel=\"tag\">KONTAKTR\u00c4DER<\/a><\/div><\/div><h5 class=\"mkdf-product-list-title\"><a href=\"https:\/\/discotelsisal.com\/de\/product\/glatte-lamellen-kontaktraeder-aus-vulkollan\/\">GLATTE LAMELLEN-KONTAKTR\u00c4DER AUS VULKOLLAN\u00ae<\/a><\/h5>\n\t<span class=\"price\"><span class=\"woocommerce-Price-amount amount\"><bdi>70,00<span class=\"woocommerce-Price-currencySymbol\">&euro;<\/span><\/bdi><\/span><\/span>\n<\/div><a href=\"https:\/\/discotelsisal.com\/de\/product\/glatte-lamellen-kontaktraeder-aus-vulkollan\/\" class=\"woocommerce-LoopProduct-link woocommerce-loop-product__link\"><\/a><\/li>\n<\/ul>\n<\/div>[\/vc_column][\/vc_row]<\/p>\n<\/div>","protected":false},"excerpt":{"rendered":"<p>[vc_row disable_background_image=&#8220;&#8220; simple_background_color=&#8220;#056133&#8243;][vc_column][\/vc_column][\/vc_row][vc_row row_content_width=&#8220;grid&#8220; disable_background_image=&#8220;&#8220;][vc_column][vc_empty_space][vc_column_text]Die Lamellen-Kontaktr\u00e4der aus Leder und Schwamm bestehen aus Lamellen aus Polyurethan, die sich mit Lamellen aus koaguliertem Baumwollgewebe abwechseln, das speziell behandelt wurde, um eine ausgezeichnete Elastizit\u00e4t und Hitzebest\u00e4ndigkeit zu erreichen. Es sind drei verschiedene Typen erh\u00e4ltlich: LAMELLEN-KONTAKTR\u00c4DER LEDER + SCHWAMM LAMELLEN-KONTAKTR\u00c4DER AUS VULKOLLAN\u00ae GLATTE LAMELLEN-KONTAKTR\u00c4DER AUS [&hellip;]<\/p>\n","protected":false},"author":5,"featured_media":0,"parent":10955,"menu_order":0,"comment_status":"closed","ping_status":"closed","template":"full-width.php","meta":{"footnotes":""},"class_list":["post-11065","page","type-page","status-publish","hentry"],"yoast_head":"<!-- This site is optimized with the Yoast SEO plugin v27.3 - https:\/\/yoast.com\/product\/yoast-seo-wordpress\/ -->\n<title>KONTAKTR\u00c4DER - Discotelsisal<\/title>\n<meta name=\"description\" content=\"Die Lamellen-Kontaktr\u00e4der aus Leder und Schwamm bestehen aus Lamellen aus Polyurethan, die sich mit Lamellen aus koaguliertem Baumwollgewebe abwechseln, das speziell behandelt wurde, um eine ausgezeichnete Elastizit\u00e4t und Hitzebest\u00e4ndigkeit zu erreichen.\" \/>\n<meta name=\"robots\" content=\"index, follow, max-snippet:-1, max-image-preview:large, max-video-preview:-1\" \/>\n<link rel=\"canonical\" href=\"https:\/\/discotelsisal.com\/de\/produkte\/kontaktraeder\/\" \/>\n<meta property=\"og:locale\" content=\"de_DE\" \/>\n<meta property=\"og:type\" content=\"article\" \/>\n<meta property=\"og:title\" content=\"KONTAKTR\u00c4DER - Discotelsisal\" \/>\n<meta property=\"og:description\" content=\"Die Lamellen-Kontaktr\u00e4der aus Leder und Schwamm bestehen aus Lamellen aus Polyurethan, die sich mit Lamellen aus koaguliertem Baumwollgewebe abwechseln, das speziell behandelt wurde, um eine ausgezeichnete Elastizit\u00e4t und Hitzebest\u00e4ndigkeit zu erreichen.\" \/>\n<meta property=\"og:url\" content=\"https:\/\/discotelsisal.com\/de\/produkte\/kontaktraeder\/\" \/>\n<meta property=\"og:site_name\" content=\"Discotelsisal\" \/>\n<meta property=\"article:modified_time\" content=\"2023-03-15T14:54:02+00:00\" \/>\n<meta name=\"twitter:card\" content=\"summary_large_image\" \/>\n<meta name=\"twitter:label1\" content=\"Gesch\u00e4tzte Lesezeit\" \/>\n\t<meta name=\"twitter:data1\" content=\"1\u00a0Minute\" \/>\n<script type=\"application\/ld+json\" class=\"yoast-schema-graph\">{\"@context\":\"https:\\\/\\\/schema.org\",\"@graph\":[{\"@type\":\"WebPage\",\"@id\":\"https:\\\/\\\/discotelsisal.com\\\/de\\\/produkte\\\/kontaktraeder\\\/\",\"url\":\"https:\\\/\\\/discotelsisal.com\\\/de\\\/produkte\\\/kontaktraeder\\\/\",\"name\":\"KONTAKTR\u00c4DER - Discotelsisal\",\"isPartOf\":{\"@id\":\"https:\\\/\\\/discotelsisal.com\\\/de\\\/#website\"},\"datePublished\":\"2023-03-15T14:48:51+00:00\",\"dateModified\":\"2023-03-15T14:54:02+00:00\",\"description\":\"Die Lamellen-Kontaktr\u00e4der aus Leder und Schwamm bestehen aus Lamellen aus Polyurethan, die sich mit Lamellen aus koaguliertem Baumwollgewebe abwechseln, das speziell behandelt wurde, um eine ausgezeichnete Elastizit\u00e4t und Hitzebest\u00e4ndigkeit zu erreichen.\",\"breadcrumb\":{\"@id\":\"https:\\\/\\\/discotelsisal.com\\\/de\\\/produkte\\\/kontaktraeder\\\/#breadcrumb\"},\"inLanguage\":\"de\",\"potentialAction\":[{\"@type\":\"ReadAction\",\"target\":[\"https:\\\/\\\/discotelsisal.com\\\/de\\\/produkte\\\/kontaktraeder\\\/\"]}]},{\"@type\":\"BreadcrumbList\",\"@id\":\"https:\\\/\\\/discotelsisal.com\\\/de\\\/produkte\\\/kontaktraeder\\\/#breadcrumb\",\"itemListElement\":[{\"@type\":\"ListItem\",\"position\":1,\"name\":\"Home\",\"item\":\"https:\\\/\\\/discotelsisal.com\\\/de\\\/\"},{\"@type\":\"ListItem\",\"position\":2,\"name\":\"Produkte\",\"item\":\"https:\\\/\\\/discotelsisal.com\\\/de\\\/produkte\\\/\"},{\"@type\":\"ListItem\",\"position\":3,\"name\":\"KONTAKTR\u00c4DER\"}]},{\"@type\":\"WebSite\",\"@id\":\"https:\\\/\\\/discotelsisal.com\\\/de\\\/#website\",\"url\":\"https:\\\/\\\/discotelsisal.com\\\/de\\\/\",\"name\":\"Discotelsisal\",\"description\":\"Sanding Solutions\",\"publisher\":{\"@id\":\"https:\\\/\\\/discotelsisal.com\\\/de\\\/#organization\"},\"potentialAction\":[{\"@type\":\"SearchAction\",\"target\":{\"@type\":\"EntryPoint\",\"urlTemplate\":\"https:\\\/\\\/discotelsisal.com\\\/de\\\/?s={search_term_string}\"},\"query-input\":{\"@type\":\"PropertyValueSpecification\",\"valueRequired\":true,\"valueName\":\"search_term_string\"}}],\"inLanguage\":\"de\"},{\"@type\":\"Organization\",\"@id\":\"https:\\\/\\\/discotelsisal.com\\\/de\\\/#organization\",\"name\":\"Discotelsisal\",\"url\":\"https:\\\/\\\/discotelsisal.com\\\/de\\\/\",\"logo\":{\"@type\":\"ImageObject\",\"inLanguage\":\"de\",\"@id\":\"https:\\\/\\\/discotelsisal.com\\\/de\\\/#\\\/schema\\\/logo\\\/image\\\/\",\"url\":\"https:\\\/\\\/discotelsisal.com\\\/wp-content\\\/uploads\\\/2021\\\/06\\\/logo-new-resize.png\",\"contentUrl\":\"https:\\\/\\\/discotelsisal.com\\\/wp-content\\\/uploads\\\/2021\\\/06\\\/logo-new-resize.png\",\"width\":644,\"height\":200,\"caption\":\"Discotelsisal\"},\"image\":{\"@id\":\"https:\\\/\\\/discotelsisal.com\\\/de\\\/#\\\/schema\\\/logo\\\/image\\\/\"}}]}<\/script>\n<!-- \/ Yoast SEO plugin. -->","yoast_head_json":{"title":"KONTAKTR\u00c4DER - Discotelsisal","description":"Die Lamellen-Kontaktr\u00e4der aus Leder und Schwamm bestehen aus Lamellen aus Polyurethan, die sich mit Lamellen aus koaguliertem Baumwollgewebe abwechseln, das speziell behandelt wurde, um eine ausgezeichnete Elastizit\u00e4t und Hitzebest\u00e4ndigkeit zu erreichen.","robots":{"index":"index","follow":"follow","max-snippet":"max-snippet:-1","max-image-preview":"max-image-preview:large","max-video-preview":"max-video-preview:-1"},"canonical":"https:\/\/discotelsisal.com\/de\/produkte\/kontaktraeder\/","og_locale":"de_DE","og_type":"article","og_title":"KONTAKTR\u00c4DER - Discotelsisal","og_description":"Die Lamellen-Kontaktr\u00e4der aus Leder und Schwamm bestehen aus Lamellen aus Polyurethan, die sich mit Lamellen aus koaguliertem Baumwollgewebe abwechseln, das speziell behandelt wurde, um eine ausgezeichnete Elastizit\u00e4t und Hitzebest\u00e4ndigkeit zu erreichen.","og_url":"https:\/\/discotelsisal.com\/de\/produkte\/kontaktraeder\/","og_site_name":"Discotelsisal","article_modified_time":"2023-03-15T14:54:02+00:00","twitter_card":"summary_large_image","twitter_misc":{"Gesch\u00e4tzte Lesezeit":"1\u00a0Minute"},"schema":{"@context":"https:\/\/schema.org","@graph":[{"@type":"WebPage","@id":"https:\/\/discotelsisal.com\/de\/produkte\/kontaktraeder\/","url":"https:\/\/discotelsisal.com\/de\/produkte\/kontaktraeder\/","name":"KONTAKTR\u00c4DER - Discotelsisal","isPartOf":{"@id":"https:\/\/discotelsisal.com\/de\/#website"},"datePublished":"2023-03-15T14:48:51+00:00","dateModified":"2023-03-15T14:54:02+00:00","description":"Die Lamellen-Kontaktr\u00e4der aus Leder und Schwamm bestehen aus Lamellen aus Polyurethan, die sich mit Lamellen aus koaguliertem Baumwollgewebe abwechseln, das speziell behandelt wurde, um eine ausgezeichnete Elastizit\u00e4t und Hitzebest\u00e4ndigkeit zu erreichen.","breadcrumb":{"@id":"https:\/\/discotelsisal.com\/de\/produkte\/kontaktraeder\/#breadcrumb"},"inLanguage":"de","potentialAction":[{"@type":"ReadAction","target":["https:\/\/discotelsisal.com\/de\/produkte\/kontaktraeder\/"]}]},{"@type":"BreadcrumbList","@id":"https:\/\/discotelsisal.com\/de\/produkte\/kontaktraeder\/#breadcrumb","itemListElement":[{"@type":"ListItem","position":1,"name":"Home","item":"https:\/\/discotelsisal.com\/de\/"},{"@type":"ListItem","position":2,"name":"Produkte","item":"https:\/\/discotelsisal.com\/de\/produkte\/"},{"@type":"ListItem","position":3,"name":"KONTAKTR\u00c4DER"}]},{"@type":"WebSite","@id":"https:\/\/discotelsisal.com\/de\/#website","url":"https:\/\/discotelsisal.com\/de\/","name":"Discotelsisal","description":"Sanding Solutions","publisher":{"@id":"https:\/\/discotelsisal.com\/de\/#organization"},"potentialAction":[{"@type":"SearchAction","target":{"@type":"EntryPoint","urlTemplate":"https:\/\/discotelsisal.com\/de\/?s={search_term_string}"},"query-input":{"@type":"PropertyValueSpecification","valueRequired":true,"valueName":"search_term_string"}}],"inLanguage":"de"},{"@type":"Organization","@id":"https:\/\/discotelsisal.com\/de\/#organization","name":"Discotelsisal","url":"https:\/\/discotelsisal.com\/de\/","logo":{"@type":"ImageObject","inLanguage":"de","@id":"https:\/\/discotelsisal.com\/de\/#\/schema\/logo\/image\/","url":"https:\/\/discotelsisal.com\/wp-content\/uploads\/2021\/06\/logo-new-resize.png","contentUrl":"https:\/\/discotelsisal.com\/wp-content\/uploads\/2021\/06\/logo-new-resize.png","width":644,"height":200,"caption":"Discotelsisal"},"image":{"@id":"https:\/\/discotelsisal.com\/de\/#\/schema\/logo\/image\/"}}]}},"_links":{"self":[{"href":"https:\/\/discotelsisal.com\/de\/wp-json\/wp\/v2\/pages\/11065","targetHints":{"allow":["GET"]}}],"collection":[{"href":"https:\/\/discotelsisal.com\/de\/wp-json\/wp\/v2\/pages"}],"about":[{"href":"https:\/\/discotelsisal.com\/de\/wp-json\/wp\/v2\/types\/page"}],"author":[{"embeddable":true,"href":"https:\/\/discotelsisal.com\/de\/wp-json\/wp\/v2\/users\/5"}],"replies":[{"embeddable":true,"href":"https:\/\/discotelsisal.com\/de\/wp-json\/wp\/v2\/comments?post=11065"}],"version-history":[{"count":2,"href":"https:\/\/discotelsisal.com\/de\/wp-json\/wp\/v2\/pages\/11065\/revisions"}],"predecessor-version":[{"id":11068,"href":"https:\/\/discotelsisal.com\/de\/wp-json\/wp\/v2\/pages\/11065\/revisions\/11068"}],"up":[{"embeddable":true,"href":"https:\/\/discotelsisal.com\/de\/wp-json\/wp\/v2\/pages\/10955"}],"wp:attachment":[{"href":"https:\/\/discotelsisal.com\/de\/wp-json\/wp\/v2\/media?parent=11065"}],"curies":[{"name":"wp","href":"https:\/\/api.w.org\/{rel}","templated":true}]}}