{"id":11054,"date":"2023-03-15T14:27:05","date_gmt":"2023-03-15T14:27:05","guid":{"rendered":"https:\/\/discotelsisal.com\/?page_id=11054"},"modified":"2023-03-15T14:47:02","modified_gmt":"2023-03-15T14:47:02","slug":"schleifbaender","status":"publish","type":"page","link":"https:\/\/discotelsisal.com\/de\/produkte\/schleifbaender\/","title":{"rendered":"SCHLEIFB\u00c4NDER"},"content":{"rendered":"<div class=\"wpb-content-wrapper\"><p>[vc_row disable_background_image=&#8220;&#8220; simple_background_color=&#8220;#056133&#8243;][vc_column]<div class=\"mkdf-elements-holder   mkdf-one-column  mkdf-responsive-mode-768 \" ><div class=\"mkdf-eh-item   mkdf-horizontal-alignment-center \"  data-item-class=\"mkdf-eh-custom-5499\">\n\t<div class=\"mkdf-eh-item-inner\">\n\t\t<div class=\"mkdf-eh-item-content mkdf-eh-custom-5499\" style=\"padding: 40px 0px 40px 0px\">\n\t\t\t<div class=\"mkdf-section-title-holder title-split-style   mkdf-has-appear-animation\" >\n\t<div class=\"mkdf-st-inner\">\n\t\t\t\t\t\t<h1 class=\"mkdf-st-title\" style=\"color: #ffffff\">\n\t\t\t\t\t\t\t\t\tSCHLEIFB\u00c4NDER\t\t\t\t\t\t\t<\/h1>\n\t\t\t\t\t\t\t<\/div>\n<\/div>\t\t<\/div>\n\t<\/div>\n<\/div><\/div>[\/vc_column][\/vc_row][vc_row row_content_width=&#8220;grid&#8220; disable_background_image=&#8220;&#8220;][vc_column][vc_empty_space][vc_column_text]Die Schleifb\u00e4nder sind in den folgenden Ausf\u00fchrungen erh\u00e4ltlich:<\/p>\n<ul>\n<li>GEWEBE<\/li>\n<li>3M\u2122 TRIZACT\u2122<\/li>\n<li>3M\u2122 SURFACE CONDITIONING<\/li>\n<li>VLIES NALC<\/li>\n<\/ul>\n<p>Sie sind in verschiedenen Abmessungen erh\u00e4ltlich, je nach Art der verwendeten Maschine.[\/vc_column_text][vc_empty_space][\/vc_column][\/vc_row][vc_row row_content_width=&#8220;grid&#8220; disable_background_image=&#8220;&#8220; simple_background_color=&#8220;#056133&#8243;][vc_column][vc_column_text]<\/p>\n<h4 style=\"color: white;\">ANWENDUNGEN<\/h4>\n<p>[\/vc_column_text]<div class=\"mkdf-elements-holder   mkdf-two-columns  mkdf-responsive-mode-768 \" ><div class=\"mkdf-eh-item  mkdf-vertical-alignment-top  \"  data-item-class=\"mkdf-eh-custom-5195\">\n\t<div class=\"mkdf-eh-item-inner\">\n\t\t<div class=\"mkdf-eh-item-content mkdf-eh-custom-5195\" style=\"padding: 10px 30px 10px 0px\">\n\t\t\t[vc_column_text]<\/p>\n<ul>\n<li style=\"color: white;\">Schmirgeln<\/li>\n<li style=\"color: white;\">Gl\u00e4tten<\/li>\n<li style=\"color: white;\">Satinieren<\/li>\n<\/ul>\n<p>[\/vc_column_text]\t\t<\/div>\n\t<\/div>\n<\/div><div class=\"mkdf-eh-item  mkdf-vertical-alignment-top  \"  data-item-class=\"mkdf-eh-custom-7853\" data-680=\"0px 0px 0px 0px\">\n\t<div class=\"mkdf-eh-item-inner\">\n\t\t<div class=\"mkdf-eh-item-content mkdf-eh-custom-7853\" style=\"padding: 10px 0px 10px 30px\">\n\t\t\t[vc_column_text]<\/p>\n<ul>\n<li style=\"color: white;\">Kalibrieren<\/li>\n<li style=\"color: white;\">Schleifen<\/li>\n<li style=\"color: white;\">Oberfl\u00e4chenbearbeitung<\/li>\n<\/ul>\n<p>[\/vc_column_text]\t\t<\/div>\n\t<\/div>\n<\/div><\/div>[vc_empty_space][\/vc_column][\/vc_row][vc_row row_content_width=&#8220;grid&#8220; disable_background_image=&#8220;&#8220;][vc_column][vc_empty_space]<div class=\"woocommerce columns-4 \"><ul class=\"products columns-4\">\n<li class=\"product type-product post-11060 status-publish first instock product_cat-schleifbander product_tag-discotelsisal-de product_tag-schleifbander has-post-thumbnail shipping-taxable product-type-simple\">\n\t<div class=\"mkdf-pl-inner\"><div class=\"mkdf-pl-image\"><img loading=\"lazy\" decoding=\"async\" width=\"300\" height=\"300\" src=\"https:\/\/discotelsisal.com\/wp-content\/uploads\/2021\/07\/nastri-tela-abrasiva-1-300x300.jpg\" class=\"attachment-woocommerce_thumbnail size-woocommerce_thumbnail\" alt=\"GEWEBE-SCHLEIFB\u00c4NDER\" srcset=\"https:\/\/discotelsisal.com\/wp-content\/uploads\/2021\/07\/nastri-tela-abrasiva-1-300x300.jpg 300w, https:\/\/discotelsisal.com\/wp-content\/uploads\/2021\/07\/nastri-tela-abrasiva-1-150x150.jpg 150w, https:\/\/discotelsisal.com\/wp-content\/uploads\/2021\/07\/nastri-tela-abrasiva-1-768x768.jpg 768w, https:\/\/discotelsisal.com\/wp-content\/uploads\/2021\/07\/nastri-tela-abrasiva-1-650x650.jpg 650w, https:\/\/discotelsisal.com\/wp-content\/uploads\/2021\/07\/nastri-tela-abrasiva-1-600x600.jpg 600w, https:\/\/discotelsisal.com\/wp-content\/uploads\/2021\/07\/nastri-tela-abrasiva-1-100x100.jpg 100w, https:\/\/discotelsisal.com\/wp-content\/uploads\/2021\/07\/nastri-tela-abrasiva-1.jpg 1000w\" sizes=\"auto, (max-width: 300px) 100vw, 300px\" \/><div class=\"mkdf-pl-text\"><div class=\"mkdf-pl-text-outer\"><div class=\"mkdf-pl-text-inner\">\t<span id=\"woocommerce_loop_add_to_cart_link_describedby_11060\" class=\"screen-reader-text\">\n\t\t\t<\/span>\n<\/div><\/div><\/div><\/div><\/div><div class=\"mkdf-pl-text-wrapper\"><div class=\"mkdf-pl-text-wrapper-inner\"><div class=\"mkdf-pl-category\"><a href=\"https:\/\/discotelsisal.com\/de\/product-category\/schleifbander\/\" rel=\"tag\">SCHLEIFB\u00c4NDER<\/a><\/div><\/div><h5 class=\"mkdf-product-list-title\"><a href=\"https:\/\/discotelsisal.com\/de\/product\/gewebe-schleifbaender\/\">GEWEBE-SCHLEIFB\u00c4NDER<\/a><\/h5>\n\t<span class=\"price\"><span class=\"woocommerce-Price-amount amount\"><bdi>70,00<span class=\"woocommerce-Price-currencySymbol\">&euro;<\/span><\/bdi><\/span><\/span>\n<\/div><a href=\"https:\/\/discotelsisal.com\/de\/product\/gewebe-schleifbaender\/\" class=\"woocommerce-LoopProduct-link woocommerce-loop-product__link\"><\/a><\/li>\n<li class=\"product type-product post-11061 status-publish instock product_cat-schleifbander product_tag-discotelsisal-de product_tag-schleifbander has-post-thumbnail shipping-taxable product-type-simple\">\n\t<div class=\"mkdf-pl-inner\"><div class=\"mkdf-pl-image\"><img loading=\"lazy\" decoding=\"async\" width=\"300\" height=\"300\" src=\"https:\/\/discotelsisal.com\/wp-content\/uploads\/2021\/07\/02-NASTRI-3M-TRIZACT-300x300.jpg\" class=\"attachment-woocommerce_thumbnail size-woocommerce_thumbnail\" alt=\"SCHLEIFB\u00c4NDER 3M\u2122 TRIZACT\u2122\" srcset=\"https:\/\/discotelsisal.com\/wp-content\/uploads\/2021\/07\/02-NASTRI-3M-TRIZACT-300x300.jpg 300w, https:\/\/discotelsisal.com\/wp-content\/uploads\/2021\/07\/02-NASTRI-3M-TRIZACT-150x150.jpg 150w, https:\/\/discotelsisal.com\/wp-content\/uploads\/2021\/07\/02-NASTRI-3M-TRIZACT-768x768.jpg 768w, https:\/\/discotelsisal.com\/wp-content\/uploads\/2021\/07\/02-NASTRI-3M-TRIZACT-650x650.jpg 650w, https:\/\/discotelsisal.com\/wp-content\/uploads\/2021\/07\/02-NASTRI-3M-TRIZACT-600x600.jpg 600w, https:\/\/discotelsisal.com\/wp-content\/uploads\/2021\/07\/02-NASTRI-3M-TRIZACT-100x100.jpg 100w, https:\/\/discotelsisal.com\/wp-content\/uploads\/2021\/07\/02-NASTRI-3M-TRIZACT.jpg 1000w\" sizes=\"auto, (max-width: 300px) 100vw, 300px\" \/><div class=\"mkdf-pl-text\"><div class=\"mkdf-pl-text-outer\"><div class=\"mkdf-pl-text-inner\">\t<span id=\"woocommerce_loop_add_to_cart_link_describedby_11061\" class=\"screen-reader-text\">\n\t\t\t<\/span>\n<\/div><\/div><\/div><\/div><\/div><div class=\"mkdf-pl-text-wrapper\"><div class=\"mkdf-pl-text-wrapper-inner\"><div class=\"mkdf-pl-category\"><a href=\"https:\/\/discotelsisal.com\/de\/product-category\/schleifbander\/\" rel=\"tag\">SCHLEIFB\u00c4NDER<\/a><\/div><\/div><h5 class=\"mkdf-product-list-title\"><a href=\"https:\/\/discotelsisal.com\/de\/product\/schleifbaender-3m-trizact\/\">SCHLEIFB\u00c4NDER 3M\u2122 TRIZACT\u2122<\/a><\/h5>\n\t<span class=\"price\"><span class=\"woocommerce-Price-amount amount\"><bdi>70,00<span class=\"woocommerce-Price-currencySymbol\">&euro;<\/span><\/bdi><\/span><\/span>\n<\/div><a href=\"https:\/\/discotelsisal.com\/de\/product\/schleifbaender-3m-trizact\/\" class=\"woocommerce-LoopProduct-link woocommerce-loop-product__link\"><\/a><\/li>\n<li class=\"product type-product post-11062 status-publish instock product_cat-schleifbander product_tag-discotelsisal-de product_tag-schleifbander has-post-thumbnail shipping-taxable product-type-simple\">\n\t<div class=\"mkdf-pl-inner\"><div class=\"mkdf-pl-image\"><img loading=\"lazy\" decoding=\"async\" width=\"300\" height=\"300\" src=\"https:\/\/discotelsisal.com\/wp-content\/uploads\/2021\/07\/03a-NASTRI-3M-SURFACE-CONDITIONING-300x300.jpg\" class=\"attachment-woocommerce_thumbnail size-woocommerce_thumbnail\" alt=\"SCHLEIFB\u00c4NDER 3M\u2122 SURFACE CONDITIONING\" srcset=\"https:\/\/discotelsisal.com\/wp-content\/uploads\/2021\/07\/03a-NASTRI-3M-SURFACE-CONDITIONING-300x300.jpg 300w, https:\/\/discotelsisal.com\/wp-content\/uploads\/2021\/07\/03a-NASTRI-3M-SURFACE-CONDITIONING-150x150.jpg 150w, https:\/\/discotelsisal.com\/wp-content\/uploads\/2021\/07\/03a-NASTRI-3M-SURFACE-CONDITIONING-100x100.jpg 100w, https:\/\/discotelsisal.com\/wp-content\/uploads\/2021\/07\/03a-NASTRI-3M-SURFACE-CONDITIONING.jpg 563w\" sizes=\"auto, (max-width: 300px) 100vw, 300px\" \/><div class=\"mkdf-pl-text\"><div class=\"mkdf-pl-text-outer\"><div class=\"mkdf-pl-text-inner\">\t<span id=\"woocommerce_loop_add_to_cart_link_describedby_11062\" class=\"screen-reader-text\">\n\t\t\t<\/span>\n<\/div><\/div><\/div><\/div><\/div><div class=\"mkdf-pl-text-wrapper\"><div class=\"mkdf-pl-text-wrapper-inner\"><div class=\"mkdf-pl-category\"><a href=\"https:\/\/discotelsisal.com\/de\/product-category\/schleifbander\/\" rel=\"tag\">SCHLEIFB\u00c4NDER<\/a><\/div><\/div><h5 class=\"mkdf-product-list-title\"><a href=\"https:\/\/discotelsisal.com\/de\/product\/schleifbaender-3m-surface-conditioning\/\">SCHLEIFB\u00c4NDER 3M\u2122 SURFACE CONDITIONING<\/a><\/h5>\n\t<span class=\"price\"><span class=\"woocommerce-Price-amount amount\"><bdi>70,00<span class=\"woocommerce-Price-currencySymbol\">&euro;<\/span><\/bdi><\/span><\/span>\n<\/div><a href=\"https:\/\/discotelsisal.com\/de\/product\/schleifbaender-3m-surface-conditioning\/\" class=\"woocommerce-LoopProduct-link woocommerce-loop-product__link\"><\/a><\/li>\n<li class=\"product type-product post-11063 status-publish last instock product_cat-schleifbander product_tag-discotelsisal-de product_tag-schleifbander has-post-thumbnail shipping-taxable product-type-simple\">\n\t<div class=\"mkdf-pl-inner\"><div class=\"mkdf-pl-image\"><img loading=\"lazy\" decoding=\"async\" width=\"300\" height=\"300\" src=\"https:\/\/discotelsisal.com\/wp-content\/uploads\/2021\/07\/04-NASTRI-NALC-300x300.jpg\" class=\"attachment-woocommerce_thumbnail size-woocommerce_thumbnail\" alt=\"SCHLEIFB\u00c4NDER NALC\" srcset=\"https:\/\/discotelsisal.com\/wp-content\/uploads\/2021\/07\/04-NASTRI-NALC-300x300.jpg 300w, https:\/\/discotelsisal.com\/wp-content\/uploads\/2021\/07\/04-NASTRI-NALC-150x150.jpg 150w, https:\/\/discotelsisal.com\/wp-content\/uploads\/2021\/07\/04-NASTRI-NALC-768x768.jpg 768w, https:\/\/discotelsisal.com\/wp-content\/uploads\/2021\/07\/04-NASTRI-NALC-650x650.jpg 650w, https:\/\/discotelsisal.com\/wp-content\/uploads\/2021\/07\/04-NASTRI-NALC-600x600.jpg 600w, https:\/\/discotelsisal.com\/wp-content\/uploads\/2021\/07\/04-NASTRI-NALC-100x100.jpg 100w, https:\/\/discotelsisal.com\/wp-content\/uploads\/2021\/07\/04-NASTRI-NALC.jpg 1000w\" sizes=\"auto, (max-width: 300px) 100vw, 300px\" \/><div class=\"mkdf-pl-text\"><div class=\"mkdf-pl-text-outer\"><div class=\"mkdf-pl-text-inner\">\t<span id=\"woocommerce_loop_add_to_cart_link_describedby_11063\" class=\"screen-reader-text\">\n\t\t\t<\/span>\n<\/div><\/div><\/div><\/div><\/div><div class=\"mkdf-pl-text-wrapper\"><div class=\"mkdf-pl-text-wrapper-inner\"><div class=\"mkdf-pl-category\"><a href=\"https:\/\/discotelsisal.com\/de\/product-category\/schleifbander\/\" rel=\"tag\">SCHLEIFB\u00c4NDER<\/a><\/div><\/div><h5 class=\"mkdf-product-list-title\"><a href=\"https:\/\/discotelsisal.com\/de\/product\/schleifbaender-nalc\/\">SCHLEIFB\u00c4NDER NALC<\/a><\/h5>\n\t<span class=\"price\"><span class=\"woocommerce-Price-amount amount\"><bdi>70,00<span class=\"woocommerce-Price-currencySymbol\">&euro;<\/span><\/bdi><\/span><\/span>\n<\/div><a href=\"https:\/\/discotelsisal.com\/de\/product\/schleifbaender-nalc\/\" class=\"woocommerce-LoopProduct-link woocommerce-loop-product__link\"><\/a><\/li>\n<\/ul>\n<\/div>[\/vc_column][\/vc_row]<\/p>\n<\/div>","protected":false},"excerpt":{"rendered":"<p>[vc_row disable_background_image=&#8220;&#8220; simple_background_color=&#8220;#056133&#8243;][vc_column][\/vc_column][\/vc_row][vc_row row_content_width=&#8220;grid&#8220; disable_background_image=&#8220;&#8220;][vc_column][vc_empty_space][vc_column_text]Die Schleifb\u00e4nder sind in den folgenden Ausf\u00fchrungen erh\u00e4ltlich: GEWEBE 3M\u2122 TRIZACT\u2122 3M\u2122 SURFACE CONDITIONING VLIES NALC Sie sind in verschiedenen Abmessungen erh\u00e4ltlich, je nach Art der verwendeten Maschine.[\/vc_column_text][vc_empty_space][\/vc_column][\/vc_row][vc_row row_content_width=&#8220;grid&#8220; disable_background_image=&#8220;&#8220; simple_background_color=&#8220;#056133&#8243;][vc_column][vc_column_text] ANWENDUNGEN [\/vc_column_text][vc_empty_space][\/vc_column][\/vc_row][vc_row row_content_width=&#8220;grid&#8220; disable_background_image=&#8220;&#8220;][vc_column][vc_empty_space][\/vc_column][\/vc_row]<\/p>\n","protected":false},"author":5,"featured_media":0,"parent":10955,"menu_order":0,"comment_status":"closed","ping_status":"closed","template":"full-width.php","meta":{"footnotes":""},"class_list":["post-11054","page","type-page","status-publish","hentry"],"yoast_head":"<!-- This site is optimized with the Yoast SEO plugin v27.3 - https:\/\/yoast.com\/product\/yoast-seo-wordpress\/ -->\n<title>SCHLEIFB\u00c4NDER - Discotelsisal<\/title>\n<meta name=\"description\" content=\"Die Schleifb\u00e4nder sind in den folgenden Ausf\u00fchrungen erh\u00e4ltlich: GEWEBE3M\u2122, TRIZACT\u2122, 3M\u2122 SURFACE CONDITIONING, VLIES NALC\" \/>\n<meta name=\"robots\" content=\"index, follow, max-snippet:-1, max-image-preview:large, max-video-preview:-1\" \/>\n<link rel=\"canonical\" href=\"https:\/\/discotelsisal.com\/de\/produkte\/schleifbaender\/\" \/>\n<meta property=\"og:locale\" content=\"de_DE\" \/>\n<meta property=\"og:type\" content=\"article\" \/>\n<meta property=\"og:title\" content=\"SCHLEIFB\u00c4NDER - Discotelsisal\" \/>\n<meta property=\"og:description\" content=\"Die Schleifb\u00e4nder sind in den folgenden Ausf\u00fchrungen erh\u00e4ltlich: GEWEBE3M\u2122, TRIZACT\u2122, 3M\u2122 SURFACE CONDITIONING, VLIES NALC\" \/>\n<meta property=\"og:url\" content=\"https:\/\/discotelsisal.com\/de\/produkte\/schleifbaender\/\" \/>\n<meta property=\"og:site_name\" content=\"Discotelsisal\" \/>\n<meta property=\"article:modified_time\" content=\"2023-03-15T14:47:02+00:00\" \/>\n<meta name=\"twitter:card\" content=\"summary_large_image\" \/>\n<meta name=\"twitter:label1\" content=\"Gesch\u00e4tzte Lesezeit\" \/>\n\t<meta name=\"twitter:data1\" content=\"1\u00a0Minute\" \/>\n<script type=\"application\/ld+json\" class=\"yoast-schema-graph\">{\"@context\":\"https:\\\/\\\/schema.org\",\"@graph\":[{\"@type\":\"WebPage\",\"@id\":\"https:\\\/\\\/discotelsisal.com\\\/de\\\/produkte\\\/schleifbaender\\\/\",\"url\":\"https:\\\/\\\/discotelsisal.com\\\/de\\\/produkte\\\/schleifbaender\\\/\",\"name\":\"SCHLEIFB\u00c4NDER - Discotelsisal\",\"isPartOf\":{\"@id\":\"https:\\\/\\\/discotelsisal.com\\\/de\\\/#website\"},\"datePublished\":\"2023-03-15T14:27:05+00:00\",\"dateModified\":\"2023-03-15T14:47:02+00:00\",\"description\":\"Die Schleifb\u00e4nder sind in den folgenden Ausf\u00fchrungen erh\u00e4ltlich: GEWEBE3M\u2122, TRIZACT\u2122, 3M\u2122 SURFACE CONDITIONING, VLIES NALC\",\"breadcrumb\":{\"@id\":\"https:\\\/\\\/discotelsisal.com\\\/de\\\/produkte\\\/schleifbaender\\\/#breadcrumb\"},\"inLanguage\":\"de\",\"potentialAction\":[{\"@type\":\"ReadAction\",\"target\":[\"https:\\\/\\\/discotelsisal.com\\\/de\\\/produkte\\\/schleifbaender\\\/\"]}]},{\"@type\":\"BreadcrumbList\",\"@id\":\"https:\\\/\\\/discotelsisal.com\\\/de\\\/produkte\\\/schleifbaender\\\/#breadcrumb\",\"itemListElement\":[{\"@type\":\"ListItem\",\"position\":1,\"name\":\"Home\",\"item\":\"https:\\\/\\\/discotelsisal.com\\\/de\\\/\"},{\"@type\":\"ListItem\",\"position\":2,\"name\":\"Produkte\",\"item\":\"https:\\\/\\\/discotelsisal.com\\\/de\\\/produkte\\\/\"},{\"@type\":\"ListItem\",\"position\":3,\"name\":\"SCHLEIFB\u00c4NDER\"}]},{\"@type\":\"WebSite\",\"@id\":\"https:\\\/\\\/discotelsisal.com\\\/de\\\/#website\",\"url\":\"https:\\\/\\\/discotelsisal.com\\\/de\\\/\",\"name\":\"Discotelsisal\",\"description\":\"Sanding Solutions\",\"publisher\":{\"@id\":\"https:\\\/\\\/discotelsisal.com\\\/de\\\/#organization\"},\"potentialAction\":[{\"@type\":\"SearchAction\",\"target\":{\"@type\":\"EntryPoint\",\"urlTemplate\":\"https:\\\/\\\/discotelsisal.com\\\/de\\\/?s={search_term_string}\"},\"query-input\":{\"@type\":\"PropertyValueSpecification\",\"valueRequired\":true,\"valueName\":\"search_term_string\"}}],\"inLanguage\":\"de\"},{\"@type\":\"Organization\",\"@id\":\"https:\\\/\\\/discotelsisal.com\\\/de\\\/#organization\",\"name\":\"Discotelsisal\",\"url\":\"https:\\\/\\\/discotelsisal.com\\\/de\\\/\",\"logo\":{\"@type\":\"ImageObject\",\"inLanguage\":\"de\",\"@id\":\"https:\\\/\\\/discotelsisal.com\\\/de\\\/#\\\/schema\\\/logo\\\/image\\\/\",\"url\":\"https:\\\/\\\/discotelsisal.com\\\/wp-content\\\/uploads\\\/2021\\\/06\\\/logo-new-resize.png\",\"contentUrl\":\"https:\\\/\\\/discotelsisal.com\\\/wp-content\\\/uploads\\\/2021\\\/06\\\/logo-new-resize.png\",\"width\":644,\"height\":200,\"caption\":\"Discotelsisal\"},\"image\":{\"@id\":\"https:\\\/\\\/discotelsisal.com\\\/de\\\/#\\\/schema\\\/logo\\\/image\\\/\"}}]}<\/script>\n<!-- \/ Yoast SEO plugin. -->","yoast_head_json":{"title":"SCHLEIFB\u00c4NDER - Discotelsisal","description":"Die Schleifb\u00e4nder sind in den folgenden Ausf\u00fchrungen erh\u00e4ltlich: GEWEBE3M\u2122, TRIZACT\u2122, 3M\u2122 SURFACE CONDITIONING, VLIES NALC","robots":{"index":"index","follow":"follow","max-snippet":"max-snippet:-1","max-image-preview":"max-image-preview:large","max-video-preview":"max-video-preview:-1"},"canonical":"https:\/\/discotelsisal.com\/de\/produkte\/schleifbaender\/","og_locale":"de_DE","og_type":"article","og_title":"SCHLEIFB\u00c4NDER - Discotelsisal","og_description":"Die Schleifb\u00e4nder sind in den folgenden Ausf\u00fchrungen erh\u00e4ltlich: GEWEBE3M\u2122, TRIZACT\u2122, 3M\u2122 SURFACE CONDITIONING, VLIES NALC","og_url":"https:\/\/discotelsisal.com\/de\/produkte\/schleifbaender\/","og_site_name":"Discotelsisal","article_modified_time":"2023-03-15T14:47:02+00:00","twitter_card":"summary_large_image","twitter_misc":{"Gesch\u00e4tzte Lesezeit":"1\u00a0Minute"},"schema":{"@context":"https:\/\/schema.org","@graph":[{"@type":"WebPage","@id":"https:\/\/discotelsisal.com\/de\/produkte\/schleifbaender\/","url":"https:\/\/discotelsisal.com\/de\/produkte\/schleifbaender\/","name":"SCHLEIFB\u00c4NDER - Discotelsisal","isPartOf":{"@id":"https:\/\/discotelsisal.com\/de\/#website"},"datePublished":"2023-03-15T14:27:05+00:00","dateModified":"2023-03-15T14:47:02+00:00","description":"Die Schleifb\u00e4nder sind in den folgenden Ausf\u00fchrungen erh\u00e4ltlich: GEWEBE3M\u2122, TRIZACT\u2122, 3M\u2122 SURFACE CONDITIONING, VLIES NALC","breadcrumb":{"@id":"https:\/\/discotelsisal.com\/de\/produkte\/schleifbaender\/#breadcrumb"},"inLanguage":"de","potentialAction":[{"@type":"ReadAction","target":["https:\/\/discotelsisal.com\/de\/produkte\/schleifbaender\/"]}]},{"@type":"BreadcrumbList","@id":"https:\/\/discotelsisal.com\/de\/produkte\/schleifbaender\/#breadcrumb","itemListElement":[{"@type":"ListItem","position":1,"name":"Home","item":"https:\/\/discotelsisal.com\/de\/"},{"@type":"ListItem","position":2,"name":"Produkte","item":"https:\/\/discotelsisal.com\/de\/produkte\/"},{"@type":"ListItem","position":3,"name":"SCHLEIFB\u00c4NDER"}]},{"@type":"WebSite","@id":"https:\/\/discotelsisal.com\/de\/#website","url":"https:\/\/discotelsisal.com\/de\/","name":"Discotelsisal","description":"Sanding Solutions","publisher":{"@id":"https:\/\/discotelsisal.com\/de\/#organization"},"potentialAction":[{"@type":"SearchAction","target":{"@type":"EntryPoint","urlTemplate":"https:\/\/discotelsisal.com\/de\/?s={search_term_string}"},"query-input":{"@type":"PropertyValueSpecification","valueRequired":true,"valueName":"search_term_string"}}],"inLanguage":"de"},{"@type":"Organization","@id":"https:\/\/discotelsisal.com\/de\/#organization","name":"Discotelsisal","url":"https:\/\/discotelsisal.com\/de\/","logo":{"@type":"ImageObject","inLanguage":"de","@id":"https:\/\/discotelsisal.com\/de\/#\/schema\/logo\/image\/","url":"https:\/\/discotelsisal.com\/wp-content\/uploads\/2021\/06\/logo-new-resize.png","contentUrl":"https:\/\/discotelsisal.com\/wp-content\/uploads\/2021\/06\/logo-new-resize.png","width":644,"height":200,"caption":"Discotelsisal"},"image":{"@id":"https:\/\/discotelsisal.com\/de\/#\/schema\/logo\/image\/"}}]}},"_links":{"self":[{"href":"https:\/\/discotelsisal.com\/de\/wp-json\/wp\/v2\/pages\/11054","targetHints":{"allow":["GET"]}}],"collection":[{"href":"https:\/\/discotelsisal.com\/de\/wp-json\/wp\/v2\/pages"}],"about":[{"href":"https:\/\/discotelsisal.com\/de\/wp-json\/wp\/v2\/types\/page"}],"author":[{"embeddable":true,"href":"https:\/\/discotelsisal.com\/de\/wp-json\/wp\/v2\/users\/5"}],"replies":[{"embeddable":true,"href":"https:\/\/discotelsisal.com\/de\/wp-json\/wp\/v2\/comments?post=11054"}],"version-history":[{"count":2,"href":"https:\/\/discotelsisal.com\/de\/wp-json\/wp\/v2\/pages\/11054\/revisions"}],"predecessor-version":[{"id":11064,"href":"https:\/\/discotelsisal.com\/de\/wp-json\/wp\/v2\/pages\/11054\/revisions\/11064"}],"up":[{"embeddable":true,"href":"https:\/\/discotelsisal.com\/de\/wp-json\/wp\/v2\/pages\/10955"}],"wp:attachment":[{"href":"https:\/\/discotelsisal.com\/de\/wp-json\/wp\/v2\/media?parent=11054"}],"curies":[{"name":"wp","href":"https:\/\/api.w.org\/{rel}","templated":true}]}}