{"id":11047,"date":"2023-03-15T14:15:35","date_gmt":"2023-03-15T14:15:35","guid":{"rendered":"https:\/\/discotelsisal.com\/?page_id=11047"},"modified":"2023-03-15T14:23:36","modified_gmt":"2023-03-15T14:23:36","slug":"schleifrollen","status":"publish","type":"page","link":"https:\/\/discotelsisal.com\/de\/produkte\/schleifrollen\/","title":{"rendered":"SCHLEIFROLLEN"},"content":{"rendered":"<div class=\"wpb-content-wrapper\"><p>[vc_row disable_background_image=&#8220;&#8220; simple_background_color=&#8220;#056133&#8243;][vc_column]<div class=\"mkdf-elements-holder   mkdf-one-column  mkdf-responsive-mode-768 \" ><div class=\"mkdf-eh-item   mkdf-horizontal-alignment-center \"  data-item-class=\"mkdf-eh-custom-1443\">\n\t<div class=\"mkdf-eh-item-inner\">\n\t\t<div class=\"mkdf-eh-item-content mkdf-eh-custom-1443\" style=\"padding: 40px 0px 40px 0px\">\n\t\t\t<div class=\"mkdf-section-title-holder title-split-style   mkdf-has-appear-animation\" >\n\t<div class=\"mkdf-st-inner\">\n\t\t\t\t\t\t<h1 class=\"mkdf-st-title\" style=\"color: #ffffff\">\n\t\t\t\t\t\t\t\t\tSCHLEIFROLLEN\t\t\t\t\t\t\t<\/h1>\n\t\t\t\t\t\t\t<\/div>\n<\/div>\t\t<\/div>\n\t<\/div>\n<\/div><\/div>[\/vc_column][\/vc_row][vc_row row_content_width=&#8220;grid&#8220; disable_background_image=&#8220;&#8220;][vc_column][vc_empty_space][vc_column_text]<\/p>\n<p class=\"p1\">Die Vlies-Schleifrollen bestehen aus einem Tr\u00e4germaterial aus Vlies-Nylonfasern, die mit Aluminiumoxid oder Siliziumkarbid bespr\u00fcht und \/ oder gleichm\u00e4\u00dfig mit Schleifk\u00f6rnern durch die Bindungswirkung von Kunstharzen getr\u00e4nkt sind.<\/p>\n<p>[\/vc_column_text][vc_empty_space]<div class=\"mkdf-elements-holder   mkdf-two-columns  mkdf-responsive-mode-768 \" ><div class=\"mkdf-eh-item  mkdf-vertical-alignment-top  \"  data-item-class=\"mkdf-eh-custom-3856\">\n\t<div class=\"mkdf-eh-item-inner\">\n\t\t<div class=\"mkdf-eh-item-content mkdf-eh-custom-3856\" style=\"padding: 10px 30px 10px 0px\">\n\t\t\t<a itemprop=\"url\" href=\"https:\/\/discotelsisal.com\/wp-content\/uploads\/2021\/12\/Tabelle-Catal-p47.png\" target=\"_blank\" style=\"color: #056133;background-color: #ffffff;border-color: #056133\" class=\"mkdf-btn mkdf-btn-medium mkdf-btn-predefined mkdf-btn-custom-hover-bg mkdf-btn-custom-border-hover mkdf-btn-custom-hover-color\" data-hover-color=\"#056133\" data-hover-bg-color=\"#ffffff\" data-hover-border-color=\"#056133\" >\n            <span class=\"mkdf-btn-predefined-line-holder\">\n            <span class=\"mkdf-btn-line-hidden\"><\/span>\n            <span class=\"mkdf-btn-text\">K\u00d6RNUNG<\/span>\n\t        <span class=\"mkdf-btn-line\"><\/span>\n            <i class=\"mkdf-btn-predefined-icon mkdf-icon-ion-icon ion-ios-play \"><\/i>\n        <\/span>\n    <\/a>\t\t<\/div>\n\t<\/div>\n<\/div><div class=\"mkdf-eh-item  mkdf-vertical-alignment-top  \"  data-item-class=\"mkdf-eh-custom-7918\" data-680=\"0px 0px 0px 0px\">\n\t<div class=\"mkdf-eh-item-inner\">\n\t\t<div class=\"mkdf-eh-item-content mkdf-eh-custom-7918\" style=\"padding: 10px 0px 10px 30px\">\n\t\t\t\t\t<\/div>\n\t<\/div>\n<\/div><\/div>[\/vc_column][\/vc_row][vc_row disable_element=&#8220;yes&#8220; row_content_width=&#8220;grid&#8220; disable_background_image=&#8220;&#8220; simple_background_color=&#8220;#056133&#8243;][vc_column]<div class=\"mkdf-elements-holder   mkdf-two-columns  mkdf-responsive-mode-768 \" ><div class=\"mkdf-eh-item  mkdf-vertical-alignment-top  \"  data-item-class=\"mkdf-eh-custom-4806\">\n\t<div class=\"mkdf-eh-item-inner\">\n\t\t<div class=\"mkdf-eh-item-content mkdf-eh-custom-4806\" style=\"padding: 10px 30px 10px 0px\">\n\t\t\t[vc_column_text]<\/p>\n<h4 style=\"color: white;\">ADVANTAGES<\/h4>\n<ul>\n<li style=\"color: white;\">They can work on both sides<\/li>\n<li style=\"color: white;\">The abrasive regenerates automatically during processing, maintaining a constant cutting and finishing capacity<\/li>\n<li style=\"color: white;\">Can be used both dry, with water, detergents or solvents<\/li>\n<\/ul>\n<p>[\/vc_column_text]\t\t<\/div>\n\t<\/div>\n<\/div><div class=\"mkdf-eh-item  mkdf-vertical-alignment-top  \"  data-item-class=\"mkdf-eh-custom-8265\" data-680=\"0px 0px 0px 0px\">\n\t<div class=\"mkdf-eh-item-inner\">\n\t\t<div class=\"mkdf-eh-item-content mkdf-eh-custom-8265\" style=\"padding: 10px 0px 10px 30px\">\n\t\t\t[vc_column_text]<\/p>\n<h4 style=\"color: white;\">APPLICATIONS<\/h4>\n<ul>\n<li style=\"color: white;\">Metal finishing<\/li>\n<li style=\"color: white;\">Metal masking<\/li>\n<li style=\"color: white;\">Finishing on metals<\/li>\n<li style=\"color: white;\">Paint buffing<\/li>\n<li style=\"color: white;\">Floor cleaning<\/li>\n<li style=\"color: white;\">Ceramic sanitary polishing<\/li>\n<\/ul>\n<p>[\/vc_column_text]\t\t<\/div>\n\t<\/div>\n<\/div><\/div>[vc_empty_space][\/vc_column][\/vc_row][vc_row row_content_width=&#8220;grid&#8220; disable_background_image=&#8220;&#8220;][vc_column][vc_empty_space]<div class=\"woocommerce columns-4 \"><ul class=\"products columns-4\">\n<li class=\"product type-product post-11049 status-publish first instock product_cat-schleifrollen product_tag-discotelsisal-de product_tag-schleifpads has-post-thumbnail shipping-taxable product-type-simple\">\n\t<div class=\"mkdf-pl-inner\"><div class=\"mkdf-pl-image\"><img loading=\"lazy\" decoding=\"async\" width=\"300\" height=\"300\" src=\"https:\/\/discotelsisal.com\/wp-content\/uploads\/2021\/07\/01-ROTOLI-TNT-300x300.jpg\" class=\"attachment-woocommerce_thumbnail size-woocommerce_thumbnail\" alt=\"VLIES-SCHLEIFROLLEN\" srcset=\"https:\/\/discotelsisal.com\/wp-content\/uploads\/2021\/07\/01-ROTOLI-TNT-300x300.jpg 300w, https:\/\/discotelsisal.com\/wp-content\/uploads\/2021\/07\/01-ROTOLI-TNT-150x150.jpg 150w, https:\/\/discotelsisal.com\/wp-content\/uploads\/2021\/07\/01-ROTOLI-TNT-768x768.jpg 768w, https:\/\/discotelsisal.com\/wp-content\/uploads\/2021\/07\/01-ROTOLI-TNT-650x650.jpg 650w, https:\/\/discotelsisal.com\/wp-content\/uploads\/2021\/07\/01-ROTOLI-TNT-600x600.jpg 600w, https:\/\/discotelsisal.com\/wp-content\/uploads\/2021\/07\/01-ROTOLI-TNT-100x100.jpg 100w, https:\/\/discotelsisal.com\/wp-content\/uploads\/2021\/07\/01-ROTOLI-TNT.jpg 1014w\" sizes=\"auto, (max-width: 300px) 100vw, 300px\" \/><div class=\"mkdf-pl-text\"><div class=\"mkdf-pl-text-outer\"><div class=\"mkdf-pl-text-inner\">\t<span id=\"woocommerce_loop_add_to_cart_link_describedby_11049\" class=\"screen-reader-text\">\n\t\t\t<\/span>\n<\/div><\/div><\/div><\/div><\/div><div class=\"mkdf-pl-text-wrapper\"><div class=\"mkdf-pl-text-wrapper-inner\"><div class=\"mkdf-pl-category\"><a href=\"https:\/\/discotelsisal.com\/de\/product-category\/schleifrollen\/\" rel=\"tag\">SCHLEIFROLLEN<\/a><\/div><\/div><h5 class=\"mkdf-product-list-title\"><a href=\"https:\/\/discotelsisal.com\/de\/product\/vlies-schleifrollen\/\">VLIES-SCHLEIFROLLEN<\/a><\/h5>\n\t<span class=\"price\"><span class=\"woocommerce-Price-amount amount\"><bdi>70,00<span class=\"woocommerce-Price-currencySymbol\">&euro;<\/span><\/bdi><\/span><\/span>\n<\/div><a href=\"https:\/\/discotelsisal.com\/de\/product\/vlies-schleifrollen\/\" class=\"woocommerce-LoopProduct-link woocommerce-loop-product__link\"><\/a><\/li>\n<li class=\"product type-product post-11050 status-publish instock product_cat-schleifrollen product_tag-discotelsisal-de product_tag-schleifpads has-post-thumbnail shipping-taxable product-type-simple\">\n\t<div class=\"mkdf-pl-inner\"><div class=\"mkdf-pl-image\"><img loading=\"lazy\" decoding=\"async\" width=\"300\" height=\"300\" src=\"https:\/\/discotelsisal.com\/wp-content\/uploads\/2021\/07\/02-BANDELLE-TNT-300x300.jpg\" class=\"attachment-woocommerce_thumbnail size-woocommerce_thumbnail\" alt=\"VLIES-SCHLEIFB\u00c4NDER\" srcset=\"https:\/\/discotelsisal.com\/wp-content\/uploads\/2021\/07\/02-BANDELLE-TNT-300x300.jpg 300w, https:\/\/discotelsisal.com\/wp-content\/uploads\/2021\/07\/02-BANDELLE-TNT-150x150.jpg 150w, https:\/\/discotelsisal.com\/wp-content\/uploads\/2021\/07\/02-BANDELLE-TNT-768x768.jpg 768w, https:\/\/discotelsisal.com\/wp-content\/uploads\/2021\/07\/02-BANDELLE-TNT-650x650.jpg 650w, https:\/\/discotelsisal.com\/wp-content\/uploads\/2021\/07\/02-BANDELLE-TNT-600x600.jpg 600w, https:\/\/discotelsisal.com\/wp-content\/uploads\/2021\/07\/02-BANDELLE-TNT-100x100.jpg 100w, https:\/\/discotelsisal.com\/wp-content\/uploads\/2021\/07\/02-BANDELLE-TNT.jpg 1000w\" sizes=\"auto, (max-width: 300px) 100vw, 300px\" \/><div class=\"mkdf-pl-text\"><div class=\"mkdf-pl-text-outer\"><div class=\"mkdf-pl-text-inner\">\t<span id=\"woocommerce_loop_add_to_cart_link_describedby_11050\" class=\"screen-reader-text\">\n\t\t\t<\/span>\n<\/div><\/div><\/div><\/div><\/div><div class=\"mkdf-pl-text-wrapper\"><div class=\"mkdf-pl-text-wrapper-inner\"><div class=\"mkdf-pl-category\"><a href=\"https:\/\/discotelsisal.com\/de\/product-category\/schleifrollen\/\" rel=\"tag\">SCHLEIFROLLEN<\/a><\/div><\/div><h5 class=\"mkdf-product-list-title\"><a href=\"https:\/\/discotelsisal.com\/de\/product\/vlies-schleifbaender\/\">VLIES-SCHLEIFB\u00c4NDER<\/a><\/h5>\n\t<span class=\"price\"><span class=\"woocommerce-Price-amount amount\"><bdi>70,00<span class=\"woocommerce-Price-currencySymbol\">&euro;<\/span><\/bdi><\/span><\/span>\n<\/div><a href=\"https:\/\/discotelsisal.com\/de\/product\/vlies-schleifbaender\/\" class=\"woocommerce-LoopProduct-link woocommerce-loop-product__link\"><\/a><\/li>\n<li class=\"product type-product post-11051 status-publish instock product_cat-schleifrollen product_tag-discotelsisal-de product_tag-schleifpads has-post-thumbnail shipping-taxable product-type-simple\">\n\t<div class=\"mkdf-pl-inner\"><div class=\"mkdf-pl-image\"><img loading=\"lazy\" decoding=\"async\" width=\"300\" height=\"300\" src=\"https:\/\/discotelsisal.com\/wp-content\/uploads\/2021\/07\/03b-ROTOLI-TNT-per-PULIZIA-PAVIMENTI-300x300.jpg\" class=\"attachment-woocommerce_thumbnail size-woocommerce_thumbnail\" alt=\"VLIES-SCHLEIFROLLEN F\u00dcR DIE BODENREINIGUNG\" srcset=\"https:\/\/discotelsisal.com\/wp-content\/uploads\/2021\/07\/03b-ROTOLI-TNT-per-PULIZIA-PAVIMENTI-300x300.jpg 300w, https:\/\/discotelsisal.com\/wp-content\/uploads\/2021\/07\/03b-ROTOLI-TNT-per-PULIZIA-PAVIMENTI-150x150.jpg 150w, https:\/\/discotelsisal.com\/wp-content\/uploads\/2021\/07\/03b-ROTOLI-TNT-per-PULIZIA-PAVIMENTI-768x768.jpg 768w, https:\/\/discotelsisal.com\/wp-content\/uploads\/2021\/07\/03b-ROTOLI-TNT-per-PULIZIA-PAVIMENTI-650x650.jpg 650w, https:\/\/discotelsisal.com\/wp-content\/uploads\/2021\/07\/03b-ROTOLI-TNT-per-PULIZIA-PAVIMENTI-600x600.jpg 600w, https:\/\/discotelsisal.com\/wp-content\/uploads\/2021\/07\/03b-ROTOLI-TNT-per-PULIZIA-PAVIMENTI-100x100.jpg 100w, https:\/\/discotelsisal.com\/wp-content\/uploads\/2021\/07\/03b-ROTOLI-TNT-per-PULIZIA-PAVIMENTI.jpg 901w\" sizes=\"auto, (max-width: 300px) 100vw, 300px\" \/><div class=\"mkdf-pl-text\"><div class=\"mkdf-pl-text-outer\"><div class=\"mkdf-pl-text-inner\">\t<span id=\"woocommerce_loop_add_to_cart_link_describedby_11051\" class=\"screen-reader-text\">\n\t\t\t<\/span>\n<\/div><\/div><\/div><\/div><\/div><div class=\"mkdf-pl-text-wrapper\"><div class=\"mkdf-pl-text-wrapper-inner\"><div class=\"mkdf-pl-category\"><a href=\"https:\/\/discotelsisal.com\/de\/product-category\/schleifrollen\/\" rel=\"tag\">SCHLEIFROLLEN<\/a><\/div><\/div><h5 class=\"mkdf-product-list-title\"><a href=\"https:\/\/discotelsisal.com\/de\/product\/vlies-schleifrollen-fuer-die-bodenreinigung\/\">VLIES-SCHLEIFROLLEN F\u00dcR DIE BODENREINIGUNG<\/a><\/h5>\n\t<span class=\"price\"><span class=\"woocommerce-Price-amount amount\"><bdi>70,00<span class=\"woocommerce-Price-currencySymbol\">&euro;<\/span><\/bdi><\/span><\/span>\n<\/div><a href=\"https:\/\/discotelsisal.com\/de\/product\/vlies-schleifrollen-fuer-die-bodenreinigung\/\" class=\"woocommerce-LoopProduct-link woocommerce-loop-product__link\"><\/a><\/li>\n<li class=\"product type-product post-11052 status-publish last instock product_cat-schleifrollen product_tag-discotelsisal-de product_tag-schleifpads has-post-thumbnail shipping-taxable product-type-simple\">\n\t<div class=\"mkdf-pl-inner\"><div class=\"mkdf-pl-image\"><img loading=\"lazy\" decoding=\"async\" width=\"300\" height=\"300\" src=\"https:\/\/discotelsisal.com\/wp-content\/uploads\/2021\/07\/mini-rolls-floor-tratmnet-1-300x300.jpg\" class=\"attachment-woocommerce_thumbnail size-woocommerce_thumbnail\" alt=\"VLIES-SCHLEIFB\u00c4NDER F\u00dcR DIE BODENREINIGUNG\" srcset=\"https:\/\/discotelsisal.com\/wp-content\/uploads\/2021\/07\/mini-rolls-floor-tratmnet-1-300x300.jpg 300w, https:\/\/discotelsisal.com\/wp-content\/uploads\/2021\/07\/mini-rolls-floor-tratmnet-1-150x150.jpg 150w, https:\/\/discotelsisal.com\/wp-content\/uploads\/2021\/07\/mini-rolls-floor-tratmnet-1-768x768.jpg 768w, https:\/\/discotelsisal.com\/wp-content\/uploads\/2021\/07\/mini-rolls-floor-tratmnet-1-650x650.jpg 650w, https:\/\/discotelsisal.com\/wp-content\/uploads\/2021\/07\/mini-rolls-floor-tratmnet-1-600x600.jpg 600w, https:\/\/discotelsisal.com\/wp-content\/uploads\/2021\/07\/mini-rolls-floor-tratmnet-1-100x100.jpg 100w, https:\/\/discotelsisal.com\/wp-content\/uploads\/2021\/07\/mini-rolls-floor-tratmnet-1.jpg 1000w\" sizes=\"auto, (max-width: 300px) 100vw, 300px\" \/><div class=\"mkdf-pl-text\"><div class=\"mkdf-pl-text-outer\"><div class=\"mkdf-pl-text-inner\">\t<span id=\"woocommerce_loop_add_to_cart_link_describedby_11052\" class=\"screen-reader-text\">\n\t\t\t<\/span>\n<\/div><\/div><\/div><\/div><\/div><div class=\"mkdf-pl-text-wrapper\"><div class=\"mkdf-pl-text-wrapper-inner\"><div class=\"mkdf-pl-category\"><a href=\"https:\/\/discotelsisal.com\/de\/product-category\/schleifrollen\/\" rel=\"tag\">SCHLEIFROLLEN<\/a><\/div><\/div><h5 class=\"mkdf-product-list-title\"><a href=\"https:\/\/discotelsisal.com\/de\/product\/vlies-schleifbaender-fuer-die-bodenreinigung\/\">VLIES-SCHLEIFB\u00c4NDER F\u00dcR DIE BODENREINIGUNG<\/a><\/h5>\n\t<span class=\"price\"><span class=\"woocommerce-Price-amount amount\"><bdi>70,00<span class=\"woocommerce-Price-currencySymbol\">&euro;<\/span><\/bdi><\/span><\/span>\n<\/div><a href=\"https:\/\/discotelsisal.com\/de\/product\/vlies-schleifbaender-fuer-die-bodenreinigung\/\" class=\"woocommerce-LoopProduct-link woocommerce-loop-product__link\"><\/a><\/li>\n<\/ul>\n<\/div>[\/vc_column][\/vc_row]<\/p>\n<\/div>","protected":false},"excerpt":{"rendered":"<p>[vc_row disable_background_image=&#8220;&#8220; simple_background_color=&#8220;#056133&#8243;][vc_column][\/vc_column][\/vc_row][vc_row row_content_width=&#8220;grid&#8220; disable_background_image=&#8220;&#8220;][vc_column][vc_empty_space][vc_column_text] Die Vlies-Schleifrollen bestehen aus einem Tr\u00e4germaterial aus Vlies-Nylonfasern, die mit Aluminiumoxid oder Siliziumkarbid bespr\u00fcht und \/ oder gleichm\u00e4\u00dfig mit Schleifk\u00f6rnern durch die Bindungswirkung von Kunstharzen getr\u00e4nkt sind. [\/vc_column_text][vc_empty_space][\/vc_column][\/vc_row][vc_row disable_element=&#8220;yes&#8220; row_content_width=&#8220;grid&#8220; disable_background_image=&#8220;&#8220; simple_background_color=&#8220;#056133&#8243;][vc_column][vc_empty_space][\/vc_column][\/vc_row][vc_row row_content_width=&#8220;grid&#8220; disable_background_image=&#8220;&#8220;][vc_column][vc_empty_space][\/vc_column][\/vc_row]<\/p>\n","protected":false},"author":5,"featured_media":0,"parent":10955,"menu_order":0,"comment_status":"closed","ping_status":"closed","template":"full-width.php","meta":{"footnotes":""},"class_list":["post-11047","page","type-page","status-publish","hentry"],"yoast_head":"<!-- This site is optimized with the Yoast SEO plugin v27.3 - https:\/\/yoast.com\/product\/yoast-seo-wordpress\/ -->\n<title>SCHLEIFROLLEN - Discotelsisal<\/title>\n<meta name=\"description\" content=\"Die Vlies-Schleifrollen bestehen aus einem Tr\u00e4germaterial aus Vlies-Nylonfasern, die mit Aluminiumoxid oder Siliziumkarbid bespr\u00fcht und \/ oder gleichm\u00e4\u00dfig mit Schleifk\u00f6rnern durch die Bindungswirkung von Kunstharzen getr\u00e4nkt sind.\" \/>\n<meta name=\"robots\" content=\"index, follow, max-snippet:-1, max-image-preview:large, max-video-preview:-1\" \/>\n<link rel=\"canonical\" href=\"https:\/\/discotelsisal.com\/de\/produkte\/schleifrollen\/\" \/>\n<meta property=\"og:locale\" content=\"de_DE\" \/>\n<meta property=\"og:type\" content=\"article\" \/>\n<meta property=\"og:title\" content=\"SCHLEIFROLLEN - Discotelsisal\" \/>\n<meta property=\"og:description\" content=\"Die Vlies-Schleifrollen bestehen aus einem Tr\u00e4germaterial aus Vlies-Nylonfasern, die mit Aluminiumoxid oder Siliziumkarbid bespr\u00fcht und \/ oder gleichm\u00e4\u00dfig mit Schleifk\u00f6rnern durch die Bindungswirkung von Kunstharzen getr\u00e4nkt sind.\" \/>\n<meta property=\"og:url\" content=\"https:\/\/discotelsisal.com\/de\/produkte\/schleifrollen\/\" \/>\n<meta property=\"og:site_name\" content=\"Discotelsisal\" \/>\n<meta property=\"article:modified_time\" content=\"2023-03-15T14:23:36+00:00\" \/>\n<meta name=\"twitter:card\" content=\"summary_large_image\" \/>\n<meta name=\"twitter:label1\" content=\"Gesch\u00e4tzte Lesezeit\" \/>\n\t<meta name=\"twitter:data1\" content=\"1\u00a0Minute\" \/>\n<script type=\"application\/ld+json\" class=\"yoast-schema-graph\">{\"@context\":\"https:\\\/\\\/schema.org\",\"@graph\":[{\"@type\":\"WebPage\",\"@id\":\"https:\\\/\\\/discotelsisal.com\\\/de\\\/produkte\\\/schleifrollen\\\/\",\"url\":\"https:\\\/\\\/discotelsisal.com\\\/de\\\/produkte\\\/schleifrollen\\\/\",\"name\":\"SCHLEIFROLLEN - Discotelsisal\",\"isPartOf\":{\"@id\":\"https:\\\/\\\/discotelsisal.com\\\/de\\\/#website\"},\"datePublished\":\"2023-03-15T14:15:35+00:00\",\"dateModified\":\"2023-03-15T14:23:36+00:00\",\"description\":\"Die Vlies-Schleifrollen bestehen aus einem Tr\u00e4germaterial aus Vlies-Nylonfasern, die mit Aluminiumoxid oder Siliziumkarbid bespr\u00fcht und \\\/ oder gleichm\u00e4\u00dfig mit Schleifk\u00f6rnern durch die Bindungswirkung von Kunstharzen getr\u00e4nkt sind.\",\"breadcrumb\":{\"@id\":\"https:\\\/\\\/discotelsisal.com\\\/de\\\/produkte\\\/schleifrollen\\\/#breadcrumb\"},\"inLanguage\":\"de\",\"potentialAction\":[{\"@type\":\"ReadAction\",\"target\":[\"https:\\\/\\\/discotelsisal.com\\\/de\\\/produkte\\\/schleifrollen\\\/\"]}]},{\"@type\":\"BreadcrumbList\",\"@id\":\"https:\\\/\\\/discotelsisal.com\\\/de\\\/produkte\\\/schleifrollen\\\/#breadcrumb\",\"itemListElement\":[{\"@type\":\"ListItem\",\"position\":1,\"name\":\"Home\",\"item\":\"https:\\\/\\\/discotelsisal.com\\\/de\\\/\"},{\"@type\":\"ListItem\",\"position\":2,\"name\":\"Produkte\",\"item\":\"https:\\\/\\\/discotelsisal.com\\\/de\\\/produkte\\\/\"},{\"@type\":\"ListItem\",\"position\":3,\"name\":\"SCHLEIFROLLEN\"}]},{\"@type\":\"WebSite\",\"@id\":\"https:\\\/\\\/discotelsisal.com\\\/de\\\/#website\",\"url\":\"https:\\\/\\\/discotelsisal.com\\\/de\\\/\",\"name\":\"Discotelsisal\",\"description\":\"Sanding Solutions\",\"publisher\":{\"@id\":\"https:\\\/\\\/discotelsisal.com\\\/de\\\/#organization\"},\"potentialAction\":[{\"@type\":\"SearchAction\",\"target\":{\"@type\":\"EntryPoint\",\"urlTemplate\":\"https:\\\/\\\/discotelsisal.com\\\/de\\\/?s={search_term_string}\"},\"query-input\":{\"@type\":\"PropertyValueSpecification\",\"valueRequired\":true,\"valueName\":\"search_term_string\"}}],\"inLanguage\":\"de\"},{\"@type\":\"Organization\",\"@id\":\"https:\\\/\\\/discotelsisal.com\\\/de\\\/#organization\",\"name\":\"Discotelsisal\",\"url\":\"https:\\\/\\\/discotelsisal.com\\\/de\\\/\",\"logo\":{\"@type\":\"ImageObject\",\"inLanguage\":\"de\",\"@id\":\"https:\\\/\\\/discotelsisal.com\\\/de\\\/#\\\/schema\\\/logo\\\/image\\\/\",\"url\":\"https:\\\/\\\/discotelsisal.com\\\/wp-content\\\/uploads\\\/2021\\\/06\\\/logo-new-resize.png\",\"contentUrl\":\"https:\\\/\\\/discotelsisal.com\\\/wp-content\\\/uploads\\\/2021\\\/06\\\/logo-new-resize.png\",\"width\":644,\"height\":200,\"caption\":\"Discotelsisal\"},\"image\":{\"@id\":\"https:\\\/\\\/discotelsisal.com\\\/de\\\/#\\\/schema\\\/logo\\\/image\\\/\"}}]}<\/script>\n<!-- \/ Yoast SEO plugin. -->","yoast_head_json":{"title":"SCHLEIFROLLEN - Discotelsisal","description":"Die Vlies-Schleifrollen bestehen aus einem Tr\u00e4germaterial aus Vlies-Nylonfasern, die mit Aluminiumoxid oder Siliziumkarbid bespr\u00fcht und \/ oder gleichm\u00e4\u00dfig mit Schleifk\u00f6rnern durch die Bindungswirkung von Kunstharzen getr\u00e4nkt sind.","robots":{"index":"index","follow":"follow","max-snippet":"max-snippet:-1","max-image-preview":"max-image-preview:large","max-video-preview":"max-video-preview:-1"},"canonical":"https:\/\/discotelsisal.com\/de\/produkte\/schleifrollen\/","og_locale":"de_DE","og_type":"article","og_title":"SCHLEIFROLLEN - Discotelsisal","og_description":"Die Vlies-Schleifrollen bestehen aus einem Tr\u00e4germaterial aus Vlies-Nylonfasern, die mit Aluminiumoxid oder Siliziumkarbid bespr\u00fcht und \/ oder gleichm\u00e4\u00dfig mit Schleifk\u00f6rnern durch die Bindungswirkung von Kunstharzen getr\u00e4nkt sind.","og_url":"https:\/\/discotelsisal.com\/de\/produkte\/schleifrollen\/","og_site_name":"Discotelsisal","article_modified_time":"2023-03-15T14:23:36+00:00","twitter_card":"summary_large_image","twitter_misc":{"Gesch\u00e4tzte Lesezeit":"1\u00a0Minute"},"schema":{"@context":"https:\/\/schema.org","@graph":[{"@type":"WebPage","@id":"https:\/\/discotelsisal.com\/de\/produkte\/schleifrollen\/","url":"https:\/\/discotelsisal.com\/de\/produkte\/schleifrollen\/","name":"SCHLEIFROLLEN - Discotelsisal","isPartOf":{"@id":"https:\/\/discotelsisal.com\/de\/#website"},"datePublished":"2023-03-15T14:15:35+00:00","dateModified":"2023-03-15T14:23:36+00:00","description":"Die Vlies-Schleifrollen bestehen aus einem Tr\u00e4germaterial aus Vlies-Nylonfasern, die mit Aluminiumoxid oder Siliziumkarbid bespr\u00fcht und \/ oder gleichm\u00e4\u00dfig mit Schleifk\u00f6rnern durch die Bindungswirkung von Kunstharzen getr\u00e4nkt sind.","breadcrumb":{"@id":"https:\/\/discotelsisal.com\/de\/produkte\/schleifrollen\/#breadcrumb"},"inLanguage":"de","potentialAction":[{"@type":"ReadAction","target":["https:\/\/discotelsisal.com\/de\/produkte\/schleifrollen\/"]}]},{"@type":"BreadcrumbList","@id":"https:\/\/discotelsisal.com\/de\/produkte\/schleifrollen\/#breadcrumb","itemListElement":[{"@type":"ListItem","position":1,"name":"Home","item":"https:\/\/discotelsisal.com\/de\/"},{"@type":"ListItem","position":2,"name":"Produkte","item":"https:\/\/discotelsisal.com\/de\/produkte\/"},{"@type":"ListItem","position":3,"name":"SCHLEIFROLLEN"}]},{"@type":"WebSite","@id":"https:\/\/discotelsisal.com\/de\/#website","url":"https:\/\/discotelsisal.com\/de\/","name":"Discotelsisal","description":"Sanding Solutions","publisher":{"@id":"https:\/\/discotelsisal.com\/de\/#organization"},"potentialAction":[{"@type":"SearchAction","target":{"@type":"EntryPoint","urlTemplate":"https:\/\/discotelsisal.com\/de\/?s={search_term_string}"},"query-input":{"@type":"PropertyValueSpecification","valueRequired":true,"valueName":"search_term_string"}}],"inLanguage":"de"},{"@type":"Organization","@id":"https:\/\/discotelsisal.com\/de\/#organization","name":"Discotelsisal","url":"https:\/\/discotelsisal.com\/de\/","logo":{"@type":"ImageObject","inLanguage":"de","@id":"https:\/\/discotelsisal.com\/de\/#\/schema\/logo\/image\/","url":"https:\/\/discotelsisal.com\/wp-content\/uploads\/2021\/06\/logo-new-resize.png","contentUrl":"https:\/\/discotelsisal.com\/wp-content\/uploads\/2021\/06\/logo-new-resize.png","width":644,"height":200,"caption":"Discotelsisal"},"image":{"@id":"https:\/\/discotelsisal.com\/de\/#\/schema\/logo\/image\/"}}]}},"_links":{"self":[{"href":"https:\/\/discotelsisal.com\/de\/wp-json\/wp\/v2\/pages\/11047","targetHints":{"allow":["GET"]}}],"collection":[{"href":"https:\/\/discotelsisal.com\/de\/wp-json\/wp\/v2\/pages"}],"about":[{"href":"https:\/\/discotelsisal.com\/de\/wp-json\/wp\/v2\/types\/page"}],"author":[{"embeddable":true,"href":"https:\/\/discotelsisal.com\/de\/wp-json\/wp\/v2\/users\/5"}],"replies":[{"embeddable":true,"href":"https:\/\/discotelsisal.com\/de\/wp-json\/wp\/v2\/comments?post=11047"}],"version-history":[{"count":2,"href":"https:\/\/discotelsisal.com\/de\/wp-json\/wp\/v2\/pages\/11047\/revisions"}],"predecessor-version":[{"id":11053,"href":"https:\/\/discotelsisal.com\/de\/wp-json\/wp\/v2\/pages\/11047\/revisions\/11053"}],"up":[{"embeddable":true,"href":"https:\/\/discotelsisal.com\/de\/wp-json\/wp\/v2\/pages\/10955"}],"wp:attachment":[{"href":"https:\/\/discotelsisal.com\/de\/wp-json\/wp\/v2\/media?parent=11047"}],"curies":[{"name":"wp","href":"https:\/\/api.w.org\/{rel}","templated":true}]}}