{"id":10945,"date":"2023-03-14T11:19:45","date_gmt":"2023-03-14T11:19:45","guid":{"rendered":"https:\/\/discotelsisal.com\/?page_id=10945"},"modified":"2023-04-03T10:15:42","modified_gmt":"2023-04-03T10:15:42","slug":"das-unternehmen","status":"publish","type":"page","link":"https:\/\/discotelsisal.com\/de\/das-unternehmen\/","title":{"rendered":"Das Unternehmen"},"content":{"rendered":"<div class=\"wpb-content-wrapper\"><p>[vc_row disable_background_image=&#8220;&#8220; simple_background_color=&#8220;#056133&#8243;][vc_column]<div class=\"mkdf-elements-holder   mkdf-one-column  mkdf-responsive-mode-768 \" ><div class=\"mkdf-eh-item   mkdf-horizontal-alignment-center \"  data-item-class=\"mkdf-eh-custom-2615\">\n\t<div class=\"mkdf-eh-item-inner\">\n\t\t<div class=\"mkdf-eh-item-content mkdf-eh-custom-2615\" style=\"padding: 40px 0px 40px 0px\">\n\t\t\t<div class=\"mkdf-section-title-holder title-split-style   mkdf-has-appear-animation\" >\n\t<div class=\"mkdf-st-inner\">\n\t\t\t\t\t\t<h1 class=\"mkdf-st-title\" style=\"color: #ffffff\">\n\t\t\t\t\t\t\t\t\tDAS UNTERNEHMEN\t\t\t\t\t\t\t<\/h1>\n\t\t\t\t\t\t\t<\/div>\n<\/div>\t\t<\/div>\n\t<\/div>\n<\/div><\/div>[\/vc_column][\/vc_row][vc_row disable_background_image=&#8220;1024&#8243; css=&#8220;.vc_custom_1618236875523{padding-top: 60px !important;padding-bottom: 82px !important;}&#8220;][vc_column][vc_row_inner row_content_width=&#8220;grid&#8220;][vc_column_inner][vc_empty_space height=&#8220;35px&#8220;][\/vc_column_inner][\/vc_row_inner][vc_row_inner row_content_width=&#8220;grid&#8220;][vc_column_inner]<div class=\"mkdf-elements-holder   mkdf-one-column  mkdf-responsive-mode-768 mkdf-one-column-alignment-left\" ><div class=\"mkdf-eh-item    \"  data-item-class=\"mkdf-eh-custom-5593\">\n\t<div class=\"mkdf-eh-item-inner\">\n\t\t<div class=\"mkdf-eh-item-content mkdf-eh-custom-5593\" style=\"padding: 0px 30px 15px 0px\">\n\t\t\t[vc_column_text]DISCOTELSISAL ist ein f\u00fchrendes Unternehmen in der Herstellung von <strong>Schleifmitteln und Schleifscheiben, <\/strong>die mit synthetischen und nat\u00fcrlichen Schleifmitteln hergestellt werden. Im Jahr 1957 wurden dank der Erfahrung von Salvatore Cassar\u00e0 die ersten Schleifscheiben geboren.<\/p>\n<p>Von Anfang an hat DISCOTELSISAL auf technologische Forschung und Produktspezialisierung als strategische Entwicklungsfaktoren gesetzt: es ist kein Zufall, dass viele unserer Innovationen zu einem Ma\u00dfstab in der Welt der Schleifmittel und Schleifscheiben geworden sind.<\/p>\n<p>DISCOTELSISAL <strong>bietet eine umfassende Palette von Schleifl\u00f6sungen an,<\/strong> die auf die spezifischen Bed\u00fcrfnisse jedes Kunden zugeschnitten sind.<\/p>\n<p>Das Unternehmen verf\u00fcgt \u00fcber eine Gesamtfl\u00e4che von 5.000 m\u00b2, mehr als 30 Mitarbeiter und <strong>ein weltweites Vertriebsnetz.<\/strong> DISCOTELSISAL ist dank seiner <strong>mehr als 60-j\u00e4hrigen Marktpr\u00e4senz<\/strong> u einem Bezugspunkt f\u00fcr Unternehmen in den Bereichen Holzverarbeitung, Farben, Metall, Keramik und Leiterplatten geworden.<\/p>\n<p><strong>QUALIT\u00c4T, EINFACHHEIT, MARKTN\u00c4HE<\/strong> waren und werden auch in Zukunft die Leitlinien von DISCOTELSISAL sein.[\/vc_column_text][vc_empty_space]\t\t<\/div>\n\t<\/div>\n<\/div><div class=\"mkdf-eh-item   mkdf-horizontal-alignment-center \"  data-item-class=\"mkdf-eh-custom-4666\">\n\t<div class=\"mkdf-eh-item-inner\">\n\t\t<div class=\"mkdf-eh-item-content mkdf-eh-custom-4666\" style=\"padding: 0px 0px 15px 0px\">\n\t\t\t[vc_single_image image=&#8220;10571&#8243; img_size=&#8220;full&#8220; alignment=&#8220;center&#8220;]\t\t<\/div>\n\t<\/div>\n<\/div><\/div>[\/vc_column_inner][\/vc_row_inner][\/vc_column][\/vc_row]<\/p>\n<\/div>","protected":false},"excerpt":{"rendered":"<p>[vc_row disable_background_image=&#8220;&#8220; simple_background_color=&#8220;#056133&#8243;][vc_column][\/vc_column][\/vc_row][vc_row disable_background_image=&#8220;1024&#8243; css=&#8220;.vc_custom_1618236875523{padding-top: 60px !important;padding-bottom: 82px !important;}&#8220;][vc_column][vc_row_inner row_content_width=&#8220;grid&#8220;][vc_column_inner][vc_empty_space height=&#8220;35px&#8220;][\/vc_column_inner][\/vc_row_inner][vc_row_inner row_content_width=&#8220;grid&#8220;][vc_column_inner][\/vc_column_inner][\/vc_row_inner][\/vc_column][\/vc_row]<\/p>\n","protected":false},"author":5,"featured_media":0,"parent":0,"menu_order":0,"comment_status":"closed","ping_status":"closed","template":"full-width.php","meta":{"footnotes":""},"class_list":["post-10945","page","type-page","status-publish","hentry"],"yoast_head":"<!-- This site is optimized with the Yoast SEO plugin v27.4 - https:\/\/yoast.com\/product\/yoast-seo-wordpress\/ -->\n<title>Das Unternehmen - Discotelsisal<\/title>\n<meta name=\"description\" content=\"DISCOTELSISAL ist ein f\u00fchrendes Unternehmen in der Herstellung von Schleifmitteln und Schleifr\u00e4dern mit synthetischen und nat\u00fcrlichen Schleifmitteln.\" \/>\n<meta name=\"robots\" content=\"index, follow, max-snippet:-1, max-image-preview:large, max-video-preview:-1\" \/>\n<link rel=\"canonical\" href=\"https:\/\/discotelsisal.com\/de\/das-unternehmen\/\" \/>\n<meta property=\"og:locale\" content=\"de_DE\" \/>\n<meta property=\"og:type\" content=\"article\" \/>\n<meta property=\"og:title\" content=\"Das Unternehmen - Discotelsisal\" \/>\n<meta property=\"og:description\" content=\"DISCOTELSISAL ist ein f\u00fchrendes Unternehmen in der Herstellung von Schleifmitteln und Schleifr\u00e4dern mit synthetischen und nat\u00fcrlichen Schleifmitteln.\" \/>\n<meta property=\"og:url\" content=\"https:\/\/discotelsisal.com\/de\/das-unternehmen\/\" \/>\n<meta property=\"og:site_name\" content=\"Discotelsisal\" \/>\n<meta property=\"article:modified_time\" content=\"2023-04-03T10:15:42+00:00\" \/>\n<meta name=\"twitter:card\" content=\"summary_large_image\" \/>\n<meta name=\"twitter:label1\" content=\"Gesch\u00e4tzte Lesezeit\" \/>\n\t<meta name=\"twitter:data1\" content=\"1\u00a0Minute\" \/>\n<script type=\"application\/ld+json\" class=\"yoast-schema-graph\">{\"@context\":\"https:\\\/\\\/schema.org\",\"@graph\":[{\"@type\":\"WebPage\",\"@id\":\"https:\\\/\\\/discotelsisal.com\\\/de\\\/das-unternehmen\\\/\",\"url\":\"https:\\\/\\\/discotelsisal.com\\\/de\\\/das-unternehmen\\\/\",\"name\":\"Das Unternehmen - Discotelsisal\",\"isPartOf\":{\"@id\":\"https:\\\/\\\/discotelsisal.com\\\/de\\\/#website\"},\"datePublished\":\"2023-03-14T11:19:45+00:00\",\"dateModified\":\"2023-04-03T10:15:42+00:00\",\"description\":\"DISCOTELSISAL ist ein f\u00fchrendes Unternehmen in der Herstellung von Schleifmitteln und Schleifr\u00e4dern mit synthetischen und nat\u00fcrlichen Schleifmitteln.\",\"breadcrumb\":{\"@id\":\"https:\\\/\\\/discotelsisal.com\\\/de\\\/das-unternehmen\\\/#breadcrumb\"},\"inLanguage\":\"de\",\"potentialAction\":[{\"@type\":\"ReadAction\",\"target\":[\"https:\\\/\\\/discotelsisal.com\\\/de\\\/das-unternehmen\\\/\"]}]},{\"@type\":\"BreadcrumbList\",\"@id\":\"https:\\\/\\\/discotelsisal.com\\\/de\\\/das-unternehmen\\\/#breadcrumb\",\"itemListElement\":[{\"@type\":\"ListItem\",\"position\":1,\"name\":\"Home\",\"item\":\"https:\\\/\\\/discotelsisal.com\\\/de\\\/\"},{\"@type\":\"ListItem\",\"position\":2,\"name\":\"Das Unternehmen\"}]},{\"@type\":\"WebSite\",\"@id\":\"https:\\\/\\\/discotelsisal.com\\\/de\\\/#website\",\"url\":\"https:\\\/\\\/discotelsisal.com\\\/de\\\/\",\"name\":\"Discotelsisal\",\"description\":\"Sanding Solutions\",\"publisher\":{\"@id\":\"https:\\\/\\\/discotelsisal.com\\\/de\\\/#organization\"},\"potentialAction\":[{\"@type\":\"SearchAction\",\"target\":{\"@type\":\"EntryPoint\",\"urlTemplate\":\"https:\\\/\\\/discotelsisal.com\\\/de\\\/?s={search_term_string}\"},\"query-input\":{\"@type\":\"PropertyValueSpecification\",\"valueRequired\":true,\"valueName\":\"search_term_string\"}}],\"inLanguage\":\"de\"},{\"@type\":\"Organization\",\"@id\":\"https:\\\/\\\/discotelsisal.com\\\/de\\\/#organization\",\"name\":\"Discotelsisal\",\"url\":\"https:\\\/\\\/discotelsisal.com\\\/de\\\/\",\"logo\":{\"@type\":\"ImageObject\",\"inLanguage\":\"de\",\"@id\":\"https:\\\/\\\/discotelsisal.com\\\/de\\\/#\\\/schema\\\/logo\\\/image\\\/\",\"url\":\"https:\\\/\\\/discotelsisal.com\\\/wp-content\\\/uploads\\\/2021\\\/06\\\/logo-new-resize.png\",\"contentUrl\":\"https:\\\/\\\/discotelsisal.com\\\/wp-content\\\/uploads\\\/2021\\\/06\\\/logo-new-resize.png\",\"width\":644,\"height\":200,\"caption\":\"Discotelsisal\"},\"image\":{\"@id\":\"https:\\\/\\\/discotelsisal.com\\\/de\\\/#\\\/schema\\\/logo\\\/image\\\/\"}}]}<\/script>\n<!-- \/ Yoast SEO plugin. -->","yoast_head_json":{"title":"Das Unternehmen - Discotelsisal","description":"DISCOTELSISAL ist ein f\u00fchrendes Unternehmen in der Herstellung von Schleifmitteln und Schleifr\u00e4dern mit synthetischen und nat\u00fcrlichen Schleifmitteln.","robots":{"index":"index","follow":"follow","max-snippet":"max-snippet:-1","max-image-preview":"max-image-preview:large","max-video-preview":"max-video-preview:-1"},"canonical":"https:\/\/discotelsisal.com\/de\/das-unternehmen\/","og_locale":"de_DE","og_type":"article","og_title":"Das Unternehmen - Discotelsisal","og_description":"DISCOTELSISAL ist ein f\u00fchrendes Unternehmen in der Herstellung von Schleifmitteln und Schleifr\u00e4dern mit synthetischen und nat\u00fcrlichen Schleifmitteln.","og_url":"https:\/\/discotelsisal.com\/de\/das-unternehmen\/","og_site_name":"Discotelsisal","article_modified_time":"2023-04-03T10:15:42+00:00","twitter_card":"summary_large_image","twitter_misc":{"Gesch\u00e4tzte Lesezeit":"1\u00a0Minute"},"schema":{"@context":"https:\/\/schema.org","@graph":[{"@type":"WebPage","@id":"https:\/\/discotelsisal.com\/de\/das-unternehmen\/","url":"https:\/\/discotelsisal.com\/de\/das-unternehmen\/","name":"Das Unternehmen - Discotelsisal","isPartOf":{"@id":"https:\/\/discotelsisal.com\/de\/#website"},"datePublished":"2023-03-14T11:19:45+00:00","dateModified":"2023-04-03T10:15:42+00:00","description":"DISCOTELSISAL ist ein f\u00fchrendes Unternehmen in der Herstellung von Schleifmitteln und Schleifr\u00e4dern mit synthetischen und nat\u00fcrlichen Schleifmitteln.","breadcrumb":{"@id":"https:\/\/discotelsisal.com\/de\/das-unternehmen\/#breadcrumb"},"inLanguage":"de","potentialAction":[{"@type":"ReadAction","target":["https:\/\/discotelsisal.com\/de\/das-unternehmen\/"]}]},{"@type":"BreadcrumbList","@id":"https:\/\/discotelsisal.com\/de\/das-unternehmen\/#breadcrumb","itemListElement":[{"@type":"ListItem","position":1,"name":"Home","item":"https:\/\/discotelsisal.com\/de\/"},{"@type":"ListItem","position":2,"name":"Das Unternehmen"}]},{"@type":"WebSite","@id":"https:\/\/discotelsisal.com\/de\/#website","url":"https:\/\/discotelsisal.com\/de\/","name":"Discotelsisal","description":"Sanding Solutions","publisher":{"@id":"https:\/\/discotelsisal.com\/de\/#organization"},"potentialAction":[{"@type":"SearchAction","target":{"@type":"EntryPoint","urlTemplate":"https:\/\/discotelsisal.com\/de\/?s={search_term_string}"},"query-input":{"@type":"PropertyValueSpecification","valueRequired":true,"valueName":"search_term_string"}}],"inLanguage":"de"},{"@type":"Organization","@id":"https:\/\/discotelsisal.com\/de\/#organization","name":"Discotelsisal","url":"https:\/\/discotelsisal.com\/de\/","logo":{"@type":"ImageObject","inLanguage":"de","@id":"https:\/\/discotelsisal.com\/de\/#\/schema\/logo\/image\/","url":"https:\/\/discotelsisal.com\/wp-content\/uploads\/2021\/06\/logo-new-resize.png","contentUrl":"https:\/\/discotelsisal.com\/wp-content\/uploads\/2021\/06\/logo-new-resize.png","width":644,"height":200,"caption":"Discotelsisal"},"image":{"@id":"https:\/\/discotelsisal.com\/de\/#\/schema\/logo\/image\/"}}]}},"_links":{"self":[{"href":"https:\/\/discotelsisal.com\/de\/wp-json\/wp\/v2\/pages\/10945","targetHints":{"allow":["GET"]}}],"collection":[{"href":"https:\/\/discotelsisal.com\/de\/wp-json\/wp\/v2\/pages"}],"about":[{"href":"https:\/\/discotelsisal.com\/de\/wp-json\/wp\/v2\/types\/page"}],"author":[{"embeddable":true,"href":"https:\/\/discotelsisal.com\/de\/wp-json\/wp\/v2\/users\/5"}],"replies":[{"embeddable":true,"href":"https:\/\/discotelsisal.com\/de\/wp-json\/wp\/v2\/comments?post=10945"}],"version-history":[{"count":4,"href":"https:\/\/discotelsisal.com\/de\/wp-json\/wp\/v2\/pages\/10945\/revisions"}],"predecessor-version":[{"id":11167,"href":"https:\/\/discotelsisal.com\/de\/wp-json\/wp\/v2\/pages\/10945\/revisions\/11167"}],"wp:attachment":[{"href":"https:\/\/discotelsisal.com\/de\/wp-json\/wp\/v2\/media?parent=10945"}],"curies":[{"name":"wp","href":"https:\/\/api.w.org\/{rel}","templated":true}]}}