{"id":10940,"date":"2023-03-14T10:58:53","date_gmt":"2023-03-14T10:58:53","guid":{"rendered":"https:\/\/discotelsisal.com\/?page_id=10940"},"modified":"2026-04-13T09:24:57","modified_gmt":"2026-04-13T09:24:57","slug":"messen","status":"publish","type":"page","link":"https:\/\/discotelsisal.com\/de\/messen\/","title":{"rendered":"Messen"},"content":{"rendered":"<div class=\"wpb-content-wrapper\"><p>[vc_row disable_background_image=&#8220;&#8220; simple_background_color=&#8220;#056133&#8243;][vc_column]<div class=\"mkdf-elements-holder   mkdf-one-column  mkdf-responsive-mode-768 \" ><div class=\"mkdf-eh-item   mkdf-horizontal-alignment-center \"  data-item-class=\"mkdf-eh-custom-3737\">\n\t<div class=\"mkdf-eh-item-inner\">\n\t\t<div class=\"mkdf-eh-item-content mkdf-eh-custom-3737\" style=\"padding: 40px 0px 40px 0px\">\n\t\t\t<div class=\"mkdf-section-title-holder title-split-style   mkdf-has-appear-animation\" >\n\t<div class=\"mkdf-st-inner\">\n\t\t\t\t\t\t<h1 class=\"mkdf-st-title\" style=\"color: #ffffff\">\n\t\t\t\t\t\t\t\t\tMESSEN\t\t\t\t\t\t\t<\/h1>\n\t\t\t\t\t\t\t<\/div>\n<\/div>\t\t<\/div>\n\t<\/div>\n<\/div><\/div>[\/vc_column][\/vc_row][vc_row row_content_width=&#8220;grid&#8220; disable_background_image=&#8220;1024&#8243; css=&#8220;.vc_custom_1626183022531{padding-top: 60px !important;padding-bottom: 82px !important;}&#8220;][vc_column][vc_column_text]DISCOTELSISAL wird auf den folgenden Messen vertreten sein:[\/vc_column_text][vc_empty_space][vc_row_inner gap=&#8220;30&#8243;][vc_column_inner width=&#8220;1\/3&#8243;][vc_single_image image=&#8220;10471&#8243;][vc_column_text]<\/p>\n<h4><strong>IHF 2026<\/strong><\/h4>\n<p><em>3 &#8211; 6. M\u00e4rz 2026<br \/>\n<\/em><em>(K\u00f6ln, Deutschland)<\/em><\/p>\n<p>Halle 10.2, stand F091<\/p>\n<p>Die weltweit f\u00fchrende Messe, die alle wichtigen Akteure der Branche zusammenbringt. \u00dcber 3.200 Aussteller aus der ganzen Welt und mehr als 38.000 Fachleute aus 133 L\u00e4ndern pr\u00e4sentieren ihre neuesten Produkte und Innovationen: von Werkzeugen und Zubeh\u00f6r bis hin zu Bau- und Heimwerkerbedarf und Befestigungstechnologien.[\/vc_column_text][vc_empty_space height=&#8220;10px&#8220;]<a itemprop=\"url\" href=\"https:\/\/www.koelnmesse.it\/ihf\/home\/index.php\" target=\"_blank\" style=\"color: #056133;border-color: #056133\" class=\"mkdf-btn mkdf-btn-small mkdf-btn-outline mkdf-btn-custom-hover-bg mkdf-btn-custom-border-hover mkdf-btn-custom-hover-color\" data-hover-color=\"#000000\" data-hover-bg-color=\"#ffffff\" data-hover-border-color=\"#000000\" >\n            <span class=\"mkdf-btn-text\">erfahren Sie mehr<\/span>\n        <i class=\"mkdf-icon-dripicons dripicon  \" ><\/i>    <\/a>[\/vc_column_inner][vc_column_inner width=&#8220;1\/3&#8243;][vc_single_image image=&#8220;16914&#8243;][vc_column_text css=&#8220;&#8220;]<\/p>\n<h4><strong>TECNA 2026<\/strong><\/h4>\n<p><em>22 &#8211; 25. September 2026<br \/>\n(Rimini, Italien)<\/em><\/p>\n<p>Halle B3, stand 304<\/p>\n<p>TECNA &#8211; The Global Expo for Ceramics and more &#8211; verbindet die globale Keramik- und Oberfl\u00e4chenindustrie und treibt Innovation und digitale Transformation voran.<br \/>\nEntdecken Sie auf der Messe die neuesten Technologien und L\u00f6sungen f\u00fcr Design, Produktion und Nachhaltigkeit im Zentrum der Entwicklung des Sektors.[\/vc_column_text][vc_empty_space height=&#8220;10px&#8220;]<a itemprop=\"url\" href=\"https:\/\/en.tecnaexpo.com\/\" target=\"_blank\" style=\"color: #056133;border-color: #056133\" class=\"mkdf-btn mkdf-btn-small mkdf-btn-outline mkdf-btn-custom-hover-bg mkdf-btn-custom-border-hover mkdf-btn-custom-hover-color\" data-hover-color=\"#000000\" data-hover-bg-color=\"#ffffff\" data-hover-border-color=\"#000000\" >\n            <span class=\"mkdf-btn-text\">erfahren Sie mehr<\/span>\n        <i class=\"mkdf-icon-dripicons dripicon  \" ><\/i>    <\/a>[\/vc_column_inner][vc_column_inner width=&#8220;1\/3&#8243;][vc_single_image image=&#8220;10931&#8243; css=&#8220;&#8220;][vc_column_text css=&#8220;&#8220;]<\/p>\n<h4><strong>FAMAART 2026<\/strong><\/h4>\n<p><em>1 &#8211; 3 Oktober 2026<br \/>\n(Bologna, Italy)<\/em><\/p>\n<p>FamaArt ist die wichtigste europ\u00e4ische Messe f\u00fcr den Bereich der Rahmen, der grafischen K\u00fcnste und der damit verbundenen Maschinen, organisiert von BolognaFiere unter der Schirmherrschaft von FAMA International.[\/vc_column_text][vc_empty_space height=&#8220;10px&#8220;]<a itemprop=\"url\" href=\"https:\/\/www.famaart.it\/en\/home\/2070.html\" target=\"_blank\" style=\"color: #056133;border-color: #056133\" class=\"mkdf-btn mkdf-btn-small mkdf-btn-outline mkdf-btn-custom-hover-bg mkdf-btn-custom-border-hover mkdf-btn-custom-hover-color\" data-hover-color=\"#000000\" data-hover-bg-color=\"#ffffff\" data-hover-border-color=\"#000000\" >\n            <span class=\"mkdf-btn-text\">erfahren Sie mehr<\/span>\n        <i class=\"mkdf-icon-dripicons dripicon  \" ><\/i>    <\/a>[\/vc_column_inner][\/vc_row_inner][\/vc_column][\/vc_row]<\/p>\n<\/div>","protected":false},"excerpt":{"rendered":"<p>[vc_row disable_background_image=&#8220;&#8220; simple_background_color=&#8220;#056133&#8243;][vc_column][\/vc_column][\/vc_row][vc_row row_content_width=&#8220;grid&#8220; disable_background_image=&#8220;1024&#8243; css=&#8220;.vc_custom_1626183022531{padding-top: 60px !important;padding-bottom: 82px !important;}&#8220;][vc_column][vc_column_text]DISCOTELSISAL wird auf den folgenden Messen vertreten sein:[\/vc_column_text][vc_empty_space][vc_row_inner gap=&#8220;30&#8243;][vc_column_inner width=&#8220;1\/3&#8243;][vc_single_image image=&#8220;10471&#8243;][vc_column_text] IHF 2026 3 &#8211; 6. M\u00e4rz 2026 (K\u00f6ln, Deutschland) Halle 10.2, stand F091 Die weltweit f\u00fchrende Messe, die alle wichtigen Akteure der Branche zusammenbringt. \u00dcber 3.200 Aussteller aus der ganzen Welt [&hellip;]<\/p>\n","protected":false},"author":5,"featured_media":0,"parent":0,"menu_order":0,"comment_status":"closed","ping_status":"closed","template":"full-width.php","meta":{"footnotes":""},"class_list":["post-10940","page","type-page","status-publish","hentry"],"yoast_head":"<!-- This site is optimized with the Yoast SEO plugin v27.4 - https:\/\/yoast.com\/product\/yoast-seo-wordpress\/ -->\n<title>Messen - Discotelsisal<\/title>\n<meta name=\"description\" content=\"DISCOTELSISAL wird auf den wichtigsten nationalen und internationalen Fachmessen vertreten sein.\" \/>\n<meta name=\"robots\" content=\"index, follow, max-snippet:-1, max-image-preview:large, max-video-preview:-1\" \/>\n<link rel=\"canonical\" href=\"https:\/\/discotelsisal.com\/de\/messen\/\" \/>\n<meta property=\"og:locale\" content=\"de_DE\" \/>\n<meta property=\"og:type\" content=\"article\" \/>\n<meta property=\"og:title\" content=\"Messen - Discotelsisal\" \/>\n<meta property=\"og:description\" content=\"DISCOTELSISAL wird auf den wichtigsten nationalen und internationalen Fachmessen vertreten sein.\" \/>\n<meta property=\"og:url\" content=\"https:\/\/discotelsisal.com\/de\/messen\/\" \/>\n<meta property=\"og:site_name\" content=\"Discotelsisal\" \/>\n<meta property=\"article:modified_time\" content=\"2026-04-13T09:24:57+00:00\" \/>\n<meta name=\"twitter:card\" content=\"summary_large_image\" \/>\n<meta name=\"twitter:label1\" content=\"Gesch\u00e4tzte Lesezeit\" \/>\n\t<meta name=\"twitter:data1\" content=\"3\u00a0Minuten\" \/>\n<script type=\"application\/ld+json\" class=\"yoast-schema-graph\">{\"@context\":\"https:\\\/\\\/schema.org\",\"@graph\":[{\"@type\":\"WebPage\",\"@id\":\"https:\\\/\\\/discotelsisal.com\\\/de\\\/messen\\\/\",\"url\":\"https:\\\/\\\/discotelsisal.com\\\/de\\\/messen\\\/\",\"name\":\"Messen - Discotelsisal\",\"isPartOf\":{\"@id\":\"https:\\\/\\\/discotelsisal.com\\\/de\\\/#website\"},\"datePublished\":\"2023-03-14T10:58:53+00:00\",\"dateModified\":\"2026-04-13T09:24:57+00:00\",\"description\":\"DISCOTELSISAL wird auf den wichtigsten nationalen und internationalen Fachmessen vertreten sein.\",\"breadcrumb\":{\"@id\":\"https:\\\/\\\/discotelsisal.com\\\/de\\\/messen\\\/#breadcrumb\"},\"inLanguage\":\"de\",\"potentialAction\":[{\"@type\":\"ReadAction\",\"target\":[\"https:\\\/\\\/discotelsisal.com\\\/de\\\/messen\\\/\"]}]},{\"@type\":\"BreadcrumbList\",\"@id\":\"https:\\\/\\\/discotelsisal.com\\\/de\\\/messen\\\/#breadcrumb\",\"itemListElement\":[{\"@type\":\"ListItem\",\"position\":1,\"name\":\"Home\",\"item\":\"https:\\\/\\\/discotelsisal.com\\\/de\\\/\"},{\"@type\":\"ListItem\",\"position\":2,\"name\":\"Messen\"}]},{\"@type\":\"WebSite\",\"@id\":\"https:\\\/\\\/discotelsisal.com\\\/de\\\/#website\",\"url\":\"https:\\\/\\\/discotelsisal.com\\\/de\\\/\",\"name\":\"Discotelsisal\",\"description\":\"Sanding Solutions\",\"publisher\":{\"@id\":\"https:\\\/\\\/discotelsisal.com\\\/de\\\/#organization\"},\"potentialAction\":[{\"@type\":\"SearchAction\",\"target\":{\"@type\":\"EntryPoint\",\"urlTemplate\":\"https:\\\/\\\/discotelsisal.com\\\/de\\\/?s={search_term_string}\"},\"query-input\":{\"@type\":\"PropertyValueSpecification\",\"valueRequired\":true,\"valueName\":\"search_term_string\"}}],\"inLanguage\":\"de\"},{\"@type\":\"Organization\",\"@id\":\"https:\\\/\\\/discotelsisal.com\\\/de\\\/#organization\",\"name\":\"Discotelsisal\",\"url\":\"https:\\\/\\\/discotelsisal.com\\\/de\\\/\",\"logo\":{\"@type\":\"ImageObject\",\"inLanguage\":\"de\",\"@id\":\"https:\\\/\\\/discotelsisal.com\\\/de\\\/#\\\/schema\\\/logo\\\/image\\\/\",\"url\":\"https:\\\/\\\/discotelsisal.com\\\/wp-content\\\/uploads\\\/2021\\\/06\\\/logo-new-resize.png\",\"contentUrl\":\"https:\\\/\\\/discotelsisal.com\\\/wp-content\\\/uploads\\\/2021\\\/06\\\/logo-new-resize.png\",\"width\":644,\"height\":200,\"caption\":\"Discotelsisal\"},\"image\":{\"@id\":\"https:\\\/\\\/discotelsisal.com\\\/de\\\/#\\\/schema\\\/logo\\\/image\\\/\"}}]}<\/script>\n<!-- \/ Yoast SEO plugin. -->","yoast_head_json":{"title":"Messen - Discotelsisal","description":"DISCOTELSISAL wird auf den wichtigsten nationalen und internationalen Fachmessen vertreten sein.","robots":{"index":"index","follow":"follow","max-snippet":"max-snippet:-1","max-image-preview":"max-image-preview:large","max-video-preview":"max-video-preview:-1"},"canonical":"https:\/\/discotelsisal.com\/de\/messen\/","og_locale":"de_DE","og_type":"article","og_title":"Messen - Discotelsisal","og_description":"DISCOTELSISAL wird auf den wichtigsten nationalen und internationalen Fachmessen vertreten sein.","og_url":"https:\/\/discotelsisal.com\/de\/messen\/","og_site_name":"Discotelsisal","article_modified_time":"2026-04-13T09:24:57+00:00","twitter_card":"summary_large_image","twitter_misc":{"Gesch\u00e4tzte Lesezeit":"3\u00a0Minuten"},"schema":{"@context":"https:\/\/schema.org","@graph":[{"@type":"WebPage","@id":"https:\/\/discotelsisal.com\/de\/messen\/","url":"https:\/\/discotelsisal.com\/de\/messen\/","name":"Messen - Discotelsisal","isPartOf":{"@id":"https:\/\/discotelsisal.com\/de\/#website"},"datePublished":"2023-03-14T10:58:53+00:00","dateModified":"2026-04-13T09:24:57+00:00","description":"DISCOTELSISAL wird auf den wichtigsten nationalen und internationalen Fachmessen vertreten sein.","breadcrumb":{"@id":"https:\/\/discotelsisal.com\/de\/messen\/#breadcrumb"},"inLanguage":"de","potentialAction":[{"@type":"ReadAction","target":["https:\/\/discotelsisal.com\/de\/messen\/"]}]},{"@type":"BreadcrumbList","@id":"https:\/\/discotelsisal.com\/de\/messen\/#breadcrumb","itemListElement":[{"@type":"ListItem","position":1,"name":"Home","item":"https:\/\/discotelsisal.com\/de\/"},{"@type":"ListItem","position":2,"name":"Messen"}]},{"@type":"WebSite","@id":"https:\/\/discotelsisal.com\/de\/#website","url":"https:\/\/discotelsisal.com\/de\/","name":"Discotelsisal","description":"Sanding Solutions","publisher":{"@id":"https:\/\/discotelsisal.com\/de\/#organization"},"potentialAction":[{"@type":"SearchAction","target":{"@type":"EntryPoint","urlTemplate":"https:\/\/discotelsisal.com\/de\/?s={search_term_string}"},"query-input":{"@type":"PropertyValueSpecification","valueRequired":true,"valueName":"search_term_string"}}],"inLanguage":"de"},{"@type":"Organization","@id":"https:\/\/discotelsisal.com\/de\/#organization","name":"Discotelsisal","url":"https:\/\/discotelsisal.com\/de\/","logo":{"@type":"ImageObject","inLanguage":"de","@id":"https:\/\/discotelsisal.com\/de\/#\/schema\/logo\/image\/","url":"https:\/\/discotelsisal.com\/wp-content\/uploads\/2021\/06\/logo-new-resize.png","contentUrl":"https:\/\/discotelsisal.com\/wp-content\/uploads\/2021\/06\/logo-new-resize.png","width":644,"height":200,"caption":"Discotelsisal"},"image":{"@id":"https:\/\/discotelsisal.com\/de\/#\/schema\/logo\/image\/"}}]}},"_links":{"self":[{"href":"https:\/\/discotelsisal.com\/de\/wp-json\/wp\/v2\/pages\/10940","targetHints":{"allow":["GET"]}}],"collection":[{"href":"https:\/\/discotelsisal.com\/de\/wp-json\/wp\/v2\/pages"}],"about":[{"href":"https:\/\/discotelsisal.com\/de\/wp-json\/wp\/v2\/types\/page"}],"author":[{"embeddable":true,"href":"https:\/\/discotelsisal.com\/de\/wp-json\/wp\/v2\/users\/5"}],"replies":[{"embeddable":true,"href":"https:\/\/discotelsisal.com\/de\/wp-json\/wp\/v2\/comments?post=10940"}],"version-history":[{"count":35,"href":"https:\/\/discotelsisal.com\/de\/wp-json\/wp\/v2\/pages\/10940\/revisions"}],"predecessor-version":[{"id":16970,"href":"https:\/\/discotelsisal.com\/de\/wp-json\/wp\/v2\/pages\/10940\/revisions\/16970"}],"wp:attachment":[{"href":"https:\/\/discotelsisal.com\/de\/wp-json\/wp\/v2\/media?parent=10940"}],"curies":[{"name":"wp","href":"https:\/\/api.w.org\/{rel}","templated":true}]}}